{"id":2526,"date":"2024-02-21T12:02:47","date_gmt":"2024-02-21T12:02:47","guid":{"rendered":"https:\/\/cabarplast.com\/sample-page\/"},"modified":"2024-09-17T09:32:41","modified_gmt":"2024-09-17T09:32:41","slug":"sample-page","status":"publish","type":"page","link":"https:\/\/cabarplast.com\/sq\/","title":{"rendered":"Faqja kryesore"},"content":{"rendered":"<div class=\"wpb-content-wrapper\"><p>[vc_row full_width=&#8221;stretch_row_content_no_spaces&#8221;][vc_column][vc_column_text]<img loading=\"lazy\" decoding=\"async\" class=\"aligncenter wp-image-885 size-full\" src=\"https:\/\/cabarplast.com\/wp-content\/uploads\/2024\/03\/cabar-plast-slide-1.jpg\" alt=\"\" width=\"1920\" height=\"600\" srcset=\"https:\/\/cabarplast.com\/wp-content\/uploads\/2024\/03\/cabar-plast-slide-1.jpg 1920w, https:\/\/cabarplast.com\/wp-content\/uploads\/2024\/03\/cabar-plast-slide-1-300x94.jpg 300w, https:\/\/cabarplast.com\/wp-content\/uploads\/2024\/03\/cabar-plast-slide-1-1024x320.jpg 1024w, https:\/\/cabarplast.com\/wp-content\/uploads\/2024\/03\/cabar-plast-slide-1-768x240.jpg 768w, https:\/\/cabarplast.com\/wp-content\/uploads\/2024\/03\/cabar-plast-slide-1-1536x480.jpg 1536w\" sizes=\"auto, (max-width: 1920px) 100vw, 1920px\" \/>[\/vc_column_text][\/vc_column][\/vc_row][vc_row full_width=&#8221;stretch_row_content_no_spaces&#8221;][vc_column css_animation=&#8221;fadeInLeft&#8221; css=&#8221;.vc_custom_1710282701109{margin-top: -50px !important;border-radius: 10px !important;}&#8221; offset=&#8221;vc_hidden-sm vc_hidden-xs&#8221;][vc_column_text css_animation=&#8221;none&#8221; css=&#8221;.vc_custom_1710282681664{padding-right: 10px !important;padding-left: 10px !important;}&#8221;]<img loading=\"lazy\" decoding=\"async\" class=\"aligncenter wp-image-235 size-full\" src=\"https:\/\/cabarplast.com\/wp-content\/uploads\/2024\/03\/dole-pozadina.png\" alt=\"\" width=\"1919\" height=\"50\" srcset=\"https:\/\/cabarplast.com\/wp-content\/uploads\/2024\/03\/dole-pozadina.png 1919w, https:\/\/cabarplast.com\/wp-content\/uploads\/2024\/03\/dole-pozadina-300x8.png 300w, https:\/\/cabarplast.com\/wp-content\/uploads\/2024\/03\/dole-pozadina-1024x27.png 1024w, https:\/\/cabarplast.com\/wp-content\/uploads\/2024\/03\/dole-pozadina-768x20.png 768w, https:\/\/cabarplast.com\/wp-content\/uploads\/2024\/03\/dole-pozadina-1536x40.png 1536w\" sizes=\"auto, (max-width: 1919px) 100vw, 1919px\" \/>[\/vc_column_text][vc_empty_space height=&#8221;30&#8243;][\/vc_column][\/vc_row][vc_row][vc_column css_animation=&#8221;fadeInLeft&#8221; css=&#8221;.vc_custom_1713004465559{border-radius: 10px !important;}&#8221;][vc_column_text css_animation=&#8221;none&#8221; css=&#8221;.vc_custom_1726564933675{padding-right: 30px !important;padding-left: 30px !important;}&#8221;]<\/p>\n<h1><strong>\u010cABAR<\/strong> PLAST &#8211; Prodhimi i cisternave plastike<\/h1>\n<p><img loading=\"lazy\" decoding=\"async\" class=\"alignnone wp-image-961 size-full\" src=\"https:\/\/cabarplast.com\/wp-content\/uploads\/2024\/04\/linija-1.jpg\" alt=\"\" width=\"121\" height=\"7\" \/>[\/vc_column_text][vc_empty_space height=&#8221;30&#8243;][\/vc_column][\/vc_row][vc_row][vc_column css_animation=&#8221;fadeInLeft&#8221; width=&#8221;1\/2&#8243; css=&#8221;.vc_custom_1714470341282{padding-right: 30px !important;padding-left: 30px !important;background-color: #ffffff !important;border-radius: 10px !important;}&#8221;][vc_column_text css_animation=&#8221;none&#8221; css=&#8221;&#8221;]<\/p>\n<p style=\"text-align: justify;\">\u010cabar Plast \u00ebsht\u00eb nj\u00eb kompani familjare e specializuar n\u00eb prodhimin e produkteve plastike si rezervuar\u00ebt, kazanet dhe tubat, duke p\u00ebrdorur teknologjin\u00eb e avancuar t\u00eb ekstrudimit spiral nga polietileni dhe polipropileni.<\/p>\n<p style=\"text-align: justify;\">Duke p\u00ebrdorur materiale t\u00eb sigurta p\u00ebr sh\u00ebndetin dhe mjedisin, gama jon\u00eb e produkteve premton q\u00ebndrueshm\u00ebri t\u00eb jasht\u00ebzakonshme, rezistenc\u00eb ndaj ndikimeve t\u00eb jashtme dhe jet\u00ebgjat\u00ebsi, duke e b\u00ebr\u00eb &#8220;\u010cabar Plast&#8221; nj\u00eb partner t\u00eb besuesh\u00ebm p\u00ebr sht\u00ebpin\u00eb dhe biznesin tuaj.<br \/>\n[\/vc_column_text][vc_empty_space height=&#8221;30&#8243;]<a href=\"https:\/\/cabarplast.com\/sq\/kontakt\/\" class=\"btn-shortcode dt-btn-m dt-btn default-btn-color default-btn-hover-color default-btn-bg-color default-btn-bg-hover-color\" id=\"dt-btn-1\"><span>Na kontaktoni<\/span><\/a>[\/vc_column][vc_column width=&#8221;1\/2&#8243;][vc_column_text css=&#8221;.vc_custom_1713003125414{padding-right: 30px !important;padding-bottom: 30px !important;padding-left: 30px !important;}&#8221;]<img loading=\"lazy\" decoding=\"async\" class=\"aligncenter wp-image-963\" src=\"https:\/\/cabarplast.com\/wp-content\/uploads\/2024\/04\/O-nama-\u2013-CABAR-PLAST-1-300x225.jpg\" alt=\"\" width=\"600\" height=\"450\" srcset=\"https:\/\/cabarplast.com\/wp-content\/uploads\/2024\/04\/O-nama-\u2013-CABAR-PLAST-1-300x225.jpg 300w, https:\/\/cabarplast.com\/wp-content\/uploads\/2024\/04\/O-nama-\u2013-CABAR-PLAST-1-768x576.jpg 768w, https:\/\/cabarplast.com\/wp-content\/uploads\/2024\/04\/O-nama-\u2013-CABAR-PLAST-1.jpg 800w\" sizes=\"auto, (max-width: 600px) 100vw, 600px\" \/>[\/vc_column_text][\/vc_column][\/vc_row][vc_row][vc_column][vc_column_text css=&#8221;.vc_custom_1726565005187{padding-top: 30px !important;padding-right: 30px !important;padding-bottom: 30px !important;padding-left: 30px !important;background-color: #0e415f !important;border-radius: 10px !important;}&#8221;]<\/p>\n<h2><span style=\"color: #fcb426;\">Rreth nesh<\/span><\/h2>\n<p style=\"text-align: justify;\"><span style=\"color: #ffffff;\">&#8220;\u010cabar Plast&#8221; u themelua n\u00eb vitin 2013 si nj\u00eb kompani familjare me tradit\u00eb dhe inovacion n\u00eb zem\u00ebr t\u00eb Plu\u017eac, Ose\u010dina.<\/span><\/p>\n<p style=\"text-align: justify;\"><span style=\"color: #fcb426;\">Misioni<\/span> <span style=\"color: #ffffff;\"> yn\u00eb \u00ebsht\u00eb ofrimi i zgjidhjeve plastike cil\u00ebsore q\u00eb p\u00ebrmir\u00ebsojn\u00eb jet\u00ebn e p\u00ebrditshme dhe biznesin, nd\u00ebrsa vizioni yn\u00eb synon vendosjen e standardeve t\u00eb reja n\u00eb industri p\u00ebrmes inovacioneve t\u00eb vazhdueshme dhe zhvillimit t\u00eb q\u00ebndruesh\u00ebm. Me theks t\u00eb ve\u00e7ant\u00eb n\u00eb p\u00ebrvoj\u00ebn dhe p\u00ebrkushtimin ndaj cil\u00ebsis\u00eb, ne jemi t\u00eb p\u00ebrkushtuar n\u00eb prodhimin e produkteve q\u00eb garantojn\u00eb siguri, jet\u00ebgjat\u00ebsi dhe k\u00ebnaq\u00ebsin\u00eb e klient\u00ebve tan\u00eb.<\/span><\/p>\n<p>[\/vc_column_text][\/vc_column][\/vc_row][vc_row][vc_column css_animation=&#8221;fadeInLeft&#8221; css=&#8221;.vc_custom_1710282944831{background-color: #ffffff !important;border-radius: 10px !important;}&#8221; offset=&#8221;vc_hidden-sm vc_hidden-xs&#8221;][vc_column_text css_animation=&#8221;none&#8221; css=&#8221;.vc_custom_1726565025546{padding-right: 30px !important;padding-left: 30px !important;}&#8221;]<\/p>\n<h2><strong>Produktet<\/strong> tona<\/h2>\n<p>Gama jon\u00eb p\u00ebrfshin nj\u00eb gam\u00eb t\u00eb gjer\u00eb produktesh t\u00eb b\u00ebra nga polietileni dhe polipropileni, t\u00eb dizajnuara p\u00ebr t\u00eb p\u00ebrmbushur nevoja dhe aplikime t\u00eb ndryshme.<br \/>\n[\/vc_column_text][vc_empty_space height=&#8221;30&#8243;][\/vc_column][\/vc_row][vc_row][vc_column width=&#8221;1\/3&#8243;][vc_column_text css=&#8221;&#8221;]<a href=\"https:\/\/cabarplast.com\/sq\/rezervuaret-plastike\/\"><img loading=\"lazy\" decoding=\"async\" class=\"aligncenter wp-image-987\" src=\"https:\/\/cabarplast.com\/wp-content\/uploads\/2024\/04\/Cisterne-za-vodu-\u2013-kapacitet-10000L-3-300x300.jpg\" alt=\"\" width=\"600\" height=\"600\" srcset=\"https:\/\/cabarplast.com\/wp-content\/uploads\/2024\/04\/Cisterne-za-vodu-\u2013-kapacitet-10000L-3-300x300.jpg 300w, https:\/\/cabarplast.com\/wp-content\/uploads\/2024\/04\/Cisterne-za-vodu-\u2013-kapacitet-10000L-3-1024x1024.jpg 1024w, https:\/\/cabarplast.com\/wp-content\/uploads\/2024\/04\/Cisterne-za-vodu-\u2013-kapacitet-10000L-3-150x150.jpg 150w, https:\/\/cabarplast.com\/wp-content\/uploads\/2024\/04\/Cisterne-za-vodu-\u2013-kapacitet-10000L-3-768x768.jpg 768w, https:\/\/cabarplast.com\/wp-content\/uploads\/2024\/04\/Cisterne-za-vodu-\u2013-kapacitet-10000L-3.jpg 1080w\" sizes=\"auto, (max-width: 600px) 100vw, 600px\" \/><\/a><\/p>\n<p>&nbsp;<\/p>\n<p style=\"font-size: 25px;\"><strong>Cisterna<\/strong> Plastike<\/p>\n<p>Cisternat plastike jan\u00eb dizajnuar p\u00ebr ruajtjen dhe transportimin e l\u00ebngjeve.<\/p>\n<p>[\/vc_column_text][vc_empty_space height=&#8221;20&#8243;]<a href=\"https:\/\/cabarplast.com\/sq\/rezervuaret-plastike\/\" class=\"btn-shortcode dt-btn-s dt-btn default-btn-color default-btn-hover-color default-btn-bg-color default-btn-bg-hover-color\" id=\"dt-btn-2\"><span>Lexo m\u00eb shum\u00eb&#8230;<\/span><\/a>[vc_empty_space height=&#8221;20&#8243;][\/vc_column][vc_column width=&#8221;1\/3&#8243;][vc_column_text css=&#8221;&#8221;]<a href=\"https:\/\/cabarplast.com\/sq\/rezervuaret-horizontale-plastike\/\"><img loading=\"lazy\" decoding=\"async\" class=\"wp-image-631 aligncenter\" src=\"https:\/\/cabarplast.com\/wp-content\/uploads\/2024\/03\/Protivpozarni-plasticni-rezervoari-7-300x300.jpg\" alt=\"\" width=\"600\" height=\"600\" srcset=\"https:\/\/cabarplast.com\/wp-content\/uploads\/2024\/03\/Protivpozarni-plasticni-rezervoari-7-300x300.jpg 300w, https:\/\/cabarplast.com\/wp-content\/uploads\/2024\/03\/Protivpozarni-plasticni-rezervoari-7-1024x1024.jpg 1024w, https:\/\/cabarplast.com\/wp-content\/uploads\/2024\/03\/Protivpozarni-plasticni-rezervoari-7-150x150.jpg 150w, https:\/\/cabarplast.com\/wp-content\/uploads\/2024\/03\/Protivpozarni-plasticni-rezervoari-7-768x768.jpg 768w, https:\/\/cabarplast.com\/wp-content\/uploads\/2024\/03\/Protivpozarni-plasticni-rezervoari-7.jpg 1080w\" sizes=\"auto, (max-width: 600px) 100vw, 600px\" \/><\/a><\/p>\n<p>&nbsp;<\/p>\n<p style=\"font-size: 25px;\"><strong>Rezervuar\u00eb<\/strong> Plastike<\/p>\n<p>Rezervuar\u00ebt plastik\u00eb jan\u00eb t\u00eb destinuara p\u00ebr ruajtjen e l\u00ebngjeve t\u00eb ndryshme.<br \/>\n[\/vc_column_text][vc_empty_space height=&#8221;20&#8243;]<a href=\"https:\/\/cabarplast.com\/sq\/rezervuaret-horizontale-plastike\/\" class=\"btn-shortcode dt-btn-s dt-btn default-btn-color default-btn-hover-color default-btn-bg-color default-btn-bg-hover-color\" id=\"dt-btn-3\"><span>Lexo m\u00eb shum\u00eb&#8230;<\/span><\/a>[vc_empty_space height=&#8221;20&#8243;][\/vc_column][vc_column width=&#8221;1\/3&#8243;][vc_column_text css=&#8221;&#8221;]<a href=\"https:\/\/cabarplast.com\/sq\/impiantet-per-trajtimin-e-ujerave-te-zeza\/\"><img loading=\"lazy\" decoding=\"async\" class=\"aligncenter wp-image-984\" src=\"https:\/\/cabarplast.com\/wp-content\/uploads\/2024\/04\/Precistaci-otpadnih-Voda-1-1-300x300.jpg\" alt=\"\" width=\"600\" height=\"600\" srcset=\"https:\/\/cabarplast.com\/wp-content\/uploads\/2024\/04\/Precistaci-otpadnih-Voda-1-1-300x300.jpg 300w, https:\/\/cabarplast.com\/wp-content\/uploads\/2024\/04\/Precistaci-otpadnih-Voda-1-1-1024x1024.jpg 1024w, https:\/\/cabarplast.com\/wp-content\/uploads\/2024\/04\/Precistaci-otpadnih-Voda-1-1-150x150.jpg 150w, https:\/\/cabarplast.com\/wp-content\/uploads\/2024\/04\/Precistaci-otpadnih-Voda-1-1-768x768.jpg 768w, https:\/\/cabarplast.com\/wp-content\/uploads\/2024\/04\/Precistaci-otpadnih-Voda-1-1.jpg 1080w\" sizes=\"auto, (max-width: 600px) 100vw, 600px\" \/><\/a><\/p>\n<p>&nbsp;<\/p>\n<p style=\"font-size: 25px;\"><strong>Pastrues<\/strong> t\u00eb Uj\u00ebrave t\u00eb Zeza<\/p>\n<p>Pastruesit e uj\u00ebrave t\u00eb zeza me sistem t\u00eb llumit aktiv.[\/vc_column_text][vc_empty_space height=&#8221;20&#8243;]<a href=\"https:\/\/cabarplast.com\/sq\/impiantet-per-trajtimin-e-ujerave-te-zeza\/\" class=\"btn-shortcode dt-btn-s dt-btn default-btn-color default-btn-hover-color default-btn-bg-color default-btn-bg-hover-color\" id=\"dt-btn-4\"><span>Lexo m\u00eb shum\u00eb&#8230;<\/span><\/a>[vc_empty_space height=&#8221;20&#8243;][\/vc_column][\/vc_row][vc_row][vc_column width=&#8221;1\/3&#8243;][vc_column_text css=&#8221;&#8221;]<a href=\"https:\/\/cabarplast.com\/sq\/cmimi-i-fosave-septike-plastike\/\"><img loading=\"lazy\" decoding=\"async\" class=\"alignnone wp-image-989\" src=\"https:\/\/cabarplast.com\/wp-content\/uploads\/2024\/04\/Septicke-jame-7-1-300x300.jpg\" alt=\"\" width=\"600\" height=\"600\" srcset=\"https:\/\/cabarplast.com\/wp-content\/uploads\/2024\/04\/Septicke-jame-7-1-300x300.jpg 300w, https:\/\/cabarplast.com\/wp-content\/uploads\/2024\/04\/Septicke-jame-7-1-1024x1024.jpg 1024w, https:\/\/cabarplast.com\/wp-content\/uploads\/2024\/04\/Septicke-jame-7-1-150x150.jpg 150w, https:\/\/cabarplast.com\/wp-content\/uploads\/2024\/04\/Septicke-jame-7-1-768x768.jpg 768w, https:\/\/cabarplast.com\/wp-content\/uploads\/2024\/04\/Septicke-jame-7-1.jpg 1080w\" sizes=\"auto, (max-width: 600px) 100vw, 600px\" \/><\/a><\/p>\n<p>&nbsp;<\/p>\n<p style=\"font-size: 25px;\"><strong>Fosat septike<\/strong> plastike<\/p>\n<p>Zgjidhje ideale dhe e shpejt\u00eb p\u00ebr t\u00eb gjitha problemet me uj\u00ebrat e zeza.[\/vc_column_text][vc_empty_space height=&#8221;20&#8243;]<a href=\"https:\/\/cabarplast.com\/sq\/cmimi-i-fosave-septike-plastike\/\" class=\"btn-shortcode dt-btn-s dt-btn default-btn-color default-btn-hover-color default-btn-bg-color default-btn-bg-hover-color\" id=\"dt-btn-5\"><span>Lexo m\u00eb shum\u00eb&#8230;<\/span><\/a>[vc_empty_space height=&#8221;20&#8243;][\/vc_column][vc_column width=&#8221;1\/3&#8243;][vc_column_text css=&#8221;&#8221;]<a href=\"https:\/\/cabarplast.com\/sq\/puset-plastike\/\"><img loading=\"lazy\" decoding=\"async\" class=\"alignnone wp-image-991\" src=\"https:\/\/cabarplast.com\/wp-content\/uploads\/2024\/04\/Sahte-za-vodomere-1-300x300.jpg\" alt=\"\" width=\"600\" height=\"600\" srcset=\"https:\/\/cabarplast.com\/wp-content\/uploads\/2024\/04\/Sahte-za-vodomere-1-300x300.jpg 300w, https:\/\/cabarplast.com\/wp-content\/uploads\/2024\/04\/Sahte-za-vodomere-1-1024x1024.jpg 1024w, https:\/\/cabarplast.com\/wp-content\/uploads\/2024\/04\/Sahte-za-vodomere-1-150x150.jpg 150w, https:\/\/cabarplast.com\/wp-content\/uploads\/2024\/04\/Sahte-za-vodomere-1-768x768.jpg 768w, https:\/\/cabarplast.com\/wp-content\/uploads\/2024\/04\/Sahte-za-vodomere-1.jpg 1080w\" sizes=\"auto, (max-width: 600px) 100vw, 600px\" \/><\/a><\/p>\n<p>&nbsp;<\/p>\n<p style=\"font-size: 25px;\"><strong>Shakta<\/strong> plastike<\/p>\n<p>T\u00eb destinuara p\u00ebr mir\u00ebmbajtjen e instalimeve n\u00ebntok\u00ebsore si rrjetet e uj\u00ebsjell\u00ebsit dhe kanalizimeve.[\/vc_column_text][vc_empty_space height=&#8221;20&#8243;]<a href=\"https:\/\/cabarplast.com\/sq\/puset-plastike\/\" class=\"btn-shortcode dt-btn-s dt-btn default-btn-color default-btn-hover-color default-btn-bg-color default-btn-bg-hover-color\" id=\"dt-btn-6\"><span>Lexo m\u00eb shum\u00eb&#8230;<\/span><\/a>[vc_empty_space height=&#8221;20&#8243;][\/vc_column][vc_column width=&#8221;1\/3&#8243;][vc_column_text css=&#8221;&#8221;]<a href=\"https:\/\/cabarplast.com\/sq\/ndaresit\/\"><img loading=\"lazy\" decoding=\"async\" class=\"aligncenter wp-image-992\" src=\"https:\/\/cabarplast.com\/wp-content\/uploads\/2024\/04\/Separatori-masti-i-ulja-2-300x300.jpg\" alt=\"\" width=\"600\" height=\"600\" srcset=\"https:\/\/cabarplast.com\/wp-content\/uploads\/2024\/04\/Separatori-masti-i-ulja-2-300x300.jpg 300w, https:\/\/cabarplast.com\/wp-content\/uploads\/2024\/04\/Separatori-masti-i-ulja-2-1024x1024.jpg 1024w, https:\/\/cabarplast.com\/wp-content\/uploads\/2024\/04\/Separatori-masti-i-ulja-2-150x150.jpg 150w, https:\/\/cabarplast.com\/wp-content\/uploads\/2024\/04\/Separatori-masti-i-ulja-2-768x768.jpg 768w, https:\/\/cabarplast.com\/wp-content\/uploads\/2024\/04\/Separatori-masti-i-ulja-2.jpg 1080w\" sizes=\"auto, (max-width: 600px) 100vw, 600px\" \/><\/a><\/p>\n<p>&nbsp;<\/p>\n<p style=\"font-size: 25px;\"><strong>Separator\u00ebt<\/strong><\/p>\n<p>Nj\u00ebsi t\u00eb specializuara q\u00eb p\u00ebrdorin metoda t\u00eb ndryshme p\u00ebr t\u00eb ndar\u00eb dhe mbajtur materialet organike.[\/vc_column_text][vc_empty_space height=&#8221;20&#8243;]<a href=\"https:\/\/cabarplast.com\/sq\/ndaresit\/\" class=\"btn-shortcode dt-btn-s dt-btn default-btn-color default-btn-hover-color default-btn-bg-color default-btn-bg-hover-color\" id=\"dt-btn-7\"><span>Lexo m\u00eb shum\u00eb&#8230;<\/span><\/a>[vc_empty_space height=&#8221;20&#8243;][\/vc_column][\/vc_row][vc_row][vc_column width=&#8221;1\/3&#8243;][vc_column_text css=&#8221;&#8221;]<a href=\"https:\/\/cabarplast.com\/sq\/fuci-plastike\/\"><img loading=\"lazy\" decoding=\"async\" class=\"aligncenter wp-image-993\" src=\"https:\/\/cabarplast.com\/wp-content\/uploads\/2024\/04\/Kace-za-vodu-i-kominu-7-300x300.jpg\" alt=\"\" width=\"600\" height=\"600\" srcset=\"https:\/\/cabarplast.com\/wp-content\/uploads\/2024\/04\/Kace-za-vodu-i-kominu-7-300x300.jpg 300w, https:\/\/cabarplast.com\/wp-content\/uploads\/2024\/04\/Kace-za-vodu-i-kominu-7-1024x1024.jpg 1024w, https:\/\/cabarplast.com\/wp-content\/uploads\/2024\/04\/Kace-za-vodu-i-kominu-7-150x150.jpg 150w, https:\/\/cabarplast.com\/wp-content\/uploads\/2024\/04\/Kace-za-vodu-i-kominu-7-768x768.jpg 768w, https:\/\/cabarplast.com\/wp-content\/uploads\/2024\/04\/Kace-za-vodu-i-kominu-7.jpg 1080w\" sizes=\"auto, (max-width: 600px) 100vw, 600px\" \/><\/a><\/p>\n<p>&nbsp;<\/p>\n<p style=\"font-size: 25px;\"><strong>Kacet<\/strong> plastike<\/p>\n<p>T\u00eb dizajnuara p\u00ebr ruajtjen dhe transportin e l\u00ebngjeve t\u00eb ndryshme, duke p\u00ebrfshir\u00eb uj\u00eb, ver\u00eb dhe rrush.[\/vc_column_text][vc_empty_space height=&#8221;20&#8243;]<a href=\"https:\/\/cabarplast.com\/sq\/fuci-plastike\/\" class=\"btn-shortcode dt-btn-s dt-btn default-btn-color default-btn-hover-color default-btn-bg-color default-btn-bg-hover-color\" id=\"dt-btn-8\"><span>Lexo m\u00eb shum\u00eb&#8230;<\/span><\/a>[vc_empty_space height=&#8221;20&#8243;][\/vc_column][vc_column width=&#8221;1\/3&#8243;][vc_column_text css=&#8221;&#8221;]<a href=\"https:\/\/cabarplast.com\/sq\/tuba-plastike-me-permasa-te-medha\/\"><img loading=\"lazy\" decoding=\"async\" class=\"aligncenter wp-image-994\" src=\"https:\/\/cabarplast.com\/wp-content\/uploads\/2024\/04\/cevi-za-ventilaciju-300x300.jpg\" alt=\"\" width=\"600\" height=\"600\" srcset=\"https:\/\/cabarplast.com\/wp-content\/uploads\/2024\/04\/cevi-za-ventilaciju-300x300.jpg 300w, https:\/\/cabarplast.com\/wp-content\/uploads\/2024\/04\/cevi-za-ventilaciju-1024x1024.jpg 1024w, https:\/\/cabarplast.com\/wp-content\/uploads\/2024\/04\/cevi-za-ventilaciju-150x150.jpg 150w, https:\/\/cabarplast.com\/wp-content\/uploads\/2024\/04\/cevi-za-ventilaciju-768x768.jpg 768w, https:\/\/cabarplast.com\/wp-content\/uploads\/2024\/04\/cevi-za-ventilaciju.jpg 1080w\" sizes=\"auto, (max-width: 600px) 100vw, 600px\" \/><\/a><\/p>\n<p>&nbsp;<\/p>\n<p style=\"font-size: 25px;\"><strong>Tubacione<\/strong> plastike<\/p>\n<p>Tubacione t\u00eb specializuara q\u00eb p\u00ebrdoren p\u00ebr transportin e sasis\u00eb s\u00eb madhe t\u00eb l\u00ebngjeve ose gazeve.[\/vc_column_text][vc_empty_space height=&#8221;20&#8243;]<a href=\"https:\/\/cabarplast.com\/sq\/tuba-plastike-me-permasa-te-medha\/\" class=\"btn-shortcode dt-btn-s dt-btn default-btn-color default-btn-hover-color default-btn-bg-color default-btn-bg-hover-color\" id=\"dt-btn-9\"><span>Lexo m\u00eb shum\u00eb&#8230;<\/span><\/a>[vc_empty_space height=&#8221;20&#8243;][\/vc_column][vc_column width=&#8221;1\/3&#8243;][vc_column_text css=&#8221;&#8221;]<a href=\"https:\/\/cabarplast.com\/sq\/pajisje-detare\/\"><img loading=\"lazy\" decoding=\"async\" class=\"aligncenter wp-image-995\" src=\"https:\/\/cabarplast.com\/wp-content\/uploads\/2024\/04\/Katamarani-za-splavove-1-300x300.jpg\" alt=\"\" width=\"600\" height=\"600\" srcset=\"https:\/\/cabarplast.com\/wp-content\/uploads\/2024\/04\/Katamarani-za-splavove-1-300x300.jpg 300w, https:\/\/cabarplast.com\/wp-content\/uploads\/2024\/04\/Katamarani-za-splavove-1-1024x1024.jpg 1024w, https:\/\/cabarplast.com\/wp-content\/uploads\/2024\/04\/Katamarani-za-splavove-1-150x150.jpg 150w, https:\/\/cabarplast.com\/wp-content\/uploads\/2024\/04\/Katamarani-za-splavove-1-768x768.jpg 768w, https:\/\/cabarplast.com\/wp-content\/uploads\/2024\/04\/Katamarani-za-splavove-1.jpg 1080w\" sizes=\"auto, (max-width: 600px) 100vw, 600px\" \/><\/a><\/p>\n<p>&nbsp;<\/p>\n<p style=\"font-size: 25px;\"><strong>Pajisje<\/strong> lundruese<\/p>\n<p>Produkte t\u00eb dizajnuara p\u00ebr t\u00eb p\u00ebrmir\u00ebsuar p\u00ebrvoj\u00ebn tuaj n\u00eb uj\u00eb, duke p\u00ebrfshir\u00eb varka plastike, ponton\u00eb p\u00ebr skafe dhe fu\u00e7i p\u00ebr skafe.[\/vc_column_text][vc_empty_space height=&#8221;20&#8243;]<a href=\"https:\/\/cabarplast.com\/sq\/pajisje-detare\/\" class=\"btn-shortcode dt-btn-s dt-btn default-btn-color default-btn-hover-color default-btn-bg-color default-btn-bg-hover-color\" id=\"dt-btn-10\"><span>Lexo m\u00eb shum\u00eb&#8230;<\/span><\/a>[vc_empty_space height=&#8221;20&#8243;][\/vc_column][\/vc_row][vc_row][vc_column][vc_empty_space][vc_column_text css=&#8221;&#8221;]<\/p>\n<h2>Pse t\u00eb zgjidhni ne<\/h2>\n<p><img loading=\"lazy\" decoding=\"async\" class=\"alignnone wp-image-961 size-full\" src=\"https:\/\/cabarplast.com\/wp-content\/uploads\/2024\/04\/linija-1.jpg\" alt=\"\" width=\"121\" height=\"7\" \/><\/p>\n<p>Zgjidhni &#8220;\u010cabar Plast&#8221; p\u00ebr ep\u00ebrsin\u00eb teknologjike, zgjidhjet e personalizuara dhe q\u00ebndrueshm\u00ebrin\u00eb ekologjike. Produktet tona p\u00ebrfaq\u00ebsojn\u00eb kombinimin e teknologjive dhe inovacioneve t\u00eb avancuara, t\u00eb dizajnuara p\u00ebr t\u00eb p\u00ebrmbushur nevojat specifike t\u00eb \u00e7do klienti, duke minimizuar nj\u00ebkoh\u00ebsisht ndikimin n\u00eb mjedis. P\u00ebrkushtimi yn\u00eb ndaj cil\u00ebsis\u00eb dhe q\u00ebndrueshm\u00ebris\u00eb na b\u00ebn zgjedhjen ideale p\u00ebr t\u00eb gjith\u00eb ata q\u00eb k\u00ebrkojn\u00eb zgjidhje t\u00eb besueshme, afatgjata dhe miq\u00ebsore me mjedisin. T\u00eb gjitha l\u00ebnd\u00ebt e para q\u00eb p\u00ebrdorim jan\u00eb me origjin\u00eb t\u00eb sigurt dhe t\u00eb certifikuara, duke ju garantuar siguri, cil\u00ebsi dhe jet\u00ebgjat\u00ebsi t\u00eb produkteve.<\/p>\n<p>P\u00ebrvoja jon\u00eb \u00ebsht\u00eb n\u00eb sh\u00ebrbimin tuaj p\u00ebr k\u00ebnaq\u00ebsin\u00eb tuaj, ne synojm\u00eb t\u00eb p\u00ebrgjigjemi sa m\u00eb shpejt ndaj k\u00ebrkesave tuaja me cil\u00ebsi t\u00eb provuar me \u00e7mimet m\u00eb t\u00eb p\u00ebrballueshme. Jemi n\u00eb dispozicionin tuaj p\u00ebr \u00e7do pyetje dhe marr\u00ebveshje.<\/p>\n<p style=\"font-size: 20px;\">Vizitoni na ose na telefononi dhe binduni pse jemi m\u00eb t\u00eb mir\u00ebt n\u00eb zon\u00eb. Me ne, ju zgjidhni nj\u00eb partner t\u00eb besuesh\u00ebm dhe nj\u00eb bashk\u00ebpunim t\u00eb suksessh\u00ebm t\u00eb garantuar.<\/p>\n<p>[\/vc_column_text][vc_empty_space][\/vc_column][\/vc_row][vc_row full_width=&#8221;stretch_row_content_no_spaces&#8221;][vc_column][vc_column_text css=&#8221;&#8221;]<img loading=\"lazy\" decoding=\"async\" class=\"aligncenter wp-image-232 size-full\" src=\"https:\/\/cabarplast.com\/wp-content\/uploads\/2024\/03\/footer-4.png\" alt=\"\" width=\"1919\" height=\"50\" srcset=\"https:\/\/cabarplast.com\/wp-content\/uploads\/2024\/03\/footer-4.png 1919w, https:\/\/cabarplast.com\/wp-content\/uploads\/2024\/03\/footer-4-300x8.png 300w, https:\/\/cabarplast.com\/wp-content\/uploads\/2024\/03\/footer-4-1024x27.png 1024w, https:\/\/cabarplast.com\/wp-content\/uploads\/2024\/03\/footer-4-768x20.png 768w, https:\/\/cabarplast.com\/wp-content\/uploads\/2024\/03\/footer-4-1536x40.png 1536w\" sizes=\"auto, (max-width: 1919px) 100vw, 1919px\" \/>[\/vc_column_text][\/vc_column][\/vc_row]<\/p>\n<\/div>","protected":false},"excerpt":{"rendered":"<p>[vc_row full_width=&#8221;stretch_row_content_no_spaces&#8221;][vc_column][vc_column_text][\/vc_column_text][\/vc_column][\/vc_row][vc_row full_width=&#8221;stretch_row_content_no_spaces&#8221;][vc_column css_animation=&#8221;fadeInLeft&#8221; css=&#8221;.vc_custom_1710282701109{margin-top: -50px !important;border-radius: 10px !important;}&#8221; offset=&#8221;vc_hidden-sm vc_hidden-xs&#8221;][vc_column_text css_animation=&#8221;none&#8221; css=&#8221;.vc_custom_1710282681664{padding-right: 10px !important;padding-left: 10px !important;}&#8221;][\/vc_column_text][vc_empty_space height=&#8221;30&#8243;][\/vc_column][\/vc_row][vc_row][vc_column css_animation=&#8221;fadeInLeft&#8221; css=&#8221;.vc_custom_1713004465559{border-radius: 10px !important;}&#8221;][vc_column_text css_animation=&#8221;none&#8221; css=&#8221;.vc_custom_1726564933675{padding-right: 30px !important;padding-left: 30px !important;}&#8221;] \u010cABAR PLAST &#8211; Prodhimi i cisternave plastike [\/vc_column_text][vc_empty_space height=&#8221;30&#8243;][\/vc_column][\/vc_row][vc_row][vc_column css_animation=&#8221;fadeInLeft&#8221; width=&#8221;1\/2&#8243; css=&#8221;.vc_custom_1714470341282{padding-right: 30px !important;padding-left: 30px !important;background-color: #ffffff !important;border-radius: 10px !important;}&#8221;][vc_column_text css_animation=&#8221;none&#8221; css=&#8221;&#8221;] \u010cabar Plast \u00ebsht\u00eb nj\u00eb kompani&hellip;<\/p>\n","protected":false},"author":1,"featured_media":0,"parent":0,"menu_order":0,"comment_status":"closed","ping_status":"closed","template":"","meta":{"footnotes":""},"class_list":["post-2526","page","type-page","status-publish","hentry","description-off"],"_links":{"self":[{"href":"https:\/\/cabarplast.com\/sq\/wp-json\/wp\/v2\/pages\/2526","targetHints":{"allow":["GET"]}}],"collection":[{"href":"https:\/\/cabarplast.com\/sq\/wp-json\/wp\/v2\/pages"}],"about":[{"href":"https:\/\/cabarplast.com\/sq\/wp-json\/wp\/v2\/types\/page"}],"author":[{"embeddable":true,"href":"https:\/\/cabarplast.com\/sq\/wp-json\/wp\/v2\/users\/1"}],"replies":[{"embeddable":true,"href":"https:\/\/cabarplast.com\/sq\/wp-json\/wp\/v2\/comments?post=2526"}],"version-history":[{"count":2,"href":"https:\/\/cabarplast.com\/sq\/wp-json\/wp\/v2\/pages\/2526\/revisions"}],"predecessor-version":[{"id":2529,"href":"https:\/\/cabarplast.com\/sq\/wp-json\/wp\/v2\/pages\/2526\/revisions\/2529"}],"wp:attachment":[{"href":"https:\/\/cabarplast.com\/sq\/wp-json\/wp\/v2\/media?parent=2526"}],"curies":[{"name":"wp","href":"https:\/\/api.w.org\/{rel}","templated":true}]}}