{"id":2504,"date":"2024-03-04T20:53:56","date_gmt":"2024-03-04T20:53:56","guid":{"rendered":"https:\/\/cabarplast.com\/cisterne\/"},"modified":"2024-09-17T09:19:40","modified_gmt":"2024-09-17T09:19:40","slug":"rezervuaret-plastike","status":"publish","type":"page","link":"https:\/\/cabarplast.com\/sq\/rezervuaret-plastike\/","title":{"rendered":"Rezervuar\u00ebt V"},"content":{"rendered":"<div class=\"wpb-content-wrapper\"><p>[vc_row][vc_column css=&#8221;.vc_custom_1710099881337{padding-right: 30px !important;padding-left: 30px !important;}&#8221;][vc_column_text css=&#8221;&#8221;]<\/p>\n<h1>Rezervuar\u00ebt Plastik\u00eb<\/h1>\n<p>Rezervuar\u00ebt plastik\u00eb jan\u00eb projektuar p\u00ebr ruajtjen dhe transportimin e l\u00ebngjeve. Ato jan\u00eb prodhuar nga plastika me cil\u00ebsi t\u00eb lart\u00eb si polietileni me dend\u00ebsi t\u00eb lart\u00eb (HDPE) dhe polipropileni (PP), t\u00eb cilat u japin atyre q\u00ebndrueshm\u00ebri, fleksibilitet dhe rezistenc\u00eb kimike.<\/p>\n<p><strong>Ja pse jan\u00eb thelb\u00ebsore:<\/strong>[\/vc_column_text][vc_empty_space height=&#8221;50&#8243;][\/vc_column][\/vc_row][vc_row][vc_column][vc_row_inner][vc_column_inner width=&#8221;2\/3&#8243; css=&#8221;.vc_custom_1710101124194{border-left-width: 1px !important;padding-right: 30px !important;padding-left: 30px !important;border-left-color: #0e415f !important;border-left-style: solid !important;}&#8221;][vc_column_text css=&#8221;&#8221;]<\/p>\n<p style=\"font-size: 25px;\">Rezervuar\u00ebt e <strong>ujit<\/strong><\/p>\n<p>&nbsp;<\/p>\n<p>vijn\u00eb n\u00eb kapacitete t\u00eb ndryshme, nga 1000L deri n\u00eb 200,000 litra, duke ofruar zgjidhje p\u00ebr nevojat e ruajtjes s\u00eb ujit n\u00eb familje, bujq\u00ebsi, industri dhe situata emergjente. K\u00ebto rezervuar\u00eb jan\u00eb thelb\u00ebsor\u00eb p\u00ebr ruajtjen e ujit t\u00eb pijsh\u00ebm, ujitjes dhe si rezerv\u00eb n\u00eb rast that\u00ebsire ose nd\u00ebrprerjeje t\u00eb furnizimit.<br \/>\n[\/vc_column_text][vc_empty_space height=&#8221;20&#8243;]<a href=\"https:\/\/cabarplast.com\/sq\/rezervuaret-plastike\/rezervuar-uji\/\" class=\"btn-shortcode dt-btn-m dt-btn default-btn-color default-btn-hover-color default-btn-bg-color default-btn-bg-hover-color\" id=\"dt-btn-1\"><span>Shih m\u00eb shum\u00eb<\/span><\/a>[\/vc_column_inner][vc_column_inner width=&#8221;1\/3&#8243;][vc_column_text css=&#8221;&#8221;]<a href=\"https:\/\/cabarplast.com\/sq\/rezervuaret-plastike\/rezervuar-uji\/\"><img loading=\"lazy\" decoding=\"async\" class=\"aligncenter wp-image-515 size-medium\" src=\"https:\/\/cabarplast.com\/wp-content\/uploads\/2024\/03\/Cisterne-za-vodu-\u2013-kapacitet-10000L-3-300x300.jpg\" alt=\"\" width=\"300\" height=\"300\" srcset=\"https:\/\/cabarplast.com\/wp-content\/uploads\/2024\/03\/Cisterne-za-vodu-\u2013-kapacitet-10000L-3-300x300.jpg 300w, https:\/\/cabarplast.com\/wp-content\/uploads\/2024\/03\/Cisterne-za-vodu-\u2013-kapacitet-10000L-3-1024x1024.jpg 1024w, https:\/\/cabarplast.com\/wp-content\/uploads\/2024\/03\/Cisterne-za-vodu-\u2013-kapacitet-10000L-3-150x150.jpg 150w, https:\/\/cabarplast.com\/wp-content\/uploads\/2024\/03\/Cisterne-za-vodu-\u2013-kapacitet-10000L-3-768x768.jpg 768w, https:\/\/cabarplast.com\/wp-content\/uploads\/2024\/03\/Cisterne-za-vodu-\u2013-kapacitet-10000L-3.jpg 1080w\" sizes=\"auto, (max-width: 300px) 100vw, 300px\" \/><\/a>[\/vc_column_text][\/vc_column_inner][\/vc_row_inner][vc_empty_space height=&#8221;30&#8243;][vc_row_inner][vc_column_inner width=&#8221;1\/3&#8243;][vc_column_text css=&#8221;&#8221;]<a href=\"https:\/\/cabarplast.com\/sq\/rezervuaret-e-naftes-dhe-karburantit\/\"><img loading=\"lazy\" decoding=\"async\" class=\"aligncenter wp-image-331 size-medium\" src=\"https:\/\/cabarplast.com\/wp-content\/uploads\/2024\/03\/Cisterne-za-naftu-i-gorivo-1-300x300.jpg\" alt=\"Cisterne za naftu i gorivo\" width=\"300\" height=\"300\" srcset=\"https:\/\/cabarplast.com\/wp-content\/uploads\/2024\/03\/Cisterne-za-naftu-i-gorivo-1-300x300.jpg 300w, https:\/\/cabarplast.com\/wp-content\/uploads\/2024\/03\/Cisterne-za-naftu-i-gorivo-1-150x150.jpg 150w, https:\/\/cabarplast.com\/wp-content\/uploads\/2024\/03\/Cisterne-za-naftu-i-gorivo-1-768x768.jpg 768w, https:\/\/cabarplast.com\/wp-content\/uploads\/2024\/03\/Cisterne-za-naftu-i-gorivo-1.jpg 900w\" sizes=\"auto, (max-width: 300px) 100vw, 300px\" \/><\/a>[\/vc_column_text][\/vc_column_inner][vc_column_inner width=&#8221;2\/3&#8243; css=&#8221;.vc_custom_1710101146731{border-left-width: 1px !important;padding-right: 30px !important;padding-left: 30px !important;border-left-color: #0e415f !important;border-left-style: solid !important;}&#8221;][vc_column_text css=&#8221;&#8221;]<\/p>\n<p style=\"font-size: 25px;\">Rezervuar\u00ebt e <strong>naft\u00ebs dhe karburantit<\/strong><\/p>\n<p>&nbsp;<\/p>\n<p>Rezervuar\u00ebt e naft\u00ebs dhe karburantit jan\u00eb t\u00eb specializuar p\u00ebr ruajtjen dhe transportimin e sigurt t\u00eb produkteve t\u00eb naft\u00ebs. Rezistenca kimike e plastik\u00ebs i b\u00ebn ato ideale p\u00ebr k\u00ebt\u00eb q\u00ebllim, duke parandaluar rrjedhjen dhe ndotjen.<br \/>\n[\/vc_column_text][vc_empty_space height=&#8221;20&#8243;]<a href=\"https:\/\/cabarplast.com\/sq\/rezervuaret-e-naftes-dhe-karburantit\/\" class=\"btn-shortcode dt-btn-m dt-btn default-btn-color default-btn-hover-color default-btn-bg-color default-btn-bg-hover-color\" id=\"dt-btn-2\"><span>Shih m\u00eb shum\u00eb<\/span><\/a>[\/vc_column_inner][\/vc_row_inner][vc_empty_space height=&#8221;30&#8243;][vc_row_inner][vc_column_inner width=&#8221;2\/3&#8243; css=&#8221;.vc_custom_1710101124194{border-left-width: 1px !important;padding-right: 30px !important;padding-left: 30px !important;border-left-color: #0e415f !important;border-left-style: solid !important;}&#8221;][vc_column_text css=&#8221;&#8221;]<\/p>\n<p style=\"font-size: 25px;\">Rezervuar\u00ebt p\u00ebr <strong>traktor\u00eb<\/strong><\/p>\n<p>&nbsp;<\/p>\n<p>Rezervuar\u00ebt p\u00ebr traktor\u00eb jan\u00eb p\u00ebrshtatur p\u00ebr t&#8217;u bashkangjitur leht\u00ebsisht n\u00eb traktor\u00eb, duke lejuar transport efikas t\u00eb ujit ose l\u00ebngjeve t\u00eb tjera n\u00ebp\u00ebr tokat bujq\u00ebsore dhe terrene t\u00eb v\u00ebshtira.<br \/>\n[\/vc_column_text][vc_empty_space height=&#8221;20&#8243;]<a href=\"https:\/\/cabarplast.com\/sq\/rezervoari-plastik-per-traktore\/\" class=\"btn-shortcode dt-btn-m dt-btn default-btn-color default-btn-hover-color default-btn-bg-color default-btn-bg-hover-color\" id=\"dt-btn-3\"><span>Shih m\u00eb shum\u00eb<\/span><\/a>[\/vc_column_inner][vc_column_inner width=&#8221;1\/3&#8243;][vc_column_text css=&#8221;&#8221;]<a href=\"https:\/\/cabarplast.com\/sq\/rezervoari-plastik-per-traktore\/\"><img loading=\"lazy\" decoding=\"async\" class=\"wp-image-345 size-medium aligncenter\" src=\"https:\/\/cabarplast.com\/wp-content\/uploads\/2024\/03\/Traktorske-cisterne-1-300x300.jpg\" alt=\"\" width=\"300\" height=\"300\" srcset=\"https:\/\/cabarplast.com\/wp-content\/uploads\/2024\/03\/Traktorske-cisterne-1-300x300.jpg 300w, https:\/\/cabarplast.com\/wp-content\/uploads\/2024\/03\/Traktorske-cisterne-1-1024x1024.jpg 1024w, https:\/\/cabarplast.com\/wp-content\/uploads\/2024\/03\/Traktorske-cisterne-1-150x150.jpg 150w, https:\/\/cabarplast.com\/wp-content\/uploads\/2024\/03\/Traktorske-cisterne-1-768x768.jpg 768w, https:\/\/cabarplast.com\/wp-content\/uploads\/2024\/03\/Traktorske-cisterne-1.jpg 1080w\" sizes=\"auto, (max-width: 300px) 100vw, 300px\" \/><\/a>[\/vc_column_text][\/vc_column_inner][\/vc_row_inner][vc_empty_space height=&#8221;30&#8243;][vc_row_inner][vc_column_inner width=&#8221;1\/3&#8243;][vc_column_text css=&#8221;&#8221;]<a href=\"https:\/\/cabarplast.com\/sq\/silot-plastike\/\"><img loading=\"lazy\" decoding=\"async\" class=\"wp-image-1063 size-medium aligncenter\" src=\"https:\/\/cabarplast.com\/wp-content\/uploads\/2024\/04\/Plasticni-silosi-1-300x300.jpg\" alt=\"\" width=\"300\" height=\"300\" srcset=\"https:\/\/cabarplast.com\/wp-content\/uploads\/2024\/04\/Plasticni-silosi-1-300x300.jpg 300w, https:\/\/cabarplast.com\/wp-content\/uploads\/2024\/04\/Plasticni-silosi-1-1024x1024.jpg 1024w, https:\/\/cabarplast.com\/wp-content\/uploads\/2024\/04\/Plasticni-silosi-1-150x150.jpg 150w, https:\/\/cabarplast.com\/wp-content\/uploads\/2024\/04\/Plasticni-silosi-1-768x768.jpg 768w, https:\/\/cabarplast.com\/wp-content\/uploads\/2024\/04\/Plasticni-silosi-1.jpg 1080w\" sizes=\"auto, (max-width: 300px) 100vw, 300px\" \/><\/a>[\/vc_column_text][\/vc_column_inner][vc_column_inner width=&#8221;2\/3&#8243; css=&#8221;.vc_custom_1710101146731{border-left-width: 1px !important;padding-right: 30px !important;padding-left: 30px !important;border-left-color: #0e415f !important;border-left-style: solid !important;}&#8221;][vc_column_text css=&#8221;&#8221;]<\/p>\n<p style=\"font-size: 25px;\"><strong>Silot<\/strong> plastike<\/p>\n<p>&nbsp;<\/p>\n<p>Silot plastike p\u00ebrfaq\u00ebsojn\u00eb nj\u00eb zgjidhje inovative p\u00ebr ruajtjen e drith\u00ebrave, duke siguruar mbrojtje nga lag\u00ebshtia dhe d\u00ebmtuesit, nd\u00ebrsa ruajn\u00eb cil\u00ebsin\u00eb e ushqimit t\u00eb ruajtur.<br \/>\n[\/vc_column_text][vc_empty_space height=&#8221;20&#8243;]<a href=\"https:\/\/cabarplast.com\/sq\/silot-plastike\/\" class=\"btn-shortcode dt-btn-m dt-btn default-btn-color default-btn-hover-color default-btn-bg-color default-btn-bg-hover-color\" id=\"dt-btn-4\"><span>Shih m\u00eb shum\u00eb<\/span><\/a>[\/vc_column_inner][\/vc_row_inner][vc_empty_space height=&#8221;30&#8243;][vc_row_inner][vc_column_inner width=&#8221;2\/3&#8243; css=&#8221;.vc_custom_1710101124194{border-left-width: 1px !important;padding-right: 30px !important;padding-left: 30px !important;border-left-color: #0e415f !important;border-left-style: solid !important;}&#8221;][vc_column_text css=&#8221;&#8221;]<\/p>\n<p style=\"font-size: 25px;\">Rezervuar\u00ebt e specializuar p\u00ebr <strong>ruajtjen e substancave kimike<\/strong><\/p>\n<p>&nbsp;<\/p>\n<p>Rezervuar\u00ebt e specializuar p\u00ebr ruajtjen e substancave kimike si acidi klorhidrik dhe acidi sulfurik jan\u00eb t\u00eb dizajnuara p\u00ebr t&#8217;i b\u00ebr\u00eb ball\u00eb efekteve g\u00ebrryese t\u00eb k\u00ebtyre substancave, duke parandaluar rrezikun e rrjedhjeve dhe kontaminimit.<br \/>\n[\/vc_column_text][vc_empty_space height=&#8221;20&#8243;]<a href=\"https:\/\/cabarplast.com\/sq\/rezervuaret-per-ruajtjen-e-acidit-klorhidrik\/\" class=\"btn-shortcode dt-btn-m dt-btn default-btn-color default-btn-hover-color default-btn-bg-color default-btn-bg-hover-color\" id=\"dt-btn-5\"><span>Shih m\u00eb shum\u00eb<\/span><\/a>[\/vc_column_inner][vc_column_inner width=&#8221;1\/3&#8243;][vc_column_text]<a href=\"https:\/\/cabarplast.com\/sq\/rezervuaret-per-ruajtjen-e-acidit-klorhidrik\/\"><img loading=\"lazy\" decoding=\"async\" class=\"aligncenter wp-image-314 size-medium\" src=\"https:\/\/cabarplast.com\/wp-content\/uploads\/2024\/03\/Cisterne-za-hlorovodonicnu-kiselinu-1-300x300.jpg\" alt=\"\" width=\"300\" height=\"300\" srcset=\"https:\/\/cabarplast.com\/wp-content\/uploads\/2024\/03\/Cisterne-za-hlorovodonicnu-kiselinu-1-300x300.jpg 300w, https:\/\/cabarplast.com\/wp-content\/uploads\/2024\/03\/Cisterne-za-hlorovodonicnu-kiselinu-1-150x150.jpg 150w, https:\/\/cabarplast.com\/wp-content\/uploads\/2024\/03\/Cisterne-za-hlorovodonicnu-kiselinu-1-768x768.jpg 768w, https:\/\/cabarplast.com\/wp-content\/uploads\/2024\/03\/Cisterne-za-hlorovodonicnu-kiselinu-1.jpg 900w\" sizes=\"auto, (max-width: 300px) 100vw, 300px\" \/><\/a><\/p>\n<p>[\/vc_column_text][\/vc_column_inner][\/vc_row_inner][vc_empty_space height=&#8221;30&#8243;][vc_row_inner][vc_column_inner width=&#8221;1\/3&#8243;][vc_column_text css=&#8221;&#8221;]<a href=\"https:\/\/cabarplast.com\/sq\/rezervuare-per-ruajtjen-e-ujit-te-dejonizuar\/\"><img loading=\"lazy\" decoding=\"async\" class=\"wp-image-340 size-medium aligncenter\" src=\"https:\/\/cabarplast.com\/wp-content\/uploads\/2024\/03\/Cisterne-za-demi-vodu-1-300x300.jpg\" alt=\"\" width=\"300\" height=\"300\" srcset=\"https:\/\/cabarplast.com\/wp-content\/uploads\/2024\/03\/Cisterne-za-demi-vodu-1-300x300.jpg 300w, https:\/\/cabarplast.com\/wp-content\/uploads\/2024\/03\/Cisterne-za-demi-vodu-1-1024x1024.jpg 1024w, https:\/\/cabarplast.com\/wp-content\/uploads\/2024\/03\/Cisterne-za-demi-vodu-1-150x150.jpg 150w, https:\/\/cabarplast.com\/wp-content\/uploads\/2024\/03\/Cisterne-za-demi-vodu-1-768x768.jpg 768w, https:\/\/cabarplast.com\/wp-content\/uploads\/2024\/03\/Cisterne-za-demi-vodu-1.jpg 1080w\" sizes=\"auto, (max-width: 300px) 100vw, 300px\" \/><\/a>[\/vc_column_text][\/vc_column_inner][vc_column_inner width=&#8221;2\/3&#8243; css=&#8221;.vc_custom_1710101146731{border-left-width: 1px !important;padding-right: 30px !important;padding-left: 30px !important;border-left-color: #0e415f !important;border-left-style: solid !important;}&#8221;][vc_column_text css=&#8221;&#8221;]<\/p>\n<p style=\"font-size: 25px;\">Rezervuar\u00ebt e ujit t\u00eb <strong>deionizuar<\/strong><\/p>\n<p>&nbsp;<\/p>\n<p>Rezervuar\u00ebt e ujit t\u00eb deionizuar p\u00ebrdoren n\u00eb proceset industriale ku k\u00ebrkohet uj\u00eb me past\u00ebrti t\u00eb lart\u00eb, si n\u00eb industrin\u00eb farmaceutike, laborator\u00ebt dhe termocentralet.<br \/>\n[\/vc_column_text][vc_empty_space height=&#8221;20&#8243;]<a href=\"https:\/\/cabarplast.com\/sq\/rezervuare-per-ruajtjen-e-ujit-te-dejonizuar\/\" class=\"btn-shortcode dt-btn-m dt-btn default-btn-color default-btn-hover-color default-btn-bg-color default-btn-bg-hover-color\" id=\"dt-btn-6\"><span>Shih m\u00eb shum\u00eb<\/span><\/a>[\/vc_column_inner][\/vc_row_inner][vc_empty_space][\/vc_column][\/vc_row][vc_row][vc_column][vc_column_text css=&#8221;.vc_custom_1726564775380{padding-top: 30px !important;padding-right: 30px !important;padding-bottom: 30px !important;padding-left: 30px !important;background-color: #0e415f !important;border-radius: 15px !important;}&#8221;]<span style=\"color: #ffffff;\">Rezervuar\u00ebt plastik\u00eb jan\u00eb thelb\u00ebsor\u00eb p\u00ebr shkak t\u00eb shkatht\u00ebsis\u00eb s\u00eb tyre, kosto-efektivitetit dhe p\u00ebrfitimeve mjedisore. Ato jan\u00eb rezistente ndaj korrozionit, t\u00eb lehta p\u00ebr t&#8217;u mir\u00ebmbajtur dhe t\u00eb riciklueshme, duke i b\u00ebr\u00eb ato nj\u00eb zgjedhje t\u00eb shk\u00eblqyer p\u00ebr nevoja t\u00eb ndryshme t\u00eb ruajtjes dhe transportit.<\/span>[\/vc_column_text][vc_empty_space][\/vc_column][\/vc_row][vc_row full_width=&#8221;stretch_row_content_no_spaces&#8221;][vc_column][vc_column_text]<img loading=\"lazy\" decoding=\"async\" class=\"aligncenter wp-image-232 size-full\" src=\"https:\/\/cabarplast.com\/wp-content\/uploads\/2024\/03\/footer-4.png\" alt=\"\" width=\"1919\" height=\"50\" srcset=\"https:\/\/cabarplast.com\/wp-content\/uploads\/2024\/03\/footer-4.png 1919w, https:\/\/cabarplast.com\/wp-content\/uploads\/2024\/03\/footer-4-300x8.png 300w, https:\/\/cabarplast.com\/wp-content\/uploads\/2024\/03\/footer-4-1024x27.png 1024w, https:\/\/cabarplast.com\/wp-content\/uploads\/2024\/03\/footer-4-768x20.png 768w, https:\/\/cabarplast.com\/wp-content\/uploads\/2024\/03\/footer-4-1536x40.png 1536w\" sizes=\"auto, (max-width: 1919px) 100vw, 1919px\" \/>[\/vc_column_text][\/vc_column][\/vc_row]<\/p>\n<\/div>","protected":false},"excerpt":{"rendered":"<p>[vc_row][vc_column css=&#8221;.vc_custom_1710099881337{padding-right: 30px !important;padding-left: 30px !important;}&#8221;][vc_column_text css=&#8221;&#8221;] Rezervuar\u00ebt Plastik\u00eb Rezervuar\u00ebt plastik\u00eb jan\u00eb projektuar p\u00ebr ruajtjen dhe transportimin e l\u00ebngjeve. Ato jan\u00eb prodhuar nga plastika me cil\u00ebsi t\u00eb lart\u00eb si polietileni me dend\u00ebsi t\u00eb lart\u00eb (HDPE) dhe polipropileni (PP), t\u00eb cilat u japin atyre q\u00ebndrueshm\u00ebri, fleksibilitet dhe rezistenc\u00eb kimike. Ja pse jan\u00eb thelb\u00ebsore:[\/vc_column_text][vc_empty_space height=&#8221;50&#8243;][\/vc_column][\/vc_row][vc_row][vc_column][vc_row_inner][vc_column_inner width=&#8221;2\/3&#8243; css=&#8221;.vc_custom_1710101124194{border-left-width:&hellip;<\/p>\n","protected":false},"author":1,"featured_media":0,"parent":0,"menu_order":0,"comment_status":"closed","ping_status":"closed","template":"","meta":{"footnotes":""},"class_list":["post-2504","page","type-page","status-publish","hentry","description-off"],"_links":{"self":[{"href":"https:\/\/cabarplast.com\/sq\/wp-json\/wp\/v2\/pages\/2504","targetHints":{"allow":["GET"]}}],"collection":[{"href":"https:\/\/cabarplast.com\/sq\/wp-json\/wp\/v2\/pages"}],"about":[{"href":"https:\/\/cabarplast.com\/sq\/wp-json\/wp\/v2\/types\/page"}],"author":[{"embeddable":true,"href":"https:\/\/cabarplast.com\/sq\/wp-json\/wp\/v2\/users\/1"}],"replies":[{"embeddable":true,"href":"https:\/\/cabarplast.com\/sq\/wp-json\/wp\/v2\/comments?post=2504"}],"version-history":[{"count":5,"href":"https:\/\/cabarplast.com\/sq\/wp-json\/wp\/v2\/pages\/2504\/revisions"}],"predecessor-version":[{"id":2524,"href":"https:\/\/cabarplast.com\/sq\/wp-json\/wp\/v2\/pages\/2504\/revisions\/2524"}],"wp:attachment":[{"href":"https:\/\/cabarplast.com\/sq\/wp-json\/wp\/v2\/media?parent=2504"}],"curies":[{"name":"wp","href":"https:\/\/api.w.org\/{rel}","templated":true}]}}