{"id":2387,"date":"2024-03-04T21:00:27","date_gmt":"2024-03-04T21:00:27","guid":{"rendered":"https:\/\/cabarplast.com\/traktorske-cisterne\/"},"modified":"2024-10-14T18:33:03","modified_gmt":"2024-10-14T18:33:03","slug":"rezervoari-plastik-per-traktore","status":"publish","type":"page","link":"https:\/\/cabarplast.com\/sq\/rezervoari-plastik-per-traktore\/","title":{"rendered":"Rezervoari plastik p\u00ebr traktor\u00eb"},"content":{"rendered":"<div class=\"wpb-content-wrapper\"><p>[vc_row][vc_column width=&#8221;1\/2&#8243;]<style type=\"text\/css\" data-type=\"the7_shortcodes-inline-css\">.gallery-carousel-shortcode.gallery-carousel-shortcode-id-412aaaed1dc249b222ea0603dc029477 .owl-nav a {\n  width: 30px;\n  height: 30px;\n  border-radius: 500px;\n}\n.dt-arrow-border-on.gallery-carousel-shortcode.gallery-carousel-shortcode-id-412aaaed1dc249b222ea0603dc029477 .owl-nav a:not(:hover):before {\n  border-width: 0px;\n}\n.dt-arrow-hover-border-on.gallery-carousel-shortcode.gallery-carousel-shortcode-id-412aaaed1dc249b222ea0603dc029477 .owl-nav a:hover:after {\n  border-width: 0px;\n}\n.gallery-carousel-shortcode.gallery-carousel-shortcode-id-412aaaed1dc249b222ea0603dc029477 .owl-nav a.owl-prev {\n  top: calc(100% + 0px);\n  left: -43px;\n}\n.gallery-carousel-shortcode.gallery-carousel-shortcode-id-412aaaed1dc249b222ea0603dc029477 .owl-nav a.owl-prev i {\n  padding: 0px 5px 0px 5px;\n}\n.gallery-carousel-shortcode.gallery-carousel-shortcode-id-412aaaed1dc249b222ea0603dc029477 .owl-nav a.owl-next {\n  top: calc(100% + 0px);\n  right: -43px;\n}\n.gallery-carousel-shortcode.gallery-carousel-shortcode-id-412aaaed1dc249b222ea0603dc029477 .owl-nav a.owl-next i {\n  padding: 0px 5px 0px 5px;\n}\n.gallery-carousel-shortcode.gallery-carousel-shortcode-id-412aaaed1dc249b222ea0603dc029477 .owl-nav i {\n  font-size: 15px;\n}\n.gallery-carousel-shortcode.gallery-carousel-shortcode-id-412aaaed1dc249b222ea0603dc029477 .owl-nav a:not(:hover) i,\n.gallery-carousel-shortcode.gallery-carousel-shortcode-id-412aaaed1dc249b222ea0603dc029477 .owl-nav a:not(:hover) i:before {\n  color: #ffffff;\n  background: none;\n}\n.gallery-carousel-shortcode.gallery-carousel-shortcode-id-412aaaed1dc249b222ea0603dc029477 .owl-nav a:hover i,\n.gallery-carousel-shortcode.gallery-carousel-shortcode-id-412aaaed1dc249b222ea0603dc029477 .owl-nav a:hover i:before {\n  color: rgba(255,255,255,0.75);\n  background: none;\n}\n.gallery-carousel-shortcode.gallery-carousel-shortcode-id-412aaaed1dc249b222ea0603dc029477 .owl-dots {\n  top: calc(100% + 20px);\n  left: 50%;\n  transform: translateX(calc(-50% + 0px));\n}\n@media all and (-ms-high-contrast: none) {\n  .gallery-carousel-shortcode.gallery-carousel-shortcode-id-412aaaed1dc249b222ea0603dc029477 .owl-dots {\n    transform: translateX(-50%);\n    margin-left: 0px;\n  }\n}\n.gallery-carousel-shortcode.gallery-carousel-shortcode-id-412aaaed1dc249b222ea0603dc029477 .owl-dot {\n  width: 10px;\n  height: 10px;\n  margin: 0 8px;\n}\n@media screen and (max-width: 778px) {\n  .gallery-carousel-shortcode.gallery-carousel-shortcode-id-412aaaed1dc249b222ea0603dc029477.hide-arrows .owl-nav a {\n    display: none;\n  }\n}\n@media screen and (max-width: 778px) {\n  .gallery-carousel-shortcode.gallery-carousel-shortcode-id-412aaaed1dc249b222ea0603dc029477.reposition-arrows .owl-nav .owl-prev {\n    top: calc(100% + 0px);\n    left: 10px;\n  }\n  .gallery-carousel-shortcode.gallery-carousel-shortcode-id-412aaaed1dc249b222ea0603dc029477.reposition-arrows .owl-nav .owl-next {\n    top: calc(100% + 0px);\n    right: 10px;\n  }\n}\n.gallery-carousel-shortcode.gallery-carousel-shortcode-id-412aaaed1dc249b222ea0603dc029477 figure,\n.gallery-carousel-shortcode.gallery-carousel-shortcode-id-412aaaed1dc249b222ea0603dc029477 .rollover,\n.gallery-carousel-shortcode.gallery-carousel-shortcode-id-412aaaed1dc249b222ea0603dc029477 img,\n.gallery-carousel-shortcode.gallery-carousel-shortcode-id-412aaaed1dc249b222ea0603dc029477 .gallery-rollover {\n  border-radius: 0px;\n}\n.gallery-carousel-shortcode.gallery-carousel-shortcode-id-412aaaed1dc249b222ea0603dc029477.enable-bg-rollover .gallery-rollover {\n  background: -webkit-linear-gradient();\n  background: linear-gradient();\n}\n.gallery-carousel-shortcode.gallery-carousel-shortcode-id-412aaaed1dc249b222ea0603dc029477.enable-img-shadow .owl-stage-outer {\n  padding: 14px 0;\n}\n.gallery-carousel-shortcode.gallery-carousel-shortcode-id-412aaaed1dc249b222ea0603dc029477.enable-bg-rollover.hover-scale figure .rollover:after {\n  background: -webkit-linear-gradient();\n  background: linear-gradient();\n}\n.gallery-carousel-shortcode.gallery-carousel-shortcode-id-412aaaed1dc249b222ea0603dc029477.gallery-shortcode .gallery-zoom-ico {\n  width: 44px;\n  height: 44px;\n  line-height: 44px;\n  border-radius: 100px;\n  margin: -22px 0 0 -22px;\n  border-width: 0px;\n}\n.dt-icon-bg-on.gallery-carousel-shortcode.gallery-carousel-shortcode-id-412aaaed1dc249b222ea0603dc029477.gallery-shortcode .gallery-zoom-ico {\n  background: rgba(255,255,255,0.3);\n  box-shadow: none;\n}\n.gallery-carousel-shortcode.gallery-carousel-shortcode-id-412aaaed1dc249b222ea0603dc029477.gallery-shortcode .gallery-zoom-ico:before,\n.gallery-carousel-shortcode.gallery-carousel-shortcode-id-412aaaed1dc249b222ea0603dc029477.gallery-shortcode .gallery-zoom-ico span {\n  font-size: 32px;\n  line-height: 44px;\n  color: #ffffff;\n  background: none;\n}\n<\/style><div class=\"owl-carousel gallery-carousel-shortcode gallery-shortcode  dt-gallery-container dt-owl-carousel-call gallery-carousel-shortcode-id-412aaaed1dc249b222ea0603dc029477 quick-scale-img enable-bg-rollover meta-info-off dt-arrow-border-on dt-arrow-hover-border-on bullets-small-dot-stroke reposition-arrows dt-icon-bg-off arrows-bg-on disable-arrows-hover-bg arrows-hover-bg-on  vc_custom_1713176348598 hover-fade \" data-scroll-mode=\"1\" data-col-num=\"1\" data-wide-col-num=\"1\" data-laptop-col=\"1\" data-h-tablet-columns-num=\"1\" data-v-tablet-columns-num=\"1\" data-phone-columns-num=\"1\" data-col-gap=\"10\" data-stage-padding=\"0\" data-speed=\"600\" data-autoplay=\"false\" data-autoplay_speed=\"6000\" data-arrows=\"true\" data-bullet=\"false\" data-next-icon=\"icon-ar-017-r\" data-prev-icon=\"icon-ar-017-l\" data-img-shadow-size=\"12px\" data-img-shadow-spread=\"3px\"><div data-post-id=\"2396\" data-date=\"2024-03-09T22:11:46+00:00\" data-name=\"Traktorske cisterne (1)\"><figure class=\"post\"><a href=\"https:\/\/cabarplast.com\/wp-content\/uploads\/2024\/03\/Traktorske-cisterne-1.jpg\" class=\"rollover dt-pswp-item layzr-bg\" data-large_image_width=\"1080\" data-large_image_height=\"1080\" data-dt-img-description=\"\" title=\"Traktorske cisterne (1)\"><img fetchpriority=\"high\" decoding=\"async\" class=\"preload-me owl-lazy-load aspect\" src=\"data:image\/svg+xml,%3Csvg%20xmlns%3D&#39;http%3A%2F%2Fwww.w3.org%2F2000%2Fsvg&#39;%20viewBox%3D&#39;0%200%201080%201080&#39;%2F%3E\" data-src=\"https:\/\/cabarplast.com\/wp-content\/uploads\/2024\/03\/Traktorske-cisterne-1.jpg\" data-srcset=\"https:\/\/cabarplast.com\/wp-content\/uploads\/2024\/03\/Traktorske-cisterne-1.jpg 1080w\" loading=\"eager\" style=\"--ratio: 1080 \/ 1080\" sizes=\"(max-width: 1080px) 100vw, 1080px\" alt=\"\" width=\"1080\" height=\"1080\"  \/><span class=\"gallery-rollover\"><span class=\"gallery-zoom-ico icomoon-the7-font-the7-zoom-06\"><span><\/span><\/span><\/span><\/a><\/figure><\/div><div data-post-id=\"2397\" data-date=\"2024-03-09T22:11:47+00:00\" data-name=\"Traktorske cisterne (2)\"><figure class=\"post\"><a href=\"https:\/\/cabarplast.com\/wp-content\/uploads\/2024\/03\/Traktorske-cisterne-2.jpg\" class=\"rollover dt-pswp-item layzr-bg\" data-large_image_width=\"1080\" data-large_image_height=\"1080\" data-dt-img-description=\"\" title=\"Traktorske cisterne (2)\"><img decoding=\"async\" class=\"preload-me owl-lazy-load aspect\" src=\"data:image\/svg+xml,%3Csvg%20xmlns%3D&#39;http%3A%2F%2Fwww.w3.org%2F2000%2Fsvg&#39;%20viewBox%3D&#39;0%200%201080%201080&#39;%2F%3E\" data-src=\"https:\/\/cabarplast.com\/wp-content\/uploads\/2024\/03\/Traktorske-cisterne-2.jpg\" data-srcset=\"https:\/\/cabarplast.com\/wp-content\/uploads\/2024\/03\/Traktorske-cisterne-2.jpg 1080w\" loading=\"eager\" style=\"--ratio: 1080 \/ 1080\" sizes=\"(max-width: 1080px) 100vw, 1080px\" alt=\"\" width=\"1080\" height=\"1080\"  \/><span class=\"gallery-rollover\"><span class=\"gallery-zoom-ico icomoon-the7-font-the7-zoom-06\"><span><\/span><\/span><\/span><\/a><\/figure><\/div><div data-post-id=\"2398\" data-date=\"2024-03-09T22:11:48+00:00\" data-name=\"Traktorske cisterne (3)\"><figure class=\"post\"><a href=\"https:\/\/cabarplast.com\/wp-content\/uploads\/2024\/03\/Traktorske-cisterne-3.jpg\" class=\"rollover dt-pswp-item layzr-bg\" data-large_image_width=\"1080\" data-large_image_height=\"1080\" data-dt-img-description=\"\" title=\"Traktorske cisterne (3)\"><img decoding=\"async\" class=\"preload-me owl-lazy-load aspect\" src=\"data:image\/svg+xml,%3Csvg%20xmlns%3D&#39;http%3A%2F%2Fwww.w3.org%2F2000%2Fsvg&#39;%20viewBox%3D&#39;0%200%201080%201080&#39;%2F%3E\" data-src=\"https:\/\/cabarplast.com\/wp-content\/uploads\/2024\/03\/Traktorske-cisterne-3.jpg\" data-srcset=\"https:\/\/cabarplast.com\/wp-content\/uploads\/2024\/03\/Traktorske-cisterne-3.jpg 1080w\" loading=\"eager\" style=\"--ratio: 1080 \/ 1080\" sizes=\"(max-width: 1080px) 100vw, 1080px\" alt=\"\" width=\"1080\" height=\"1080\"  \/><span class=\"gallery-rollover\"><span class=\"gallery-zoom-ico icomoon-the7-font-the7-zoom-06\"><span><\/span><\/span><\/span><\/a><\/figure><\/div><div data-post-id=\"2399\" data-date=\"2024-03-09T22:11:49+00:00\" data-name=\"Traktorske cisterne (4)\"><figure class=\"post\"><a href=\"https:\/\/cabarplast.com\/wp-content\/uploads\/2024\/03\/Traktorske-cisterne-4.jpg\" class=\"rollover dt-pswp-item layzr-bg\" data-large_image_width=\"1080\" data-large_image_height=\"1080\" data-dt-img-description=\"\" title=\"Traktorske cisterne (4)\"><img decoding=\"async\" class=\"preload-me owl-lazy-load aspect\" src=\"data:image\/svg+xml,%3Csvg%20xmlns%3D&#39;http%3A%2F%2Fwww.w3.org%2F2000%2Fsvg&#39;%20viewBox%3D&#39;0%200%201080%201080&#39;%2F%3E\" data-src=\"https:\/\/cabarplast.com\/wp-content\/uploads\/2024\/03\/Traktorske-cisterne-4.jpg\" data-srcset=\"https:\/\/cabarplast.com\/wp-content\/uploads\/2024\/03\/Traktorske-cisterne-4.jpg 1080w\" loading=\"eager\" style=\"--ratio: 1080 \/ 1080\" sizes=\"(max-width: 1080px) 100vw, 1080px\" alt=\"\" width=\"1080\" height=\"1080\"  \/><span class=\"gallery-rollover\"><span class=\"gallery-zoom-ico icomoon-the7-font-the7-zoom-06\"><span><\/span><\/span><\/span><\/a><\/figure><\/div><\/div>[\/vc_column][vc_column width=&#8221;1\/2&#8243; css=&#8221;.vc_custom_1709647368309{border-left-width: 1px !important;padding-right: 30px !important;padding-left: 30px !important;border-left-color: #0e415f !important;border-left-style: solid !important;}&#8221;][vc_column_text css=&#8221;&#8221;]<\/p>\n<h1>Rezervoari plastik p\u00ebr <strong>traktor\u00eb<\/strong><\/h1>\n<p>&nbsp;<\/p>\n<p>Rezervoar\u00ebt plastik p\u00ebr traktor\u00eb luajn\u00eb nj\u00eb rol jet\u00ebsor n\u00eb bot\u00ebn e bujq\u00ebsis\u00eb, duke ofruar zgjidhje p\u00ebr ujitje, transport t\u00eb l\u00ebngjeve dhe shum\u00eb detyra t\u00eb tjera.<\/p>\n<p>Me kapacitete t\u00eb ndryshme q\u00eb variojn\u00eb nga 250 litra deri n\u00eb 50,000 litra, k\u00ebta rezervuar\u00eb jan\u00eb t\u00eb p\u00ebrshtatsh\u00ebm p\u00ebr nevojat e \u00e7do ferme, ekonomie bujq\u00ebsore dhe agro-biznesi.<br \/>\n[\/vc_column_text][vc_empty_space height=&#8221;20&#8243;]<a href=\"https:\/\/cabarplast.com\/sq\/kontakt\/\" class=\"btn-shortcode dt-btn-m dt-btn default-btn-color default-btn-hover-color default-btn-bg-color default-btn-bg-hover-color\" id=\"dt-btn-1\"><span>Kontaktoni me ne<\/span><\/a>[\/vc_column][\/vc_row][vc_row][vc_column][vc_empty_space height=&#8221;50&#8243;][\/vc_column][\/vc_row][vc_row full_width=&#8221;stretch_row_content_no_spaces&#8221;][vc_column][vc_column_text]<img loading=\"lazy\" decoding=\"async\" class=\"aligncenter wp-image-232 size-full\" src=\"https:\/\/cabarplast.com\/wp-content\/uploads\/2024\/03\/footer-4.png\" alt=\"\" width=\"1919\" height=\"50\" srcset=\"https:\/\/cabarplast.com\/wp-content\/uploads\/2024\/03\/footer-4.png 1919w, https:\/\/cabarplast.com\/wp-content\/uploads\/2024\/03\/footer-4-300x8.png 300w, https:\/\/cabarplast.com\/wp-content\/uploads\/2024\/03\/footer-4-1024x27.png 1024w, https:\/\/cabarplast.com\/wp-content\/uploads\/2024\/03\/footer-4-768x20.png 768w, https:\/\/cabarplast.com\/wp-content\/uploads\/2024\/03\/footer-4-1536x40.png 1536w\" sizes=\"auto, (max-width: 1919px) 100vw, 1919px\" \/>[\/vc_column_text][\/vc_column][\/vc_row][vc_row full_width=&#8221;stretch_row&#8221; css=&#8221;.vc_custom_1709643894007{background-color: #0e415f !important;}&#8221;][vc_column][vc_column_text css=&#8221;.vc_custom_1726405147261{padding-right: 30px !important;padding-left: 30px !important;}&#8221;]<\/p>\n<h2><span style=\"color: #fcb426;\">Avantazhet e Rezervuar\u00ebve Plastik p\u00ebr Traktor\u00eb<\/span><\/h2>\n<ul>\n<li><span style=\"color: #fcb426;\">T\u00eb leht\u00eb dhe t\u00eb l\u00ebvizsh\u00ebm<\/span><\/li>\n<\/ul>\n<p><span style=\"color: #ffffff;\">Nj\u00eb nga avantazhet kryesore t\u00eb rezervuar\u00ebve plastik \u00ebsht\u00eb pesha e tyre relativisht e leht\u00eb krahasuar me rezervuar\u00ebt metalik\u00eb. Kjo lejon manovrim dhe transport m\u00eb t\u00eb leht\u00eb, duke i b\u00ebr\u00eb ato ideale p\u00ebr p\u00ebrdorim n\u00eb toka t\u00eb m\u00ebdha bujq\u00ebsore. L\u00ebvizshm\u00ebria \u00ebsht\u00eb \u00e7el\u00ebsi kur b\u00ebhet fjal\u00eb p\u00ebr shp\u00ebrndarjen efikase t\u00eb burimeve, dhe rezervuar\u00ebt plastik e leht\u00ebsojn\u00eb k\u00ebt\u00eb me p\u00ebrpjekje minimale.<br \/>\n<\/span><\/p>\n<ul>\n<li><span style=\"color: #fcb426;\">Q\u00ebndrueshm\u00ebri dhe Rezistenc\u00eb ndaj Korozionit<\/span><\/li>\n<\/ul>\n<p><span style=\"color: #ffffff;\">Rezervuar\u00ebt plastik\u00eb jan\u00eb jasht\u00ebzakonisht rezistent\u00eb ndaj korrozionit, duke i b\u00ebr\u00eb ata m\u00eb t\u00eb q\u00ebndruesh\u00ebm n\u00eb mjediset e lagura dhe kimikisht aktive t\u00eb zakonshme n\u00eb bujq\u00ebsi. Ndryshe nga rezervuar\u00ebt metalik\u00eb, t\u00eb cil\u00ebt mund t\u00eb ndryshken dhe t\u00eb degradohen, rezervuar\u00ebt plastik\u00eb e ruajn\u00eb integritetin e tyre edhe kur ekspozohen ndaj plehrave, pesticideve dhe l\u00ebngjeve t\u00eb ndryshme.<br \/>\n<\/span><\/p>\n<ul>\n<li><span style=\"color: #fcb426;\">P\u00ebrshtatshm\u00ebri dhe Shum\u00ebllojshm\u00ebri Kapacitetesh<\/span><\/li>\n<\/ul>\n<p><span style=\"color: #ffffff;\">Me kapacitete q\u00eb variojn\u00eb nga 250 deri n\u00eb 50,000 litra, rezervuar\u00ebt plastik\u00eb p\u00ebr traktor\u00eb mund t\u00eb p\u00ebrmbushin nj\u00eb gam\u00eb t\u00eb gjer\u00eb t\u00eb nevojave t\u00eb fermave. Nga operacionet e vogla q\u00eb k\u00ebrkojn\u00eb ujitje precize deri n\u00eb fermat e m\u00ebdha q\u00eb kan\u00eb nevoj\u00eb p\u00ebr sasi t\u00eb m\u00ebdha uji ose plehra t\u00eb l\u00ebngsh\u00ebm, ekziston nj\u00eb model p\u00ebr \u00e7do situat\u00eb.<br \/>\n<\/span><\/p>\n<ul>\n<li><span style=\"color: #fcb426;\">Leht\u00ebsia e Mir\u00ebmbajtjes <\/span><\/li>\n<\/ul>\n<p><span style=\"color: #ffffff;\">Rezervuar\u00ebt plastik\u00eb jan\u00eb relativisht t\u00eb leht\u00eb p\u00ebr t&#8217;u mir\u00ebmbajtur. Ata nuk k\u00ebrkojn\u00eb lyerje ose trajtime t\u00eb rregullta kund\u00ebr korrozionit. Pastrimi \u00ebsht\u00eb gjithashtu i thjesht\u00eb, gj\u00eb q\u00eb ndihmon n\u00eb ruajtjen e higjien\u00ebs dhe parandalon kontaminimin e p\u00ebrmbajtjes.<br \/>\n<\/span>[\/vc_column_text][vc_empty_space height=&#8221;50&#8243;][\/vc_column][\/vc_row][vc_row full_width=&#8221;stretch_row&#8221; css=&#8221;.vc_custom_1709644275584{background-color: #efefef !important;}&#8221;][vc_column][vc_column_text css=&#8221;.vc_custom_1726405246260{padding-right: 30px !important;padding-left: 30px !important;}&#8221;]<\/p>\n<h2>Aplikimet e Rezervuar\u00ebve dhe Depozitave Plastike n\u00eb Bujq\u00ebsi<\/h2>\n<ul>\n<li><strong>Ujitja dhe vaditja<\/strong><\/li>\n<\/ul>\n<p>Nj\u00eb nga aplikimet kryesore t\u00eb rezervuar\u00ebve plastik\u00eb n\u00eb bujq\u00ebsi \u00ebsht\u00eb ujitja dhe vaditja. Rezervuar\u00ebt e m\u00ebdhenj mund t\u00eb p\u00ebrdoren p\u00ebr t\u00eb ruajtur sasi t\u00eb konsiderueshme uji t\u00eb nevojshme p\u00ebr t\u00eb mbajtur lag\u00ebshtin\u00eb gjat\u00eb periudhave t\u00eb that\u00ebsirave ose n\u00eb zona ku qasja n\u00eb uj\u00eb \u00ebsht\u00eb e kufizuar. Kjo u lejon fermer\u00ebve t\u00eb optimizojn\u00eb rritjen dhe zhvillimin e bim\u00ebve, duke rritur rendimentin dhe cil\u00ebsin\u00eb e t\u00eb korrave.<\/p>\n<ul>\n<li><strong> Transporti i L\u00ebngjeve<\/strong><\/li>\n<\/ul>\n<p>Rezervuar\u00ebt plastik\u00eb jan\u00eb thelb\u00ebsor\u00eb p\u00ebr transportimin e l\u00ebngjeve t\u00eb ndryshme n\u00eb ferm\u00eb, duke p\u00ebrfshir\u00eb ujin, vajin, vajin e djegsh\u00ebm, si dhe plehra t\u00eb l\u00ebngsh\u00ebm dhe pesticide. Fal\u00eb rezistenc\u00ebs ndaj korrozionit dhe inertitetit kimik, k\u00ebto rezervuar\u00eb jan\u00eb t\u00eb sigurt p\u00ebr transportimin dhe ruajtjen e nj\u00eb game t\u00eb gjer\u00eb t\u00eb produkteve agrokimike, duke i mbrojtur ato nga kontaminimi dhe duke siguruar p\u00ebrdorimin e tyre efikas n\u00eb fush\u00eb.<\/p>\n<ul>\n<li><strong>Ruajtja dhe Konservimi i L\u00ebngjeve<\/strong><\/li>\n<\/ul>\n<p>Rezervuar\u00ebt plastik\u00eb sh\u00ebrbejn\u00eb gjithashtu si nj\u00eb zgjidhje afatgjat\u00eb p\u00ebr ruajtjen e l\u00ebngjeve, duke p\u00ebrfshir\u00eb ujin e pijsh\u00ebm, ujin e shiut, si dhe plehra t\u00eb l\u00ebngsh\u00ebm dhe pesticide. Pap\u00ebrshkueshm\u00ebria e tyre dhe rezistenca ndaj rrezatimit UV garantojn\u00eb jet\u00ebgjat\u00ebsi dhe ruajn\u00eb cil\u00ebsin\u00eb e l\u00ebngjeve t\u00eb ruajtura.<\/p>\n<ul>\n<li><strong>P\u00ebrshtatje p\u00ebr Nevoja Specifike<\/strong><\/li>\n<\/ul>\n<p>Nj\u00eb avantazh i madh i rezervuar\u00ebve dhe depozitave plastike \u00ebsht\u00eb mund\u00ebsia p\u00ebr t&#8217;i p\u00ebrshtatur ato p\u00ebrmes instalimit t\u00eb pajisjeve dhe aksesor\u00ebve t\u00eb ndrysh\u00ebm, si valvola, rubineta, tregues niveli dhe hapje inspektimi. Kjo u lejon fermer\u00ebve t\u00eb konfigurojn\u00eb sistemet e tyre t\u00eb ujitjes, vaditjes ose transportit t\u00eb l\u00ebngjeve sipas nevojave dhe k\u00ebrkesave specifike, duke p\u00ebrmir\u00ebsuar efikasitetin dhe produktivitetin n\u00eb ferm\u00eb.<br \/>\n[\/vc_column_text][vc_column_text][\/vc_column_text][vc_empty_space][\/vc_column][\/vc_row][vc_row][vc_column][vc_column_text css=&#8221;.vc_custom_1726405411130{padding-top: 30px !important;padding-right: 30px !important;padding-bottom: 30px !important;padding-left: 30px !important;background-color: #0e415f !important;border-radius: 15px !important;}&#8221;]<\/p>\n<h2><span style=\"color: #fcb426;\">P\u00ebrfitimet e Rezervuar\u00ebve dhe Depozitave Plastike <\/span><\/h2>\n<p><span style=\"color: #ffffff;\">Rezervuar\u00ebt plastik\u00eb t\u00eb ujit, rezervuar\u00ebt e naft\u00ebs dhe rezervuar\u00ebt e tjer\u00eb t\u00eb l\u00ebngjeve u ofrojn\u00eb fermer\u00ebve p\u00ebrpar\u00ebsi t\u00eb shumta:<\/span><\/p>\n<ul>\n<li><span style=\"color: #fcb426;\">Q\u00ebndrueshm\u00ebria dhe Jet\u00ebgjat\u00ebsia: <\/span><span style=\"color: #ffffff;\">Materiale t\u00eb tilla si HDPE dhe PP sigurojn\u00eb rezistenc\u00eb ndaj d\u00ebmtimeve mekanike, thyerjes, si dhe temperaturave ekstreme, nga -30\u00b0C deri n\u00eb +60\u00b0C.<br \/>\n<\/span><\/li>\n<li><span style=\"color: #fcb426;\">Miq\u00ebsore me Mjedisin:<\/span> <span style=\"color: #ffffff;\">K\u00ebto materiale jan\u00eb miq\u00ebsore me mjedisin, me ndikim minimal n\u00eb mjedis gjat\u00eb prodhimit dhe n\u00eb fund t\u00eb ciklit t\u00eb jet\u00ebs.<\/span><\/li>\n<li><span style=\"color: #fcb426;\">Rezistenca ndaj Rrezatimit UV: <\/span> <span style=\"color: #ffffff;\">Aditiv\u00eb t\u00eb specializuar n\u00eb material mbrojn\u00eb rezervuar\u00ebt nga degradimi n\u00ebn ndikimin e rrezeve t\u00eb diellit.<br \/>\n<\/span><\/li>\n<li><span style=\"color: #fcb426;\">P\u00ebrshtatshm\u00ebria: <\/span> <span style=\"color: #ffffff;\">Mund\u00ebsia p\u00ebr t\u00eb instaluar pajisje dhe aksesor\u00eb t\u00eb ndrysh\u00ebm u lejon fermer\u00ebve t\u00eb p\u00ebrshtatin rezervuar\u00ebt sipas nevojave specifike.<\/span><\/li>\n<\/ul>\n<p>[\/vc_column_text][vc_column_text][\/vc_column_text][vc_empty_space][\/vc_column][\/vc_row][vc_row][vc_column][vc_column_text css=&#8221;.vc_custom_1726405424727{padding-right: 30px !important;padding-left: 30px !important;}&#8221;]Rezervuar\u00ebt dhe depozitat plastike jan\u00eb b\u00ebr\u00eb nj\u00eb pjes\u00eb e domosdoshme e bujq\u00ebsis\u00eb moderne, duke ofruar zgjidhje t\u00eb besueshme p\u00ebr ujitje, vaditje dhe transport t\u00eb l\u00ebngjeve.<\/p>\n<p>P\u00ebrshtatshm\u00ebria, q\u00ebndrueshm\u00ebria dhe miq\u00ebsia e tyre ndaj mjedisit i b\u00ebjn\u00eb ato nj\u00eb zgjedhje ideale p\u00ebr fermer\u00ebt q\u00eb synojn\u00eb t\u00eb optimizojn\u00eb operacionet e tyre dhe t\u00eb menaxhojn\u00eb burimet n\u00eb m\u00ebnyr\u00eb t\u00eb q\u00ebndrueshme. P\u00ebrmes aplikacioneve t\u00eb ndryshme, nga ujitja dhe vaditja deri te transporti dhe ruajtja e l\u00ebngjeve, rezervuar\u00ebt dhe depozitat plastike luajn\u00eb nj\u00eb rol ky\u00e7 n\u00eb rritjen e efikasitetit dhe produktivitetit t\u00eb praktikave bujq\u00ebsore, duke i b\u00ebr\u00eb ato nj\u00eb mjet t\u00eb paz\u00ebvend\u00ebsuesh\u00ebm n\u00eb arsenalin e fermerit modern.<br \/>\n[\/vc_column_text][vc_empty_space][\/vc_column][\/vc_row][vc_row full_width=&#8221;stretch_row_content_no_spaces&#8221;][vc_column][vc_column_text]<img loading=\"lazy\" decoding=\"async\" class=\"aligncenter wp-image-232 size-full\" src=\"https:\/\/cabarplast.com\/wp-content\/uploads\/2024\/03\/footer-4.png\" alt=\"\" width=\"1919\" height=\"50\" srcset=\"https:\/\/cabarplast.com\/wp-content\/uploads\/2024\/03\/footer-4.png 1919w, https:\/\/cabarplast.com\/wp-content\/uploads\/2024\/03\/footer-4-300x8.png 300w, https:\/\/cabarplast.com\/wp-content\/uploads\/2024\/03\/footer-4-1024x27.png 1024w, https:\/\/cabarplast.com\/wp-content\/uploads\/2024\/03\/footer-4-768x20.png 768w, https:\/\/cabarplast.com\/wp-content\/uploads\/2024\/03\/footer-4-1536x40.png 1536w\" sizes=\"auto, (max-width: 1919px) 100vw, 1919px\" \/>[\/vc_column_text][\/vc_column][\/vc_row]<\/p>\n<\/div>","protected":false},"excerpt":{"rendered":"<p>[vc_row][vc_column width=&#8221;1\/2&#8243;][\/vc_column][vc_column width=&#8221;1\/2&#8243; css=&#8221;.vc_custom_1709647368309{border-left-width: 1px !important;padding-right: 30px !important;padding-left: 30px !important;border-left-color: #0e415f !important;border-left-style: solid !important;}&#8221;][vc_column_text css=&#8221;&#8221;] Rezervoari plastik p\u00ebr traktor\u00eb &nbsp; Rezervoar\u00ebt plastik p\u00ebr traktor\u00eb luajn\u00eb nj\u00eb rol jet\u00ebsor n\u00eb bot\u00ebn e bujq\u00ebsis\u00eb, duke ofruar zgjidhje p\u00ebr ujitje, transport t\u00eb l\u00ebngjeve dhe shum\u00eb detyra t\u00eb tjera. Me kapacitete t\u00eb ndryshme q\u00eb variojn\u00eb nga 250 litra deri&hellip;<\/p>\n","protected":false},"author":1,"featured_media":0,"parent":0,"menu_order":0,"comment_status":"closed","ping_status":"closed","template":"","meta":{"footnotes":""},"class_list":["post-2387","page","type-page","status-publish","hentry","description-off"],"_links":{"self":[{"href":"https:\/\/cabarplast.com\/sq\/wp-json\/wp\/v2\/pages\/2387","targetHints":{"allow":["GET"]}}],"collection":[{"href":"https:\/\/cabarplast.com\/sq\/wp-json\/wp\/v2\/pages"}],"about":[{"href":"https:\/\/cabarplast.com\/sq\/wp-json\/wp\/v2\/types\/page"}],"author":[{"embeddable":true,"href":"https:\/\/cabarplast.com\/sq\/wp-json\/wp\/v2\/users\/1"}],"replies":[{"embeddable":true,"href":"https:\/\/cabarplast.com\/sq\/wp-json\/wp\/v2\/comments?post=2387"}],"version-history":[{"count":2,"href":"https:\/\/cabarplast.com\/sq\/wp-json\/wp\/v2\/pages\/2387\/revisions"}],"predecessor-version":[{"id":2390,"href":"https:\/\/cabarplast.com\/sq\/wp-json\/wp\/v2\/pages\/2387\/revisions\/2390"}],"wp:attachment":[{"href":"https:\/\/cabarplast.com\/sq\/wp-json\/wp\/v2\/media?parent=2387"}],"curies":[{"name":"wp","href":"https:\/\/api.w.org\/{rel}","templated":true}]}}