{"id":2382,"date":"2024-03-04T21:00:42","date_gmt":"2024-03-04T21:00:42","guid":{"rendered":"https:\/\/cabarplast.com\/plasticni-silos-za-zitarice\/"},"modified":"2024-10-14T18:34:35","modified_gmt":"2024-10-14T18:34:35","slug":"silot-plastike","status":"publish","type":"page","link":"https:\/\/cabarplast.com\/sq\/silot-plastike\/","title":{"rendered":"Silot Plastike"},"content":{"rendered":"<div class=\"wpb-content-wrapper\"><p>[vc_row][vc_column width=&#8221;1\/2&#8243;]<style type=\"text\/css\" data-type=\"the7_shortcodes-inline-css\">.gallery-carousel-shortcode.gallery-carousel-shortcode-id-36b2c3368d8280b13e34463276562575 .owl-nav a {\n  width: 30px;\n  height: 30px;\n  border-radius: 500px;\n}\n.dt-arrow-border-on.gallery-carousel-shortcode.gallery-carousel-shortcode-id-36b2c3368d8280b13e34463276562575 .owl-nav a:not(:hover):before {\n  border-width: 0px;\n}\n.dt-arrow-hover-border-on.gallery-carousel-shortcode.gallery-carousel-shortcode-id-36b2c3368d8280b13e34463276562575 .owl-nav a:hover:after {\n  border-width: 0px;\n}\n.gallery-carousel-shortcode.gallery-carousel-shortcode-id-36b2c3368d8280b13e34463276562575 .owl-nav a.owl-prev {\n  top: calc(100% + 0px);\n  left: -43px;\n}\n.gallery-carousel-shortcode.gallery-carousel-shortcode-id-36b2c3368d8280b13e34463276562575 .owl-nav a.owl-prev i {\n  padding: 0px 5px 0px 5px;\n}\n.gallery-carousel-shortcode.gallery-carousel-shortcode-id-36b2c3368d8280b13e34463276562575 .owl-nav a.owl-next {\n  top: calc(100% + 0px);\n  right: -43px;\n}\n.gallery-carousel-shortcode.gallery-carousel-shortcode-id-36b2c3368d8280b13e34463276562575 .owl-nav a.owl-next i {\n  padding: 0px 5px 0px 5px;\n}\n.gallery-carousel-shortcode.gallery-carousel-shortcode-id-36b2c3368d8280b13e34463276562575 .owl-nav i {\n  font-size: 15px;\n}\n.gallery-carousel-shortcode.gallery-carousel-shortcode-id-36b2c3368d8280b13e34463276562575 .owl-nav a:not(:hover) i,\n.gallery-carousel-shortcode.gallery-carousel-shortcode-id-36b2c3368d8280b13e34463276562575 .owl-nav a:not(:hover) i:before {\n  color: #ffffff;\n  background: none;\n}\n.gallery-carousel-shortcode.gallery-carousel-shortcode-id-36b2c3368d8280b13e34463276562575 .owl-nav a:hover i,\n.gallery-carousel-shortcode.gallery-carousel-shortcode-id-36b2c3368d8280b13e34463276562575 .owl-nav a:hover i:before {\n  color: rgba(255,255,255,0.75);\n  background: none;\n}\n.gallery-carousel-shortcode.gallery-carousel-shortcode-id-36b2c3368d8280b13e34463276562575 .owl-dots {\n  top: calc(100% + 20px);\n  left: 50%;\n  transform: translateX(calc(-50% + 0px));\n}\n@media all and (-ms-high-contrast: none) {\n  .gallery-carousel-shortcode.gallery-carousel-shortcode-id-36b2c3368d8280b13e34463276562575 .owl-dots {\n    transform: translateX(-50%);\n    margin-left: 0px;\n  }\n}\n.gallery-carousel-shortcode.gallery-carousel-shortcode-id-36b2c3368d8280b13e34463276562575 .owl-dot {\n  width: 10px;\n  height: 10px;\n  margin: 0 8px;\n}\n@media screen and (max-width: 778px) {\n  .gallery-carousel-shortcode.gallery-carousel-shortcode-id-36b2c3368d8280b13e34463276562575.hide-arrows .owl-nav a {\n    display: none;\n  }\n}\n@media screen and (max-width: 778px) {\n  .gallery-carousel-shortcode.gallery-carousel-shortcode-id-36b2c3368d8280b13e34463276562575.reposition-arrows .owl-nav .owl-prev {\n    top: calc(100% + 0px);\n    left: 10px;\n  }\n  .gallery-carousel-shortcode.gallery-carousel-shortcode-id-36b2c3368d8280b13e34463276562575.reposition-arrows .owl-nav .owl-next {\n    top: calc(100% + 0px);\n    right: 10px;\n  }\n}\n.gallery-carousel-shortcode.gallery-carousel-shortcode-id-36b2c3368d8280b13e34463276562575 figure,\n.gallery-carousel-shortcode.gallery-carousel-shortcode-id-36b2c3368d8280b13e34463276562575 .rollover,\n.gallery-carousel-shortcode.gallery-carousel-shortcode-id-36b2c3368d8280b13e34463276562575 img,\n.gallery-carousel-shortcode.gallery-carousel-shortcode-id-36b2c3368d8280b13e34463276562575 .gallery-rollover {\n  border-radius: 0px;\n}\n.gallery-carousel-shortcode.gallery-carousel-shortcode-id-36b2c3368d8280b13e34463276562575.enable-bg-rollover .gallery-rollover {\n  background: -webkit-linear-gradient();\n  background: linear-gradient();\n}\n.gallery-carousel-shortcode.gallery-carousel-shortcode-id-36b2c3368d8280b13e34463276562575.enable-img-shadow .owl-stage-outer {\n  padding: 14px 0;\n}\n.gallery-carousel-shortcode.gallery-carousel-shortcode-id-36b2c3368d8280b13e34463276562575.enable-bg-rollover.hover-scale figure .rollover:after {\n  background: -webkit-linear-gradient();\n  background: linear-gradient();\n}\n.gallery-carousel-shortcode.gallery-carousel-shortcode-id-36b2c3368d8280b13e34463276562575.gallery-shortcode .gallery-zoom-ico {\n  width: 44px;\n  height: 44px;\n  line-height: 44px;\n  border-radius: 100px;\n  margin: -22px 0 0 -22px;\n  border-width: 0px;\n}\n.dt-icon-bg-on.gallery-carousel-shortcode.gallery-carousel-shortcode-id-36b2c3368d8280b13e34463276562575.gallery-shortcode .gallery-zoom-ico {\n  background: rgba(255,255,255,0.3);\n  box-shadow: none;\n}\n.gallery-carousel-shortcode.gallery-carousel-shortcode-id-36b2c3368d8280b13e34463276562575.gallery-shortcode .gallery-zoom-ico:before,\n.gallery-carousel-shortcode.gallery-carousel-shortcode-id-36b2c3368d8280b13e34463276562575.gallery-shortcode .gallery-zoom-ico span {\n  font-size: 32px;\n  line-height: 44px;\n  color: #ffffff;\n  background: none;\n}\n<\/style><div class=\"owl-carousel gallery-carousel-shortcode gallery-shortcode  dt-gallery-container dt-owl-carousel-call gallery-carousel-shortcode-id-36b2c3368d8280b13e34463276562575 quick-scale-img enable-bg-rollover meta-info-off dt-arrow-border-on dt-arrow-hover-border-on bullets-small-dot-stroke reposition-arrows dt-icon-bg-off arrows-bg-on disable-arrows-hover-bg arrows-hover-bg-on  vc_custom_1713176209381 hover-fade \" data-scroll-mode=\"1\" data-col-num=\"1\" data-wide-col-num=\"1\" data-laptop-col=\"1\" data-h-tablet-columns-num=\"1\" data-v-tablet-columns-num=\"1\" data-phone-columns-num=\"1\" data-col-gap=\"10\" data-stage-padding=\"0\" data-speed=\"600\" data-autoplay=\"false\" data-autoplay_speed=\"6000\" data-arrows=\"true\" data-bullet=\"false\" data-next-icon=\"icon-ar-017-r\" data-prev-icon=\"icon-ar-017-l\" data-img-shadow-size=\"12px\" data-img-shadow-spread=\"3px\"><div data-post-id=\"2383\" data-date=\"2024-04-15T10:03:30+00:00\" data-name=\"Plasticni-silosi-1\"><figure class=\"post\"><a href=\"https:\/\/cabarplast.com\/wp-content\/uploads\/2024\/04\/Plasticni-silosi-1.jpg\" class=\"rollover dt-pswp-item layzr-bg\" data-large_image_width=\"1080\" data-large_image_height=\"1080\" data-dt-img-description=\"\" title=\"Plasticni-silosi-1\"><img fetchpriority=\"high\" decoding=\"async\" class=\"preload-me owl-lazy-load aspect\" src=\"data:image\/svg+xml,%3Csvg%20xmlns%3D&#39;http%3A%2F%2Fwww.w3.org%2F2000%2Fsvg&#39;%20viewBox%3D&#39;0%200%201080%201080&#39;%2F%3E\" data-src=\"https:\/\/cabarplast.com\/wp-content\/uploads\/2024\/04\/Plasticni-silosi-1.jpg\" data-srcset=\"https:\/\/cabarplast.com\/wp-content\/uploads\/2024\/04\/Plasticni-silosi-1.jpg 1080w\" loading=\"eager\" style=\"--ratio: 1080 \/ 1080\" sizes=\"(max-width: 1080px) 100vw, 1080px\" alt=\"\" width=\"1080\" height=\"1080\"  \/><span class=\"gallery-rollover\"><span class=\"gallery-zoom-ico icomoon-the7-font-the7-zoom-06\"><span><\/span><\/span><\/span><\/a><\/figure><\/div><\/div>[\/vc_column][vc_column width=&#8221;1\/2&#8243; css=&#8221;.vc_custom_1709647368309{border-left-width: 1px !important;padding-right: 30px !important;padding-left: 30px !important;border-left-color: #0e415f !important;border-left-style: solid !important;}&#8221;][vc_column_text css=&#8221;&#8221;]<\/p>\n<h1><strong>Silot<\/strong> Plastike<\/h1>\n<p>&nbsp;<\/p>\n<p>Silot plastike nga \u010cabar Plast paraqesin nj\u00eb zgjidhje revolucionare q\u00eb shquhet p\u00ebr cil\u00ebsin\u00eb, rezistenc\u00ebn dhe p\u00ebrshtatshm\u00ebrin\u00eb e saj. T\u00eb zhvilluara n\u00eb p\u00ebrputhje me tendencat e fundit globale, k\u00ebto silo gjejn\u00eb zbatim t\u00eb gjer\u00eb jo vet\u00ebm n\u00eb ruajtjen e drith\u00ebrave, por edhe n\u00eb industrin\u00eb kimike, si dhe p\u00ebr ruajtjen e p\u00ebrb\u00ebr\u00ebsve t\u00eb ndrysh\u00ebm, granulave dhe materialeve pluhur.<\/p>\n<p>Ky tekst eksploron n\u00eb thell\u00ebsi karakteristikat, avantazhet dhe mund\u00ebsit\u00eb q\u00eb ofrojn\u00eb silot plastike \u010cabar Plast, duke theksuar se si ato mund t\u00eb p\u00ebrmir\u00ebsojn\u00eb praktikat e ruajtjes dhe t\u00eb kontribuojn\u00eb n\u00eb q\u00ebndrueshm\u00ebrin\u00eb e bizneseve.[\/vc_column_text][vc_empty_space height=&#8221;20&#8243;]<a href=\"https:\/\/cabarplast.com\/sq\/kontakt\/\" class=\"btn-shortcode dt-btn-m dt-btn default-btn-color default-btn-hover-color default-btn-bg-color default-btn-bg-hover-color\" id=\"dt-btn-1\"><span>Kontaktoni me ne<\/span><\/a>[\/vc_column][\/vc_row][vc_row][vc_column][vc_empty_space][vc_column_text css=&#8221;.vc_custom_1726404681397{padding-right: 30px !important;padding-left: 30px !important;}&#8221;]<\/p>\n<h2><strong>Karakteristikat<\/strong> e Silove Plastike \u010cabar Plast<\/h2>\n<p>Silot plastike \u010cabar Plast jan\u00eb prodhuar nga materiale me cil\u00ebsi t\u00eb lart\u00eb si polietileni me dend\u00ebsi t\u00eb lart\u00eb (HDPE) dhe polipropileni (PP), duke p\u00ebrdorur teknologjin\u00eb e dredhimit spiral dhe saldimit plastik. K\u00ebto karakteristika u japin silove rezistenc\u00eb t\u00eb jasht\u00ebzakonshme ndaj d\u00ebmtimeve fizike, luhatjeve t\u00eb temperatur\u00ebs dhe ndikimeve kimike, duke i b\u00ebr\u00eb ato ideale p\u00ebr ruajtje afatgjat\u00eb t\u00eb materialeve t\u00eb ndryshme.<\/p>\n<p>Dizajni inovativ siguron eliminimin e kondensimit t\u00eb avujve t\u00eb ujit, duke parandaluar ngjitjen e p\u00ebrmbajtjes n\u00eb muret e brendshme t\u00eb silove, nj\u00eb problem i zakonsh\u00ebm me zgjidhjet tradicionale t\u00eb ruajtjes.<br \/>\n[\/vc_column_text][vc_empty_space height=&#8221;50&#8243;][\/vc_column][\/vc_row][vc_row full_width=&#8221;stretch_row_content_no_spaces&#8221;][vc_column][vc_column_text]<img loading=\"lazy\" decoding=\"async\" class=\"aligncenter wp-image-232 size-full\" src=\"https:\/\/cabarplast.com\/wp-content\/uploads\/2024\/03\/footer-4.png\" alt=\"\" width=\"1919\" height=\"50\" srcset=\"https:\/\/cabarplast.com\/wp-content\/uploads\/2024\/03\/footer-4.png 1919w, https:\/\/cabarplast.com\/wp-content\/uploads\/2024\/03\/footer-4-300x8.png 300w, https:\/\/cabarplast.com\/wp-content\/uploads\/2024\/03\/footer-4-1024x27.png 1024w, https:\/\/cabarplast.com\/wp-content\/uploads\/2024\/03\/footer-4-768x20.png 768w, https:\/\/cabarplast.com\/wp-content\/uploads\/2024\/03\/footer-4-1536x40.png 1536w\" sizes=\"auto, (max-width: 1919px) 100vw, 1919px\" \/>[\/vc_column_text][\/vc_column][\/vc_row][vc_row full_width=&#8221;stretch_row&#8221; css=&#8221;.vc_custom_1709643894007{background-color: #0e415f !important;}&#8221;][vc_column][vc_column_text css=&#8221;.vc_custom_1726404757940{padding-right: 30px !important;padding-left: 30px !important;}&#8221;]<\/p>\n<h2><span style=\"color: #fcb426;\"><strong>Avantazhet<\/strong> e Silove Plastike t\u00eb Magazinimit<\/span><\/h2>\n<ul>\n<li><span style=\"color: #fcb426;\">Rezistenca ndaj Kushteve Ekstreme:<\/span> <span style=\"color: #ffffff;\">Duke i b\u00ebr\u00eb ball\u00eb temperaturave nga -30\u00b0C deri n\u00eb +60\u00b0C, silot plastike jan\u00eb rezistente ndaj nj\u00eb game t\u00eb gjer\u00eb t\u00eb l\u00ebngjeve dhe gazeve, si dhe ndaj rrezatimit UV, duke garantuar jet\u00ebgjat\u00ebsin\u00eb dhe pap\u00ebrshkueshm\u00ebrin\u00eb e tyre.<\/span><\/li>\n<li><span style=\"color: #fcb426;\">Miq\u00ebsore me Mjedisin: <\/span> <span style=\"color: #ffffff;\">Materialet e p\u00ebrdorura n\u00eb prodhimin e silove plastike jan\u00eb miq\u00ebsore me mjedisin, duke siguruar q\u00eb materiali humbet vet\u00ebm 5% t\u00eb vetive t\u00eb tij pas 50 vitesh p\u00ebrdorim.<\/span><\/li>\n<li><span style=\"color: #fcb426;\">P\u00ebrshtatshm\u00ebria:<\/span> <span style=\"color: #ffffff;\">Silot jan\u00eb t\u00eb disponueshme n\u00eb forma dhe kapacitete t\u00eb ndryshme, me mund\u00ebsin\u00eb e shtimit t\u00eb pajisjeve shtes\u00eb si shkall\u00eb, valvola, tregues niveli, duke u lejuar klient\u00ebve t\u00eb p\u00ebrshtatin silot sipas nevojave specifike.<br \/>\n<\/span><\/li>\n<\/ul>\n<p>[\/vc_column_text][vc_empty_space height=&#8221;50&#8243;][\/vc_column][\/vc_row][vc_row full_width=&#8221;stretch_row&#8221; css=&#8221;.vc_custom_1709644275584{background-color: #efefef !important;}&#8221;][vc_column][vc_column_text css=&#8221;.vc_custom_1726404841391{padding-right: 30px !important;padding-left: 30px !important;}&#8221;]<\/p>\n<h2>Zbatimet e Silove Plastike<\/h2>\n<p>Silot plastike \u010cabar Plast jan\u00eb zgjidhje multifunksionale q\u00eb, me p\u00ebrshtatshm\u00ebrin\u00eb dhe rezistenc\u00ebn e tyre, gjejn\u00eb zbatim n\u00eb nj\u00eb gam\u00eb t\u00eb gjer\u00eb industrish. Aft\u00ebsia e tyre p\u00ebr t&#8217;i b\u00ebr\u00eb ball\u00eb temperaturave ekstreme, ndikimeve kimike dhe rrezatimit UV i b\u00ebn ato zgjedhjen ideale p\u00ebr sektor\u00eb t\u00eb ndrysh\u00ebm, nga bujq\u00ebsia te ruajtja e ushqimeve dhe pijeve. M\u00eb posht\u00eb, ne eksplorojm\u00eb n\u00eb detaje se si silot plastike \u010cabar Plast u sh\u00ebrbejn\u00eb nevojave specifike t\u00eb k\u00ebtyre industrive.<\/p>\n<h2>Bujq\u00ebsia<\/h2>\n<p>N\u00eb bujq\u00ebsi, ruajtja efikase e drith\u00ebrave, p\u00ebrzierjeve t\u00eb ushqimit p\u00ebr kafsh\u00ebt dhe produkteve t\u00eb tjera agro-ushqimore \u00ebsht\u00eb thelb\u00ebsore p\u00ebr ruajtjen e cil\u00ebsis\u00eb dhe parandalimin e humbjeve. Silot plastike t\u00eb \u010cabar Plast ofrojn\u00eb nj\u00eb zgjidhje perfekte fal\u00eb pap\u00ebrshkueshm\u00ebris\u00eb nga uji dhe rezistenc\u00ebs ndaj d\u00ebmtuesve. P\u00ebr m\u00eb tep\u00ebr, k\u00ebto silo parandalojn\u00eb kondensimin e avullit t\u00eb ujit, duke eliminuar rrezikun e zhvillimit t\u00eb mykut dhe baktereve q\u00eb mund t\u00eb komprometojn\u00eb cil\u00ebsin\u00eb e produkteve t\u00eb ruajtura. Leht\u00ebsia e instalimit dhe aft\u00ebsia p\u00ebr t&#8217;u p\u00ebrshtatur me madh\u00ebsi dhe forma t\u00eb ndryshme u lejojn\u00eb fermer\u00ebve t\u00eb optimizojn\u00eb hap\u00ebsir\u00ebn e magazinimit dhe t\u00eb p\u00ebrmir\u00ebsojn\u00eb efikasitetin e pun\u00ebs.<\/p>\n<h2>Industria Kimike<\/h2>\n<p>P\u00ebr industrin\u00eb kimike, ruajtja e sigurt e granulave, materialeve pluhur si \u00e7imento dhe g\u00eblqere, l\u00ebngjeve dhe gazrave \u00ebsht\u00eb thelb\u00ebsore. Silot plastike \u010cabar Plast jan\u00eb t\u00eb dizajnuara p\u00ebr t&#8217;i b\u00ebr\u00eb ball\u00eb reaksioneve kimike, duke parandaluar bashk\u00ebveprimin e materialeve t\u00eb ruajtura me faktor\u00eb t\u00eb jasht\u00ebm. Rezistenca ndaj korrozionit dhe inertiteti kimik i materialeve nga t\u00eb cilat b\u00ebhen silot i b\u00ebjn\u00eb ato ideale p\u00ebr ruajtjen e nj\u00eb game t\u00eb gjer\u00eb t\u00eb substancave kimike, duke siguruar stabilitetin e tyre dhe parandalimin e ndotjes. P\u00ebrshtatshm\u00ebria n\u00eb aspektin e instalimit t\u00eb pajisjeve shtes\u00eb, si valvola dhe shkall\u00eb, rrit m\u00eb tej funksionalitetin dhe sigurin\u00eb n\u00eb impiantet kimike.<\/p>\n<h2>Ruajtja e Ushqimit dhe Pijeve<\/h2>\n<p>N\u00eb industrin\u00eb e ushqimit dhe pijeve, ruajtja e cil\u00ebsis\u00eb s\u00eb p\u00ebrb\u00ebr\u00ebsve dhe produkteve t\u00eb gatshme \u00ebsht\u00eb me r\u00ebnd\u00ebsi par\u00ebsore. Depozitat plastike \u00c7abar Plast lejojn\u00eb vulosje hermetike dhe mbrojtje nga ndikimet e jashtme, si lag\u00ebshtia, insektet dhe pluhuri, duke siguruar nj\u00eb jet\u00ebgjat\u00ebsi m\u00eb t\u00eb madhe p\u00ebr produktet. Kjo ve\u00e7ori \u00ebsht\u00eb ve\u00e7an\u00ebrisht e r\u00ebnd\u00ebsishme p\u00ebr p\u00ebrb\u00ebr\u00ebsit e ndjesh\u00ebm ndaj ndryshimeve mjedisore, si\u00e7 jan\u00eb mielli, sheqeri dhe drith\u00ebrat e ndryshme. P\u00ebrve\u00e7 k\u00ebsaj, leht\u00ebsia e pastrimit dhe mir\u00ebmbajtjes s\u00eb silove plastike kontribuon n\u00eb standardet e larta t\u00eb higjien\u00ebs t\u00eb nevojshme n\u00eb industrin\u00eb e ushqimit dhe pijeve. Mund\u00ebsia e personalizimit t\u00eb madh\u00ebsis\u00eb dhe form\u00ebs s\u00eb silove, si dhe instalimi i pajisjeve specifike, u lejon prodhuesve t\u00eb ushqimit dhe pijeve t\u00eb optimizojn\u00eb hap\u00ebsir\u00ebn e magazinimit dhe t\u00eb p\u00ebrmir\u00ebsojn\u00eb proceset logjistike.[\/vc_column_text][vc_column_text][\/vc_column_text][vc_empty_space][\/vc_column][\/vc_row][vc_row][vc_column][vc_column_text css=&#8221;.vc_custom_1726404877204{padding-top: 30px !important;padding-right: 30px !important;padding-bottom: 30px !important;padding-left: 30px !important;background-color: #0e415f !important;border-radius: 15px !important;}&#8221;]<\/p>\n<h2><span style=\"color: #fcb426;\"><strong>P\u00ebrshtatje<\/strong> sipas nevojave specifike<\/span><\/h2>\n<p><span style=\"color: #ffffff;\">Silot plastike \u010cabar Plast mund t\u00eb p\u00ebrshtaten duke shtuar pajisje dhe aksesor\u00eb t\u00eb ndrysh\u00ebm, duke p\u00ebrfshir\u00eb shkall\u00ebt e aksesit, valvola dhe rubineta t\u00eb ndrysh\u00ebm, tregues t\u00eb nivelit, si dhe hapje t\u00eb posa\u00e7me inspektimi dhe mir\u00ebmbajtjeje. Kjo fleksibilitet i lejon p\u00ebrdoruesit t\u00eb optimizojn\u00eb hap\u00ebsir\u00ebn e magazinimit dhe proceset, duke p\u00ebrmir\u00ebsuar efikasitetin dhe duke ulur kostot.<\/span><\/p>\n<p>[\/vc_column_text][vc_column_text][\/vc_column_text][vc_empty_space][\/vc_column][\/vc_row][vc_row][vc_column][vc_column_text css=&#8221;.vc_custom_1726404883322{padding-right: 30px !important;padding-left: 30px !important;}&#8221;]Silot plastike nga \u010cabar Plast paraqesin nj\u00eb zgjidhje universale p\u00ebr ruajtjen e materialeve q\u00eb, me rezistenc\u00ebn, p\u00ebrshtatshm\u00ebrin\u00eb dhe sigurin\u00eb e tyre, p\u00ebrmbushin sfidat e magazinimit n\u00eb industri t\u00eb ndryshme. Qoft\u00eb p\u00ebr ruajtjen e drith\u00ebrave n\u00eb bujq\u00ebsi, materialeve kimike n\u00eb industri, apo p\u00ebrb\u00ebr\u00ebsve p\u00ebr prodhimin e ushqimit dhe pijeve, k\u00ebto silo ofrojn\u00eb efikasitet, jet\u00ebgjat\u00ebsi dhe q\u00ebndrueshm\u00ebri, duke i b\u00ebr\u00eb ato nj\u00eb pjes\u00eb t\u00eb paz\u00ebvend\u00ebsueshme t\u00eb infrastruktur\u00ebs s\u00eb magazinimit.[\/vc_column_text][vc_column_text][\/vc_column_text][vc_empty_space][\/vc_column][\/vc_row][vc_row full_width=&#8221;stretch_row_content_no_spaces&#8221;][vc_column][vc_column_text]<img loading=\"lazy\" decoding=\"async\" class=\"aligncenter wp-image-232 size-full\" src=\"https:\/\/cabarplast.com\/wp-content\/uploads\/2024\/03\/footer-4.png\" alt=\"\" width=\"1919\" height=\"50\" srcset=\"https:\/\/cabarplast.com\/wp-content\/uploads\/2024\/03\/footer-4.png 1919w, https:\/\/cabarplast.com\/wp-content\/uploads\/2024\/03\/footer-4-300x8.png 300w, https:\/\/cabarplast.com\/wp-content\/uploads\/2024\/03\/footer-4-1024x27.png 1024w, https:\/\/cabarplast.com\/wp-content\/uploads\/2024\/03\/footer-4-768x20.png 768w, https:\/\/cabarplast.com\/wp-content\/uploads\/2024\/03\/footer-4-1536x40.png 1536w\" sizes=\"auto, (max-width: 1919px) 100vw, 1919px\" \/>[\/vc_column_text][\/vc_column][\/vc_row]<\/p>\n<\/div>","protected":false},"excerpt":{"rendered":"<p>[vc_row][vc_column width=&#8221;1\/2&#8243;][\/vc_column][vc_column width=&#8221;1\/2&#8243; css=&#8221;.vc_custom_1709647368309{border-left-width: 1px !important;padding-right: 30px !important;padding-left: 30px !important;border-left-color: #0e415f !important;border-left-style: solid !important;}&#8221;][vc_column_text css=&#8221;&#8221;] Silot Plastike &nbsp; Silot plastike nga \u010cabar Plast paraqesin nj\u00eb zgjidhje revolucionare q\u00eb shquhet p\u00ebr cil\u00ebsin\u00eb, rezistenc\u00ebn dhe p\u00ebrshtatshm\u00ebrin\u00eb e saj. T\u00eb zhvilluara n\u00eb p\u00ebrputhje me tendencat e fundit globale, k\u00ebto silo gjejn\u00eb zbatim t\u00eb gjer\u00eb jo vet\u00ebm n\u00eb ruajtjen&hellip;<\/p>\n","protected":false},"author":1,"featured_media":0,"parent":0,"menu_order":0,"comment_status":"closed","ping_status":"closed","template":"","meta":{"footnotes":""},"class_list":["post-2382","page","type-page","status-publish","hentry","description-off"],"_links":{"self":[{"href":"https:\/\/cabarplast.com\/sq\/wp-json\/wp\/v2\/pages\/2382","targetHints":{"allow":["GET"]}}],"collection":[{"href":"https:\/\/cabarplast.com\/sq\/wp-json\/wp\/v2\/pages"}],"about":[{"href":"https:\/\/cabarplast.com\/sq\/wp-json\/wp\/v2\/types\/page"}],"author":[{"embeddable":true,"href":"https:\/\/cabarplast.com\/sq\/wp-json\/wp\/v2\/users\/1"}],"replies":[{"embeddable":true,"href":"https:\/\/cabarplast.com\/sq\/wp-json\/wp\/v2\/comments?post=2382"}],"version-history":[{"count":2,"href":"https:\/\/cabarplast.com\/sq\/wp-json\/wp\/v2\/pages\/2382\/revisions"}],"predecessor-version":[{"id":2385,"href":"https:\/\/cabarplast.com\/sq\/wp-json\/wp\/v2\/pages\/2382\/revisions\/2385"}],"wp:attachment":[{"href":"https:\/\/cabarplast.com\/sq\/wp-json\/wp\/v2\/media?parent=2382"}],"curies":[{"name":"wp","href":"https:\/\/api.w.org\/{rel}","templated":true}]}}