{"id":2358,"date":"2024-03-04T21:01:07","date_gmt":"2024-03-04T21:01:07","guid":{"rendered":"https:\/\/cabarplast.com\/cisterne-za-sumpornu-kiselinu\/"},"modified":"2024-10-14T18:59:04","modified_gmt":"2024-10-14T18:59:04","slug":"rezervuare-per-ruajtjen-e-acidit-sulfurik","status":"publish","type":"page","link":"https:\/\/cabarplast.com\/sq\/rezervuare-per-ruajtjen-e-acidit-sulfurik\/","title":{"rendered":"Rezervuar\u00eb p\u00ebr Ruajtjen e Acidit Sulfurik"},"content":{"rendered":"<div class=\"wpb-content-wrapper\"><p>[vc_row][vc_column width=&#8221;1\/2&#8243;]<style type=\"text\/css\" data-type=\"the7_shortcodes-inline-css\">.gallery-carousel-shortcode.gallery-carousel-shortcode-id-7eb1da0c6235fe36c5237c4dd76065e0 .owl-nav a {\n  width: 30px;\n  height: 30px;\n  border-radius: 500px;\n}\n.dt-arrow-border-on.gallery-carousel-shortcode.gallery-carousel-shortcode-id-7eb1da0c6235fe36c5237c4dd76065e0 .owl-nav a:not(:hover):before {\n  border-width: 0px;\n}\n.dt-arrow-hover-border-on.gallery-carousel-shortcode.gallery-carousel-shortcode-id-7eb1da0c6235fe36c5237c4dd76065e0 .owl-nav a:hover:after {\n  border-width: 0px;\n}\n.gallery-carousel-shortcode.gallery-carousel-shortcode-id-7eb1da0c6235fe36c5237c4dd76065e0 .owl-nav a.owl-prev {\n  top: calc(100% + 0px);\n  left: -43px;\n}\n.gallery-carousel-shortcode.gallery-carousel-shortcode-id-7eb1da0c6235fe36c5237c4dd76065e0 .owl-nav a.owl-prev i {\n  padding: 0px 5px 0px 5px;\n}\n.gallery-carousel-shortcode.gallery-carousel-shortcode-id-7eb1da0c6235fe36c5237c4dd76065e0 .owl-nav a.owl-next {\n  top: calc(100% + 0px);\n  right: -43px;\n}\n.gallery-carousel-shortcode.gallery-carousel-shortcode-id-7eb1da0c6235fe36c5237c4dd76065e0 .owl-nav a.owl-next i {\n  padding: 0px 5px 0px 5px;\n}\n.gallery-carousel-shortcode.gallery-carousel-shortcode-id-7eb1da0c6235fe36c5237c4dd76065e0 .owl-nav i {\n  font-size: 15px;\n}\n.gallery-carousel-shortcode.gallery-carousel-shortcode-id-7eb1da0c6235fe36c5237c4dd76065e0 .owl-nav a:not(:hover) i,\n.gallery-carousel-shortcode.gallery-carousel-shortcode-id-7eb1da0c6235fe36c5237c4dd76065e0 .owl-nav a:not(:hover) i:before {\n  color: #ffffff;\n  background: none;\n}\n.gallery-carousel-shortcode.gallery-carousel-shortcode-id-7eb1da0c6235fe36c5237c4dd76065e0 .owl-nav a:hover i,\n.gallery-carousel-shortcode.gallery-carousel-shortcode-id-7eb1da0c6235fe36c5237c4dd76065e0 .owl-nav a:hover i:before {\n  color: rgba(255,255,255,0.75);\n  background: none;\n}\n.gallery-carousel-shortcode.gallery-carousel-shortcode-id-7eb1da0c6235fe36c5237c4dd76065e0 .owl-dots {\n  top: calc(100% + 20px);\n  left: 50%;\n  transform: translateX(calc(-50% + 0px));\n}\n@media all and (-ms-high-contrast: none) {\n  .gallery-carousel-shortcode.gallery-carousel-shortcode-id-7eb1da0c6235fe36c5237c4dd76065e0 .owl-dots {\n    transform: translateX(-50%);\n    margin-left: 0px;\n  }\n}\n.gallery-carousel-shortcode.gallery-carousel-shortcode-id-7eb1da0c6235fe36c5237c4dd76065e0 .owl-dot {\n  width: 10px;\n  height: 10px;\n  margin: 0 8px;\n}\n@media screen and (max-width: 778px) {\n  .gallery-carousel-shortcode.gallery-carousel-shortcode-id-7eb1da0c6235fe36c5237c4dd76065e0.hide-arrows .owl-nav a {\n    display: none;\n  }\n}\n@media screen and (max-width: 778px) {\n  .gallery-carousel-shortcode.gallery-carousel-shortcode-id-7eb1da0c6235fe36c5237c4dd76065e0.reposition-arrows .owl-nav .owl-prev {\n    top: calc(100% + 0px);\n    left: 10px;\n  }\n  .gallery-carousel-shortcode.gallery-carousel-shortcode-id-7eb1da0c6235fe36c5237c4dd76065e0.reposition-arrows .owl-nav .owl-next {\n    top: calc(100% + 0px);\n    right: 10px;\n  }\n}\n.gallery-carousel-shortcode.gallery-carousel-shortcode-id-7eb1da0c6235fe36c5237c4dd76065e0 figure,\n.gallery-carousel-shortcode.gallery-carousel-shortcode-id-7eb1da0c6235fe36c5237c4dd76065e0 .rollover,\n.gallery-carousel-shortcode.gallery-carousel-shortcode-id-7eb1da0c6235fe36c5237c4dd76065e0 img,\n.gallery-carousel-shortcode.gallery-carousel-shortcode-id-7eb1da0c6235fe36c5237c4dd76065e0 .gallery-rollover {\n  border-radius: 0px;\n}\n.gallery-carousel-shortcode.gallery-carousel-shortcode-id-7eb1da0c6235fe36c5237c4dd76065e0.enable-bg-rollover .gallery-rollover {\n  background: -webkit-linear-gradient();\n  background: linear-gradient();\n}\n.gallery-carousel-shortcode.gallery-carousel-shortcode-id-7eb1da0c6235fe36c5237c4dd76065e0.enable-img-shadow .owl-stage-outer {\n  padding: 14px 0;\n}\n.gallery-carousel-shortcode.gallery-carousel-shortcode-id-7eb1da0c6235fe36c5237c4dd76065e0.enable-bg-rollover.hover-scale figure .rollover:after {\n  background: -webkit-linear-gradient();\n  background: linear-gradient();\n}\n.gallery-carousel-shortcode.gallery-carousel-shortcode-id-7eb1da0c6235fe36c5237c4dd76065e0.gallery-shortcode .gallery-zoom-ico {\n  width: 44px;\n  height: 44px;\n  line-height: 44px;\n  border-radius: 100px;\n  margin: -22px 0 0 -22px;\n  border-width: 0px;\n}\n.dt-icon-bg-on.gallery-carousel-shortcode.gallery-carousel-shortcode-id-7eb1da0c6235fe36c5237c4dd76065e0.gallery-shortcode .gallery-zoom-ico {\n  background: rgba(255,255,255,0.3);\n  box-shadow: none;\n}\n.gallery-carousel-shortcode.gallery-carousel-shortcode-id-7eb1da0c6235fe36c5237c4dd76065e0.gallery-shortcode .gallery-zoom-ico:before,\n.gallery-carousel-shortcode.gallery-carousel-shortcode-id-7eb1da0c6235fe36c5237c4dd76065e0.gallery-shortcode .gallery-zoom-ico span {\n  font-size: 32px;\n  line-height: 44px;\n  color: #ffffff;\n  background: none;\n}\n<\/style><div class=\"owl-carousel gallery-carousel-shortcode gallery-shortcode  dt-gallery-container dt-owl-carousel-call gallery-carousel-shortcode-id-7eb1da0c6235fe36c5237c4dd76065e0 quick-scale-img enable-bg-rollover meta-info-off dt-arrow-border-on dt-arrow-hover-border-on bullets-small-dot-stroke reposition-arrows dt-icon-bg-off arrows-bg-on disable-arrows-hover-bg arrows-hover-bg-on  vc_custom_1713175326780 hover-fade \" data-scroll-mode=\"1\" data-col-num=\"1\" data-wide-col-num=\"1\" data-laptop-col=\"1\" data-h-tablet-columns-num=\"1\" data-v-tablet-columns-num=\"1\" data-phone-columns-num=\"1\" data-col-gap=\"10\" data-stage-padding=\"0\" data-speed=\"600\" data-autoplay=\"false\" data-autoplay_speed=\"6000\" data-arrows=\"true\" data-bullet=\"false\" data-next-icon=\"icon-ar-017-r\" data-prev-icon=\"icon-ar-017-l\" data-img-shadow-size=\"12px\" data-img-shadow-spread=\"3px\"><div data-post-id=\"2364\" data-date=\"2024-03-10T22:01:10+00:00\" data-name=\"Cisterne za sumpornu kiselinu (2)\"><figure class=\"post\"><a href=\"https:\/\/cabarplast.com\/wp-content\/uploads\/2024\/03\/Cisterne-za-sumpornu-kiselinu-2.jpg\" class=\"rollover dt-pswp-item layzr-bg\" data-large_image_width=\"1080\" data-large_image_height=\"1080\" data-dt-img-description=\"\" title=\"Cisterne za sumpornu kiselinu (2)\"><img fetchpriority=\"high\" decoding=\"async\" class=\"preload-me owl-lazy-load aspect\" src=\"data:image\/svg+xml,%3Csvg%20xmlns%3D&#39;http%3A%2F%2Fwww.w3.org%2F2000%2Fsvg&#39;%20viewBox%3D&#39;0%200%201080%201080&#39;%2F%3E\" data-src=\"https:\/\/cabarplast.com\/wp-content\/uploads\/2024\/03\/Cisterne-za-sumpornu-kiselinu-2.jpg\" data-srcset=\"https:\/\/cabarplast.com\/wp-content\/uploads\/2024\/03\/Cisterne-za-sumpornu-kiselinu-2.jpg 1080w\" loading=\"eager\" style=\"--ratio: 1080 \/ 1080\" sizes=\"(max-width: 1080px) 100vw, 1080px\" alt=\"\" width=\"1080\" height=\"1080\"  \/><span class=\"gallery-rollover\"><span class=\"gallery-zoom-ico icomoon-the7-font-the7-zoom-06\"><span><\/span><\/span><\/span><\/a><\/figure><\/div><div data-post-id=\"2363\" data-date=\"2024-03-10T22:01:08+00:00\" data-name=\"Cisterne za sumpornu kiselinu (1)\"><figure class=\"post\"><a href=\"https:\/\/cabarplast.com\/wp-content\/uploads\/2024\/03\/Cisterne-za-sumpornu-kiselinu-1.jpg\" class=\"rollover dt-pswp-item layzr-bg\" data-large_image_width=\"1080\" data-large_image_height=\"1080\" data-dt-img-description=\"\" title=\"Cisterne za sumpornu kiselinu (1)\"><img decoding=\"async\" class=\"preload-me owl-lazy-load aspect\" src=\"data:image\/svg+xml,%3Csvg%20xmlns%3D&#39;http%3A%2F%2Fwww.w3.org%2F2000%2Fsvg&#39;%20viewBox%3D&#39;0%200%201080%201080&#39;%2F%3E\" data-src=\"https:\/\/cabarplast.com\/wp-content\/uploads\/2024\/03\/Cisterne-za-sumpornu-kiselinu-1.jpg\" data-srcset=\"https:\/\/cabarplast.com\/wp-content\/uploads\/2024\/03\/Cisterne-za-sumpornu-kiselinu-1.jpg 1080w\" loading=\"eager\" style=\"--ratio: 1080 \/ 1080\" sizes=\"(max-width: 1080px) 100vw, 1080px\" alt=\"\" width=\"1080\" height=\"1080\"  \/><span class=\"gallery-rollover\"><span class=\"gallery-zoom-ico icomoon-the7-font-the7-zoom-06\"><span><\/span><\/span><\/span><\/a><\/figure><\/div><div data-post-id=\"2365\" data-date=\"2024-03-10T22:01:11+00:00\" data-name=\"Cisterne za sumpornu kiselinu (3)\"><figure class=\"post\"><a href=\"https:\/\/cabarplast.com\/wp-content\/uploads\/2024\/03\/Cisterne-za-sumpornu-kiselinu-3.jpg\" class=\"rollover dt-pswp-item layzr-bg\" data-large_image_width=\"1080\" data-large_image_height=\"1080\" data-dt-img-description=\"\" title=\"Cisterne za sumpornu kiselinu (3)\"><img decoding=\"async\" class=\"preload-me owl-lazy-load aspect\" src=\"data:image\/svg+xml,%3Csvg%20xmlns%3D&#39;http%3A%2F%2Fwww.w3.org%2F2000%2Fsvg&#39;%20viewBox%3D&#39;0%200%201080%201080&#39;%2F%3E\" data-src=\"https:\/\/cabarplast.com\/wp-content\/uploads\/2024\/03\/Cisterne-za-sumpornu-kiselinu-3.jpg\" data-srcset=\"https:\/\/cabarplast.com\/wp-content\/uploads\/2024\/03\/Cisterne-za-sumpornu-kiselinu-3.jpg 1080w\" loading=\"eager\" style=\"--ratio: 1080 \/ 1080\" sizes=\"(max-width: 1080px) 100vw, 1080px\" alt=\"\" width=\"1080\" height=\"1080\"  \/><span class=\"gallery-rollover\"><span class=\"gallery-zoom-ico icomoon-the7-font-the7-zoom-06\"><span><\/span><\/span><\/span><\/a><\/figure><\/div><div data-post-id=\"2366\" data-date=\"2024-03-10T22:01:12+00:00\" data-name=\"Cisterne za sumpornu kiselinu (4)\"><figure class=\"post\"><a href=\"https:\/\/cabarplast.com\/wp-content\/uploads\/2024\/03\/Cisterne-za-sumpornu-kiselinu-4.jpg\" class=\"rollover dt-pswp-item layzr-bg\" data-large_image_width=\"1080\" data-large_image_height=\"1080\" data-dt-img-description=\"\" title=\"Cisterne za sumpornu kiselinu (4)\"><img decoding=\"async\" class=\"preload-me owl-lazy-load aspect\" src=\"data:image\/svg+xml,%3Csvg%20xmlns%3D&#39;http%3A%2F%2Fwww.w3.org%2F2000%2Fsvg&#39;%20viewBox%3D&#39;0%200%201080%201080&#39;%2F%3E\" data-src=\"https:\/\/cabarplast.com\/wp-content\/uploads\/2024\/03\/Cisterne-za-sumpornu-kiselinu-4.jpg\" data-srcset=\"https:\/\/cabarplast.com\/wp-content\/uploads\/2024\/03\/Cisterne-za-sumpornu-kiselinu-4.jpg 1080w\" loading=\"eager\" style=\"--ratio: 1080 \/ 1080\" sizes=\"(max-width: 1080px) 100vw, 1080px\" alt=\"\" width=\"1080\" height=\"1080\"  \/><span class=\"gallery-rollover\"><span class=\"gallery-zoom-ico icomoon-the7-font-the7-zoom-06\"><span><\/span><\/span><\/span><\/a><\/figure><\/div><\/div>[vc_empty_space height=&#8221;20&#8243;][\/vc_column][vc_column width=&#8221;1\/2&#8243; css=&#8221;.vc_custom_1709647368309{border-left-width: 1px !important;padding-right: 30px !important;padding-left: 30px !important;border-left-color: #0e415f !important;border-left-style: solid !important;}&#8221;][vc_column_text css=&#8221;&#8221;]<\/p>\n<h1>Rezervuar\u00eb p\u00ebr <strong>Ruajtjen e Acidit Sulfurik<\/strong><\/h1>\n<p>&nbsp;<\/p>\n<p>Acidi sulfurik (H2SO4) \u00ebsht\u00eb nj\u00eb p\u00ebrb\u00ebr\u00ebs i domosdosh\u00ebm n\u00eb shum\u00eb industri, nga prodhimi i plehrave sintetike deri tek industria farmaceutike, metalurgjia dhe shum\u00eb t\u00eb tjera. Fal\u00eb shkatht\u00ebsis\u00eb dhe agresivitetit t\u00eb tij, ruajtja e H2SO4 imponon k\u00ebrkesa t\u00eb ve\u00e7anta p\u00ebr materialet dhe nd\u00ebrtimin e rezervuar\u00ebve t\u00eb p\u00ebrdorur.<\/p>\n<p>P\u00ebr k\u00ebt\u00eb arsye, rezervuar\u00ebt plastik\u00eb t\u00eb b\u00ebr\u00eb nga polietileni me densitet t\u00eb lart\u00eb (HDPE) paraqesin nj\u00eb zgjidhje ideale p\u00ebr shkak t\u00eb vetive t\u00eb tyre t\u00eb jasht\u00ebzakonshme.<br \/>\n[\/vc_column_text][vc_empty_space height=&#8221;20&#8243;]<a href=\"https:\/\/cabarplast.com\/sq\/kontakt\/\" class=\"btn-shortcode dt-btn-m dt-btn default-btn-color default-btn-hover-color default-btn-bg-color default-btn-bg-hover-color\" id=\"dt-btn-1\"><span>Kontaktoni me ne<\/span><\/a>[\/vc_column][\/vc_row][vc_row][vc_column][vc_empty_space][vc_column_text css=&#8221;.vc_custom_1726402671691{padding-right: 30px !important;padding-left: 30px !important;}&#8221;]<\/p>\n<h2><strong>Specifikimet Teknike<\/strong> dhe Dizajni i Rezervuar\u00ebve t\u00eb H2SO4<\/h2>\n<p>Rezervuar\u00ebt p\u00ebr ruajtjen e acidit sulfurik prodhohen nga materiali HDPE, i cili karakterizohet nga rezistenca e lart\u00eb kimike dhe mekanike. Kjo karakteristik\u00eb \u00ebsht\u00eb thelb\u00ebsore duke pasur parasysh natyr\u00ebn g\u00ebrryese t\u00eb acidit sulfurik. Nj\u00eb avantazh shtes\u00eb i HDPE \u00ebsht\u00eb fleksibiliteti dhe rezistenca ndaj goditjeve, duke minimizuar rrezikun e d\u00ebmtimit gjat\u00eb p\u00ebrdorimit dhe trajtimit.<\/p>\n<p>Dizajni i rezervuar\u00ebve shpesh p\u00ebrfshin nj\u00eb mur t\u00eb dyfisht\u00eb q\u00eb sh\u00ebrben si mbrojtje shtes\u00eb. N\u00eb rast t\u00eb d\u00ebmtimit t\u00eb murit t\u00eb brendsh\u00ebm, muri i jasht\u00ebm parandalon rrjedhjen e acidit, duke zvog\u00ebluar ndjesh\u00ebm rrezikun e incidenteve mjedisore dhe d\u00ebmtimin e pron\u00ebs dhe sh\u00ebndetit t\u00eb njeriut. P\u00ebr v\u00ebllime m\u00eb t\u00eb m\u00ebdha, rezervuar\u00ebt mund t\u00eb pajisen gjithashtu me pellgje t\u00eb p\u00ebrmbajtjes q\u00eb ofrojn\u00eb nj\u00eb nivel shtes\u00eb sigurie.<br \/>\n[\/vc_column_text][vc_empty_space height=&#8221;50&#8243;][\/vc_column][\/vc_row][vc_row full_width=&#8221;stretch_row_content_no_spaces&#8221;][vc_column][vc_column_text]<img loading=\"lazy\" decoding=\"async\" class=\"aligncenter wp-image-232 size-full\" src=\"https:\/\/cabarplast.com\/wp-content\/uploads\/2024\/03\/footer-4.png\" alt=\"\" width=\"1919\" height=\"50\" srcset=\"https:\/\/cabarplast.com\/wp-content\/uploads\/2024\/03\/footer-4.png 1919w, https:\/\/cabarplast.com\/wp-content\/uploads\/2024\/03\/footer-4-300x8.png 300w, https:\/\/cabarplast.com\/wp-content\/uploads\/2024\/03\/footer-4-1024x27.png 1024w, https:\/\/cabarplast.com\/wp-content\/uploads\/2024\/03\/footer-4-768x20.png 768w, https:\/\/cabarplast.com\/wp-content\/uploads\/2024\/03\/footer-4-1536x40.png 1536w\" sizes=\"auto, (max-width: 1919px) 100vw, 1919px\" \/>[\/vc_column_text][\/vc_column][\/vc_row][vc_row full_width=&#8221;stretch_row&#8221; css=&#8221;.vc_custom_1709643894007{background-color: #0e415f !important;}&#8221;][vc_column][vc_column_text css=&#8221;.vc_custom_1726402842035{padding-right: 30px !important;padding-left: 30px !important;}&#8221;]<\/p>\n<h2><span style=\"color: #fcb426;\"><strong>Avantazhet<\/strong> e Rezervuar\u00ebve HDPE p\u00ebr Ruajtjen e H2SO4<\/span><\/h2>\n<ul>\n<li><span style=\"color: #fcb426;\">Rezistenc\u00eb ndaj korrozionit: <\/span><span style=\"color: #ffffff;\">Ndryshe nga rezervuar\u00ebt metalik\u00eb, materiali HDPE \u00ebsht\u00eb plot\u00ebsisht rezistent ndaj korrozionit, duke siguruar nj\u00eb jet\u00ebgjat\u00ebsi t\u00eb gjat\u00eb pa nevoj\u00ebn p\u00ebr mir\u00ebmbajtje t\u00eb shpesht\u00eb ose z\u00ebvend\u00ebsim.<br \/>\n<\/span><\/li>\n<li><span style=\"color: #fcb426;\">Jet\u00ebgjat\u00ebsi m\u00eb e gjat\u00eb sh\u00ebrbimi: <\/span><span style=\"color: #ffffff;\">Materiali HDPE siguron q\u00eb rezervuar\u00ebt mund t\u00eb p\u00ebrdoren p\u00ebr dekada, me mir\u00ebmbajtje minimale.<\/span><\/li>\n<li><span style=\"color: #fcb426;\">Kosto m\u00eb t\u00eb ul\u00ebta instalimi dhe mir\u00ebmbajtjeje: <\/span><span style=\"color: #ffffff;\">Leht\u00ebsia e materialit ul kostot e transportit dhe instalimit, nd\u00ebrsa rezistenca e tij ndaj kimikateve dhe korrozionit \u00ebsht\u00eb arsyeja e kostove t\u00eb reduktuara t\u00eb mir\u00ebmbajtjes.<br \/>\n<\/span><\/li>\n<li><span style=\"color: #fcb426;\">Fleksibilitet i dizajnit: <\/span><span style=\"color: #ffffff;\">Rezervuar\u00ebt HDPE mund t\u00eb prodhohen n\u00eb forma dhe dimensione t\u00eb ndryshme, duke u p\u00ebrshtatur me nevojat specifike t\u00eb projektit.<br \/>\n<\/span><\/li>\n<li><span style=\"color: #fcb426;\">Isolim termik:<\/span> <span style=\"color: #ffffff;\">Materiali ofron izolim t\u00eb mir\u00eb termik, i cili \u00ebsht\u00eb ve\u00e7an\u00ebrisht i r\u00ebnd\u00ebsish\u00ebm kur ruhen kimikate q\u00eb mund t\u00eb jen\u00eb t\u00eb ndjeshme ndaj ndryshimeve t\u00eb temperatur\u00ebs.<\/span><\/li>\n<li><span style=\"color: #fcb426;\">Jo p\u00ebr\u00e7ueshm\u00ebri elektrike:<\/span><span style=\"color: #ffffff;\">HDPE \u00ebsht\u00eb nj\u00eb izolues elektrik, duke rritur m\u00eb tej sigurin\u00eb gjat\u00eb ruajtjes dhe trajtimit t\u00eb kimikateve.<br \/>\n<\/span><\/li>\n<\/ul>\n<p>[\/vc_column_text][vc_empty_space height=&#8221;50&#8243;][\/vc_column][\/vc_row][vc_row full_width=&#8221;stretch_row&#8221; css=&#8221;.vc_custom_1709644275584{background-color: #efefef !important;}&#8221;][vc_column][vc_column_text css=&#8221;.vc_custom_1726402929992{padding-right: 30px !important;padding-left: 30px !important;}&#8221;]<\/p>\n<h2><strong>Dimensionet<\/strong> Standarde dhe Opsionet e Personalizimit<\/h2>\n<p>Rezervuar\u00ebt p\u00ebr H2SO4 jan\u00eb t\u00eb disponuesh\u00ebm n\u00eb dimensione standarde q\u00eb p\u00ebrmbushin shumic\u00ebn e nevojave, nga kapacitetet e vogla prej 250 litra deri n\u00eb rezervuar\u00ebt e m\u00ebdhenj industrial\u00eb prej 50,000 litra dhe m\u00eb shum\u00eb. P\u00ebr projekte specifike, \u00ebsht\u00eb e mundur t\u00eb prodhohen rezervuar\u00eb me porosi, sipas k\u00ebrkesave t\u00eb klient\u00ebve dhe specifikave t\u00eb projektit.<\/p>\n<h2>Praktika t\u00eb Sigurta t\u00eb Ruajtjes<\/h2>\n<p>Ruajtja e duhur e acidit sulfurik \u00ebsht\u00eb thelb\u00ebsore p\u00ebr shkak t\u00eb vetive t\u00eb tij g\u00ebrryese dhe potencialit p\u00ebr reaksione t\u00eb rrezikshme. Rezervuar\u00ebt duhet t\u00eb vendosen larg nga rrezet e diellit direkte dhe burimet e nxeht\u00ebsis\u00eb p\u00ebr t\u00eb minimizuar rrezikun e reaksioneve t\u00eb shkaktuara nga temperatura. Udh\u00ebzimet ligjore ofrojn\u00eb udh\u00ebzime t\u00eb plota p\u00ebr trajtimin dhe ruajtjen e acidit sulfurik, duke theksuar r\u00ebnd\u00ebsin\u00eb e p\u00ebrdorimit t\u00eb en\u00ebve t\u00eb aprovuara dhe respektimin e k\u00ebrkesave specifike p\u00ebr p\u00ebrqendrimin.<\/p>\n<h2>Udh\u00ebzime p\u00ebr Trajtimin dhe Sigurin\u00eb<\/h2>\n<p>Trajtimi i acidit sulfurik k\u00ebrkon masa t\u00eb rrepta sigurie p\u00ebr shkak t\u00eb natyr\u00ebs s\u00eb tij shum\u00eb g\u00ebrryese. Pajisjet personale mbrojt\u00ebse (PPE) jan\u00eb thelb\u00ebsore p\u00ebr t\u00eb parandaluar ekspozimin ndaj acidit, i cili mund t\u00eb shkaktoj\u00eb djegie t\u00eb r\u00ebnda dhe probleme t\u00eb frym\u00ebmarrjes. Trajnimi p\u00ebr trajtim t\u00eb sigurt dhe reagim n\u00eb rast emergjencash \u00ebsht\u00eb jet\u00ebsor p\u00ebr t\u00eb gjith\u00eb individ\u00ebt e p\u00ebrfshir\u00eb n\u00eb ruajtjen dhe p\u00ebrdorimin e acidit sulfurik.<br \/>\n[\/vc_column_text][vc_column_text][\/vc_column_text][vc_empty_space][\/vc_column][\/vc_row][vc_row][vc_column][vc_column_text css=&#8221;.vc_custom_1726402960872{padding-top: 30px !important;padding-right: 30px !important;padding-bottom: 30px !important;padding-left: 30px !important;background-color: #0e415f !important;border-radius: 15px !important;}&#8221;]<\/p>\n<h2><span style=\"color: #fcb426;\">Aplikimet e Acidit Sulfurik <\/span><\/h2>\n<p><span style=\"color: #ffffff;\">Shkatht\u00ebsia e acidit sulfurik e b\u00ebn at\u00eb nj\u00eb p\u00ebrb\u00ebr\u00ebs kryesor n\u00eb procese t\u00eb shumta industriale. Ai p\u00ebrdoret n\u00eb prodhimin e acidit fosforik dhe plehrave fosfatik\u00eb, n\u00eb rafinimin e metaleve dhe si elektrolit n\u00eb baterit\u00eb plumb-acid. Roli i tij n\u00eb sintez\u00ebn kimike dhe trajtimin e ujit thekson m\u00eb tej r\u00ebnd\u00ebsin\u00eb e tij n\u00eb industrin\u00eb moderne.<br \/>\n<\/span>[\/vc_column_text][vc_column_text][\/vc_column_text][vc_empty_space][\/vc_column][\/vc_row][vc_row][vc_column][vc_column_text css=&#8221;.vc_custom_1726403017512{padding-right: 30px !important;padding-left: 30px !important;}&#8221;]<\/p>\n<h2>Konsideratat Mjedisore dhe Sh\u00ebndet\u00ebsore<\/h2>\n<p>Ruajtja dhe p\u00ebrdorimi i acidit sulfurik paraqesin rreziqe t\u00eb konsiderueshme p\u00ebr mjedisin dhe sh\u00ebndetin. Praktikat e duhura t\u00eb p\u00ebrmbajtjes dhe trajtimit jan\u00eb thelb\u00ebsore p\u00ebr t\u00eb parandaluar derdhjet dhe rrjedhjet q\u00eb mund t\u00eb d\u00ebmtojn\u00eb mjedisin dhe sh\u00ebndetin e njeriut. P\u00ebrputhshm\u00ebria me rregulloret dhe kujdesi ndaj mjedisit jan\u00eb par\u00ebsore n\u00eb menaxhimin e rreziqeve q\u00eb lidhen me acidin sulfurik.<\/p>\n<h2>P\u00ebrshtatja sipas k\u00ebrkes\u00ebs s\u00eb klientit dhe Mb\u00ebshtetja Inxhinierike<\/h2>\n<p>Duke kuptuar nevojat e ndryshme t\u00eb industrive q\u00eb p\u00ebrdorin acid sulfurik, zgjidhjet e magazinimit jan\u00eb shum\u00eb t\u00eb personalizueshme. Nga madh\u00ebsia dhe forma e rezervuarit deri te p\u00ebrfshirja e sistemeve t\u00eb monitorimit dhe kontrollit, rezervuar\u00ebt mund t\u00eb p\u00ebrshtaten p\u00ebr t\u00eb p\u00ebrmbushur k\u00ebrkesat specifike t\u00eb operimit. Mb\u00ebshtetja inxhinierike siguron q\u00eb sistemet e ruajtjes t\u00eb projektohen dhe mir\u00ebmbahen n\u00eb standardet m\u00eb t\u00eb larta, duke ofruar besueshm\u00ebri dhe siguri n\u00eb ruajtjen e acidit sulfurik.<\/p>\n<p>Duke zgjedhur rezervuar\u00ebt HDPE p\u00ebr ruajtjen e acidit sulfurik, kompanit\u00eb zgjedhin nj\u00eb zgjidhje t\u00eb besueshme, t\u00eb sigurt dhe afatgjat\u00eb q\u00eb siguron nj\u00eb nivel t\u00eb lart\u00eb mbrojtjeje p\u00ebr mjedisin, pron\u00ebn dhe njer\u00ebzit. Rezistenca ndaj korrozionit, fleksibiliteti i dizajnit, kosto-efektiviteti dhe leht\u00ebsia e mir\u00ebmbajtjes i b\u00ebjn\u00eb rezervuar\u00ebt HDPE zgjedhjen optimale p\u00ebr ruajtjen e H2SO4 dhe kimikateve t\u00eb tjera agresive.<br \/>\n[\/vc_column_text][vc_empty_space][\/vc_column][\/vc_row][vc_row full_width=&#8221;stretch_row_content_no_spaces&#8221;][vc_column][vc_column_text]<img loading=\"lazy\" decoding=\"async\" class=\"aligncenter wp-image-232 size-full\" src=\"https:\/\/cabarplast.com\/wp-content\/uploads\/2024\/03\/footer-4.png\" alt=\"\" width=\"1919\" height=\"50\" srcset=\"https:\/\/cabarplast.com\/wp-content\/uploads\/2024\/03\/footer-4.png 1919w, https:\/\/cabarplast.com\/wp-content\/uploads\/2024\/03\/footer-4-300x8.png 300w, https:\/\/cabarplast.com\/wp-content\/uploads\/2024\/03\/footer-4-1024x27.png 1024w, https:\/\/cabarplast.com\/wp-content\/uploads\/2024\/03\/footer-4-768x20.png 768w, https:\/\/cabarplast.com\/wp-content\/uploads\/2024\/03\/footer-4-1536x40.png 1536w\" sizes=\"auto, (max-width: 1919px) 100vw, 1919px\" \/>[\/vc_column_text][\/vc_column][\/vc_row]<\/p>\n<\/div>","protected":false},"excerpt":{"rendered":"<p>[vc_row][vc_column width=&#8221;1\/2&#8243;][vc_empty_space height=&#8221;20&#8243;][\/vc_column][vc_column width=&#8221;1\/2&#8243; css=&#8221;.vc_custom_1709647368309{border-left-width: 1px !important;padding-right: 30px !important;padding-left: 30px !important;border-left-color: #0e415f !important;border-left-style: solid !important;}&#8221;][vc_column_text css=&#8221;&#8221;] Rezervuar\u00eb p\u00ebr Ruajtjen e Acidit Sulfurik &nbsp; Acidi sulfurik (H2SO4) \u00ebsht\u00eb nj\u00eb p\u00ebrb\u00ebr\u00ebs i domosdosh\u00ebm n\u00eb shum\u00eb industri, nga prodhimi i plehrave sintetike deri tek industria farmaceutike, metalurgjia dhe shum\u00eb t\u00eb tjera. Fal\u00eb shkatht\u00ebsis\u00eb dhe agresivitetit t\u00eb tij, ruajtja&hellip;<\/p>\n","protected":false},"author":1,"featured_media":0,"parent":0,"menu_order":0,"comment_status":"closed","ping_status":"closed","template":"","meta":{"footnotes":""},"class_list":["post-2358","page","type-page","status-publish","hentry","description-off"],"_links":{"self":[{"href":"https:\/\/cabarplast.com\/sq\/wp-json\/wp\/v2\/pages\/2358","targetHints":{"allow":["GET"]}}],"collection":[{"href":"https:\/\/cabarplast.com\/sq\/wp-json\/wp\/v2\/pages"}],"about":[{"href":"https:\/\/cabarplast.com\/sq\/wp-json\/wp\/v2\/types\/page"}],"author":[{"embeddable":true,"href":"https:\/\/cabarplast.com\/sq\/wp-json\/wp\/v2\/users\/1"}],"replies":[{"embeddable":true,"href":"https:\/\/cabarplast.com\/sq\/wp-json\/wp\/v2\/comments?post=2358"}],"version-history":[{"count":3,"href":"https:\/\/cabarplast.com\/sq\/wp-json\/wp\/v2\/pages\/2358\/revisions"}],"predecessor-version":[{"id":3035,"href":"https:\/\/cabarplast.com\/sq\/wp-json\/wp\/v2\/pages\/2358\/revisions\/3035"}],"wp:attachment":[{"href":"https:\/\/cabarplast.com\/sq\/wp-json\/wp\/v2\/media?parent=2358"}],"curies":[{"name":"wp","href":"https:\/\/api.w.org\/{rel}","templated":true}]}}