{"id":2350,"date":"2024-03-04T21:01:31","date_gmt":"2024-03-04T21:01:31","guid":{"rendered":"https:\/\/cabarplast.com\/cisterne-za-demi-vodu\/"},"modified":"2024-10-14T19:00:09","modified_gmt":"2024-10-14T19:00:09","slug":"rezervuare-per-ruajtjen-e-ujit-te-dejonizuar","status":"publish","type":"page","link":"https:\/\/cabarplast.com\/sq\/rezervuare-per-ruajtjen-e-ujit-te-dejonizuar\/","title":{"rendered":"Rezervuar\u00eb p\u00ebr Ruajtjen e Ujit t\u00eb Dejonizuar"},"content":{"rendered":"<div class=\"wpb-content-wrapper\"><p>[vc_row][vc_column width=&#8221;1\/2&#8243;]<style type=\"text\/css\" data-type=\"the7_shortcodes-inline-css\">.gallery-carousel-shortcode.gallery-carousel-shortcode-id-ea86e9e47640bf927f3dd93e25f061b4 .owl-nav a {\n  width: 30px;\n  height: 30px;\n  border-radius: 500px;\n}\n.dt-arrow-border-on.gallery-carousel-shortcode.gallery-carousel-shortcode-id-ea86e9e47640bf927f3dd93e25f061b4 .owl-nav a:not(:hover):before {\n  border-width: 0px;\n}\n.dt-arrow-hover-border-on.gallery-carousel-shortcode.gallery-carousel-shortcode-id-ea86e9e47640bf927f3dd93e25f061b4 .owl-nav a:hover:after {\n  border-width: 0px;\n}\n.gallery-carousel-shortcode.gallery-carousel-shortcode-id-ea86e9e47640bf927f3dd93e25f061b4 .owl-nav a.owl-prev {\n  top: calc(100% + 0px);\n  left: -43px;\n}\n.gallery-carousel-shortcode.gallery-carousel-shortcode-id-ea86e9e47640bf927f3dd93e25f061b4 .owl-nav a.owl-prev i {\n  padding: 0px 5px 0px 5px;\n}\n.gallery-carousel-shortcode.gallery-carousel-shortcode-id-ea86e9e47640bf927f3dd93e25f061b4 .owl-nav a.owl-next {\n  top: calc(100% + 0px);\n  right: -43px;\n}\n.gallery-carousel-shortcode.gallery-carousel-shortcode-id-ea86e9e47640bf927f3dd93e25f061b4 .owl-nav a.owl-next i {\n  padding: 0px 5px 0px 5px;\n}\n.gallery-carousel-shortcode.gallery-carousel-shortcode-id-ea86e9e47640bf927f3dd93e25f061b4 .owl-nav i {\n  font-size: 15px;\n}\n.gallery-carousel-shortcode.gallery-carousel-shortcode-id-ea86e9e47640bf927f3dd93e25f061b4 .owl-nav a:not(:hover) i,\n.gallery-carousel-shortcode.gallery-carousel-shortcode-id-ea86e9e47640bf927f3dd93e25f061b4 .owl-nav a:not(:hover) i:before {\n  color: #ffffff;\n  background: none;\n}\n.gallery-carousel-shortcode.gallery-carousel-shortcode-id-ea86e9e47640bf927f3dd93e25f061b4 .owl-nav a:hover i,\n.gallery-carousel-shortcode.gallery-carousel-shortcode-id-ea86e9e47640bf927f3dd93e25f061b4 .owl-nav a:hover i:before {\n  color: rgba(255,255,255,0.75);\n  background: none;\n}\n.gallery-carousel-shortcode.gallery-carousel-shortcode-id-ea86e9e47640bf927f3dd93e25f061b4 .owl-dots {\n  top: calc(100% + 20px);\n  left: 50%;\n  transform: translateX(calc(-50% + 0px));\n}\n@media all and (-ms-high-contrast: none) {\n  .gallery-carousel-shortcode.gallery-carousel-shortcode-id-ea86e9e47640bf927f3dd93e25f061b4 .owl-dots {\n    transform: translateX(-50%);\n    margin-left: 0px;\n  }\n}\n.gallery-carousel-shortcode.gallery-carousel-shortcode-id-ea86e9e47640bf927f3dd93e25f061b4 .owl-dot {\n  width: 10px;\n  height: 10px;\n  margin: 0 8px;\n}\n@media screen and (max-width: 778px) {\n  .gallery-carousel-shortcode.gallery-carousel-shortcode-id-ea86e9e47640bf927f3dd93e25f061b4.hide-arrows .owl-nav a {\n    display: none;\n  }\n}\n@media screen and (max-width: 778px) {\n  .gallery-carousel-shortcode.gallery-carousel-shortcode-id-ea86e9e47640bf927f3dd93e25f061b4.reposition-arrows .owl-nav .owl-prev {\n    top: calc(100% + 0px);\n    left: 10px;\n  }\n  .gallery-carousel-shortcode.gallery-carousel-shortcode-id-ea86e9e47640bf927f3dd93e25f061b4.reposition-arrows .owl-nav .owl-next {\n    top: calc(100% + 0px);\n    right: 10px;\n  }\n}\n.gallery-carousel-shortcode.gallery-carousel-shortcode-id-ea86e9e47640bf927f3dd93e25f061b4 figure,\n.gallery-carousel-shortcode.gallery-carousel-shortcode-id-ea86e9e47640bf927f3dd93e25f061b4 .rollover,\n.gallery-carousel-shortcode.gallery-carousel-shortcode-id-ea86e9e47640bf927f3dd93e25f061b4 img,\n.gallery-carousel-shortcode.gallery-carousel-shortcode-id-ea86e9e47640bf927f3dd93e25f061b4 .gallery-rollover {\n  border-radius: 0px;\n}\n.gallery-carousel-shortcode.gallery-carousel-shortcode-id-ea86e9e47640bf927f3dd93e25f061b4.enable-bg-rollover .gallery-rollover {\n  background: -webkit-linear-gradient();\n  background: linear-gradient();\n}\n.gallery-carousel-shortcode.gallery-carousel-shortcode-id-ea86e9e47640bf927f3dd93e25f061b4.enable-img-shadow .owl-stage-outer {\n  padding: 14px 0;\n}\n.gallery-carousel-shortcode.gallery-carousel-shortcode-id-ea86e9e47640bf927f3dd93e25f061b4.enable-bg-rollover.hover-scale figure .rollover:after {\n  background: -webkit-linear-gradient();\n  background: linear-gradient();\n}\n.gallery-carousel-shortcode.gallery-carousel-shortcode-id-ea86e9e47640bf927f3dd93e25f061b4.gallery-shortcode .gallery-zoom-ico {\n  width: 44px;\n  height: 44px;\n  line-height: 44px;\n  border-radius: 100px;\n  margin: -22px 0 0 -22px;\n  border-width: 0px;\n}\n.dt-icon-bg-on.gallery-carousel-shortcode.gallery-carousel-shortcode-id-ea86e9e47640bf927f3dd93e25f061b4.gallery-shortcode .gallery-zoom-ico {\n  background: rgba(255,255,255,0.3);\n  box-shadow: none;\n}\n.gallery-carousel-shortcode.gallery-carousel-shortcode-id-ea86e9e47640bf927f3dd93e25f061b4.gallery-shortcode .gallery-zoom-ico:before,\n.gallery-carousel-shortcode.gallery-carousel-shortcode-id-ea86e9e47640bf927f3dd93e25f061b4.gallery-shortcode .gallery-zoom-ico span {\n  font-size: 32px;\n  line-height: 44px;\n  color: #ffffff;\n  background: none;\n}\n<\/style><div class=\"owl-carousel gallery-carousel-shortcode gallery-shortcode  dt-gallery-container dt-owl-carousel-call gallery-carousel-shortcode-id-ea86e9e47640bf927f3dd93e25f061b4 quick-scale-img enable-bg-rollover meta-info-off dt-arrow-border-on dt-arrow-hover-border-on bullets-small-dot-stroke reposition-arrows dt-icon-bg-off arrows-bg-on disable-arrows-hover-bg arrows-hover-bg-on  vc_custom_1713175280193 hover-fade \" data-scroll-mode=\"1\" data-col-num=\"1\" data-wide-col-num=\"1\" data-laptop-col=\"1\" data-h-tablet-columns-num=\"1\" data-v-tablet-columns-num=\"1\" data-phone-columns-num=\"1\" data-col-gap=\"10\" data-stage-padding=\"0\" data-speed=\"600\" data-autoplay=\"false\" data-autoplay_speed=\"6000\" data-arrows=\"true\" data-bullet=\"false\" data-next-icon=\"icon-ar-017-r\" data-prev-icon=\"icon-ar-017-l\" data-img-shadow-size=\"12px\" data-img-shadow-spread=\"3px\"><div data-post-id=\"2354\" data-date=\"2024-03-09T22:06:00+00:00\" data-name=\"Cisterne za demi vodu (1)\"><figure class=\"post\"><a href=\"https:\/\/cabarplast.com\/wp-content\/uploads\/2024\/03\/Cisterne-za-demi-vodu-1.jpg\" class=\"rollover dt-pswp-item layzr-bg\" data-large_image_width=\"1080\" data-large_image_height=\"1080\" data-dt-img-description=\"\" title=\"Cisterne za demi vodu (1)\"><img fetchpriority=\"high\" decoding=\"async\" class=\"preload-me owl-lazy-load aspect\" src=\"data:image\/svg+xml,%3Csvg%20xmlns%3D&#39;http%3A%2F%2Fwww.w3.org%2F2000%2Fsvg&#39;%20viewBox%3D&#39;0%200%201080%201080&#39;%2F%3E\" data-src=\"https:\/\/cabarplast.com\/wp-content\/uploads\/2024\/03\/Cisterne-za-demi-vodu-1.jpg\" data-srcset=\"https:\/\/cabarplast.com\/wp-content\/uploads\/2024\/03\/Cisterne-za-demi-vodu-1.jpg 1080w\" loading=\"eager\" style=\"--ratio: 1080 \/ 1080\" sizes=\"(max-width: 1080px) 100vw, 1080px\" alt=\"\" width=\"1080\" height=\"1080\"  \/><span class=\"gallery-rollover\"><span class=\"gallery-zoom-ico icomoon-the7-font-the7-zoom-06\"><span><\/span><\/span><\/span><\/a><\/figure><\/div><div data-post-id=\"2355\" data-date=\"2024-03-09T22:06:01+00:00\" data-name=\"Cisterne za demi vodu (2)\"><figure class=\"post\"><a href=\"https:\/\/cabarplast.com\/wp-content\/uploads\/2024\/03\/Cisterne-za-demi-vodu-2.jpg\" class=\"rollover dt-pswp-item layzr-bg\" data-large_image_width=\"1080\" data-large_image_height=\"1080\" data-dt-img-description=\"\" title=\"Cisterne za demi vodu (2)\"><img decoding=\"async\" class=\"preload-me owl-lazy-load aspect\" src=\"data:image\/svg+xml,%3Csvg%20xmlns%3D&#39;http%3A%2F%2Fwww.w3.org%2F2000%2Fsvg&#39;%20viewBox%3D&#39;0%200%201080%201080&#39;%2F%3E\" data-src=\"https:\/\/cabarplast.com\/wp-content\/uploads\/2024\/03\/Cisterne-za-demi-vodu-2.jpg\" data-srcset=\"https:\/\/cabarplast.com\/wp-content\/uploads\/2024\/03\/Cisterne-za-demi-vodu-2.jpg 1080w\" loading=\"eager\" style=\"--ratio: 1080 \/ 1080\" sizes=\"(max-width: 1080px) 100vw, 1080px\" alt=\"\" width=\"1080\" height=\"1080\"  \/><span class=\"gallery-rollover\"><span class=\"gallery-zoom-ico icomoon-the7-font-the7-zoom-06\"><span><\/span><\/span><\/span><\/a><\/figure><\/div><div data-post-id=\"2356\" data-date=\"2024-03-09T22:06:02+00:00\" data-name=\"Cisterne za demi vodu (3)\"><figure class=\"post\"><a href=\"https:\/\/cabarplast.com\/wp-content\/uploads\/2024\/03\/Cisterne-za-demi-vodu-3.jpg\" class=\"rollover dt-pswp-item layzr-bg\" data-large_image_width=\"1080\" data-large_image_height=\"1080\" data-dt-img-description=\"\" title=\"Cisterne za demi vodu (3)\"><img decoding=\"async\" class=\"preload-me owl-lazy-load aspect\" src=\"data:image\/svg+xml,%3Csvg%20xmlns%3D&#39;http%3A%2F%2Fwww.w3.org%2F2000%2Fsvg&#39;%20viewBox%3D&#39;0%200%201080%201080&#39;%2F%3E\" data-src=\"https:\/\/cabarplast.com\/wp-content\/uploads\/2024\/03\/Cisterne-za-demi-vodu-3.jpg\" data-srcset=\"https:\/\/cabarplast.com\/wp-content\/uploads\/2024\/03\/Cisterne-za-demi-vodu-3.jpg 1080w\" loading=\"eager\" style=\"--ratio: 1080 \/ 1080\" sizes=\"(max-width: 1080px) 100vw, 1080px\" alt=\"\" width=\"1080\" height=\"1080\"  \/><span class=\"gallery-rollover\"><span class=\"gallery-zoom-ico icomoon-the7-font-the7-zoom-06\"><span><\/span><\/span><\/span><\/a><\/figure><\/div><\/div>[\/vc_column][vc_column width=&#8221;1\/2&#8243; css=&#8221;.vc_custom_1709671835767{border-left-width: 1px !important;padding-right: 30px !important;padding-bottom: 30px !important;padding-left: 30px !important;border-left-color: #0e415f !important;border-left-style: solid !important;}&#8221;][vc_column_text css=&#8221;&#8221;]<\/p>\n<h1>Rezervuar\u00eb p\u00ebr Ruajtjen e <strong>Ujit t\u00eb Dejonizuar<\/strong><\/h1>\n<p>&nbsp;<\/p>\n<p>\u010cabar Plast q\u00ebndron si nj\u00eb prodhues lider n\u00eb prodhimin e rezervuar\u00ebve dhe cisternave plastike me cil\u00ebsi t\u00eb lart\u00eb, p\u00ebrfshir\u00eb ato t\u00eb destinuara p\u00ebr ruajtjen e ujit t\u00eb dejonizuar (DI).<\/p>\n<p>Uji DI, i njohur p\u00ebr past\u00ebrtin\u00eb e tij t\u00eb jasht\u00ebzakonshme dhe munges\u00ebn e krip\u00ebrave t\u00eb tretura, \u00ebsht\u00eb thelb\u00ebsor n\u00eb shum\u00eb procese industriale, nga prodhimi i makinave dhe prodhimi farmaceutik deri n\u00eb industrin\u00eb ushqimore dhe aplikimet laboratorike.<br \/>\n[\/vc_column_text][vc_empty_space height=&#8221;20&#8243;]<a href=\"https:\/\/cabarplast.com\/sq\/kontakt\/\" class=\"btn-shortcode dt-btn-m dt-btn default-btn-color default-btn-hover-color default-btn-bg-color default-btn-bg-hover-color\" id=\"dt-btn-1\"><span>Kontaktoni me ne<\/span><\/a>[\/vc_column][\/vc_row][vc_row][vc_column][vc_empty_space height=&#8221;50&#8243;][vc_column_text css=&#8221;.vc_custom_1726402143502{padding-right: 30px !important;padding-left: 30px !important;}&#8221;]<\/p>\n<h2><strong>Rezervuar\u00eb Vertikal\u00eb<\/strong> dhe Horizontal\u00eb p\u00ebr Ujin DI<\/h2>\n<p>\u010cabar Plast ofron dy variante themelore t\u00eb rezervuar\u00ebve p\u00ebr ruajtjen e ujit DI: rezervuar\u00ebt vertikal\u00eb, ideal\u00eb p\u00ebr vendosje n\u00eb tok\u00eb, dhe rezervuar\u00ebt horizontal\u00eb, t\u00eb cil\u00ebt zakonisht varrosen. K\u00ebto rezervuar\u00eb jan\u00eb b\u00ebr\u00eb nga polietileni me densitet t\u00eb lart\u00eb (HDPE), nj\u00eb material i njohur p\u00ebr vetit\u00eb e tij t\u00eb jasht\u00ebzakonshme t\u00eb rezistenc\u00ebs kimike dhe mekanike. Materiali HDPE siguron sigurin\u00eb dhe jet\u00ebgjat\u00ebsin\u00eb e ruajtjes s\u00eb ujit DI, duke ruajtur past\u00ebrtin\u00eb dhe sigurin\u00eb e ujit p\u00ebr p\u00ebrdorim n\u00eb aplikime t\u00eb ndryshme.<\/p>\n<h2>P\u00ebrdorimi i Ujit DI dhe R\u00ebnd\u00ebsia e Rezervuar\u00ebve Cil\u00ebsor\u00eb<\/h2>\n<p>Uji DI p\u00ebrdoret n\u00eb nj\u00eb gam\u00eb t\u00eb gjer\u00eb t\u00eb proceseve industriale, duke vendosur k\u00ebrkesa t\u00eb larta p\u00ebr sistemet e ruajtjes. Rezervuar\u00ebt vertikal\u00eb dhe horizontal\u00eb t\u00eb \u010cabar Plast i p\u00ebrmbushin k\u00ebto k\u00ebrkesa, duke ofruar nj\u00eb zgjidhje t\u00eb besueshme ruajtjeje q\u00eb mbron ujin DI nga ndot\u00ebsit e jasht\u00ebm dhe ruan karakteristikat e tij. P\u00ebr m\u00eb tep\u00ebr, k\u00ebto rezervuar\u00eb jan\u00eb t\u00eb dizajnuara p\u00ebr t\u00eb lejuar manipulim dhe qasje t\u00eb leht\u00eb, gj\u00eb q\u00eb \u00ebsht\u00eb thelb\u00ebsore p\u00ebr mir\u00ebmbajtjen dhe p\u00ebrdorimin efikas t\u00eb ujit DI n\u00eb proceset industriale.<br \/>\n[\/vc_column_text][vc_empty_space height=&#8221;50&#8243;][\/vc_column][\/vc_row][vc_row full_width=&#8221;stretch_row_content_no_spaces&#8221;][vc_column][vc_column_text]<img loading=\"lazy\" decoding=\"async\" class=\"aligncenter wp-image-232 size-full\" src=\"https:\/\/cabarplast.com\/wp-content\/uploads\/2024\/03\/footer-4.png\" alt=\"\" width=\"1919\" height=\"50\" srcset=\"https:\/\/cabarplast.com\/wp-content\/uploads\/2024\/03\/footer-4.png 1919w, https:\/\/cabarplast.com\/wp-content\/uploads\/2024\/03\/footer-4-300x8.png 300w, https:\/\/cabarplast.com\/wp-content\/uploads\/2024\/03\/footer-4-1024x27.png 1024w, https:\/\/cabarplast.com\/wp-content\/uploads\/2024\/03\/footer-4-768x20.png 768w, https:\/\/cabarplast.com\/wp-content\/uploads\/2024\/03\/footer-4-1536x40.png 1536w\" sizes=\"auto, (max-width: 1919px) 100vw, 1919px\" \/>[\/vc_column_text][\/vc_column][\/vc_row][vc_row full_width=&#8221;stretch_row&#8221; css=&#8221;.vc_custom_1709643894007{background-color: #0e415f !important;}&#8221;][vc_column][vc_column_text css=&#8221;.vc_custom_1726402340104{padding-right: 30px !important;padding-left: 30px !important;}&#8221;]<\/p>\n<h2><span style=\"color: #fcb426;\"><strong>Avantazhet<\/strong> e Rezervuar\u00ebve \u010cabar Plast p\u00ebr Ujin DI<\/span><\/h2>\n<ul>\n<li><span style=\"color: #fcb426;\">Rezistenc\u00eb ndaj korrozionit dhe inertiteti kimik:<\/span> <span style=\"color: #ffffff;\">Materiali HDPE i lejon rezervuar\u00ebt \u010cabar Plast t&#8217;i b\u00ebjn\u00eb ball\u00eb ndikimeve kimike t\u00eb ujit DI, duke siguruar past\u00ebrtin\u00eb dhe sigurin\u00eb e tij.<\/span><\/li>\n<li><span style=\"color: #fcb426;\">Jet\u00ebgjat\u00ebsi e gjat\u00eb sh\u00ebrbimi:<\/span> <span style=\"color: #ffffff;\">Fal\u00eb materialit me cil\u00ebsi t\u00eb lart\u00eb, rezervuar\u00ebt p\u00ebr ujin DI kan\u00eb nj\u00eb jet\u00ebgjat\u00ebsi t\u00eb gjat\u00eb sh\u00ebrbimi, duke zvog\u00ebluar nevoj\u00ebn p\u00ebr z\u00ebvend\u00ebsim t\u00eb shpesht\u00eb dhe ulur kostot.<br \/>\n<\/span><\/li>\n<li><span style=\"color: #fcb426;\">Fleksibilitet dhe p\u00ebrshtatshm\u00ebri:<\/span> <span style=\"color: #ffffff;\">Mund\u00ebsia p\u00ebr t\u00eb zgjedhur midis varianteve vertikale dhe horizontale, si dhe mund\u00ebsit\u00eb e personalizimit si vesh\u00ebt e ngritjes, k\u00ebmb\u00ebt, treguesit e nivelit, shkall\u00ebt, shkall\u00ebt dhe bazat e pomp\u00ebs, u lejon p\u00ebrdoruesve t&#8217;i p\u00ebrshtatin rezervuar\u00ebt me nevojat specifike t\u00eb projekteve t\u00eb tyre.<\/span><\/li>\n<li><span style=\"color: #fcb426;\">Leht\u00ebsia e montimit dhe mir\u00ebmbajtjes:<\/span> <span style=\"color: #ffffff;\">Pesha e leht\u00eb e materialit HDPE leht\u00ebson transportin dhe instalimin e rezervuar\u00ebve, nd\u00ebrsa dizajni i tyre lejon mir\u00ebmbajtje dhe pastrim t\u00eb thjesht\u00eb.<br \/>\n<\/span><\/li>\n<li><span style=\"color: #fcb426;\">Stabiliteti ndaj rrezeve UV:<\/span> <span style=\"color: #ffffff;\">Materiali nga i cili jan\u00eb b\u00ebr\u00eb rezervuar\u00ebt \u00ebsht\u00eb i q\u00ebndruesh\u00ebm ndaj rrezeve UV, q\u00eb do t\u00eb thot\u00eb se ata jan\u00eb rezistent ndaj ekspozimit t\u00eb zgjatur n\u00eb rrezet e diellit, duke zgjatur m\u00eb tej jet\u00ebgjat\u00ebsin\u00eb e tyre.<\/span><\/li>\n<li><span style=\"color: #fcb426;\">Izolim termik:<\/span> <span style=\"color: #ffffff;\">P\u00ebrve\u00e7 se jan\u00eb rezistent ndaj ndikimeve kimike, rezervuar\u00ebt \u010cabar Plast ofrojn\u00eb gjithashtu izolim t\u00eb mir\u00eb termik, duke ruajtur nj\u00eb temperatur\u00eb t\u00eb q\u00ebndrueshme t\u00eb ujit t\u00eb deionizuar t\u00eb ruajtur.<br \/>\n<\/span><\/li>\n<\/ul>\n<p>[\/vc_column_text][vc_empty_space height=&#8221;50&#8243;][\/vc_column][\/vc_row][vc_row full_width=&#8221;stretch_row&#8221; css=&#8221;.vc_custom_1709644275584{background-color: #efefef !important;}&#8221;][vc_column][vc_column_text css=&#8221;.vc_custom_1726402404485{padding-right: 30px !important;padding-left: 30px !important;}&#8221;]<\/p>\n<h2>Zbatim i Gjer\u00eb i Ujit t\u00eb Deionizuar<\/h2>\n<p>Uji i deionizuar \u00ebsht\u00eb ky\u00e7 n\u00eb sektor\u00eb t\u00eb shumt\u00eb industrial\u00eb, duke p\u00ebrfshir\u00eb:<\/p>\n<ul>\n<li><strong>Industria automobilistike:<\/strong> Ku p\u00ebrdoret si pjes\u00eb e procesit t\u00eb ftohjes, si dhe p\u00ebr prodhimin dhe mir\u00ebmbajtjen e baterive.<\/li>\n<li><strong>Industria e metaleve:<\/strong> P\u00ebr proceset e galvanizimit, pastrimin e metaleve dhe si mjet p\u00ebr t\u00eb parandaluar korrozionin.<\/li>\n<li><strong>Industria farmaceutike:<\/strong> N\u00eb prodhimin e barnave dhe si baz\u00eb p\u00ebr shum\u00eb preparate farmaceutike.<\/li>\n<li><strong>Industria ushqimore:<\/strong> N\u00eb prodhimin e pijeve dhe si p\u00ebrb\u00ebr\u00ebs i produkteve ushqimore me cil\u00ebsi t\u00eb lart\u00eb.<\/li>\n<li><strong>Aplikimet laboratorike:<\/strong> Ku uji i past\u00ebr \u00ebsht\u00eb baza p\u00ebr shum\u00eb eksperimente dhe analiza.<\/li>\n<\/ul>\n<p>[\/vc_column_text][vc_column_text][\/vc_column_text][vc_empty_space][\/vc_column][\/vc_row][vc_row][vc_column][vc_column_text css=&#8221;.vc_custom_1726402440333{padding-right: 30px !important;padding-left: 30px !important;}&#8221;]<a href=\"https:\/\/cabarplast.com\/sq\/rezervuaret-plastike\/\">Rezervuar\u00ebt<\/a> \u010cabar Plast p\u00ebr ujin DI paraqesin nj\u00eb zgjidhje optimale p\u00ebr ruajtjen e ujit t\u00eb dejonizuar n\u00eb aplikime t\u00eb ndryshme industriale. Nd\u00ebrtimi dhe materiali i tyre sigurojn\u00eb q\u00ebndrueshm\u00ebri, siguri dhe past\u00ebrti t\u00eb ujit t\u00eb ruajtur, nd\u00ebrsa p\u00ebrshtatshm\u00ebria dhe opsionet e ndryshme t\u00eb pajisjeve u lejojn\u00eb p\u00ebrdoruesve t\u00eb marrin sakt\u00ebsisht at\u00eb q\u00eb u nevojitet p\u00ebr k\u00ebrkesat e tyre specifike.<\/p>\n<p>Qoft\u00eb p\u00ebr ruajtjen e sasive t\u00eb m\u00ebdha ose t\u00eb vogla t\u00eb ujit DI, \u010cabar Plast ofron zgjidhje t\u00eb besueshme dhe efikase q\u00eb p\u00ebrmbushin standardet m\u00eb t\u00eb larta t\u00eb cil\u00ebsis\u00eb dhe siguris\u00eb.[\/vc_column_text][vc_empty_space][\/vc_column][\/vc_row][vc_row full_width=&#8221;stretch_row_content_no_spaces&#8221;][vc_column][vc_column_text]<img loading=\"lazy\" decoding=\"async\" class=\"aligncenter wp-image-232 size-full\" src=\"https:\/\/cabarplast.com\/wp-content\/uploads\/2024\/03\/footer-4.png\" alt=\"\" width=\"1919\" height=\"50\" srcset=\"https:\/\/cabarplast.com\/wp-content\/uploads\/2024\/03\/footer-4.png 1919w, https:\/\/cabarplast.com\/wp-content\/uploads\/2024\/03\/footer-4-300x8.png 300w, https:\/\/cabarplast.com\/wp-content\/uploads\/2024\/03\/footer-4-1024x27.png 1024w, https:\/\/cabarplast.com\/wp-content\/uploads\/2024\/03\/footer-4-768x20.png 768w, https:\/\/cabarplast.com\/wp-content\/uploads\/2024\/03\/footer-4-1536x40.png 1536w\" sizes=\"auto, (max-width: 1919px) 100vw, 1919px\" \/>[\/vc_column_text][\/vc_column][\/vc_row]<\/p>\n<\/div>","protected":false},"excerpt":{"rendered":"<p>[vc_row][vc_column width=&#8221;1\/2&#8243;][\/vc_column][vc_column width=&#8221;1\/2&#8243; css=&#8221;.vc_custom_1709671835767{border-left-width: 1px !important;padding-right: 30px !important;padding-bottom: 30px !important;padding-left: 30px !important;border-left-color: #0e415f !important;border-left-style: solid !important;}&#8221;][vc_column_text css=&#8221;&#8221;] Rezervuar\u00eb p\u00ebr Ruajtjen e Ujit t\u00eb Dejonizuar &nbsp; \u010cabar Plast q\u00ebndron si nj\u00eb prodhues lider n\u00eb prodhimin e rezervuar\u00ebve dhe cisternave plastike me cil\u00ebsi t\u00eb lart\u00eb, p\u00ebrfshir\u00eb ato t\u00eb destinuara p\u00ebr ruajtjen e ujit t\u00eb dejonizuar (DI). Uji&hellip;<\/p>\n","protected":false},"author":1,"featured_media":0,"parent":0,"menu_order":0,"comment_status":"closed","ping_status":"closed","template":"","meta":{"footnotes":""},"class_list":["post-2350","page","type-page","status-publish","hentry","description-off"],"_links":{"self":[{"href":"https:\/\/cabarplast.com\/sq\/wp-json\/wp\/v2\/pages\/2350","targetHints":{"allow":["GET"]}}],"collection":[{"href":"https:\/\/cabarplast.com\/sq\/wp-json\/wp\/v2\/pages"}],"about":[{"href":"https:\/\/cabarplast.com\/sq\/wp-json\/wp\/v2\/types\/page"}],"author":[{"embeddable":true,"href":"https:\/\/cabarplast.com\/sq\/wp-json\/wp\/v2\/users\/1"}],"replies":[{"embeddable":true,"href":"https:\/\/cabarplast.com\/sq\/wp-json\/wp\/v2\/comments?post=2350"}],"version-history":[{"count":2,"href":"https:\/\/cabarplast.com\/sq\/wp-json\/wp\/v2\/pages\/2350\/revisions"}],"predecessor-version":[{"id":2353,"href":"https:\/\/cabarplast.com\/sq\/wp-json\/wp\/v2\/pages\/2350\/revisions\/2353"}],"wp:attachment":[{"href":"https:\/\/cabarplast.com\/sq\/wp-json\/wp\/v2\/media?parent=2350"}],"curies":[{"name":"wp","href":"https:\/\/api.w.org\/{rel}","templated":true}]}}