{"id":2341,"date":"2024-03-04T21:01:57","date_gmt":"2024-03-04T21:01:57","guid":{"rendered":"https:\/\/cabarplast.com\/plasticni-rezervoari\/"},"modified":"2025-12-01T13:03:13","modified_gmt":"2025-12-01T13:03:13","slug":"rezervuaret-horizontale-plastike","status":"publish","type":"page","link":"https:\/\/cabarplast.com\/sq\/rezervuaret-horizontale-plastike\/","title":{"rendered":"Rezervuar\u00ebt Plastik\u00eb"},"content":{"rendered":"<div class=\"wpb-content-wrapper\"><p>[vc_row][vc_column css=&#8221;.vc_custom_1710099881337{padding-right: 30px !important;padding-left: 30px !important;}&#8221;][vc_column_text css=&#8221;&#8221;]<\/p>\n<h1><strong>Rezervuar\u00ebt<\/strong> Plastik\u00eb<\/h1>\n<p>Rezervuar\u00ebt plastik\u00eb jan\u00eb b\u00ebr\u00eb nga materiale polimere me cil\u00ebsi t\u00eb lart\u00eb t\u00eb destinuara p\u00ebr ruajtjen e l\u00ebngjeve t\u00eb ndryshme, duke p\u00ebrfshir\u00eb uj\u00eb, kimikate, karburant dhe substanca t\u00eb tjera.<br \/>\n[\/vc_column_text][vc_empty_space height=&#8221;50&#8243;][\/vc_column][\/vc_row][vc_row][vc_column][vc_row_inner][vc_column_inner width=&#8221;1\/3&#8243;][vc_column_text css=&#8221;&#8221;]<a href=\"https:\/\/cabarplast.com\/sq\/rezervuare-plastike-vertikale\/\"><img loading=\"lazy\" decoding=\"async\" class=\"wp-image-4558 size-medium aligncenter\" src=\"https:\/\/cabarplast.com\/wp-content\/uploads\/2025\/12\/Vertikalni-plasticni-rezervoari-14-300x300.jpg\" alt=\"\" width=\"300\" height=\"300\" srcset=\"https:\/\/cabarplast.com\/wp-content\/uploads\/2025\/12\/Vertikalni-plasticni-rezervoari-14-300x300.jpg 300w, https:\/\/cabarplast.com\/wp-content\/uploads\/2025\/12\/Vertikalni-plasticni-rezervoari-14-150x150.jpg 150w, https:\/\/cabarplast.com\/wp-content\/uploads\/2025\/12\/Vertikalni-plasticni-rezervoari-14.jpg 600w\" sizes=\"auto, (max-width: 300px) 100vw, 300px\" \/><\/a>[\/vc_column_text][\/vc_column_inner][vc_column_inner width=&#8221;2\/3&#8243; css=&#8221;.vc_custom_1710101146731{border-left-width: 1px !important;padding-right: 30px !important;padding-left: 30px !important;border-left-color: #0e415f !important;border-left-style: solid !important;}&#8221;][vc_column_text css=&#8221;&#8221;]<\/p>\n<p style=\"font-size: 25px;\">Rezervuar\u00eb plastik\u00eb <strong>vertikal\u00eb<\/strong><\/p>\n<p>&nbsp;<\/p>\n<p>Rezervuar\u00ebt plastik\u00eb vertikal\u00eb t\u00eb \u010cabar Plast kan\u00eb form\u00eb cilindrike dhe jan\u00eb ideal\u00eb p\u00ebr ruajtjen e sasis\u00eb s\u00eb madhe t\u00eb l\u00ebngjeve n\u00eb hap\u00ebsira t\u00eb kufizuara.[\/vc_column_text][vc_empty_space height=&#8221;20&#8243;]<a href=\"https:\/\/cabarplast.com\/sq\/rezervuare-plastike-vertikale\/\" class=\"btn-shortcode dt-btn-m dt-btn default-btn-color default-btn-hover-color default-btn-bg-color default-btn-bg-hover-color\" id=\"dt-btn-1\"><span>Shih m\u00eb shum\u00eb<\/span><\/a>[\/vc_column_inner][\/vc_row_inner][vc_empty_space height=&#8221;30&#8243;][vc_row_inner][vc_column_inner width=&#8221;2\/3&#8243; css=&#8221;.vc_custom_1710101124194{border-left-width: 1px !important;padding-right: 30px !important;padding-left: 30px !important;border-left-color: #0e415f !important;border-left-style: solid !important;}&#8221;][vc_column_text css=&#8221;&#8221;]<\/p>\n<p style=\"font-size: 25px;\"><strong>Rezervuar\u00ebt<\/strong> plastik\u00eb <strong>horizontal\u00eb<\/strong> t\u00eb <strong>ujit<\/strong><\/p>\n<p>&nbsp;<\/p>\n<p>T\u00eb projektuara p\u00ebr ruajtje efikase dhe qasje t\u00eb leht\u00eb n\u00eb uj\u00eb, ato jan\u00eb t\u00eb p\u00ebrshtatshme p\u00ebr aplikime t\u00eb ndryshme, nga p\u00ebrdorimi n\u00eb sht\u00ebpi deri n\u00eb at\u00eb industrial.<br \/>\n[\/vc_column_text][vc_empty_space height=&#8221;20&#8243;]<a href=\"https:\/\/cabarplast.com\/sq\/rezervuaret-horizontale-plastike-per-uje\/\" class=\"btn-shortcode dt-btn-m dt-btn default-btn-color default-btn-hover-color default-btn-bg-color default-btn-bg-hover-color\" id=\"dt-btn-2\"><span>Shih m\u00eb shum\u00eb<\/span><\/a>[\/vc_column_inner][vc_column_inner width=&#8221;1\/3&#8243;][vc_column_text]<a href=\"https:\/\/cabarplast.com\/sq\/rezervuaret-horizontale-plastike-per-uje\/\"><img loading=\"lazy\" decoding=\"async\" class=\"wp-image-450 size-medium aligncenter\" src=\"https:\/\/cabarplast.com\/wp-content\/uploads\/2024\/03\/Horizontalni-plasticni-rezervoari-72-300x300.jpg\" alt=\"\" width=\"300\" height=\"300\" srcset=\"https:\/\/cabarplast.com\/wp-content\/uploads\/2024\/03\/Horizontalni-plasticni-rezervoari-72-300x300.jpg 300w, https:\/\/cabarplast.com\/wp-content\/uploads\/2024\/03\/Horizontalni-plasticni-rezervoari-72-1024x1024.jpg 1024w, https:\/\/cabarplast.com\/wp-content\/uploads\/2024\/03\/Horizontalni-plasticni-rezervoari-72-150x150.jpg 150w, https:\/\/cabarplast.com\/wp-content\/uploads\/2024\/03\/Horizontalni-plasticni-rezervoari-72-768x768.jpg 768w, https:\/\/cabarplast.com\/wp-content\/uploads\/2024\/03\/Horizontalni-plasticni-rezervoari-72.jpg 1080w\" sizes=\"auto, (max-width: 300px) 100vw, 300px\" \/><\/a>[\/vc_column_text][\/vc_column_inner][\/vc_row_inner][vc_empty_space height=&#8221;30&#8243;][vc_row_inner][vc_column_inner width=&#8221;1\/3&#8243;][vc_column_text]<a href=\"https:\/\/cabarplast.com\/sq\/tubat-plastike-per-veren\/\"><img loading=\"lazy\" decoding=\"async\" class=\"wp-image-365 size-medium aligncenter\" src=\"https:\/\/cabarplast.com\/wp-content\/uploads\/2024\/03\/Bacve-za-vino-10-300x300.jpg\" alt=\"\" width=\"300\" height=\"300\" srcset=\"https:\/\/cabarplast.com\/wp-content\/uploads\/2024\/03\/Bacve-za-vino-10-300x300.jpg 300w, https:\/\/cabarplast.com\/wp-content\/uploads\/2024\/03\/Bacve-za-vino-10-1024x1024.jpg 1024w, https:\/\/cabarplast.com\/wp-content\/uploads\/2024\/03\/Bacve-za-vino-10-150x150.jpg 150w, https:\/\/cabarplast.com\/wp-content\/uploads\/2024\/03\/Bacve-za-vino-10-768x768.jpg 768w, https:\/\/cabarplast.com\/wp-content\/uploads\/2024\/03\/Bacve-za-vino-10.jpg 1080w\" sizes=\"auto, (max-width: 300px) 100vw, 300px\" \/><\/a>[\/vc_column_text][\/vc_column_inner][vc_column_inner width=&#8221;2\/3&#8243; css=&#8221;.vc_custom_1710101146731{border-left-width: 1px !important;padding-right: 30px !important;padding-left: 30px !important;border-left-color: #0e415f !important;border-left-style: solid !important;}&#8221;][vc_column_text css=&#8221;&#8221;]<\/p>\n<p style=\"font-size: 25px;\">Rezervuar\u00ebt plastik\u00eb t\u00eb ver\u00ebs &#8211; <strong>Fu\u00e7it\u00eb e Ver\u00ebs<\/strong><\/p>\n<p>&nbsp;<\/p>\n<p>T\u00eb specializuara p\u00ebr ruajtjen e ver\u00ebs, ato mund\u00ebsojn\u00eb kontrollin e temperatur\u00ebs dhe kushtet e nevojshme p\u00ebr plakjen e duhur t\u00eb ver\u00ebs.[\/vc_column_text][vc_empty_space height=&#8221;20&#8243;]<a href=\"https:\/\/cabarplast.com\/sq\/tubat-plastike-per-veren\/\" class=\"btn-shortcode dt-btn-m dt-btn default-btn-color default-btn-hover-color default-btn-bg-color default-btn-bg-hover-color\" id=\"dt-btn-3\"><span>Shih m\u00eb shum\u00eb<\/span><\/a>[\/vc_column_inner][\/vc_row_inner][vc_empty_space height=&#8221;30&#8243;][vc_row_inner][vc_column_inner width=&#8221;2\/3&#8243; css=&#8221;.vc_custom_1710101124194{border-left-width: 1px !important;padding-right: 30px !important;padding-left: 30px !important;border-left-color: #0e415f !important;border-left-style: solid !important;}&#8221;][vc_column_text css=&#8221;&#8221;]<\/p>\n<p style=\"font-size: 25px;\">Rezervuar\u00ebt plastik\u00eb p\u00ebr <strong>zjarrfikje<\/strong><\/p>\n<p>&nbsp;<\/p>\n<p>T\u00eb pajisur me karakteristika specifike p\u00ebr ruajtjen e ujit t\u00eb p\u00ebrdorur n\u00eb zjarrfikje, duke siguruar qasje t\u00eb shpejt\u00eb dhe efikase n\u00eb uj\u00eb n\u00eb situata emergjente.[\/vc_column_text][vc_empty_space height=&#8221;20&#8243;]<a href=\"https:\/\/cabarplast.com\/sq\/rezervuaret-plastike-per-zjarrfikje\/\" class=\"btn-shortcode dt-btn-m dt-btn default-btn-color default-btn-hover-color default-btn-bg-color default-btn-bg-hover-color\" id=\"dt-btn-4\"><span>Shih m\u00eb shum\u00eb<\/span><\/a>[\/vc_column_inner][vc_column_inner width=&#8221;1\/3&#8243;][vc_column_text]<a href=\"https:\/\/cabarplast.com\/sq\/rezervuaret-plastike-per-zjarrfikje\/\"><img loading=\"lazy\" decoding=\"async\" class=\"wp-image-631 size-medium aligncenter\" src=\"https:\/\/cabarplast.com\/wp-content\/uploads\/2024\/03\/Protivpozarni-plasticni-rezervoari-7-300x300.jpg\" alt=\"\" width=\"300\" height=\"300\" srcset=\"https:\/\/cabarplast.com\/wp-content\/uploads\/2024\/03\/Protivpozarni-plasticni-rezervoari-7-300x300.jpg 300w, https:\/\/cabarplast.com\/wp-content\/uploads\/2024\/03\/Protivpozarni-plasticni-rezervoari-7-1024x1024.jpg 1024w, https:\/\/cabarplast.com\/wp-content\/uploads\/2024\/03\/Protivpozarni-plasticni-rezervoari-7-150x150.jpg 150w, https:\/\/cabarplast.com\/wp-content\/uploads\/2024\/03\/Protivpozarni-plasticni-rezervoari-7-768x768.jpg 768w, https:\/\/cabarplast.com\/wp-content\/uploads\/2024\/03\/Protivpozarni-plasticni-rezervoari-7.jpg 1080w\" sizes=\"auto, (max-width: 300px) 100vw, 300px\" \/><\/a>[\/vc_column_text][\/vc_column_inner][\/vc_row_inner][vc_empty_space height=&#8221;30&#8243;][vc_row_inner][vc_column_inner width=&#8221;1\/3&#8243;][vc_column_text]<a href=\"https:\/\/cabarplast.com\/sq\/rezervuare-plastike-per-ujitje\/\"><img loading=\"lazy\" decoding=\"async\" class=\"wp-image-371 size-medium aligncenter\" src=\"https:\/\/cabarplast.com\/wp-content\/uploads\/2024\/03\/Rezervoari-za-navodnjavanje-300x300.jpg\" alt=\"\" width=\"300\" height=\"300\" srcset=\"https:\/\/cabarplast.com\/wp-content\/uploads\/2024\/03\/Rezervoari-za-navodnjavanje-300x300.jpg 300w, https:\/\/cabarplast.com\/wp-content\/uploads\/2024\/03\/Rezervoari-za-navodnjavanje-1024x1024.jpg 1024w, https:\/\/cabarplast.com\/wp-content\/uploads\/2024\/03\/Rezervoari-za-navodnjavanje-150x150.jpg 150w, https:\/\/cabarplast.com\/wp-content\/uploads\/2024\/03\/Rezervoari-za-navodnjavanje-768x768.jpg 768w, https:\/\/cabarplast.com\/wp-content\/uploads\/2024\/03\/Rezervoari-za-navodnjavanje.jpg 1080w\" sizes=\"auto, (max-width: 300px) 100vw, 300px\" \/><\/a>[\/vc_column_text][\/vc_column_inner][vc_column_inner width=&#8221;2\/3&#8243; css=&#8221;.vc_custom_1710101146731{border-left-width: 1px !important;padding-right: 30px !important;padding-left: 30px !important;border-left-color: #0e415f !important;border-left-style: solid !important;}&#8221;][vc_column_text css=&#8221;&#8221;]<\/p>\n<p style=\"font-size: 25px;\">Rezervuar\u00ebt p\u00ebr <strong>ujitje<\/strong><\/p>\n<p>&nbsp;<\/p>\n<p>T\u00eb p\u00ebrdorur n\u00eb bujq\u00ebsi p\u00ebr ruajtjen dhe shp\u00ebrndarjen efikase t\u00eb ujit p\u00ebr ujitje, duke mb\u00ebshtetur menaxhimin e q\u00ebndruesh\u00ebm t\u00eb burimeve ujore.[\/vc_column_text][vc_empty_space height=&#8221;20&#8243;]<a href=\"https:\/\/cabarplast.com\/sq\/rezervuare-plastike-per-ujitje\/\" class=\"btn-shortcode dt-btn-m dt-btn default-btn-color default-btn-hover-color default-btn-bg-color default-btn-bg-hover-color\" id=\"dt-btn-5\"><span>Shih m\u00eb shum\u00eb<\/span><\/a>[\/vc_column_inner][\/vc_row_inner][vc_empty_space height=&#8221;30&#8243;][vc_row_inner][vc_column_inner width=&#8221;2\/3&#8243; css=&#8221;.vc_custom_1710101124194{border-left-width: 1px !important;padding-right: 30px !important;padding-left: 30px !important;border-left-color: #0e415f !important;border-left-style: solid !important;}&#8221;][vc_column_text css=&#8221;&#8221;]<\/p>\n<p style=\"font-size: 25px;\">Rezervuar\u00ebt e ujit t\u00eb <strong>shiut<\/strong><\/p>\n<p>&nbsp;<\/p>\n<p>Mund\u00ebsojn\u00eb mbledhjen dhe ruajtjen e ujit t\u00eb shiut p\u00ebr p\u00ebrdorim t\u00eb m\u00ebvonsh\u00ebm n\u00eb kopshtari, pastrim dhe aplikime t\u00eb tjera jo t\u00eb pijshme.<br \/>\n[\/vc_column_text][vc_empty_space height=&#8221;20&#8243;]<a href=\"https:\/\/cabarplast.com\/sq\/rezervuar-per-uje-shiu\/\" class=\"btn-shortcode dt-btn-m dt-btn default-btn-color default-btn-hover-color default-btn-bg-color default-btn-bg-hover-color\" id=\"dt-btn-6\"><span>Shih m\u00eb shum\u00eb<\/span><\/a>[\/vc_column_inner][vc_column_inner width=&#8221;1\/3&#8243;][vc_column_text]<a href=\"https:\/\/cabarplast.com\/sq\/rezervuar-per-uje-shiu\/\"><img loading=\"lazy\" decoding=\"async\" class=\"wp-image-647 size-medium aligncenter\" src=\"https:\/\/cabarplast.com\/wp-content\/uploads\/2024\/03\/Rezervoar-za-kisnicu-1-300x300.jpg\" alt=\"\" width=\"300\" height=\"300\" srcset=\"https:\/\/cabarplast.com\/wp-content\/uploads\/2024\/03\/Rezervoar-za-kisnicu-1-300x300.jpg 300w, https:\/\/cabarplast.com\/wp-content\/uploads\/2024\/03\/Rezervoar-za-kisnicu-1-1024x1024.jpg 1024w, https:\/\/cabarplast.com\/wp-content\/uploads\/2024\/03\/Rezervoar-za-kisnicu-1-150x150.jpg 150w, https:\/\/cabarplast.com\/wp-content\/uploads\/2024\/03\/Rezervoar-za-kisnicu-1-768x768.jpg 768w, https:\/\/cabarplast.com\/wp-content\/uploads\/2024\/03\/Rezervoar-za-kisnicu-1.jpg 1080w\" sizes=\"auto, (max-width: 300px) 100vw, 300px\" \/><\/a>[\/vc_column_text][\/vc_column_inner][\/vc_row_inner][vc_empty_space height=&#8221;30&#8243;][vc_row_inner][vc_column_inner width=&#8221;1\/3&#8243;][vc_column_text css=&#8221;&#8221;]<a href=\"https:\/\/cabarplast.com\/sq\/vaska-plastike-drejtkendeshe\/\"><img loading=\"lazy\" decoding=\"async\" class=\"wp-image-265 size-medium aligncenter\" src=\"https:\/\/cabarplast.com\/wp-content\/uploads\/2024\/03\/Untitled-design-1-300x300.jpg\" alt=\"\" width=\"300\" height=\"300\" srcset=\"https:\/\/cabarplast.com\/wp-content\/uploads\/2024\/03\/Untitled-design-1-300x300.jpg 300w, https:\/\/cabarplast.com\/wp-content\/uploads\/2024\/03\/Untitled-design-1-1024x1024.jpg 1024w, https:\/\/cabarplast.com\/wp-content\/uploads\/2024\/03\/Untitled-design-1-150x150.jpg 150w, https:\/\/cabarplast.com\/wp-content\/uploads\/2024\/03\/Untitled-design-1-768x768.jpg 768w, https:\/\/cabarplast.com\/wp-content\/uploads\/2024\/03\/Untitled-design-1.jpg 1080w\" sizes=\"auto, (max-width: 300px) 100vw, 300px\" \/><\/a>[\/vc_column_text][\/vc_column_inner][vc_column_inner width=&#8221;2\/3&#8243; css=&#8221;.vc_custom_1710101146731{border-left-width: 1px !important;padding-right: 30px !important;padding-left: 30px !important;border-left-color: #0e415f !important;border-left-style: solid !important;}&#8221;][vc_column_text css=&#8221;&#8221;]<\/p>\n<p style=\"font-size: 25px;\">Vaska plastike <strong>drejtk\u00ebndore<\/strong><\/p>\n<p>&nbsp;<\/p>\n<p>Kontejner\u00eb shum\u00ebq\u00ebllimor\u00eb t\u00eb p\u00ebrdorur n\u00eb procese t\u00eb ndryshme industriale, duke p\u00ebrfshir\u00eb trajtimin sip\u00ebrfaq\u00ebsor dhe ruajtjen e kimikateve.<br \/>\n[\/vc_column_text][vc_empty_space height=&#8221;20&#8243;]<a href=\"https:\/\/cabarplast.com\/sq\/vaska-plastike-drejtkendeshe\/\" class=\"btn-shortcode dt-btn-m dt-btn default-btn-color default-btn-hover-color default-btn-bg-color default-btn-bg-hover-color\" id=\"dt-btn-7\"><span>Shih m\u00eb shum\u00eb<\/span><\/a>[\/vc_column_inner][\/vc_row_inner][vc_empty_space][vc_row_inner][vc_column_inner width=&#8221;2\/3&#8243; css=&#8221;.vc_custom_1710101124194{border-left-width: 1px !important;padding-right: 30px !important;padding-left: 30px !important;border-left-color: #0e415f !important;border-left-style: solid !important;}&#8221;][vc_column_text css=&#8221;&#8221;]<\/p>\n<p style=\"font-size: 25px;\">Rezervuar\u00ebt plastike me dy mure<\/p>\n<p>&nbsp;<\/p>\n<p>Sh\u00ebrbejn\u00eb si p\u00ebrmbajtje sekondare p\u00ebr ruajtjen e l\u00ebngjeve t\u00eb rrezikshme, duke parandaluar ndotjen n\u00eb rast t\u00eb rrjedhjeve nga sistemet primare t\u00eb ruajtjes.<br \/>\n[\/vc_column_text][vc_empty_space height=&#8221;20&#8243;]<a href=\"https:\/\/cabarplast.com\/sq\/rezervuaret-plastike-me-prerje-dyfishe\/\" class=\"btn-shortcode dt-btn-m dt-btn default-btn-color default-btn-hover-color default-btn-bg-color default-btn-bg-hover-color\" id=\"dt-btn-8\"><span>Shih m\u00eb shum\u00eb<\/span><\/a>[\/vc_column_inner][vc_column_inner width=&#8221;1\/3&#8243;][vc_column_text css=&#8221;&#8221;]<a href=\"https:\/\/cabarplast.com\/sq\/rezervuaret-plastike-me-prerje-dyfishe\/\"><img loading=\"lazy\" decoding=\"async\" class=\"wp-image-265 size-medium aligncenter\" src=\"https:\/\/cabarplast.com\/wp-content\/uploads\/2024\/03\/Untitled-design-1-300x300.jpg\" alt=\"\" width=\"300\" height=\"300\" srcset=\"https:\/\/cabarplast.com\/wp-content\/uploads\/2024\/03\/Untitled-design-1-300x300.jpg 300w, https:\/\/cabarplast.com\/wp-content\/uploads\/2024\/03\/Untitled-design-1-1024x1024.jpg 1024w, https:\/\/cabarplast.com\/wp-content\/uploads\/2024\/03\/Untitled-design-1-150x150.jpg 150w, https:\/\/cabarplast.com\/wp-content\/uploads\/2024\/03\/Untitled-design-1-768x768.jpg 768w, https:\/\/cabarplast.com\/wp-content\/uploads\/2024\/03\/Untitled-design-1.jpg 1080w\" sizes=\"auto, (max-width: 300px) 100vw, 300px\" \/><\/a>[\/vc_column_text][\/vc_column_inner][\/vc_row_inner][vc_empty_space][\/vc_column][\/vc_row][vc_row full_width=&#8221;stretch_row_content_no_spaces&#8221;][vc_column][vc_column_text]<img loading=\"lazy\" decoding=\"async\" class=\"aligncenter wp-image-232 size-full\" src=\"https:\/\/cabarplast.com\/wp-content\/uploads\/2024\/03\/footer-4.png\" alt=\"\" width=\"1919\" height=\"50\" srcset=\"https:\/\/cabarplast.com\/wp-content\/uploads\/2024\/03\/footer-4.png 1919w, https:\/\/cabarplast.com\/wp-content\/uploads\/2024\/03\/footer-4-300x8.png 300w, https:\/\/cabarplast.com\/wp-content\/uploads\/2024\/03\/footer-4-1024x27.png 1024w, https:\/\/cabarplast.com\/wp-content\/uploads\/2024\/03\/footer-4-768x20.png 768w, https:\/\/cabarplast.com\/wp-content\/uploads\/2024\/03\/footer-4-1536x40.png 1536w\" sizes=\"auto, (max-width: 1919px) 100vw, 1919px\" \/>[\/vc_column_text][\/vc_column][\/vc_row]<\/p>\n<\/div>","protected":false},"excerpt":{"rendered":"<p>[vc_row][vc_column css=&#8221;.vc_custom_1710099881337{padding-right: 30px !important;padding-left: 30px !important;}&#8221;][vc_column_text css=&#8221;&#8221;] Rezervuar\u00ebt Plastik\u00eb Rezervuar\u00ebt plastik\u00eb jan\u00eb b\u00ebr\u00eb nga materiale polimere me cil\u00ebsi t\u00eb lart\u00eb t\u00eb destinuara p\u00ebr ruajtjen e l\u00ebngjeve t\u00eb ndryshme, duke p\u00ebrfshir\u00eb uj\u00eb, kimikate, karburant dhe substanca t\u00eb tjera. [\/vc_column_text][vc_empty_space height=&#8221;50&#8243;][\/vc_column][\/vc_row][vc_row][vc_column][vc_row_inner][vc_column_inner width=&#8221;1\/3&#8243;][vc_column_text css=&#8221;&#8221;][\/vc_column_text][\/vc_column_inner][vc_column_inner width=&#8221;2\/3&#8243; css=&#8221;.vc_custom_1710101146731{border-left-width: 1px !important;padding-right: 30px !important;padding-left: 30px !important;border-left-color: #0e415f !important;border-left-style: solid !important;}&#8221;][vc_column_text css=&#8221;&#8221;] Rezervuar\u00eb&hellip;<\/p>\n","protected":false},"author":1,"featured_media":0,"parent":0,"menu_order":0,"comment_status":"closed","ping_status":"closed","template":"","meta":{"footnotes":""},"class_list":["post-2341","page","type-page","status-publish","hentry","description-off"],"_links":{"self":[{"href":"https:\/\/cabarplast.com\/sq\/wp-json\/wp\/v2\/pages\/2341","targetHints":{"allow":["GET"]}}],"collection":[{"href":"https:\/\/cabarplast.com\/sq\/wp-json\/wp\/v2\/pages"}],"about":[{"href":"https:\/\/cabarplast.com\/sq\/wp-json\/wp\/v2\/types\/page"}],"author":[{"embeddable":true,"href":"https:\/\/cabarplast.com\/sq\/wp-json\/wp\/v2\/users\/1"}],"replies":[{"embeddable":true,"href":"https:\/\/cabarplast.com\/sq\/wp-json\/wp\/v2\/comments?post=2341"}],"version-history":[{"count":6,"href":"https:\/\/cabarplast.com\/sq\/wp-json\/wp\/v2\/pages\/2341\/revisions"}],"predecessor-version":[{"id":4652,"href":"https:\/\/cabarplast.com\/sq\/wp-json\/wp\/v2\/pages\/2341\/revisions\/4652"}],"wp:attachment":[{"href":"https:\/\/cabarplast.com\/sq\/wp-json\/wp\/v2\/media?parent=2341"}],"curies":[{"name":"wp","href":"https:\/\/api.w.org\/{rel}","templated":true}]}}