{"id":2221,"date":"2024-03-04T21:04:18","date_gmt":"2024-03-04T21:04:18","guid":{"rendered":"https:\/\/cabarplast.com\/rezervoari-za-navodnjavanje\/"},"modified":"2024-10-14T19:58:18","modified_gmt":"2024-10-14T19:58:18","slug":"rezervuare-plastike-per-ujitje","status":"publish","type":"page","link":"https:\/\/cabarplast.com\/sq\/rezervuare-plastike-per-ujitje\/","title":{"rendered":"Rezervuar\u00eb Plastik\u00eb p\u00ebr Ujitje"},"content":{"rendered":"<div class=\"wpb-content-wrapper\"><p>[vc_row][vc_column width=&#8221;1\/2&#8243;]<style type=\"text\/css\" data-type=\"the7_shortcodes-inline-css\">.gallery-carousel-shortcode.gallery-carousel-shortcode-id-31b97248c183a3d4f32ebf0309f07097 .owl-nav a {\n  width: 36px;\n  height: 36px;\n  border-radius: 500px;\n}\n.dt-arrow-border-on.gallery-carousel-shortcode.gallery-carousel-shortcode-id-31b97248c183a3d4f32ebf0309f07097 .owl-nav a:not(:hover):before {\n  border-width: 0px;\n}\n.dt-arrow-hover-border-on.gallery-carousel-shortcode.gallery-carousel-shortcode-id-31b97248c183a3d4f32ebf0309f07097 .owl-nav a:hover:after {\n  border-width: 0px;\n}\n.gallery-carousel-shortcode.gallery-carousel-shortcode-id-31b97248c183a3d4f32ebf0309f07097 .owl-nav a.owl-prev {\n  top: 50%;\n  transform: translateY(calc(-50% + 0px));\n  left: -43px;\n}\n@media all and (-ms-high-contrast: none) {\n  .gallery-carousel-shortcode.gallery-carousel-shortcode-id-31b97248c183a3d4f32ebf0309f07097 .owl-nav a.owl-prev {\n    transform: translateY(-50%);\n    margin-top: 0px;\n  }\n}\n.gallery-carousel-shortcode.gallery-carousel-shortcode-id-31b97248c183a3d4f32ebf0309f07097 .owl-nav a.owl-prev i {\n  padding: 0px 0px 0px 0px;\n}\n.gallery-carousel-shortcode.gallery-carousel-shortcode-id-31b97248c183a3d4f32ebf0309f07097 .owl-nav a.owl-next {\n  top: 50%;\n  transform: translateY(calc(-50% + 0px));\n  right: -43px;\n}\n@media all and (-ms-high-contrast: none) {\n  .gallery-carousel-shortcode.gallery-carousel-shortcode-id-31b97248c183a3d4f32ebf0309f07097 .owl-nav a.owl-next {\n    transform: translateY(-50%);\n    margin-top: 0px;\n  }\n}\n.gallery-carousel-shortcode.gallery-carousel-shortcode-id-31b97248c183a3d4f32ebf0309f07097 .owl-nav a.owl-next i {\n  padding: 0px 0px 0px 0px;\n}\n.gallery-carousel-shortcode.gallery-carousel-shortcode-id-31b97248c183a3d4f32ebf0309f07097 .owl-nav i {\n  font-size: 18px;\n}\n.gallery-carousel-shortcode.gallery-carousel-shortcode-id-31b97248c183a3d4f32ebf0309f07097 .owl-nav a:not(:hover) i,\n.gallery-carousel-shortcode.gallery-carousel-shortcode-id-31b97248c183a3d4f32ebf0309f07097 .owl-nav a:not(:hover) i:before {\n  color: #ffffff;\n  background: none;\n}\n.gallery-carousel-shortcode.gallery-carousel-shortcode-id-31b97248c183a3d4f32ebf0309f07097 .owl-nav a:hover i,\n.gallery-carousel-shortcode.gallery-carousel-shortcode-id-31b97248c183a3d4f32ebf0309f07097 .owl-nav a:hover i:before {\n  color: rgba(255,255,255,0.75);\n  background: none;\n}\n.gallery-carousel-shortcode.gallery-carousel-shortcode-id-31b97248c183a3d4f32ebf0309f07097 .owl-dots {\n  top: calc(100% + 20px);\n  left: 50%;\n  transform: translateX(calc(-50% + 0px));\n}\n@media all and (-ms-high-contrast: none) {\n  .gallery-carousel-shortcode.gallery-carousel-shortcode-id-31b97248c183a3d4f32ebf0309f07097 .owl-dots {\n    transform: translateX(-50%);\n    margin-left: 0px;\n  }\n}\n.gallery-carousel-shortcode.gallery-carousel-shortcode-id-31b97248c183a3d4f32ebf0309f07097 .owl-dot {\n  width: 6px;\n  height: 6px;\n  margin: 0 5px;\n}\n@media screen and (max-width: 778px) {\n  .gallery-carousel-shortcode.gallery-carousel-shortcode-id-31b97248c183a3d4f32ebf0309f07097.hide-arrows .owl-nav a {\n    display: none;\n  }\n}\n@media screen and (max-width: 778px) {\n  .gallery-carousel-shortcode.gallery-carousel-shortcode-id-31b97248c183a3d4f32ebf0309f07097.reposition-arrows .owl-nav .owl-prev {\n    top: 50%;\n    transform: translateY(calc(-50% + 0px));\n    left: 10px;\n  }\n  .gallery-carousel-shortcode.gallery-carousel-shortcode-id-31b97248c183a3d4f32ebf0309f07097.reposition-arrows .owl-nav .owl-next {\n    top: 50%;\n    transform: translateY(calc(-50% + 0px));\n    right: 10px;\n  }\n}\n@media screen and (max-width: 778px) and all and (-ms-high-contrast: none) {\n  .gallery-carousel-shortcode.gallery-carousel-shortcode-id-31b97248c183a3d4f32ebf0309f07097.reposition-arrows .owl-nav .owl-prev {\n    transform: translateY(-50%);\n    margin-top: 0px;\n  }\n}\n@media screen and (max-width: 778px) and all and (-ms-high-contrast: none) {\n  .gallery-carousel-shortcode.gallery-carousel-shortcode-id-31b97248c183a3d4f32ebf0309f07097.reposition-arrows .owl-nav .owl-next {\n    transform: translateY(-50%);\n    margin-top: 0px;\n  }\n}\n.gallery-carousel-shortcode.gallery-carousel-shortcode-id-31b97248c183a3d4f32ebf0309f07097 figure,\n.gallery-carousel-shortcode.gallery-carousel-shortcode-id-31b97248c183a3d4f32ebf0309f07097 .rollover,\n.gallery-carousel-shortcode.gallery-carousel-shortcode-id-31b97248c183a3d4f32ebf0309f07097 img,\n.gallery-carousel-shortcode.gallery-carousel-shortcode-id-31b97248c183a3d4f32ebf0309f07097 .gallery-rollover {\n  border-radius: 0px;\n}\n.gallery-carousel-shortcode.gallery-carousel-shortcode-id-31b97248c183a3d4f32ebf0309f07097.enable-bg-rollover .gallery-rollover {\n  background: -webkit-linear-gradient();\n  background: linear-gradient();\n}\n.gallery-carousel-shortcode.gallery-carousel-shortcode-id-31b97248c183a3d4f32ebf0309f07097.enable-img-shadow .owl-stage-outer {\n  padding: 14px 0;\n}\n.gallery-carousel-shortcode.gallery-carousel-shortcode-id-31b97248c183a3d4f32ebf0309f07097.enable-bg-rollover.hover-scale figure .rollover:after {\n  background: -webkit-linear-gradient();\n  background: linear-gradient();\n}\n.gallery-carousel-shortcode.gallery-carousel-shortcode-id-31b97248c183a3d4f32ebf0309f07097.gallery-shortcode .gallery-zoom-ico {\n  width: 44px;\n  height: 44px;\n  line-height: 44px;\n  border-radius: 100px;\n  margin: -22px 0 0 -22px;\n  border-width: 0px;\n}\n.dt-icon-bg-on.gallery-carousel-shortcode.gallery-carousel-shortcode-id-31b97248c183a3d4f32ebf0309f07097.gallery-shortcode .gallery-zoom-ico {\n  background: rgba(255,255,255,0.3);\n  box-shadow: none;\n}\n.gallery-carousel-shortcode.gallery-carousel-shortcode-id-31b97248c183a3d4f32ebf0309f07097.gallery-shortcode .gallery-zoom-ico:before,\n.gallery-carousel-shortcode.gallery-carousel-shortcode-id-31b97248c183a3d4f32ebf0309f07097.gallery-shortcode .gallery-zoom-ico span {\n  font-size: 32px;\n  line-height: 44px;\n  color: #ffffff;\n  background: none;\n}\n<\/style><div class=\"owl-carousel gallery-carousel-shortcode gallery-shortcode  dt-gallery-container dt-owl-carousel-call gallery-carousel-shortcode-id-31b97248c183a3d4f32ebf0309f07097 quick-scale-img enable-bg-rollover meta-info-off dt-arrow-border-on dt-arrow-hover-border-on bullets-small-dot-stroke reposition-arrows dt-icon-bg-off arrows-bg-on disable-arrows-hover-bg arrows-hover-bg-on  vc_custom_1710024292693 hover-fade \" data-scroll-mode=\"1\" data-col-num=\"1\" data-wide-col-num=\"1\" data-laptop-col=\"1\" data-h-tablet-columns-num=\"1\" data-v-tablet-columns-num=\"1\" data-phone-columns-num=\"1\" data-col-gap=\"10\" data-stage-padding=\"0\" data-speed=\"600\" data-autoplay=\"false\" data-autoplay_speed=\"6000\" data-arrows=\"false\" data-bullet=\"true\" data-next-icon=\"icon-ar-017-r\" data-prev-icon=\"icon-ar-017-l\" data-img-shadow-size=\"12px\" data-img-shadow-spread=\"3px\"><div data-post-id=\"2222\" data-date=\"2024-03-09T22:44:38+00:00\" data-name=\"Rezervoari za navodnjavanje\"><figure class=\"post\"><a href=\"https:\/\/cabarplast.com\/wp-content\/uploads\/2024\/03\/Rezervoari-za-navodnjavanje.jpg\" class=\"rollover dt-pswp-item layzr-bg\" data-large_image_width=\"1080\" data-large_image_height=\"1080\" data-dt-img-description=\"\" title=\"Rezervoari za navodnjavanje\"><img fetchpriority=\"high\" decoding=\"async\" class=\"preload-me owl-lazy-load aspect\" src=\"data:image\/svg+xml,%3Csvg%20xmlns%3D&#39;http%3A%2F%2Fwww.w3.org%2F2000%2Fsvg&#39;%20viewBox%3D&#39;0%200%201080%201080&#39;%2F%3E\" data-src=\"https:\/\/cabarplast.com\/wp-content\/uploads\/2024\/03\/Rezervoari-za-navodnjavanje.jpg\" data-srcset=\"https:\/\/cabarplast.com\/wp-content\/uploads\/2024\/03\/Rezervoari-za-navodnjavanje.jpg 1080w\" loading=\"eager\" style=\"--ratio: 1080 \/ 1080\" sizes=\"(max-width: 1080px) 100vw, 1080px\" alt=\"\" width=\"1080\" height=\"1080\"  \/><span class=\"gallery-rollover\"><span class=\"gallery-zoom-ico icomoon-the7-font-the7-zoom-06\"><span><\/span><\/span><\/span><\/a><\/figure><\/div><\/div>[\/vc_column][vc_column width=&#8221;1\/2&#8243; css=&#8221;.vc_custom_1709672219102{border-left-width: 1px !important;padding-right: 30px !important;padding-left: 30px !important;border-left-color: #0e415f !important;border-left-style: solid !important;}&#8221;][vc_column_text css=&#8221;&#8221;]<\/p>\n<h1>Rezervuar\u00eb Plastik\u00eb<strong> p\u00ebr Ujitje<\/strong><\/h1>\n<p>Nj\u00eb Zgjidhje Revolucionare p\u00ebr Bujq\u00ebsin\u00eb<\/p>\n<p>Rezervuari yn\u00eb plastik p\u00ebr ujitje \u00ebsht\u00eb projektuar p\u00ebr t\u00eb p\u00ebrmbushur t\u00eb gjitha nevojat e bujq\u00ebsis\u00eb moderne, duke ofruar nj\u00eb zgjidhje t\u00eb besueshme p\u00ebr transportimin dhe shp\u00ebrndarjen e ujit drejtp\u00ebrdrejt n\u00eb fushat tuaja. I prodhuar nga polietileni me densitet t\u00eb lart\u00eb (HDPE) me cil\u00ebsi t\u00eb lart\u00eb, ky rezervuar \u00ebsht\u00eb rezistent ndaj ndikimeve, konsumimit, rrezeve UV dhe temperaturave ekstreme, duke siguruar nj\u00eb jet\u00ebgjat\u00ebsi t\u00eb gjat\u00eb dhe ruajtjen e cil\u00ebsis\u00eb s\u00eb ujit.<br \/>\n[\/vc_column_text][vc_empty_space height=&#8221;20&#8243;]<a href=\"https:\/\/cabarplast.com\/sq\/kontakt\/\" class=\"btn-shortcode dt-btn-m dt-btn default-btn-color default-btn-hover-color default-btn-bg-color default-btn-bg-hover-color\" id=\"dt-btn-1\"><span>Kontaktoni me ne<\/span><\/a>[\/vc_column][\/vc_row][vc_row][vc_column][vc_empty_space height=&#8221;50&#8243;][vc_column_text css=&#8221;.vc_custom_1726312268036{padding-right: 30px !important;padding-left: 30px !important;}&#8221;]<\/p>\n<h2>Specifikimet Teknike t\u00eb Rezervuar\u00ebve t\u00eb Ujitjes:<\/h2>\n<ul>\n<li><strong>Materiali:<\/strong> Polietileni me dend\u00ebsi t\u00eb lart\u00eb (HDPE), i testuar mjedisor dhe i aprovuar p\u00ebr kontakt me ujin.<\/li>\n<li><strong>Kapaciteti:<\/strong> I disponuesh\u00ebm n\u00eb madh\u00ebsi t\u00eb ndryshme, nga 500 deri n\u00eb 10,000 litra, p\u00ebr t&#8217;iu p\u00ebrshtatur nevojave specifike t\u00eb p\u00ebrdoruesit.<\/li>\n<li><strong>Gama e temperatur\u00ebs:<\/strong> Rezistent ndaj temperaturave q\u00eb variojn\u00eb nga -30\u00b0C deri n\u00eb +60\u00b0C.<\/li>\n<li><strong>Mbrojtja nga rrezet UV:<\/strong> Materiali i rezervuarit p\u00ebrmban stabilizues UV, t\u00eb cil\u00ebt zgjasin jet\u00ebgjat\u00ebsin\u00eb e produktit kur ekspozohet ndaj drit\u00ebs s\u00eb diellit.<\/li>\n<li><strong>Ngjyra:<\/strong> Standardisht i disponuesh\u00ebm n\u00eb ngjyr\u00eb jeshile ose blu, me mund\u00ebsi p\u00ebr t\u00eb personalizuar ngjyr\u00ebn sipas k\u00ebrkes\u00ebs.<\/li>\n<li><strong>Lidhjet:<\/strong> Lidhje standarde t\u00eb daljes me mund\u00ebsin\u00eb e p\u00ebrshtatjes s\u00eb llojit dhe madh\u00ebsis\u00eb sipas nevojave, duke p\u00ebrfshir\u00eb rubineta, valvola, tregues t\u00eb nivelit t\u00eb ujit dhe tuba mbi-rrjedhjeje.<\/li>\n<li><strong>Karakteristika shtes\u00eb<\/strong>&#8211; Mund\u00ebsi p\u00ebr t\u00eb shtuar vrima inspektimi, tuba ventilimi, k\u00ebmb\u00eb ankorimi dhe shkall\u00eb, sipas k\u00ebrkesave specifike.<\/li>\n<\/ul>\n<p>[\/vc_column_text][vc_empty_space height=&#8221;50&#8243;][\/vc_column][\/vc_row][vc_row full_width=&#8221;stretch_row_content_no_spaces&#8221;][vc_column][vc_column_text]<img loading=\"lazy\" decoding=\"async\" class=\"aligncenter wp-image-232 size-full\" src=\"https:\/\/cabarplast.com\/wp-content\/uploads\/2024\/03\/footer-4.png\" alt=\"\" width=\"1919\" height=\"50\" srcset=\"https:\/\/cabarplast.com\/wp-content\/uploads\/2024\/03\/footer-4.png 1919w, https:\/\/cabarplast.com\/wp-content\/uploads\/2024\/03\/footer-4-300x8.png 300w, https:\/\/cabarplast.com\/wp-content\/uploads\/2024\/03\/footer-4-1024x27.png 1024w, https:\/\/cabarplast.com\/wp-content\/uploads\/2024\/03\/footer-4-768x20.png 768w, https:\/\/cabarplast.com\/wp-content\/uploads\/2024\/03\/footer-4-1536x40.png 1536w\" sizes=\"auto, (max-width: 1919px) 100vw, 1919px\" \/>[\/vc_column_text][\/vc_column][\/vc_row][vc_row full_width=&#8221;stretch_row&#8221; css=&#8221;.vc_custom_1709643894007{background-color: #0e415f !important;}&#8221;][vc_column][vc_column_text css=&#8221;.vc_custom_1726312296607{padding-right: 30px !important;padding-left: 30px !important;}&#8221;]<\/p>\n<h2><span style=\"color: #fcb426;\">Leht\u00ebsi instalimi n\u00eb rimorkio dhe transporti:<\/span><\/h2>\n<p><span style=\"color: #ffffff;\">Rezervuari yn\u00eb \u00ebsht\u00eb projektuar me nj\u00eb fokus t\u00eb ve\u00e7ant\u00eb n\u00eb leht\u00ebsin\u00eb e instalimit dhe transportit. Me nj\u00eb sistem montimi t\u00eb integruar, rezervuari mund t\u00eb fiksohet shpejt dhe n\u00eb m\u00ebnyr\u00eb t\u00eb sigurt n\u00eb shumic\u00ebn e rimorkiove standarde, duke lejuar l\u00ebvizshm\u00ebri t\u00eb leht\u00eb dhe fleksibilitet n\u00eb p\u00ebrdorim. Sistemi i montimit p\u00ebrfshin pika ankorimi t\u00eb para-instaluar q\u00eb sigurojn\u00eb stabilitetin e rezervuarit gjat\u00eb transportit.<\/span>[\/vc_column_text][vc_empty_space height=&#8221;50&#8243;][\/vc_column][\/vc_row][vc_row full_width=&#8221;stretch_row&#8221; css=&#8221;.vc_custom_1709644275584{background-color: #efefef !important;}&#8221;][vc_column][vc_column_text css=&#8221;.vc_custom_1726312417353{padding-right: 30px !important;padding-left: 30px !important;}&#8221;]<\/p>\n<h3>Procesi i instalimit p\u00ebrfshin hapat e m\u00ebposht\u00ebm:<\/h3>\n<ul>\n<li>Pozicionimi i rezervuarit n\u00eb rimorkio me ndihm\u00ebn e guidave t\u00eb sakt\u00ebsimit q\u00eb sigurojn\u00eb vendosjen e sakt\u00eb.<\/li>\n<li>Sigurimi i rezervuarit duke p\u00ebrdorur pikat e ankorimit t\u00eb siguruara q\u00eb lidhen leht\u00ebsisht me rimorkion.<\/li>\n<li>Lidhja e pajisjeve t\u00eb ujit me daljen e rezervuarit, me mund\u00ebsin\u00eb e p\u00ebrshtatjes sipas nevojave t\u00eb sistemit t\u00eb ujitjes.<\/li>\n<\/ul>\n<p>Fal\u00eb dizajnit modular dhe sistemeve t\u00eb siguruara t\u00eb lidhjes s\u00eb shpejt\u00eb, instalimi dhe \u00e7montimi i rezervuarit mund t\u00eb b\u00ebhet shpejt dhe me efikasitet, pa pasur nevoj\u00eb p\u00ebr mjete t\u00eb specializuara ose procedura t\u00eb gjata. Kjo e b\u00ebn rezervuarin ton\u00eb plastik nj\u00eb zgjedhje ideale p\u00ebr fermer\u00ebt q\u00eb k\u00ebrkojn\u00eb nj\u00eb sistem ujitjeje efikas, t\u00eb besuesh\u00ebm dhe t\u00eb l\u00ebvizsh\u00ebm.<\/p>\n<h3>Si prodhohen rezervuar\u00ebt plastik\u00eb dhe avantazhet e tyre:<\/h3>\n<p>Rezervuar\u00ebt plastik\u00eb p\u00ebr ujitje prodhohen duke p\u00ebrdorur teknologji moderne t\u00eb p\u00ebrpunimit t\u00eb plastik\u00ebs si ekstruzioni dhe formimi rrotullues, duke shfryt\u00ebzuar materiale me cil\u00ebsi t\u00eb lart\u00eb si polietileni me densitet t\u00eb lart\u00eb (HDPE). Kjo teknologji lejon prodhimin e rezervuar\u00ebve t\u00eb fort\u00eb dhe elastik\u00eb n\u00eb forma dhe madh\u00ebsi t\u00eb ndryshme, t\u00eb p\u00ebrshtatur sipas nevojave t\u00eb p\u00ebrdoruesit.<\/p>\n<p><strong>Avantazhet e rezervuar\u00ebve plastik\u00eb n\u00eb krahasim me llojet e tjera t\u00eb rezervuar\u00ebve t\u00eb ujitjes jan\u00eb t\u00eb shumta:<\/strong><\/p>\n<ul>\n<li><strong>Q\u00ebndrueshm\u00ebri dhe rezistenc\u00eb ndaj kushteve t\u00eb motit:<\/strong> Rezervuar\u00ebt plastik\u00eb jan\u00eb t\u00eb dizajnuar p\u00ebr t&#8217;i b\u00ebr\u00eb ball\u00eb temperaturave ekstreme, nga -30\u00b0C deri n\u00eb +60\u00b0C, dhe jan\u00eb rezistent ndaj rrezatimit UV, duke zgjatur jet\u00ebgjat\u00ebsin\u00eb e tyre.<\/li>\n<li><strong>Miq\u00ebsi ndaj mjedisit:<\/strong> Materiale si HDPE nuk ndotin mjedisin, duke i b\u00ebr\u00eb rezervuar\u00ebt plastik\u00eb t\u00eb p\u00ebrshtatsh\u00ebm p\u00ebr ruajtjen e ujit t\u00eb p\u00ebrdorur n\u00eb ujitje.<\/li>\n<li><strong>Leht\u00ebsia e montimit dhe transportit:<\/strong> P\u00ebr shkak t\u00eb pesh\u00ebs s\u00eb tyre relativisht t\u00eb ul\u00ebt n\u00eb krahasim me v\u00ebllimin, rezervuar\u00ebt plastik\u00eb jan\u00eb t\u00eb leht\u00eb p\u00ebr t&#8217;u transportuar dhe montuar.<\/li>\n<li><strong>P\u00ebrshtatshm\u00ebri:<\/strong> Pajisje dhe aksesor\u00eb t\u00eb ndrysh\u00ebm mund t\u00eb montohen n\u00eb rezervuar\u00eb plastik\u00eb, sipas nevojave specifike t\u00eb p\u00ebrdoruesve.<\/li>\n<li><strong>Pap\u00ebrshkueshm\u00ebria nga uji dhe siguria higjienike:<\/strong> Cil\u00ebsia e materialeve dhe teknologjia e prodhimit sigurojn\u00eb q\u00eb uji t\u00eb mbetet i past\u00ebr dhe i sigurt p\u00ebr p\u00ebrdorim.<\/li>\n<\/ul>\n<p>[\/vc_column_text][vc_column_text][\/vc_column_text][vc_empty_space][\/vc_column][\/vc_row][vc_row][vc_column][vc_column_text css=&#8221;.vc_custom_1726312447406{padding-top: 30px !important;padding-right: 30px !important;padding-bottom: 30px !important;padding-left: 30px !important;background-color: #0e415f !important;border-radius: 15px !important;}&#8221;]<\/p>\n<h3><span style=\"color: #fcb426;\">Rezervuar\u00ebt n\u00ebntok\u00ebsor\u00eb dhe mbitok\u00ebsor\u00eb &#8211; funksionaliteti dhe aplikimi<\/span><\/h3>\n<p><span style=\"color: #ffffff;\">Rezervuar\u00ebt plastik\u00eb t\u00eb ujitjes mund t\u00eb instalohen si mbi tok\u00eb ashtu edhe n\u00ebn tok\u00eb, n\u00eb var\u00ebsi t\u00eb nevojave p\u00ebr hap\u00ebsir\u00eb dhe mund\u00ebsive. Rezervuar\u00ebt n\u00ebntok\u00ebsor\u00eb jan\u00eb ideal\u00eb p\u00ebr ruajtjen e sasive m\u00eb t\u00eb m\u00ebdha t\u00eb ujit, duke kursyer hap\u00ebsir\u00eb \u200b\u200bn\u00eb sip\u00ebrfaqe dhe duke mbajtur ujin m\u00eb t\u00eb fresk\u00ebt, gj\u00eb q\u00eb mund t\u00eb jet\u00eb ve\u00e7an\u00ebrisht e dobishme n\u00eb klimat m\u00eb t\u00eb ngrohta. Rezervuar\u00ebt mbitok\u00ebsor\u00eb, nga ana tjet\u00ebr, leht\u00ebsojn\u00eb qasjen dhe kontrollin mbi ujin dhe shpesh jan\u00eb m\u00eb t\u00eb thjesht\u00eb p\u00ebr t&#8217;u instaluar.<br \/>\n<\/span>[\/vc_column_text][vc_column_text][\/vc_column_text][vc_empty_space][\/vc_column][\/vc_row][vc_row][vc_column][vc_column_text css=&#8221;.vc_custom_1726312531840{padding-right: 30px !important;padding-left: 30px !important;}&#8221;]<\/p>\n<h3>Aksesor\u00eb q\u00eb leht\u00ebsojn\u00eb procesin e ujitjes<\/h3>\n<p>Rezervuar\u00ebt plastik\u00eb mund t\u00eb pajisen me aksesor\u00eb t\u00eb ndrysh\u00ebm q\u00eb leht\u00ebsojn\u00eb p\u00ebrdorimin dhe rrisin efikasitetin e ujitjes. K\u00ebto p\u00ebrfshijn\u00eb:<\/p>\n<ul>\n<li><strong>Rubineta dhe valvola:<\/strong> Lejojn\u00eb kontrollin e sakt\u00eb t\u00eb rrjedh\u00ebs s\u00eb ujit.<\/li>\n<li><strong>Tregues t\u00eb nivelit t\u00eb ujit:<\/strong> T\u00eb dobish\u00ebm p\u00ebr monitorimin e sasis\u00eb s\u00eb ujit t\u00eb mbetur.<\/li>\n<li><strong>Mbrojtje nga mbi-rrjedhja:<\/strong> Parandalon derdhjen dhe humbjen e ujit.<\/li>\n<li><strong>Hapjet e inspektimit:<\/strong> Lejojn\u00eb mir\u00ebmbajtjen dhe inspektimin e leht\u00eb.<\/li>\n<li><strong>Vents ajri:<\/strong> P\u00ebrmir\u00ebsojn\u00eb qarkullimin e ajrit brenda rezervuarit, duke parandaluar formimin e vakumit.<\/li>\n<li><strong>K\u00ebmb\u00ebt e ankorimit dhe shkall\u00ebt:<\/strong> Leht\u00ebsojn\u00eb qasjen dhe sigurojn\u00eb sigurin\u00eb gjat\u00eb operimit.<\/li>\n<\/ul>\n<p>P\u00ebrdorimi i rezervuar\u00ebve, fu\u00e7ive dhe cisternave plastike p\u00ebr ujitje p\u00ebrfaq\u00ebson nj\u00eb zgjidhje efikase dhe miq\u00ebsore ndaj mjedisit p\u00ebr sfidat e shumta me t\u00eb cilat p\u00ebrballen fermer\u00ebt. P\u00ebrshtatshm\u00ebria, jet\u00ebgjat\u00ebsia dhe rezistenca e tyre ndaj kushteve t\u00eb ndryshme i b\u00ebjn\u00eb ata nj\u00eb zgjedhje ideale p\u00ebr bujq\u00ebsin\u00eb moderne. Qofshin p\u00ebr ferma t\u00eb vogla familjare apo operacione t\u00eb m\u00ebdha bujq\u00ebsore, rezervuar\u00ebt plastik\u00eb ofrojn\u00eb mb\u00ebshtetje t\u00eb besueshme n\u00eb menaxhimin efikas t\u00eb burimeve ujore, duke kontribuar n\u00eb q\u00ebndrueshm\u00ebrin\u00eb dhe produktivitetin n\u00eb bujq\u00ebsi.[\/vc_column_text][vc_column_text][\/vc_column_text][vc_empty_space][\/vc_column][\/vc_row][vc_row full_width=&#8221;stretch_row_content_no_spaces&#8221;][vc_column][vc_column_text]<img loading=\"lazy\" decoding=\"async\" class=\"aligncenter wp-image-232 size-full\" src=\"https:\/\/cabarplast.com\/wp-content\/uploads\/2024\/03\/footer-4.png\" alt=\"\" width=\"1919\" height=\"50\" srcset=\"https:\/\/cabarplast.com\/wp-content\/uploads\/2024\/03\/footer-4.png 1919w, https:\/\/cabarplast.com\/wp-content\/uploads\/2024\/03\/footer-4-300x8.png 300w, https:\/\/cabarplast.com\/wp-content\/uploads\/2024\/03\/footer-4-1024x27.png 1024w, https:\/\/cabarplast.com\/wp-content\/uploads\/2024\/03\/footer-4-768x20.png 768w, https:\/\/cabarplast.com\/wp-content\/uploads\/2024\/03\/footer-4-1536x40.png 1536w\" sizes=\"auto, (max-width: 1919px) 100vw, 1919px\" \/>[\/vc_column_text][\/vc_column][\/vc_row]<\/p>\n<\/div>","protected":false},"excerpt":{"rendered":"<p>[vc_row][vc_column width=&#8221;1\/2&#8243;][\/vc_column][vc_column width=&#8221;1\/2&#8243; css=&#8221;.vc_custom_1709672219102{border-left-width: 1px !important;padding-right: 30px !important;padding-left: 30px !important;border-left-color: #0e415f !important;border-left-style: solid !important;}&#8221;][vc_column_text css=&#8221;&#8221;] Rezervuar\u00eb Plastik\u00eb p\u00ebr Ujitje Nj\u00eb Zgjidhje Revolucionare p\u00ebr Bujq\u00ebsin\u00eb Rezervuari yn\u00eb plastik p\u00ebr ujitje \u00ebsht\u00eb projektuar p\u00ebr t\u00eb p\u00ebrmbushur t\u00eb gjitha nevojat e bujq\u00ebsis\u00eb moderne, duke ofruar nj\u00eb zgjidhje t\u00eb besueshme p\u00ebr transportimin dhe shp\u00ebrndarjen e ujit drejtp\u00ebrdrejt n\u00eb fushat&hellip;<\/p>\n","protected":false},"author":1,"featured_media":0,"parent":0,"menu_order":0,"comment_status":"closed","ping_status":"closed","template":"","meta":{"footnotes":""},"class_list":["post-2221","page","type-page","status-publish","hentry","description-off"],"_links":{"self":[{"href":"https:\/\/cabarplast.com\/sq\/wp-json\/wp\/v2\/pages\/2221","targetHints":{"allow":["GET"]}}],"collection":[{"href":"https:\/\/cabarplast.com\/sq\/wp-json\/wp\/v2\/pages"}],"about":[{"href":"https:\/\/cabarplast.com\/sq\/wp-json\/wp\/v2\/types\/page"}],"author":[{"embeddable":true,"href":"https:\/\/cabarplast.com\/sq\/wp-json\/wp\/v2\/users\/1"}],"replies":[{"embeddable":true,"href":"https:\/\/cabarplast.com\/sq\/wp-json\/wp\/v2\/comments?post=2221"}],"version-history":[{"count":2,"href":"https:\/\/cabarplast.com\/sq\/wp-json\/wp\/v2\/pages\/2221\/revisions"}],"predecessor-version":[{"id":2224,"href":"https:\/\/cabarplast.com\/sq\/wp-json\/wp\/v2\/pages\/2221\/revisions\/2224"}],"wp:attachment":[{"href":"https:\/\/cabarplast.com\/sq\/wp-json\/wp\/v2\/media?parent=2221"}],"curies":[{"name":"wp","href":"https:\/\/api.w.org\/{rel}","templated":true}]}}