{"id":2204,"date":"2024-03-04T21:04:44","date_gmt":"2024-03-04T21:04:44","guid":{"rendered":"https:\/\/cabarplast.com\/plasticne-pravougaone-kade\/"},"modified":"2024-10-14T20:00:22","modified_gmt":"2024-10-14T20:00:22","slug":"vaska-plastike-drejtkendeshe","status":"publish","type":"page","link":"https:\/\/cabarplast.com\/sq\/vaska-plastike-drejtkendeshe\/","title":{"rendered":"Vaska Plastike Drejtk\u00ebnd\u00ebshe"},"content":{"rendered":"<div class=\"wpb-content-wrapper\"><p>[vc_row][vc_column width=&#8221;1\/2&#8243;]<style type=\"text\/css\" data-type=\"the7_shortcodes-inline-css\">.gallery-carousel-shortcode.gallery-carousel-shortcode-id-4c089793f2a7df8577fe690878380379 .owl-nav a {\n  width: 36px;\n  height: 36px;\n  border-radius: 500px;\n}\n.dt-arrow-border-on.gallery-carousel-shortcode.gallery-carousel-shortcode-id-4c089793f2a7df8577fe690878380379 .owl-nav a:not(:hover):before {\n  border-width: 0px;\n}\n.dt-arrow-hover-border-on.gallery-carousel-shortcode.gallery-carousel-shortcode-id-4c089793f2a7df8577fe690878380379 .owl-nav a:hover:after {\n  border-width: 0px;\n}\n.gallery-carousel-shortcode.gallery-carousel-shortcode-id-4c089793f2a7df8577fe690878380379 .owl-nav a.owl-prev {\n  top: 50%;\n  transform: translateY(calc(-50% + 0px));\n  left: -43px;\n}\n@media all and (-ms-high-contrast: none) {\n  .gallery-carousel-shortcode.gallery-carousel-shortcode-id-4c089793f2a7df8577fe690878380379 .owl-nav a.owl-prev {\n    transform: translateY(-50%);\n    margin-top: 0px;\n  }\n}\n.gallery-carousel-shortcode.gallery-carousel-shortcode-id-4c089793f2a7df8577fe690878380379 .owl-nav a.owl-prev i {\n  padding: 0px 0px 0px 0px;\n}\n.gallery-carousel-shortcode.gallery-carousel-shortcode-id-4c089793f2a7df8577fe690878380379 .owl-nav a.owl-next {\n  top: 50%;\n  transform: translateY(calc(-50% + 0px));\n  right: -43px;\n}\n@media all and (-ms-high-contrast: none) {\n  .gallery-carousel-shortcode.gallery-carousel-shortcode-id-4c089793f2a7df8577fe690878380379 .owl-nav a.owl-next {\n    transform: translateY(-50%);\n    margin-top: 0px;\n  }\n}\n.gallery-carousel-shortcode.gallery-carousel-shortcode-id-4c089793f2a7df8577fe690878380379 .owl-nav a.owl-next i {\n  padding: 0px 0px 0px 0px;\n}\n.gallery-carousel-shortcode.gallery-carousel-shortcode-id-4c089793f2a7df8577fe690878380379 .owl-nav i {\n  font-size: 18px;\n}\n.gallery-carousel-shortcode.gallery-carousel-shortcode-id-4c089793f2a7df8577fe690878380379 .owl-nav a:not(:hover) i,\n.gallery-carousel-shortcode.gallery-carousel-shortcode-id-4c089793f2a7df8577fe690878380379 .owl-nav a:not(:hover) i:before {\n  color: #ffffff;\n  background: none;\n}\n.gallery-carousel-shortcode.gallery-carousel-shortcode-id-4c089793f2a7df8577fe690878380379 .owl-nav a:hover i,\n.gallery-carousel-shortcode.gallery-carousel-shortcode-id-4c089793f2a7df8577fe690878380379 .owl-nav a:hover i:before {\n  color: rgba(255,255,255,0.75);\n  background: none;\n}\n.gallery-carousel-shortcode.gallery-carousel-shortcode-id-4c089793f2a7df8577fe690878380379 .owl-dots {\n  top: calc(100% + 20px);\n  left: 50%;\n  transform: translateX(calc(-50% + 0px));\n}\n@media all and (-ms-high-contrast: none) {\n  .gallery-carousel-shortcode.gallery-carousel-shortcode-id-4c089793f2a7df8577fe690878380379 .owl-dots {\n    transform: translateX(-50%);\n    margin-left: 0px;\n  }\n}\n.gallery-carousel-shortcode.gallery-carousel-shortcode-id-4c089793f2a7df8577fe690878380379 .owl-dot {\n  width: 10px;\n  height: 10px;\n  margin: 0 8px;\n}\n@media screen and (max-width: 778px) {\n  .gallery-carousel-shortcode.gallery-carousel-shortcode-id-4c089793f2a7df8577fe690878380379.hide-arrows .owl-nav a {\n    display: none;\n  }\n}\n@media screen and (max-width: 778px) {\n  .gallery-carousel-shortcode.gallery-carousel-shortcode-id-4c089793f2a7df8577fe690878380379.reposition-arrows .owl-nav .owl-prev {\n    top: 50%;\n    transform: translateY(calc(-50% + 0px));\n    left: 10px;\n  }\n  .gallery-carousel-shortcode.gallery-carousel-shortcode-id-4c089793f2a7df8577fe690878380379.reposition-arrows .owl-nav .owl-next {\n    top: 50%;\n    transform: translateY(calc(-50% + 0px));\n    right: 10px;\n  }\n}\n@media screen and (max-width: 778px) and all and (-ms-high-contrast: none) {\n  .gallery-carousel-shortcode.gallery-carousel-shortcode-id-4c089793f2a7df8577fe690878380379.reposition-arrows .owl-nav .owl-prev {\n    transform: translateY(-50%);\n    margin-top: 0px;\n  }\n}\n@media screen and (max-width: 778px) and all and (-ms-high-contrast: none) {\n  .gallery-carousel-shortcode.gallery-carousel-shortcode-id-4c089793f2a7df8577fe690878380379.reposition-arrows .owl-nav .owl-next {\n    transform: translateY(-50%);\n    margin-top: 0px;\n  }\n}\n.gallery-carousel-shortcode.gallery-carousel-shortcode-id-4c089793f2a7df8577fe690878380379 figure,\n.gallery-carousel-shortcode.gallery-carousel-shortcode-id-4c089793f2a7df8577fe690878380379 .rollover,\n.gallery-carousel-shortcode.gallery-carousel-shortcode-id-4c089793f2a7df8577fe690878380379 img,\n.gallery-carousel-shortcode.gallery-carousel-shortcode-id-4c089793f2a7df8577fe690878380379 .gallery-rollover {\n  border-radius: 0px;\n}\n.gallery-carousel-shortcode.gallery-carousel-shortcode-id-4c089793f2a7df8577fe690878380379.enable-bg-rollover .gallery-rollover {\n  background: -webkit-linear-gradient();\n  background: linear-gradient();\n}\n.gallery-carousel-shortcode.gallery-carousel-shortcode-id-4c089793f2a7df8577fe690878380379.enable-img-shadow .owl-stage-outer {\n  padding: 14px 0;\n}\n.gallery-carousel-shortcode.gallery-carousel-shortcode-id-4c089793f2a7df8577fe690878380379.enable-bg-rollover.hover-scale figure .rollover:after {\n  background: -webkit-linear-gradient();\n  background: linear-gradient();\n}\n.gallery-carousel-shortcode.gallery-carousel-shortcode-id-4c089793f2a7df8577fe690878380379.gallery-shortcode .gallery-zoom-ico {\n  width: 44px;\n  height: 44px;\n  line-height: 44px;\n  border-radius: 100px;\n  margin: -22px 0 0 -22px;\n  border-width: 0px;\n}\n.dt-icon-bg-on.gallery-carousel-shortcode.gallery-carousel-shortcode-id-4c089793f2a7df8577fe690878380379.gallery-shortcode .gallery-zoom-ico {\n  background: rgba(255,255,255,0.3);\n  box-shadow: none;\n}\n.gallery-carousel-shortcode.gallery-carousel-shortcode-id-4c089793f2a7df8577fe690878380379.gallery-shortcode .gallery-zoom-ico:before,\n.gallery-carousel-shortcode.gallery-carousel-shortcode-id-4c089793f2a7df8577fe690878380379.gallery-shortcode .gallery-zoom-ico span {\n  font-size: 32px;\n  line-height: 44px;\n  color: #ffffff;\n  background: none;\n}\n<\/style><div class=\"owl-carousel gallery-carousel-shortcode gallery-shortcode  dt-gallery-container dt-owl-carousel-call gallery-carousel-shortcode-id-4c089793f2a7df8577fe690878380379 quick-scale-img enable-bg-rollover meta-info-off dt-arrow-border-on dt-arrow-hover-border-on bullets-small-dot-stroke reposition-arrows dt-icon-bg-off arrows-bg-on disable-arrows-hover-bg arrows-hover-bg-on  vc_custom_1726304414197 hover-fade \" data-scroll-mode=\"1\" data-col-num=\"1\" data-wide-col-num=\"1\" data-laptop-col=\"1\" data-h-tablet-columns-num=\"1\" data-v-tablet-columns-num=\"1\" data-phone-columns-num=\"1\" data-col-gap=\"10\" data-stage-padding=\"0\" data-speed=\"600\" data-autoplay=\"false\" data-autoplay_speed=\"6000\" data-arrows=\"true\" data-bullet=\"false\" data-next-icon=\"icon-ar-017-r\" data-prev-icon=\"icon-ar-017-l\" data-img-shadow-size=\"12px\" data-img-shadow-spread=\"3px\"><div data-post-id=\"2197\" data-date=\"2024-09-13T16:52:07+00:00\" data-name=\"cisterne za sumpornu kiselinu\"><figure class=\"post\"><a href=\"https:\/\/cabarplast.com\/wp-content\/uploads\/2024\/09\/cisterne-za-sumpornu-kiselinu.jpg\" class=\"rollover dt-pswp-item layzr-bg\" data-large_image_width=\"1080\" data-large_image_height=\"1080\" data-dt-img-description=\"\" title=\"cisterne za sumpornu kiselinu\"><img fetchpriority=\"high\" decoding=\"async\" class=\"preload-me owl-lazy-load aspect\" src=\"data:image\/svg+xml,%3Csvg%20xmlns%3D&#39;http%3A%2F%2Fwww.w3.org%2F2000%2Fsvg&#39;%20viewBox%3D&#39;0%200%201080%201080&#39;%2F%3E\" data-src=\"https:\/\/cabarplast.com\/wp-content\/uploads\/2024\/09\/cisterne-za-sumpornu-kiselinu.jpg\" data-srcset=\"https:\/\/cabarplast.com\/wp-content\/uploads\/2024\/09\/cisterne-za-sumpornu-kiselinu.jpg 1080w\" loading=\"eager\" style=\"--ratio: 1080 \/ 1080\" sizes=\"(max-width: 1080px) 100vw, 1080px\" alt=\"\" width=\"1080\" height=\"1080\"  \/><span class=\"gallery-rollover\"><span class=\"gallery-zoom-ico icomoon-the7-font-the7-zoom-06\"><span><\/span><\/span><\/span><\/a><\/figure><\/div><\/div>[\/vc_column][vc_column width=&#8221;1\/2&#8243; css=&#8221;.vc_custom_1709676913300{border-left-width: 1px !important;padding-right: 30px !important;padding-left: 30px !important;border-left-color: #0e415f !important;border-left-style: solid !important;}&#8221;][vc_column_text css=&#8221;&#8221;]<\/p>\n<h1>Vaska Plastike <strong>Drejtk\u00ebnd\u00ebshe<\/strong><\/h1>\n<p>&nbsp;<\/p>\n<p>Vaska plastike, t\u00eb njohura ndryshe edhe si rezervuar\u00eb drejtk\u00ebndor\u00eb, jan\u00eb kontejner\u00eb t\u00eb prodhuar nga polietileni me densitet t\u00eb lart\u00eb (HDPE) ose polipropileni (PP). K\u00ebto vaska jan\u00eb t\u00eb dizajnuara p\u00ebr nj\u00eb gam\u00eb t\u00eb gjer\u00eb aplikimesh, duke p\u00ebrfshir\u00eb ruajtjen dhe p\u00ebrpunimin e kimikateve, galvanizimin, fosfatimin, si dhe procese t\u00eb tilla si fermentimi. Fal\u00eb rezistenc\u00ebs s\u00eb tyre kimike, stabilitetit UV dhe q\u00ebndrueshm\u00ebris\u00eb, vaska plastike jan\u00eb ideale p\u00ebr p\u00ebrdorim industrial, p\u00ebrfshir\u00eb situatat q\u00eb k\u00ebrkojn\u00eb mbrojtje shtes\u00eb kund\u00ebr rrjedhjeve ose derdhjeve t\u00eb materialeve t\u00eb rrezikshme.<br \/>\n[\/vc_column_text][vc_empty_space height=&#8221;20&#8243;]<a href=\"https:\/\/cabarplast.com\/sq\/kontakt\/\" class=\"btn-shortcode dt-btn-m dt-btn default-btn-color default-btn-hover-color default-btn-bg-color default-btn-bg-hover-color\" id=\"dt-btn-1\"><span>Kontaktoni me ne<\/span><\/a>[\/vc_column][\/vc_row][vc_row][vc_column][vc_empty_space][vc_column_text css=&#8221;.vc_custom_1726303982284{padding-right: 30px !important;padding-left: 30px !important;}&#8221;]P\u00ebrve\u00e7 rezervuar\u00ebve cilindrik\u00eb q\u00eb mund t\u00eb jen\u00eb cisterna horizontale dhe rezervuar\u00eb plastik\u00eb vertikal\u00eb, ne shpesh marrim k\u00ebrkesa t\u00eb ve\u00e7anta nga klient\u00ebt tan\u00eb t\u00eb cil\u00ebt kan\u00eb nevoj\u00eb p\u00ebr rezervuar\u00eb drejtk\u00ebndor\u00eb ose vaska plastike drejtk\u00ebnd\u00ebshe.<\/p>\n<p>Interesi p\u00ebr k\u00ebto lloje dhe forma t\u00eb rezervuar\u00ebve katrore buron nga materialet polipropilen dhe polietilen, t\u00eb cilat jan\u00eb t\u00eb stabilizuara ndaj rrezeve UV dhe rezistente ndaj ndikimeve kimike, duke pasur k\u00ebshtu nj\u00eb zbatim t\u00eb gjer\u00eb n\u00eb industri. Jet\u00ebgjat\u00ebsia e nj\u00eb vaske t\u00eb till\u00eb \u00ebsht\u00eb minimum 50 vjet.<\/p>\n<p>Ato p\u00ebrdoren m\u00eb s\u00eb shumti n\u00eb industrin\u00eb kimike p\u00ebr shkak t\u00eb rezistenc\u00ebs ndaj acideve t\u00eb ndryshme dhe shpesh p\u00ebrdoren p\u00ebr veshjen e pishinave q\u00eb mund t\u00eb d\u00ebmtohen nga substancat agresive ose aty ku ka rrjedhje t\u00eb mediumit.<br \/>\n[\/vc_column_text][vc_empty_space height=&#8221;50&#8243;][\/vc_column][\/vc_row][vc_row full_width=&#8221;stretch_row_content_no_spaces&#8221;][vc_column][vc_column_text]<img loading=\"lazy\" decoding=\"async\" class=\"aligncenter wp-image-232 size-full\" src=\"https:\/\/cabarplast.com\/wp-content\/uploads\/2024\/03\/footer-4.png\" alt=\"\" width=\"1919\" height=\"50\" srcset=\"https:\/\/cabarplast.com\/wp-content\/uploads\/2024\/03\/footer-4.png 1919w, https:\/\/cabarplast.com\/wp-content\/uploads\/2024\/03\/footer-4-300x8.png 300w, https:\/\/cabarplast.com\/wp-content\/uploads\/2024\/03\/footer-4-1024x27.png 1024w, https:\/\/cabarplast.com\/wp-content\/uploads\/2024\/03\/footer-4-768x20.png 768w, https:\/\/cabarplast.com\/wp-content\/uploads\/2024\/03\/footer-4-1536x40.png 1536w\" sizes=\"auto, (max-width: 1919px) 100vw, 1919px\" \/>[\/vc_column_text][\/vc_column][\/vc_row][vc_row full_width=&#8221;stretch_row&#8221; css=&#8221;.vc_custom_1709643894007{background-color: #0e415f !important;}&#8221;][vc_column][vc_column_text css=&#8221;.vc_custom_1726304104428{padding-right: 30px !important;padding-left: 30px !important;}&#8221;]<\/p>\n<h2><span style=\"color: #fcb426;\">VASKA DREJTK\u00cbND\u00cbSHE &#8211; P\u00ebrdorimi<\/span><\/h2>\n<p><span style=\"color: #ffffff;\">Vaska plastike gjejn\u00eb nj\u00eb zbatim t\u00eb gjer\u00eb n\u00eb procese specifike industriale, si dhe n\u00eb sektor\u00eb si transporti:<\/span><\/p>\n<ul>\n<li><span style=\"color: #fcb426;\">Vaska p\u00ebr kamion\u00eb<\/span><span style=\"color: #ffffff;\"> &#8211; Vaska t\u00eb dizajnuara posa\u00e7\u00ebrisht t\u00eb p\u00ebrdorura n\u00eb automjetet e transportit p\u00ebr transportimin e sigurt t\u00eb l\u00ebngjeve, kimikateve ose materialeve t\u00eb mbeturinave, duke minimizuar rrezikun e rrjedhjes ose derdhjes gjat\u00eb transportit.<\/span><\/li>\n<li><span style=\"color: #fcb426;\">Kromimi i plastik\u00ebs<\/span> <span style=\"color: #ffffff;\">&#8211; Vaska p\u00ebrdoren n\u00eb proceset e kromimit t\u00eb plastik\u00ebs, ku pjes\u00ebt plastike trajtohen me tret\u00ebsira t\u00eb ve\u00e7anta kimike p\u00ebr t\u00eb arritur nj\u00eb sip\u00ebrfaqe me shk\u00eblqim, metalike.<\/span><\/li>\n<li><span style=\"color: #fcb426;\">Vaska galvanizimi<\/span> <span style=\"color: #ffffff;\">&#8211; N\u00eb proceset e galvanizimit, vaska mbajn\u00eb elektrolit\u00eb dhe mund\u00ebsojn\u00eb zhytjen e pjes\u00ebve metalike p\u00ebr t\u00eb krijuar nj\u00eb shtres\u00eb mbrojt\u00ebse zinku q\u00eb parandalon korrozionin.<\/span><\/li>\n<li><span style=\"color: #fcb426;\">Rezervuar\u00ebt plastik\u00eb t\u00eb ujit<\/span><span style=\"color: #ffffff;\"> &#8211; P\u00ebrve\u00e7 vaskave, rezervuar\u00ebt plastik\u00eb p\u00ebrdoren gjer\u00ebsisht p\u00ebr ruajtjen dhe shp\u00ebrndarjen e ujit t\u00eb pijsh\u00ebm, si dhe p\u00ebr mbledhjen e ujit t\u00eb shiut.<\/span><\/li>\n<\/ul>\n<p>[\/vc_column_text][vc_empty_space height=&#8221;50&#8243;][\/vc_column][\/vc_row][vc_row full_width=&#8221;stretch_row&#8221; css=&#8221;.vc_custom_1709644275584{background-color: #efefef !important;}&#8221;][vc_column][vc_column_text css=&#8221;.vc_custom_1726304176606{padding-right: 30px !important;padding-left: 30px !important;}&#8221;]<\/p>\n<h2>Aplikime t\u00eb tjera specifike p\u00ebrfshijn\u00eb:<\/h2>\n<ul>\n<li><strong>Vaska p\u00ebr nikelim<\/strong> &#8211; T\u00eb p\u00ebrdorura n\u00eb proceset e nikelimit, ku pjes\u00ebt metalike trajtohen me tret\u00ebsira nikeli p\u00ebr t\u00eb p\u00ebrmir\u00ebsuar rezistenc\u00ebn ndaj korrozionit dhe vetit\u00eb estetike.<\/li>\n<li><strong>Vaska p\u00ebr ruajtjen e l\u00ebngjeve dhe acideve agresive<\/strong> &#8211; Lejojn\u00eb ruajtjen e sigurt t\u00eb kimikateve q\u00eb mund t\u00eb jen\u00eb g\u00ebrryese ose t\u00eb rrezikshme, duke mbrojtur mjedisin dhe parandaluar ndotjen.<\/li>\n<li><strong>Vaska p\u00ebr lloje t\u00eb ndryshme t\u00eb fermentimit<\/strong> &#8211; T\u00eb tilla si vaska p\u00ebr turshi lak\u00ebr, ku mund\u00ebsohet nj\u00eb proces i kontrolluar fermentimi n\u00eb kushte higjienike dhe t\u00eb sigurta.<\/li>\n<li><strong>Vaska p\u00ebr fosfatim<\/strong> &#8211; T\u00eb p\u00ebrdorura n\u00eb proceset e fosfatimit, pjes\u00eb e p\u00ebrgatitjes s\u00eb sip\u00ebrfaqeve metalike para lyerjes, p\u00ebr t\u00eb p\u00ebrmir\u00ebsuar aderimin e boj\u00ebs dhe rezistenc\u00ebn ndaj korrozionit.<\/li>\n<li><strong>Vaska plastike p\u00ebr zinkim<\/strong> &#8211; Sh\u00ebrbejn\u00eb p\u00ebr zinkimin e pjes\u00ebve m\u00eb t\u00eb vogla metalike, duke siguruar nj\u00eb shtres\u00eb mbrojt\u00ebse zinku q\u00eb mbron metalin nga korrozioni.<\/li>\n<\/ul>\n<p>K\u00ebto vaska mund\u00ebsojn\u00eb trajtimin efikas, t\u00eb sigurt dhe t\u00eb p\u00ebrgjegjsh\u00ebm ndaj mjedisit t\u00eb materialeve dhe substancave t\u00eb ndryshme n\u00eb industri, duke u p\u00ebrshtatur me nevojat specifike t\u00eb proceseve dhe aplikacioneve t\u00eb ndryshme.[\/vc_column_text][vc_column_text][\/vc_column_text][vc_empty_space][\/vc_column][\/vc_row][vc_row][vc_column][vc_column_text css=&#8221;.vc_custom_1726304200146{padding-top: 30px !important;padding-right: 30px !important;padding-bottom: 30px !important;padding-left: 30px !important;background-color: #0e415f !important;border-radius: 15px !important;}&#8221;]<\/p>\n<h3><span style=\"color: #fcb426;\">A mund t\u00eb l\u00ebvizin vaska plastike drejtk\u00ebnd\u00ebshe?<\/span><\/h3>\n<p><span style=\"color: #ffffff;\">Vaska mund t\u00eb dizajnohen si fikse ose t\u00eb l\u00ebvizshme, ku vaska t\u00eb l\u00ebvizshme kan\u00eb rrota q\u00eb lejojn\u00eb l\u00ebvizjen e leht\u00eb brenda hap\u00ebsir\u00ebs s\u00eb pun\u00ebs. Ky funksionalitet \u00ebsht\u00eb ve\u00e7an\u00ebrisht i dobish\u00ebm n\u00eb mjediset dinamike industriale ku k\u00ebrkohet fleksibilitet n\u00eb planimetri dhe qasje n\u00eb pajisje.<\/span>[\/vc_column_text][vc_column_text][\/vc_column_text][vc_empty_space][\/vc_column][\/vc_row][vc_row][vc_column][vc_column_text css=&#8221;.vc_custom_1726304248098{padding-right: 30px !important;padding-left: 30px !important;}&#8221;]<\/p>\n<h2>Madh\u00ebsia e vask\u00ebs plastike drejtk\u00ebnd\u00ebshe<\/h2>\n<p>Madh\u00ebsia dhe kapaciteti i vaskave p\u00ebrshtaten sipas k\u00ebrkesave specifike t\u00eb klient\u00ebve, q\u00eb do t\u00eb thot\u00eb se ato mund t\u00eb prodhohen n\u00eb nj\u00eb gam\u00eb t\u00eb gjer\u00eb dimensionesh p\u00ebr t\u00eb p\u00ebrmbushur nevojat e ndryshme n\u00eb aspektin e kapacitetit dhe hap\u00ebsir\u00ebs. Karakteristika shtes\u00eb si pajisje, valvola ose shkall\u00eb mat\u00ebse mund t\u00eb integrohen n\u00eb dizajn p\u00ebr t\u00eb p\u00ebrmir\u00ebsuar funksionalitetin dhe leht\u00ebsin\u00eb e p\u00ebrdorimit.<\/p>\n<p>N\u00eb rastet kur \u00ebsht\u00eb e nevojshme, sidomos p\u00ebr vaska m\u00eb t\u00eb m\u00ebdha ose m\u00eb t\u00eb ngarkuara, struktura mund t\u00eb p\u00ebrforcohet me profile metalike. Ky p\u00ebrforcim shtes\u00eb siguron stabilitetin dhe jet\u00ebgjat\u00ebsin\u00eb e vaskave, edhe n\u00eb kushte t\u00eb v\u00ebshtira pune, si presion t\u00eb lart\u00eb, v\u00ebllime t\u00eb m\u00ebdha t\u00eb l\u00ebngjeve ose trajtim t\u00eb shpesht\u00eb.<\/p>\n<p>Fal\u00eb k\u00ebtyre karakteristikave, vaska plastike drejtk\u00ebnd\u00ebshe b\u00ebhen nj\u00eb mjet ky\u00e7 n\u00eb proceset e p\u00ebrpunimit t\u00eb metaleve dhe menaxhimit t\u00eb kimikateve, duke ofruar nj\u00eb zgjidhje t\u00eb besueshme q\u00eb p\u00ebrmbush standardet industriale t\u00eb cil\u00ebsis\u00eb dhe siguris\u00eb.<\/p>\n<p>\u010cabar Plast shquhet n\u00eb prodhimin e vaskave plastike me cil\u00ebsi t\u00eb lart\u00eb, t\u00eb cilat vijn\u00eb n\u00eb dy variante, t\u00eb p\u00ebrshtatura p\u00ebr nevoja dhe aplikime t\u00eb ndryshme:<br \/>\n[\/vc_column_text][vc_column_text][\/vc_column_text][vc_empty_space][\/vc_column][\/vc_row][vc_row][vc_column][vc_column_text css=&#8221;.vc_custom_1726304309402{padding-top: 30px !important;padding-right: 30px !important;padding-bottom: 30px !important;padding-left: 30px !important;background-color: #0e415f !important;border-radius: 15px !important;}&#8221;]<\/p>\n<h2><span style=\"color: #fcb426;\">Vaska t\u00eb Hapura<\/span><\/h2>\n<p><span style=\"color: #ffffff;\">Vaska t\u00eb hapura nga \u010cabar Plast p\u00ebrfaq\u00ebsojn\u00eb kulmin e funksionalitetit dhe aksesit. Pa kapak, k\u00ebto vaska lejojn\u00eb qasje t\u00eb shpejt\u00eb dhe t\u00eb papenguar n\u00eb p\u00ebrmbajtje, duke i b\u00ebr\u00eb ato ideale p\u00ebr procese dinamike industriale ku trajtimi i shpesht\u00eb i materialit \u00ebsht\u00eb i nevojsh\u00ebm. Qoft\u00eb p\u00ebr p\u00ebrzierjen e kimikateve, larjen e pjes\u00ebve ose si en\u00eb fermentimi, struktura e tyre e hapur siguron efikasitet maksimal dhe leht\u00ebsi p\u00ebrdorimi.<br \/>\n<\/span>[\/vc_column_text][vc_column_text][\/vc_column_text][vc_empty_space][\/vc_column][\/vc_row][vc_row][vc_column][vc_column_text css=&#8221;.vc_custom_1726304340706{padding-top: 30px !important;padding-right: 30px !important;padding-bottom: 30px !important;padding-left: 30px !important;background-color: #efefef !important;border-radius: 15px !important;}&#8221;]<\/p>\n<h2>Vaska t\u00eb Mbyllura<\/h2>\n<p>Vaska t\u00eb mbyllura, me kapak\u00ebt e tyre t\u00eb fort\u00eb dhe t\u00eb sigurt, ofrojn\u00eb nj\u00eb shtres\u00eb shtes\u00eb mbrojtjeje p\u00ebr materialet e ruajtura. Ato jan\u00eb perfekte p\u00ebr mbajtjen e materialeve t\u00eb ndjeshme ose t\u00eb vlefshme q\u00eb k\u00ebrkojn\u00eb mbrojtje nga element\u00ebt e jasht\u00ebm si pluhuri, papast\u00ebrtit\u00eb ose kontaminimi i mundsh\u00ebm.<\/p>\n<p>Kapaku jo vet\u00ebm q\u00eb mbron p\u00ebrmbajtjen, por gjithashtu minimizon rrezikun e derdhjeve dhe rrjedhjeve, duke i b\u00ebr\u00eb vaska t\u00eb mbyllura thelb\u00ebsore n\u00eb kushtet laboratorike, industrin\u00eb ushqimore dhe aty ku p\u00ebrfshihet trajtimi i materialeve t\u00eb rrezikshme.[\/vc_column_text][vc_column_text][\/vc_column_text][vc_empty_space][\/vc_column][\/vc_row][vc_row full_width=&#8221;stretch_row_content_no_spaces&#8221;][vc_column][vc_column_text]<img loading=\"lazy\" decoding=\"async\" class=\"aligncenter wp-image-232 size-full\" src=\"https:\/\/cabarplast.com\/wp-content\/uploads\/2024\/03\/footer-4.png\" alt=\"\" width=\"1919\" height=\"50\" srcset=\"https:\/\/cabarplast.com\/wp-content\/uploads\/2024\/03\/footer-4.png 1919w, https:\/\/cabarplast.com\/wp-content\/uploads\/2024\/03\/footer-4-300x8.png 300w, https:\/\/cabarplast.com\/wp-content\/uploads\/2024\/03\/footer-4-1024x27.png 1024w, https:\/\/cabarplast.com\/wp-content\/uploads\/2024\/03\/footer-4-768x20.png 768w, https:\/\/cabarplast.com\/wp-content\/uploads\/2024\/03\/footer-4-1536x40.png 1536w\" sizes=\"auto, (max-width: 1919px) 100vw, 1919px\" \/>[\/vc_column_text][\/vc_column][\/vc_row]<\/p>\n<\/div>","protected":false},"excerpt":{"rendered":"<p>[vc_row][vc_column width=&#8221;1\/2&#8243;][\/vc_column][vc_column width=&#8221;1\/2&#8243; css=&#8221;.vc_custom_1709676913300{border-left-width: 1px !important;padding-right: 30px !important;padding-left: 30px !important;border-left-color: #0e415f !important;border-left-style: solid !important;}&#8221;][vc_column_text css=&#8221;&#8221;] Vaska Plastike Drejtk\u00ebnd\u00ebshe &nbsp; Vaska plastike, t\u00eb njohura ndryshe edhe si rezervuar\u00eb drejtk\u00ebndor\u00eb, jan\u00eb kontejner\u00eb t\u00eb prodhuar nga polietileni me densitet t\u00eb lart\u00eb (HDPE) ose polipropileni (PP). K\u00ebto vaska jan\u00eb t\u00eb dizajnuara p\u00ebr nj\u00eb gam\u00eb t\u00eb gjer\u00eb aplikimesh, duke p\u00ebrfshir\u00eb&hellip;<\/p>\n","protected":false},"author":1,"featured_media":0,"parent":0,"menu_order":0,"comment_status":"closed","ping_status":"closed","template":"","meta":{"footnotes":""},"class_list":["post-2204","page","type-page","status-publish","hentry","description-off"],"_links":{"self":[{"href":"https:\/\/cabarplast.com\/sq\/wp-json\/wp\/v2\/pages\/2204","targetHints":{"allow":["GET"]}}],"collection":[{"href":"https:\/\/cabarplast.com\/sq\/wp-json\/wp\/v2\/pages"}],"about":[{"href":"https:\/\/cabarplast.com\/sq\/wp-json\/wp\/v2\/types\/page"}],"author":[{"embeddable":true,"href":"https:\/\/cabarplast.com\/sq\/wp-json\/wp\/v2\/users\/1"}],"replies":[{"embeddable":true,"href":"https:\/\/cabarplast.com\/sq\/wp-json\/wp\/v2\/comments?post=2204"}],"version-history":[{"count":3,"href":"https:\/\/cabarplast.com\/sq\/wp-json\/wp\/v2\/pages\/2204\/revisions"}],"predecessor-version":[{"id":2207,"href":"https:\/\/cabarplast.com\/sq\/wp-json\/wp\/v2\/pages\/2204\/revisions\/2207"}],"wp:attachment":[{"href":"https:\/\/cabarplast.com\/sq\/wp-json\/wp\/v2\/media?parent=2204"}],"curies":[{"name":"wp","href":"https:\/\/api.w.org\/{rel}","templated":true}]}}