{"id":2194,"date":"2024-03-04T21:05:02","date_gmt":"2024-03-04T21:05:02","guid":{"rendered":"https:\/\/cabarplast.com\/plasticne-tankvane\/"},"modified":"2024-10-14T20:01:17","modified_gmt":"2024-10-14T20:01:17","slug":"rezervuaret-plastike-me-prerje-dyfishe","status":"publish","type":"page","link":"https:\/\/cabarplast.com\/sq\/rezervuaret-plastike-me-prerje-dyfishe\/","title":{"rendered":"Rezervuaret plastike me prerje dyfishe"},"content":{"rendered":"<div class=\"wpb-content-wrapper\"><p>[vc_row][vc_column width=&#8221;1\/2&#8243;]<style type=\"text\/css\" data-type=\"the7_shortcodes-inline-css\">.gallery-carousel-shortcode.gallery-carousel-shortcode-id-f4e3c9d437a2e8ac426b45216c53b8ff .owl-nav a {\n  width: 36px;\n  height: 36px;\n  border-radius: 500px;\n}\n.dt-arrow-border-on.gallery-carousel-shortcode.gallery-carousel-shortcode-id-f4e3c9d437a2e8ac426b45216c53b8ff .owl-nav a:not(:hover):before {\n  border-width: 0px;\n}\n.dt-arrow-hover-border-on.gallery-carousel-shortcode.gallery-carousel-shortcode-id-f4e3c9d437a2e8ac426b45216c53b8ff .owl-nav a:hover:after {\n  border-width: 0px;\n}\n.gallery-carousel-shortcode.gallery-carousel-shortcode-id-f4e3c9d437a2e8ac426b45216c53b8ff .owl-nav a.owl-prev {\n  top: 50%;\n  transform: translateY(calc(-50% + 0px));\n  left: -43px;\n}\n@media all and (-ms-high-contrast: none) {\n  .gallery-carousel-shortcode.gallery-carousel-shortcode-id-f4e3c9d437a2e8ac426b45216c53b8ff .owl-nav a.owl-prev {\n    transform: translateY(-50%);\n    margin-top: 0px;\n  }\n}\n.gallery-carousel-shortcode.gallery-carousel-shortcode-id-f4e3c9d437a2e8ac426b45216c53b8ff .owl-nav a.owl-prev i {\n  padding: 0px 0px 0px 0px;\n}\n.gallery-carousel-shortcode.gallery-carousel-shortcode-id-f4e3c9d437a2e8ac426b45216c53b8ff .owl-nav a.owl-next {\n  top: 50%;\n  transform: translateY(calc(-50% + 0px));\n  right: -43px;\n}\n@media all and (-ms-high-contrast: none) {\n  .gallery-carousel-shortcode.gallery-carousel-shortcode-id-f4e3c9d437a2e8ac426b45216c53b8ff .owl-nav a.owl-next {\n    transform: translateY(-50%);\n    margin-top: 0px;\n  }\n}\n.gallery-carousel-shortcode.gallery-carousel-shortcode-id-f4e3c9d437a2e8ac426b45216c53b8ff .owl-nav a.owl-next i {\n  padding: 0px 0px 0px 0px;\n}\n.gallery-carousel-shortcode.gallery-carousel-shortcode-id-f4e3c9d437a2e8ac426b45216c53b8ff .owl-nav i {\n  font-size: 18px;\n}\n.gallery-carousel-shortcode.gallery-carousel-shortcode-id-f4e3c9d437a2e8ac426b45216c53b8ff .owl-nav a:not(:hover) i,\n.gallery-carousel-shortcode.gallery-carousel-shortcode-id-f4e3c9d437a2e8ac426b45216c53b8ff .owl-nav a:not(:hover) i:before {\n  color: #ffffff;\n  background: none;\n}\n.gallery-carousel-shortcode.gallery-carousel-shortcode-id-f4e3c9d437a2e8ac426b45216c53b8ff .owl-nav a:hover i,\n.gallery-carousel-shortcode.gallery-carousel-shortcode-id-f4e3c9d437a2e8ac426b45216c53b8ff .owl-nav a:hover i:before {\n  color: rgba(255,255,255,0.75);\n  background: none;\n}\n.gallery-carousel-shortcode.gallery-carousel-shortcode-id-f4e3c9d437a2e8ac426b45216c53b8ff .owl-dots {\n  top: calc(100% + 20px);\n  left: 50%;\n  transform: translateX(calc(-50% + 0px));\n}\n@media all and (-ms-high-contrast: none) {\n  .gallery-carousel-shortcode.gallery-carousel-shortcode-id-f4e3c9d437a2e8ac426b45216c53b8ff .owl-dots {\n    transform: translateX(-50%);\n    margin-left: 0px;\n  }\n}\n.gallery-carousel-shortcode.gallery-carousel-shortcode-id-f4e3c9d437a2e8ac426b45216c53b8ff .owl-dot {\n  width: 10px;\n  height: 10px;\n  margin: 0 8px;\n}\n@media screen and (max-width: 778px) {\n  .gallery-carousel-shortcode.gallery-carousel-shortcode-id-f4e3c9d437a2e8ac426b45216c53b8ff.hide-arrows .owl-nav a {\n    display: none;\n  }\n}\n@media screen and (max-width: 778px) {\n  .gallery-carousel-shortcode.gallery-carousel-shortcode-id-f4e3c9d437a2e8ac426b45216c53b8ff.reposition-arrows .owl-nav .owl-prev {\n    top: 50%;\n    transform: translateY(calc(-50% + 0px));\n    left: 10px;\n  }\n  .gallery-carousel-shortcode.gallery-carousel-shortcode-id-f4e3c9d437a2e8ac426b45216c53b8ff.reposition-arrows .owl-nav .owl-next {\n    top: 50%;\n    transform: translateY(calc(-50% + 0px));\n    right: 10px;\n  }\n}\n@media screen and (max-width: 778px) and all and (-ms-high-contrast: none) {\n  .gallery-carousel-shortcode.gallery-carousel-shortcode-id-f4e3c9d437a2e8ac426b45216c53b8ff.reposition-arrows .owl-nav .owl-prev {\n    transform: translateY(-50%);\n    margin-top: 0px;\n  }\n}\n@media screen and (max-width: 778px) and all and (-ms-high-contrast: none) {\n  .gallery-carousel-shortcode.gallery-carousel-shortcode-id-f4e3c9d437a2e8ac426b45216c53b8ff.reposition-arrows .owl-nav .owl-next {\n    transform: translateY(-50%);\n    margin-top: 0px;\n  }\n}\n.gallery-carousel-shortcode.gallery-carousel-shortcode-id-f4e3c9d437a2e8ac426b45216c53b8ff figure,\n.gallery-carousel-shortcode.gallery-carousel-shortcode-id-f4e3c9d437a2e8ac426b45216c53b8ff .rollover,\n.gallery-carousel-shortcode.gallery-carousel-shortcode-id-f4e3c9d437a2e8ac426b45216c53b8ff img,\n.gallery-carousel-shortcode.gallery-carousel-shortcode-id-f4e3c9d437a2e8ac426b45216c53b8ff .gallery-rollover {\n  border-radius: 0px;\n}\n.gallery-carousel-shortcode.gallery-carousel-shortcode-id-f4e3c9d437a2e8ac426b45216c53b8ff.enable-bg-rollover .gallery-rollover {\n  background: -webkit-linear-gradient();\n  background: linear-gradient();\n}\n.gallery-carousel-shortcode.gallery-carousel-shortcode-id-f4e3c9d437a2e8ac426b45216c53b8ff.enable-img-shadow .owl-stage-outer {\n  padding: 14px 0;\n}\n.gallery-carousel-shortcode.gallery-carousel-shortcode-id-f4e3c9d437a2e8ac426b45216c53b8ff.enable-bg-rollover.hover-scale figure .rollover:after {\n  background: -webkit-linear-gradient();\n  background: linear-gradient();\n}\n.gallery-carousel-shortcode.gallery-carousel-shortcode-id-f4e3c9d437a2e8ac426b45216c53b8ff.gallery-shortcode .gallery-zoom-ico {\n  width: 44px;\n  height: 44px;\n  line-height: 44px;\n  border-radius: 100px;\n  margin: -22px 0 0 -22px;\n  border-width: 0px;\n}\n.dt-icon-bg-on.gallery-carousel-shortcode.gallery-carousel-shortcode-id-f4e3c9d437a2e8ac426b45216c53b8ff.gallery-shortcode .gallery-zoom-ico {\n  background: rgba(255,255,255,0.3);\n  box-shadow: none;\n}\n.gallery-carousel-shortcode.gallery-carousel-shortcode-id-f4e3c9d437a2e8ac426b45216c53b8ff.gallery-shortcode .gallery-zoom-ico:before,\n.gallery-carousel-shortcode.gallery-carousel-shortcode-id-f4e3c9d437a2e8ac426b45216c53b8ff.gallery-shortcode .gallery-zoom-ico span {\n  font-size: 32px;\n  line-height: 44px;\n  color: #ffffff;\n  background: none;\n}\n<\/style><div class=\"owl-carousel gallery-carousel-shortcode gallery-shortcode  dt-gallery-container dt-owl-carousel-call gallery-carousel-shortcode-id-f4e3c9d437a2e8ac426b45216c53b8ff quick-scale-img enable-bg-rollover meta-info-off dt-arrow-border-on dt-arrow-hover-border-on bullets-small-dot-stroke reposition-arrows dt-icon-bg-off arrows-bg-on disable-arrows-hover-bg arrows-hover-bg-on  vc_custom_1726246357261 hover-fade \" data-scroll-mode=\"1\" data-col-num=\"1\" data-wide-col-num=\"1\" data-laptop-col=\"1\" data-h-tablet-columns-num=\"1\" data-v-tablet-columns-num=\"1\" data-phone-columns-num=\"1\" data-col-gap=\"10\" data-stage-padding=\"0\" data-speed=\"600\" data-autoplay=\"false\" data-autoplay_speed=\"6000\" data-arrows=\"true\" data-bullet=\"false\" data-next-icon=\"icon-ar-017-r\" data-prev-icon=\"icon-ar-017-l\" data-img-shadow-size=\"12px\" data-img-shadow-spread=\"3px\"><div data-post-id=\"2197\" data-date=\"2024-09-13T16:52:07+00:00\" data-name=\"cisterne za sumpornu kiselinu\"><figure class=\"post\"><a href=\"https:\/\/cabarplast.com\/wp-content\/uploads\/2024\/09\/cisterne-za-sumpornu-kiselinu.jpg\" class=\"rollover dt-pswp-item layzr-bg\" data-large_image_width=\"1080\" data-large_image_height=\"1080\" data-dt-img-description=\"\" title=\"cisterne za sumpornu kiselinu\"><img fetchpriority=\"high\" decoding=\"async\" class=\"preload-me owl-lazy-load aspect\" src=\"data:image\/svg+xml,%3Csvg%20xmlns%3D&#39;http%3A%2F%2Fwww.w3.org%2F2000%2Fsvg&#39;%20viewBox%3D&#39;0%200%201080%201080&#39;%2F%3E\" data-src=\"https:\/\/cabarplast.com\/wp-content\/uploads\/2024\/09\/cisterne-za-sumpornu-kiselinu.jpg\" data-srcset=\"https:\/\/cabarplast.com\/wp-content\/uploads\/2024\/09\/cisterne-za-sumpornu-kiselinu.jpg 1080w\" loading=\"eager\" style=\"--ratio: 1080 \/ 1080\" sizes=\"(max-width: 1080px) 100vw, 1080px\" alt=\"\" width=\"1080\" height=\"1080\"  \/><span class=\"gallery-rollover\"><span class=\"gallery-zoom-ico icomoon-the7-font-the7-zoom-06\"><span><\/span><\/span><\/span><\/a><\/figure><\/div><\/div>[\/vc_column][vc_column width=&#8221;1\/2&#8243; css=&#8221;.vc_custom_1709647368309{border-left-width: 1px !important;padding-right: 30px !important;padding-left: 30px !important;border-left-color: #0e415f !important;border-left-style: solid !important;}&#8221;][vc_column_text css=&#8221;&#8221;]<\/p>\n<h1>Rezervuaret plastike me prerje dyfishe<\/h1>\n<p>&nbsp;<\/p>\n<p>Rezervuar\u00ebt plastik\u00eb me prerje dyshe jan\u00eb kontejner\u00eb t\u00eb specializuar t\u00eb dizajnuar p\u00ebr p\u00ebrmbajtjen dhe ruajtjen e substancave t\u00eb rrezikshme, si\u00e7 jan\u00eb acidet, n\u00eb rast t\u00eb nj\u00eb aksidenti ose d\u00ebmtimi t\u00eb rezervuar\u00ebve primar\u00eb.<\/p>\n<p>Ato sh\u00ebrbejn\u00eb si nj\u00eb mas\u00eb shtes\u00eb sigurie p\u00ebr t\u00eb mbrojtur mjedisin dhe njer\u00ebzit nga derdhjet e mundshme t\u00eb d\u00ebmshme.<\/p>\n<p>Rezervuar\u00ebt me prerje dyshe jan\u00eb t\u00eb detyruesh\u00ebm n\u00eb mjediset industriale ku trajtohen kimikate t\u00eb rrezikshme dhe duhet t\u00eb jen\u00eb t\u00eb dizajnuara n\u00eb p\u00ebrputhje me rregulloret e p\u00ebrcaktuara n\u00eb m\u00ebnyr\u00eb rigoroze p\u00ebr mbrojtjen e mjedisit dhe sigurin\u00eb.<br \/>\n[\/vc_column_text][vc_empty_space height=&#8221;20&#8243;]<a href=\"https:\/\/cabarplast.com\/sq\/kontakt\/\" class=\"btn-shortcode dt-btn-m dt-btn default-btn-color default-btn-hover-color default-btn-bg-color default-btn-bg-hover-color\" id=\"dt-btn-1\"><span>Kontaktoni me ne<\/span><\/a>[\/vc_column][\/vc_row][vc_row][vc_column][vc_empty_space][vc_column_text css=&#8221;.vc_custom_1726245792246{padding-right: 30px !important;padding-left: 30px !important;}&#8221;]<\/p>\n<h2>Rezervuar\u00ebt me Prerje Dyshe &#8211; P\u00ebrdorimi<\/h2>\n<p>Rezervuar\u00ebt me prerje dyshe p\u00ebrdoren p\u00ebr p\u00ebrmbajtjen dhe ruajtjen e l\u00ebngjeve t\u00eb rrezikshme, ve\u00e7an\u00ebrisht n\u00eb rastet e rrjedhjeve ose aksidenteve nga sistemet primare t\u00eb ruajtjes. Aplikimi i tyre \u00ebsht\u00eb i p\u00ebrhapur n\u00eb industri t\u00eb ndryshme, duke p\u00ebrfshir\u00eb:<br \/>\n[\/vc_column_text][vc_empty_space height=&#8221;50&#8243;][\/vc_column][\/vc_row][vc_row full_width=&#8221;stretch_row_content_no_spaces&#8221;][vc_column][vc_column_text]<img loading=\"lazy\" decoding=\"async\" class=\"aligncenter wp-image-232 size-full\" src=\"https:\/\/cabarplast.com\/wp-content\/uploads\/2024\/03\/footer-4.png\" alt=\"\" width=\"1919\" height=\"50\" srcset=\"https:\/\/cabarplast.com\/wp-content\/uploads\/2024\/03\/footer-4.png 1919w, https:\/\/cabarplast.com\/wp-content\/uploads\/2024\/03\/footer-4-300x8.png 300w, https:\/\/cabarplast.com\/wp-content\/uploads\/2024\/03\/footer-4-1024x27.png 1024w, https:\/\/cabarplast.com\/wp-content\/uploads\/2024\/03\/footer-4-768x20.png 768w, https:\/\/cabarplast.com\/wp-content\/uploads\/2024\/03\/footer-4-1536x40.png 1536w\" sizes=\"auto, (max-width: 1919px) 100vw, 1919px\" \/>[\/vc_column_text][\/vc_column][\/vc_row][vc_row full_width=&#8221;stretch_row&#8221; css=&#8221;.vc_custom_1709643894007{background-color: #0e415f !important;}&#8221;][vc_column][vc_column_text css=&#8221;.vc_custom_1726246017328{padding-right: 30px !important;padding-left: 30px !important;}&#8221;]<\/p>\n<ul>\n<li><span style=\"color: #fcb426;\">Industria Kimike: <\/span><span style=\"color: #ffffff;\">N\u00eb objektet p\u00ebr prodhimin, ruajtjen dhe trajtimin e kimikateve t\u00eb ndryshme, rezervuar\u00ebt me prerje dyshe jan\u00eb thelb\u00ebsore p\u00ebr parandalimin e rreziqeve mjedisore dhe sh\u00ebndet\u00ebsore p\u00ebr shkak t\u00eb rrjedhjeve t\u00eb mundshme t\u00eb materialeve t\u00eb rrezikshme si acidet, bazat dhe p\u00ebrb\u00ebr\u00ebs t\u00eb tjer\u00eb agresiv\u00eb kimik\u00eb.<\/span><\/li>\n<li><span style=\"color: #fcb426;\">Industria e P\u00ebrpunimit t\u00eb Metaleve:<\/span> <span style=\"color: #ffffff;\">N\u00eb proceset e galvanizimit, kromimit, nikelimit dhe zinkimit, rezervuar\u00ebt me prerje dyshe sh\u00ebrbejn\u00eb si en\u00eb sigurie p\u00ebr kapjen e kimikateve t\u00eb p\u00ebrdorura n\u00eb k\u00ebto procese.<br \/>\n<\/span><\/li>\n<li><span style=\"color: #fcb426;\">Industria Farmaceutike:<\/span> <span style=\"color: #ffffff;\">N\u00eb prodhimin e ila\u00e7eve dhe produkteve t\u00eb tjera farmaceutike, ku shpesh p\u00ebrdoren kimikate t\u00eb ndryshme t\u00eb fuqishme, rezervuar\u00ebt me prerje dyshe jan\u00eb t\u00eb nevojshme p\u00ebr t\u00eb siguruar ruajtje dhe trajtim t\u00eb sigurt.<\/span><\/li>\n<li><span style=\"color: #fcb426;\">Industria Ushqimore:<\/span> <span style=\"color: #ffffff;\"> Megjith\u00ebse m\u00eb pak t\u00eb rrezikshme n\u00eb krahasim me kimikatet, procese t\u00eb caktuara t\u00eb fermentimit dhe p\u00ebrpunimit k\u00ebrkojn\u00eb p\u00ebrdorimin e rezervuar\u00ebve me prerje dyshe p\u00ebr ruajtjen e n\u00ebnprodukteve ose si nj\u00eb mas\u00eb paraprake p\u00ebr ruajtjen e l\u00ebngjeve q\u00eb mund t\u00eb paraqesin rrezik.<br \/>\n<\/span><\/li>\n<li><span style=\"color: #fcb426;\">Impiantet e trajtimit t\u00eb uj\u00ebrave t\u00eb ndotura:<\/span> <span style=\"color: #ffffff;\">N\u00eb sistemet e trajtimit t\u00eb uj\u00ebrave t\u00eb ndotura, rezervuar\u00ebt me prerje dyshe mund t\u00eb p\u00ebrdoren p\u00ebr ruajtje t\u00eb p\u00ebrkohshme t\u00eb materialeve potencialisht t\u00eb rrezikshme para procesit t\u00eb trajtimit.<br \/>\n<\/span><\/li>\n<li><span style=\"color: #fcb426;\">Industria e energjis\u00eb:<\/span><span style=\"color: #ffffff;\"> N\u00eb rafinerit\u00eb dhe impiantet e p\u00ebrpunimit t\u00eb gazit dhe naft\u00ebs, rezervuar\u00ebt me prerje dyshe jan\u00eb nj\u00eb element thelb\u00ebsor i sistemeve t\u00eb siguris\u00eb p\u00ebr ruajtjen e naft\u00ebs, gazit dhe l\u00ebngjeve t\u00eb tjera t\u00eb ndezshme ose t\u00eb rrezikshme.<\/span><\/li>\n<li><span style=\"color: #fcb426;\">Industria agrokimike:<\/span> <span style=\"color: #ffffff;\">P\u00ebr ruajtjen e pesticideve, herbicideve dhe agrokimikateve t\u00eb tjera, rezervuar\u00ebt me prerje dyshe ofrojn\u00eb nj\u00eb penges\u00eb sigurie q\u00eb parandalon ndotjen e mundshme t\u00eb tok\u00ebs dhe ujit.<\/span><\/li>\n<\/ul>\n<p><span style=\"color: #ffffff;\">Rezervuar\u00ebt me prerje dyshe jan\u00eb t\u00eb dizajnuara p\u00ebr t&#8217;i b\u00ebr\u00eb ball\u00eb mjediseve agresive kimike dhe kushteve ekstreme, dhe nd\u00ebrtimi dhe mir\u00ebmbajtja e tyre jan\u00eb subjekt i rregulloreve strikte p\u00ebr t\u00eb siguruar sigurin\u00eb maksimale dhe mbrojtjen e mjedisit.<\/span>[\/vc_column_text][vc_empty_space height=&#8221;50&#8243;][\/vc_column][\/vc_row][vc_row full_width=&#8221;stretch_row&#8221; css=&#8221;.vc_custom_1709644275584{background-color: #efefef !important;}&#8221;][vc_column][vc_column_text css=&#8221;.vc_custom_1726246046804{padding-right: 30px !important;padding-left: 30px !important;}&#8221;]<\/p>\n<h3>A mund t\u00eb jen\u00eb prerjet dyshe t\u00eb rrumbullak\u00ebta apo vet\u00ebm drejtk\u00ebnd\u00ebshe?<\/h3>\n<p>Prerjet dyshe mund t\u00eb jen\u00eb t\u00eb rrumbullak\u00ebta ose drejtk\u00ebnd\u00ebshe n\u00eb form\u00eb, n\u00eb var\u00ebsi t\u00eb nevojave specifike dhe kufizimeve t\u00eb hap\u00ebsir\u00ebs ku jan\u00eb instaluar. Zgjedhja e form\u00ebs shpesh varet nga disponueshm\u00ebria e hap\u00ebsir\u00ebs, lloji dhe sasia e materialit q\u00eb ruhet, si dhe preferencat n\u00eb lidhje me dizajnin dhe efikasitetin e sistemit.<\/p>\n<p>Prerjet dyshe t\u00eb rrumbullak\u00ebta p\u00ebrdoren shpesh p\u00ebr forc\u00ebn e tyre strukturore dhe efikasitetin n\u00eb aspektin e shp\u00ebrndarjes s\u00eb presionit, nd\u00ebrsa prerjet dyshe drejtk\u00ebnd\u00ebshe lejojn\u00eb shfryt\u00ebzim m\u00eb t\u00eb mir\u00eb t\u00eb hap\u00ebsir\u00ebs, ve\u00e7an\u00ebrisht n\u00eb zona t\u00eb kufizuara ose me forma t\u00eb \u00e7rregullta.<br \/>\n[\/vc_column_text][vc_column_text][\/vc_column_text][vc_empty_space][\/vc_column][\/vc_row][vc_row][vc_column][vc_column_text css=&#8221;.vc_custom_1726246079563{padding-top: 30px !important;padding-right: 30px !important;padding-bottom: 30px !important;padding-left: 30px !important;background-color: #0e415f !important;border-radius: 15px !important;}&#8221;]<\/p>\n<h2><span style=\"color: #fcb426;\">Prerjet dyshe p\u00ebr <strong>vajra<\/strong><\/span><\/h2>\n<p><span style=\"color: #ffffff;\">Prerjet dyshe p\u00ebr vajra jan\u00eb t\u00eb dizajnuara p\u00ebr ruajtjen dhe menaxhimin e sigurt t\u00eb llojeve t\u00eb ndryshme t\u00eb vajrave, duke p\u00ebrfshir\u00eb vajrat motorik\u00eb, bimor\u00eb, industrial\u00eb, etj. Ato ofrojn\u00eb mbrojtje shtes\u00eb n\u00eb rast t\u00eb rrjedhjeve nga rezervuar\u00ebt primar\u00eb, duke mbrojtur mjedisin nga ndotja e mundshme. K\u00ebto prerje dyshe shpesh jan\u00eb t\u00eb pajisura me sisteme p\u00ebr zbulimin e rrjedhjeve dhe menaxhimin e derdhjeve, duke ofruar nj\u00eb nivel t\u00eb lart\u00eb sigurie.<br \/>\n<\/span>[\/vc_column_text][vc_column_text][\/vc_column_text][vc_empty_space][\/vc_column][\/vc_row][vc_row][vc_column][vc_column_text css=&#8221;.vc_custom_1726246109699{padding-top: 30px !important;padding-right: 30px !important;padding-bottom: 30px !important;padding-left: 30px !important;background-color: #efefef !important;border-radius: 15px !important;}&#8221;]<\/p>\n<h2>Prerjet dyshe p\u00ebr <strong>fu\u00e7i<\/strong><\/h2>\n<p>Prerjet dyshe p\u00ebr fu\u00e7i jan\u00eb kontejner\u00eb t\u00eb nd\u00ebrtuar posa\u00e7\u00ebrisht q\u00eb p\u00ebrdoren p\u00ebr t\u00eb mbajtur fu\u00e7i q\u00eb p\u00ebrmbajn\u00eb materiale t\u00eb ndryshme, duke p\u00ebrfshir\u00eb kimikate, vajra, karburante dhe l\u00ebngje t\u00eb tjera. Ato sh\u00ebrbejn\u00eb si nj\u00eb penges\u00eb mbrojt\u00ebse n\u00eb rast t\u00eb rrjedhjeve nga fu\u00e7it\u00eb, duke parandaluar ndotjen e hap\u00ebsirave t\u00eb pun\u00ebs dhe t\u00eb jetes\u00ebs. K\u00ebto prerje dyshe jan\u00eb t\u00eb dizajnuara p\u00ebr t\u00eb vendosur leht\u00ebsisht nj\u00eb ose m\u00eb shum\u00eb fu\u00e7i, duke i b\u00ebr\u00eb ato nj\u00eb zgjidhje ideale p\u00ebr ruajtje dhe trajtim.<br \/>\n[\/vc_column_text][vc_column_text][\/vc_column_text][vc_empty_space][\/vc_column][\/vc_row][vc_row][vc_column][vc_column_text css=&#8221;.vc_custom_1726246141668{padding-top: 30px !important;padding-right: 30px !important;padding-bottom: 30px !important;padding-left: 30px !important;background-color: #0e415f !important;border-radius: 15px !important;}&#8221;]<\/p>\n<h2><span style=\"color: #fcb426;\">Prerjet dyshe p\u00ebr <strong>kimikate<\/strong><\/span><\/h2>\n<p><span style=\"color: #ffffff;\">Prerjet dyshe p\u00ebr kimikate jan\u00eb b\u00ebr\u00eb nga materiale rezistente ndaj llojeve t\u00eb ndryshme t\u00eb substancave kimike dhe p\u00ebrdoren n\u00eb industrin\u00eb kimike p\u00ebr ruajtjen e kimikateve g\u00ebrryese ose t\u00eb rrezikshme. Ato jan\u00eb t\u00eb pajisura me shtresa mbrojt\u00ebse dhe sisteme parandalimi t\u00eb rrjedhjeve, duke i b\u00ebr\u00eb ato nj\u00eb element ky\u00e7 n\u00eb menaxhimin e rrezikut dhe mbrojtjen e mjedisit. Prerjet dyshe t\u00eb kimikateve duhet t\u00eb p\u00ebrmbushin rregullore dhe standarde strikte n\u00eb lidhje me ruajtjen e materialeve t\u00eb rrezikshme.<br \/>\n<\/span>[\/vc_column_text][vc_column_text][\/vc_column_text][vc_empty_space][\/vc_column][\/vc_row][vc_row][vc_column][vc_column_text css=&#8221;.vc_custom_1726246172459{padding-top: 30px !important;padding-right: 30px !important;padding-bottom: 30px !important;padding-left: 30px !important;background-color: #efefef !important;border-radius: 15px !important;}&#8221;]<\/p>\n<h2>Prerjet dyshe p\u00ebr <strong>karburante<\/strong><\/h2>\n<p>Prerjet dyshe p\u00ebr karburante jan\u00eb nd\u00ebrtuar p\u00ebr t\u00eb siguruar ruajtje dhe trajtim t\u00eb sigurt t\u00eb llojeve t\u00eb ndryshme t\u00eb karburanteve, duke p\u00ebrfshir\u00eb benzin\u00ebn, naft\u00ebn, vajgurin dhe t\u00eb tjera. Ato sh\u00ebrbejn\u00eb si nj\u00eb penges\u00eb dyt\u00ebsore n\u00eb rast t\u00eb rrjedhjeve nga rezervuar\u00ebt kryesor\u00eb, duke parandaluar rreziqet e mundshme p\u00ebr mjedisin dhe sigurin\u00eb.<\/p>\n<p>Prerjet dyshe t\u00eb karburanteve jan\u00eb shpesh t\u00eb pajisura me sisteme t\u00eb avancuara monitorimi dhe kontrolli p\u00ebr t\u00eb siguruar sigurin\u00eb maksimale gjat\u00eb ruajtjes dhe trajtimit t\u00eb karburanteve.[\/vc_column_text][vc_empty_space][\/vc_column][\/vc_row][vc_row][vc_column][vc_column_text css=&#8221;.vc_custom_1726246215148{padding-top: 30px !important;padding-right: 30px !important;padding-bottom: 30px !important;padding-left: 30px !important;background-color: #0e415f !important;border-radius: 15px !important;}&#8221;]<\/p>\n<h2><span style=\"color: #fcb426;\">Prerje dyshe me <strong>rrota<\/strong><\/span><\/h2>\n<p><span style=\"color: #ffffff;\">Nj\u00eb prerje dyshe me rrota \u00ebsht\u00eb nj\u00eb version i l\u00ebvizsh\u00ebm i nj\u00eb prerjeje dyshe q\u00eb lejon l\u00ebvizjen e leht\u00eb brenda hap\u00ebsir\u00ebs s\u00eb pun\u00ebs. \u00cbsht\u00eb e pajisur me rrota t\u00eb forta q\u00eb leht\u00ebsojn\u00eb l\u00ebvizjen e saj, duke e b\u00ebr\u00eb ideale p\u00ebr situata ku nevojitet fleksibilitet n\u00eb trajtimin dhe ruajtjen e materialeve t\u00eb rrezikshme. Ky lloj prerjeje dyshe \u00ebsht\u00eb ve\u00e7an\u00ebrisht i dobish\u00ebm n\u00eb mjedise industriale dinamike ku ndryshimet e planimetris\u00eb jan\u00eb t\u00eb shpeshta ose ka nevoj\u00eb p\u00ebr zhvendosje t\u00eb rregullt t\u00eb materialeve t\u00eb ruajtura.<br \/>\n<\/span><\/p>\n<p><span style=\"color: #ffffff;\">Prerjet dyshe t\u00eb l\u00ebvizshme ofrojn\u00eb siguri shtes\u00eb n\u00eb rast t\u00eb derdhjeve ose rrjedhjeve, duke mund\u00ebsuar reagim t\u00eb shpejt\u00eb dhe duke minimizuar d\u00ebmtimin e mundsh\u00ebm n\u00eb vendin e pun\u00ebs dhe mjedisin.<\/span>[\/vc_column_text][vc_empty_space][\/vc_column][\/vc_row][vc_row full_width=&#8221;stretch_row_content_no_spaces&#8221;][vc_column][vc_column_text]<img loading=\"lazy\" decoding=\"async\" class=\"aligncenter wp-image-232 size-full\" src=\"https:\/\/cabarplast.com\/wp-content\/uploads\/2024\/03\/footer-4.png\" alt=\"\" width=\"1919\" height=\"50\" srcset=\"https:\/\/cabarplast.com\/wp-content\/uploads\/2024\/03\/footer-4.png 1919w, https:\/\/cabarplast.com\/wp-content\/uploads\/2024\/03\/footer-4-300x8.png 300w, https:\/\/cabarplast.com\/wp-content\/uploads\/2024\/03\/footer-4-1024x27.png 1024w, https:\/\/cabarplast.com\/wp-content\/uploads\/2024\/03\/footer-4-768x20.png 768w, https:\/\/cabarplast.com\/wp-content\/uploads\/2024\/03\/footer-4-1536x40.png 1536w\" sizes=\"auto, (max-width: 1919px) 100vw, 1919px\" \/>[\/vc_column_text][\/vc_column][\/vc_row]<\/p>\n<\/div>","protected":false},"excerpt":{"rendered":"<p>[vc_row][vc_column width=&#8221;1\/2&#8243;][\/vc_column][vc_column width=&#8221;1\/2&#8243; css=&#8221;.vc_custom_1709647368309{border-left-width: 1px !important;padding-right: 30px !important;padding-left: 30px !important;border-left-color: #0e415f !important;border-left-style: solid !important;}&#8221;][vc_column_text css=&#8221;&#8221;] Rezervuaret plastike me prerje dyfishe &nbsp; Rezervuar\u00ebt plastik\u00eb me prerje dyshe jan\u00eb kontejner\u00eb t\u00eb specializuar t\u00eb dizajnuar p\u00ebr p\u00ebrmbajtjen dhe ruajtjen e substancave t\u00eb rrezikshme, si\u00e7 jan\u00eb acidet, n\u00eb rast t\u00eb nj\u00eb aksidenti ose d\u00ebmtimi t\u00eb rezervuar\u00ebve primar\u00eb. Ato sh\u00ebrbejn\u00eb&hellip;<\/p>\n","protected":false},"author":1,"featured_media":0,"parent":0,"menu_order":0,"comment_status":"closed","ping_status":"closed","template":"","meta":{"footnotes":""},"class_list":["post-2194","page","type-page","status-publish","hentry","description-off"],"_links":{"self":[{"href":"https:\/\/cabarplast.com\/sq\/wp-json\/wp\/v2\/pages\/2194","targetHints":{"allow":["GET"]}}],"collection":[{"href":"https:\/\/cabarplast.com\/sq\/wp-json\/wp\/v2\/pages"}],"about":[{"href":"https:\/\/cabarplast.com\/sq\/wp-json\/wp\/v2\/types\/page"}],"author":[{"embeddable":true,"href":"https:\/\/cabarplast.com\/sq\/wp-json\/wp\/v2\/users\/1"}],"replies":[{"embeddable":true,"href":"https:\/\/cabarplast.com\/sq\/wp-json\/wp\/v2\/comments?post=2194"}],"version-history":[{"count":4,"href":"https:\/\/cabarplast.com\/sq\/wp-json\/wp\/v2\/pages\/2194\/revisions"}],"predecessor-version":[{"id":2202,"href":"https:\/\/cabarplast.com\/sq\/wp-json\/wp\/v2\/pages\/2194\/revisions\/2202"}],"wp:attachment":[{"href":"https:\/\/cabarplast.com\/sq\/wp-json\/wp\/v2\/media?parent=2194"}],"curies":[{"name":"wp","href":"https:\/\/api.w.org\/{rel}","templated":true}]}}