{"id":2122,"date":"2024-03-04T21:10:51","date_gmt":"2024-03-04T21:10:51","guid":{"rendered":"https:\/\/cabarplast.com\/sahte\/"},"modified":"2024-10-14T20:04:44","modified_gmt":"2024-10-14T20:04:44","slug":"puset-plastike","status":"publish","type":"page","link":"https:\/\/cabarplast.com\/sq\/puset-plastike\/","title":{"rendered":"Puset"},"content":{"rendered":"<div class=\"wpb-content-wrapper\"><p>[vc_row][vc_column css=&#8221;.vc_custom_1710099881337{padding-right: 30px !important;padding-left: 30px !important;}&#8221;][vc_column_text css=&#8221;&#8221;]<\/p>\n<h1>Puset Plastike<\/h1>\n<p>Puset plastike jan\u00eb t\u00eb prodhuara nga plastik\u00eb me cil\u00ebsi t\u00eb lart\u00eb, t\u00eb projektuara p\u00ebr akses, inspektim, mir\u00ebmbajtje ose lidhje t\u00eb instalimeve n\u00ebntok\u00ebsore si rrjetet e ujit dhe kanalizimeve.<br \/>\n[\/vc_column_text][vc_empty_space height=&#8221;50&#8243;][\/vc_column][\/vc_row][vc_row][vc_column][vc_row_inner][vc_column_inner width=&#8221;2\/3&#8243; css=&#8221;.vc_custom_1710101124194{border-left-width: 1px !important;padding-right: 30px !important;padding-left: 30px !important;border-left-color: #0e415f !important;border-left-style: solid !important;}&#8221;][vc_column_text css=&#8221;&#8221;]<\/p>\n<p style=\"font-size: 25px;\">Puta plastike per <strong>matesit e ujit<\/strong><\/p>\n<p>&nbsp;<\/p>\n<p>Puset e \u010cabar Plast p\u00ebr mat\u00ebsit e ujit ofrojn\u00eb nj\u00eb streh\u00eb t\u00eb sigurt p\u00ebr mat\u00ebsit e ujit, duke i mbrojtur ato nga ndikimet e jashtme dhe duke leht\u00ebsuar aksesin p\u00ebr lexim dhe mir\u00ebmbajtje.[\/vc_column_text][vc_empty_space height=&#8221;20&#8243;]<a href=\"https:\/\/cabarplast.com\/sq\/puta-plastike-per-matesit-e-ujit\/\" class=\"btn-shortcode dt-btn-m dt-btn default-btn-color default-btn-hover-color default-btn-bg-color default-btn-bg-hover-color\" id=\"dt-btn-1\"><span>Shih m\u00eb shum\u00eb<\/span><\/a>[\/vc_column_inner][vc_column_inner width=&#8221;1\/3&#8243;][vc_column_text css=&#8221;&#8221;]<a href=\"https:\/\/cabarplast.com\/sq\/puta-plastike-per-matesit-e-ujit\/\"><img loading=\"lazy\" decoding=\"async\" class=\"wp-image-1038 size-medium aligncenter\" src=\"https:\/\/cabarplast.com\/wp-content\/uploads\/2024\/04\/Sahte-za-vodomere-1-1-300x300.jpg\" alt=\"\" width=\"300\" height=\"300\" srcset=\"https:\/\/cabarplast.com\/wp-content\/uploads\/2024\/04\/Sahte-za-vodomere-1-1-300x300.jpg 300w, https:\/\/cabarplast.com\/wp-content\/uploads\/2024\/04\/Sahte-za-vodomere-1-1-1024x1024.jpg 1024w, https:\/\/cabarplast.com\/wp-content\/uploads\/2024\/04\/Sahte-za-vodomere-1-1-150x150.jpg 150w, https:\/\/cabarplast.com\/wp-content\/uploads\/2024\/04\/Sahte-za-vodomere-1-1-768x768.jpg 768w, https:\/\/cabarplast.com\/wp-content\/uploads\/2024\/04\/Sahte-za-vodomere-1-1.jpg 1080w\" sizes=\"auto, (max-width: 300px) 100vw, 300px\" \/><\/a>[\/vc_column_text][\/vc_column_inner][\/vc_row_inner][vc_empty_space height=&#8221;30&#8243;][vc_row_inner][vc_column_inner width=&#8221;1\/3&#8243;][vc_column_text css=&#8221;&#8221;]<a href=\"https:\/\/cabarplast.com\/sq\/pusetat-plastike-te-kanalizimit\/\"><img loading=\"lazy\" decoding=\"async\" class=\"wp-image-1036 size-medium aligncenter\" src=\"https:\/\/cabarplast.com\/wp-content\/uploads\/2024\/04\/Kanalizacione-sahte-2-300x300.jpg\" alt=\"\" width=\"300\" height=\"300\" srcset=\"https:\/\/cabarplast.com\/wp-content\/uploads\/2024\/04\/Kanalizacione-sahte-2-300x300.jpg 300w, https:\/\/cabarplast.com\/wp-content\/uploads\/2024\/04\/Kanalizacione-sahte-2-1024x1024.jpg 1024w, https:\/\/cabarplast.com\/wp-content\/uploads\/2024\/04\/Kanalizacione-sahte-2-150x150.jpg 150w, https:\/\/cabarplast.com\/wp-content\/uploads\/2024\/04\/Kanalizacione-sahte-2-768x768.jpg 768w, https:\/\/cabarplast.com\/wp-content\/uploads\/2024\/04\/Kanalizacione-sahte-2.jpg 1080w\" sizes=\"auto, (max-width: 300px) 100vw, 300px\" \/><\/a>[\/vc_column_text][\/vc_column_inner][vc_column_inner width=&#8221;2\/3&#8243; css=&#8221;.vc_custom_1710101146731{border-left-width: 1px !important;padding-right: 30px !important;padding-left: 30px !important;border-left-color: #0e415f !important;border-left-style: solid !important;}&#8221;][vc_column_text css=&#8221;&#8221;]<\/p>\n<p style=\"font-size: 25px;\">Pusetat plastike t\u00eb <strong>kanalizimit<\/strong><\/p>\n<p>&nbsp;<\/p>\n<p>Puset plastike \u010cabar Plast p\u00ebr sistemet e kanalizimit karakterizohen nga rezistenca e lart\u00eb ndaj korrozionit, kimikateve dhe ndikimeve atmosferike, duke siguruar nj\u00eb jet\u00eb t\u00eb gjat\u00eb sh\u00ebrbimi.<br \/>\n[\/vc_column_text][vc_empty_space height=&#8221;20&#8243;]<a href=\"https:\/\/cabarplast.com\/sq\/pusetat-plastike-te-kanalizimit\/\" class=\"btn-shortcode dt-btn-m dt-btn default-btn-color default-btn-hover-color default-btn-bg-color default-btn-bg-hover-color\" id=\"dt-btn-2\"><span>Shih m\u00eb shum\u00eb<\/span><\/a>[\/vc_column_inner][\/vc_row_inner][vc_empty_space height=&#8221;30&#8243;][\/vc_column][\/vc_row][vc_row][vc_column][vc_column_text css=&#8221;.vc_custom_1726236974207{padding-top: 30px !important;padding-right: 30px !important;padding-bottom: 30px !important;padding-left: 30px !important;background-color: #0e415f !important;border-radius: 15px !important;}&#8221;]<span style=\"color: #ffffff;\">Zgjedhja e puseve \u010cabar Plast ofron zgjidhje efikase p\u00ebr nevojat infrastrukturore, duke kombinuar cil\u00ebsin\u00eb, q\u00ebndrueshm\u00ebrin\u00eb dhe leht\u00ebsin\u00eb e instalimit, duke i b\u00ebr\u00eb ato nj\u00eb zgjedhje ideale p\u00ebr projektet moderne t\u00eb nd\u00ebrtimit.<\/span>[\/vc_column_text][vc_empty_space][\/vc_column][\/vc_row][vc_row full_width=&#8221;stretch_row_content_no_spaces&#8221;][vc_column][vc_column_text]<img loading=\"lazy\" decoding=\"async\" class=\"aligncenter wp-image-232 size-full\" src=\"https:\/\/cabarplast.com\/wp-content\/uploads\/2024\/03\/footer-4.png\" alt=\"\" width=\"1919\" height=\"50\" srcset=\"https:\/\/cabarplast.com\/wp-content\/uploads\/2024\/03\/footer-4.png 1919w, https:\/\/cabarplast.com\/wp-content\/uploads\/2024\/03\/footer-4-300x8.png 300w, https:\/\/cabarplast.com\/wp-content\/uploads\/2024\/03\/footer-4-1024x27.png 1024w, https:\/\/cabarplast.com\/wp-content\/uploads\/2024\/03\/footer-4-768x20.png 768w, https:\/\/cabarplast.com\/wp-content\/uploads\/2024\/03\/footer-4-1536x40.png 1536w\" sizes=\"auto, (max-width: 1919px) 100vw, 1919px\" \/>[\/vc_column_text][\/vc_column][\/vc_row]<\/p>\n<\/div>","protected":false},"excerpt":{"rendered":"<p>[vc_row][vc_column css=&#8221;.vc_custom_1710099881337{padding-right: 30px !important;padding-left: 30px !important;}&#8221;][vc_column_text css=&#8221;&#8221;] Puset Plastike Puset plastike jan\u00eb t\u00eb prodhuara nga plastik\u00eb me cil\u00ebsi t\u00eb lart\u00eb, t\u00eb projektuara p\u00ebr akses, inspektim, mir\u00ebmbajtje ose lidhje t\u00eb instalimeve n\u00ebntok\u00ebsore si rrjetet e ujit dhe kanalizimeve. [\/vc_column_text][vc_empty_space height=&#8221;50&#8243;][\/vc_column][\/vc_row][vc_row][vc_column][vc_row_inner][vc_column_inner width=&#8221;2\/3&#8243; css=&#8221;.vc_custom_1710101124194{border-left-width: 1px !important;padding-right: 30px !important;padding-left: 30px !important;border-left-color: #0e415f !important;border-left-style: solid !important;}&#8221;][vc_column_text css=&#8221;&#8221;] Puta plastike per&hellip;<\/p>\n","protected":false},"author":1,"featured_media":0,"parent":0,"menu_order":0,"comment_status":"closed","ping_status":"closed","template":"","meta":{"footnotes":""},"class_list":["post-2122","page","type-page","status-publish","hentry","description-off"],"_links":{"self":[{"href":"https:\/\/cabarplast.com\/sq\/wp-json\/wp\/v2\/pages\/2122","targetHints":{"allow":["GET"]}}],"collection":[{"href":"https:\/\/cabarplast.com\/sq\/wp-json\/wp\/v2\/pages"}],"about":[{"href":"https:\/\/cabarplast.com\/sq\/wp-json\/wp\/v2\/types\/page"}],"author":[{"embeddable":true,"href":"https:\/\/cabarplast.com\/sq\/wp-json\/wp\/v2\/users\/1"}],"replies":[{"embeddable":true,"href":"https:\/\/cabarplast.com\/sq\/wp-json\/wp\/v2\/comments?post=2122"}],"version-history":[{"count":3,"href":"https:\/\/cabarplast.com\/sq\/wp-json\/wp\/v2\/pages\/2122\/revisions"}],"predecessor-version":[{"id":2347,"href":"https:\/\/cabarplast.com\/sq\/wp-json\/wp\/v2\/pages\/2122\/revisions\/2347"}],"wp:attachment":[{"href":"https:\/\/cabarplast.com\/sq\/wp-json\/wp\/v2\/media?parent=2122"}],"curies":[{"name":"wp","href":"https:\/\/api.w.org\/{rel}","templated":true}]}}