{"id":2088,"date":"2024-03-04T21:11:12","date_gmt":"2024-03-04T21:11:12","guid":{"rendered":"https:\/\/cabarplast.com\/sahte-za-kanalizaciju\/"},"modified":"2024-09-13T13:40:21","modified_gmt":"2024-09-13T13:40:21","slug":"pusetat-plastike-te-kanalizimit","status":"publish","type":"page","link":"https:\/\/cabarplast.com\/sq\/pusetat-plastike-te-kanalizimit\/","title":{"rendered":"Pusetat plastike t\u00eb kanalizimit"},"content":{"rendered":"<div class=\"wpb-content-wrapper\"><p>[vc_row][vc_column width=&#8221;1\/2&#8243;]<style type=\"text\/css\" data-type=\"the7_shortcodes-inline-css\">.gallery-carousel-shortcode.gallery-carousel-shortcode-id-f5443746169e17f873af9a06509a20b1 .owl-nav a {\n  width: 30px;\n  height: 30px;\n  border-radius: 500px;\n}\n.dt-arrow-border-on.gallery-carousel-shortcode.gallery-carousel-shortcode-id-f5443746169e17f873af9a06509a20b1 .owl-nav a:not(:hover):before {\n  border-width: 0px;\n}\n.dt-arrow-hover-border-on.gallery-carousel-shortcode.gallery-carousel-shortcode-id-f5443746169e17f873af9a06509a20b1 .owl-nav a:hover:after {\n  border-width: 0px;\n}\n.gallery-carousel-shortcode.gallery-carousel-shortcode-id-f5443746169e17f873af9a06509a20b1 .owl-nav a.owl-prev {\n  top: calc(100% + 0px);\n  left: -43px;\n}\n.gallery-carousel-shortcode.gallery-carousel-shortcode-id-f5443746169e17f873af9a06509a20b1 .owl-nav a.owl-prev i {\n  padding: 0px 5px 0px 5px;\n}\n.gallery-carousel-shortcode.gallery-carousel-shortcode-id-f5443746169e17f873af9a06509a20b1 .owl-nav a.owl-next {\n  top: calc(100% + 0px);\n  right: -43px;\n}\n.gallery-carousel-shortcode.gallery-carousel-shortcode-id-f5443746169e17f873af9a06509a20b1 .owl-nav a.owl-next i {\n  padding: 0px 5px 0px 5px;\n}\n.gallery-carousel-shortcode.gallery-carousel-shortcode-id-f5443746169e17f873af9a06509a20b1 .owl-nav i {\n  font-size: 15px;\n}\n.gallery-carousel-shortcode.gallery-carousel-shortcode-id-f5443746169e17f873af9a06509a20b1 .owl-nav a:not(:hover) i,\n.gallery-carousel-shortcode.gallery-carousel-shortcode-id-f5443746169e17f873af9a06509a20b1 .owl-nav a:not(:hover) i:before {\n  color: #ffffff;\n  background: none;\n}\n.gallery-carousel-shortcode.gallery-carousel-shortcode-id-f5443746169e17f873af9a06509a20b1 .owl-nav a:hover i,\n.gallery-carousel-shortcode.gallery-carousel-shortcode-id-f5443746169e17f873af9a06509a20b1 .owl-nav a:hover i:before {\n  color: rgba(255,255,255,0.75);\n  background: none;\n}\n.gallery-carousel-shortcode.gallery-carousel-shortcode-id-f5443746169e17f873af9a06509a20b1 .owl-dots {\n  top: calc(100% + 20px);\n  left: 50%;\n  transform: translateX(calc(-50% + 0px));\n}\n@media all and (-ms-high-contrast: none) {\n  .gallery-carousel-shortcode.gallery-carousel-shortcode-id-f5443746169e17f873af9a06509a20b1 .owl-dots {\n    transform: translateX(-50%);\n    margin-left: 0px;\n  }\n}\n.gallery-carousel-shortcode.gallery-carousel-shortcode-id-f5443746169e17f873af9a06509a20b1 .owl-dot {\n  width: 10px;\n  height: 10px;\n  margin: 0 8px;\n}\n@media screen and (max-width: 778px) {\n  .gallery-carousel-shortcode.gallery-carousel-shortcode-id-f5443746169e17f873af9a06509a20b1.hide-arrows .owl-nav a {\n    display: none;\n  }\n}\n@media screen and (max-width: 778px) {\n  .gallery-carousel-shortcode.gallery-carousel-shortcode-id-f5443746169e17f873af9a06509a20b1.reposition-arrows .owl-nav .owl-prev {\n    top: calc(100% + 0px);\n    left: 10px;\n  }\n  .gallery-carousel-shortcode.gallery-carousel-shortcode-id-f5443746169e17f873af9a06509a20b1.reposition-arrows .owl-nav .owl-next {\n    top: calc(100% + 0px);\n    right: 10px;\n  }\n}\n.gallery-carousel-shortcode.gallery-carousel-shortcode-id-f5443746169e17f873af9a06509a20b1 figure,\n.gallery-carousel-shortcode.gallery-carousel-shortcode-id-f5443746169e17f873af9a06509a20b1 .rollover,\n.gallery-carousel-shortcode.gallery-carousel-shortcode-id-f5443746169e17f873af9a06509a20b1 img,\n.gallery-carousel-shortcode.gallery-carousel-shortcode-id-f5443746169e17f873af9a06509a20b1 .gallery-rollover {\n  border-radius: 0px;\n}\n.gallery-carousel-shortcode.gallery-carousel-shortcode-id-f5443746169e17f873af9a06509a20b1.enable-bg-rollover .gallery-rollover {\n  background: -webkit-linear-gradient();\n  background: linear-gradient();\n}\n.gallery-carousel-shortcode.gallery-carousel-shortcode-id-f5443746169e17f873af9a06509a20b1.enable-img-shadow .owl-stage-outer {\n  padding: 14px 0;\n}\n.gallery-carousel-shortcode.gallery-carousel-shortcode-id-f5443746169e17f873af9a06509a20b1.enable-bg-rollover.hover-scale figure .rollover:after {\n  background: -webkit-linear-gradient();\n  background: linear-gradient();\n}\n.gallery-carousel-shortcode.gallery-carousel-shortcode-id-f5443746169e17f873af9a06509a20b1.gallery-shortcode .gallery-zoom-ico {\n  width: 44px;\n  height: 44px;\n  line-height: 44px;\n  border-radius: 100px;\n  margin: -22px 0 0 -22px;\n  border-width: 0px;\n}\n.dt-icon-bg-on.gallery-carousel-shortcode.gallery-carousel-shortcode-id-f5443746169e17f873af9a06509a20b1.gallery-shortcode .gallery-zoom-ico {\n  background: rgba(255,255,255,0.3);\n  box-shadow: none;\n}\n.gallery-carousel-shortcode.gallery-carousel-shortcode-id-f5443746169e17f873af9a06509a20b1.gallery-shortcode .gallery-zoom-ico:before,\n.gallery-carousel-shortcode.gallery-carousel-shortcode-id-f5443746169e17f873af9a06509a20b1.gallery-shortcode .gallery-zoom-ico span {\n  font-size: 32px;\n  line-height: 44px;\n  color: #ffffff;\n  background: none;\n}\n<\/style><div class=\"owl-carousel gallery-carousel-shortcode gallery-shortcode  dt-gallery-container dt-owl-carousel-call gallery-carousel-shortcode-id-f5443746169e17f873af9a06509a20b1 quick-scale-img enable-bg-rollover meta-info-off dt-arrow-border-on dt-arrow-hover-border-on bullets-small-dot-stroke reposition-arrows dt-icon-bg-off arrows-bg-on disable-arrows-hover-bg arrows-hover-bg-on  vc_custom_1713173858852 hover-fade \" data-scroll-mode=\"1\" data-col-num=\"1\" data-wide-col-num=\"1\" data-laptop-col=\"1\" data-h-tablet-columns-num=\"1\" data-v-tablet-columns-num=\"1\" data-phone-columns-num=\"1\" data-col-gap=\"10\" data-stage-padding=\"0\" data-speed=\"600\" data-autoplay=\"false\" data-autoplay_speed=\"6000\" data-arrows=\"true\" data-bullet=\"false\" data-next-icon=\"icon-ar-017-r\" data-prev-icon=\"icon-ar-017-l\" data-img-shadow-size=\"12px\" data-img-shadow-spread=\"3px\"><div data-post-id=\"2089\" data-date=\"2024-04-15T09:37:07+00:00\" data-name=\"Kanalizacione-sahte-1\"><figure class=\"post\"><a href=\"https:\/\/cabarplast.com\/wp-content\/uploads\/2024\/04\/Kanalizacione-sahte-1.jpg\" class=\"rollover dt-pswp-item layzr-bg\" data-large_image_width=\"1080\" data-large_image_height=\"1080\" data-dt-img-description=\"\" title=\"Kanalizacione-sahte-1\"><img fetchpriority=\"high\" decoding=\"async\" class=\"preload-me owl-lazy-load aspect\" src=\"data:image\/svg+xml,%3Csvg%20xmlns%3D&#39;http%3A%2F%2Fwww.w3.org%2F2000%2Fsvg&#39;%20viewBox%3D&#39;0%200%201080%201080&#39;%2F%3E\" data-src=\"https:\/\/cabarplast.com\/wp-content\/uploads\/2024\/04\/Kanalizacione-sahte-1.jpg\" data-srcset=\"https:\/\/cabarplast.com\/wp-content\/uploads\/2024\/04\/Kanalizacione-sahte-1.jpg 1080w\" loading=\"eager\" style=\"--ratio: 1080 \/ 1080\" sizes=\"(max-width: 1080px) 100vw, 1080px\" alt=\"\" width=\"1080\" height=\"1080\"  \/><span class=\"gallery-rollover\"><span class=\"gallery-zoom-ico icomoon-the7-font-the7-zoom-06\"><span><\/span><\/span><\/span><\/a><\/figure><\/div><\/div>[\/vc_column][vc_column width=&#8221;1\/2&#8243; css=&#8221;.vc_custom_1709647368309{border-left-width: 1px !important;padding-right: 30px !important;padding-left: 30px !important;border-left-color: #0e415f !important;border-left-style: solid !important;}&#8221;][vc_column_text css=&#8221;&#8221;]<\/p>\n<h1>Pusetat plastike t\u00eb <strong>kanalizimit<\/strong><\/h1>\n<p>&nbsp;<\/p>\n<p>Pusetat e kanalizimit, t\u00eb njohura ndryshe si dhoma inspektimi, jan\u00eb komponent\u00eb thelb\u00ebsor\u00eb t\u00eb sistemeve t\u00eb kanalizimit q\u00eb ofrojn\u00eb akses p\u00ebr inspektim, mir\u00ebmbajtje dhe pastrim t\u00eb rrjetit t\u00eb kanalizimit. Ato vendosen n\u00eb m\u00ebnyr\u00eb strategjike n\u00eb pika ky\u00e7e t\u00eb sistemit, si\u00e7 jan\u00eb ndryshimet n\u00eb drejtim, pjerr\u00ebsi ose aty ku bashkohen disa tubacione.<\/p>\n<p>Pusetat e kanalizimit jan\u00eb t\u00eb dizajnuara p\u00ebr t\u00eb ofruar nj\u00eb rrug\u00eb t\u00eb sigurt dhe leht\u00ebsisht t\u00eb arritshme p\u00ebr tubat e kanalizimit n\u00ebntok\u00ebsore.[\/vc_column_text][vc_empty_space height=&#8221;20&#8243;]<a href=\"https:\/\/cabarplast.com\/sq\/kontakt\/\" class=\"btn-shortcode dt-btn-m dt-btn default-btn-color default-btn-hover-color default-btn-bg-color default-btn-bg-hover-color\" id=\"dt-btn-1\"><span>Kontaktoni me ne<\/span><\/a>[\/vc_column][\/vc_row][vc_row][vc_column][vc_empty_space height=&#8221;50&#8243;][vc_column_text css=&#8221;.vc_custom_1726234588527{padding-right: 30px !important;padding-left: 30px !important;}&#8221;]<\/p>\n<h2>Dimensionet e pusetave t\u00eb kanalizimit<\/h2>\n<p>Dimensionet e pusetave t\u00eb kanalizimit ndryshojn\u00eb n\u00eb var\u00ebsi t\u00eb k\u00ebrkesave specifike t\u00eb projektit dhe kapacitetit t\u00eb sistemit t\u00eb kanalizimit. Dimensionet standarde p\u00ebrfshijn\u00eb diamet\u00ebr nga 600 mm deri n\u00eb mbi 1200 mm, nd\u00ebrsa lart\u00ebsia varet nga thell\u00ebsia e varrimit dhe mund t\u00eb shkoj\u00eb nga disa metra deri n\u00eb mbi 10 metra p\u00ebr sisteme m\u00eb t\u00eb thella.[\/vc_column_text][vc_empty_space height=&#8221;50&#8243;][\/vc_column][\/vc_row][vc_row full_width=&#8221;stretch_row_content_no_spaces&#8221;][vc_column][vc_column_text]<img loading=\"lazy\" decoding=\"async\" class=\"aligncenter wp-image-232 size-full\" src=\"https:\/\/cabarplast.com\/wp-content\/uploads\/2024\/03\/footer-4.png\" alt=\"\" width=\"1919\" height=\"50\" srcset=\"https:\/\/cabarplast.com\/wp-content\/uploads\/2024\/03\/footer-4.png 1919w, https:\/\/cabarplast.com\/wp-content\/uploads\/2024\/03\/footer-4-300x8.png 300w, https:\/\/cabarplast.com\/wp-content\/uploads\/2024\/03\/footer-4-1024x27.png 1024w, https:\/\/cabarplast.com\/wp-content\/uploads\/2024\/03\/footer-4-768x20.png 768w, https:\/\/cabarplast.com\/wp-content\/uploads\/2024\/03\/footer-4-1536x40.png 1536w\" sizes=\"auto, (max-width: 1919px) 100vw, 1919px\" \/>[\/vc_column_text][\/vc_column][\/vc_row][vc_row full_width=&#8221;stretch_row&#8221; css=&#8221;.vc_custom_1709643894007{background-color: #0e415f !important;}&#8221;][vc_column][vc_column_text css=&#8221;.vc_custom_1726234738208{padding-right: 30px !important;padding-left: 30px !important;}&#8221;]<\/p>\n<h3><span style=\"color: #fcb426;\">Procesi hap pas hapi i instalimit t\u00eb pusetave t\u00eb kanalizimit<\/span><\/h3>\n<ul>\n<li><span style=\"color: #fcb426;\">Planifikimi dhe P\u00ebrgatitja<\/span><span style=\"color: #ffffff;\"> &#8211; P\u00ebrcaktoni vendndodhjen e puset\u00ebs bazuar n\u00eb planin e sistemit t\u00eb kanalizimit dhe g\u00ebrmoni nj\u00eb grop\u00eb me madh\u00ebsin\u00eb e duhur p\u00ebr puset\u00ebn.<\/span><\/li>\n<li><span style=\"color: #fcb426;\">Instalimi i Baz\u00ebs<\/span> <span style=\"color: #ffffff;\">&#8211; Instaloni nj\u00eb baz\u00eb t\u00eb q\u00ebndrueshme dhe t\u00eb niveluar p\u00ebr puset\u00ebn, duke p\u00ebrdorur beton ose nj\u00eb material t\u00eb stabilizuar, p\u00ebr t\u00eb siguruar q\u00eb puseta t\u00eb mbetet e q\u00ebndrueshme dhe e niveluar.<\/span><\/li>\n<li><span style=\"color: #fcb426;\">Instalimi i Pusetave<\/span> <span style=\"color: #ffffff;\">&#8211; Ulni me kujdes puset\u00ebn mbi baz\u00ebn e p\u00ebrgatitur. Pusetat m\u00eb t\u00eb m\u00ebdha mund t\u00eb k\u00ebrkojn\u00eb makineri nd\u00ebrtimi p\u00ebr instalim.<\/span><\/li>\n<li><span style=\"color: #fcb426;\">Lidhja e Tubacionit<\/span> <span style=\"color: #ffffff;\">-Lidhni tubat e kanalizimit me hyrjet dhe daljet e puset\u00ebs. P\u00ebrdorni pajisje dhe guarnicione t\u00eb p\u00ebrshtatshme p\u00ebr nj\u00eb lidhje t\u00eb ngusht\u00eb dhe t\u00eb pap\u00ebrshkueshme nga uji.<br \/>\n<\/span><\/li>\n<li><span style=\"color: #fcb426;\">Kontrollimi dhe Rregullimi<\/span><span style=\"color: #ffffff;\"> &#8211; Sigurohuni q\u00eb puseta t\u00eb jet\u00eb e pozicionuar sakt\u00eb dhe t\u00eb gjitha lidhjet t\u00eb jen\u00eb b\u00ebr\u00eb me sakt\u00ebsi. Rregulloni pozicionin ose lart\u00ebsin\u00eb e puset\u00ebs n\u00ebse \u00ebsht\u00eb e nevojshme.<\/span><\/li>\n<li><span style=\"color: #fcb426;\">Mbushja dhe Mbarimi<\/span> <span style=\"color: #ffffff;\">&#8211; Mbushni gropat rreth puset\u00ebs, duke u siguruar q\u00eb materiali rreth puset\u00ebs t\u00eb jet\u00eb i ngjeshur fort. Vendosni nj\u00eb kapak n\u00eb krye t\u00eb puset\u00ebs p\u00ebr qasje dhe mbrojtje.<\/span><\/li>\n<\/ul>\n<p><span style=\"color: #ffffff;\">Pusetat e kanalizimit jan\u00eb t\u00eb domosdoshme p\u00ebr menaxhimin efikas dhe t\u00eb sigurt t\u00eb sistemit t\u00eb kanalizimit, duke lejuar mir\u00ebmbajtjen e rregullt dhe parandalimin e problemeve t\u00eb mundshme si bllokimet apo d\u00ebmtimet.<\/span>[\/vc_column_text][vc_empty_space height=&#8221;30&#8243;][\/vc_column][\/vc_row][vc_row full_width=&#8221;stretch_row&#8221; css=&#8221;.vc_custom_1709644275584{background-color: #efefef !important;}&#8221;][vc_column][vc_column_text css=&#8221;.vc_custom_1726234772302{padding-right: 30px !important;padding-left: 30px !important;}&#8221;]<\/p>\n<h3>\u00c7far\u00eb jan\u00eb Dhomat e Inspektimit?<\/h3>\n<p>Dhomat e inspektimit jan\u00eb element\u00eb ky\u00e7 t\u00eb sistemeve t\u00eb kanalizimit q\u00eb lejojn\u00eb qasjen p\u00ebr inspektim, mir\u00ebmbajtje dhe nd\u00ebrhyrje n\u00eb tubacionin e kanalizimit. K\u00ebto dhoma zakonisht vendosen aty ku tubacioni ndryshon drejtim, gradient ose diamet\u00ebr dhe ku konvergojn\u00eb disa tubacione. Ato gjithashtu instalohen p\u00ebrgjat\u00eb tubacionit n\u00eb distanca specifike p\u00ebr t\u00eb lejuar qasjen p\u00ebr pastrim ose zhbllokim.<\/p>\n<h3>Dimensionet e Dhomave t\u00eb Inspektimit<\/h3>\n<p>Dimensionet e dhomave t\u00eb inspektimit ndryshojn\u00eb n\u00eb var\u00ebsi t\u00eb nevojave specifike t\u00eb projektit dhe mund t\u00eb p\u00ebrshtaten sipas k\u00ebrkesave. Dimensionet tipike p\u00ebrfshijn\u00eb nj\u00eb diamet\u00ebr t\u00eb brendsh\u00ebm t\u00eb dhom\u00ebs q\u00eb varion nga \u00d8300 mm deri n\u00eb \u00d83200 mm, nd\u00ebrsa lart\u00ebsia e dhom\u00ebs mund t\u00eb rregullohet sipas nevojave t\u00eb projektit, shpesh duke arritur deri n\u00eb 10 metra.<br \/>\n[\/vc_column_text][vc_empty_space height=&#8221;30&#8243;][\/vc_column][\/vc_row][vc_row][vc_column][vc_column_text css=&#8221;.vc_custom_1726234813933{padding-top: 30px !important;padding-right: 30px !important;padding-bottom: 30px !important;padding-left: 30px !important;background-color: #0e415f !important;border-radius: 15px !important;}&#8221;]<\/p>\n<h3><span style=\"color: #fcb426;\">\u00c7far\u00eb jan\u00eb Pusetat Kolektore?<\/span><\/h3>\n<p><span style=\"color: #ffffff;\">Pusetat kolektore jan\u00eb nj\u00eb lloj specifik i dhomave t\u00eb inspektimit t\u00eb p\u00ebrdorura n\u00eb sistemet e kanalizimeve p\u00ebr t\u00eb mbledhur uj\u00ebrat e ndotura nga drejtime t\u00eb shum\u00ebfishta para se t\u00eb transportohen m\u00eb tej p\u00ebrmes tubacionit kryesor. Ato sh\u00ebrbejn\u00eb si pika kryesore p\u00ebr mbledhjen e uj\u00ebrave t\u00eb ndotura dhe shpesh ndodhen aty ku disa tubacione m\u00eb t\u00eb vogla bashkohen n\u00eb nj\u00eb tubacion m\u00eb t\u00eb madh. Megjith\u00ebse pusetat kolektore jan\u00eb t\u00eb ngjashme me dhomat e inspektimit n\u00eb funksion, ato zakonisht jan\u00eb m\u00eb t\u00eb m\u00ebdha p\u00ebr shkak t\u00eb v\u00ebllimit m\u00eb t\u00eb madh t\u00eb uj\u00ebrave t\u00eb ndotura q\u00eb duhet t\u00eb strehojn\u00eb dhe p\u00ebrpunojn\u00eb.<\/span><\/p>\n<h3><span style=\"color: #fcb426;\">Dimensionet e Puset\u00ebs Kolektore<\/span><\/h3>\n<p><span style=\"color: #ffffff;\">Dimensionet e pusetave kolektore varen nga v\u00ebllimi i pritsh\u00ebm i uj\u00ebrave t\u00eb ndotura q\u00eb puseta duhet t\u00eb strehoj\u00eb dhe nga numri i tubacioneve q\u00eb derdhen n\u00eb t\u00eb. Diametri i pusetave kolektore mund t\u00eb jet\u00eb m\u00eb i madh n\u00eb krahasim me dhomat standarde t\u00eb inspektimit dhe shpesh ndryshon n\u00eb baz\u00eb t\u00eb nevojave t\u00eb projektimit. Lart\u00ebsia e puset\u00ebs mund t\u00eb rregullohet n\u00eb baz\u00eb t\u00eb thell\u00ebsis\u00eb s\u00eb varrimit dhe kushteve t\u00eb terrenit.<\/span>[\/vc_column_text][vc_column_text][\/vc_column_text][vc_empty_space][\/vc_column][\/vc_row][vc_row full_width=&#8221;stretch_row_content_no_spaces&#8221;][vc_column][vc_column_text]<img loading=\"lazy\" decoding=\"async\" class=\"aligncenter wp-image-232 size-full\" src=\"https:\/\/cabarplast.com\/wp-content\/uploads\/2024\/03\/footer-4.png\" alt=\"\" width=\"1919\" height=\"50\" srcset=\"https:\/\/cabarplast.com\/wp-content\/uploads\/2024\/03\/footer-4.png 1919w, https:\/\/cabarplast.com\/wp-content\/uploads\/2024\/03\/footer-4-300x8.png 300w, https:\/\/cabarplast.com\/wp-content\/uploads\/2024\/03\/footer-4-1024x27.png 1024w, https:\/\/cabarplast.com\/wp-content\/uploads\/2024\/03\/footer-4-768x20.png 768w, https:\/\/cabarplast.com\/wp-content\/uploads\/2024\/03\/footer-4-1536x40.png 1536w\" sizes=\"auto, (max-width: 1919px) 100vw, 1919px\" \/>[\/vc_column_text][\/vc_column][\/vc_row]<\/p>\n<\/div>","protected":false},"excerpt":{"rendered":"<p>[vc_row][vc_column width=&#8221;1\/2&#8243;][\/vc_column][vc_column width=&#8221;1\/2&#8243; css=&#8221;.vc_custom_1709647368309{border-left-width: 1px !important;padding-right: 30px !important;padding-left: 30px !important;border-left-color: #0e415f !important;border-left-style: solid !important;}&#8221;][vc_column_text css=&#8221;&#8221;] Pusetat plastike t\u00eb kanalizimit &nbsp; Pusetat e kanalizimit, t\u00eb njohura ndryshe si dhoma inspektimi, jan\u00eb komponent\u00eb thelb\u00ebsor\u00eb t\u00eb sistemeve t\u00eb kanalizimit q\u00eb ofrojn\u00eb akses p\u00ebr inspektim, mir\u00ebmbajtje dhe pastrim t\u00eb rrjetit t\u00eb kanalizimit. Ato vendosen n\u00eb m\u00ebnyr\u00eb strategjike n\u00eb pika&hellip;<\/p>\n","protected":false},"author":1,"featured_media":0,"parent":0,"menu_order":0,"comment_status":"closed","ping_status":"closed","template":"","meta":{"footnotes":""},"class_list":["post-2088","page","type-page","status-publish","hentry","description-off"],"_links":{"self":[{"href":"https:\/\/cabarplast.com\/sq\/wp-json\/wp\/v2\/pages\/2088","targetHints":{"allow":["GET"]}}],"collection":[{"href":"https:\/\/cabarplast.com\/sq\/wp-json\/wp\/v2\/pages"}],"about":[{"href":"https:\/\/cabarplast.com\/sq\/wp-json\/wp\/v2\/types\/page"}],"author":[{"embeddable":true,"href":"https:\/\/cabarplast.com\/sq\/wp-json\/wp\/v2\/users\/1"}],"replies":[{"embeddable":true,"href":"https:\/\/cabarplast.com\/sq\/wp-json\/wp\/v2\/comments?post=2088"}],"version-history":[{"count":2,"href":"https:\/\/cabarplast.com\/sq\/wp-json\/wp\/v2\/pages\/2088\/revisions"}],"predecessor-version":[{"id":2091,"href":"https:\/\/cabarplast.com\/sq\/wp-json\/wp\/v2\/pages\/2088\/revisions\/2091"}],"wp:attachment":[{"href":"https:\/\/cabarplast.com\/sq\/wp-json\/wp\/v2\/media?parent=2088"}],"curies":[{"name":"wp","href":"https:\/\/api.w.org\/{rel}","templated":true}]}}