{"id":2084,"date":"2024-03-04T21:11:22","date_gmt":"2024-03-04T21:11:22","guid":{"rendered":"https:\/\/cabarplast.com\/separatori\/"},"modified":"2024-10-14T20:34:25","modified_gmt":"2024-10-14T20:34:25","slug":"ndaresit","status":"publish","type":"page","link":"https:\/\/cabarplast.com\/sq\/ndaresit\/","title":{"rendered":"Ndar\u00ebsit"},"content":{"rendered":"<div class=\"wpb-content-wrapper\"><p>[vc_row][vc_column css=&#8221;.vc_custom_1710099881337{padding-right: 30px !important;padding-left: 30px !important;}&#8221;][vc_column_text css=&#8221;&#8221;]<\/p>\n<h1>Ndar\u00ebsit<\/h1>\n<p>Ndar\u00ebsit e yndyr\u00ebs, vajit dhe derivateve t\u00eb naft\u00ebs jan\u00eb nj\u00ebsi t\u00eb specializuara q\u00eb p\u00ebrdorin metoda t\u00eb ndryshme (si graviteti, koalescenca ose flotimi) p\u00ebr t\u00eb ndar\u00eb dhe mbajtur l\u00ebnd\u00eb organike q\u00eb jan\u00eb m\u00eb t\u00eb lehta se uji. K\u00ebto pajisje jan\u00eb thelb\u00ebsore n\u00eb objekte ku p\u00ebrpunohen ose p\u00ebrgatisin materiale q\u00eb p\u00ebrmbajn\u00eb yndyrna dhe vajra, si restorante, lavazhe makinash, pika karburanti, fabrika industriale etj.<br \/>\n[\/vc_column_text][vc_empty_space height=&#8221;50&#8243;][\/vc_column][\/vc_row][vc_row][vc_column][vc_row_inner][vc_column_inner width=&#8221;2\/3&#8243; css=&#8221;.vc_custom_1710101124194{border-left-width: 1px !important;padding-right: 30px !important;padding-left: 30px !important;border-left-color: #0e415f !important;border-left-style: solid !important;}&#8221;][vc_column_text css=&#8221;&#8221;]<\/p>\n<p style=\"font-size: 25px;\">Ndar\u00ebsit e Yndyr\u00ebs dhe Vajit<\/p>\n<p>&nbsp;<\/p>\n<p>N\u00eb rrjedhat e jet\u00ebs bashk\u00ebkohore ku ka k\u00ebrkes\u00eb p\u00ebr rritje t\u00eb kujdesit ndaj mbrojtjes s\u00eb mjedisit dhe q\u00ebndrueshm\u00ebris\u00eb, ndar\u00ebsit e yndyr\u00ebs dhe vajit mund t\u00eb luajn\u00eb nj\u00eb rol vendimtar n\u00eb pastrimin e uj\u00ebrave t\u00eb ndotura. [\/vc_column_text][vc_empty_space height=&#8221;20&#8243;]<a href=\"https:\/\/cabarplast.com\/sq\/ndaresit-e-yndyres-dhe-vajit\/\" class=\"btn-shortcode dt-btn-m dt-btn default-btn-color default-btn-hover-color default-btn-bg-color default-btn-bg-hover-color\" id=\"dt-btn-1\"><span>Shih m\u00eb shum\u00eb<\/span><\/a>[\/vc_column_inner][vc_column_inner width=&#8221;1\/3&#8243;][vc_column_text css=&#8221;&#8221;]<a href=\"https:\/\/cabarplast.com\/sq\/ndaresit-e-yndyres-dhe-vajit\/\"><img loading=\"lazy\" decoding=\"async\" class=\"wp-image-1032 size-medium aligncenter\" src=\"https:\/\/cabarplast.com\/wp-content\/uploads\/2024\/04\/Separatori-masti-i-ulja-300x300.jpg\" alt=\"\" width=\"300\" height=\"300\" srcset=\"https:\/\/cabarplast.com\/wp-content\/uploads\/2024\/04\/Separatori-masti-i-ulja-300x300.jpg 300w, https:\/\/cabarplast.com\/wp-content\/uploads\/2024\/04\/Separatori-masti-i-ulja-1024x1024.jpg 1024w, https:\/\/cabarplast.com\/wp-content\/uploads\/2024\/04\/Separatori-masti-i-ulja-150x150.jpg 150w, https:\/\/cabarplast.com\/wp-content\/uploads\/2024\/04\/Separatori-masti-i-ulja-768x768.jpg 768w, https:\/\/cabarplast.com\/wp-content\/uploads\/2024\/04\/Separatori-masti-i-ulja.jpg 1080w\" sizes=\"auto, (max-width: 300px) 100vw, 300px\" \/><\/a>[\/vc_column_text][\/vc_column_inner][\/vc_row_inner][vc_empty_space height=&#8221;30&#8243;][vc_row_inner][vc_column_inner width=&#8221;1\/3&#8243;][vc_column_text css=&#8221;&#8221;]<a href=\"https:\/\/cabarplast.com\/sq\/ndaresit-e-vajit-dhe-derivateve-te-naftes\/\"><img loading=\"lazy\" decoding=\"async\" class=\"wp-image-992 size-medium aligncenter\" src=\"https:\/\/cabarplast.com\/wp-content\/uploads\/2024\/04\/Separatori-masti-i-ulja-2-300x300.jpg\" alt=\"\" width=\"300\" height=\"300\" srcset=\"https:\/\/cabarplast.com\/wp-content\/uploads\/2024\/04\/Separatori-masti-i-ulja-2-300x300.jpg 300w, https:\/\/cabarplast.com\/wp-content\/uploads\/2024\/04\/Separatori-masti-i-ulja-2-1024x1024.jpg 1024w, https:\/\/cabarplast.com\/wp-content\/uploads\/2024\/04\/Separatori-masti-i-ulja-2-150x150.jpg 150w, https:\/\/cabarplast.com\/wp-content\/uploads\/2024\/04\/Separatori-masti-i-ulja-2-768x768.jpg 768w, https:\/\/cabarplast.com\/wp-content\/uploads\/2024\/04\/Separatori-masti-i-ulja-2.jpg 1080w\" sizes=\"auto, (max-width: 300px) 100vw, 300px\" \/><\/a>[\/vc_column_text][\/vc_column_inner][vc_column_inner width=&#8221;2\/3&#8243; css=&#8221;.vc_custom_1710101146731{border-left-width: 1px !important;padding-right: 30px !important;padding-left: 30px !important;border-left-color: #0e415f !important;border-left-style: solid !important;}&#8221;][vc_column_text css=&#8221;&#8221;]<\/p>\n<p style=\"font-size: 25px;\">Ndar\u00ebsit e vajit dhe derivateve t\u00eb naft\u00ebs<\/p>\n<p>&nbsp;<\/p>\n<p>Ndar\u00ebsit e derivateve t\u00eb naft\u00ebs jan\u00eb pajisje t\u00eb specializuara t\u00eb dizajnuara p\u00ebr heqjen efikase t\u00eb naft\u00ebs, benzin\u00ebs dhe derivateve t\u00eb tjera t\u00eb naft\u00ebs nga uj\u00ebrat e ndotura.[\/vc_column_text][vc_empty_space height=&#8221;20&#8243;]<a href=\"https:\/\/cabarplast.com\/sq\/ndaresit-e-vajit-dhe-derivateve-te-naftes\/\" class=\"btn-shortcode dt-btn-m dt-btn default-btn-color default-btn-hover-color default-btn-bg-color default-btn-bg-hover-color\" id=\"dt-btn-2\"><span>Shih m\u00eb shum\u00eb<\/span><\/a>[\/vc_column_inner][\/vc_row_inner][vc_empty_space height=&#8221;30&#8243;][\/vc_column][\/vc_row][vc_row][vc_column][vc_column_text css=&#8221;&#8221;]<\/p>\n<h2>R\u00ebnd\u00ebsia e Ndar\u00ebsve p\u00ebr Ruajtjen e Mjedisit:<\/h2>\n<ul>\n<li>Ndar\u00ebsit parandalojn\u00eb q\u00eb yndyrnat dhe vajrat t\u00eb hyjn\u00eb n\u00eb uj\u00ebrat e zeza dhe uj\u00ebsjell\u00ebsat, ku ato mund t\u00eb shkaktojn\u00eb ndotje t\u00eb konsiderueshme dhe d\u00ebmtim t\u00eb ekosistemeve.<\/li>\n<li>Uj\u00ebrat e pastra jan\u00eb vendimtare p\u00ebr ruajtjen e biodiversitetit, dhe ndar\u00ebsit ndihmojn\u00eb n\u00eb ruajtjen e cil\u00ebsis\u00eb s\u00eb uj\u00ebrave n\u00eb habitatet natyrore.<\/li>\n<li>Ato mbrojn\u00eb infrastruktur\u00ebn e uj\u00ebrave t\u00eb zeza nga bllokimi dhe d\u00ebmtimi, t\u00eb cilat mund t\u00eb \u00e7ojn\u00eb n\u00eb riparime t\u00eb kushtueshme dhe nd\u00ebrprerje t\u00eb funksionimit.<\/li>\n<\/ul>\n<p>&nbsp;<\/p>\n<h3>Karakteristikat e Ndar\u00ebsve:<\/h3>\n<ul>\n<li>Ndar\u00ebsit modern\u00eb jan\u00eb shum\u00eb efikas\u00eb dhe t\u00eb aft\u00eb p\u00ebr t\u00eb p\u00ebrpunuar volume t\u00eb m\u00ebdha t\u00eb uj\u00ebrave t\u00eb ndotura, duke ndar\u00eb n\u00eb m\u00ebnyr\u00eb efektive ndot\u00ebsit.<\/li>\n<li>Ata jan\u00eb t\u00eb dizajnuar p\u00ebr t&#8217;u p\u00ebrshtatur me nevojat specifike t\u00eb industrive dhe aplikacioneve t\u00eb ndryshme.<\/li>\n<li>T\u00eb b\u00ebra nga materiale t\u00eb q\u00ebndrueshme q\u00eb sigurojn\u00eb p\u00ebrdorim afatgjat\u00eb dhe rezistenc\u00eb ndaj korrozionit dhe d\u00ebmtimeve mekanike.<\/li>\n<li>Shumica e ndar\u00ebsve jan\u00eb projektuar p\u00ebr t\u00eb leht\u00ebsuar aksesin dhe mir\u00ebmbajtjen, p\u00ebrfshir\u00eb heqjen e leht\u00eb t\u00eb yndyrnave dhe vajrave t\u00eb akumuluara.<\/li>\n<li>Materialet e p\u00ebrdorura p\u00ebr nd\u00ebrtimin e ndar\u00ebsve jan\u00eb miq\u00ebsore me mjedisin dhe shpesh t\u00eb riciklueshme, duke zvog\u00ebluar gjurm\u00ebn ekologjike.<\/li>\n<\/ul>\n<p>[\/vc_column_text][vc_empty_space][\/vc_column][\/vc_row][vc_row][vc_column][vc_column_text css=&#8221;.vc_custom_1726233793180{padding-top: 30px !important;padding-right: 30px !important;padding-bottom: 30px !important;padding-left: 30px !important;background-color: #0e415f !important;border-radius: 15px !important;}&#8221;]<span style=\"color: #ffffff;\">Duke zbatuar ndar\u00ebsit e yndyr\u00ebs, vajit dhe derivateve t\u00eb naft\u00ebs, industrit\u00eb dhe sh\u00ebrbimet komunale marrin nj\u00eb rol aktiv n\u00eb mbrojtjen e mjedisit dhe promovojn\u00eb q\u00ebndrueshm\u00ebrin\u00eb p\u00ebrmes menaxhimit t\u00eb p\u00ebrgjegjsh\u00ebm t\u00eb uj\u00ebrave t\u00eb ndotura.<\/span>[\/vc_column_text][vc_empty_space][\/vc_column][\/vc_row][vc_row full_width=&#8221;stretch_row_content_no_spaces&#8221;][vc_column][vc_column_text]<img loading=\"lazy\" decoding=\"async\" class=\"aligncenter wp-image-232 size-full\" src=\"https:\/\/cabarplast.com\/wp-content\/uploads\/2024\/03\/footer-4.png\" alt=\"\" width=\"1919\" height=\"50\" srcset=\"https:\/\/cabarplast.com\/wp-content\/uploads\/2024\/03\/footer-4.png 1919w, https:\/\/cabarplast.com\/wp-content\/uploads\/2024\/03\/footer-4-300x8.png 300w, https:\/\/cabarplast.com\/wp-content\/uploads\/2024\/03\/footer-4-1024x27.png 1024w, https:\/\/cabarplast.com\/wp-content\/uploads\/2024\/03\/footer-4-768x20.png 768w, https:\/\/cabarplast.com\/wp-content\/uploads\/2024\/03\/footer-4-1536x40.png 1536w\" sizes=\"auto, (max-width: 1919px) 100vw, 1919px\" \/>[\/vc_column_text][\/vc_column][\/vc_row]<\/p>\n<\/div>","protected":false},"excerpt":{"rendered":"<p>[vc_row][vc_column css=&#8221;.vc_custom_1710099881337{padding-right: 30px !important;padding-left: 30px !important;}&#8221;][vc_column_text css=&#8221;&#8221;] Ndar\u00ebsit Ndar\u00ebsit e yndyr\u00ebs, vajit dhe derivateve t\u00eb naft\u00ebs jan\u00eb nj\u00ebsi t\u00eb specializuara q\u00eb p\u00ebrdorin metoda t\u00eb ndryshme (si graviteti, koalescenca ose flotimi) p\u00ebr t\u00eb ndar\u00eb dhe mbajtur l\u00ebnd\u00eb organike q\u00eb jan\u00eb m\u00eb t\u00eb lehta se uji. K\u00ebto pajisje jan\u00eb thelb\u00ebsore n\u00eb objekte ku p\u00ebrpunohen ose p\u00ebrgatisin materiale&hellip;<\/p>\n","protected":false},"author":1,"featured_media":0,"parent":0,"menu_order":0,"comment_status":"closed","ping_status":"closed","template":"","meta":{"footnotes":""},"class_list":["post-2084","page","type-page","status-publish","hentry","description-off"],"_links":{"self":[{"href":"https:\/\/cabarplast.com\/sq\/wp-json\/wp\/v2\/pages\/2084","targetHints":{"allow":["GET"]}}],"collection":[{"href":"https:\/\/cabarplast.com\/sq\/wp-json\/wp\/v2\/pages"}],"about":[{"href":"https:\/\/cabarplast.com\/sq\/wp-json\/wp\/v2\/types\/page"}],"author":[{"embeddable":true,"href":"https:\/\/cabarplast.com\/sq\/wp-json\/wp\/v2\/users\/1"}],"replies":[{"embeddable":true,"href":"https:\/\/cabarplast.com\/sq\/wp-json\/wp\/v2\/comments?post=2084"}],"version-history":[{"count":2,"href":"https:\/\/cabarplast.com\/sq\/wp-json\/wp\/v2\/pages\/2084\/revisions"}],"predecessor-version":[{"id":2086,"href":"https:\/\/cabarplast.com\/sq\/wp-json\/wp\/v2\/pages\/2084\/revisions\/2086"}],"wp:attachment":[{"href":"https:\/\/cabarplast.com\/sq\/wp-json\/wp\/v2\/media?parent=2084"}],"curies":[{"name":"wp","href":"https:\/\/api.w.org\/{rel}","templated":true}]}}