{"id":2053,"date":"2024-03-04T21:13:36","date_gmt":"2024-03-04T21:13:36","guid":{"rendered":"https:\/\/cabarplast.com\/plasticne-kace\/"},"modified":"2024-10-14T20:36:48","modified_gmt":"2024-10-14T20:36:48","slug":"fuci-plastike","status":"publish","type":"page","link":"https:\/\/cabarplast.com\/sq\/fuci-plastike\/","title":{"rendered":"Fu\u00e7i"},"content":{"rendered":"<div class=\"wpb-content-wrapper\"><p>[vc_row][vc_column css=&#8221;.vc_custom_1710099881337{padding-right: 30px !important;padding-left: 30px !important;}&#8221;][vc_column_text css=&#8221;&#8221;]<\/p>\n<h1>Fu\u00e7i Plastike<\/h1>\n<p>Fu\u00e7it plastike t\u00eb \u00c7abar Plast jan\u00eb t\u00eb dizajnuara p\u00ebr ruajtjen dhe transportimin e l\u00ebngjeve t\u00eb ndryshme, p\u00ebrfshir\u00eb uj\u00eb, ver\u00eb, rakit\u00eb (l\u00ebngu i fermentuar i frutave) dhe l\u00ebngje t\u00eb tjera. K\u00ebto fu\u00e7i jan\u00eb b\u00ebr\u00eb nga plastika me cil\u00ebsi t\u00eb lart\u00eb, si\u00e7 \u00ebsht\u00eb polietileni me densitet t\u00eb lart\u00eb (HDPE), i njohur p\u00ebr forc\u00ebn, rezistenc\u00ebn kimike dhe q\u00ebndrueshm\u00ebrin\u00eb e tij. Ja pse fu\u00e7it plastike t\u00eb \u00c7abar Plast jan\u00eb nj\u00eb zgjedhje e mir\u00eb:<br \/>\n[\/vc_column_text][vc_empty_space height=&#8221;50&#8243;][\/vc_column][\/vc_row][vc_row][vc_column][vc_row_inner][vc_column_inner width=&#8221;2\/3&#8243; css=&#8221;.vc_custom_1710101124194{border-left-width: 1px !important;padding-right: 30px !important;padding-left: 30px !important;border-left-color: #0e415f !important;border-left-style: solid !important;}&#8221;][vc_column_text css=&#8221;&#8221;]<\/p>\n<p style=\"font-size: 25px;\">Fu\u00e7i Plastike p\u00ebr <strong>Uj\u00eb<\/strong><\/p>\n<p>&nbsp;<\/p>\n<p>Ato jan\u00eb ideale p\u00ebr ruajtjen e ujit t\u00eb pijsh\u00ebm, duke ofruar nj\u00eb zgjidhje t\u00eb sigurt dhe higjienike p\u00ebr familjet, fermat bujq\u00ebsore dhe vendet e tjera ku ruajtja e ujit \u00ebsht\u00eb e nevojshme.[\/vc_column_text][vc_empty_space height=&#8221;20&#8243;]<a href=\"https:\/\/cabarplast.com\/sq\/fuci-plastike-per-uje\/\" class=\"btn-shortcode dt-btn-m dt-btn default-btn-color default-btn-hover-color default-btn-bg-color default-btn-bg-hover-color\" id=\"dt-btn-1\"><span>Shih m\u00eb shum\u00eb<\/span><\/a>[\/vc_column_inner][vc_column_inner width=&#8221;1\/3&#8243;][vc_column_text]<a href=\"https:\/\/cabarplast.com\/sq\/fuci-plastike-per-uje\/\"><img loading=\"lazy\" decoding=\"async\" class=\"wp-image-773 size-medium aligncenter\" src=\"https:\/\/cabarplast.com\/wp-content\/uploads\/2024\/03\/Kace-za-vodu-i-kominu-7-300x300.jpg\" alt=\"\" width=\"300\" height=\"300\" srcset=\"https:\/\/cabarplast.com\/wp-content\/uploads\/2024\/03\/Kace-za-vodu-i-kominu-7-300x300.jpg 300w, https:\/\/cabarplast.com\/wp-content\/uploads\/2024\/03\/Kace-za-vodu-i-kominu-7-1024x1024.jpg 1024w, https:\/\/cabarplast.com\/wp-content\/uploads\/2024\/03\/Kace-za-vodu-i-kominu-7-150x150.jpg 150w, https:\/\/cabarplast.com\/wp-content\/uploads\/2024\/03\/Kace-za-vodu-i-kominu-7-768x768.jpg 768w, https:\/\/cabarplast.com\/wp-content\/uploads\/2024\/03\/Kace-za-vodu-i-kominu-7.jpg 1080w\" sizes=\"auto, (max-width: 300px) 100vw, 300px\" \/><\/a>[\/vc_column_text][\/vc_column_inner][\/vc_row_inner][vc_empty_space height=&#8221;30&#8243;][vc_row_inner][vc_column_inner width=&#8221;1\/3&#8243;][vc_column_text]<a href=\"https:\/\/cabarplast.com\/sq\/fuci-plastike-per-vere\/\"><img loading=\"lazy\" decoding=\"async\" class=\"wp-image-758 size-medium aligncenter\" src=\"https:\/\/cabarplast.com\/wp-content\/uploads\/2024\/03\/Plasticne-kace-za-vino-1-300x300.jpg\" alt=\"\" width=\"300\" height=\"300\" srcset=\"https:\/\/cabarplast.com\/wp-content\/uploads\/2024\/03\/Plasticne-kace-za-vino-1-300x300.jpg 300w, https:\/\/cabarplast.com\/wp-content\/uploads\/2024\/03\/Plasticne-kace-za-vino-1-1024x1024.jpg 1024w, https:\/\/cabarplast.com\/wp-content\/uploads\/2024\/03\/Plasticne-kace-za-vino-1-150x150.jpg 150w, https:\/\/cabarplast.com\/wp-content\/uploads\/2024\/03\/Plasticne-kace-za-vino-1-768x768.jpg 768w, https:\/\/cabarplast.com\/wp-content\/uploads\/2024\/03\/Plasticne-kace-za-vino-1.jpg 1080w\" sizes=\"auto, (max-width: 300px) 100vw, 300px\" \/><\/a>[\/vc_column_text][\/vc_column_inner][vc_column_inner width=&#8221;2\/3&#8243; css=&#8221;.vc_custom_1710101146731{border-left-width: 1px !important;padding-right: 30px !important;padding-left: 30px !important;border-left-color: #0e415f !important;border-left-style: solid !important;}&#8221;][vc_column_text css=&#8221;&#8221;]<\/p>\n<p style=\"font-size: 25px;\">Fu\u00e7i Plastike p\u00ebr <strong>Ver\u00eb<\/strong><\/p>\n<p>&nbsp;<\/p>\n<p>T\u00eb dizajnuara posa\u00e7\u00ebrisht p\u00ebr fermentimin dhe ruajtjen e ver\u00ebs, k\u00ebto fu\u00e7i lejojn\u00eb kontrollin mbi procesin e fermentimit dhe plakjes, duke ruajtur cil\u00ebsin\u00eb dhe shijen e ver\u00ebs.[\/vc_column_text][vc_empty_space height=&#8221;20&#8243;]<a href=\"https:\/\/cabarplast.com\/sq\/fuci-plastike-per-vere\/\" class=\"btn-shortcode dt-btn-m dt-btn default-btn-color default-btn-hover-color default-btn-bg-color default-btn-bg-hover-color\" id=\"dt-btn-2\"><span>Shih m\u00eb shum\u00eb<\/span><\/a>[\/vc_column_inner][\/vc_row_inner][vc_empty_space height=&#8221;30&#8243;][vc_row_inner][vc_column_inner width=&#8221;2\/3&#8243; css=&#8221;.vc_custom_1710101124194{border-left-width: 1px !important;padding-right: 30px !important;padding-left: 30px !important;border-left-color: #0e415f !important;border-left-style: solid !important;}&#8221;][vc_column_text css=&#8221;&#8221;]<\/p>\n<p style=\"font-size: 25px;\">Fu\u00e7i Plastike p\u00ebr <strong>Fermentim<\/strong><\/p>\n<p>&nbsp;<\/p>\n<p>Ato ofrojn\u00eb nj\u00eb zgjidhje t\u00eb shk\u00eblqyer p\u00ebr fermentimin e l\u00ebngjeve t\u00eb frutave, duke mund\u00ebsuar prodhimin e rakis\u00eb me cil\u00ebsi t\u00eb lart\u00eb p\u00ebrmes nj\u00eb procesi t\u00eb kontrolluar t\u00eb fermentimit n\u00eb kushte higjienike.<br \/>\n[\/vc_column_text][vc_empty_space height=&#8221;20&#8243;]<a href=\"https:\/\/cabarplast.com\/sq\/fuci-plastike-per-fermentim\/\" class=\"btn-shortcode dt-btn-m dt-btn default-btn-color default-btn-hover-color default-btn-bg-color default-btn-bg-hover-color\" id=\"dt-btn-3\"><span>Shih m\u00eb shum\u00eb<\/span><\/a>[\/vc_column_inner][vc_column_inner width=&#8221;1\/3&#8243;][vc_column_text]<a href=\"https:\/\/cabarplast.com\/sq\/fuci-plastike-per-fermentim\/\"><img loading=\"lazy\" decoding=\"async\" class=\"wp-image-767 size-medium aligncenter\" src=\"https:\/\/cabarplast.com\/wp-content\/uploads\/2024\/03\/Kace-za-vodu-i-kominu-1-300x300.jpg\" alt=\"\" width=\"300\" height=\"300\" srcset=\"https:\/\/cabarplast.com\/wp-content\/uploads\/2024\/03\/Kace-za-vodu-i-kominu-1-300x300.jpg 300w, https:\/\/cabarplast.com\/wp-content\/uploads\/2024\/03\/Kace-za-vodu-i-kominu-1-1024x1024.jpg 1024w, https:\/\/cabarplast.com\/wp-content\/uploads\/2024\/03\/Kace-za-vodu-i-kominu-1-150x150.jpg 150w, https:\/\/cabarplast.com\/wp-content\/uploads\/2024\/03\/Kace-za-vodu-i-kominu-1-768x768.jpg 768w, https:\/\/cabarplast.com\/wp-content\/uploads\/2024\/03\/Kace-za-vodu-i-kominu-1.jpg 1080w\" sizes=\"auto, (max-width: 300px) 100vw, 300px\" \/><\/a>[\/vc_column_text][\/vc_column_inner][\/vc_row_inner][vc_empty_space height=&#8221;30&#8243;][\/vc_column][\/vc_row][vc_row][vc_column][vc_column_text css=&#8221;&#8221;]Avantazhet e fu\u00e7ive plastike t\u00eb \u00c7abar Plast p\u00ebrfshijn\u00eb leht\u00ebsin\u00eb, q\u00ebndrueshm\u00ebrin\u00eb, rezistenc\u00ebn ndaj korrozionit dhe leht\u00ebsin\u00eb e mir\u00ebmbajtjes. P\u00ebrve\u00e7 k\u00ebsaj, ato shpesh jan\u00eb t\u00eb stabilizuara ndaj rrezeve UV, duke i b\u00ebr\u00eb t\u00eb p\u00ebrshtatshme p\u00ebr p\u00ebrdorim jasht\u00eb pa frik\u00ebn e degradimit nga drita e diellit.<\/p>\n<p>Fal\u00eb k\u00ebtyre ve\u00e7orive, fu\u00e7it plastike t\u00eb \u010cabar Plast p\u00ebrfaq\u00ebsojn\u00eb nj\u00eb zgjidhje t\u00eb q\u00ebndrueshme, me kosto efektive dhe miq\u00ebsore ndaj mjedisit p\u00ebr nevojat e ndryshme t\u00eb ruajtjes s\u00eb l\u00ebngjeve. Fu\u00e7it mund t\u00eb jen\u00eb me ose pa kapak.<br \/>\n[\/vc_column_text][vc_empty_space][\/vc_column][\/vc_row][vc_row][vc_column][vc_empty_space][\/vc_column][\/vc_row][vc_row full_width=&#8221;stretch_row_content_no_spaces&#8221;][vc_column][vc_column_text]<img loading=\"lazy\" decoding=\"async\" class=\"aligncenter wp-image-232 size-full\" src=\"https:\/\/cabarplast.com\/wp-content\/uploads\/2024\/03\/footer-4.png\" alt=\"\" width=\"1919\" height=\"50\" srcset=\"https:\/\/cabarplast.com\/wp-content\/uploads\/2024\/03\/footer-4.png 1919w, https:\/\/cabarplast.com\/wp-content\/uploads\/2024\/03\/footer-4-300x8.png 300w, https:\/\/cabarplast.com\/wp-content\/uploads\/2024\/03\/footer-4-1024x27.png 1024w, https:\/\/cabarplast.com\/wp-content\/uploads\/2024\/03\/footer-4-768x20.png 768w, https:\/\/cabarplast.com\/wp-content\/uploads\/2024\/03\/footer-4-1536x40.png 1536w\" sizes=\"auto, (max-width: 1919px) 100vw, 1919px\" \/>[\/vc_column_text][\/vc_column][\/vc_row]<\/p>\n<\/div>","protected":false},"excerpt":{"rendered":"<p>[vc_row][vc_column css=&#8221;.vc_custom_1710099881337{padding-right: 30px !important;padding-left: 30px !important;}&#8221;][vc_column_text css=&#8221;&#8221;] Fu\u00e7i Plastike Fu\u00e7it plastike t\u00eb \u00c7abar Plast jan\u00eb t\u00eb dizajnuara p\u00ebr ruajtjen dhe transportimin e l\u00ebngjeve t\u00eb ndryshme, p\u00ebrfshir\u00eb uj\u00eb, ver\u00eb, rakit\u00eb (l\u00ebngu i fermentuar i frutave) dhe l\u00ebngje t\u00eb tjera. K\u00ebto fu\u00e7i jan\u00eb b\u00ebr\u00eb nga plastika me cil\u00ebsi t\u00eb lart\u00eb, si\u00e7 \u00ebsht\u00eb polietileni me densitet t\u00eb lart\u00eb&hellip;<\/p>\n","protected":false},"author":1,"featured_media":0,"parent":0,"menu_order":0,"comment_status":"closed","ping_status":"closed","template":"","meta":{"footnotes":""},"class_list":["post-2053","page","type-page","status-publish","hentry","description-off"],"_links":{"self":[{"href":"https:\/\/cabarplast.com\/sq\/wp-json\/wp\/v2\/pages\/2053","targetHints":{"allow":["GET"]}}],"collection":[{"href":"https:\/\/cabarplast.com\/sq\/wp-json\/wp\/v2\/pages"}],"about":[{"href":"https:\/\/cabarplast.com\/sq\/wp-json\/wp\/v2\/types\/page"}],"author":[{"embeddable":true,"href":"https:\/\/cabarplast.com\/sq\/wp-json\/wp\/v2\/users\/1"}],"replies":[{"embeddable":true,"href":"https:\/\/cabarplast.com\/sq\/wp-json\/wp\/v2\/comments?post=2053"}],"version-history":[{"count":3,"href":"https:\/\/cabarplast.com\/sq\/wp-json\/wp\/v2\/pages\/2053\/revisions"}],"predecessor-version":[{"id":2346,"href":"https:\/\/cabarplast.com\/sq\/wp-json\/wp\/v2\/pages\/2053\/revisions\/2346"}],"wp:attachment":[{"href":"https:\/\/cabarplast.com\/sq\/wp-json\/wp\/v2\/media?parent=2053"}],"curies":[{"name":"wp","href":"https:\/\/api.w.org\/{rel}","templated":true}]}}