{"id":2009,"date":"2024-03-04T21:14:17","date_gmt":"2024-03-04T21:14:17","guid":{"rendered":"https:\/\/cabarplast.com\/plasticne-cevi\/"},"modified":"2024-10-14T20:40:29","modified_gmt":"2024-10-14T20:40:29","slug":"tuba-plastike-me-permasa-te-medha","status":"publish","type":"page","link":"https:\/\/cabarplast.com\/sq\/tuba-plastike-me-permasa-te-medha\/","title":{"rendered":"Tuba"},"content":{"rendered":"<div class=\"wpb-content-wrapper\"><p>[vc_row][vc_column css=&#8221;.vc_custom_1710099881337{padding-right: 30px !important;padding-left: 30px !important;}&#8221;][vc_column_text css=&#8221;&#8221;]<\/p>\n<h1><strong>Tuba<\/strong> Plastike me P\u00ebrmasa t\u00eb M\u00ebdha<\/h1>\n<p>Tubat plastike me p\u00ebrmasa t\u00eb m\u00ebdha jan\u00eb tuba t\u00eb specializuara t\u00eb p\u00ebrdorura p\u00ebr transportin e v\u00ebllimeve t\u00eb m\u00ebdha t\u00eb l\u00ebngjeve ose gazrave. Ato jan\u00eb b\u00ebr\u00eb nga materiale me rezistenc\u00eb t\u00eb lart\u00eb si polietileni me densitet t\u00eb lart\u00eb (HDPE) ose polipropileni (PP), t\u00eb cilat u japin atyre forc\u00eb, fleksibilitet dhe rezistenc\u00eb t\u00eb jasht\u00ebzakonshme ndaj efekteve t\u00eb ndryshme kimike dhe atmosferike.<\/p>\n<p>Brenda k\u00ebsaj game t\u00eb tubave plastike me p\u00ebrmasa t\u00eb m\u00ebdha, ekzistojn\u00eb tre n\u00ebnkategori kryesore q\u00eb plot\u00ebsojn\u00eb nevojat specifike:<br \/>\n[\/vc_column_text][vc_empty_space height=&#8221;50&#8243;][\/vc_column][\/vc_row][vc_row][vc_column][vc_row_inner][vc_column_inner width=&#8221;2\/3&#8243; css=&#8221;.vc_custom_1710101124194{border-left-width: 1px !important;padding-right: 30px !important;padding-left: 30px !important;border-left-color: #0e415f !important;border-left-style: solid !important;}&#8221;][vc_column_text css=&#8221;&#8221;]<\/p>\n<p style=\"font-size: 25px;\">Tubat e <strong>Kanalizimit<\/strong><\/p>\n<p>&nbsp;<\/p>\n<p>Kjo n\u00ebnkategori p\u00ebrfshin tuba plastik\u00eb t\u00eb dizajnuar p\u00ebr transportimin efikas t\u00eb uj\u00ebrave t\u00eb ndotura dhe uj\u00ebrave t\u00eb shiut nga familjet, objektet komerciale dhe industriale. Tubat e kanalizimit \u010cabar Plast jan\u00eb prodhuar nga materiale me rezistenc\u00eb t\u00eb lart\u00eb, duke siguruar jet\u00ebgjat\u00ebsi, rezistenc\u00eb ndaj korrozionit dhe mir\u00ebmbajtje t\u00eb leht\u00eb.[\/vc_column_text][vc_empty_space height=&#8221;20&#8243;]<a href=\"https:\/\/cabarplast.com\/sq\/tubat-e-kanalizimit\/\" class=\"btn-shortcode dt-btn-m dt-btn default-btn-color default-btn-hover-color default-btn-bg-color default-btn-bg-hover-color\" id=\"dt-btn-1\"><span>Shih m\u00eb shum\u00eb<\/span><\/a>[\/vc_column_inner][vc_column_inner width=&#8221;1\/3&#8243;][vc_column_text css=&#8221;&#8221;]<a href=\"https:\/\/cabarplast.com\/sq\/tubat-e-kanalizimit\/\"><img loading=\"lazy\" decoding=\"async\" class=\"wp-image-1016 size-medium aligncenter\" src=\"https:\/\/cabarplast.com\/wp-content\/uploads\/2024\/04\/Kanalizacione-cevi-5-300x300.jpg\" alt=\"\" width=\"300\" height=\"300\" srcset=\"https:\/\/cabarplast.com\/wp-content\/uploads\/2024\/04\/Kanalizacione-cevi-5-300x300.jpg 300w, https:\/\/cabarplast.com\/wp-content\/uploads\/2024\/04\/Kanalizacione-cevi-5-1024x1024.jpg 1024w, https:\/\/cabarplast.com\/wp-content\/uploads\/2024\/04\/Kanalizacione-cevi-5-150x150.jpg 150w, https:\/\/cabarplast.com\/wp-content\/uploads\/2024\/04\/Kanalizacione-cevi-5-768x768.jpg 768w, https:\/\/cabarplast.com\/wp-content\/uploads\/2024\/04\/Kanalizacione-cevi-5.jpg 1080w\" sizes=\"auto, (max-width: 300px) 100vw, 300px\" \/><\/a>[\/vc_column_text][\/vc_column_inner][\/vc_row_inner][vc_empty_space height=&#8221;30&#8243;][vc_row_inner][vc_column_inner width=&#8221;1\/3&#8243;][vc_column_text css=&#8221;&#8221;]<a href=\"https:\/\/cabarplast.com\/sq\/tubat-e-ventilimit\/\"><img loading=\"lazy\" decoding=\"async\" class=\"wp-image-994 size-medium aligncenter\" src=\"https:\/\/cabarplast.com\/wp-content\/uploads\/2024\/04\/cevi-za-ventilaciju-300x300.jpg\" alt=\"\" width=\"300\" height=\"300\" srcset=\"https:\/\/cabarplast.com\/wp-content\/uploads\/2024\/04\/cevi-za-ventilaciju-300x300.jpg 300w, https:\/\/cabarplast.com\/wp-content\/uploads\/2024\/04\/cevi-za-ventilaciju-1024x1024.jpg 1024w, https:\/\/cabarplast.com\/wp-content\/uploads\/2024\/04\/cevi-za-ventilaciju-150x150.jpg 150w, https:\/\/cabarplast.com\/wp-content\/uploads\/2024\/04\/cevi-za-ventilaciju-768x768.jpg 768w, https:\/\/cabarplast.com\/wp-content\/uploads\/2024\/04\/cevi-za-ventilaciju.jpg 1080w\" sizes=\"auto, (max-width: 300px) 100vw, 300px\" \/><\/a>[\/vc_column_text][\/vc_column_inner][vc_column_inner width=&#8221;2\/3&#8243; css=&#8221;.vc_custom_1710101146731{border-left-width: 1px !important;padding-right: 30px !important;padding-left: 30px !important;border-left-color: #0e415f !important;border-left-style: solid !important;}&#8221;][vc_column_text css=&#8221;&#8221;]<\/p>\n<p style=\"font-size: 25px;\">Tubat e <strong>Ventilimit<\/strong><\/p>\n<p>&nbsp;<\/p>\n<p>K\u00ebto jan\u00eb tuba plastik\u00eb t\u00eb destinuar p\u00ebr sistemet e ventilimit, duke siguruar shk\u00ebmbim efikas t\u00eb ajrit brenda nd\u00ebrtesave dhe objekteve. Tubat e ventilimit jan\u00eb t\u00eb projektuara p\u00ebr t\u00eb minimizuar rezistenc\u00ebn e rrjedh\u00ebs s\u00eb ajrit dhe p\u00ebr t\u00eb reduktuar zhurm\u00ebn, duke i b\u00ebr\u00eb ato nj\u00eb zgjidhje ideale p\u00ebr hap\u00ebsirat ku cil\u00ebsia e ajrit \u00ebsht\u00eb me r\u00ebnd\u00ebsi par\u00ebsore.<br \/>\n[\/vc_column_text][vc_empty_space height=&#8221;20&#8243;]<a href=\"https:\/\/cabarplast.com\/sq\/tubat-e-ventilimit\/\" class=\"btn-shortcode dt-btn-m dt-btn default-btn-color default-btn-hover-color default-btn-bg-color default-btn-bg-hover-color\" id=\"dt-btn-2\"><span>Shih m\u00eb shum\u00eb<\/span><\/a>[\/vc_column_inner][\/vc_row_inner][vc_empty_space height=&#8221;30&#8243;][vc_row_inner][vc_column_inner width=&#8221;2\/3&#8243; css=&#8221;.vc_custom_1710101124194{border-left-width: 1px !important;padding-right: 30px !important;padding-left: 30px !important;border-left-color: #0e415f !important;border-left-style: solid !important;}&#8221;][vc_column_text css=&#8221;&#8221;]<\/p>\n<p style=\"font-size: 25px;\">Tubat e <strong>Kullojes<\/strong><\/p>\n<p>&nbsp;<\/p>\n<p>Tubat e kullojes jan\u00eb tuba t\u00eb specializuara t\u00eb destinuara p\u00ebr largimin efikas t\u00eb ujit t\u00eb tep\u00ebrt nga toka ose strukturat, t\u00eb tilla si themelet e nd\u00ebrtesave, tokat bujq\u00ebsore, fushat sportive dhe t\u00eb ngjashme. Ato jan\u00eb t\u00eb dizajnuara p\u00ebr t\u00eb lejuar hyrjen e ujit p\u00ebrmes perforimeve ose hapjeve t\u00eb dizajnuara posa\u00e7\u00ebrisht p\u00ebrgjat\u00eb tubit, nd\u00ebrsa nj\u00ebkoh\u00ebsisht parandalojn\u00eb hyrjen e tok\u00ebs ose rr\u00ebnj\u00ebve q\u00eb mund t\u00eb bllokojn\u00eb tubin.<br \/>\n[\/vc_column_text][vc_empty_space height=&#8221;20&#8243;]<a href=\"https:\/\/cabarplast.com\/sq\/tubat-e-kullimit\/\" class=\"btn-shortcode dt-btn-m dt-btn default-btn-color default-btn-hover-color default-btn-bg-color default-btn-bg-hover-color\" id=\"dt-btn-3\"><span>Shih m\u00eb shum\u00eb<\/span><\/a>[\/vc_column_inner][vc_column_inner width=&#8221;1\/3&#8243;][vc_column_text css=&#8221;&#8221;]<a href=\"https:\/\/cabarplast.com\/sq\/tubat-e-kullimit\/\"><img loading=\"lazy\" decoding=\"async\" class=\"wp-image-1007 size-medium aligncenter\" src=\"https:\/\/cabarplast.com\/wp-content\/uploads\/2024\/04\/Cevi-za-drenazu-2-300x300.jpg\" alt=\"\" width=\"300\" height=\"300\" srcset=\"https:\/\/cabarplast.com\/wp-content\/uploads\/2024\/04\/Cevi-za-drenazu-2-300x300.jpg 300w, https:\/\/cabarplast.com\/wp-content\/uploads\/2024\/04\/Cevi-za-drenazu-2-1024x1024.jpg 1024w, https:\/\/cabarplast.com\/wp-content\/uploads\/2024\/04\/Cevi-za-drenazu-2-150x150.jpg 150w, https:\/\/cabarplast.com\/wp-content\/uploads\/2024\/04\/Cevi-za-drenazu-2-768x768.jpg 768w, https:\/\/cabarplast.com\/wp-content\/uploads\/2024\/04\/Cevi-za-drenazu-2.jpg 1080w\" sizes=\"auto, (max-width: 300px) 100vw, 300px\" \/><\/a>[\/vc_column_text][\/vc_column_inner][\/vc_row_inner][vc_empty_space height=&#8221;30&#8243;][\/vc_column][\/vc_row][vc_row full_width=&#8221;stretch_row_content_no_spaces&#8221;][vc_column][vc_column_text]<img loading=\"lazy\" decoding=\"async\" class=\"aligncenter wp-image-232 size-full\" src=\"https:\/\/cabarplast.com\/wp-content\/uploads\/2024\/03\/footer-4.png\" alt=\"\" width=\"1919\" height=\"50\" srcset=\"https:\/\/cabarplast.com\/wp-content\/uploads\/2024\/03\/footer-4.png 1919w, https:\/\/cabarplast.com\/wp-content\/uploads\/2024\/03\/footer-4-300x8.png 300w, https:\/\/cabarplast.com\/wp-content\/uploads\/2024\/03\/footer-4-1024x27.png 1024w, https:\/\/cabarplast.com\/wp-content\/uploads\/2024\/03\/footer-4-768x20.png 768w, https:\/\/cabarplast.com\/wp-content\/uploads\/2024\/03\/footer-4-1536x40.png 1536w\" sizes=\"auto, (max-width: 1919px) 100vw, 1919px\" \/>[\/vc_column_text][\/vc_column][\/vc_row]<\/p>\n<\/div>","protected":false},"excerpt":{"rendered":"<p>[vc_row][vc_column css=&#8221;.vc_custom_1710099881337{padding-right: 30px !important;padding-left: 30px !important;}&#8221;][vc_column_text css=&#8221;&#8221;] Tuba Plastike me P\u00ebrmasa t\u00eb M\u00ebdha Tubat plastike me p\u00ebrmasa t\u00eb m\u00ebdha jan\u00eb tuba t\u00eb specializuara t\u00eb p\u00ebrdorura p\u00ebr transportin e v\u00ebllimeve t\u00eb m\u00ebdha t\u00eb l\u00ebngjeve ose gazrave. Ato jan\u00eb b\u00ebr\u00eb nga materiale me rezistenc\u00eb t\u00eb lart\u00eb si polietileni me densitet t\u00eb lart\u00eb (HDPE) ose polipropileni (PP), t\u00eb&hellip;<\/p>\n","protected":false},"author":1,"featured_media":0,"parent":0,"menu_order":0,"comment_status":"closed","ping_status":"closed","template":"","meta":{"footnotes":""},"class_list":["post-2009","page","type-page","status-publish","hentry","description-off"],"_links":{"self":[{"href":"https:\/\/cabarplast.com\/sq\/wp-json\/wp\/v2\/pages\/2009","targetHints":{"allow":["GET"]}}],"collection":[{"href":"https:\/\/cabarplast.com\/sq\/wp-json\/wp\/v2\/pages"}],"about":[{"href":"https:\/\/cabarplast.com\/sq\/wp-json\/wp\/v2\/types\/page"}],"author":[{"embeddable":true,"href":"https:\/\/cabarplast.com\/sq\/wp-json\/wp\/v2\/users\/1"}],"replies":[{"embeddable":true,"href":"https:\/\/cabarplast.com\/sq\/wp-json\/wp\/v2\/comments?post=2009"}],"version-history":[{"count":5,"href":"https:\/\/cabarplast.com\/sq\/wp-json\/wp\/v2\/pages\/2009\/revisions"}],"predecessor-version":[{"id":2345,"href":"https:\/\/cabarplast.com\/sq\/wp-json\/wp\/v2\/pages\/2009\/revisions\/2345"}],"wp:attachment":[{"href":"https:\/\/cabarplast.com\/sq\/wp-json\/wp\/v2\/media?parent=2009"}],"curies":[{"name":"wp","href":"https:\/\/api.w.org\/{rel}","templated":true}]}}