{"id":2003,"date":"2024-03-04T21:14:25","date_gmt":"2024-03-04T21:14:25","guid":{"rendered":"https:\/\/cabarplast.com\/kanalizacione-cevi\/"},"modified":"2024-10-14T20:41:15","modified_gmt":"2024-10-14T20:41:15","slug":"tubat-e-kanalizimit","status":"publish","type":"page","link":"https:\/\/cabarplast.com\/sq\/tubat-e-kanalizimit\/","title":{"rendered":"Tubat e kanalizimit"},"content":{"rendered":"<div class=\"wpb-content-wrapper\"><p>[vc_row][vc_column width=&#8221;1\/2&#8243;]<style type=\"text\/css\" data-type=\"the7_shortcodes-inline-css\">.gallery-carousel-shortcode.gallery-carousel-shortcode-id-41d31c922f64e839a401abbd7b508d34 .owl-nav a {\n  width: 30px;\n  height: 30px;\n  border-radius: 500px;\n}\n.dt-arrow-border-on.gallery-carousel-shortcode.gallery-carousel-shortcode-id-41d31c922f64e839a401abbd7b508d34 .owl-nav a:not(:hover):before {\n  border-width: 0px;\n}\n.dt-arrow-hover-border-on.gallery-carousel-shortcode.gallery-carousel-shortcode-id-41d31c922f64e839a401abbd7b508d34 .owl-nav a:hover:after {\n  border-width: 0px;\n}\n.gallery-carousel-shortcode.gallery-carousel-shortcode-id-41d31c922f64e839a401abbd7b508d34 .owl-nav a.owl-prev {\n  top: calc(100% + 0px);\n  left: -43px;\n}\n.gallery-carousel-shortcode.gallery-carousel-shortcode-id-41d31c922f64e839a401abbd7b508d34 .owl-nav a.owl-prev i {\n  padding: 0px 5px 0px 5px;\n}\n.gallery-carousel-shortcode.gallery-carousel-shortcode-id-41d31c922f64e839a401abbd7b508d34 .owl-nav a.owl-next {\n  top: calc(100% + 0px);\n  right: -43px;\n}\n.gallery-carousel-shortcode.gallery-carousel-shortcode-id-41d31c922f64e839a401abbd7b508d34 .owl-nav a.owl-next i {\n  padding: 0px 5px 0px 5px;\n}\n.gallery-carousel-shortcode.gallery-carousel-shortcode-id-41d31c922f64e839a401abbd7b508d34 .owl-nav i {\n  font-size: 15px;\n}\n.gallery-carousel-shortcode.gallery-carousel-shortcode-id-41d31c922f64e839a401abbd7b508d34 .owl-nav a:not(:hover) i,\n.gallery-carousel-shortcode.gallery-carousel-shortcode-id-41d31c922f64e839a401abbd7b508d34 .owl-nav a:not(:hover) i:before {\n  color: #ffffff;\n  background: none;\n}\n.gallery-carousel-shortcode.gallery-carousel-shortcode-id-41d31c922f64e839a401abbd7b508d34 .owl-nav a:hover i,\n.gallery-carousel-shortcode.gallery-carousel-shortcode-id-41d31c922f64e839a401abbd7b508d34 .owl-nav a:hover i:before {\n  color: rgba(255,255,255,0.75);\n  background: none;\n}\n.gallery-carousel-shortcode.gallery-carousel-shortcode-id-41d31c922f64e839a401abbd7b508d34 .owl-dots {\n  top: calc(100% + 20px);\n  left: 50%;\n  transform: translateX(calc(-50% + 0px));\n}\n@media all and (-ms-high-contrast: none) {\n  .gallery-carousel-shortcode.gallery-carousel-shortcode-id-41d31c922f64e839a401abbd7b508d34 .owl-dots {\n    transform: translateX(-50%);\n    margin-left: 0px;\n  }\n}\n.gallery-carousel-shortcode.gallery-carousel-shortcode-id-41d31c922f64e839a401abbd7b508d34 .owl-dot {\n  width: 10px;\n  height: 10px;\n  margin: 0 8px;\n}\n@media screen and (max-width: 778px) {\n  .gallery-carousel-shortcode.gallery-carousel-shortcode-id-41d31c922f64e839a401abbd7b508d34.hide-arrows .owl-nav a {\n    display: none;\n  }\n}\n@media screen and (max-width: 778px) {\n  .gallery-carousel-shortcode.gallery-carousel-shortcode-id-41d31c922f64e839a401abbd7b508d34.reposition-arrows .owl-nav .owl-prev {\n    top: calc(100% + 0px);\n    left: 10px;\n  }\n  .gallery-carousel-shortcode.gallery-carousel-shortcode-id-41d31c922f64e839a401abbd7b508d34.reposition-arrows .owl-nav .owl-next {\n    top: calc(100% + 0px);\n    right: 10px;\n  }\n}\n.gallery-carousel-shortcode.gallery-carousel-shortcode-id-41d31c922f64e839a401abbd7b508d34 figure,\n.gallery-carousel-shortcode.gallery-carousel-shortcode-id-41d31c922f64e839a401abbd7b508d34 .rollover,\n.gallery-carousel-shortcode.gallery-carousel-shortcode-id-41d31c922f64e839a401abbd7b508d34 img,\n.gallery-carousel-shortcode.gallery-carousel-shortcode-id-41d31c922f64e839a401abbd7b508d34 .gallery-rollover {\n  border-radius: 0px;\n}\n.gallery-carousel-shortcode.gallery-carousel-shortcode-id-41d31c922f64e839a401abbd7b508d34.enable-bg-rollover .gallery-rollover {\n  background: -webkit-linear-gradient();\n  background: linear-gradient();\n}\n.gallery-carousel-shortcode.gallery-carousel-shortcode-id-41d31c922f64e839a401abbd7b508d34.enable-img-shadow .owl-stage-outer {\n  padding: 14px 0;\n}\n.gallery-carousel-shortcode.gallery-carousel-shortcode-id-41d31c922f64e839a401abbd7b508d34.enable-bg-rollover.hover-scale figure .rollover:after {\n  background: -webkit-linear-gradient();\n  background: linear-gradient();\n}\n.gallery-carousel-shortcode.gallery-carousel-shortcode-id-41d31c922f64e839a401abbd7b508d34.gallery-shortcode .gallery-zoom-ico {\n  width: 44px;\n  height: 44px;\n  line-height: 44px;\n  border-radius: 100px;\n  margin: -22px 0 0 -22px;\n  border-width: 0px;\n}\n.dt-icon-bg-on.gallery-carousel-shortcode.gallery-carousel-shortcode-id-41d31c922f64e839a401abbd7b508d34.gallery-shortcode .gallery-zoom-ico {\n  background: rgba(255,255,255,0.3);\n  box-shadow: none;\n}\n.gallery-carousel-shortcode.gallery-carousel-shortcode-id-41d31c922f64e839a401abbd7b508d34.gallery-shortcode .gallery-zoom-ico:before,\n.gallery-carousel-shortcode.gallery-carousel-shortcode-id-41d31c922f64e839a401abbd7b508d34.gallery-shortcode .gallery-zoom-ico span {\n  font-size: 32px;\n  line-height: 44px;\n  color: #ffffff;\n  background: none;\n}\n<\/style><div class=\"owl-carousel gallery-carousel-shortcode gallery-shortcode  dt-gallery-container dt-owl-carousel-call gallery-carousel-shortcode-id-41d31c922f64e839a401abbd7b508d34 quick-scale-img enable-bg-rollover meta-info-off dt-arrow-border-on dt-arrow-hover-border-on bullets-small-dot-stroke reposition-arrows dt-icon-bg-off arrows-bg-on disable-arrows-hover-bg arrows-hover-bg-on  vc_custom_1713171537826 hover-fade \" data-scroll-mode=\"1\" data-col-num=\"1\" data-wide-col-num=\"1\" data-laptop-col=\"1\" data-h-tablet-columns-num=\"1\" data-v-tablet-columns-num=\"1\" data-phone-columns-num=\"1\" data-col-gap=\"10\" data-stage-padding=\"0\" data-speed=\"600\" data-autoplay=\"false\" data-autoplay_speed=\"6000\" data-arrows=\"true\" data-bullet=\"false\" data-next-icon=\"icon-ar-017-r\" data-prev-icon=\"icon-ar-017-l\" data-img-shadow-size=\"12px\" data-img-shadow-spread=\"3px\"><div data-post-id=\"2004\" data-date=\"2024-04-15T08:58:30+00:00\" data-name=\"Kanalizacione-cevi-1\"><figure class=\"post\"><a href=\"https:\/\/cabarplast.com\/wp-content\/uploads\/2024\/04\/Kanalizacione-cevi-1.jpg\" class=\"rollover dt-pswp-item layzr-bg\" data-large_image_width=\"1080\" data-large_image_height=\"1080\" data-dt-img-description=\"\" title=\"Kanalizacione-cevi-1\"><img fetchpriority=\"high\" decoding=\"async\" class=\"preload-me owl-lazy-load aspect\" src=\"data:image\/svg+xml,%3Csvg%20xmlns%3D&#39;http%3A%2F%2Fwww.w3.org%2F2000%2Fsvg&#39;%20viewBox%3D&#39;0%200%201080%201080&#39;%2F%3E\" data-src=\"https:\/\/cabarplast.com\/wp-content\/uploads\/2024\/04\/Kanalizacione-cevi-1.jpg\" data-srcset=\"https:\/\/cabarplast.com\/wp-content\/uploads\/2024\/04\/Kanalizacione-cevi-1.jpg 1080w\" loading=\"eager\" style=\"--ratio: 1080 \/ 1080\" sizes=\"(max-width: 1080px) 100vw, 1080px\" alt=\"\" width=\"1080\" height=\"1080\"  \/><span class=\"gallery-rollover\"><span class=\"gallery-zoom-ico icomoon-the7-font-the7-zoom-06\"><span><\/span><\/span><\/span><\/a><\/figure><\/div><\/div>[\/vc_column][vc_column width=&#8221;1\/2&#8243; css=&#8221;.vc_custom_1709647368309{border-left-width: 1px !important;padding-right: 30px !important;padding-left: 30px !important;border-left-color: #0e415f !important;border-left-style: solid !important;}&#8221;][vc_column_text css=&#8221;&#8221;]<\/p>\n<h1>Tubat e <strong>kanalizimit<\/strong><\/h1>\n<p>&nbsp;<\/p>\n<p>Tubat e m\u00ebdha t\u00eb kanalizimit prej plastike jan\u00eb t\u00eb dizajnuara p\u00ebr t\u00eb menaxhuar n\u00eb m\u00ebnyr\u00eb efikase uj\u00ebrat e ndotura n\u00eb familje dhe industri. Ato jan\u00eb b\u00ebr\u00eb nga materiale shum\u00eb rezistente si HDPE, duke i b\u00ebr\u00eb ato t\u00eb q\u00ebndrueshme, rezistente ndaj ndikimit, rezistente ndaj konsumimit dhe rezistente ndaj korrozionit.<\/p>\n<p>Instalimi i k\u00ebtyre tubave p\u00ebrfshin planifikim t\u00eb kujdessh\u00ebm t\u00eb planimetris\u00eb, p\u00ebrgatitjen e terrenit, vendosjen n\u00eb thell\u00ebsin\u00eb e duhur duke marr\u00eb parasysh kushtet lokale t\u00eb tok\u00ebs dhe ngarkes\u00ebn, dhe lidhjen e tubave p\u00ebrmes metodave si saldimi me ekstruzion. Procesi i instalimit k\u00ebrkon ekspertiz\u00eb dhe precizitet p\u00ebr t\u00eb siguruar funksionalitetin e q\u00ebndruesh\u00ebm dhe efikas t\u00eb sistemit.<br \/>\n[\/vc_column_text][vc_empty_space height=&#8221;20&#8243;]<a href=\"https:\/\/cabarplast.com\/sq\/kontakt\/\" class=\"btn-shortcode dt-btn-m dt-btn default-btn-color default-btn-hover-color default-btn-bg-color default-btn-bg-hover-color\" id=\"dt-btn-1\"><span>Kontaktoni me ne<\/span><\/a>[\/vc_column][\/vc_row][vc_row][vc_column][vc_empty_space height=&#8221;50&#8243;][vc_column_text css=&#8221;.vc_custom_1726184559868{padding-right: 30px !important;padding-left: 30px !important;}&#8221;]Instalimi i gypave t\u00eb m\u00ebdhenj plastik\u00eb t\u00eb kanalizimit p\u00ebrfshin nj\u00eb protokoll t\u00eb sakt\u00eb q\u00eb p\u00ebrfshin p\u00ebrgatitjen e terrenit, hapjen e kanalit, vendosjen e tubave n\u00eb nj\u00eb baz\u00eb t\u00eb q\u00ebndrueshme, lidhjen e tubave me teknika t\u00eb specializuara si saldimi me ekstruzion ose p\u00ebrdorimi i guarnicioneve p\u00ebr n\u00ebnshtresa, dhe n\u00eb fund, mbushja e kanalit me ngjeshje t\u00eb kujdesshme t\u00eb tok\u00ebs rreth tubave.<\/p>\n<p>Ky proces k\u00ebrkon zbatim rigoroz t\u00eb specifikimeve teknike dhe standardeve t\u00eb siguris\u00eb p\u00ebr t\u00eb siguruar jet\u00ebgjat\u00ebsin\u00eb dhe funksionalitetin e sistemit t\u00eb kanalizimit.<br \/>\n[\/vc_column_text][vc_empty_space height=&#8221;50&#8243;][\/vc_column][\/vc_row][vc_row full_width=&#8221;stretch_row_content_no_spaces&#8221;][vc_column][vc_column_text]<img loading=\"lazy\" decoding=\"async\" class=\"aligncenter wp-image-232 size-full\" src=\"https:\/\/cabarplast.com\/wp-content\/uploads\/2024\/03\/footer-4.png\" alt=\"\" width=\"1919\" height=\"50\" srcset=\"https:\/\/cabarplast.com\/wp-content\/uploads\/2024\/03\/footer-4.png 1919w, https:\/\/cabarplast.com\/wp-content\/uploads\/2024\/03\/footer-4-300x8.png 300w, https:\/\/cabarplast.com\/wp-content\/uploads\/2024\/03\/footer-4-1024x27.png 1024w, https:\/\/cabarplast.com\/wp-content\/uploads\/2024\/03\/footer-4-768x20.png 768w, https:\/\/cabarplast.com\/wp-content\/uploads\/2024\/03\/footer-4-1536x40.png 1536w\" sizes=\"auto, (max-width: 1919px) 100vw, 1919px\" \/>[\/vc_column_text][\/vc_column][\/vc_row][vc_row full_width=&#8221;stretch_row&#8221; css=&#8221;.vc_custom_1709643894007{background-color: #0e415f !important;}&#8221;][vc_column][vc_column_text css=&#8221;.vc_custom_1726184645156{padding-right: 30px !important;padding-left: 30px !important;}&#8221;]<\/p>\n<h2><span style=\"color: #fcb426;\">Karakteristikat e Gypave t\u00eb Kanalizimit Tubat e kanalizimit <\/span><\/h2>\n<p><span style=\"color: #ffffff;\">\u010cabar plast jan\u00eb b\u00ebr\u00eb nga polietileni me densitet t\u00eb lart\u00eb (HDPE), nj\u00eb material i njohur p\u00ebr rezistenc\u00ebn e tij ndaj temperaturave ekstreme, konsumimit dhe substancave kimike.<\/span><\/p>\n<h2><span style=\"color: #fcb426;\">Madh\u00ebsia e gypave plastike t\u00eb kanalizimit <\/span><\/h2>\n<p><span style=\"color: #ffffff;\">\u010cabar Plast Tubat e kanalizimit \u010cabar plast vijn\u00eb n\u00eb diametra nga 300 mm deri n\u00eb 3000 mm, me gjat\u00ebsi nga 3 deri n\u00eb 6 metra, duke p\u00ebrmbushur nevoja t\u00eb ndryshme. Lidhjet e tubave n\u00eb terren mund t\u00eb realizohen me saldim me ekstruzion ose duke p\u00ebrdorur unaza gome n\u00ebnshtrimi, duke siguruar forc\u00ebn e nyjeve dhe jet\u00ebgjat\u00ebsin\u00eb e sistemit.<br \/>\n<\/span>[\/vc_column_text][vc_empty_space height=&#8221;30&#8243;][\/vc_column][\/vc_row][vc_row][vc_column][vc_column_text css=&#8221;.vc_custom_1726184749918{padding-top: 30px !important;padding-right: 30px !important;padding-bottom: 30px !important;padding-left: 30px !important;background-color: #efefef !important;border-radius: 15px !important;}&#8221;]<\/p>\n<h2>Tubat me brinj\u00eb t\u00eb kanalizimit<\/h2>\n<p>Tubat me brinj\u00eb t\u00eb kanalizimit p\u00ebrfaq\u00ebsojn\u00eb nj\u00eb kategori specifike t\u00eb tubave t\u00eb kanalizimit me p\u00ebrforcim t\u00eb jasht\u00ebm n\u00eb form\u00eb brinj\u00ebsh. Kjo struktur\u00eb me brinj\u00eb ofron disa avantazhe kryesore:<\/p>\n<ul>\n<li><strong>Brinj\u00ebt shtojn\u00eb fort\u00ebsin\u00eb strukturore t\u00eb tubave<\/strong>, duke u lejuar atyre t\u00eb p\u00ebrballojn\u00eb presion m\u00eb t\u00eb lart\u00eb nga toka p\u00ebrreth dhe faktor\u00ebt e tjer\u00eb t\u00eb jasht\u00ebm pa u deformuar.<\/li>\n<li><strong>Pavar\u00ebsisht ngurt\u00ebsis\u00eb s\u00eb shtuar, tubat me brinj\u00eb ruajn\u00eb nj\u00eb shkall\u00eb fleksibiliteti<\/strong>, duke u lejuar atyre t\u00eb absorbojn\u00eb dhe t\u00eb p\u00ebrshtaten me l\u00ebvizjet e vogla t\u00eb tok\u00ebs.<\/li>\n<li><strong>P\u00ebr shkak t\u00eb forc\u00ebs s\u00eb tyre strukturore, tubat me brinj\u00eb mund t\u00eb jen\u00eb m\u00eb t\u00eb leht\u00eb p\u00ebr t&#8217;u instaluar<\/strong> pasi ato k\u00ebrkojn\u00eb kushte m\u00eb pak t\u00eb rrepta vendosjeje dhe m\u00eb pak struktura mb\u00ebshtet\u00ebse.<\/li>\n<li><strong>Rezistenca e shtuar ndaj d\u00ebmtimit fizik dhe degradimit<\/strong> i b\u00ebn tubat me brinj\u00eb nj\u00eb zgjidhje m\u00eb jet\u00ebgjat\u00eb p\u00ebr sistemet e kanalizimit.<\/li>\n<\/ul>\n<p>Tubat me brinj\u00eb jan\u00eb thelb\u00ebsore sepse ato mund\u00ebsojn\u00eb menaxhimin efikas t\u00eb uj\u00ebrave t\u00eb ndotura dhe kullimit n\u00eb kushte t\u00eb ndryshme, duke ofruar besueshm\u00ebrin\u00eb dhe jet\u00ebgjat\u00ebsin\u00eb e nevojshme p\u00ebr projektet moderne t\u00eb infrastruktur\u00ebs.[\/vc_column_text][vc_column_text][\/vc_column_text][vc_empty_space][\/vc_column][\/vc_row][vc_row][vc_column][vc_column_text css=&#8221;.vc_custom_1726184840798{padding-top: 30px !important;padding-right: 30px !important;padding-bottom: 30px !important;padding-left: 30px !important;background-color: #0e415f !important;border-radius: 15px !important;}&#8221;]<\/p>\n<h2><span style=\"color: #fcb426;\">Aplikime p\u00ebr Tubat e M\u00ebdhenj t\u00eb Kanalizimit Plastik<\/span><\/h2>\n<ul>\n<li><span style=\"color: #fcb426;\">Sistemet e Kanalizimit Urban:<\/span> <span style=\"color: #ffffff;\">Tubat e m\u00ebdhenj jan\u00eb thelb\u00ebsor\u00eb p\u00ebr nd\u00ebrtimin dhe mir\u00ebmbajtjen e sistemeve t\u00eb kanalizimit urban efikase dhe t\u00eb besueshme, duke mund\u00ebsuar transportin e sigurt t\u00eb uj\u00ebrave t\u00eb ndotura n\u00eb impiantet e trajtimit.<\/span><\/li>\n<li><span style=\"color: #fcb426;\">Objektet Industriale:<\/span> <span style=\"color: #ffffff;\">P\u00ebrdoret p\u00ebr kullimin dhe menaxhimin e uj\u00ebrave t\u00eb ndotura n\u00eb impiantet industriale, duke p\u00ebrfshir\u00eb fabrikat kimike, impiantet e p\u00ebrpunimit t\u00eb ushqimit dhe llojet e tjera t\u00eb objekteve t\u00eb prodhimit.<\/span><\/li>\n<li><span style=\"color: #fcb426;\">Ujitja dhe Kullimi Bujq\u00ebsor:<\/span> <span style=\"color: #ffffff;\">Tubat e m\u00ebdhenj plastik\u00eb p\u00ebrdoren p\u00ebr ujitjen efikase t\u00eb tokave bujq\u00ebsore dhe sistemet e kullimit q\u00eb parandalojn\u00eb mbajtjen e ujit dhe erozionin e tok\u00ebs.<\/span><\/li>\n<li><span style=\"color: #fcb426;\">Menaxhimi i Uj\u00ebrave Sip\u00ebrfaq\u00ebsore:<\/span> <span style=\"color: #ffffff;\">N\u00eb zonat e prirura ndaj p\u00ebrmbytjeve, tubat e m\u00ebdhenj p\u00ebrdoren p\u00ebr t\u00eb ridrejtuar ujin sip\u00ebrfaq\u00ebsor dhe p\u00ebr t\u00eb parandaluar p\u00ebrmbytjet.<\/span><\/li>\n<li><span style=\"color: #fcb426;\">Projektet e Infrastruktur\u00ebs:<\/span> <span style=\"color: #ffffff;\">Duke p\u00ebrfshir\u00eb infrastruktur\u00ebn rrugore, urat dhe tunelet, ku tubat e m\u00ebdhenj p\u00ebrdoren p\u00ebr kullimin dhe sigurimin e stabilitetit t\u00eb strukturave.<\/span><\/li>\n<li><span style=\"color: #fcb426;\">Mbrojtja e Mjedisit:<\/span> <span style=\"color: #ffffff;\">T\u00eb pun\u00ebsuar n\u00eb sistemet e menaxhimit t\u00eb mbeturinave dhe mbrojtjen e kanaleve ujore nga ndotja.<\/span><\/li>\n<\/ul>\n<p>[\/vc_column_text][vc_empty_space][\/vc_column][\/vc_row][vc_row][vc_column][vc_column_text css=&#8221;.vc_custom_1726184872994{padding-right: 30px !important;padding-left: 30px !important;}&#8221;]<\/p>\n<h2>Avantazhet e Gypave t\u00eb M\u00ebdhenj t\u00eb Kanalizimit Plastik\u00eb ndaj Tubave t\u00eb Vjet\u00ebr Qeramik\u00eb<\/h2>\n<p><strong>Tubat e m\u00ebdhenj plastik\u00eb t\u00eb kanalizimit nga \u010cabar Plast paraqesin nj\u00eb zgjidhje moderne me p\u00ebrmir\u00ebsime t\u00eb ndjeshme n\u00eb krahasim me tubat tradicionale qeramik\u00eb. K\u00ebto p\u00ebrpar\u00ebsi p\u00ebrfshijn\u00eb:<br \/>\n<\/strong>[\/vc_column_text][vc_empty_space][vc_row_inner][vc_column_inner width=&#8221;1\/2&#8243;][vc_column_text css=&#8221;.vc_custom_1726184935123{padding-right: 30px !important;padding-left: 30px !important;}&#8221;]<\/p>\n<h3>Pesha m\u00eb e leht\u00eb:<\/h3>\n<p>Tubat plastik\u00eb jan\u00eb duksh\u00ebm m\u00eb t\u00eb leht\u00eb se ato qeramik\u00eb, duke e b\u00ebr\u00eb transportin, trajtimin dhe instalimin e tyre m\u00eb t\u00eb leht\u00eb. Kjo ve\u00e7ori \u00ebsht\u00eb ve\u00e7an\u00ebrisht e dobishme n\u00eb terrene me v\u00ebshtir\u00ebsi n\u00eb qasje, ku \u00e7do leht\u00ebsim n\u00eb trajtimin e materialeve \u00ebsht\u00eb i vlefsh\u00ebm.<\/p>\n<h3>Fleksibilitet m\u00eb i madh:<\/h3>\n<p>Fal\u00eb fleksibilitetit t\u00eb tyre t\u00eb natyrsh\u00ebm, tubat plastik\u00eb mund t&#8217;i rezistojn\u00eb l\u00ebvizjeve t\u00eb caktuara t\u00eb tok\u00ebs pa rrezikun e plasaritjes. Kjo \u00ebsht\u00eb ve\u00e7an\u00ebrisht e r\u00ebnd\u00ebsishme n\u00eb zonat e prirura ndaj ndryshimeve t\u00eb tok\u00ebs, duke reduktuar rrezikun e rrjedhjeve dhe d\u00ebmtimit t\u00eb mundsh\u00ebm t\u00eb infrastruktur\u00ebs.<\/p>\n<h3>Rezistenca ndaj korrozionit:<\/h3>\n<p>Tubat plastik\u00eb jan\u00eb kimikisht inert\u00eb, q\u00eb do t\u00eb thot\u00eb se jan\u00eb rezistent\u00eb ndaj korrozionit q\u00eb mund t\u00eb shkaktohet nga uj\u00ebrat e ndotura ose kimikatet. Kjo kontribuon drejtp\u00ebrdrejt n\u00eb jet\u00ebgjat\u00ebsin\u00eb m\u00eb t\u00eb gjat\u00eb t\u00eb tubave, duke zvog\u00ebluar nevoj\u00ebn p\u00ebr z\u00ebvend\u00ebsimin ose riparimin e tyre.<br \/>\n[\/vc_column_text][\/vc_column_inner][vc_column_inner width=&#8221;1\/2&#8243;][vc_column_text css=&#8221;.vc_custom_1726184996282{padding-right: 30px !important;padding-left: 30px !important;}&#8221;]<\/p>\n<h3>Kosto m\u00eb t\u00eb ul\u00ebta mir\u00ebmbajtjeje:<\/h3>\n<p>Pjesa e brendshme e l\u00ebmuar e tubave plastik\u00eb zvog\u00eblon mund\u00ebsin\u00eb e depozitimeve dhe bllokimeve, duke \u00e7uar drejtp\u00ebrdrejt n\u00eb m\u00eb pak nevoj\u00eb p\u00ebr pastrim dhe mir\u00ebmbajtje. Kjo mund t\u00eb zvog\u00ebloj\u00eb ndjesh\u00ebm kostot e mir\u00ebmbajtjes s\u00eb sistemit me kalimin e koh\u00ebs.<\/p>\n<h3>Miq\u00ebsor ndaj mjedisit:<\/h3>\n<p>Materiali HDPE i p\u00ebrdorur p\u00ebr prodhimin e tubave t\u00eb kanalizimit plastik \u00ebsht\u00eb i ricikluesh\u00ebm dhe miq\u00ebsor ndaj mjedisit. P\u00ebrdorimi i tij kontribuon n\u00eb uljen e ndikimit negativ n\u00eb mjedis, duke i b\u00ebr\u00eb tubat plastik\u00eb nj\u00eb zgjedhje m\u00eb t\u00eb q\u00ebndrueshme p\u00ebr nd\u00ebrtimin e infrastruktur\u00ebs.<\/p>\n<h3>Aplikime shtes\u00eb:<\/h3>\n<p>Fal\u00eb karakteristikave t\u00eb tyre t\u00eb jasht\u00ebzakonshme mekanike dhe rezistenc\u00ebs ndaj substancave agresive, tubat plastike t\u00eb kanalizimit mund t\u00eb p\u00ebrdoren n\u00eb nj\u00eb s\u00ebr\u00eb aplikimesh, duke p\u00ebrfshir\u00eb transportin e uj\u00ebrave t\u00eb ndotura industriale, kanalizimet e uj\u00ebrave t\u00eb shiut, tubat e ujitjes dhe n\u00eb sistemet e kullimit.<br \/>\n[\/vc_column_text][\/vc_column_inner][\/vc_row_inner][vc_empty_space][\/vc_column][\/vc_row][vc_row][vc_column][vc_column_text css=&#8221;.vc_custom_1726185010265{padding-top: 30px !important;padding-right: 30px !important;padding-bottom: 30px !important;padding-left: 30px !important;background-color: #efefef !important;border-radius: 15px !important;}&#8221;]T\u00eb gjitha k\u00ebto p\u00ebrpar\u00ebsi i b\u00ebjn\u00eb tubat e m\u00ebdhenj plastik\u00eb t\u00eb kanalizimit nj\u00eb zgjidhje t\u00ebrheq\u00ebse n\u00eb nd\u00ebrtimet moderne, duke ofruar nj\u00eb alternativ\u00eb efikase, afatgjat\u00eb dhe t\u00eb q\u00ebndrueshme ndaj mjedisit n\u00eb krahasim me tubat tradicionale qeramike.<br \/>\n[\/vc_column_text][vc_column_text][\/vc_column_text][vc_empty_space][\/vc_column][\/vc_row][vc_row full_width=&#8221;stretch_row_content_no_spaces&#8221;][vc_column][vc_column_text]<img loading=\"lazy\" decoding=\"async\" class=\"aligncenter wp-image-232 size-full\" src=\"https:\/\/cabarplast.com\/wp-content\/uploads\/2024\/03\/footer-4.png\" alt=\"\" width=\"1919\" height=\"50\" srcset=\"https:\/\/cabarplast.com\/wp-content\/uploads\/2024\/03\/footer-4.png 1919w, https:\/\/cabarplast.com\/wp-content\/uploads\/2024\/03\/footer-4-300x8.png 300w, https:\/\/cabarplast.com\/wp-content\/uploads\/2024\/03\/footer-4-1024x27.png 1024w, https:\/\/cabarplast.com\/wp-content\/uploads\/2024\/03\/footer-4-768x20.png 768w, https:\/\/cabarplast.com\/wp-content\/uploads\/2024\/03\/footer-4-1536x40.png 1536w\" sizes=\"auto, (max-width: 1919px) 100vw, 1919px\" \/>[\/vc_column_text][\/vc_column][\/vc_row]<\/p>\n<\/div>","protected":false},"excerpt":{"rendered":"<p>[vc_row][vc_column width=&#8221;1\/2&#8243;][\/vc_column][vc_column width=&#8221;1\/2&#8243; css=&#8221;.vc_custom_1709647368309{border-left-width: 1px !important;padding-right: 30px !important;padding-left: 30px !important;border-left-color: #0e415f !important;border-left-style: solid !important;}&#8221;][vc_column_text css=&#8221;&#8221;] Tubat e kanalizimit &nbsp; Tubat e m\u00ebdha t\u00eb kanalizimit prej plastike jan\u00eb t\u00eb dizajnuara p\u00ebr t\u00eb menaxhuar n\u00eb m\u00ebnyr\u00eb efikase uj\u00ebrat e ndotura n\u00eb familje dhe industri. Ato jan\u00eb b\u00ebr\u00eb nga materiale shum\u00eb rezistente si HDPE, duke i b\u00ebr\u00eb ato&hellip;<\/p>\n","protected":false},"author":1,"featured_media":0,"parent":0,"menu_order":0,"comment_status":"closed","ping_status":"closed","template":"","meta":{"footnotes":""},"class_list":["post-2003","page","type-page","status-publish","hentry","description-off"],"_links":{"self":[{"href":"https:\/\/cabarplast.com\/sq\/wp-json\/wp\/v2\/pages\/2003","targetHints":{"allow":["GET"]}}],"collection":[{"href":"https:\/\/cabarplast.com\/sq\/wp-json\/wp\/v2\/pages"}],"about":[{"href":"https:\/\/cabarplast.com\/sq\/wp-json\/wp\/v2\/types\/page"}],"author":[{"embeddable":true,"href":"https:\/\/cabarplast.com\/sq\/wp-json\/wp\/v2\/users\/1"}],"replies":[{"embeddable":true,"href":"https:\/\/cabarplast.com\/sq\/wp-json\/wp\/v2\/comments?post=2003"}],"version-history":[{"count":2,"href":"https:\/\/cabarplast.com\/sq\/wp-json\/wp\/v2\/pages\/2003\/revisions"}],"predecessor-version":[{"id":2006,"href":"https:\/\/cabarplast.com\/sq\/wp-json\/wp\/v2\/pages\/2003\/revisions\/2006"}],"wp:attachment":[{"href":"https:\/\/cabarplast.com\/sq\/wp-json\/wp\/v2\/media?parent=2003"}],"curies":[{"name":"wp","href":"https:\/\/api.w.org\/{rel}","templated":true}]}}