{"id":1996,"date":"2024-03-04T21:14:34","date_gmt":"2024-03-04T21:14:34","guid":{"rendered":"https:\/\/cabarplast.com\/cevi-za-ventilaciju\/"},"modified":"2024-10-14T20:42:03","modified_gmt":"2024-10-14T20:42:03","slug":"tubat-e-ventilimit","status":"publish","type":"page","link":"https:\/\/cabarplast.com\/sq\/tubat-e-ventilimit\/","title":{"rendered":"Tubat e ventilimit"},"content":{"rendered":"<div class=\"wpb-content-wrapper\"><p>[vc_row][vc_column width=&#8221;1\/2&#8243;]<style type=\"text\/css\" data-type=\"the7_shortcodes-inline-css\">.gallery-carousel-shortcode.gallery-carousel-shortcode-id-a11bacde52935f7cda3eedfb4baa1ea6 .owl-nav a {\n  width: 30px;\n  height: 30px;\n  border-radius: 500px;\n}\n.dt-arrow-border-on.gallery-carousel-shortcode.gallery-carousel-shortcode-id-a11bacde52935f7cda3eedfb4baa1ea6 .owl-nav a:not(:hover):before {\n  border-width: 0px;\n}\n.dt-arrow-hover-border-on.gallery-carousel-shortcode.gallery-carousel-shortcode-id-a11bacde52935f7cda3eedfb4baa1ea6 .owl-nav a:hover:after {\n  border-width: 0px;\n}\n.gallery-carousel-shortcode.gallery-carousel-shortcode-id-a11bacde52935f7cda3eedfb4baa1ea6 .owl-nav a.owl-prev {\n  top: calc(100% + 0px);\n  left: -43px;\n}\n.gallery-carousel-shortcode.gallery-carousel-shortcode-id-a11bacde52935f7cda3eedfb4baa1ea6 .owl-nav a.owl-prev i {\n  padding: 0px 5px 0px 5px;\n}\n.gallery-carousel-shortcode.gallery-carousel-shortcode-id-a11bacde52935f7cda3eedfb4baa1ea6 .owl-nav a.owl-next {\n  top: calc(100% + 0px);\n  right: -43px;\n}\n.gallery-carousel-shortcode.gallery-carousel-shortcode-id-a11bacde52935f7cda3eedfb4baa1ea6 .owl-nav a.owl-next i {\n  padding: 0px 5px 0px 5px;\n}\n.gallery-carousel-shortcode.gallery-carousel-shortcode-id-a11bacde52935f7cda3eedfb4baa1ea6 .owl-nav i {\n  font-size: 15px;\n}\n.gallery-carousel-shortcode.gallery-carousel-shortcode-id-a11bacde52935f7cda3eedfb4baa1ea6 .owl-nav a:not(:hover) i,\n.gallery-carousel-shortcode.gallery-carousel-shortcode-id-a11bacde52935f7cda3eedfb4baa1ea6 .owl-nav a:not(:hover) i:before {\n  color: #ffffff;\n  background: none;\n}\n.gallery-carousel-shortcode.gallery-carousel-shortcode-id-a11bacde52935f7cda3eedfb4baa1ea6 .owl-nav a:hover i,\n.gallery-carousel-shortcode.gallery-carousel-shortcode-id-a11bacde52935f7cda3eedfb4baa1ea6 .owl-nav a:hover i:before {\n  color: rgba(255,255,255,0.75);\n  background: none;\n}\n.gallery-carousel-shortcode.gallery-carousel-shortcode-id-a11bacde52935f7cda3eedfb4baa1ea6 .owl-dots {\n  top: calc(100% + 20px);\n  left: 50%;\n  transform: translateX(calc(-50% + 0px));\n}\n@media all and (-ms-high-contrast: none) {\n  .gallery-carousel-shortcode.gallery-carousel-shortcode-id-a11bacde52935f7cda3eedfb4baa1ea6 .owl-dots {\n    transform: translateX(-50%);\n    margin-left: 0px;\n  }\n}\n.gallery-carousel-shortcode.gallery-carousel-shortcode-id-a11bacde52935f7cda3eedfb4baa1ea6 .owl-dot {\n  width: 10px;\n  height: 10px;\n  margin: 0 8px;\n}\n@media screen and (max-width: 778px) {\n  .gallery-carousel-shortcode.gallery-carousel-shortcode-id-a11bacde52935f7cda3eedfb4baa1ea6.hide-arrows .owl-nav a {\n    display: none;\n  }\n}\n@media screen and (max-width: 778px) {\n  .gallery-carousel-shortcode.gallery-carousel-shortcode-id-a11bacde52935f7cda3eedfb4baa1ea6.reposition-arrows .owl-nav .owl-prev {\n    top: calc(100% + 0px);\n    left: 10px;\n  }\n  .gallery-carousel-shortcode.gallery-carousel-shortcode-id-a11bacde52935f7cda3eedfb4baa1ea6.reposition-arrows .owl-nav .owl-next {\n    top: calc(100% + 0px);\n    right: 10px;\n  }\n}\n.gallery-carousel-shortcode.gallery-carousel-shortcode-id-a11bacde52935f7cda3eedfb4baa1ea6 figure,\n.gallery-carousel-shortcode.gallery-carousel-shortcode-id-a11bacde52935f7cda3eedfb4baa1ea6 .rollover,\n.gallery-carousel-shortcode.gallery-carousel-shortcode-id-a11bacde52935f7cda3eedfb4baa1ea6 img,\n.gallery-carousel-shortcode.gallery-carousel-shortcode-id-a11bacde52935f7cda3eedfb4baa1ea6 .gallery-rollover {\n  border-radius: 0px;\n}\n.gallery-carousel-shortcode.gallery-carousel-shortcode-id-a11bacde52935f7cda3eedfb4baa1ea6.enable-bg-rollover .gallery-rollover {\n  background: -webkit-linear-gradient();\n  background: linear-gradient();\n}\n.gallery-carousel-shortcode.gallery-carousel-shortcode-id-a11bacde52935f7cda3eedfb4baa1ea6.enable-img-shadow .owl-stage-outer {\n  padding: 14px 0;\n}\n.gallery-carousel-shortcode.gallery-carousel-shortcode-id-a11bacde52935f7cda3eedfb4baa1ea6.enable-bg-rollover.hover-scale figure .rollover:after {\n  background: -webkit-linear-gradient();\n  background: linear-gradient();\n}\n.gallery-carousel-shortcode.gallery-carousel-shortcode-id-a11bacde52935f7cda3eedfb4baa1ea6.gallery-shortcode .gallery-zoom-ico {\n  width: 44px;\n  height: 44px;\n  line-height: 44px;\n  border-radius: 100px;\n  margin: -22px 0 0 -22px;\n  border-width: 0px;\n}\n.dt-icon-bg-on.gallery-carousel-shortcode.gallery-carousel-shortcode-id-a11bacde52935f7cda3eedfb4baa1ea6.gallery-shortcode .gallery-zoom-ico {\n  background: rgba(255,255,255,0.3);\n  box-shadow: none;\n}\n.gallery-carousel-shortcode.gallery-carousel-shortcode-id-a11bacde52935f7cda3eedfb4baa1ea6.gallery-shortcode .gallery-zoom-ico:before,\n.gallery-carousel-shortcode.gallery-carousel-shortcode-id-a11bacde52935f7cda3eedfb4baa1ea6.gallery-shortcode .gallery-zoom-ico span {\n  font-size: 32px;\n  line-height: 44px;\n  color: #ffffff;\n  background: none;\n}\n<\/style><div class=\"owl-carousel gallery-carousel-shortcode gallery-shortcode  dt-gallery-container dt-owl-carousel-call gallery-carousel-shortcode-id-a11bacde52935f7cda3eedfb4baa1ea6 quick-scale-img enable-bg-rollover meta-info-off dt-arrow-border-on dt-arrow-hover-border-on bullets-small-dot-stroke reposition-arrows dt-icon-bg-off arrows-bg-on disable-arrows-hover-bg arrows-hover-bg-on  vc_custom_1713171097252 hover-fade \" data-scroll-mode=\"1\" data-col-num=\"1\" data-wide-col-num=\"1\" data-laptop-col=\"1\" data-h-tablet-columns-num=\"1\" data-v-tablet-columns-num=\"1\" data-phone-columns-num=\"1\" data-col-gap=\"10\" data-stage-padding=\"0\" data-speed=\"600\" data-autoplay=\"false\" data-autoplay_speed=\"6000\" data-arrows=\"true\" data-bullet=\"false\" data-next-icon=\"icon-ar-017-r\" data-prev-icon=\"icon-ar-017-l\" data-img-shadow-size=\"12px\" data-img-shadow-spread=\"3px\"><div data-post-id=\"2000\" data-date=\"2024-04-15T08:51:09+00:00\" data-name=\"cevi-za-ventilaciju\"><figure class=\"post\"><a href=\"https:\/\/cabarplast.com\/wp-content\/uploads\/2024\/04\/cevi-za-ventilaciju-1.jpg\" class=\"rollover dt-pswp-item layzr-bg\" data-large_image_width=\"1080\" data-large_image_height=\"1080\" data-dt-img-description=\"\" title=\"cevi-za-ventilaciju\"><img fetchpriority=\"high\" decoding=\"async\" class=\"preload-me owl-lazy-load aspect\" src=\"data:image\/svg+xml,%3Csvg%20xmlns%3D&#39;http%3A%2F%2Fwww.w3.org%2F2000%2Fsvg&#39;%20viewBox%3D&#39;0%200%201080%201080&#39;%2F%3E\" data-src=\"https:\/\/cabarplast.com\/wp-content\/uploads\/2024\/04\/cevi-za-ventilaciju-1.jpg\" data-srcset=\"https:\/\/cabarplast.com\/wp-content\/uploads\/2024\/04\/cevi-za-ventilaciju-1.jpg 1080w\" loading=\"eager\" style=\"--ratio: 1080 \/ 1080\" sizes=\"(max-width: 1080px) 100vw, 1080px\" alt=\"\" width=\"1080\" height=\"1080\"  \/><span class=\"gallery-rollover\"><span class=\"gallery-zoom-ico icomoon-the7-font-the7-zoom-06\"><span><\/span><\/span><\/span><\/a><\/figure><\/div><\/div>[\/vc_column][vc_column width=&#8221;1\/2&#8243; css=&#8221;.vc_custom_1709647368309{border-left-width: 1px !important;padding-right: 30px !important;padding-left: 30px !important;border-left-color: #0e415f !important;border-left-style: solid !important;}&#8221;][vc_column_text css=&#8221;&#8221;]<\/p>\n<h1>Tubat e <strong>ventilimit<\/strong><\/h1>\n<p>&nbsp;<\/p>\n<p>Tubat e ventilimit jan\u00eb nj\u00eb p\u00ebrb\u00ebr\u00ebs thelb\u00ebsor i \u00e7do sistemi ventilimi, duke sh\u00ebrbyer p\u00ebr t\u00eb transportuar ajrin nga nj\u00eb hap\u00ebsir\u00eb n\u00eb nj\u00eb tjet\u00ebr. Ato mund\u00ebsojn\u00eb qarkullimin, filtrimin dhe shk\u00ebmbimin e ajrit brenda hap\u00ebsirave t\u00eb mbyllura, duke p\u00ebrmir\u00ebsuar k\u00ebshtu cil\u00ebsin\u00eb e ajrit dhe duke parandaluar grumbullimin e substancave t\u00eb d\u00ebmshme, lag\u00ebshtis\u00eb dhe aromave t\u00eb pak\u00ebndshme.<\/p>\n<p>Tubat e ventilimit \u010cabar Plast mund t\u00eb jen\u00eb drejtk\u00ebnd\u00ebshe ose t\u00eb rrumbullak\u00ebta, pra cilindrik\u00eb n\u00eb form\u00eb.<br \/>\n[\/vc_column_text][vc_empty_space height=&#8221;20&#8243;]<a href=\"https:\/\/cabarplast.com\/sq\/kontakt\/\" class=\"btn-shortcode dt-btn-m dt-btn default-btn-color default-btn-hover-color default-btn-bg-color default-btn-bg-hover-color\" id=\"dt-btn-1\"><span>Kontaktoni me ne<\/span><\/a>[\/vc_column][\/vc_row][vc_row][vc_column][vc_empty_space height=&#8221;50&#8243;][vc_column_text css=&#8221;.vc_custom_1726183718602{padding-right: 30px !important;padding-left: 30px !important;}&#8221;]<\/p>\n<h2>Kanalet plastike t\u00eb ventilimit &#8211; p\u00ebrdorimi<\/h2>\n<p>Tubat e m\u00ebdhenj plastik\u00eb jan\u00eb nj\u00eb element ky\u00e7 i sistemeve moderne t\u00eb ventilimit, fal\u00eb shkatht\u00ebsis\u00eb, fleksibilitetit, q\u00ebndrueshm\u00ebris\u00eb dhe efikasitetit t\u00eb tyre n\u00eb rregullimin e rrjedh\u00ebs s\u00eb ajrit. Aplikimi i tyre i gjer\u00eb p\u00ebrfshin lloje t\u00eb ndryshme t\u00eb nd\u00ebrtesave, duke luajtur nj\u00eb rol jet\u00ebsor n\u00eb ruajtjen e nj\u00eb mjedisi t\u00eb sh\u00ebndetsh\u00ebm dhe t\u00eb rehatsh\u00ebm.<\/p>\n<p><strong>\u010cabar Plast prodhon tuba ventilimi me madh\u00ebsi t\u00eb personalizuara, duke ofruar tuba t\u00eb rrumbullak\u00ebta dhe katrore, si dhe kanale ventilimi me brinj\u00eb dhe t\u00eb l\u00ebmuara.<\/strong><br \/>\n[\/vc_column_text][vc_empty_space height=&#8221;50&#8243;][\/vc_column][\/vc_row][vc_row full_width=&#8221;stretch_row_content_no_spaces&#8221;][vc_column][vc_column_text]<img loading=\"lazy\" decoding=\"async\" class=\"aligncenter wp-image-232 size-full\" src=\"https:\/\/cabarplast.com\/wp-content\/uploads\/2024\/03\/footer-4.png\" alt=\"\" width=\"1919\" height=\"50\" srcset=\"https:\/\/cabarplast.com\/wp-content\/uploads\/2024\/03\/footer-4.png 1919w, https:\/\/cabarplast.com\/wp-content\/uploads\/2024\/03\/footer-4-300x8.png 300w, https:\/\/cabarplast.com\/wp-content\/uploads\/2024\/03\/footer-4-1024x27.png 1024w, https:\/\/cabarplast.com\/wp-content\/uploads\/2024\/03\/footer-4-768x20.png 768w, https:\/\/cabarplast.com\/wp-content\/uploads\/2024\/03\/footer-4-1536x40.png 1536w\" sizes=\"auto, (max-width: 1919px) 100vw, 1919px\" \/>[\/vc_column_text][\/vc_column][\/vc_row][vc_row full_width=&#8221;stretch_row&#8221; css=&#8221;.vc_custom_1709643894007{background-color: #0e415f !important;}&#8221;][vc_column][vc_column_text css=&#8221;.vc_custom_1726183846634{padding-right: 30px !important;padding-left: 30px !important;}&#8221;]<\/p>\n<h3><span style=\"color: #fcb426;\">Kanalet plastike t\u00eb ventilimit n\u00eb nd\u00ebrtesat komerciale<\/span><\/h3>\n<p><span style=\"color: #ffffff;\">N\u00eb mjedisin dinamik t\u00eb hap\u00ebsirave komerciale, si komplekset e m\u00ebdha t\u00eb zyrave, qendrat tregtare, mjediset e mikpritjes si restorantet dhe institucionet arsimore duke p\u00ebrfshir\u00eb shkollat dhe universitetet, tubat e m\u00ebdhenj plastik\u00eb jan\u00eb t\u00eb domosdosh\u00ebm. Ato leht\u00ebsojn\u00eb zbatimin e sistemeve t\u00eb sofistikuara t\u00eb ventilimit t\u00eb centralizuar q\u00eb menaxhojn\u00eb n\u00eb m\u00ebnyr\u00eb efikase cil\u00ebsin\u00eb e ajrit, duke siguruar nj\u00eb atmosfer\u00eb t\u00eb sh\u00ebndetshme pune, komoditetin e klient\u00ebve dhe kushte optimale p\u00ebr m\u00ebsimnx\u00ebnie. P\u00ebr m\u00eb tep\u00ebr, aft\u00ebsia e k\u00ebtyre sistemeve p\u00ebr t&#8217;u p\u00ebrshtatur me nevojat e ndryshme hap\u00ebsinore i b\u00ebn ato nj\u00eb zgjidhje ideale p\u00ebr nj\u00eb spekt\u00ebr t\u00eb gjer\u00eb aplikimesh komerciale.<\/span><\/p>\n<p>&nbsp;<\/p>\n<h3><span style=\"color: #fcb426;\">P\u00ebrdorimi i Tubave Plastik\u00eb t\u00eb Ventilimit n\u00eb Objektet Industriale<\/span><\/h3>\n<p><span style=\"color: #ffffff;\">N\u00eb mjedisin sfidues t\u00eb impianteve industriale, ku sfidat si p\u00ebrqendrimet e larta t\u00eb gazrave t\u00eb d\u00ebmshme, tymi dhe pluhuri nga proceset intensive t\u00eb prodhimit jan\u00eb t\u00eb zakonshme, tubat e m\u00ebdhenj plastik\u00eb luajn\u00eb nj\u00eb rol thelb\u00ebsor n\u00eb mbrojtjen e sh\u00ebndetit t\u00eb pun\u00ebtor\u00ebve dhe ruajtjen e pajisjeve.<\/span><\/p>\n<p><span style=\"color: #fcb426;\"> K\u00ebto tuba t\u00eb fuqish\u00ebm heqin n\u00eb m\u00ebnyr\u00eb efektive emetimet e rrezikshme nga hap\u00ebsira e pun\u00ebs, duke reduktuar rrezikun e problemeve sh\u00ebndet\u00ebsore dhe duke p\u00ebrmir\u00ebsuar sigurin\u00eb e p\u00ebrgjithshme n\u00eb vendin e pun\u00ebs.<\/span>[\/vc_column_text][vc_empty_space height=&#8221;30&#8243;][\/vc_column][\/vc_row][vc_row][vc_column][vc_column_text css=&#8221;.vc_custom_1726183869506{padding-top: 30px !important;padding-right: 30px !important;padding-bottom: 30px !important;padding-left: 30px !important;background-color: #efefef !important;border-radius: 15px !important;}&#8221;]Ato p\u00ebrdoren p\u00ebr ventilimin e gazrave dhe avujve nga sht\u00ebpit\u00eb, fermat, stalla, nd\u00ebrtesat dhe objektet industriale. Tubat plastik\u00eb t\u00eb ventilimit t\u00eb \u00e7atis\u00eb dhe oxhaqet ose ventilimet plastike t\u00eb ventilimit p\u00ebrdoren p\u00ebr shkarkimin e avujve. Ato p\u00ebrdoren gjer\u00ebsisht n\u00eb objektet industriale dhe fermat.<\/p>\n<p><strong>Tubat e ventilimit \u010cabar plast n\u00eb ferma zakonisht instalohen n\u00eb \u00e7atit\u00eb e fermave dhe stallave, dhe t\u00eb gjitha llojet e ventilator\u00ebve standard p\u00ebr ventilimin e avujve nga fermat ose stalla mund t\u00eb instalohen n\u00eb tubat tona.<\/strong>[\/vc_column_text][vc_column_text][\/vc_column_text][vc_empty_space][\/vc_column][\/vc_row][vc_row][vc_column][vc_column_text css=&#8221;.vc_custom_1726183981495{padding-top: 30px !important;padding-right: 30px !important;padding-bottom: 30px !important;padding-left: 30px !important;background-color: #0e415f !important;border-radius: 15px !important;}&#8221;]<\/p>\n<h2><span style=\"color: #fcb426;\">TUBAT E VENTILIMIT \u010cABAR PLAST JAN\u00cb T\u00cb B\u00cbRA NGA HDPE, DUKE:<\/span><\/h2>\n<ul>\n<li><span style=\"color: #ffffff;\">Garantuar rezistenc\u00eb ndaj ujit dhe duke qen\u00eb nj\u00eb zgjidhje afatgjat\u00eb, pasi materiali humbet vet\u00ebm 5% t\u00eb vetive t\u00eb tij pas 50 vitesh p\u00ebrdorim.<\/span><\/li>\n<li><span style=\"color: #ffffff;\">Tubat e ventilimit jan\u00eb rezistent ndaj rrezeve UV, p\u00ebrballojn\u00eb temperatura ekstreme nga -30\u00b0C deri n\u00eb +80\u00b0C.<\/span><\/li>\n<li><span style=\"color: #ffffff;\">Tubat e ventilimit jan\u00eb t\u00eb testuar mjedisor\u00eb (nuk ndotin mjedisin) dhe t\u00eb b\u00ebra nga HDPE.<\/span><\/li>\n<li><span style=\"color: #ffffff;\">Tubat e ventilimit jan\u00eb termostabil\u00eb.<\/span><\/li>\n<li><span style=\"color: #ffffff;\">Tubat e ventilimit jan\u00eb rezistent\u00eb ndaj korrozionit n\u00eb brend\u00ebsi t\u00eb nd\u00ebrtes\u00ebs.<\/span><\/li>\n<li><span style=\"color: #ffffff;\">Kan\u00eb kapacitet t\u00eb mir\u00eb mbajt\u00ebs t\u00eb ngarkes\u00ebs.<\/span><\/li>\n<li><span style=\"color: #ffffff;\">Jan\u00eb rezistent ndaj impaktit, q\u00eb do t\u00eb thot\u00eb se nuk tregojn\u00eb shenja t\u00eb dukshme.<\/span><\/li>\n<li><span style=\"color: #ffffff;\">Dhe e r\u00ebnd\u00ebsishme, ato jan\u00eb t\u00eb lehta p\u00ebr t&#8217;u instaluar dhe kan\u00eb kosto minimale mir\u00ebmbajtjeje.<\/span><\/li>\n<\/ul>\n<p><span style=\"color: #ffffff;\">Tubat e ventilimit \u010cabar Plast jan\u00eb b\u00ebr\u00eb nga polietileni me densitet t\u00eb lart\u00eb, ashtu si pontonet tona, katamaran\u00ebt, rezervuar\u00ebt e ujit, rezervuar\u00ebt vertikal\u00eb t\u00eb ujit, rezervuar\u00ebt e naft\u00ebs, fu\u00e7it\u00eb e mushtit, barkat e sheshta, rezervuar\u00ebt e ujitjes, rezervuar\u00ebt septik, ndar\u00ebsit e yndyr\u00ebs dhe vajit, fu\u00e7it\u00eb plastike t\u00eb ver\u00ebs.<\/span><\/p>\n<p><span style=\"color: #fcb426;\">T\u00eb gjitha tubat tan\u00eb t\u00eb ventilimit mund t\u00eb pajisen me t\u00eb ashtuquajturat valvola flutur q\u00eb parandalojn\u00eb hyrjen e shiut, bor\u00ebs, bresh\u00ebrit apo \u00e7do reshjeje atmosferike n\u00eb nd\u00ebrtes\u00eb.<\/span>[\/vc_column_text][vc_empty_space][\/vc_column][\/vc_row][vc_row][vc_column][vc_column_text css=&#8221;.vc_custom_1726184328694{padding-right: 30px !important;padding-left: 30px !important;}&#8221;]<\/p>\n<h3>Tubat plastike t\u00eb ventilimit t\u00eb b\u00ebra nga polietileni me densitet t\u00eb lart\u00eb, ose HDPE, prodhohen n\u00eb diametra standard\u00eb:<\/h3>\n<ul>\n<li>\u00d8 300 mm,<\/li>\n<li>\u00d8 400 mm<\/li>\n<li>\u00d8 500 mm<\/li>\n<li>\u00d8 600 mm<\/li>\n<li>\u00d8 800 mm<\/li>\n<li>\u00d8 1000 mm<\/li>\n<li>\u00d8 1200 mm<\/li>\n<li>\u00d8 1300 mm<\/li>\n<li>\u00d8 1600 mm e deri n\u00eb<\/li>\n<li>\u00d8 3000 mm<\/li>\n<\/ul>\n<p>Sipas nevojave dhe k\u00ebrkesave t\u00eb klient\u00ebve, ato mund t\u00eb b\u00ebhen n\u00eb t\u00eb gjitha gjat\u00ebsit\u00eb dhe diametra t\u00eb ndrysh\u00ebm, t\u00eb bashkuara me flanges. Ekziston gjithashtu mund\u00ebsia e b\u00ebrjes s\u00eb b\u00ebrrylave t\u00eb shkall\u00ebve t\u00eb ndryshme p\u00ebr t\u00eb drejtuar tubat e ventilimit sipas d\u00ebshir\u00ebs; \u00ebsht\u00eb e nevojshme vet\u00ebm t\u00eb dihet rrezja n\u00eb baz\u00eb t\u00eb s\u00eb cil\u00ebs b\u00ebhen b\u00ebrrylat p\u00ebr tubat e ventilimit.<\/p>\n<p><strong>Ne prodhojm\u00eb tuba ventilimi me cil\u00ebsin\u00eb m\u00eb t\u00eb lart\u00eb me \u00e7mimet m\u00eb t\u00eb favorshme.<\/strong><\/p>\n<p>Na telefononi dhe binduni vet\u00eb.[\/vc_column_text][vc_empty_space][\/vc_column][\/vc_row][vc_row][vc_column][vc_column_text css=&#8221;.vc_custom_1726184099960{padding-top: 30px !important;padding-right: 30px !important;padding-bottom: 30px !important;padding-left: 30px !important;background-color: #0e415f !important;border-radius: 15px !important;}&#8221;]<span style=\"color: #fcb426;\">Tubat e ventilimit \u010cabar plast instalohen shpejt dhe leht\u00eb, jan\u00eb m\u00eb t\u00eb lira, jo korrozive dhe termostabil\u00eb, ndryshe nga kanalet metalike ose t\u00eb galvanizuara. <\/span><\/p>\n<p><span style=\"color: #ffffff;\">Ekziston mund\u00ebsia e instalimit t\u00eb difuzor\u00ebve, t\u00eb cil\u00ebt arrijn\u00eb nj\u00eb barazim t\u00eb shpejt\u00ebsis\u00eb s\u00eb rrjedhjes s\u00eb ajrit n\u00eb brezin e biosfer\u00ebs.<\/span><\/p>\n<p><span style=\"color: #fcb426;\">Jaluzit \u010cabar Plast sh\u00ebrbejn\u00eb gjithashtu p\u00ebr t\u00eb rregulluar rrjedh\u00ebn. Ne gjithashtu kemi jaluzit kund\u00ebr r\u00ebr\u00ebs q\u00eb arrijn\u00eb ndarjen e r\u00ebr\u00ebs nga rrjedha e ajrit. Jaluzit e kombinuara jan\u00eb nj\u00eb kombinim i jaluzive fikse dhe rregulluese.<\/span><\/p>\n<p><span style=\"color: #fcb426;\">Tubat e m\u00ebdhenj plastik\u00eb t\u00eb ventilimit jan\u00eb gjithnj\u00eb e m\u00eb shum\u00eb t\u00eb pranish\u00ebm n\u00eb sistemet moderne t\u00eb ventilimit, fal\u00eb nj\u00eb s\u00ebr\u00eb avantazhesh q\u00eb ofrojn\u00eb mbi tubat tradicional\u00eb metalik\u00eb. K\u00ebtu ne i shqyrtojm\u00eb k\u00ebto avantazhe n\u00eb m\u00eb shum\u00eb detaje, si dhe disa t\u00eb meta t\u00eb mundshme q\u00eb mund t\u00eb lindin n\u00eb p\u00ebrdorimin e tyre.<br \/>\n<\/span>[\/vc_column_text][vc_empty_space][\/vc_column][\/vc_row][vc_row][vc_column][vc_column_text css=&#8221;.vc_custom_1726184244688{padding-right: 30px !important;padding-left: 30px !important;}&#8221;]<\/p>\n<h3>Avantazhet e tubave t\u00eb m\u00ebdhenj plastik\u00eb t\u00eb ventilimit:<\/h3>\n<ul>\n<li><strong>Rezistenca ndaj korrozionit:<\/strong> Nj\u00eb nga atributet m\u00eb t\u00eb r\u00ebnd\u00ebsishme t\u00eb tubave plastik\u00eb \u00ebsht\u00eb rezistenca e tyre e jasht\u00ebzakonshme ndaj korrozionit. Ndryshe nga tubat metalik\u00eb q\u00eb mund t\u00eb jen\u00eb t\u00eb ndjesh\u00ebm ndaj korrozionit p\u00ebr shkak t\u00eb ekspozimit ndaj lag\u00ebshtis\u00eb, agjent\u00ebve kimik\u00eb ose krip\u00ebrave, tubat plastik\u00eb mbeten t\u00eb paprekur. Kjo karakteristik\u00eb zgjat ndjesh\u00ebm jet\u00ebgjat\u00ebsin\u00eb e sistemit t\u00eb ventilimit dhe zvog\u00eblon nevoj\u00ebn p\u00ebr mir\u00ebmbajtje ose z\u00ebvend\u00ebsim t\u00eb shpesht\u00eb.<br \/>\nInstalim m\u00eb i leht\u00eb: Tubat plastik\u00eb jan\u00eb duksh\u00ebm m\u00eb t\u00eb leht\u00eb dhe m\u00eb fleksib\u00ebl se homolog\u00ebt e tyre metalik\u00eb, duke leht\u00ebsuar trajtimin dhe montimin e tyre. Kjo jo vet\u00ebm q\u00eb p\u00ebrshpejton procesin e instalimit, por gjithashtu ul kostot e pun\u00ebs, duke e b\u00ebr\u00eb instalimin e p\u00ebrgjithsh\u00ebm t\u00eb sistemit t\u00eb ventilimit m\u00eb ekonomik.<\/li>\n<li><strong>Reduktimi i zhurm\u00ebs:<\/strong> Fal\u00eb vetive t\u00eb natyrshme t\u00eb plastik\u00ebs q\u00eb thithin z\u00ebrin m\u00eb mir\u00eb se metali, tubat plastik\u00eb kontribuojn\u00eb n\u00eb uljen e zhurm\u00ebs n\u00eb sistemet e ventilimit. Kjo \u00ebsht\u00eb ve\u00e7an\u00ebrisht e dobishme n\u00eb mjedise ku ulja e zhurm\u00ebs \u00ebsht\u00eb p\u00ebrpar\u00ebsi, si spitalet, shkollat dhe nd\u00ebrtesat e banimit.<\/li>\n<li><strong>Q\u00ebndrueshm\u00ebria ekonomike:<\/strong> N\u00eb p\u00ebrgjith\u00ebsi, tubat plastik\u00eb jan\u00eb m\u00eb kosto-efektiv\u00eb se metali, duke i b\u00ebr\u00eb ato nj\u00eb mund\u00ebsi ekonomikisht t\u00eb favorshme p\u00ebr shum\u00eb projekte. P\u00ebrve\u00e7 kostove fillestare m\u00eb t\u00eb ul\u00ebta, kursimet afatgjata arrihen gjithashtu p\u00ebrmes kostove m\u00eb t\u00eb ul\u00ebta t\u00eb mir\u00ebmbajtjes dhe jet\u00ebgjat\u00ebsis\u00eb m\u00eb t\u00eb gjat\u00eb.<\/li>\n<\/ul>\n<h3>Disavantazhet e tubave t\u00eb m\u00ebdhenj plastik\u00eb t\u00eb ventilimit:<\/h3>\n<p>Kufizime n\u00eb aspektin e siguris\u00eb nga zjarri: Krahasuar me tubat metalik\u00eb, tubat plastik\u00eb mund t\u00eb jen\u00eb m\u00eb pak t\u00eb d\u00ebshirueshme n\u00eb aplikime ku zbatohen standarde dhe rregullore t\u00eb rrepta t\u00eb siguris\u00eb nga zjarri, p\u00ebr shkak t\u00eb ndezshm\u00ebris\u00eb s\u00eb tyre m\u00eb t\u00eb lart\u00eb.[\/vc_column_text][vc_empty_space][\/vc_column][\/vc_row][vc_row][vc_column][vc_column_text css=&#8221;.vc_custom_1726184258862{padding-top: 30px !important;padding-right: 30px !important;padding-bottom: 30px !important;padding-left: 30px !important;background-color: #efefef !important;border-radius: 15px !important;}&#8221;]P\u00ebrpar\u00ebsit\u00eb q\u00eb sjellin tubat e m\u00ebdhenj plastik\u00eb shpesh i tejkalojn\u00eb k\u00ebto kufizime, ve\u00e7an\u00ebrisht n\u00eb aplikimet ku rezistenca ndaj korrozionit, instalimi m\u00eb i leht\u00eb, reduktimi i zhurm\u00ebs dhe q\u00ebndrueshm\u00ebria ekonomike jan\u00eb faktor\u00eb ky\u00e7. \u00cbsht\u00eb e r\u00ebnd\u00ebsishme t\u00eb merren n\u00eb konsiderat\u00eb me kujdes k\u00ebrkesat specifike t\u00eb secilit projekt kur zgjidhni materialet p\u00ebr tubat e ventilimit.<br \/>\n[\/vc_column_text][vc_column_text][\/vc_column_text][vc_empty_space][\/vc_column][\/vc_row][vc_row full_width=&#8221;stretch_row_content_no_spaces&#8221;][vc_column][vc_column_text]<img loading=\"lazy\" decoding=\"async\" class=\"aligncenter wp-image-232 size-full\" src=\"https:\/\/cabarplast.com\/wp-content\/uploads\/2024\/03\/footer-4.png\" alt=\"\" width=\"1919\" height=\"50\" srcset=\"https:\/\/cabarplast.com\/wp-content\/uploads\/2024\/03\/footer-4.png 1919w, https:\/\/cabarplast.com\/wp-content\/uploads\/2024\/03\/footer-4-300x8.png 300w, https:\/\/cabarplast.com\/wp-content\/uploads\/2024\/03\/footer-4-1024x27.png 1024w, https:\/\/cabarplast.com\/wp-content\/uploads\/2024\/03\/footer-4-768x20.png 768w, https:\/\/cabarplast.com\/wp-content\/uploads\/2024\/03\/footer-4-1536x40.png 1536w\" sizes=\"auto, (max-width: 1919px) 100vw, 1919px\" \/>[\/vc_column_text][\/vc_column][\/vc_row]<\/p>\n<\/div>","protected":false},"excerpt":{"rendered":"<p>[vc_row][vc_column width=&#8221;1\/2&#8243;][\/vc_column][vc_column width=&#8221;1\/2&#8243; css=&#8221;.vc_custom_1709647368309{border-left-width: 1px !important;padding-right: 30px !important;padding-left: 30px !important;border-left-color: #0e415f !important;border-left-style: solid !important;}&#8221;][vc_column_text css=&#8221;&#8221;] Tubat e ventilimit &nbsp; Tubat e ventilimit jan\u00eb nj\u00eb p\u00ebrb\u00ebr\u00ebs thelb\u00ebsor i \u00e7do sistemi ventilimi, duke sh\u00ebrbyer p\u00ebr t\u00eb transportuar ajrin nga nj\u00eb hap\u00ebsir\u00eb n\u00eb nj\u00eb tjet\u00ebr. Ato mund\u00ebsojn\u00eb qarkullimin, filtrimin dhe shk\u00ebmbimin e ajrit brenda hap\u00ebsirave t\u00eb mbyllura, duke&hellip;<\/p>\n","protected":false},"author":1,"featured_media":0,"parent":0,"menu_order":0,"comment_status":"closed","ping_status":"closed","template":"","meta":{"footnotes":""},"class_list":["post-1996","page","type-page","status-publish","hentry","description-off"],"_links":{"self":[{"href":"https:\/\/cabarplast.com\/sq\/wp-json\/wp\/v2\/pages\/1996","targetHints":{"allow":["GET"]}}],"collection":[{"href":"https:\/\/cabarplast.com\/sq\/wp-json\/wp\/v2\/pages"}],"about":[{"href":"https:\/\/cabarplast.com\/sq\/wp-json\/wp\/v2\/types\/page"}],"author":[{"embeddable":true,"href":"https:\/\/cabarplast.com\/sq\/wp-json\/wp\/v2\/users\/1"}],"replies":[{"embeddable":true,"href":"https:\/\/cabarplast.com\/sq\/wp-json\/wp\/v2\/comments?post=1996"}],"version-history":[{"count":3,"href":"https:\/\/cabarplast.com\/sq\/wp-json\/wp\/v2\/pages\/1996\/revisions"}],"predecessor-version":[{"id":2001,"href":"https:\/\/cabarplast.com\/sq\/wp-json\/wp\/v2\/pages\/1996\/revisions\/2001"}],"wp:attachment":[{"href":"https:\/\/cabarplast.com\/sq\/wp-json\/wp\/v2\/media?parent=1996"}],"curies":[{"name":"wp","href":"https:\/\/api.w.org\/{rel}","templated":true}]}}