{"id":1961,"date":"2024-03-04T21:14:41","date_gmt":"2024-03-04T21:14:41","guid":{"rendered":"https:\/\/cabarplast.com\/drenazne-cevi\/"},"modified":"2024-10-14T20:42:50","modified_gmt":"2024-10-14T20:42:50","slug":"tubat-e-kullimit","status":"publish","type":"page","link":"https:\/\/cabarplast.com\/sq\/tubat-e-kullimit\/","title":{"rendered":"Tubat e Kullimit"},"content":{"rendered":"<div class=\"wpb-content-wrapper\"><p>[vc_row][vc_column width=&#8221;1\/2&#8243;]<style type=\"text\/css\" data-type=\"the7_shortcodes-inline-css\">.gallery-carousel-shortcode.gallery-carousel-shortcode-id-8bbc2b1e9120c9c329dcadb2cbe4c517 .owl-nav a {\n  width: 30px;\n  height: 30px;\n  border-radius: 500px;\n}\n.dt-arrow-border-on.gallery-carousel-shortcode.gallery-carousel-shortcode-id-8bbc2b1e9120c9c329dcadb2cbe4c517 .owl-nav a:not(:hover):before {\n  border-width: 0px;\n}\n.dt-arrow-hover-border-on.gallery-carousel-shortcode.gallery-carousel-shortcode-id-8bbc2b1e9120c9c329dcadb2cbe4c517 .owl-nav a:hover:after {\n  border-width: 0px;\n}\n.gallery-carousel-shortcode.gallery-carousel-shortcode-id-8bbc2b1e9120c9c329dcadb2cbe4c517 .owl-nav a.owl-prev {\n  top: calc(100% + 0px);\n  left: -43px;\n}\n.gallery-carousel-shortcode.gallery-carousel-shortcode-id-8bbc2b1e9120c9c329dcadb2cbe4c517 .owl-nav a.owl-prev i {\n  padding: 0px 5px 0px 5px;\n}\n.gallery-carousel-shortcode.gallery-carousel-shortcode-id-8bbc2b1e9120c9c329dcadb2cbe4c517 .owl-nav a.owl-next {\n  top: calc(100% + 0px);\n  right: -43px;\n}\n.gallery-carousel-shortcode.gallery-carousel-shortcode-id-8bbc2b1e9120c9c329dcadb2cbe4c517 .owl-nav a.owl-next i {\n  padding: 0px 5px 0px 5px;\n}\n.gallery-carousel-shortcode.gallery-carousel-shortcode-id-8bbc2b1e9120c9c329dcadb2cbe4c517 .owl-nav i {\n  font-size: 15px;\n}\n.gallery-carousel-shortcode.gallery-carousel-shortcode-id-8bbc2b1e9120c9c329dcadb2cbe4c517 .owl-nav a:not(:hover) i,\n.gallery-carousel-shortcode.gallery-carousel-shortcode-id-8bbc2b1e9120c9c329dcadb2cbe4c517 .owl-nav a:not(:hover) i:before {\n  color: #ffffff;\n  background: none;\n}\n.gallery-carousel-shortcode.gallery-carousel-shortcode-id-8bbc2b1e9120c9c329dcadb2cbe4c517 .owl-nav a:hover i,\n.gallery-carousel-shortcode.gallery-carousel-shortcode-id-8bbc2b1e9120c9c329dcadb2cbe4c517 .owl-nav a:hover i:before {\n  color: rgba(255,255,255,0.75);\n  background: none;\n}\n.gallery-carousel-shortcode.gallery-carousel-shortcode-id-8bbc2b1e9120c9c329dcadb2cbe4c517 .owl-dots {\n  top: calc(100% + 20px);\n  left: 50%;\n  transform: translateX(calc(-50% + 0px));\n}\n@media all and (-ms-high-contrast: none) {\n  .gallery-carousel-shortcode.gallery-carousel-shortcode-id-8bbc2b1e9120c9c329dcadb2cbe4c517 .owl-dots {\n    transform: translateX(-50%);\n    margin-left: 0px;\n  }\n}\n.gallery-carousel-shortcode.gallery-carousel-shortcode-id-8bbc2b1e9120c9c329dcadb2cbe4c517 .owl-dot {\n  width: 10px;\n  height: 10px;\n  margin: 0 8px;\n}\n@media screen and (max-width: 778px) {\n  .gallery-carousel-shortcode.gallery-carousel-shortcode-id-8bbc2b1e9120c9c329dcadb2cbe4c517.hide-arrows .owl-nav a {\n    display: none;\n  }\n}\n@media screen and (max-width: 778px) {\n  .gallery-carousel-shortcode.gallery-carousel-shortcode-id-8bbc2b1e9120c9c329dcadb2cbe4c517.reposition-arrows .owl-nav .owl-prev {\n    top: calc(100% + 0px);\n    left: 10px;\n  }\n  .gallery-carousel-shortcode.gallery-carousel-shortcode-id-8bbc2b1e9120c9c329dcadb2cbe4c517.reposition-arrows .owl-nav .owl-next {\n    top: calc(100% + 0px);\n    right: 10px;\n  }\n}\n.gallery-carousel-shortcode.gallery-carousel-shortcode-id-8bbc2b1e9120c9c329dcadb2cbe4c517 figure,\n.gallery-carousel-shortcode.gallery-carousel-shortcode-id-8bbc2b1e9120c9c329dcadb2cbe4c517 .rollover,\n.gallery-carousel-shortcode.gallery-carousel-shortcode-id-8bbc2b1e9120c9c329dcadb2cbe4c517 img,\n.gallery-carousel-shortcode.gallery-carousel-shortcode-id-8bbc2b1e9120c9c329dcadb2cbe4c517 .gallery-rollover {\n  border-radius: 0px;\n}\n.gallery-carousel-shortcode.gallery-carousel-shortcode-id-8bbc2b1e9120c9c329dcadb2cbe4c517.enable-bg-rollover .gallery-rollover {\n  background: -webkit-linear-gradient();\n  background: linear-gradient();\n}\n.gallery-carousel-shortcode.gallery-carousel-shortcode-id-8bbc2b1e9120c9c329dcadb2cbe4c517.enable-img-shadow .owl-stage-outer {\n  padding: 14px 0;\n}\n.gallery-carousel-shortcode.gallery-carousel-shortcode-id-8bbc2b1e9120c9c329dcadb2cbe4c517.enable-bg-rollover.hover-scale figure .rollover:after {\n  background: -webkit-linear-gradient();\n  background: linear-gradient();\n}\n.gallery-carousel-shortcode.gallery-carousel-shortcode-id-8bbc2b1e9120c9c329dcadb2cbe4c517.gallery-shortcode .gallery-zoom-ico {\n  width: 44px;\n  height: 44px;\n  line-height: 44px;\n  border-radius: 100px;\n  margin: -22px 0 0 -22px;\n  border-width: 0px;\n}\n.dt-icon-bg-on.gallery-carousel-shortcode.gallery-carousel-shortcode-id-8bbc2b1e9120c9c329dcadb2cbe4c517.gallery-shortcode .gallery-zoom-ico {\n  background: rgba(255,255,255,0.3);\n  box-shadow: none;\n}\n.gallery-carousel-shortcode.gallery-carousel-shortcode-id-8bbc2b1e9120c9c329dcadb2cbe4c517.gallery-shortcode .gallery-zoom-ico:before,\n.gallery-carousel-shortcode.gallery-carousel-shortcode-id-8bbc2b1e9120c9c329dcadb2cbe4c517.gallery-shortcode .gallery-zoom-ico span {\n  font-size: 32px;\n  line-height: 44px;\n  color: #ffffff;\n  background: none;\n}\n<\/style><div class=\"owl-carousel gallery-carousel-shortcode gallery-shortcode  dt-gallery-container dt-owl-carousel-call gallery-carousel-shortcode-id-8bbc2b1e9120c9c329dcadb2cbe4c517 quick-scale-img enable-bg-rollover meta-info-off dt-arrow-border-on dt-arrow-hover-border-on bullets-small-dot-stroke reposition-arrows dt-icon-bg-off arrows-bg-on disable-arrows-hover-bg arrows-hover-bg-on  vc_custom_1713171035693 hover-fade \" data-scroll-mode=\"1\" data-col-num=\"1\" data-wide-col-num=\"1\" data-laptop-col=\"1\" data-h-tablet-columns-num=\"1\" data-v-tablet-columns-num=\"1\" data-phone-columns-num=\"1\" data-col-gap=\"10\" data-stage-padding=\"0\" data-speed=\"600\" data-autoplay=\"false\" data-autoplay_speed=\"6000\" data-arrows=\"true\" data-bullet=\"false\" data-next-icon=\"icon-ar-017-r\" data-prev-icon=\"icon-ar-017-l\" data-img-shadow-size=\"12px\" data-img-shadow-spread=\"3px\"><div data-post-id=\"1962\" data-date=\"2024-04-15T08:50:02+00:00\" data-name=\"Crpne stanice za vodu\"><figure class=\"post\"><a href=\"https:\/\/cabarplast.com\/wp-content\/uploads\/2024\/04\/Cevi-za-drenazu-1.jpg\" class=\"rollover dt-pswp-item layzr-bg\" data-large_image_width=\"1080\" data-large_image_height=\"1080\" data-dt-img-description=\"\" title=\"Crpne stanice za vodu\"><img fetchpriority=\"high\" decoding=\"async\" class=\"preload-me owl-lazy-load aspect\" src=\"data:image\/svg+xml,%3Csvg%20xmlns%3D&#39;http%3A%2F%2Fwww.w3.org%2F2000%2Fsvg&#39;%20viewBox%3D&#39;0%200%201080%201080&#39;%2F%3E\" data-src=\"https:\/\/cabarplast.com\/wp-content\/uploads\/2024\/04\/Cevi-za-drenazu-1.jpg\" data-srcset=\"https:\/\/cabarplast.com\/wp-content\/uploads\/2024\/04\/Cevi-za-drenazu-1.jpg 1080w\" loading=\"eager\" style=\"--ratio: 1080 \/ 1080\" sizes=\"(max-width: 1080px) 100vw, 1080px\" alt=\"\" width=\"1080\" height=\"1080\"  \/><span class=\"gallery-rollover\"><span class=\"gallery-zoom-ico icomoon-the7-font-the7-zoom-06\"><span><\/span><\/span><\/span><\/a><\/figure><\/div><\/div>[\/vc_column][vc_column width=&#8221;1\/2&#8243; css=&#8221;.vc_custom_1709647368309{border-left-width: 1px !important;padding-right: 30px !important;padding-left: 30px !important;border-left-color: #0e415f !important;border-left-style: solid !important;}&#8221;][vc_column_text css=&#8221;&#8221;]<\/p>\n<h1>Tubat e Kullimit &#8211; <strong>Tubat p\u00ebr Kullimin Stacionet e Pompimit t\u00eb Ujit<\/strong><\/h1>\n<p>&nbsp;<\/p>\n<p>Tubat e kullimit jan\u00eb tuba t\u00eb specializuara t\u00eb projektuara p\u00ebr t\u00eb hequr ujin e tep\u00ebrt nga toka ose sip\u00ebrfaqet.<\/p>\n<p>Ato p\u00ebrdoren p\u00ebr t\u00eb parandaluar mbajtjen e ujit q\u00eb mund t\u00eb \u00e7oj\u00eb n\u00eb erozion t\u00eb tok\u00ebs, rr\u00ebshqitje dheu, d\u00ebmtime n\u00eb themele dhe struktura, si dhe p\u00ebr t\u00eb p\u00ebrmir\u00ebsuar kushtet p\u00ebr rritjen e bim\u00ebve n\u00eb zonat bujq\u00ebsore.<br \/>\n[\/vc_column_text][vc_empty_space height=&#8221;20&#8243;]<a href=\"https:\/\/cabarplast.com\/sq\/kontakt\/\" class=\"btn-shortcode dt-btn-m dt-btn default-btn-color default-btn-hover-color default-btn-bg-color default-btn-bg-hover-color\" id=\"dt-btn-1\"><span>Kontaktoni me ne<\/span><\/a>[\/vc_column][\/vc_row][vc_row][vc_column][vc_empty_space height=&#8221;50&#8243;][vc_column_text css=&#8221;.vc_custom_1726137913694{padding-right: 30px !important;padding-left: 30px !important;}&#8221;]<\/p>\n<h2>Si t\u00eb Instaloni Tubat e Kullimit &#8211; Procesi<\/h2>\n<p>Instalimi i tubave t\u00eb kullimit \u00ebsht\u00eb thelb\u00ebsor p\u00ebr menaxhimin efektiv t\u00eb ujit dhe mbrojtjen e tok\u00ebs dhe nd\u00ebrtesave nga d\u00ebmtimet e shkaktuara nga uji i tep\u00ebrt. Procesi i instalimit p\u00ebrfshin disa hapa t\u00eb detajuar q\u00eb sigurojn\u00eb funksionimin e duhur t\u00eb sistemit t\u00eb kullimit.<br \/>\n[\/vc_column_text][vc_empty_space height=&#8221;50&#8243;][\/vc_column][\/vc_row][vc_row full_width=&#8221;stretch_row_content_no_spaces&#8221;][vc_column][vc_column_text]<img loading=\"lazy\" decoding=\"async\" class=\"aligncenter wp-image-232 size-full\" src=\"https:\/\/cabarplast.com\/wp-content\/uploads\/2024\/03\/footer-4.png\" alt=\"\" width=\"1919\" height=\"50\" srcset=\"https:\/\/cabarplast.com\/wp-content\/uploads\/2024\/03\/footer-4.png 1919w, https:\/\/cabarplast.com\/wp-content\/uploads\/2024\/03\/footer-4-300x8.png 300w, https:\/\/cabarplast.com\/wp-content\/uploads\/2024\/03\/footer-4-1024x27.png 1024w, https:\/\/cabarplast.com\/wp-content\/uploads\/2024\/03\/footer-4-768x20.png 768w, https:\/\/cabarplast.com\/wp-content\/uploads\/2024\/03\/footer-4-1536x40.png 1536w\" sizes=\"auto, (max-width: 1919px) 100vw, 1919px\" \/>[\/vc_column_text][\/vc_column][\/vc_row][vc_row full_width=&#8221;stretch_row&#8221; css=&#8221;.vc_custom_1709643894007{background-color: #0e415f !important;}&#8221;][vc_column][vc_column_text css=&#8221;.vc_custom_1726138415860{padding-right: 30px !important;padding-left: 30px !important;}&#8221;]<\/p>\n<ul>\n<li><span style=\"color: #ffffff;\">Hapi i par\u00eb n\u00eb instalimin e tubave t\u00eb kullimit \u00ebsht\u00eb planifikimi i plot\u00eb. Ky hap p\u00ebrfshin analiz\u00ebn e topografis\u00eb s\u00eb terrenit dhe identifikimin e zonave ku akumulohet uji ose ku nevojitet kullimi. \u00cbsht\u00eb e r\u00ebnd\u00ebsishme t\u00eb p\u00ebrcaktohet rruga optimale p\u00ebr tubat e kullimit q\u00eb do t\u00eb sigurojn\u00eb kullimin efikas, duke marr\u00eb parasysh pengesat ekzistuese dhe planet e ardhshme p\u00ebr tok\u00ebn. Gjithashtu duhet t\u00eb p\u00ebrcaktohet thell\u00ebsia n\u00eb t\u00eb cil\u00ebn do t\u00eb vendosen tubat, e cila varet nga lloji i tok\u00ebs, v\u00ebllimi i ujit q\u00eb pritet dhe faktor\u00eb t\u00eb tjer\u00eb si planet e p\u00ebrdorimit t\u00eb tok\u00ebs dhe af\u00ebrsia me themelet e nd\u00ebrtesave.<\/span><\/li>\n<li><span style=\"color: #ffffff;\">Pas planifikimit, hapi tjet\u00ebr \u00ebsht\u00eb g\u00ebrmimi i kanalit. Thell\u00ebsia dhe gjer\u00ebsia e kanalit varen nga specifikimet e sistemit t\u00eb kullimit, dhe pjerr\u00ebsia e kanalit duhet t\u00eb jet\u00eb e mjaftueshme p\u00ebr rrjedhjen gravitacionale t\u00eb ujit, zakonisht midis 1% dhe 2%. Kanali duhet t\u00eb g\u00ebrmohet me kujdes p\u00ebr t\u00eb siguruar q\u00eb an\u00ebt jan\u00eb t\u00eb q\u00ebndrueshme dhe nuk shemben gjat\u00eb ose pas instalimit t\u00eb tubave.<\/span><\/li>\n<li><span style=\"color: #ffffff;\">Nj\u00eb shtres\u00eb zhavorri me trash\u00ebsi rreth 15-20 cm vendoset n\u00eb fund t\u00eb kanalit t\u00eb hapur. Zhavorri sh\u00ebrben si nj\u00eb shtres\u00eb filtrimi q\u00eb parandalon varrosjen e tubave t\u00eb kullimit nga toka dhe materiale t\u00eb tjera t\u00eb im\u00ebta, duke siguruar nj\u00ebkoh\u00ebsisht nj\u00eb baz\u00eb t\u00eb q\u00ebndrueshme p\u00ebr tubat.<\/span><\/li>\n<li><span style=\"color: #ffffff;\">Nj\u00eb shtres\u00eb gjeotekstili vendoset mbi shtres\u00ebn e zhavorrit, duke parandaluar m\u00eb tej hyrjen e grimcave t\u00eb im\u00ebta n\u00eb sistemin e kullimit dhe duke e mbajtur at\u00eb t\u00eb lir\u00eb nga bllokimet. Gjeotekstili gjithashtu kontribuon n\u00eb shp\u00ebrndarjen e pesh\u00ebs dhe stabilitetin e shtres\u00ebs s\u00eb kullimit.<\/span><\/li>\n<li><span style=\"color: #ffffff;\">Tubat e kullimit vendosen mbi gjeotekstil me nj\u00eb pjerr\u00ebsi t\u00eb leht\u00eb, idealisht rreth 1 cm p\u00ebr met\u00ebr t\u00eb gjat\u00ebsis\u00eb s\u00eb tubit, p\u00ebr t\u00eb lejuar rrjedhjen efikase gravitacionale t\u00eb ujit. Tubat duhet t\u00eb vendosen me kujdes p\u00ebr t\u00eb siguruar rrjedhje t\u00eb vazhdueshme dhe p\u00ebr t\u00eb shmangur bllokimet e mundshme. N\u00ebse tubat jan\u00eb t\u00eb shpuar, \u00ebsht\u00eb e r\u00ebnd\u00ebsishme t\u00eb sigurohet q\u00eb vrimat t\u00eb jen\u00eb t\u00eb drejtuara posht\u00eb p\u00ebr t\u00eb lejuar hyrjen e ujit n\u00eb tub, nd\u00ebrsa parandalojn\u00eb bllokimin.<\/span><\/li>\n<li><span style=\"color: #ffffff;\">Pas vendosjes s\u00eb tubave, shtohet nj\u00eb shtres\u00eb tjet\u00ebr zhavorri mbi to, dhe m\u00eb pas gjeotekstili paloset mbi zhavorr p\u00ebr t\u00eb mb\u00ebshtjellur plot\u00ebsisht tubat. Kjo siguron mbrojtje dhe filtrim shtes\u00eb, si dhe stabilitetin e sistemit t\u00eb kullimit.<\/span><\/li>\n<li><span style=\"color: #ffffff;\">Hapi p\u00ebrfundimtar \u00ebsht\u00eb mbushja e kanalit me dhe, duke e rikthyer tok\u00ebn n\u00eb gjendjen e saj origjinale. Dheu mbushet me kujdes dhe ngjeshet p\u00ebr t\u00eb siguruar stabilitetin e sip\u00ebrfaqes dhe p\u00ebr t\u00eb parandaluar fundosjen ose vendosjen e tok\u00ebs mbi tubat e kullimit.<\/span><\/li>\n<\/ul>\n<p><span style=\"color: #fcb426;\">Instalimi i duhur i tubave t kullimit \u00e9s thelb\u00ebsor p\u00ebr efficatinin longtermin dhe sistemat e kullimit, duke preventive Problems related to ujin dhe duke t\u00f6jmet t\u00f6jen dhe strukturat nga d\u00ebmtimet e s\u00f6v\u00e4t.<\/span>[\/vc_column_text][vc_empty_space height=&#8221;30&#8243;][\/vc_column][\/vc_row][vc_row][vc_column][vc_column_text css=&#8221;.vc_custom_1726138198796{padding-top: 30px !important;padding-right: 30px !important;padding-bottom: 30px !important;padding-left: 30px !important;background-color: #efefef !important;border-radius: 15px !important;}&#8221;]<\/p>\n<h2>P\u00ebrdorimi i Tubave t\u00eb Kullimit<\/h2>\n<p>Tubat e kullimit, t\u00eb b\u00ebra nga polietileni me densitet t\u00eb lart\u00eb (HDPE), jan\u00eb b\u00ebr\u00eb nj\u00eb pjes\u00eb e domosdoshme e infrastruktur\u00ebs moderne dhe projekteve t\u00eb nd\u00ebrtimit p\u00ebr shkak t\u00eb rezistenc\u00ebs, fleksibilitetit dhe q\u00ebndrueshm\u00ebris\u00eb s\u00eb tyre t\u00eb jasht\u00ebzakonshme. K\u00ebto tuba jan\u00eb t\u00eb dizajnuara p\u00ebr t\u00eb menaxhuar ujin e tep\u00ebrt n\u00eb terrene dhe kushte t\u00eb ndryshme, duke siguruar zgjidhje efikase kullimi dhe mbrojtje t\u00eb ujit. Ja nj\u00eb propozim m\u00eb i detajuar i aplikimit t\u00eb tyre n\u00eb fusha t\u00eb ndryshme:<\/p>\n<p><strong>Familjet<\/strong><\/p>\n<p>N\u00eb familje, tubat e kullimit luajn\u00eb nj\u00eb rol ky\u00e7 n\u00eb mbrojtjen e oborreve, kopshteve dhe themeleve t\u00eb nd\u00ebrtesave t\u00eb banimit nga d\u00ebmtimet e mundshme t\u00eb shkaktuara nga uji i ndenjur. K\u00ebto tuba mbledhin dhe largojn\u00eb n\u00eb m\u00ebnyr\u00eb efikase ujin e tep\u00ebrt, ujin e shiut dhe ujin nga sistemet e ujitjes, duke parandaluar ngopjen e tok\u00ebs dhe duke mbrojtur themelet nga erozioni. Nj\u00eb sistem kullimi rreth sht\u00ebpis\u00eb, sidomos n\u00eb zonat e prirura p\u00ebr p\u00ebrmbytje ose lag\u00ebshti t\u00eb lart\u00eb t\u00eb tok\u00ebs, mund t\u00eb zvog\u00ebloj\u00eb ndjesh\u00ebm rrezikun e p\u00ebrmbytjeve t\u00eb bodrumeve dhe d\u00ebmtimeve strukturore.<\/p>\n<p><strong>Komplekset Industriale<\/strong><\/p>\n<p>N\u00eb zonat industriale, tubat e kullimit HDPE jan\u00eb thelb\u00ebsore p\u00ebr menaxhimin efikas t\u00eb uj\u00ebrave t\u00eb ndotura dhe t\u00eb uj\u00ebrave sip\u00ebrfaq\u00ebsore. Ato mund\u00ebsojn\u00eb kullimin e sigurt t\u00eb ujit nga objektet e prodhimit, depot dhe nd\u00ebrtesat e tjera, duke i mbrojtur ato nga p\u00ebrmbytjet dhe d\u00ebmtimet nga uji. P\u00ebr m\u00eb tep\u00ebr, sistemet e kullimit n\u00eb komplekset industriale luajn\u00eb nj\u00eb rol t\u00eb r\u00ebnd\u00ebsish\u00ebm n\u00eb parandalimin e ndotjes s\u00eb tok\u00ebs dhe kanaleve ujore p\u00ebrreth, duke menaxhuar uj\u00ebrat e ndotura industriale n\u00eb m\u00ebnyr\u00eb t\u00eb q\u00ebndrueshme dhe t\u00eb sigurt.<\/p>\n<p><strong>Zonat Publike<\/strong><\/p>\n<p>N\u00eb zonat publike si parqet, fushat sportive, shesh loj\u00ebrash dhe hap\u00ebsira t\u00eb tjera rekreative, tubat e kullimit sigurojn\u00eb q\u00eb k\u00ebto zona t\u00eb mbeten t\u00eb p\u00ebrdorshme dhe t\u00eb sigurta edhe gjat\u00eb periudhave me shi. Sistemet efikase t\u00eb kullimit parandalojn\u00eb formimin e pellgjeve dhe balt\u00ebs, duke i lejuar qytetar\u00ebt t\u00eb shijojn\u00eb k\u00ebto hap\u00ebsira pavar\u00ebsisht kushteve t\u00eb motit. P\u00ebr m\u00eb tep\u00ebr, kullimi i duhur ndihmon n\u00eb ruajtjen e vegjetacionit dhe peizazhit, duke parandaluar mbushjen me uj\u00eb q\u00eb mund t\u00eb \u00e7oj\u00eb n\u00eb prishjen e bim\u00ebve dhe erozionin e tok\u00ebs.<br \/>\n[\/vc_column_text][vc_column_text][\/vc_column_text][vc_empty_space][\/vc_column][\/vc_row][vc_row][vc_column][vc_column_text css=&#8221;.vc_custom_1726138297108{padding-top: 30px !important;padding-right: 30px !important;padding-bottom: 30px !important;padding-left: 30px !important;background-color: #0e415f !important;border-radius: 15px !important;}&#8221;]<\/p>\n<h3><span style=\"color: #fcb426;\">Aplikime Specifike<\/span><\/h3>\n<p><span style=\"color: #ffffff;\">Tubat e kullimit HDPE p\u00ebrdoren gjithashtu n\u00eb aplikime specifike t\u00eb tilla si:<\/span><\/p>\n<ul>\n<li><span style=\"color: #ffffff;\">Sistemet e grumbullimit t\u00eb ujit t\u00eb shiut, ku uji i tep\u00ebrt mund t\u00eb p\u00ebrdoret p\u00ebr ujitje ose p\u00ebr q\u00ebllime t\u00eb tjera, duke kontribuar n\u00eb q\u00ebndrueshm\u00ebri dhe kursimin e burimeve.<\/span><\/li>\n<li><span style=\"color: #ffffff;\">Mbrojtja e infrastruktur\u00ebs, t\u00eb tilla si urat, tunelet dhe argjinaturat rrugore, ku kullimi efikas \u00ebsht\u00eb \u00e7el\u00ebsi p\u00ebr ruajtjen e integritetit strukturor.<\/span><\/li>\n<li><span style=\"color: #ffffff;\">Fushat e golfit dhe komplekset sportive, ku k\u00ebrkohet kontroll i sakt\u00eb i lag\u00ebshtis\u00eb s\u00eb tok\u00ebs p\u00ebr t\u00eb ruajtur cil\u00ebsin\u00eb e terreneve dhe fushave t\u00eb loj\u00ebs.<\/span><\/li>\n<\/ul>\n<p><span style=\"color: #ffffff;\">P\u00ebrdorimi i tubave t\u00eb kullimit HDPE n\u00eb k\u00ebto dhe shum\u00eb aplikime t\u00eb tjera ofron zgjidhje afatgjata, t\u00eb besueshme dhe miq\u00ebsore me mjedisin p\u00ebr menaxhimin e ujit, duke e b\u00ebr\u00eb at\u00eb nj\u00eb element t\u00eb domosdosh\u00ebm n\u00eb nd\u00ebrtimin modern dhe infrastruktur\u00ebn.<br \/>\n<\/span>[\/vc_column_text][vc_empty_space][\/vc_column][\/vc_row][vc_row][vc_column][vc_column_text css=&#8221;.vc_custom_1726138361313{padding-right: 30px !important;padding-left: 30px !important;}&#8221;]<\/p>\n<h3>Tubat katrore apo t\u00eb rrumbullak\u00ebt p\u00ebr kullim?<\/h3>\n<p>Tubat e kullimit zakonisht vijn\u00eb n\u00eb nj\u00eb form\u00eb t\u00eb rrumbullak\u00ebt, e cila \u00ebsht\u00eb standarde n\u00eb industri p\u00ebr shkak t\u00eb efikasitetit t\u00eb saj n\u00eb kullimin e ujit, forc\u00ebs strukturore dhe leht\u00ebsis\u00eb s\u00eb instalimit. Forma e rrumbullak\u00ebt lejon rrjedhjen m\u00eb t\u00eb leht\u00eb t\u00eb ujit p\u00ebrmes tubit, zvog\u00eblon rrezikun e bllokimit dhe leht\u00ebson instalimin e tubave n\u00eb tok\u00eb.<\/p>\n<p>Nd\u00ebrsa tubat e rrumbullak\u00ebt jan\u00eb forma m\u00eb e zakonshme, ka sisteme t\u00eb specializuara t\u00eb kullimit q\u00eb mund t\u00eb p\u00ebrfshijn\u00eb elemente q\u00eb nuk jan\u00eb rrept\u00ebsisht t\u00eb rrumbullak\u00ebta. P\u00ebr shembull, kanalet e kullimit ose ulluqet mund t\u00eb ken\u00eb seksione t\u00ebrthore t\u00eb ndryshme, duke p\u00ebrfshir\u00eb drejtk\u00ebnd\u00ebshe ose gjysm\u00ebrrethore. K\u00ebto sisteme p\u00ebrdoren shpesh n\u00eb sip\u00ebrfaqe t\u00eb tilla si parkingje, sh\u00ebtitore ose p\u00ebrgjat\u00eb themeleve t\u00eb nd\u00ebrtesave p\u00ebr t\u00eb mbledhur dhe devijuar n\u00eb m\u00ebnyr\u00eb efikase ujin sip\u00ebrfaq\u00ebsor.<\/p>\n<p>Tubat katrore t\u00eb kullimit nuk jan\u00eb t\u00eb zakonshme n\u00eb aplikimet standarde t\u00eb kullimit p\u00ebr shkak t\u00eb arsyeve praktike. Forma katrore mund t\u00eb krijoj\u00eb sfida n\u00eb rrjedh\u00ebn e ujit, forc\u00ebn strukturore, dhe mund t\u00eb jet\u00eb m\u00eb e prirur p\u00ebr bllokim. Megjithat\u00eb, profilet katrore ose drejtk\u00ebnd\u00ebshe mund t\u00eb gjenden n\u00eb disa aplikime specifike t\u00eb kullimit, si\u00e7 jan\u00eb kanalet e kullimit ose ulluqet.<\/p>\n<p>[\/vc_column_text][vc_empty_space][\/vc_column][\/vc_row][vc_row][vc_column][vc_column_text css=&#8221;.vc_custom_1726138353441{padding-top: 30px !important;padding-right: 30px !important;padding-bottom: 30px !important;padding-left: 30px !important;background-color: #efefef !important;border-radius: 15px !important;}&#8221;]N\u00eb situata specifike, kur nevojitet kullimi me pjerr\u00ebsi shum\u00eb t\u00eb cek\u00ebt ose n\u00eb zona me hap\u00ebsir\u00eb t\u00eb kufizuar, projektuesit mund t\u00eb zgjedhin forma alternative t\u00eb sistemeve t\u00eb kullimit q\u00eb mund t\u00eb p\u00ebrfshijn\u00eb element\u00eb q\u00eb nuk jan\u00eb tipike t\u00eb rrumbullak\u00ebta. N\u00eb raste t\u00eb tilla, i kushtohet v\u00ebmendje e ve\u00e7ant\u00eb dizajnit p\u00ebr t\u00eb siguruar efikasitetin e kullimit dhe funksionalitetin afatgjat\u00eb t\u00eb sistemit.<br \/>\n[\/vc_column_text][vc_column_text][\/vc_column_text][vc_empty_space][\/vc_column][\/vc_row][vc_row full_width=&#8221;stretch_row_content_no_spaces&#8221;][vc_column][vc_column_text]<img loading=\"lazy\" decoding=\"async\" class=\"aligncenter wp-image-232 size-full\" src=\"https:\/\/cabarplast.com\/wp-content\/uploads\/2024\/03\/footer-4.png\" alt=\"\" width=\"1919\" height=\"50\" srcset=\"https:\/\/cabarplast.com\/wp-content\/uploads\/2024\/03\/footer-4.png 1919w, https:\/\/cabarplast.com\/wp-content\/uploads\/2024\/03\/footer-4-300x8.png 300w, https:\/\/cabarplast.com\/wp-content\/uploads\/2024\/03\/footer-4-1024x27.png 1024w, https:\/\/cabarplast.com\/wp-content\/uploads\/2024\/03\/footer-4-768x20.png 768w, https:\/\/cabarplast.com\/wp-content\/uploads\/2024\/03\/footer-4-1536x40.png 1536w\" sizes=\"auto, (max-width: 1919px) 100vw, 1919px\" \/>[\/vc_column_text][\/vc_column][\/vc_row]<\/p>\n<\/div>","protected":false},"excerpt":{"rendered":"<p>[vc_row][vc_column width=&#8221;1\/2&#8243;][\/vc_column][vc_column width=&#8221;1\/2&#8243; css=&#8221;.vc_custom_1709647368309{border-left-width: 1px !important;padding-right: 30px !important;padding-left: 30px !important;border-left-color: #0e415f !important;border-left-style: solid !important;}&#8221;][vc_column_text css=&#8221;&#8221;] Tubat e Kullimit &#8211; Tubat p\u00ebr Kullimin Stacionet e Pompimit t\u00eb Ujit &nbsp; Tubat e kullimit jan\u00eb tuba t\u00eb specializuara t\u00eb projektuara p\u00ebr t\u00eb hequr ujin e tep\u00ebrt nga toka ose sip\u00ebrfaqet. Ato p\u00ebrdoren p\u00ebr t\u00eb parandaluar mbajtjen e ujit&hellip;<\/p>\n","protected":false},"author":1,"featured_media":0,"parent":0,"menu_order":0,"comment_status":"closed","ping_status":"closed","template":"","meta":{"footnotes":""},"class_list":["post-1961","page","type-page","status-publish","hentry","description-off"],"_links":{"self":[{"href":"https:\/\/cabarplast.com\/sq\/wp-json\/wp\/v2\/pages\/1961","targetHints":{"allow":["GET"]}}],"collection":[{"href":"https:\/\/cabarplast.com\/sq\/wp-json\/wp\/v2\/pages"}],"about":[{"href":"https:\/\/cabarplast.com\/sq\/wp-json\/wp\/v2\/types\/page"}],"author":[{"embeddable":true,"href":"https:\/\/cabarplast.com\/sq\/wp-json\/wp\/v2\/users\/1"}],"replies":[{"embeddable":true,"href":"https:\/\/cabarplast.com\/sq\/wp-json\/wp\/v2\/comments?post=1961"}],"version-history":[{"count":3,"href":"https:\/\/cabarplast.com\/sq\/wp-json\/wp\/v2\/pages\/1961\/revisions"}],"predecessor-version":[{"id":1965,"href":"https:\/\/cabarplast.com\/sq\/wp-json\/wp\/v2\/pages\/1961\/revisions\/1965"}],"wp:attachment":[{"href":"https:\/\/cabarplast.com\/sq\/wp-json\/wp\/v2\/media?parent=1961"}],"curies":[{"name":"wp","href":"https:\/\/api.w.org\/{rel}","templated":true}]}}