{"id":1951,"date":"2024-03-04T21:14:48","date_gmt":"2024-03-04T21:14:48","guid":{"rendered":"https:\/\/cabarplast.com\/plovna-oprema\/"},"modified":"2024-10-14T20:43:46","modified_gmt":"2024-10-14T20:43:46","slug":"pajisje-detare","status":"publish","type":"page","link":"https:\/\/cabarplast.com\/sq\/pajisje-detare\/","title":{"rendered":"Pajisje Detare"},"content":{"rendered":"<div class=\"wpb-content-wrapper\"><p>[vc_row][vc_column css=&#8221;.vc_custom_1710099881337{padding-right: 30px !important;padding-left: 30px !important;}&#8221;][vc_column_text css=&#8221;&#8221;]<\/p>\n<h1><strong>Pajisje<\/strong> Detare<\/h1>\n<p>Pajisjet detare \u010cabar Plast p\u00ebrfshijn\u00eb nj\u00eb gam\u00eb t\u00eb gjer\u00eb produktesh t\u00eb dizajnuara p\u00ebr t\u00eb p\u00ebrmir\u00ebsuar p\u00ebrvoj\u00ebn tuaj n\u00eb uj\u00eb, duke p\u00ebrfshir\u00eb skela lundruese, marina, platforma p\u00ebr ankorim, varka plastike, trape me ponton, katamaran\u00eb p\u00ebr trape dhe fu\u00e7i p\u00ebr trape. T\u00eb gjitha produktet tona jan\u00eb b\u00ebr\u00eb nga materiale me cil\u00ebsi t\u00eb lart\u00eb, duke siguruar q\u00ebndrueshm\u00ebri, siguri dhe rezistenc\u00eb ndaj kushteve t\u00eb ndryshme t\u00eb motit.<\/p>\n<h2>Skela Lundruese dhe Marina &#8211; Platforma p\u00ebr Ankorim<\/h2>\n<p>Skelat tona lundruese dhe marinat p\u00ebrb\u00ebhen nga segmente q\u00eb lidhen leht\u00ebsisht n\u00eb nj\u00eb t\u00eb t\u00ebr\u00eb, duke p\u00ebrdorur element\u00eb \u00e7eliku ose t\u00eb galvanizuar. Ky nd\u00ebrtim modular lejon p\u00ebrshtatjen e leht\u00eb t\u00eb planit sipas nevojave tuaja, qoft\u00eb n\u00eb lidhje me zgjerimin ose rikonfigurimin e hap\u00ebsir\u00ebs suaj t\u00eb ankorimit.<br \/>\n[\/vc_column_text][vc_empty_space height=&#8221;50&#8243;][\/vc_column][\/vc_row][vc_row][vc_column][vc_row_inner][vc_column_inner width=&#8221;2\/3&#8243; css=&#8221;.vc_custom_1710101124194{border-left-width: 1px !important;padding-right: 30px !important;padding-left: 30px !important;border-left-color: #0e415f !important;border-left-style: solid !important;}&#8221;][vc_column_text css=&#8221;&#8221;]<\/p>\n<p style=\"font-size: 25px;\"><strong>Varka<\/strong> Plastike<\/p>\n<p>&nbsp;<\/p>\n<p>Zbuloni gam\u00ebn ton\u00eb t\u00eb barkave plastike, t\u00eb dizajnuara p\u00ebr q\u00ebllime t\u00eb ndryshme, nga peshkimi dhe rekreacioni deri te p\u00ebrdorimi komercial. Barkat tona jan\u00eb b\u00ebr\u00eb nga materiali HDPE, duke siguruar q\u00ebndrueshm\u00ebri, stabilitet dhe mir\u00ebmbajtje t\u00eb leht\u00eb.[\/vc_column_text][vc_empty_space height=&#8221;20&#8243;]<a href=\"https:\/\/cabarplast.com\/sq\/barka-plastike\/\" class=\"btn-shortcode dt-btn-m dt-btn default-btn-color default-btn-hover-color default-btn-bg-color default-btn-bg-hover-color\" id=\"dt-btn-1\"><span>Shih m\u00eb shum\u00eb<\/span><\/a>[\/vc_column_inner][vc_column_inner width=&#8221;1\/3&#8243;][vc_column_text css=&#8221;&#8221;]<a href=\"https:\/\/cabarplast.com\/sq\/barka-plastike\/\"><img loading=\"lazy\" decoding=\"async\" class=\"wp-image-1002 size-medium\" src=\"https:\/\/cabarplast.com\/wp-content\/uploads\/2024\/04\/Plasticni-camci-1-300x300.jpg\" alt=\"\" width=\"300\" height=\"300\" srcset=\"https:\/\/cabarplast.com\/wp-content\/uploads\/2024\/04\/Plasticni-camci-1-300x300.jpg 300w, https:\/\/cabarplast.com\/wp-content\/uploads\/2024\/04\/Plasticni-camci-1-150x150.jpg 150w, https:\/\/cabarplast.com\/wp-content\/uploads\/2024\/04\/Plasticni-camci-1-768x768.jpg 768w, https:\/\/cabarplast.com\/wp-content\/uploads\/2024\/04\/Plasticni-camci-1.jpg 900w\" sizes=\"auto, (max-width: 300px) 100vw, 300px\" \/><\/a>[\/vc_column_text][\/vc_column_inner][\/vc_row_inner][vc_empty_space height=&#8221;30&#8243;][vc_row_inner][vc_column_inner width=&#8221;1\/3&#8243;][vc_column_text css=&#8221;&#8221;]<a href=\"https:\/\/cabarplast.com\/sq\/pontone-plastike-per-marina-dhe-trare\/\"><img loading=\"lazy\" decoding=\"async\" class=\"wp-image-820 size-medium aligncenter\" src=\"https:\/\/cabarplast.com\/wp-content\/uploads\/2024\/03\/Pontoni-za-splavove-3-300x300.jpg\" alt=\"\" width=\"300\" height=\"300\" srcset=\"https:\/\/cabarplast.com\/wp-content\/uploads\/2024\/03\/Pontoni-za-splavove-3-300x300.jpg 300w, https:\/\/cabarplast.com\/wp-content\/uploads\/2024\/03\/Pontoni-za-splavove-3-1024x1024.jpg 1024w, https:\/\/cabarplast.com\/wp-content\/uploads\/2024\/03\/Pontoni-za-splavove-3-150x150.jpg 150w, https:\/\/cabarplast.com\/wp-content\/uploads\/2024\/03\/Pontoni-za-splavove-3-768x768.jpg 768w, https:\/\/cabarplast.com\/wp-content\/uploads\/2024\/03\/Pontoni-za-splavove-3.jpg 1080w\" sizes=\"auto, (max-width: 300px) 100vw, 300px\" \/><\/a>[\/vc_column_text][\/vc_column_inner][vc_column_inner width=&#8221;2\/3&#8243; css=&#8221;.vc_custom_1710101146731{border-left-width: 1px !important;padding-right: 30px !important;padding-left: 30px !important;border-left-color: #0e415f !important;border-left-style: solid !important;}&#8221;][vc_column_text css=&#8221;&#8221;]<\/p>\n<p style=\"font-size: 25px;\">Trape me <strong>Ponton\u00eb<\/strong><\/p>\n<p>&nbsp;<\/p>\n<p>Ponton\u00ebt tan\u00eb formojn\u00eb baz\u00ebn p\u00ebr nd\u00ebrtimin e trapeve t\u00eb q\u00ebndrueshme dhe afatgjata. N\u00eb dispozicion n\u00eb dimensione dhe ngjyra t\u00eb ndryshme, ato ofrojn\u00eb fleksibilitet dhe p\u00ebrshtatshm\u00ebri p\u00ebr t\u00eb gjitha projektet tuaja n\u00eb uj\u00eb.<br \/>\n[\/vc_column_text][vc_empty_space height=&#8221;20&#8243;]<a href=\"https:\/\/cabarplast.com\/sq\/pontone-plastike-per-marina-dhe-trare\/\" class=\"btn-shortcode dt-btn-m dt-btn default-btn-color default-btn-hover-color default-btn-bg-color default-btn-bg-hover-color\" id=\"dt-btn-2\"><span>Shih m\u00eb shum\u00eb<\/span><\/a>[\/vc_column_inner][\/vc_row_inner][vc_empty_space height=&#8221;30&#8243;][vc_row_inner][vc_column_inner width=&#8221;2\/3&#8243; css=&#8221;.vc_custom_1710101124194{border-left-width: 1px !important;padding-right: 30px !important;padding-left: 30px !important;border-left-color: #0e415f !important;border-left-style: solid !important;}&#8221;][vc_column_text css=&#8221;&#8221;]<\/p>\n<p style=\"font-size: 25px;\"><strong>Katamaran\u00eb<\/strong> p\u00ebr Trape<\/p>\n<p>Katamaran\u00ebt tan\u00eb jan\u00eb dizajnuar p\u00ebr t\u00eb siguruar stabilitet shtes\u00eb dhe hap\u00ebsir\u00eb p\u00ebr trapet tuaja. Me dy trupa paralel\u00eb, ata sigurojn\u00eb lundrim t\u00eb sigurt dhe t\u00eb rehatsh\u00ebm, duke i b\u00ebr\u00eb ato ideale p\u00ebr aktivitete rekreative dhe turistike n\u00eb uj\u00eb.[\/vc_column_text][vc_empty_space height=&#8221;20&#8243;]<a href=\"https:\/\/cabarplast.com\/sq\/katamarane-per-trape\/\" class=\"btn-shortcode dt-btn-m dt-btn default-btn-color default-btn-hover-color default-btn-bg-color default-btn-bg-hover-color\" id=\"dt-btn-3\"><span>Shih m\u00eb shum\u00eb<\/span><\/a>[\/vc_column_inner][vc_column_inner width=&#8221;1\/3&#8243;][vc_column_text css=&#8221;&#8221;]<a href=\"https:\/\/cabarplast.com\/sq\/katamarane-per-trape\/\"><img loading=\"lazy\" decoding=\"async\" class=\"wp-image-833 size-medium aligncenter\" src=\"https:\/\/cabarplast.com\/wp-content\/uploads\/2024\/03\/Katamarani-za-splavove-10-300x300.jpg\" alt=\"\" width=\"300\" height=\"300\" srcset=\"https:\/\/cabarplast.com\/wp-content\/uploads\/2024\/03\/Katamarani-za-splavove-10-300x300.jpg 300w, https:\/\/cabarplast.com\/wp-content\/uploads\/2024\/03\/Katamarani-za-splavove-10-1024x1024.jpg 1024w, https:\/\/cabarplast.com\/wp-content\/uploads\/2024\/03\/Katamarani-za-splavove-10-150x150.jpg 150w, https:\/\/cabarplast.com\/wp-content\/uploads\/2024\/03\/Katamarani-za-splavove-10-768x768.jpg 768w, https:\/\/cabarplast.com\/wp-content\/uploads\/2024\/03\/Katamarani-za-splavove-10.jpg 1080w\" sizes=\"auto, (max-width: 300px) 100vw, 300px\" \/><\/a>[\/vc_column_text][\/vc_column_inner][\/vc_row_inner][vc_empty_space height=&#8221;30&#8243;][vc_row_inner][vc_column_inner width=&#8221;1\/3&#8243;][vc_column_text css=&#8221;&#8221;]<a href=\"https:\/\/cabarplast.com\/sq\/fucite-plastike-per-trape\/\"><img loading=\"lazy\" decoding=\"async\" class=\"wp-image-950 size-medium aligncenter\" src=\"https:\/\/cabarplast.com\/wp-content\/uploads\/2024\/03\/Plasticna-Burad-za-splavove-1-300x300.jpg\" alt=\"\" width=\"300\" height=\"300\" srcset=\"https:\/\/cabarplast.com\/wp-content\/uploads\/2024\/03\/Plasticna-Burad-za-splavove-1-300x300.jpg 300w, https:\/\/cabarplast.com\/wp-content\/uploads\/2024\/03\/Plasticna-Burad-za-splavove-1-1024x1024.jpg 1024w, https:\/\/cabarplast.com\/wp-content\/uploads\/2024\/03\/Plasticna-Burad-za-splavove-1-150x150.jpg 150w, https:\/\/cabarplast.com\/wp-content\/uploads\/2024\/03\/Plasticna-Burad-za-splavove-1-768x768.jpg 768w, https:\/\/cabarplast.com\/wp-content\/uploads\/2024\/03\/Plasticna-Burad-za-splavove-1.jpg 1080w\" sizes=\"auto, (max-width: 300px) 100vw, 300px\" \/><\/a>[\/vc_column_text][\/vc_column_inner][vc_column_inner width=&#8221;2\/3&#8243; css=&#8221;.vc_custom_1710101146731{border-left-width: 1px !important;padding-right: 30px !important;padding-left: 30px !important;border-left-color: #0e415f !important;border-left-style: solid !important;}&#8221;][vc_column_text css=&#8221;&#8221;]<\/p>\n<p style=\"font-size: 25px;\"><strong>Fu\u00e7i<\/strong> p\u00ebr Trape<\/p>\n<p>&nbsp;<\/p>\n<p>Gama jon\u00eb e fu\u00e7ive p\u00ebr trape p\u00ebrfshin produkte t\u00eb b\u00ebra nga materiali PEHD me densitet t\u00eb lart\u00eb, t\u00eb cilat jan\u00eb rezistente ndaj rrezatimit UV, temperaturave ekstreme dhe d\u00ebmtimeve mekanike. Fu\u00e7it\u00eb tona jan\u00eb t\u00eb lehta p\u00ebr t&#8217;u instaluar dhe transportuar, duke i b\u00ebr\u00eb ato zgjidhjen e p\u00ebrkryer p\u00ebr nd\u00ebrtimin e trapeve miq\u00ebsore me mjedisin dhe t\u00eb q\u00ebndrueshme.<br \/>\n[\/vc_column_text][vc_empty_space height=&#8221;20&#8243;]<a href=\"https:\/\/cabarplast.com\/sq\/fucite-plastike-per-trape\/\" class=\"btn-shortcode dt-btn-m dt-btn default-btn-color default-btn-hover-color default-btn-bg-color default-btn-bg-hover-color\" id=\"dt-btn-4\"><span>Shih m\u00eb shum\u00eb<\/span><\/a>[\/vc_column_inner][\/vc_row_inner][vc_empty_space height=&#8221;30&#8243;][\/vc_column][\/vc_row][vc_row][vc_column][vc_column_text css=&#8221;.vc_custom_1726136924559{padding-top: 30px !important;padding-right: 30px !important;padding-bottom: 30px !important;padding-left: 30px !important;background-color: #0e415f !important;border-radius: 15px !important;}&#8221;]<span style=\"color: #ffffff;\">Zbuloni pajisjet detare \u010cabar Plast dhe p\u00ebrmir\u00ebsoni p\u00ebrvoj\u00ebn tuaj n\u00eb uj\u00eb me produkte q\u00eb p\u00ebrmbushin standardet bashk\u00ebkohore t\u00eb cil\u00ebsis\u00eb, siguris\u00eb dhe q\u00ebndrueshm\u00ebris\u00eb mjedisore. <\/span><\/p>\n<p><span style=\"color: #ffffff;\">Vizitoni faqet tona p\u00ebr informacion m\u00eb t\u00eb detajuar mbi secilin produkt dhe gjeni zgjidhjen ideale p\u00ebr nevojat tuaja n\u00eb uj\u00eb.<\/span>[\/vc_column_text][vc_empty_space][\/vc_column][\/vc_row][vc_row full_width=&#8221;stretch_row_content_no_spaces&#8221;][vc_column][vc_column_text]<img loading=\"lazy\" decoding=\"async\" class=\"aligncenter wp-image-232 size-full\" src=\"https:\/\/cabarplast.com\/wp-content\/uploads\/2024\/03\/footer-4.png\" alt=\"\" width=\"1919\" height=\"50\" srcset=\"https:\/\/cabarplast.com\/wp-content\/uploads\/2024\/03\/footer-4.png 1919w, https:\/\/cabarplast.com\/wp-content\/uploads\/2024\/03\/footer-4-300x8.png 300w, https:\/\/cabarplast.com\/wp-content\/uploads\/2024\/03\/footer-4-1024x27.png 1024w, https:\/\/cabarplast.com\/wp-content\/uploads\/2024\/03\/footer-4-768x20.png 768w, https:\/\/cabarplast.com\/wp-content\/uploads\/2024\/03\/footer-4-1536x40.png 1536w\" sizes=\"auto, (max-width: 1919px) 100vw, 1919px\" \/>[\/vc_column_text][\/vc_column][\/vc_row]<\/p>\n<\/div>","protected":false},"excerpt":{"rendered":"<p>[vc_row][vc_column css=&#8221;.vc_custom_1710099881337{padding-right: 30px !important;padding-left: 30px !important;}&#8221;][vc_column_text css=&#8221;&#8221;] Pajisje Detare Pajisjet detare \u010cabar Plast p\u00ebrfshijn\u00eb nj\u00eb gam\u00eb t\u00eb gjer\u00eb produktesh t\u00eb dizajnuara p\u00ebr t\u00eb p\u00ebrmir\u00ebsuar p\u00ebrvoj\u00ebn tuaj n\u00eb uj\u00eb, duke p\u00ebrfshir\u00eb skela lundruese, marina, platforma p\u00ebr ankorim, varka plastike, trape me ponton, katamaran\u00eb p\u00ebr trape dhe fu\u00e7i p\u00ebr trape. T\u00eb gjitha produktet tona jan\u00eb b\u00ebr\u00eb nga&hellip;<\/p>\n","protected":false},"author":1,"featured_media":0,"parent":0,"menu_order":0,"comment_status":"closed","ping_status":"closed","template":"","meta":{"footnotes":""},"class_list":["post-1951","page","type-page","status-publish","hentry","description-off"],"_links":{"self":[{"href":"https:\/\/cabarplast.com\/sq\/wp-json\/wp\/v2\/pages\/1951","targetHints":{"allow":["GET"]}}],"collection":[{"href":"https:\/\/cabarplast.com\/sq\/wp-json\/wp\/v2\/pages"}],"about":[{"href":"https:\/\/cabarplast.com\/sq\/wp-json\/wp\/v2\/types\/page"}],"author":[{"embeddable":true,"href":"https:\/\/cabarplast.com\/sq\/wp-json\/wp\/v2\/users\/1"}],"replies":[{"embeddable":true,"href":"https:\/\/cabarplast.com\/sq\/wp-json\/wp\/v2\/comments?post=1951"}],"version-history":[{"count":2,"href":"https:\/\/cabarplast.com\/sq\/wp-json\/wp\/v2\/pages\/1951\/revisions"}],"predecessor-version":[{"id":1954,"href":"https:\/\/cabarplast.com\/sq\/wp-json\/wp\/v2\/pages\/1951\/revisions\/1954"}],"wp:attachment":[{"href":"https:\/\/cabarplast.com\/sq\/wp-json\/wp\/v2\/media?parent=1951"}],"curies":[{"name":"wp","href":"https:\/\/api.w.org\/{rel}","templated":true}]}}