{"id":1946,"date":"2024-03-04T21:14:56","date_gmt":"2024-03-04T21:14:56","guid":{"rendered":"https:\/\/cabarplast.com\/plasticni-camci\/"},"modified":"2024-10-14T20:44:40","modified_gmt":"2024-10-14T20:44:40","slug":"barka-plastike","status":"publish","type":"page","link":"https:\/\/cabarplast.com\/sq\/barka-plastike\/","title":{"rendered":"Barka plastike"},"content":{"rendered":"<div class=\"wpb-content-wrapper\"><p>[vc_row][vc_column width=&#8221;1\/2&#8243;]<style type=\"text\/css\" data-type=\"the7_shortcodes-inline-css\">.gallery-carousel-shortcode.gallery-carousel-shortcode-id-27c3b50ecff78c9cb6c7eb7efba8bbbe .owl-nav a {\n  width: 30px;\n  height: 30px;\n  border-radius: 500px;\n}\n.dt-arrow-border-on.gallery-carousel-shortcode.gallery-carousel-shortcode-id-27c3b50ecff78c9cb6c7eb7efba8bbbe .owl-nav a:not(:hover):before {\n  border-width: 0px;\n}\n.dt-arrow-hover-border-on.gallery-carousel-shortcode.gallery-carousel-shortcode-id-27c3b50ecff78c9cb6c7eb7efba8bbbe .owl-nav a:hover:after {\n  border-width: 0px;\n}\n.gallery-carousel-shortcode.gallery-carousel-shortcode-id-27c3b50ecff78c9cb6c7eb7efba8bbbe .owl-nav a.owl-prev {\n  top: calc(100% + 0px);\n  left: -43px;\n}\n.gallery-carousel-shortcode.gallery-carousel-shortcode-id-27c3b50ecff78c9cb6c7eb7efba8bbbe .owl-nav a.owl-prev i {\n  padding: 0px 5px 0px 5px;\n}\n.gallery-carousel-shortcode.gallery-carousel-shortcode-id-27c3b50ecff78c9cb6c7eb7efba8bbbe .owl-nav a.owl-next {\n  top: calc(100% + 0px);\n  right: -43px;\n}\n.gallery-carousel-shortcode.gallery-carousel-shortcode-id-27c3b50ecff78c9cb6c7eb7efba8bbbe .owl-nav a.owl-next i {\n  padding: 0px 5px 0px 5px;\n}\n.gallery-carousel-shortcode.gallery-carousel-shortcode-id-27c3b50ecff78c9cb6c7eb7efba8bbbe .owl-nav i {\n  font-size: 15px;\n}\n.gallery-carousel-shortcode.gallery-carousel-shortcode-id-27c3b50ecff78c9cb6c7eb7efba8bbbe .owl-nav a:not(:hover) i,\n.gallery-carousel-shortcode.gallery-carousel-shortcode-id-27c3b50ecff78c9cb6c7eb7efba8bbbe .owl-nav a:not(:hover) i:before {\n  color: #ffffff;\n  background: none;\n}\n.gallery-carousel-shortcode.gallery-carousel-shortcode-id-27c3b50ecff78c9cb6c7eb7efba8bbbe .owl-nav a:hover i,\n.gallery-carousel-shortcode.gallery-carousel-shortcode-id-27c3b50ecff78c9cb6c7eb7efba8bbbe .owl-nav a:hover i:before {\n  color: rgba(255,255,255,0.75);\n  background: none;\n}\n.gallery-carousel-shortcode.gallery-carousel-shortcode-id-27c3b50ecff78c9cb6c7eb7efba8bbbe .owl-dots {\n  top: calc(100% + 20px);\n  left: 50%;\n  transform: translateX(calc(-50% + 0px));\n}\n@media all and (-ms-high-contrast: none) {\n  .gallery-carousel-shortcode.gallery-carousel-shortcode-id-27c3b50ecff78c9cb6c7eb7efba8bbbe .owl-dots {\n    transform: translateX(-50%);\n    margin-left: 0px;\n  }\n}\n.gallery-carousel-shortcode.gallery-carousel-shortcode-id-27c3b50ecff78c9cb6c7eb7efba8bbbe .owl-dot {\n  width: 10px;\n  height: 10px;\n  margin: 0 8px;\n}\n@media screen and (max-width: 778px) {\n  .gallery-carousel-shortcode.gallery-carousel-shortcode-id-27c3b50ecff78c9cb6c7eb7efba8bbbe.hide-arrows .owl-nav a {\n    display: none;\n  }\n}\n@media screen and (max-width: 778px) {\n  .gallery-carousel-shortcode.gallery-carousel-shortcode-id-27c3b50ecff78c9cb6c7eb7efba8bbbe.reposition-arrows .owl-nav .owl-prev {\n    top: calc(100% + 0px);\n    left: 10px;\n  }\n  .gallery-carousel-shortcode.gallery-carousel-shortcode-id-27c3b50ecff78c9cb6c7eb7efba8bbbe.reposition-arrows .owl-nav .owl-next {\n    top: calc(100% + 0px);\n    right: 10px;\n  }\n}\n.gallery-carousel-shortcode.gallery-carousel-shortcode-id-27c3b50ecff78c9cb6c7eb7efba8bbbe figure,\n.gallery-carousel-shortcode.gallery-carousel-shortcode-id-27c3b50ecff78c9cb6c7eb7efba8bbbe .rollover,\n.gallery-carousel-shortcode.gallery-carousel-shortcode-id-27c3b50ecff78c9cb6c7eb7efba8bbbe img,\n.gallery-carousel-shortcode.gallery-carousel-shortcode-id-27c3b50ecff78c9cb6c7eb7efba8bbbe .gallery-rollover {\n  border-radius: 0px;\n}\n.gallery-carousel-shortcode.gallery-carousel-shortcode-id-27c3b50ecff78c9cb6c7eb7efba8bbbe.enable-bg-rollover .gallery-rollover {\n  background: -webkit-linear-gradient();\n  background: linear-gradient();\n}\n.gallery-carousel-shortcode.gallery-carousel-shortcode-id-27c3b50ecff78c9cb6c7eb7efba8bbbe.enable-img-shadow .owl-stage-outer {\n  padding: 14px 0;\n}\n.gallery-carousel-shortcode.gallery-carousel-shortcode-id-27c3b50ecff78c9cb6c7eb7efba8bbbe.enable-bg-rollover.hover-scale figure .rollover:after {\n  background: -webkit-linear-gradient();\n  background: linear-gradient();\n}\n.gallery-carousel-shortcode.gallery-carousel-shortcode-id-27c3b50ecff78c9cb6c7eb7efba8bbbe.gallery-shortcode .gallery-zoom-ico {\n  width: 44px;\n  height: 44px;\n  line-height: 44px;\n  border-radius: 100px;\n  margin: -22px 0 0 -22px;\n  border-width: 0px;\n}\n.dt-icon-bg-on.gallery-carousel-shortcode.gallery-carousel-shortcode-id-27c3b50ecff78c9cb6c7eb7efba8bbbe.gallery-shortcode .gallery-zoom-ico {\n  background: rgba(255,255,255,0.3);\n  box-shadow: none;\n}\n.gallery-carousel-shortcode.gallery-carousel-shortcode-id-27c3b50ecff78c9cb6c7eb7efba8bbbe.gallery-shortcode .gallery-zoom-ico:before,\n.gallery-carousel-shortcode.gallery-carousel-shortcode-id-27c3b50ecff78c9cb6c7eb7efba8bbbe.gallery-shortcode .gallery-zoom-ico span {\n  font-size: 32px;\n  line-height: 44px;\n  color: #ffffff;\n  background: none;\n}\n<\/style><div class=\"owl-carousel gallery-carousel-shortcode gallery-shortcode  dt-gallery-container dt-owl-carousel-call gallery-carousel-shortcode-id-27c3b50ecff78c9cb6c7eb7efba8bbbe quick-scale-img enable-bg-rollover meta-info-off dt-arrow-border-on dt-arrow-hover-border-on bullets-small-dot-stroke reposition-arrows dt-icon-bg-off arrows-bg-on disable-arrows-hover-bg arrows-hover-bg-on  vc_custom_1713170607350 hover-fade \" data-scroll-mode=\"1\" data-col-num=\"1\" data-wide-col-num=\"1\" data-laptop-col=\"1\" data-h-tablet-columns-num=\"1\" data-v-tablet-columns-num=\"1\" data-phone-columns-num=\"1\" data-col-gap=\"10\" data-stage-padding=\"0\" data-speed=\"600\" data-autoplay=\"false\" data-autoplay_speed=\"6000\" data-arrows=\"true\" data-bullet=\"false\" data-next-icon=\"icon-ar-017-r\" data-prev-icon=\"icon-ar-017-l\" data-img-shadow-size=\"12px\" data-img-shadow-spread=\"3px\"><div data-post-id=\"1947\" data-date=\"2024-03-12T12:32:05+00:00\" data-name=\"Plasti\u010dni \u010damci\"><figure class=\"post\"><a href=\"https:\/\/cabarplast.com\/wp-content\/uploads\/2024\/03\/Plasticni-camci.jpg\" class=\"rollover dt-pswp-item layzr-bg\" data-large_image_width=\"1080\" data-large_image_height=\"1080\" data-dt-img-description=\"\" title=\"Plasti\u010dni \u010damci\"><img fetchpriority=\"high\" decoding=\"async\" class=\"preload-me owl-lazy-load aspect\" src=\"data:image\/svg+xml,%3Csvg%20xmlns%3D&#39;http%3A%2F%2Fwww.w3.org%2F2000%2Fsvg&#39;%20viewBox%3D&#39;0%200%201080%201080&#39;%2F%3E\" data-src=\"https:\/\/cabarplast.com\/wp-content\/uploads\/2024\/03\/Plasticni-camci.jpg\" data-srcset=\"https:\/\/cabarplast.com\/wp-content\/uploads\/2024\/03\/Plasticni-camci.jpg 1080w\" loading=\"eager\" style=\"--ratio: 1080 \/ 1080\" sizes=\"(max-width: 1080px) 100vw, 1080px\" alt=\"\" width=\"1080\" height=\"1080\"  \/><span class=\"gallery-rollover\"><span class=\"gallery-zoom-ico icomoon-the7-font-the7-zoom-06\"><span><\/span><\/span><\/span><\/a><\/figure><\/div><\/div>[\/vc_column][vc_column width=&#8221;1\/2&#8243; css=&#8221;.vc_custom_1709647368309{border-left-width: 1px !important;padding-right: 30px !important;padding-left: 30px !important;border-left-color: #0e415f !important;border-left-style: solid !important;}&#8221;][vc_column_text css=&#8221;&#8221;]<\/p>\n<h1><strong>Barka<\/strong> plastike<\/h1>\n<p>&nbsp;<\/p>\n<p>Barkat plastike t\u00eb b\u00ebra nga materiali HDPE (Polietileni me Dend\u00ebsi t\u00eb Lart\u00eb) kan\u00eb provuar t\u00eb jen\u00eb t\u00eb shk\u00eblqyera n\u00eb prodhimin e barkave plastike.<\/p>\n<p>Materiali \u00ebsht\u00eb i leht\u00eb p\u00ebr tu formuar, duke lejuar q\u00eb barkat plastike t\u00eb b\u00ebhen n\u00eb forma t\u00eb ndryshme, duke i b\u00ebr\u00eb ato t\u00eb p\u00ebrshtatshme p\u00ebr regata kur d\u00ebshironi q\u00eb anija juaj t\u00eb ket\u00eb nj\u00eb pamje t\u00ebrheq\u00ebse.<\/p>\n<p>Lundrueshm\u00ebri e mir\u00eb dhe stabilitet n\u00eb uj\u00eb jan\u00eb vet\u00ebm disa nga avantazhet e k\u00ebtyre barkave n\u00eb krahasim me barkat prej gome ose barkat me fije qelqi.<br \/>\n[\/vc_column_text][vc_empty_space height=&#8221;20&#8243;]<a href=\"https:\/\/cabarplast.com\/sq\/kontakt\/\" class=\"btn-shortcode dt-btn-m dt-btn default-btn-color default-btn-hover-color default-btn-bg-color default-btn-bg-hover-color\" id=\"dt-btn-1\"><span>Kontaktoni me ne<\/span><\/a>[\/vc_column][\/vc_row][vc_row][vc_column][vc_empty_space height=&#8221;50&#8243;][vc_column_text css=&#8221;.vc_custom_1726135060354{padding-right: 30px !important;padding-left: 30px !important;}&#8221;]Barkat tona plastike jan\u00eb t\u00eb p\u00ebrshtatshme p\u00ebr t\u00eb gjitha mjediset, qofshin n\u00eb uj\u00eb t\u00eb \u00ebmb\u00ebl apo t\u00eb kripur. Ne ofrojm\u00eb nj\u00eb gam\u00eb t\u00eb barkave plastike n\u00eb dimensione dhe kapacitete t\u00eb ndryshme, t\u00eb dizajnuara p\u00ebr t\u00eb p\u00ebrmbushur nevojat individuale dhe komerciale. Barkat tona vijn\u00eb n\u00eb ngjyrat standarde &#8211; e bardh\u00eb, gri ose e zez\u00eb, ose blu, por gjithashtu mund t\u00eb personalizohen n\u00eb ngjyra t\u00eb tjera, n\u00eb var\u00ebsi t\u00eb preferencave t\u00eb klientit.<\/p>\n<p>Ato jan\u00eb gjithashtu t\u00eb p\u00ebrshtatshme p\u00ebr q\u00ebllime t\u00eb ndryshme &#8211; mund t\u00eb p\u00ebrdoren si varka p\u00ebr sh\u00ebtitje, barka p\u00ebr peshkim sportiv, p\u00ebr transportimin e njer\u00ebzve, pushime familjare dhe aktivitete rekreative. Ato nuk do t\u00eb d\u00ebmtohen dhe nuk k\u00ebrkojn\u00eb ndonj\u00eb mir\u00ebmbajtje, shtres\u00eb ose mbrojtje ndryshe nga barkat e b\u00ebra nga materiale t\u00eb tjera.<\/p>\n<p><strong>Barkat plastike nuk zhyten, nuk mund t\u00eb shpohen dhe as nuk mund t\u00eb d\u00ebmtohen p\u00ebrgjithmon\u00eb n\u00eb ndonj\u00eb m\u00ebnyr\u00eb tjet\u00ebr.<\/strong> Pse ato nuk zhyten? Pjesa e tyre e brendshme \u00ebsht\u00eb e ndar\u00eb n\u00eb ndarje, k\u00ebshtu q\u00eb n\u00ebse nj\u00eb pjes\u00eb d\u00ebmtohet, pjes\u00ebt e tjera do ta mbajn\u00eb bark\u00ebn mbi uj\u00eb. Ato mund t\u00eb p\u00ebrdoren vazhdimisht dhe numri i p\u00ebrdorimeve nuk ndikon n\u00eb cil\u00ebsin\u00eb dhe q\u00ebndrueshm\u00ebrin\u00eb e k\u00ebtyre barkave.<br \/>\n[\/vc_column_text][vc_empty_space height=&#8221;50&#8243;][\/vc_column][\/vc_row][vc_row full_width=&#8221;stretch_row_content_no_spaces&#8221;][vc_column][vc_column_text]<img loading=\"lazy\" decoding=\"async\" class=\"aligncenter wp-image-232 size-full\" src=\"https:\/\/cabarplast.com\/wp-content\/uploads\/2024\/03\/footer-4.png\" alt=\"\" width=\"1919\" height=\"50\" srcset=\"https:\/\/cabarplast.com\/wp-content\/uploads\/2024\/03\/footer-4.png 1919w, https:\/\/cabarplast.com\/wp-content\/uploads\/2024\/03\/footer-4-300x8.png 300w, https:\/\/cabarplast.com\/wp-content\/uploads\/2024\/03\/footer-4-1024x27.png 1024w, https:\/\/cabarplast.com\/wp-content\/uploads\/2024\/03\/footer-4-768x20.png 768w, https:\/\/cabarplast.com\/wp-content\/uploads\/2024\/03\/footer-4-1536x40.png 1536w\" sizes=\"auto, (max-width: 1919px) 100vw, 1919px\" \/>[\/vc_column_text][\/vc_column][\/vc_row][vc_row full_width=&#8221;stretch_row&#8221; css=&#8221;.vc_custom_1709643894007{background-color: #0e415f !important;}&#8221;][vc_column][vc_column_text css=&#8221;.vc_custom_1726135151241{padding-right: 30px !important;padding-left: 30px !important;}&#8221;]<\/p>\n<h2><span style=\"color: #fcb426;\">BARKA PLASTIKE ME MADH\u00cbSI T\u00cb NDRYSHME\u00a0<\/span><\/h2>\n<p><span style=\"color: #fcb426;\">Barkat plastike prodhohen n\u00eb madh\u00ebsi dhe kapacitete t\u00eb ndryshme, t\u00eb gjitha sipas nevojave t\u00eb klientit. Dyshemeja ose fundi i bark\u00ebs \u00ebsht\u00eb i shesht\u00eb dhe i q\u00ebndruesh\u00ebm. Nj\u00eb motor mund t\u00eb bashk\u00ebngjitet pa ndonj\u00eb problem.<\/span><\/p>\n<p><span style=\"color: #ffffff;\">N\u00ebse jeni nj\u00eb peshkatar i apasionuar q\u00eb keni nevoj\u00eb p\u00ebr nj\u00eb bark\u00eb peshkimi, nj\u00eb dashnor i lumenjve dhe uj\u00ebrave, ose thjesht keni nevoj\u00eb p\u00ebr nj\u00eb pushim nga jeta e p\u00ebrditshme, d\u00ebshironi nj\u00eb anije p\u00ebr regata, barkat tona plastike jan\u00eb zgjidhja m\u00eb e mir\u00eb dhe m\u00eb e p\u00ebrballueshme p\u00ebr ju.<\/span><\/p>\n<p><span style=\"color: #ffffff;\">P\u00ebrve\u00e7 se nuk duhet t\u00eb shqet\u00ebsoheni p\u00ebr mir\u00ebmbajtjen, barkat tona jan\u00eb t\u00eb lehta p\u00ebr tu transportuar dhe p\u00ebr tu mbajtur, dhe mos harroni, ato jan\u00eb t\u00eb pathyeshme. Sipas nevojave tuaja, \u010cabar Plast nga Ose\u010dina pran\u00eb Valjevos prodhon barka plastike t\u00eb vogla ose t\u00eb m\u00ebdha n\u00eb var\u00ebsi t\u00eb dimensioneve t\u00eb d\u00ebshiruara. Pamja p\u00ebrfundimtare dhe \u00e7mimi varen nga gjer\u00ebsia dhe gjat\u00ebsia totale e bark\u00ebs, diametri dhe kapaciteti, si dhe pajisjet shtes\u00eb. Gjithashtu, ato mund t\u00eb ken\u00eb nj\u00eb kabin\u00eb ose t\u00eb jen\u00eb pa t\u00eb dhe t\u00eb p\u00ebrmbajn\u00eb t\u00eb gjitha pajisjet shtes\u00eb q\u00eb ju nevojiten.<\/span><\/p>\n<p><span style=\"color: #fcb426;\">Pamja p\u00ebrfundimtare e bark\u00ebs plastike, si dhe pajisjet q\u00eb d\u00ebshironi, jan\u00eb t\u00eb r\u00ebnd\u00ebsishme n\u00ebse planifikoni t\u00eb regjistroni anijen tuaj n\u00eb Serbi.<\/span>[\/vc_column_text][vc_empty_space height=&#8221;30&#8243;][\/vc_column][\/vc_row][vc_row][vc_column][vc_column_text css=&#8221;.vc_custom_1726135187935{padding-top: 30px !important;padding-right: 30px !important;padding-bottom: 30px !important;padding-left: 30px !important;background-color: #efefef !important;border-radius: 15px !important;}&#8221;]<\/p>\n<h2>PSE PLASTIKA PO B\u00cbHET NJ\u00cb ZGJEDHJE M\u00cb E ZAKONSHME N\u00cb PRODHIMIN E BARKAVE?<\/h2>\n<p>Krahasuar me materialet tradicionale t\u00eb p\u00ebrdorura n\u00eb nd\u00ebrtimin e barkave &#8211; fije qelqi, alumini, gome dhe druri, plastika ka nj\u00eb s\u00ebr\u00eb p\u00ebrpar\u00ebsish, si n\u00eb procesin e prodhimit t\u00eb barkave ashtu edhe n\u00eb p\u00ebrdorimin dhe funksionimin e p\u00ebrditsh\u00ebm t\u00eb barkave plastike.<\/p>\n<p>Dend\u00ebsia e polietilenit \u00ebsht\u00eb m\u00eb e ul\u00ebt se dend\u00ebsia e materialeve tradicionale t\u00eb nd\u00ebrtimit t\u00eb barkave dhe \u00ebsht\u00eb m\u00eb e vog\u00ebl se uji, duke e b\u00ebr\u00eb at\u00eb nj\u00eb material jasht\u00ebzakonisht t\u00eb mir\u00eb p\u00ebr t\u00eb b\u00ebr\u00eb lloje t\u00eb ndryshme t\u00eb objekteve lundruese (varka, pontona, shandan\u00eb p\u00ebr trape, platforma stacionare etj.). Polietileni, materiali nga i cili b\u00ebhen barkat, \u00ebsht\u00eb nj\u00eb lloj plastike me dend\u00ebsi t\u00eb jasht\u00ebzakonshme. Krahasuar me paketimin klasik PET, polietileni ka nj\u00eb struktur\u00eb m\u00eb t\u00eb fort\u00eb dhe fibra m\u00eb t\u00eb dendura t\u00eb nd\u00ebrthurura, duke e b\u00ebr\u00eb at\u00eb jasht\u00ebzakonisht rezistent dhe t\u00eb fort\u00eb.<\/p>\n<p>Ai u jep barkave plastike rezistenc\u00eb t\u00eb lart\u00eb ndaj d\u00ebmtimeve mekanike &#8211; konsumimit, g\u00ebrvishtjes dhe thyerjes. N\u00eb praktik\u00eb, kjo do t\u00eb thot\u00eb q\u00eb nj\u00eb bark\u00eb plastike e b\u00ebr\u00eb nga polietileni, n\u00ebse godet nj\u00eb shk\u00ebmb ose bie n\u00eb r\u00ebr\u00eb, nuk do t\u00eb d\u00ebmtohet si\u00e7 \u00ebsht\u00eb rasti me barkat prej gome. N\u00ebse ndodh d\u00ebmtim, procesi i riparimit \u00ebsht\u00eb i shpejt\u00eb dhe i leht\u00eb. Meqen\u00ebse \u00ebsht\u00eb nj\u00eb material i leht\u00eb, ai leht\u00ebson transportin dhe manovrimin e bark\u00ebs.[\/vc_column_text][vc_column_text][\/vc_column_text][vc_empty_space][\/vc_column][\/vc_row][vc_row][vc_column][vc_column_text css=&#8221;.vc_custom_1726135259776{padding-top: 30px !important;padding-right: 30px !important;padding-bottom: 30px !important;padding-left: 30px !important;background-color: #0e415f !important;border-radius: 15px !important;}&#8221;]<\/p>\n<h2><span style=\"color: #fcb426;\">MIR\u00cbMBAJTJA E BARKAVE PLASTIKE \u010cABAR PLAST<\/span><\/h2>\n<p><span style=\"color: #ffffff;\">Procesi i prodhimit t\u00eb barkave plastike dhe karakteristikat e materialit HDPE sigurojn\u00eb q\u00ebndrueshm\u00ebrin\u00eb dhe rezistenc\u00ebn e barkave plastike ndaj kushteve t\u00eb ndryshme t\u00eb motit. Barkat plastike \u010cabarPlast nuk k\u00ebrkojn\u00eb ndonj\u00eb mbrojtje anti-korrozive, anti-fouling ose shtresa xheli q\u00eb jan\u00eb t\u00eb detyrueshme p\u00ebr mbrojtjen e barkave dhe anijeve t\u00eb b\u00ebra nga materiale tradicionale.<\/span><\/p>\n<ul>\n<li><span style=\"color: #ffffff;\">Barkat plastike \u010cabarPlast nuk kan\u00eb nevoj\u00eb p\u00ebr ndonj\u00eb lloj boje, mbulim ose mb\u00ebshtjellje me foli.<\/span><\/li>\n<li><span style=\"color: #ffffff;\">Ato jan\u00eb rezistente ndaj temperaturave t\u00eb larta.<\/span><\/li>\n<li><span style=\"color: #ffffff;\">Ato jan\u00eb t\u00eb pap\u00ebrshkueshme nga uji dhe nuk kan\u00eb nevoj\u00eb p\u00ebr ndonj\u00eb fiksues ose ngjit\u00ebs.<\/span><\/li>\n<li><span style=\"color: #ffffff;\">Ato jan\u00eb rezistente ndaj konsumimit dhe d\u00ebmtimeve mekanike. P\u00ebr shembull, k\u00ebto varka rekomandohen p\u00ebr udh\u00ebtime me rafting sepse jan\u00eb t\u00eb q\u00ebndrueshme.<\/span><\/li>\n<li><span style=\"color: #ffffff;\">Ato kan\u00eb aft\u00ebsi t\u00eb mir\u00eb lundrimi &#8211; t\u00eb q\u00ebndrueshme n\u00eb uj\u00eb dhe t\u00eb lehta p\u00ebr tu manovruar (duke p\u00ebrdorur lopata ose nj\u00eb tastier\u00eb drejtuese).<\/span><\/li>\n<li><span style=\"color: #ffffff;\">Ato jan\u00eb t\u00eb lehta p\u00ebr tu transportuar p\u00ebr n\u00eb dhe nga uji.<\/span><\/li>\n<li><span style=\"color: #ffffff;\">Ato jan\u00eb t\u00eb lehta p\u00ebr tu mbajtur.<\/span><\/li>\n<li><span style=\"color: #ffffff;\">Ato jan\u00eb praktike, t\u00eb besueshme dhe me kosto efektive, duke i b\u00ebr\u00eb ato nj\u00eb nga zgjedhjet m\u00eb t\u00eb mira p\u00ebr lundrim.<\/span><\/li>\n<\/ul>\n<p>[\/vc_column_text][vc_empty_space][\/vc_column][\/vc_row][vc_row][vc_column][vc_column_text css=&#8221;.vc_custom_1726136332398{padding-right: 30px !important;padding-left: 30px !important;}&#8221;]<\/p>\n<h2>P\u00cbRGATITJA P\u00cbR LUNDRIM ME BARK\u00cb PLASTIKE<\/h2>\n<p>Barkat plastike jan\u00eb nj\u00eb zgjedhje e shk\u00eblqyer p\u00ebr lundrim pasi ato jan\u00eb t\u00eb lehta p\u00ebr t&#8217;u p\u00ebrdorur dhe ofrojn\u00eb t\u00eb gjitha komoditetet e anijeve t\u00eb m\u00ebdha, anijeve me shpejt\u00ebsi t\u00eb lart\u00eb, barkave ose anijeve me vela. P\u00ebr shkak t\u00eb karakteristikave t\u00eb materialeve nga t\u00eb cilat jan\u00eb b\u00ebr\u00eb, t\u00eb cilat jan\u00eb m\u00eb t\u00eb lehta n\u00eb dend\u00ebsi se alumini dhe madje edhe uji, ato kan\u00eb nj\u00eb s\u00ebr\u00eb p\u00ebrpar\u00ebsish, ve\u00e7an\u00ebrisht n\u00eb aspektin e q\u00ebndrueshm\u00ebris\u00eb dhe kapacitetit t\u00eb lart\u00eb t\u00eb ngarkes\u00ebs. Fleksibiliteti i barkave thith zhurm\u00ebn dhe val\u00ebt, duke e b\u00ebr\u00eb udh\u00ebtimin m\u00eb t\u00eb k\u00ebndsh\u00ebm. P\u00ebr shkak t\u00eb rezistenc\u00ebs s\u00eb tyre t\u00eb lart\u00eb ndaj d\u00ebmtimeve dhe ndryshimeve t\u00eb temperatur\u00ebs, ato mund t\u00eb p\u00ebrdoren p\u00ebr lundrim n\u00eb t\u00eb gjitha stin\u00ebt (ver\u00eb apo dim\u00ebr) dhe po b\u00ebhen zgjedhja e nj\u00eb numri n\u00eb rritje t\u00eb detar\u00ebve dhe entuziast\u00ebve t\u00eb lundrimit.<\/p>\n<p><strong>Barkat \u010cabar Plast<\/strong> jan\u00eb b\u00ebr\u00eb nga polietileni me densitet t\u00eb lart\u00eb, ashtu si edhe ponton\u00ebt, katamaran\u00ebt, rezervuar\u00ebt e ujit, rezervuar\u00ebt vertikal\u00eb t\u00eb ujit, rezervuar\u00ebt e naft\u00ebs, en\u00ebt p\u00ebr l\u00ebngun e rrushit, barkat tabarca, rezervuar\u00ebt e ujitjes, rezervuar\u00ebt septik, ndar\u00ebsit e yndyr\u00ebs dhe vajit, fu\u00e7it\u00eb plastike t\u00eb ver\u00ebs.<\/p>\n<p>&nbsp;<\/p>\n<h4 style=\"text-align: justify;\" align=\"center\">Dimensionet e varkave tona<\/h4>\n<table style=\"height: 266px;\" border=\"0\" width=\"323\" cellspacing=\"1\" cellpadding=\"0\">\n<tbody>\n<tr>\n<td bgcolor=\"#CCCCCC\" width=\"158\" height=\"41\">\n<p style=\"text-align: left;\" align=\"center\"><strong>Broj osoba<\/strong><\/p>\n<\/td>\n<td bgcolor=\"#CCCCCC\" width=\"148\">\n<p style=\"text-align: left;\" align=\"center\"><strong>Du\u017eina (m)<\/strong><\/p>\n<\/td>\n<td bgcolor=\"#CCCCCC\" width=\"134\">\n<p style=\"text-align: left;\" align=\"center\"><strong>\u0160irina(m)<\/strong><\/p>\n<\/td>\n<\/tr>\n<tr>\n<td bgcolor=\"#efefef\">4<\/td>\n<td bgcolor=\"#efefef\">2<\/td>\n<td bgcolor=\"#efefef\">2,5<\/td>\n<\/tr>\n<tr>\n<td bgcolor=\"#efefef\">6<\/td>\n<td bgcolor=\"#efefef\">3,5<\/td>\n<td bgcolor=\"#efefef\">2<\/td>\n<\/tr>\n<tr>\n<td bgcolor=\"#efefef\">10<\/td>\n<td bgcolor=\"#efefef\">5<\/td>\n<td bgcolor=\"#efefef\">2<\/td>\n<\/tr>\n<\/tbody>\n<\/table>\n<p>[\/vc_column_text][vc_empty_space][\/vc_column][\/vc_row][vc_row][vc_column][vc_column_text css=&#8221;.vc_custom_1726136155944{padding-top: 30px !important;padding-right: 30px !important;padding-bottom: 30px !important;padding-left: 30px !important;background-color: #efefef !important;border-radius: 15px !important;}&#8221;]Barkat \u010cabar Plast jan\u00eb b\u00ebr\u00eb nga polietileni me densitet t\u00eb lart\u00eb, ashtu si edhe ponton\u00ebt, katamaran\u00ebt, rezervuar\u00ebt e ujit, rezervuar\u00ebt vertikal\u00eb t\u00eb ujit, rezervuar\u00ebt e naft\u00ebs, en\u00ebt p\u00ebr l\u00ebngun e rrushit, barkat tabarca, rezervuar\u00ebt e ujitjes, rezervuar\u00ebt septik, ndar\u00ebsit e yndyr\u00ebs dhe vajit, fu\u00e7it\u00eb plastike t\u00eb ver\u00ebs.[\/vc_column_text][vc_column_text][\/vc_column_text][vc_empty_space][\/vc_column][\/vc_row][vc_row full_width=&#8221;stretch_row_content_no_spaces&#8221;][vc_column][vc_column_text]<img loading=\"lazy\" decoding=\"async\" class=\"aligncenter wp-image-232 size-full\" src=\"https:\/\/cabarplast.com\/wp-content\/uploads\/2024\/03\/footer-4.png\" alt=\"\" width=\"1919\" height=\"50\" srcset=\"https:\/\/cabarplast.com\/wp-content\/uploads\/2024\/03\/footer-4.png 1919w, https:\/\/cabarplast.com\/wp-content\/uploads\/2024\/03\/footer-4-300x8.png 300w, https:\/\/cabarplast.com\/wp-content\/uploads\/2024\/03\/footer-4-1024x27.png 1024w, https:\/\/cabarplast.com\/wp-content\/uploads\/2024\/03\/footer-4-768x20.png 768w, https:\/\/cabarplast.com\/wp-content\/uploads\/2024\/03\/footer-4-1536x40.png 1536w\" sizes=\"auto, (max-width: 1919px) 100vw, 1919px\" \/>[\/vc_column_text][\/vc_column][\/vc_row]<\/p>\n<\/div>","protected":false},"excerpt":{"rendered":"<p>[vc_row][vc_column width=&#8221;1\/2&#8243;][\/vc_column][vc_column width=&#8221;1\/2&#8243; css=&#8221;.vc_custom_1709647368309{border-left-width: 1px !important;padding-right: 30px !important;padding-left: 30px !important;border-left-color: #0e415f !important;border-left-style: solid !important;}&#8221;][vc_column_text css=&#8221;&#8221;] Barka plastike &nbsp; Barkat plastike t\u00eb b\u00ebra nga materiali HDPE (Polietileni me Dend\u00ebsi t\u00eb Lart\u00eb) kan\u00eb provuar t\u00eb jen\u00eb t\u00eb shk\u00eblqyera n\u00eb prodhimin e barkave plastike. Materiali \u00ebsht\u00eb i leht\u00eb p\u00ebr tu formuar, duke lejuar q\u00eb barkat plastike t\u00eb b\u00ebhen&hellip;<\/p>\n","protected":false},"author":1,"featured_media":0,"parent":0,"menu_order":0,"comment_status":"closed","ping_status":"closed","template":"","meta":{"footnotes":""},"class_list":["post-1946","page","type-page","status-publish","hentry","description-off"],"_links":{"self":[{"href":"https:\/\/cabarplast.com\/sq\/wp-json\/wp\/v2\/pages\/1946","targetHints":{"allow":["GET"]}}],"collection":[{"href":"https:\/\/cabarplast.com\/sq\/wp-json\/wp\/v2\/pages"}],"about":[{"href":"https:\/\/cabarplast.com\/sq\/wp-json\/wp\/v2\/types\/page"}],"author":[{"embeddable":true,"href":"https:\/\/cabarplast.com\/sq\/wp-json\/wp\/v2\/users\/1"}],"replies":[{"embeddable":true,"href":"https:\/\/cabarplast.com\/sq\/wp-json\/wp\/v2\/comments?post=1946"}],"version-history":[{"count":2,"href":"https:\/\/cabarplast.com\/sq\/wp-json\/wp\/v2\/pages\/1946\/revisions"}],"predecessor-version":[{"id":1949,"href":"https:\/\/cabarplast.com\/sq\/wp-json\/wp\/v2\/pages\/1946\/revisions\/1949"}],"wp:attachment":[{"href":"https:\/\/cabarplast.com\/sq\/wp-json\/wp\/v2\/media?parent=1946"}],"curies":[{"name":"wp","href":"https:\/\/api.w.org\/{rel}","templated":true}]}}