{"id":1891,"date":"2024-03-04T21:15:18","date_gmt":"2024-03-04T21:15:18","guid":{"rendered":"https:\/\/cabarplast.com\/burad-za-splavove\/"},"modified":"2024-10-14T20:47:08","modified_gmt":"2024-10-14T20:47:08","slug":"fucite-plastike-per-trape","status":"publish","type":"page","link":"https:\/\/cabarplast.com\/sq\/fucite-plastike-per-trape\/","title":{"rendered":"Fu\u00e7i p\u00ebr Trape"},"content":{"rendered":"<div class=\"wpb-content-wrapper\"><p>[vc_row][vc_column width=&#8221;1\/2&#8243;]<style type=\"text\/css\" data-type=\"the7_shortcodes-inline-css\">.gallery-carousel-shortcode.gallery-carousel-shortcode-id-c096717b5f4585a3eb8632fb36e39625 .owl-nav a {\n  width: 30px;\n  height: 30px;\n  border-radius: 500px;\n}\n.dt-arrow-border-on.gallery-carousel-shortcode.gallery-carousel-shortcode-id-c096717b5f4585a3eb8632fb36e39625 .owl-nav a:not(:hover):before {\n  border-width: 0px;\n}\n.dt-arrow-hover-border-on.gallery-carousel-shortcode.gallery-carousel-shortcode-id-c096717b5f4585a3eb8632fb36e39625 .owl-nav a:hover:after {\n  border-width: 0px;\n}\n.gallery-carousel-shortcode.gallery-carousel-shortcode-id-c096717b5f4585a3eb8632fb36e39625 .owl-nav a.owl-prev {\n  top: calc(100% + 0px);\n  left: -43px;\n}\n.gallery-carousel-shortcode.gallery-carousel-shortcode-id-c096717b5f4585a3eb8632fb36e39625 .owl-nav a.owl-prev i {\n  padding: 0px 5px 0px 5px;\n}\n.gallery-carousel-shortcode.gallery-carousel-shortcode-id-c096717b5f4585a3eb8632fb36e39625 .owl-nav a.owl-next {\n  top: calc(100% + 0px);\n  right: -43px;\n}\n.gallery-carousel-shortcode.gallery-carousel-shortcode-id-c096717b5f4585a3eb8632fb36e39625 .owl-nav a.owl-next i {\n  padding: 0px 5px 0px 5px;\n}\n.gallery-carousel-shortcode.gallery-carousel-shortcode-id-c096717b5f4585a3eb8632fb36e39625 .owl-nav i {\n  font-size: 15px;\n}\n.gallery-carousel-shortcode.gallery-carousel-shortcode-id-c096717b5f4585a3eb8632fb36e39625 .owl-nav a:not(:hover) i,\n.gallery-carousel-shortcode.gallery-carousel-shortcode-id-c096717b5f4585a3eb8632fb36e39625 .owl-nav a:not(:hover) i:before {\n  color: #ffffff;\n  background: none;\n}\n.gallery-carousel-shortcode.gallery-carousel-shortcode-id-c096717b5f4585a3eb8632fb36e39625 .owl-nav a:hover i,\n.gallery-carousel-shortcode.gallery-carousel-shortcode-id-c096717b5f4585a3eb8632fb36e39625 .owl-nav a:hover i:before {\n  color: rgba(255,255,255,0.75);\n  background: none;\n}\n.gallery-carousel-shortcode.gallery-carousel-shortcode-id-c096717b5f4585a3eb8632fb36e39625 .owl-dots {\n  top: calc(100% + 20px);\n  left: 50%;\n  transform: translateX(calc(-50% + 0px));\n}\n@media all and (-ms-high-contrast: none) {\n  .gallery-carousel-shortcode.gallery-carousel-shortcode-id-c096717b5f4585a3eb8632fb36e39625 .owl-dots {\n    transform: translateX(-50%);\n    margin-left: 0px;\n  }\n}\n.gallery-carousel-shortcode.gallery-carousel-shortcode-id-c096717b5f4585a3eb8632fb36e39625 .owl-dot {\n  width: 10px;\n  height: 10px;\n  margin: 0 8px;\n}\n@media screen and (max-width: 778px) {\n  .gallery-carousel-shortcode.gallery-carousel-shortcode-id-c096717b5f4585a3eb8632fb36e39625.hide-arrows .owl-nav a {\n    display: none;\n  }\n}\n@media screen and (max-width: 778px) {\n  .gallery-carousel-shortcode.gallery-carousel-shortcode-id-c096717b5f4585a3eb8632fb36e39625.reposition-arrows .owl-nav .owl-prev {\n    top: calc(100% + 0px);\n    left: 10px;\n  }\n  .gallery-carousel-shortcode.gallery-carousel-shortcode-id-c096717b5f4585a3eb8632fb36e39625.reposition-arrows .owl-nav .owl-next {\n    top: calc(100% + 0px);\n    right: 10px;\n  }\n}\n.gallery-carousel-shortcode.gallery-carousel-shortcode-id-c096717b5f4585a3eb8632fb36e39625 figure,\n.gallery-carousel-shortcode.gallery-carousel-shortcode-id-c096717b5f4585a3eb8632fb36e39625 .rollover,\n.gallery-carousel-shortcode.gallery-carousel-shortcode-id-c096717b5f4585a3eb8632fb36e39625 img,\n.gallery-carousel-shortcode.gallery-carousel-shortcode-id-c096717b5f4585a3eb8632fb36e39625 .gallery-rollover {\n  border-radius: 0px;\n}\n.gallery-carousel-shortcode.gallery-carousel-shortcode-id-c096717b5f4585a3eb8632fb36e39625.enable-bg-rollover .gallery-rollover {\n  background: -webkit-linear-gradient();\n  background: linear-gradient();\n}\n.gallery-carousel-shortcode.gallery-carousel-shortcode-id-c096717b5f4585a3eb8632fb36e39625.enable-img-shadow .owl-stage-outer {\n  padding: 14px 0;\n}\n.gallery-carousel-shortcode.gallery-carousel-shortcode-id-c096717b5f4585a3eb8632fb36e39625.enable-bg-rollover.hover-scale figure .rollover:after {\n  background: -webkit-linear-gradient();\n  background: linear-gradient();\n}\n.gallery-carousel-shortcode.gallery-carousel-shortcode-id-c096717b5f4585a3eb8632fb36e39625.gallery-shortcode .gallery-zoom-ico {\n  width: 44px;\n  height: 44px;\n  line-height: 44px;\n  border-radius: 100px;\n  margin: -22px 0 0 -22px;\n  border-width: 0px;\n}\n.dt-icon-bg-on.gallery-carousel-shortcode.gallery-carousel-shortcode-id-c096717b5f4585a3eb8632fb36e39625.gallery-shortcode .gallery-zoom-ico {\n  background: rgba(255,255,255,0.3);\n  box-shadow: none;\n}\n.gallery-carousel-shortcode.gallery-carousel-shortcode-id-c096717b5f4585a3eb8632fb36e39625.gallery-shortcode .gallery-zoom-ico:before,\n.gallery-carousel-shortcode.gallery-carousel-shortcode-id-c096717b5f4585a3eb8632fb36e39625.gallery-shortcode .gallery-zoom-ico span {\n  font-size: 32px;\n  line-height: 44px;\n  color: #ffffff;\n  background: none;\n}\n<\/style><div class=\"owl-carousel gallery-carousel-shortcode gallery-shortcode  dt-gallery-container dt-owl-carousel-call gallery-carousel-shortcode-id-c096717b5f4585a3eb8632fb36e39625 quick-scale-img enable-bg-rollover meta-info-off dt-arrow-border-on dt-arrow-hover-border-on bullets-small-dot-stroke reposition-arrows dt-icon-bg-off arrows-bg-on disable-arrows-hover-bg arrows-hover-bg-on  vc_custom_1713170029261 hover-fade \" data-scroll-mode=\"1\" data-col-num=\"1\" data-wide-col-num=\"1\" data-laptop-col=\"1\" data-h-tablet-columns-num=\"1\" data-v-tablet-columns-num=\"1\" data-phone-columns-num=\"1\" data-col-gap=\"10\" data-stage-padding=\"0\" data-speed=\"600\" data-autoplay=\"false\" data-autoplay_speed=\"6000\" data-arrows=\"true\" data-bullet=\"false\" data-next-icon=\"icon-ar-017-r\" data-prev-icon=\"icon-ar-017-l\" data-img-shadow-size=\"12px\" data-img-shadow-spread=\"3px\"><div data-post-id=\"1892\" data-date=\"2024-03-14T11:31:02+00:00\" data-name=\"Plasti\u010dna Burad za splavove (1)\"><figure class=\"post\"><a href=\"https:\/\/cabarplast.com\/wp-content\/uploads\/2024\/03\/Plasticna-Burad-za-splavove-1.jpg\" class=\"rollover dt-pswp-item layzr-bg\" data-large_image_width=\"1080\" data-large_image_height=\"1080\" data-dt-img-description=\"\" title=\"Plasti\u010dna Burad za splavove (1)\"><img fetchpriority=\"high\" decoding=\"async\" class=\"preload-me owl-lazy-load aspect\" src=\"data:image\/svg+xml,%3Csvg%20xmlns%3D&#39;http%3A%2F%2Fwww.w3.org%2F2000%2Fsvg&#39;%20viewBox%3D&#39;0%200%201080%201080&#39;%2F%3E\" data-src=\"https:\/\/cabarplast.com\/wp-content\/uploads\/2024\/03\/Plasticna-Burad-za-splavove-1.jpg\" data-srcset=\"https:\/\/cabarplast.com\/wp-content\/uploads\/2024\/03\/Plasticna-Burad-za-splavove-1.jpg 1080w\" loading=\"eager\" style=\"--ratio: 1080 \/ 1080\" sizes=\"(max-width: 1080px) 100vw, 1080px\" alt=\"\" width=\"1080\" height=\"1080\"  \/><span class=\"gallery-rollover\"><span class=\"gallery-zoom-ico icomoon-the7-font-the7-zoom-06\"><span><\/span><\/span><\/span><\/a><\/figure><\/div><div data-post-id=\"1956\" data-date=\"2024-03-14T11:31:03+00:00\" data-name=\"Plasti\u010dna Burad za splavove (2)\"><figure class=\"post\"><a href=\"https:\/\/cabarplast.com\/wp-content\/uploads\/2024\/03\/Plasticna-Burad-za-splavove-2.jpg\" class=\"rollover dt-pswp-item layzr-bg\" data-large_image_width=\"1080\" data-large_image_height=\"1080\" data-dt-img-description=\"\" title=\"Plasti\u010dna Burad za splavove (2)\"><img decoding=\"async\" class=\"preload-me owl-lazy-load aspect\" src=\"data:image\/svg+xml,%3Csvg%20xmlns%3D&#39;http%3A%2F%2Fwww.w3.org%2F2000%2Fsvg&#39;%20viewBox%3D&#39;0%200%201080%201080&#39;%2F%3E\" data-src=\"https:\/\/cabarplast.com\/wp-content\/uploads\/2024\/03\/Plasticna-Burad-za-splavove-2.jpg\" data-srcset=\"https:\/\/cabarplast.com\/wp-content\/uploads\/2024\/03\/Plasticna-Burad-za-splavove-2.jpg 1080w\" loading=\"eager\" style=\"--ratio: 1080 \/ 1080\" sizes=\"(max-width: 1080px) 100vw, 1080px\" alt=\"\" width=\"1080\" height=\"1080\"  \/><span class=\"gallery-rollover\"><span class=\"gallery-zoom-ico icomoon-the7-font-the7-zoom-06\"><span><\/span><\/span><\/span><\/a><\/figure><\/div><div data-post-id=\"1957\" data-date=\"2024-03-14T11:31:04+00:00\" data-name=\"Plasti\u010dna Burad za splavove (3)\"><figure class=\"post\"><a href=\"https:\/\/cabarplast.com\/wp-content\/uploads\/2024\/03\/Plasticna-Burad-za-splavove-3.jpg\" class=\"rollover dt-pswp-item layzr-bg\" data-large_image_width=\"1080\" data-large_image_height=\"1080\" data-dt-img-description=\"\" title=\"Plasti\u010dna Burad za splavove (3)\"><img decoding=\"async\" class=\"preload-me owl-lazy-load aspect\" src=\"data:image\/svg+xml,%3Csvg%20xmlns%3D&#39;http%3A%2F%2Fwww.w3.org%2F2000%2Fsvg&#39;%20viewBox%3D&#39;0%200%201080%201080&#39;%2F%3E\" data-src=\"https:\/\/cabarplast.com\/wp-content\/uploads\/2024\/03\/Plasticna-Burad-za-splavove-3.jpg\" data-srcset=\"https:\/\/cabarplast.com\/wp-content\/uploads\/2024\/03\/Plasticna-Burad-za-splavove-3.jpg 1080w\" loading=\"eager\" style=\"--ratio: 1080 \/ 1080\" sizes=\"(max-width: 1080px) 100vw, 1080px\" alt=\"\" width=\"1080\" height=\"1080\"  \/><span class=\"gallery-rollover\"><span class=\"gallery-zoom-ico icomoon-the7-font-the7-zoom-06\"><span><\/span><\/span><\/span><\/a><\/figure><\/div><div data-post-id=\"1958\" data-date=\"2024-03-14T11:31:05+00:00\" data-name=\"Plasti\u010dna Burad za splavove (4)\"><figure class=\"post\"><a href=\"https:\/\/cabarplast.com\/wp-content\/uploads\/2024\/03\/Plasticna-Burad-za-splavove-4.jpg\" class=\"rollover dt-pswp-item layzr-bg\" data-large_image_width=\"1080\" data-large_image_height=\"1080\" data-dt-img-description=\"\" title=\"Plasti\u010dna Burad za splavove (4)\"><img decoding=\"async\" class=\"preload-me owl-lazy-load aspect\" src=\"data:image\/svg+xml,%3Csvg%20xmlns%3D&#39;http%3A%2F%2Fwww.w3.org%2F2000%2Fsvg&#39;%20viewBox%3D&#39;0%200%201080%201080&#39;%2F%3E\" data-src=\"https:\/\/cabarplast.com\/wp-content\/uploads\/2024\/03\/Plasticna-Burad-za-splavove-4.jpg\" data-srcset=\"https:\/\/cabarplast.com\/wp-content\/uploads\/2024\/03\/Plasticna-Burad-za-splavove-4.jpg 1080w\" loading=\"eager\" style=\"--ratio: 1080 \/ 1080\" sizes=\"(max-width: 1080px) 100vw, 1080px\" alt=\"\" width=\"1080\" height=\"1080\"  \/><span class=\"gallery-rollover\"><span class=\"gallery-zoom-ico icomoon-the7-font-the7-zoom-06\"><span><\/span><\/span><\/span><\/a><\/figure><\/div><\/div>[\/vc_column][vc_column width=&#8221;1\/2&#8243; css=&#8221;.vc_custom_1709647368309{border-left-width: 1px !important;padding-right: 30px !important;padding-left: 30px !important;border-left-color: #0e415f !important;border-left-style: solid !important;}&#8221;][vc_column_text css=&#8221;&#8221;]<\/p>\n<h1><strong>Fu\u00e7it\u00eb Plastike<\/strong> p\u00ebr Trape<\/h1>\n<p>&nbsp;<\/p>\n<p>Fu\u00e7it\u00eb plastike t\u00eb \u010cabar Plast p\u00ebr trape ofrojn\u00eb nj\u00eb alternative moderne dhe miq\u00ebsore me mjedisin ndaj fu\u00e7ive tradicionale metalike.<\/p>\n<p>T\u00eb dizajnuara posa\u00e7\u00ebrisht p\u00ebr p\u00ebrdorim n\u00eb struktura lundruese, k\u00ebto fu\u00e7i vendosen n\u00ebn nd\u00ebrtim p\u00ebr t\u00eb siguruar aft\u00ebsi lundrimi dhe stabilitet.<br \/>\n[\/vc_column_text][vc_empty_space height=&#8221;20&#8243;]<a href=\"https:\/\/cabarplast.com\/sq\/kontakt\/\" class=\"btn-shortcode dt-btn-m dt-btn default-btn-color default-btn-hover-color default-btn-bg-color default-btn-bg-hover-color\" id=\"dt-btn-1\"><span>Kontaktoni me ne<\/span><\/a>[\/vc_column][\/vc_row][vc_row][vc_column][vc_empty_space height=&#8221;50&#8243;][\/vc_column][\/vc_row][vc_row][vc_column][vc_column_text css=&#8221;.vc_custom_1726137159782{padding-right: 30px !important;padding-left: 30px !important;}&#8221;]<\/p>\n<h2>Avantazhet e Fu\u00e7ive Plastike mbi Ato Metalike:<\/h2>\n<ul>\n<li>Nuk k\u00ebrkohet mir\u00ebmbajtje shtes\u00eb, duke eliminuar nevoj\u00ebn p\u00ebr lyerje ose veshje.<\/li>\n<li>N\u00eb dispozicion n\u00eb dimensione standarde t\u00eb ngjashme me fu\u00e7it\u00eb metalike (\u00d8 600 x 900mm), por gjithashtu mund t\u00eb personalizohen n\u00eb madh\u00ebsi dhe ngjyra t\u00eb ndryshme p\u00ebr t\u00eb p\u00ebrmbushur nevojat dhe preferencat specifike.<\/li>\n<\/ul>\n<p>[\/vc_column_text][vc_empty_space height=&#8221;50&#8243;][\/vc_column][\/vc_row][vc_row full_width=&#8221;stretch_row_content_no_spaces&#8221;][vc_column][vc_column_text]<img loading=\"lazy\" decoding=\"async\" class=\"aligncenter wp-image-232 size-full\" src=\"https:\/\/cabarplast.com\/wp-content\/uploads\/2024\/03\/footer-4.png\" alt=\"\" width=\"1919\" height=\"50\" srcset=\"https:\/\/cabarplast.com\/wp-content\/uploads\/2024\/03\/footer-4.png 1919w, https:\/\/cabarplast.com\/wp-content\/uploads\/2024\/03\/footer-4-300x8.png 300w, https:\/\/cabarplast.com\/wp-content\/uploads\/2024\/03\/footer-4-1024x27.png 1024w, https:\/\/cabarplast.com\/wp-content\/uploads\/2024\/03\/footer-4-768x20.png 768w, https:\/\/cabarplast.com\/wp-content\/uploads\/2024\/03\/footer-4-1536x40.png 1536w\" sizes=\"auto, (max-width: 1919px) 100vw, 1919px\" \/>[\/vc_column_text][\/vc_column][\/vc_row][vc_row full_width=&#8221;stretch_row&#8221; css=&#8221;.vc_custom_1709643894007{background-color: #0e415f !important;}&#8221;][vc_column][vc_column_text css=&#8221;.vc_custom_1726137202094{padding-right: 30px !important;padding-left: 30px !important;}&#8221;]<\/p>\n<h2><span style=\"color: #fcb426;\">Fu\u00e7it\u00eb plastike jan\u00eb ideale p\u00ebr nj\u00eb gam\u00eb t\u00eb gjer\u00eb p\u00ebrdorimesh, duke p\u00ebrfshir\u00eb:<\/span><\/h2>\n<ul>\n<li><span style=\"color: #ffffff;\">Themele p\u00ebr trape dhe sht\u00ebpi uji.<\/span><\/li>\n<li><span style=\"color: #ffffff;\">Skela t\u00eb sigurta dhe lidhje p\u00ebr anije.<\/span><\/li>\n<li><span style=\"color: #ffffff;\">Platforma p\u00ebr not, banjo dielli dhe kalime lumenjsh.<\/span><\/li>\n<li><span style=\"color: #ffffff;\">Peshkulture si ponton\u00eb dhe kafaz\u00eb.<\/span><\/li>\n<li><span style=\"color: #ffffff;\">Element\u00eb strukturor\u00eb p\u00ebr katamaran\u00eb dhe trimaran\u00eb.<\/span><\/li>\n<li><span style=\"color: #ffffff;\">Barriera p\u00ebr mbledhjen e mbeturinave lundruese dhe n\u00ebnujore.<\/span><\/li>\n<\/ul>\n<p>[\/vc_column_text][vc_empty_space height=&#8221;30&#8243;][\/vc_column][\/vc_row][vc_row][vc_column][vc_column_text css=&#8221;.vc_custom_1726137241957{padding-top: 30px !important;padding-right: 30px !important;padding-bottom: 30px !important;padding-left: 30px !important;background-color: #efefef !important;border-radius: 15px !important;}&#8221;]<\/p>\n<h3>Karakteristikat Kryesore:<\/h3>\n<ul>\n<li>T\u00eb b\u00ebra nga polietileni me dend\u00ebsi t\u00eb lart\u00eb (HDPE), duke siguruar rezistenc\u00eb t\u00eb lart\u00eb n\u00eb t\u00ebrheqje dhe rezistenc\u00eb ndaj dep\u00ebrtimit t\u00eb ujit, ngricave, ujit t\u00eb kripur dhe temperaturave ekstreme.<\/li>\n<li>T\u00eb pap\u00ebrshkueshme nga uji dhe jet\u00ebgjat\u00eb, me vet\u00ebm 5% degradim t\u00eb vetive pas 50 vitesh.<\/li>\n<li>Rezistente ndaj rrezeve UV dhe t\u00eb afta p\u00ebr t\u00eb p\u00ebrballuar temperaturat nga -30\u00b0C deri n\u00eb +80\u00b0C.<\/li>\n<li>Miq\u00ebsore me mjedisin, duke mos paraqitur rreziqe mjedisore n\u00eb krahasim me fu\u00e7it\u00eb metalike q\u00eb g\u00ebrryhen.<\/li>\n<li>T\u00eb lehta p\u00ebr t&#8217;u instaluar dhe transportuar, me rezistenc\u00eb ndaj goditjeve dhe kapacitet t\u00eb konsideruesh\u00ebm mbajt\u00ebs t\u00eb ngarkes\u00ebs.<\/li>\n<\/ul>\n<p>[\/vc_column_text][vc_column_text][\/vc_column_text][vc_empty_space][\/vc_column][\/vc_row][vc_row][vc_column][vc_column_text css=&#8221;.vc_custom_1726137266899{padding-top: 30px !important;padding-right: 30px !important;padding-bottom: 30px !important;padding-left: 30px !important;background-color: #0e415f !important;border-radius: 15px !important;}&#8221;]<\/p>\n<h2><span style=\"color: #fcb426;\">Dimensionet dhe Kapaciteti i Ngarkes\u00ebs:<\/span><\/h2>\n<p><span style=\"color: #ffffff;\">\u010cabar Plast ofron fu\u00e7i n\u00eb diamet\u00ebr t\u00eb ndrysh\u00ebm standard p\u00ebr t&#8217;iu p\u00ebrshtatur k\u00ebrkesave t\u00eb ndryshme, duke p\u00ebrfshir\u00eb \u00d8 500mm, \u00d8 600mm, \u00d8 800mm, \u00d8 1000mm, \u00d8 1200mm, \u00d8 1300mm, dhe \u00d8 1600mm, me mund\u00ebsin\u00eb e dimensioneve t\u00eb personalizuara. \u00c7do madh\u00ebsi \u00ebsht\u00eb projektuar p\u00ebr t\u00eb mb\u00ebshtetur pesha t\u00eb konsiderueshme, duke siguruar sigurin\u00eb dhe stabilitetin e strukturave tuaja lundruese.<br \/>\n<\/span>[\/vc_column_text][vc_empty_space][\/vc_column][\/vc_row][vc_row][vc_column][vc_column_text css=&#8221;.vc_custom_1726137334883{padding-top: 30px !important;padding-right: 30px !important;padding-bottom: 30px !important;padding-left: 30px !important;background-color: #efefef !important;border-radius: 15px !important;}&#8221;]<\/p>\n<h2>Personalizim dhe Opsione Ngjyrash t\u00eb Fu\u00e7ive Plastike<\/h2>\n<p>Nd\u00ebrsa e zeza \u00ebsht\u00eb ngjyra m\u00eb e zakonshme p\u00ebr shkak t\u00eb k\u00ebrkes\u00ebs popullore, fu\u00e7it\u00eb \u010cabar Plast jan\u00eb n\u00eb dispozicion n\u00eb nj\u00eb gam\u00eb ngjyrash, duke p\u00ebrfshir\u00eb blu, t\u00eb verdh\u00eb dhe gri, duke lejuar personalizimin dhe p\u00ebrshtatjen estetike me projektin tuaj.<br \/>\n[\/vc_column_text][vc_column_text][\/vc_column_text][vc_empty_space][\/vc_column][\/vc_row][vc_row][vc_column][vc_column_text css=&#8221;.vc_custom_1726137649481{padding-right: 30px !important;padding-left: 30px !important;}&#8221;]<\/p>\n<h2>Llogaritja e Kapacitetit t\u00eb Ngarkes\u00ebs s\u00eb Fu\u00e7ive Plastike<\/h2>\n<p>Kapaciteti i ngarkes\u00ebs varet nga madh\u00ebsia e fu\u00e7is\u00eb dhe nd\u00ebrtimi i objektit lundrues. P\u00ebr shembull, fu\u00e7it\u00eb me diamet\u00ebr t\u00eb brendsh\u00ebm 60 cm mb\u00ebshtesin 140 kg p\u00ebr met\u00ebr linear, nd\u00ebrsa ato me diamet\u00ebr 80 cm mb\u00ebshtesin 230 kg p\u00ebr met\u00ebr, duke siguruar q\u00eb trapi juaj ose struktura lundruese t\u00eb mbetet e q\u00ebndrueshme n\u00ebn ngarkes\u00ebn maksimale.<\/p>\n<p>Fu\u00e7it\u00eb plastike t\u00eb \u010cabar Plast p\u00ebr trape jan\u00eb nj\u00eb zgjidhje inovative p\u00ebr nd\u00ebrtimin e strukturave lundruese t\u00eb q\u00ebndrueshme, pa mir\u00ebmbajtje dhe miq\u00ebsore me mjedisin. Shum\u00ebllojshm\u00ebria e tyre, e kombinuar me nj\u00eb p\u00ebrkushtim ndaj cil\u00ebsis\u00eb dhe q\u00ebndrueshm\u00ebris\u00eb, i b\u00ebn ato nj\u00eb zgjedhje ideale p\u00ebr nj\u00eb gam\u00eb t\u00eb gjer\u00eb t\u00eb aplikacioneve ujore.[\/vc_column_text][vc_empty_space][\/vc_column][\/vc_row][vc_row full_width=&#8221;stretch_row_content_no_spaces&#8221;][vc_column][vc_column_text]<img loading=\"lazy\" decoding=\"async\" class=\"aligncenter wp-image-232 size-full\" src=\"https:\/\/cabarplast.com\/wp-content\/uploads\/2024\/03\/footer-4.png\" alt=\"\" width=\"1919\" height=\"50\" srcset=\"https:\/\/cabarplast.com\/wp-content\/uploads\/2024\/03\/footer-4.png 1919w, https:\/\/cabarplast.com\/wp-content\/uploads\/2024\/03\/footer-4-300x8.png 300w, https:\/\/cabarplast.com\/wp-content\/uploads\/2024\/03\/footer-4-1024x27.png 1024w, https:\/\/cabarplast.com\/wp-content\/uploads\/2024\/03\/footer-4-768x20.png 768w, https:\/\/cabarplast.com\/wp-content\/uploads\/2024\/03\/footer-4-1536x40.png 1536w\" sizes=\"auto, (max-width: 1919px) 100vw, 1919px\" \/>[\/vc_column_text][\/vc_column][\/vc_row]<\/p>\n<\/div>","protected":false},"excerpt":{"rendered":"<p>[vc_row][vc_column width=&#8221;1\/2&#8243;][\/vc_column][vc_column width=&#8221;1\/2&#8243; css=&#8221;.vc_custom_1709647368309{border-left-width: 1px !important;padding-right: 30px !important;padding-left: 30px !important;border-left-color: #0e415f !important;border-left-style: solid !important;}&#8221;][vc_column_text css=&#8221;&#8221;] Fu\u00e7it\u00eb Plastike p\u00ebr Trape &nbsp; Fu\u00e7it\u00eb plastike t\u00eb \u010cabar Plast p\u00ebr trape ofrojn\u00eb nj\u00eb alternative moderne dhe miq\u00ebsore me mjedisin ndaj fu\u00e7ive tradicionale metalike. T\u00eb dizajnuara posa\u00e7\u00ebrisht p\u00ebr p\u00ebrdorim n\u00eb struktura lundruese, k\u00ebto fu\u00e7i vendosen n\u00ebn nd\u00ebrtim p\u00ebr t\u00eb siguruar&hellip;<\/p>\n","protected":false},"author":1,"featured_media":0,"parent":0,"menu_order":0,"comment_status":"closed","ping_status":"closed","template":"","meta":{"footnotes":""},"class_list":["post-1891","page","type-page","status-publish","hentry","description-off"],"_links":{"self":[{"href":"https:\/\/cabarplast.com\/sq\/wp-json\/wp\/v2\/pages\/1891","targetHints":{"allow":["GET"]}}],"collection":[{"href":"https:\/\/cabarplast.com\/sq\/wp-json\/wp\/v2\/pages"}],"about":[{"href":"https:\/\/cabarplast.com\/sq\/wp-json\/wp\/v2\/types\/page"}],"author":[{"embeddable":true,"href":"https:\/\/cabarplast.com\/sq\/wp-json\/wp\/v2\/users\/1"}],"replies":[{"embeddable":true,"href":"https:\/\/cabarplast.com\/sq\/wp-json\/wp\/v2\/comments?post=1891"}],"version-history":[{"count":4,"href":"https:\/\/cabarplast.com\/sq\/wp-json\/wp\/v2\/pages\/1891\/revisions"}],"predecessor-version":[{"id":1959,"href":"https:\/\/cabarplast.com\/sq\/wp-json\/wp\/v2\/pages\/1891\/revisions\/1959"}],"wp:attachment":[{"href":"https:\/\/cabarplast.com\/sq\/wp-json\/wp\/v2\/media?parent=1891"}],"curies":[{"name":"wp","href":"https:\/\/api.w.org\/{rel}","templated":true}]}}