{"id":1886,"date":"2024-03-04T21:28:44","date_gmt":"2024-03-04T21:28:44","guid":{"rendered":"https:\/\/cabarplast.com\/o-nama\/"},"modified":"2024-10-14T18:53:47","modified_gmt":"2024-10-14T18:53:47","slug":"rreth-nesh","status":"publish","type":"page","link":"https:\/\/cabarplast.com\/sq\/rreth-nesh\/","title":{"rendered":"Rreth Nesh"},"content":{"rendered":"<div class=\"wpb-content-wrapper\"><p>[vc_row][vc_column width=&#8221;1\/2&#8243;][vc_column_text css=&#8221;.vc_custom_1726131936680{padding-top: 40px !important;padding-right: 20px !important;padding-bottom: 20px !important;}&#8221;]<\/p>\n<h1><strong>Rreth Nesh <\/strong> &#8211; \u010cABAR PLAST<\/h1>\n<p><strong>Sinonim p\u00ebr Inovacionin dhe Cil\u00ebsin\u00eb n\u00eb Industrin\u00eb e Plastik\u00ebs<\/strong><br \/>\n<img loading=\"lazy\" decoding=\"async\" class=\"alignnone wp-image-961 size-full\" src=\"https:\/\/cabarplast.com\/wp-content\/uploads\/2024\/04\/linija-1.jpg\" alt=\"\" width=\"121\" height=\"7\" \/><\/p>\n<p>&nbsp;<\/p>\n<p>Me m\u00eb shum\u00eb se nj\u00eb dekad\u00eb pune t\u00eb suksesshme, \u010cABAR PLAST shquhet si nj\u00eb kompani moderne familjare e themeluar n\u00eb vitin 2013 n\u00eb qytez\u00ebn e vog\u00ebl Plu\u017eac, n\u00eb zem\u00ebr t\u00eb Ose\u010din\u00ebs. Nga fillimet e saj modeste, kompania ka b\u00ebr\u00eb hapa t\u00eb r\u00ebnd\u00ebsish\u00ebm n\u00eb p\u00ebrsosm\u00ebri dhe inovacion n\u00eb bot\u00ebn e produkteve plastike, duke u b\u00ebr\u00eb lider n\u00eb fush\u00ebn e saj.<\/p>\n<p>\u010cABAR PLAST specializohet n\u00eb modelimin dhe prodhimin e nj\u00eb spektri t\u00eb gjer\u00eb produktesh plastike, duke p\u00ebrdorur materiale me cil\u00ebsi t\u00eb lart\u00eb si polietileni dhe polipropileni.[\/vc_column_text][\/vc_column][vc_column width=&#8221;1\/2&#8243;][vc_column_text css=&#8221;.vc_custom_1713169933426{padding-top: 40px !important;}&#8221;]<img loading=\"lazy\" decoding=\"async\" class=\"aligncenter wp-image-963 size-full\" src=\"https:\/\/cabarplast.com\/wp-content\/uploads\/2024\/04\/O-nama-\u2013-CABAR-PLAST-1.jpg\" alt=\"\" width=\"800\" height=\"600\" srcset=\"https:\/\/cabarplast.com\/wp-content\/uploads\/2024\/04\/O-nama-\u2013-CABAR-PLAST-1.jpg 800w, https:\/\/cabarplast.com\/wp-content\/uploads\/2024\/04\/O-nama-\u2013-CABAR-PLAST-1-300x225.jpg 300w, https:\/\/cabarplast.com\/wp-content\/uploads\/2024\/04\/O-nama-\u2013-CABAR-PLAST-1-768x576.jpg 768w\" sizes=\"auto, (max-width: 800px) 100vw, 800px\" \/>[\/vc_column_text][\/vc_column][\/vc_row][vc_row][vc_column][vc_empty_space]<div class=\"smile_icon_list_wrap ult_info_list_container ult-adjust-bottom-margin  \"><ul class=\"smile_icon_list left square with_bg\"><li class=\"icon_list_item\" style=\" font-size:102px;\"><div class=\"icon_list_icon\" data-animation=\"\" data-animation-delay=\"03\" style=\"font-size:34px;border-width:1px;border-style:none;background:#ffffff;color:#fcb426;border-color:#333333;\"><i class=\"icomoon-the7-font-the7-arrow-21\" ><\/i><\/div><div class=\"icon_description\" id=\"Info-list-wrap-7240\" style=\"font-size:34px;\"><div class=\"icon_description_text ult-responsive\"  data-ultimate-target='#Info-list-wrap-7240 .icon_description_text'  data-responsive-json-new='{\"font-size\":\"desktop:20px;\",\"line-height\":\"desktop:25px;\"}'  style=\"\"><p>Fal\u00eb teknologjis\u00eb s\u00eb p\u00ebrparuar t\u00eb ekstruzionit spiral, gama jon\u00eb p\u00ebrfshin rezervuar\u00eb plastik\u00eb, fu\u00e7i, tuba kanalizimesh, puseta dhe mat\u00ebsa uji, t\u00eb gjitha t\u00eb dizajnuara p\u00ebr t\u00eb p\u00ebrmbushur nevojat e ndryshme t\u00eb klient\u00ebve tan\u00eb.<\/p>\n<\/div><\/div><div class=\"icon_list_connector\"  style=\"border-right-width: 1px;border-right-style: dashed;border-color: #83ad0a;\"><\/div><\/li><li class=\"icon_list_item\" style=\" font-size:102px;\"><div class=\"icon_list_icon\" data-animation=\"\" data-animation-delay=\"03\" style=\"font-size:34px;border-width:1px;border-style:none;background:#ffffff;color:#fcb426;border-color:#333333;\"><i class=\"icomoon-the7-font-the7-arrow-21\" ><\/i><\/div><div class=\"icon_description\" id=\"Info-list-wrap-2623\" style=\"font-size:34px;\"><div class=\"icon_description_text ult-responsive\"  data-ultimate-target='#Info-list-wrap-2623 .icon_description_text'  data-responsive-json-new='{\"font-size\":\"desktop:20px;\",\"line-height\":\"desktop:25px;\"}'  style=\"\"><p>N\u00eb nj\u00eb bot\u00eb ku plastika mbizot\u00ebron p\u00ebr shkak t\u00eb shkatht\u00ebsis\u00eb dhe prakticitetit t\u00eb saj, \u010cABAR PLAST ka njohur nevoj\u00ebn p\u00ebr t\u00eb prodhuar materiale q\u00eb nuk jan\u00eb vet\u00ebm funksionale por edhe t\u00eb sigurta p\u00ebr sh\u00ebndetin e njeriut dhe mjedisin. Polietileni dhe polipropileni, materialet tona t\u00eb zgjedhura, jan\u00eb p\u00ebrzgjedhur p\u00ebr shkak t\u00eb inercis\u00eb s\u00eb tyre, siguris\u00eb dhe q\u00ebndrueshm\u00ebris\u00eb, duke i b\u00ebr\u00eb produktet tona zgjidhjen ideale p\u00ebr nj\u00eb gam\u00eb t\u00eb gjer\u00eb aplikimesh.<\/p>\n<\/div><\/div><div class=\"icon_list_connector\"  style=\"border-right-width: 1px;border-right-style: dashed;border-color: #83ad0a;\"><\/div><\/li><li class=\"icon_list_item\" style=\" font-size:102px;\"><div class=\"icon_list_icon\" data-animation=\"\" data-animation-delay=\"03\" style=\"font-size:34px;border-width:1px;border-style:none;background:#ffffff;color:#fcb426;border-color:#333333;\"><i class=\"icomoon-the7-font-the7-arrow-21\" ><\/i><\/div><div class=\"icon_description\" id=\"Info-list-wrap-3028\" style=\"font-size:34px;\"><div class=\"icon_description_text ult-responsive\"  data-ultimate-target='#Info-list-wrap-3028 .icon_description_text'  data-responsive-json-new='{\"font-size\":\"desktop:20px;\",\"line-height\":\"desktop:25px;\"}'  style=\"\"><p>Angazhimi yn\u00eb ndaj cil\u00ebsis\u00eb, inovacionit dhe k\u00ebnaq\u00ebsis\u00eb s\u00eb klientit e dallon \u010cABAR PLAST nga konkurrenca. L\u00ebnd\u00ebt e para q\u00eb p\u00ebrdorim jan\u00eb t\u00eb p\u00ebrzgjedhura me rigorozitet, me origjin\u00eb origjinale dhe t\u00eb sigurt, dhe jan\u00eb t\u00eb certifikuara p\u00ebr t\u00eb siguruar standardin m\u00eb t\u00eb lart\u00eb t\u00eb cil\u00ebsis\u00eb s\u00eb produkteve tona. Ekipi yn\u00eb i ekspert\u00ebve p\u00ebrpiqet vazhdimisht t\u00eb p\u00ebrmir\u00ebsoj\u00eb dhe t\u00eb inovoj\u00eb proceset tona t\u00eb prodhimit, duke siguruar nj\u00eb nivel t\u00eb lart\u00eb efikasiteti dhe k\u00ebnaq\u00ebsie n\u00eb mesin e klient\u00ebve tan\u00eb.<\/p>\n<\/div><\/div><div class=\"icon_list_connector\"  style=\"border-right-width: 1px;border-right-style: dashed;border-color: #83ad0a;\"><\/div><\/li><li class=\"icon_list_item\" style=\" font-size:102px;\"><div class=\"icon_list_icon\" data-animation=\"\" data-animation-delay=\"03\" style=\"font-size:34px;border-width:1px;border-style:none;background:#ffffff;color:#fcb426;border-color:#333333;\"><i class=\"icomoon-the7-font-the7-arrow-21\" ><\/i><\/div><div class=\"icon_description\" id=\"Info-list-wrap-6501\" style=\"font-size:34px;\"><div class=\"icon_description_text ult-responsive\"  data-ultimate-target='#Info-list-wrap-6501 .icon_description_text'  data-responsive-json-new='{\"font-size\":\"desktop:20px;\",\"line-height\":\"desktop:25px;\"}'  style=\"\"><p>Gjat\u00eb viteve, \u010cABAR PLAST ka zgjeruar vazhdimisht operacionet e saj, jo vet\u00ebm n\u00eb aspektin e kapacitetit t\u00eb prodhimit, por edhe p\u00ebrmes investimeve n\u00eb modernizim, inxhinieri dhe k\u00ebrkim shkencor. Kjo na mund\u00ebson t\u00eb vazhdojm\u00eb me trendet e fundit dhe k\u00ebrkesat e tregut, duke u ofruar klient\u00ebve tan\u00eb produkte q\u00eb p\u00ebrmbushin standardet dhe nevojat bashk\u00ebkohore.<\/p>\n<\/div><\/div><div class=\"icon_list_connector\"  style=\"border-right-width: 1px;border-right-style: dashed;border-color: #83ad0a;\"><\/div><\/li><li class=\"icon_list_item\" style=\" font-size:102px;\"><div class=\"icon_list_icon\" data-animation=\"\" data-animation-delay=\"03\" style=\"font-size:34px;border-width:1px;border-style:none;background:#ffffff;color:#fcb426;border-color:#333333;\"><i class=\"icomoon-the7-font-the7-arrow-21\" ><\/i><\/div><div class=\"icon_description\" id=\"Info-list-wrap-1297\" style=\"font-size:34px;\"><div class=\"icon_description_text ult-responsive\"  data-ultimate-target='#Info-list-wrap-1297 .icon_description_text'  data-responsive-json-new='{\"font-size\":\"desktop:20px;\",\"line-height\":\"desktop:25px;\"}'  style=\"\"><p>Misioni yn\u00eb \u00ebsht\u00eb t&#8217;iu p\u00ebrgjigjemi k\u00ebrkesave t\u00eb klient\u00ebve tan\u00eb n\u00eb koh\u00ebn m\u00eb t\u00eb shkurt\u00ebr t\u00eb mundshme, duke ofruar cil\u00ebsi t\u00eb provuar me \u00e7mime konkurruese. Ekipi yn\u00eb \u00ebsht\u00eb gjithmon\u00eb i gatsh\u00ebm t\u00eb ofroj\u00eb k\u00ebshilla dhe mb\u00ebshtetje t\u00eb specializuara, duke siguruar q\u00eb secili klient t\u00eb gjej\u00eb zgjidhjen ideale p\u00ebr nevojat e tyre.<\/p>\n<\/div><\/div><div class=\"icon_list_connector\"  style=\"border-right-width: 1px;border-right-style: dashed;border-color: #83ad0a;\"><\/div><\/li><\/ul><\/div>[vc_empty_space][\/vc_column][\/vc_row][vc_row][vc_column][vc_column_text css=&#8221;.vc_custom_1726132042326{padding-top: 30px !important;padding-right: 30px !important;padding-bottom: 30px !important;padding-left: 30px !important;background-color: #0e415f !important;border-radius: 15px !important;}&#8221;]<span style=\"color: #ffffff;\">Vizitoni \u010cABAR PLAST dhe zbuloni pse jemi b\u00ebr\u00eb nj\u00eb sinonim i besueshm\u00ebris\u00eb, inovacionit dhe cil\u00ebsis\u00eb n\u00eb industrin\u00eb e plastik\u00ebs. Zgjidhni ne si partnerin tuaj dhe le t\u00eb krijojm\u00eb s\u00eb bashku nj\u00eb t\u00eb ardhme t\u00eb suksesshme.<\/span>[\/vc_column_text][vc_empty_space][\/vc_column][\/vc_row][vc_row full_width=&#8221;stretch_row_content_no_spaces&#8221;][vc_column][vc_column_text]<img loading=\"lazy\" decoding=\"async\" class=\"aligncenter wp-image-232 size-full\" src=\"https:\/\/cabarplast.com\/wp-content\/uploads\/2024\/03\/footer-4.png\" alt=\"\" width=\"1919\" height=\"50\" srcset=\"https:\/\/cabarplast.com\/wp-content\/uploads\/2024\/03\/footer-4.png 1919w, https:\/\/cabarplast.com\/wp-content\/uploads\/2024\/03\/footer-4-300x8.png 300w, https:\/\/cabarplast.com\/wp-content\/uploads\/2024\/03\/footer-4-1024x27.png 1024w, https:\/\/cabarplast.com\/wp-content\/uploads\/2024\/03\/footer-4-768x20.png 768w, https:\/\/cabarplast.com\/wp-content\/uploads\/2024\/03\/footer-4-1536x40.png 1536w\" sizes=\"auto, (max-width: 1919px) 100vw, 1919px\" \/>[\/vc_column_text][\/vc_column][\/vc_row]<\/p>\n<\/div>","protected":false},"excerpt":{"rendered":"<p>[vc_row][vc_column width=&#8221;1\/2&#8243;][vc_column_text css=&#8221;.vc_custom_1726131936680{padding-top: 40px !important;padding-right: 20px !important;padding-bottom: 20px !important;}&#8221;] Rreth Nesh &#8211; \u010cABAR PLAST Sinonim p\u00ebr Inovacionin dhe Cil\u00ebsin\u00eb n\u00eb Industrin\u00eb e Plastik\u00ebs &nbsp; Me m\u00eb shum\u00eb se nj\u00eb dekad\u00eb pune t\u00eb suksesshme, \u010cABAR PLAST shquhet si nj\u00eb kompani moderne familjare e themeluar n\u00eb vitin 2013 n\u00eb qytez\u00ebn e vog\u00ebl Plu\u017eac, n\u00eb zem\u00ebr t\u00eb Ose\u010din\u00ebs.&hellip;<\/p>\n","protected":false},"author":1,"featured_media":0,"parent":0,"menu_order":0,"comment_status":"closed","ping_status":"closed","template":"","meta":{"footnotes":""},"class_list":["post-1886","page","type-page","status-publish","hentry","description-off"],"_links":{"self":[{"href":"https:\/\/cabarplast.com\/sq\/wp-json\/wp\/v2\/pages\/1886","targetHints":{"allow":["GET"]}}],"collection":[{"href":"https:\/\/cabarplast.com\/sq\/wp-json\/wp\/v2\/pages"}],"about":[{"href":"https:\/\/cabarplast.com\/sq\/wp-json\/wp\/v2\/types\/page"}],"author":[{"embeddable":true,"href":"https:\/\/cabarplast.com\/sq\/wp-json\/wp\/v2\/users\/1"}],"replies":[{"embeddable":true,"href":"https:\/\/cabarplast.com\/sq\/wp-json\/wp\/v2\/comments?post=1886"}],"version-history":[{"count":2,"href":"https:\/\/cabarplast.com\/sq\/wp-json\/wp\/v2\/pages\/1886\/revisions"}],"predecessor-version":[{"id":1889,"href":"https:\/\/cabarplast.com\/sq\/wp-json\/wp\/v2\/pages\/1886\/revisions\/1889"}],"wp:attachment":[{"href":"https:\/\/cabarplast.com\/sq\/wp-json\/wp\/v2\/media?parent=1886"}],"curies":[{"name":"wp","href":"https:\/\/api.w.org\/{rel}","templated":true}]}}