{"id":4300,"date":"2024-03-04T21:29:13","date_gmt":"2024-03-04T21:29:13","guid":{"rendered":"https:\/\/cabarplast.com\/politika-privatnosti\/"},"modified":"2025-07-07T20:23:28","modified_gmt":"2025-07-07T20:23:28","slug":"politika-konfidentsialnost","status":"publish","type":"page","link":"https:\/\/cabarplast.com\/ru\/politika-konfidentsialnost\/","title":{"rendered":"\u041f\u043e\u043b\u0438\u0442\u0438\u043a\u0430 \u043a\u043e\u043d\u0444\u0438\u0434\u0435\u043d\u0446\u0438\u0430\u043b\u044c\u043d\u043e\u0441\u0442\u0438"},"content":{"rendered":"<div class=\"wpb-content-wrapper\"><p>[vc_row][vc_column width=&#187;1\/2&#8243;][vc_empty_space height=&#187;40px&#187;][vc_column_text css=&#187;&#187;]<\/p>\n<h1>\u041f\u043e\u043b\u0438\u0442\u0438\u043a\u0430 \u043a\u043e\u043d\u0444\u0438\u0434\u0435\u043d\u0446\u0438\u0430\u043b\u044c\u043d\u043e\u0441\u0442\u0438<\/h1>\n<p>[\/vc_column_text][vc_empty_space height=&#187;40px&#187;][vc_column_text css=&#187;&#187;]<strong>\u010cabar Plast \u2013 Mirjana \u0110or\u0111evi\u0107 \u041f\u0440\u0435\u0434\u043f\u0440\u0438\u043d\u0438\u043c\u0430\u0442\u0435\u043b\u044c, \u041f\u0440\u043e\u0438\u0437\u0432\u043e\u0434\u0441\u0442\u0432\u043e \u043f\u043e \u043f\u0435\u0440\u0435\u0440\u0430\u0431\u043e\u0442\u043a\u0435 \u043f\u043b\u0430\u0441\u0442\u043c\u0430\u0441\u0441 \u00ab\u010cabar-Plast\u00bb \u041f\u043b\u0443\u0436\u0430\u0446.<\/strong><\/p>\n<p>\u010cabar Plast \u2013 Mirjana \u0110or\u0111evi\u0107 \u041f\u0440\u0435\u0434\u043f\u0440\u0438\u043d\u0438\u043c\u0430\u0442\u0435\u043b\u044c, \u041f\u0440\u043e\u0438\u0437\u0432\u043e\u0434\u0441\u0442\u0432\u043e \u043f\u043e \u043f\u0435\u0440\u0435\u0440\u0430\u0431\u043e\u0442\u043a\u0435 \u043f\u043b\u0430\u0441\u0442\u043c\u0430\u0441\u0441 \u00ab\u010cabar-Plast\u00bb \u041f\u043b\u0443\u0436\u0430\u0446 (\u0434\u0430\u043b\u0435\u0435 \u00ab\u010cabar Plast\u00bb), \u0440\u0430\u0441\u043f\u043e\u043b\u043e\u0436\u0435\u043d\u043d\u043e\u0435 \u0432 \u041f\u043b\u0443\u0436\u0430\u0446\u0435, \u0441\u0442\u0440\u0435\u043c\u0438\u0442\u0441\u044f \u043e\u0431\u0435\u0441\u043f\u0435\u0447\u0438\u0442\u044c \u0437\u0430\u0449\u0438\u0442\u0443 \u043a\u043e\u043d\u0444\u0438\u0434\u0435\u043d\u0446\u0438\u0430\u043b\u044c\u043d\u043e\u0441\u0442\u0438 \u0438 \u043d\u0430\u0434\u0451\u0436\u043d\u043e\u0441\u0442\u0438 \u0434\u043e\u0432\u0435\u0440\u0435\u043d\u043d\u043e\u0439 \u043d\u0430\u043c \u0438\u043d\u0444\u043e\u0440\u043c\u0430\u0446\u0438\u0438.<\/p>\n<p>\u041d\u0430\u0448\u0430 \u043f\u043e\u043b\u0438\u0442\u0438\u043a\u0430 \u043a\u043e\u043d\u0444\u0438\u0434\u0435\u043d\u0446\u0438\u0430\u043b\u044c\u043d\u043e\u0441\u0442\u0438 \u043e\u043f\u0438\u0441\u044b\u0432\u0430\u0435\u0442 \u0442\u0438\u043f\u044b \u0441\u043e\u0431\u0438\u0440\u0430\u0435\u043c\u044b\u0445 \u043d\u0430\u043c\u0438 \u0434\u0430\u043d\u043d\u044b\u0445, \u0441\u043f\u043e\u0441\u043e\u0431\u044b \u0438\u0445 \u0438\u0441\u043f\u043e\u043b\u044c\u0437\u043e\u0432\u0430\u043d\u0438\u044f \u0438 \u0445\u0440\u0430\u043d\u0435\u043d\u0438\u044f, \u0430 \u0442\u0430\u043a\u0436\u0435 \u0442\u043e, \u043a\u0430\u043a\u0438\u043c \u043e\u0431\u0440\u0430\u0437\u043e\u043c \u043f\u043e\u043b\u044c\u0437\u043e\u0432\u0430\u0442\u0435\u043b\u0438 \u043c\u043e\u0433\u0443\u0442 \u0443\u043f\u0440\u0430\u0432\u043b\u044f\u0442\u044c \u0441\u0432\u043e\u0438\u043c\u0438 \u043b\u0438\u0447\u043d\u044b\u043c\u0438 \u0434\u0430\u043d\u043d\u044b\u043c\u0438.<br \/>\n[\/vc_column_text][vc_empty_space][\/vc_column][vc_column width=&#187;1\/2&#8243;][vc_column_text css=&#187;.vc_custom_1751919773600{border-left-width: 1px !important;padding-left: 30px !important;border-left-style: solid !important;border-color: #0e415f !important;}&#187;]<\/p>\n<h3>\u0421\u0431\u043e\u0440 \u0438 \u0438\u0441\u043f\u043e\u043b\u044c\u0437\u043e\u0432\u0430\u043d\u0438\u0435 \u043b\u0438\u0447\u043d\u044b\u0445 \u0434\u0430\u043d\u043d\u044b\u0445<\/h3>\n<p>\u010cabar Plast \u0441\u043e\u0431\u0438\u0440\u0430\u0435\u0442 \u043b\u0438\u0447\u043d\u044b\u0435 \u0434\u0430\u043d\u043d\u044b\u0435, \u043d\u0435\u043e\u0431\u0445\u043e\u0434\u0438\u043c\u044b\u0435 \u0434\u043b\u044f \u0432\u044b\u043f\u043e\u043b\u043d\u0435\u043d\u0438\u044f \u043d\u0430\u0448\u0435\u0439 \u0434\u0435\u044f\u0442\u0435\u043b\u044c\u043d\u043e\u0441\u0442\u0438 \u043f\u043e \u043f\u0440\u043e\u0438\u0437\u0432\u043e\u0434\u0441\u0442\u0432\u0443 \u043f\u043b\u0430\u0441\u0442\u0438\u043a\u043e\u0432\u044b\u0445 \u0438\u0437\u0434\u0435\u043b\u0438\u0439, \u0432\u043a\u043b\u044e\u0447\u0430\u044f, \u043d\u043e \u043d\u0435 \u043e\u0433\u0440\u0430\u043d\u0438\u0447\u0438\u0432\u0430\u044f\u0441\u044c \u0438\u043c\u0435\u043d\u0435\u043c, \u0430\u0434\u0440\u0435\u0441\u043e\u043c, \u043a\u043e\u043d\u0442\u0430\u043a\u0442\u043d\u043e\u0439 \u0438\u043d\u0444\u043e\u0440\u043c\u0430\u0446\u0438\u0435\u0439 \u0438 \u0434\u0430\u043d\u043d\u044b\u043c\u0438, \u043d\u0435\u043e\u0431\u0445\u043e\u0434\u0438\u043c\u044b\u043c\u0438 \u0434\u043b\u044f \u043e\u0441\u0443\u0449\u0435\u0441\u0442\u0432\u043b\u0435\u043d\u0438\u044f \u0444\u0438\u043d\u0430\u043d\u0441\u043e\u0432\u044b\u0445 \u043e\u043f\u0435\u0440\u0430\u0446\u0438\u0439. \u042d\u0442\u0438 \u0434\u0430\u043d\u043d\u044b\u0435 \u0441\u043e\u0431\u0438\u0440\u0430\u044e\u0442\u0441\u044f \u043d\u0430\u043f\u0440\u044f\u043c\u0443\u044e \u043e\u0442 \u043d\u0430\u0448\u0438\u0445 \u043a\u043b\u0438\u0435\u043d\u0442\u043e\u0432 \u0438\u043b\u0438 \u0432 \u043f\u0440\u043e\u0446\u0435\u0441\u0441\u0435 \u043e\u0441\u0443\u0449\u0435\u0441\u0442\u0432\u043b\u0435\u043d\u0438\u044f \u0431\u0438\u0437\u043d\u0435\u0441-\u043f\u0440\u043e\u0446\u0435\u0441\u0441\u043e\u0432.<\/p>\n<h3>\u041f\u0435\u0440\u0435\u0434\u0430\u0447\u0430 \u0438 \u0440\u0430\u0441\u043a\u0440\u044b\u0442\u0438\u0435 \u043b\u0438\u0447\u043d\u044b\u0445 \u0434\u0430\u043d\u043d\u044b\u0445<\/h3>\n<p>\u041b\u0438\u0447\u043d\u044b\u0435 \u0434\u0430\u043d\u043d\u044b\u0435 \u043c\u043e\u0433\u0443\u0442 \u043f\u0435\u0440\u0435\u0434\u0430\u0432\u0430\u0442\u044c\u0441\u044f \u0442\u0440\u0435\u0442\u044c\u0438\u043c \u0441\u0442\u043e\u0440\u043e\u043d\u0430\u043c \u0442\u043e\u043b\u044c\u043a\u043e \u0432 \u0446\u0435\u043b\u044f\u0445, \u043d\u0435\u043e\u0431\u0445\u043e\u0434\u0438\u043c\u044b\u0445 \u0434\u043b\u044f \u0432\u044b\u043f\u043e\u043b\u043d\u0435\u043d\u0438\u044f \u043d\u0430\u0448\u0438\u0445 \u043a\u043e\u043c\u043c\u0435\u0440\u0447\u0435\u0441\u043a\u0438\u0445 \u043e\u0431\u044f\u0437\u0430\u0442\u0435\u043b\u044c\u0441\u0442\u0432, \u0432\u043a\u043b\u044e\u0447\u0430\u044f \u0432\u044b\u043f\u043e\u043b\u043d\u0435\u043d\u0438\u0435 \u0437\u0430\u043a\u0430\u0437\u0430\u043d\u043d\u044b\u0445 \u0443\u0441\u043b\u0443\u0433, \u0441\u043e\u0431\u043b\u044e\u0434\u0435\u043d\u0438\u0435 \u0437\u0430\u043a\u043e\u043d\u043e\u0434\u0430\u0442\u0435\u043b\u044c\u043d\u044b\u0445 \u0442\u0440\u0435\u0431\u043e\u0432\u0430\u043d\u0438\u0439 \u0438\u043b\u0438 \u0437\u0430\u0449\u0438\u0442\u0443 \u043f\u0440\u0430\u0432 \u0438 \u0431\u0435\u0437\u043e\u043f\u0430\u0441\u043d\u043e\u0441\u0442\u0438 \u043d\u0430\u0448\u0435\u0439 \u043a\u043e\u043c\u043f\u0430\u043d\u0438\u0438, \u043d\u0430\u0448\u0438\u0445 \u043f\u043e\u043b\u044c\u0437\u043e\u0432\u0430\u0442\u0435\u043b\u0435\u0439 \u0438 \u043e\u0431\u0449\u0435\u0441\u0442\u0432\u0435\u043d\u043d\u043e\u0441\u0442\u0438.<\/p>\n<h3>\u0411\u0435\u0437\u043e\u043f\u0430\u0441\u043d\u043e\u0441\u0442\u044c \u0438 \u0437\u0430\u0449\u0438\u0442\u0430 \u0434\u0430\u043d\u043d\u044b\u0445<\/h3>\n<p>\u010cabar Plast \u043f\u0440\u0438\u043c\u0435\u043d\u044f\u0435\u0442 \u0441\u043e\u043e\u0442\u0432\u0435\u0442\u0441\u0442\u0432\u0443\u044e\u0449\u0438\u0435 \u0442\u0435\u0445\u043d\u0438\u0447\u0435\u0441\u043a\u0438\u0435 \u0438 \u043e\u0440\u0433\u0430\u043d\u0438\u0437\u0430\u0446\u0438\u043e\u043d\u043d\u044b\u0435 \u043c\u0435\u0440\u044b \u0434\u043b\u044f \u0437\u0430\u0449\u0438\u0442\u044b \u043b\u0438\u0447\u043d\u044b\u0445 \u0434\u0430\u043d\u043d\u044b\u0445 \u043e\u0442 \u043d\u0435\u0441\u0430\u043d\u043a\u0446\u0438\u043e\u043d\u0438\u0440\u043e\u0432\u0430\u043d\u043d\u043e\u0433\u043e \u0434\u043e\u0441\u0442\u0443\u043f\u0430, \u0438\u0437\u043c\u0435\u043d\u0435\u043d\u0438\u044f, \u0440\u0430\u0441\u043a\u0440\u044b\u0442\u0438\u044f \u0438\u043b\u0438 \u0443\u043d\u0438\u0447\u0442\u043e\u0436\u0435\u043d\u0438\u044f. \u041d\u0430\u0448\u0438 \u043c\u0435\u0440\u044b \u0432\u043a\u043b\u044e\u0447\u0430\u044e\u0442 \u0448\u0438\u0444\u0440\u043e\u0432\u0430\u043d\u0438\u0435, \u043a\u043e\u043d\u0442\u0440\u043e\u043b\u044c \u0434\u043e\u0441\u0442\u0443\u043f\u0430, \u0431\u0435\u0437\u043e\u043f\u0430\u0441\u043d\u044b\u0435 \u043f\u0440\u043e\u0442\u043e\u043a\u043e\u043b\u044b \u0438 \u043e\u0431\u0443\u0447\u0435\u043d\u0438\u0435 \u0441\u043e\u0442\u0440\u0443\u0434\u043d\u0438\u043a\u043e\u0432 \u0432\u0430\u0436\u043d\u043e\u0441\u0442\u0438 \u0438 \u043c\u0435\u0442\u043e\u0434\u0430\u043c \u0437\u0430\u0449\u0438\u0442\u044b \u043b\u0438\u0447\u043d\u044b\u0445 \u0434\u0430\u043d\u043d\u044b\u0445.<\/p>\n<h3>\u041f\u0440\u0430\u0432\u0430 \u043f\u043e\u043b\u044c\u0437\u043e\u0432\u0430\u0442\u0435\u043b\u0435\u0439<\/h3>\n<p>\u041f\u043e\u043b\u044c\u0437\u043e\u0432\u0430\u0442\u0435\u043b\u0438 \u0438\u043c\u0435\u044e\u0442 \u043f\u0440\u0430\u0432\u043e \u0437\u0430\u043f\u0440\u043e\u0441\u0438\u0442\u044c \u0434\u043e\u0441\u0442\u0443\u043f \u043a \u0441\u0432\u043e\u0438\u043c \u043b\u0438\u0447\u043d\u044b\u043c \u0434\u0430\u043d\u043d\u044b\u043c, \u0438\u0441\u043f\u0440\u0430\u0432\u0438\u0442\u044c \u043d\u0435\u0442\u043e\u0447\u043d\u044b\u0435 \u0434\u0430\u043d\u043d\u044b\u0435, \u0443\u0434\u0430\u043b\u0438\u0442\u044c \u0438\u0445 \u0438\u043b\u0438 \u043e\u0433\u0440\u0430\u043d\u0438\u0447\u0438\u0442\u044c \u043e\u0431\u0440\u0430\u0431\u043e\u0442\u043a\u0443 \u0441\u0432\u043e\u0438\u0445 \u0434\u0430\u043d\u043d\u044b\u0445, \u0430 \u0442\u0430\u043a\u0436\u0435 \u043f\u0440\u0430\u0432\u043e \u0432\u043e\u0437\u0440\u0430\u0436\u0430\u0442\u044c \u043f\u0440\u043e\u0442\u0438\u0432 \u043e\u0431\u0440\u0430\u0431\u043e\u0442\u043a\u0438 \u0438 \u043f\u0440\u0430\u0432\u043e \u043d\u0430 \u043f\u0435\u0440\u0435\u043d\u043e\u0441\u0438\u043c\u043e\u0441\u0442\u044c \u0434\u0430\u043d\u043d\u044b\u0445. \u0417\u0430\u043f\u0440\u043e\u0441\u044b \u043c\u043e\u0436\u043d\u043e \u043d\u0430\u043f\u0440\u0430\u0432\u043b\u044f\u0442\u044c \u043f\u043e \u0443\u043a\u0430\u0437\u0430\u043d\u043d\u044b\u043c \u043d\u0438\u0436\u0435 \u043a\u043e\u043d\u0442\u0430\u043a\u0442\u043d\u044b\u043c \u0434\u0430\u043d\u043d\u044b\u043c.<\/p>\n<h3>\u041a\u043e\u043d\u0442\u0430\u043a\u0442\u043d\u0430\u044f \u0438\u043d\u0444\u043e\u0440\u043c\u0430\u0446\u0438\u044f<\/h3>\n<p>\u041f\u043e \u0432\u0441\u0435\u043c \u0432\u043e\u043f\u0440\u043e\u0441\u0430\u043c, \u0441\u0432\u044f\u0437\u0430\u043d\u043d\u044b\u043c \u0441 \u043d\u0430\u0448\u0435\u0439 \u043f\u043e\u043b\u0438\u0442\u0438\u043a\u043e\u0439 \u043a\u043e\u043d\u0444\u0438\u0434\u0435\u043d\u0446\u0438\u0430\u043b\u044c\u043d\u043e\u0441\u0442\u0438 \u0438\u043b\u0438 \u0443\u043f\u0440\u0430\u0432\u043b\u0435\u043d\u0438\u0435\u043c \u0432\u0430\u0448\u0438\u043c\u0438 \u043b\u0438\u0447\u043d\u044b\u043c\u0438 \u0434\u0430\u043d\u043d\u044b\u043c\u0438, \u0432\u044b \u043c\u043e\u0436\u0435\u0442\u0435 \u0441\u0432\u044f\u0437\u0430\u0442\u044c\u0441\u044f \u0441 \u043d\u0430\u043c\u0438 \u043f\u043e \u0441\u043b\u0435\u0434\u0443\u044e\u0449\u0438\u043c \u043a\u043e\u043d\u0442\u0430\u043a\u0442\u0430\u043c:<\/p>\n<ul>\n<li>\u042d\u043b\u0435\u043a\u0442\u0440\u043e\u043d\u043d\u0430\u044f \u043f\u043e\u0447\u0442\u0430: cabarplast@gmail.com<\/li>\n<li>\u0410\u0434\u0440\u0435\u0441: Plu\u017eac bb, 14523 Ose\u010dina<\/li>\n<li>\u0422\u0435\u043b\u0435\u0444\u043e\u043d: +38160 445 2012<\/li>\n<\/ul>\n<h3>\u0418\u0437\u043c\u0435\u043d\u0435\u043d\u0438\u044f \u043f\u043e\u043b\u0438\u0442\u0438\u043a\u0438 \u043a\u043e\u043d\u0444\u0438\u0434\u0435\u043d\u0446\u0438\u0430\u043b\u044c\u043d\u043e\u0441\u0442\u0438<\/h3>\n<p>\u010cabar Plast \u043e\u0441\u0442\u0430\u0432\u043b\u044f\u0435\u0442 \u0437\u0430 \u0441\u043e\u0431\u043e\u0439 \u043f\u0440\u0430\u0432\u043e \u043f\u0435\u0440\u0438\u043e\u0434\u0438\u0447\u0435\u0441\u043a\u0438 \u043e\u0431\u043d\u043e\u0432\u043b\u044f\u0442\u044c \u0434\u0430\u043d\u043d\u0443\u044e \u043f\u043e\u043b\u0438\u0442\u0438\u043a\u0443 \u043a\u043e\u043d\u0444\u0438\u0434\u0435\u043d\u0446\u0438\u0430\u043b\u044c\u043d\u043e\u0441\u0442\u0438. \u0412\u0441\u0435 \u0438\u0437\u043c\u0435\u043d\u0435\u043d\u0438\u044f \u0431\u0443\u0434\u0443\u0442 \u043e\u043f\u0443\u0431\u043b\u0438\u043a\u043e\u0432\u0430\u043d\u044b \u043d\u0430 \u043d\u0430\u0448\u0435\u043c \u043e\u0444\u0438\u0446\u0438\u0430\u043b\u044c\u043d\u043e\u043c \u0441\u0430\u0439\u0442\u0435 cabarplast.com, \u0430 \u0441\u0443\u0449\u0435\u0441\u0442\u0432\u0435\u043d\u043d\u044b\u0435 \u0438\u0437\u043c\u0435\u043d\u0435\u043d\u0438\u044f \u0431\u0443\u0434\u0443\u0442 \u0434\u043e\u0432\u0435\u0434\u0435\u043d\u044b \u0434\u043e \u0441\u0432\u0435\u0434\u0435\u043d\u0438\u044f \u043f\u043e\u043b\u044c\u0437\u043e\u0432\u0430\u0442\u0435\u043b\u0435\u0439 \u043d\u0430\u043f\u0440\u044f\u043c\u0443\u044e.[\/vc_column_text][\/vc_column][\/vc_row][vc_row][vc_column][vc_empty_space][\/vc_column][\/vc_row][vc_row full_width=&#187;stretch_row_content_no_spaces&#187;][vc_column][vc_column_text]<img loading=\"lazy\" decoding=\"async\" class=\"aligncenter wp-image-232 size-full\" src=\"https:\/\/cabarplast.com\/wp-content\/uploads\/2024\/03\/footer-4.png\" alt=\"\" width=\"1919\" height=\"50\" srcset=\"https:\/\/cabarplast.com\/wp-content\/uploads\/2024\/03\/footer-4.png 1919w, https:\/\/cabarplast.com\/wp-content\/uploads\/2024\/03\/footer-4-300x8.png 300w, https:\/\/cabarplast.com\/wp-content\/uploads\/2024\/03\/footer-4-1024x27.png 1024w, https:\/\/cabarplast.com\/wp-content\/uploads\/2024\/03\/footer-4-768x20.png 768w, https:\/\/cabarplast.com\/wp-content\/uploads\/2024\/03\/footer-4-1536x40.png 1536w\" sizes=\"auto, (max-width: 1919px) 100vw, 1919px\" \/>[\/vc_column_text][\/vc_column][\/vc_row]<\/p>\n<\/div>","protected":false},"excerpt":{"rendered":"<p>[vc_row][vc_column width=&#187;1\/2&#8243;][vc_empty_space height=&#187;40px&#187;][vc_column_text css=&#187;&#187;] \u041f\u043e\u043b\u0438\u0442\u0438\u043a\u0430 \u043a\u043e\u043d\u0444\u0438\u0434\u0435\u043d\u0446\u0438\u0430\u043b\u044c\u043d\u043e\u0441\u0442\u0438 [\/vc_column_text][vc_empty_space height=&#187;40px&#187;][vc_column_text css=&#187;&#187;]\u010cabar Plast \u2013 Mirjana \u0110or\u0111evi\u0107 \u041f\u0440\u0435\u0434\u043f\u0440\u0438\u043d\u0438\u043c\u0430\u0442\u0435\u043b\u044c, \u041f\u0440\u043e\u0438\u0437\u0432\u043e\u0434\u0441\u0442\u0432\u043e \u043f\u043e \u043f\u0435\u0440\u0435\u0440\u0430\u0431\u043e\u0442\u043a\u0435 \u043f\u043b\u0430\u0441\u0442\u043c\u0430\u0441\u0441 \u00ab\u010cabar-Plast\u00bb \u041f\u043b\u0443\u0436\u0430\u0446. \u010cabar Plast \u2013 Mirjana \u0110or\u0111evi\u0107 \u041f\u0440\u0435\u0434\u043f\u0440\u0438\u043d\u0438\u043c\u0430\u0442\u0435\u043b\u044c, \u041f\u0440\u043e\u0438\u0437\u0432\u043e\u0434\u0441\u0442\u0432\u043e \u043f\u043e \u043f\u0435\u0440\u0435\u0440\u0430\u0431\u043e\u0442\u043a\u0435 \u043f\u043b\u0430\u0441\u0442\u043c\u0430\u0441\u0441 \u00ab\u010cabar-Plast\u00bb \u041f\u043b\u0443\u0436\u0430\u0446 (\u0434\u0430\u043b\u0435\u0435 \u00ab\u010cabar Plast\u00bb), \u0440\u0430\u0441\u043f\u043e\u043b\u043e\u0436\u0435\u043d\u043d\u043e\u0435 \u0432 \u041f\u043b\u0443\u0436\u0430\u0446\u0435, \u0441\u0442\u0440\u0435\u043c\u0438\u0442\u0441\u044f \u043e\u0431\u0435\u0441\u043f\u0435\u0447\u0438\u0442\u044c \u0437\u0430\u0449\u0438\u0442\u0443 \u043a\u043e\u043d\u0444\u0438\u0434\u0435\u043d\u0446\u0438\u0430\u043b\u044c\u043d\u043e\u0441\u0442\u0438 \u0438 \u043d\u0430\u0434\u0451\u0436\u043d\u043e\u0441\u0442\u0438 \u0434\u043e\u0432\u0435\u0440\u0435\u043d\u043d\u043e\u0439 \u043d\u0430\u043c \u0438\u043d\u0444\u043e\u0440\u043c\u0430\u0446\u0438\u0438. \u041d\u0430\u0448\u0430 \u043f\u043e\u043b\u0438\u0442\u0438\u043a\u0430 \u043a\u043e\u043d\u0444\u0438\u0434\u0435\u043d\u0446\u0438\u0430\u043b\u044c\u043d\u043e\u0441\u0442\u0438 \u043e\u043f\u0438\u0441\u044b\u0432\u0430\u0435\u0442 \u0442\u0438\u043f\u044b \u0441\u043e\u0431\u0438\u0440\u0430\u0435\u043c\u044b\u0445 \u043d\u0430\u043c\u0438 \u0434\u0430\u043d\u043d\u044b\u0445,&hellip;<\/p>\n","protected":false},"author":1,"featured_media":0,"parent":0,"menu_order":0,"comment_status":"closed","ping_status":"closed","template":"","meta":{"footnotes":""},"class_list":["post-4300","page","type-page","status-publish","hentry","description-off"],"_links":{"self":[{"href":"https:\/\/cabarplast.com\/ru\/wp-json\/wp\/v2\/pages\/4300","targetHints":{"allow":["GET"]}}],"collection":[{"href":"https:\/\/cabarplast.com\/ru\/wp-json\/wp\/v2\/pages"}],"about":[{"href":"https:\/\/cabarplast.com\/ru\/wp-json\/wp\/v2\/types\/page"}],"author":[{"embeddable":true,"href":"https:\/\/cabarplast.com\/ru\/wp-json\/wp\/v2\/users\/1"}],"replies":[{"embeddable":true,"href":"https:\/\/cabarplast.com\/ru\/wp-json\/wp\/v2\/comments?post=4300"}],"version-history":[{"count":3,"href":"https:\/\/cabarplast.com\/ru\/wp-json\/wp\/v2\/pages\/4300\/revisions"}],"predecessor-version":[{"id":4303,"href":"https:\/\/cabarplast.com\/ru\/wp-json\/wp\/v2\/pages\/4300\/revisions\/4303"}],"wp:attachment":[{"href":"https:\/\/cabarplast.com\/ru\/wp-json\/wp\/v2\/media?parent=4300"}],"curies":[{"name":"wp","href":"https:\/\/api.w.org\/{rel}","templated":true}]}}