{"id":2977,"date":"2024-02-21T12:02:47","date_gmt":"2024-02-21T12:02:47","guid":{"rendered":"https:\/\/cabarplast.com\/?page_id=2977"},"modified":"2024-09-20T12:14:43","modified_gmt":"2024-09-20T12:14:43","slug":"pagina-principala","status":"publish","type":"page","link":"https:\/\/cabarplast.com\/ro\/","title":{"rendered":"Pagina principal\u0103"},"content":{"rendered":"<div class=\"wpb-content-wrapper\"><p>[vc_row full_width=&#8221;stretch_row_content_no_spaces&#8221;][vc_column][vc_column_text]<img loading=\"lazy\" decoding=\"async\" class=\"aligncenter wp-image-885 size-full\" src=\"https:\/\/cabarplast.com\/wp-content\/uploads\/2024\/03\/cabar-plast-slide-1.jpg\" alt=\"\" width=\"1920\" height=\"600\" srcset=\"https:\/\/cabarplast.com\/wp-content\/uploads\/2024\/03\/cabar-plast-slide-1.jpg 1920w, https:\/\/cabarplast.com\/wp-content\/uploads\/2024\/03\/cabar-plast-slide-1-300x94.jpg 300w, https:\/\/cabarplast.com\/wp-content\/uploads\/2024\/03\/cabar-plast-slide-1-1024x320.jpg 1024w, https:\/\/cabarplast.com\/wp-content\/uploads\/2024\/03\/cabar-plast-slide-1-768x240.jpg 768w, https:\/\/cabarplast.com\/wp-content\/uploads\/2024\/03\/cabar-plast-slide-1-1536x480.jpg 1536w\" sizes=\"auto, (max-width: 1920px) 100vw, 1920px\" \/>[\/vc_column_text][\/vc_column][\/vc_row][vc_row full_width=&#8221;stretch_row_content_no_spaces&#8221;][vc_column css_animation=&#8221;fadeInLeft&#8221; css=&#8221;.vc_custom_1710282701109{margin-top: -50px !important;border-radius: 10px !important;}&#8221; offset=&#8221;vc_hidden-sm vc_hidden-xs&#8221;][vc_column_text css_animation=&#8221;none&#8221; css=&#8221;.vc_custom_1710282681664{padding-right: 10px !important;padding-left: 10px !important;}&#8221;]<img loading=\"lazy\" decoding=\"async\" class=\"aligncenter wp-image-235 size-full\" src=\"https:\/\/cabarplast.com\/wp-content\/uploads\/2024\/03\/dole-pozadina.png\" alt=\"\" width=\"1919\" height=\"50\" srcset=\"https:\/\/cabarplast.com\/wp-content\/uploads\/2024\/03\/dole-pozadina.png 1919w, https:\/\/cabarplast.com\/wp-content\/uploads\/2024\/03\/dole-pozadina-300x8.png 300w, https:\/\/cabarplast.com\/wp-content\/uploads\/2024\/03\/dole-pozadina-1024x27.png 1024w, https:\/\/cabarplast.com\/wp-content\/uploads\/2024\/03\/dole-pozadina-768x20.png 768w, https:\/\/cabarplast.com\/wp-content\/uploads\/2024\/03\/dole-pozadina-1536x40.png 1536w\" sizes=\"auto, (max-width: 1919px) 100vw, 1919px\" \/>[\/vc_column_text][vc_empty_space height=&#8221;30&#8243;][\/vc_column][\/vc_row][vc_row][vc_column css_animation=&#8221;fadeInLeft&#8221; css=&#8221;.vc_custom_1713004465559{border-radius: 10px !important;}&#8221;][vc_column_text css_animation=&#8221;none&#8221; css=&#8221;.vc_custom_1726833717245{padding-right: 30px !important;padding-left: 30px !important;}&#8221;]<\/p>\n<h1><strong>\u010cABAR PLAST<\/strong> \u2013 Produc\u021bie de Cisterne din Plastic<\/h1>\n<p><img loading=\"lazy\" decoding=\"async\" class=\"alignnone wp-image-961 size-full\" src=\"https:\/\/cabarplast.com\/wp-content\/uploads\/2024\/04\/linija-1.jpg\" alt=\"\" width=\"121\" height=\"7\" \/>[\/vc_column_text][vc_empty_space height=&#8221;30&#8243;][\/vc_column][\/vc_row][vc_row][vc_column css_animation=&#8221;fadeInLeft&#8221; width=&#8221;1\/2&#8243; css=&#8221;.vc_custom_1714470341282{padding-right: 30px !important;padding-left: 30px !important;background-color: #ffffff !important;border-radius: 10px !important;}&#8221;][vc_column_text css_animation=&#8221;none&#8221; css=&#8221;&#8221;]<\/p>\n<p style=\"text-align: justify;\">\u010cabar Plast este o companie de familie specializat\u0103 \u00een fabricarea de produse din plastic, cum ar fi rezervoare, butoaie \u0219i \u021bevi, folosind tehnologie avansat\u0103 de extrudare \u00een spiral\u0103 din polietilen\u0103 \u0219i polipropilen\u0103.<\/p>\n<p style=\"text-align: justify;\">Utiliz\u00e2nd materiale sigure pentru s\u0103n\u0103tate \u0219i mediu, gama noastr\u0103 de produse promite durabilitate excep\u021bional\u0103, rezisten\u021b\u0103 la factorii externi \u0219i longevitate, f\u0103c\u00e2nd din \u010cabar Plast un partener de \u00eencredere \u00een casa \u0219i afacerea dumneavoastr\u0103.<\/p>\n<p>[\/vc_column_text][vc_empty_space height=&#8221;30&#8243;]<a href=\"https:\/\/cabarplast.com\/ro\/contactati-ne\/\" class=\"btn-shortcode dt-btn-m dt-btn default-btn-color default-btn-hover-color default-btn-bg-color default-btn-bg-hover-color\" id=\"dt-btn-1\"><span>Contacta\u0163i-ne<\/span><\/a>[\/vc_column][vc_column width=&#8221;1\/2&#8243;][vc_column_text css=&#8221;.vc_custom_1713003125414{padding-right: 30px !important;padding-bottom: 30px !important;padding-left: 30px !important;}&#8221;]<img loading=\"lazy\" decoding=\"async\" class=\"aligncenter wp-image-963\" src=\"https:\/\/cabarplast.com\/wp-content\/uploads\/2024\/04\/O-nama-\u2013-CABAR-PLAST-1-300x225.jpg\" alt=\"\" width=\"600\" height=\"450\" srcset=\"https:\/\/cabarplast.com\/wp-content\/uploads\/2024\/04\/O-nama-\u2013-CABAR-PLAST-1-300x225.jpg 300w, https:\/\/cabarplast.com\/wp-content\/uploads\/2024\/04\/O-nama-\u2013-CABAR-PLAST-1-768x576.jpg 768w, https:\/\/cabarplast.com\/wp-content\/uploads\/2024\/04\/O-nama-\u2013-CABAR-PLAST-1.jpg 800w\" sizes=\"auto, (max-width: 600px) 100vw, 600px\" \/>[\/vc_column_text][\/vc_column][\/vc_row][vc_row][vc_column][vc_column_text css=&#8221;.vc_custom_1726833833576{padding-top: 30px !important;padding-right: 30px !important;padding-bottom: 30px !important;padding-left: 30px !important;background-color: #0e415f !important;border-radius: 10px !important;}&#8221;]<\/p>\n<h2><span style=\"color: #fcb426;\">Despre noi<\/span><\/h2>\n<p style=\"text-align: justify;\"><span style=\"color: #ffffff;\">\u010cabar Plast a fost fondat\u0103 \u00een 2013 ca o companie de familie cu tradi\u021bie \u0219i inova\u021bie \u00een inima Plu\u0161ac, Ose\u010dina. <\/span><\/p>\n<p style=\"text-align: justify;\"><span style=\"color: #fcb426;\">Misiunea noastr\u0103<\/span> <span style=\"color: #ffffff;\">este de a oferi solu\u021bii din plastic de calitate care \u00eembun\u0103t\u0103\u021besc via\u021ba de zi cu zi \u0219i afacerile, \u00een timp ce viziunea noastr\u0103 este de a stabili noi standarde \u00een industrie prin inovare continu\u0103 \u0219i dezvoltare durabil\u0103. Cu accent deosebit pe experien\u021b\u0103 \u0219i dedicare pentru calitate, ne angaj\u0103m s\u0103 producem produse care garanteaz\u0103 siguran\u021ba, durabilitatea \u0219i satisfac\u021bia clien\u021bilor no\u0219tri.<\/span><\/p>\n<p>[\/vc_column_text][\/vc_column][\/vc_row][vc_row][vc_column css_animation=&#8221;fadeInLeft&#8221; css=&#8221;.vc_custom_1710282944831{background-color: #ffffff !important;border-radius: 10px !important;}&#8221; offset=&#8221;vc_hidden-sm vc_hidden-xs&#8221;][vc_column_text css_animation=&#8221;none&#8221; css=&#8221;.vc_custom_1726833856610{padding-right: 30px !important;padding-left: 30px !important;}&#8221;]<\/p>\n<h2><strong>Produsele<\/strong> noastre<\/h2>\n<p>Gama noastr\u0103 include o gam\u0103 larg\u0103 de produse fabricate din polietilen\u0103 \u0219i polipropilen\u0103, concepute pentru a satisface diverse nevoi \u0219i aplica\u021bii.[\/vc_column_text][vc_empty_space height=&#8221;30&#8243;][\/vc_column][\/vc_row][vc_row][vc_column width=&#8221;1\/3&#8243;][vc_column_text css=&#8221;&#8221;]<a href=\"https:\/\/cabarplast.com\/ro\/rezervoare-verticale\/\"><img loading=\"lazy\" decoding=\"async\" class=\"aligncenter wp-image-987\" src=\"https:\/\/cabarplast.com\/wp-content\/uploads\/2024\/04\/Cisterne-za-vodu-\u2013-kapacitet-10000L-3-300x300.jpg\" alt=\"\" width=\"600\" height=\"600\" srcset=\"https:\/\/cabarplast.com\/wp-content\/uploads\/2024\/04\/Cisterne-za-vodu-\u2013-kapacitet-10000L-3-300x300.jpg 300w, https:\/\/cabarplast.com\/wp-content\/uploads\/2024\/04\/Cisterne-za-vodu-\u2013-kapacitet-10000L-3-1024x1024.jpg 1024w, https:\/\/cabarplast.com\/wp-content\/uploads\/2024\/04\/Cisterne-za-vodu-\u2013-kapacitet-10000L-3-150x150.jpg 150w, https:\/\/cabarplast.com\/wp-content\/uploads\/2024\/04\/Cisterne-za-vodu-\u2013-kapacitet-10000L-3-768x768.jpg 768w, https:\/\/cabarplast.com\/wp-content\/uploads\/2024\/04\/Cisterne-za-vodu-\u2013-kapacitet-10000L-3.jpg 1080w\" sizes=\"auto, (max-width: 600px) 100vw, 600px\" \/><\/a><\/p>\n<p>&nbsp;<\/p>\n<p style=\"font-size: 25px;\"><strong>Cisterne<\/strong> din plastic<\/p>\n<p>Cisternele din plastic sunt concepute pentru depozitarea \u0219i transportul lichidelor.[\/vc_column_text][vc_empty_space height=&#8221;20&#8243;]<a href=\"https:\/\/cabarplast.com\/ro\/rezervoare-verticale\/\" class=\"btn-shortcode dt-btn-s dt-btn default-btn-color default-btn-hover-color default-btn-bg-color default-btn-bg-hover-color\" id=\"dt-btn-2\"><span>Cite\u015fte mai mult&#8230;<\/span><\/a>[vc_empty_space height=&#8221;20&#8243;][\/vc_column][vc_column width=&#8221;1\/3&#8243;][vc_column_text css=&#8221;&#8221;]<a href=\"https:\/\/cabarplast.com\/ro\/rezervoare-din-plastic\/\"><img loading=\"lazy\" decoding=\"async\" class=\"wp-image-631 aligncenter\" src=\"https:\/\/cabarplast.com\/wp-content\/uploads\/2024\/03\/Protivpozarni-plasticni-rezervoari-7-300x300.jpg\" alt=\"\" width=\"600\" height=\"600\" srcset=\"https:\/\/cabarplast.com\/wp-content\/uploads\/2024\/03\/Protivpozarni-plasticni-rezervoari-7-300x300.jpg 300w, https:\/\/cabarplast.com\/wp-content\/uploads\/2024\/03\/Protivpozarni-plasticni-rezervoari-7-1024x1024.jpg 1024w, https:\/\/cabarplast.com\/wp-content\/uploads\/2024\/03\/Protivpozarni-plasticni-rezervoari-7-150x150.jpg 150w, https:\/\/cabarplast.com\/wp-content\/uploads\/2024\/03\/Protivpozarni-plasticni-rezervoari-7-768x768.jpg 768w, https:\/\/cabarplast.com\/wp-content\/uploads\/2024\/03\/Protivpozarni-plasticni-rezervoari-7.jpg 1080w\" sizes=\"auto, (max-width: 600px) 100vw, 600px\" \/><\/a><\/p>\n<p>&nbsp;<\/p>\n<p style=\"font-size: 25px;\"><strong>Rezervoare<\/strong> din plastic<\/p>\n<p>Rezervoare din plastic destinate depozit\u0103rii diferitelor lichide.[\/vc_column_text][vc_empty_space height=&#8221;20&#8243;]<a href=\"https:\/\/cabarplast.com\/ro\/rezervoare-din-plastic\/\" class=\"btn-shortcode dt-btn-s dt-btn default-btn-color default-btn-hover-color default-btn-bg-color default-btn-bg-hover-color\" id=\"dt-btn-3\"><span>Cite\u015fte mai mult&#8230;<\/span><\/a>[vc_empty_space height=&#8221;20&#8243;][\/vc_column][vc_column width=&#8221;1\/3&#8243;][vc_column_text css=&#8221;&#8221;]<a href=\"https:\/\/cabarplast.com\/ro\/wastewater-treatment-plants\/\"><img loading=\"lazy\" decoding=\"async\" class=\"aligncenter wp-image-984\" src=\"https:\/\/cabarplast.com\/wp-content\/uploads\/2024\/04\/Precistaci-otpadnih-Voda-1-1-300x300.jpg\" alt=\"\" width=\"600\" height=\"600\" srcset=\"https:\/\/cabarplast.com\/wp-content\/uploads\/2024\/04\/Precistaci-otpadnih-Voda-1-1-300x300.jpg 300w, https:\/\/cabarplast.com\/wp-content\/uploads\/2024\/04\/Precistaci-otpadnih-Voda-1-1-1024x1024.jpg 1024w, https:\/\/cabarplast.com\/wp-content\/uploads\/2024\/04\/Precistaci-otpadnih-Voda-1-1-150x150.jpg 150w, https:\/\/cabarplast.com\/wp-content\/uploads\/2024\/04\/Precistaci-otpadnih-Voda-1-1-768x768.jpg 768w, https:\/\/cabarplast.com\/wp-content\/uploads\/2024\/04\/Precistaci-otpadnih-Voda-1-1.jpg 1080w\" sizes=\"auto, (max-width: 600px) 100vw, 600px\" \/><\/a><\/p>\n<p>&nbsp;<\/p>\n<p style=\"font-size: 25px;\"><strong>Sta\u021bii de epurare<\/strong> a apelor uzate<\/p>\n<p>Sta\u021bii de epurare a apelor uzate cu sistem de n\u0103mol activ.[\/vc_column_text][vc_empty_space height=&#8221;20&#8243;]<a href=\"https:\/\/cabarplast.com\/ro\/wastewater-treatment-plants\/\" class=\"btn-shortcode dt-btn-s dt-btn default-btn-color default-btn-hover-color default-btn-bg-color default-btn-bg-hover-color\" id=\"dt-btn-4\"><span>Citi\u021bi mai mult<\/span><\/a>[vc_empty_space height=&#8221;20&#8243;][\/vc_column][\/vc_row][vc_row][vc_column width=&#8221;1\/3&#8243;][vc_column_text css=&#8221;&#8221;]<a href=\"https:\/\/cabarplast.com\/ro\/fose-septice-din-plastic\/\"><img loading=\"lazy\" decoding=\"async\" class=\"alignnone wp-image-989\" src=\"https:\/\/cabarplast.com\/wp-content\/uploads\/2024\/04\/Septicke-jame-7-1-300x300.jpg\" alt=\"\" width=\"600\" height=\"600\" srcset=\"https:\/\/cabarplast.com\/wp-content\/uploads\/2024\/04\/Septicke-jame-7-1-300x300.jpg 300w, https:\/\/cabarplast.com\/wp-content\/uploads\/2024\/04\/Septicke-jame-7-1-1024x1024.jpg 1024w, https:\/\/cabarplast.com\/wp-content\/uploads\/2024\/04\/Septicke-jame-7-1-150x150.jpg 150w, https:\/\/cabarplast.com\/wp-content\/uploads\/2024\/04\/Septicke-jame-7-1-768x768.jpg 768w, https:\/\/cabarplast.com\/wp-content\/uploads\/2024\/04\/Septicke-jame-7-1.jpg 1080w\" sizes=\"auto, (max-width: 600px) 100vw, 600px\" \/><\/a><\/p>\n<p>&nbsp;<\/p>\n<p style=\"font-size: 25px;\">Fose <strong>septice din plastic<\/strong><\/p>\n<p>Solu\u021bia ideal\u0103 \u0219i rapid\u0103 pentru rezolvarea tuturor problemelor cu apele uzate.[\/vc_column_text][vc_empty_space height=&#8221;20&#8243;]<a href=\"https:\/\/cabarplast.com\/ro\/fose-septice-din-plastic\/\" class=\"btn-shortcode dt-btn-s dt-btn default-btn-color default-btn-hover-color default-btn-bg-color default-btn-bg-hover-color\" id=\"dt-btn-5\"><span>Citi\u021bi mai mult<\/span><\/a>[vc_empty_space height=&#8221;20&#8243;][\/vc_column][vc_column width=&#8221;1\/3&#8243;][vc_column_text css=&#8221;&#8221;]<a href=\"https:\/\/cabarplast.com\/ro\/camine-de-vizitare-din-plastic\/\"><img loading=\"lazy\" decoding=\"async\" class=\"alignnone wp-image-991\" src=\"https:\/\/cabarplast.com\/wp-content\/uploads\/2024\/04\/Sahte-za-vodomere-1-300x300.jpg\" alt=\"\" width=\"600\" height=\"600\" srcset=\"https:\/\/cabarplast.com\/wp-content\/uploads\/2024\/04\/Sahte-za-vodomere-1-300x300.jpg 300w, https:\/\/cabarplast.com\/wp-content\/uploads\/2024\/04\/Sahte-za-vodomere-1-1024x1024.jpg 1024w, https:\/\/cabarplast.com\/wp-content\/uploads\/2024\/04\/Sahte-za-vodomere-1-150x150.jpg 150w, https:\/\/cabarplast.com\/wp-content\/uploads\/2024\/04\/Sahte-za-vodomere-1-768x768.jpg 768w, https:\/\/cabarplast.com\/wp-content\/uploads\/2024\/04\/Sahte-za-vodomere-1.jpg 1080w\" sizes=\"auto, (max-width: 600px) 100vw, 600px\" \/><\/a><\/p>\n<p>&nbsp;<\/p>\n<p style=\"font-size: 25px;\"><strong>C\u0103mine<\/strong> din plastic<\/p>\n<p>Destinate pentru \u00eentre\u021binerea instala\u021biilor subterane, cum ar fi re\u021belele de ap\u0103 \u0219i canalizare.[\/vc_column_text][vc_empty_space height=&#8221;20&#8243;]<a href=\"https:\/\/cabarplast.com\/ro\/camine-de-vizitare-din-plastic\/\" class=\"btn-shortcode dt-btn-s dt-btn default-btn-color default-btn-hover-color default-btn-bg-color default-btn-bg-hover-color\" id=\"dt-btn-6\"><span>Citi\u021bi mai mult<\/span><\/a>[vc_empty_space height=&#8221;20&#8243;][\/vc_column][vc_column width=&#8221;1\/3&#8243;][vc_column_text css=&#8221;&#8221;]<a href=\"https:\/\/cabarplast.com\/ro\/separatoare\/\"><img loading=\"lazy\" decoding=\"async\" class=\"aligncenter wp-image-992\" src=\"https:\/\/cabarplast.com\/wp-content\/uploads\/2024\/04\/Separatori-masti-i-ulja-2-300x300.jpg\" alt=\"\" width=\"600\" height=\"600\" srcset=\"https:\/\/cabarplast.com\/wp-content\/uploads\/2024\/04\/Separatori-masti-i-ulja-2-300x300.jpg 300w, https:\/\/cabarplast.com\/wp-content\/uploads\/2024\/04\/Separatori-masti-i-ulja-2-1024x1024.jpg 1024w, https:\/\/cabarplast.com\/wp-content\/uploads\/2024\/04\/Separatori-masti-i-ulja-2-150x150.jpg 150w, https:\/\/cabarplast.com\/wp-content\/uploads\/2024\/04\/Separatori-masti-i-ulja-2-768x768.jpg 768w, https:\/\/cabarplast.com\/wp-content\/uploads\/2024\/04\/Separatori-masti-i-ulja-2.jpg 1080w\" sizes=\"auto, (max-width: 600px) 100vw, 600px\" \/><\/a><\/p>\n<p>&nbsp;<\/p>\n<p style=\"font-size: 25px;\"><strong>Separatoare<\/strong><\/p>\n<p>Unit\u0103\u021bi specializate care utilizeaz\u0103 diferite metode pentru separarea \u0219i re\u021binerea materiilor organice.[\/vc_column_text][vc_empty_space height=&#8221;20&#8243;]<a href=\"https:\/\/cabarplast.com\/ro\/separatoare\/\" class=\"btn-shortcode dt-btn-s dt-btn default-btn-color default-btn-hover-color default-btn-bg-color default-btn-bg-hover-color\" id=\"dt-btn-7\"><span>Citi\u021bi mai mult<\/span><\/a>[vc_empty_space height=&#8221;20&#8243;][\/vc_column][\/vc_row][vc_row][vc_column width=&#8221;1\/3&#8243;][vc_column_text css=&#8221;&#8221;]<a href=\"https:\/\/cabarplast.com\/ro\/butoaie-de-plastic\/\"><img loading=\"lazy\" decoding=\"async\" class=\"aligncenter wp-image-993\" src=\"https:\/\/cabarplast.com\/wp-content\/uploads\/2024\/04\/Kace-za-vodu-i-kominu-7-300x300.jpg\" alt=\"\" width=\"600\" height=\"600\" srcset=\"https:\/\/cabarplast.com\/wp-content\/uploads\/2024\/04\/Kace-za-vodu-i-kominu-7-300x300.jpg 300w, https:\/\/cabarplast.com\/wp-content\/uploads\/2024\/04\/Kace-za-vodu-i-kominu-7-1024x1024.jpg 1024w, https:\/\/cabarplast.com\/wp-content\/uploads\/2024\/04\/Kace-za-vodu-i-kominu-7-150x150.jpg 150w, https:\/\/cabarplast.com\/wp-content\/uploads\/2024\/04\/Kace-za-vodu-i-kominu-7-768x768.jpg 768w, https:\/\/cabarplast.com\/wp-content\/uploads\/2024\/04\/Kace-za-vodu-i-kominu-7.jpg 1080w\" sizes=\"auto, (max-width: 600px) 100vw, 600px\" \/><\/a><\/p>\n<p>&nbsp;<\/p>\n<p style=\"font-size: 25px;\"><strong>Butoaie<\/strong> din plastic<\/p>\n<p>Concepute pentru depozitarea \u0219i transportul diferitelor lichide, inclusiv ap\u0103, vin, tescovin\u0103.[\/vc_column_text][vc_empty_space height=&#8221;20&#8243;]<a href=\"https:\/\/cabarplast.com\/ro\/butoaie-de-plastic\/\" class=\"btn-shortcode dt-btn-s dt-btn default-btn-color default-btn-hover-color default-btn-bg-color default-btn-bg-hover-color\" id=\"dt-btn-8\"><span>Citi\u021bi mai mult<\/span><\/a>[vc_empty_space height=&#8221;20&#8243;][\/vc_column][vc_column width=&#8221;1\/3&#8243;][vc_column_text css=&#8221;&#8221;]<a href=\"https:\/\/cabarplast.com\/ro\/tevi-din-plastic-de-dimensiuni-mari\/\"><img loading=\"lazy\" decoding=\"async\" class=\"aligncenter wp-image-994\" src=\"https:\/\/cabarplast.com\/wp-content\/uploads\/2024\/04\/cevi-za-ventilaciju-300x300.jpg\" alt=\"\" width=\"600\" height=\"600\" srcset=\"https:\/\/cabarplast.com\/wp-content\/uploads\/2024\/04\/cevi-za-ventilaciju-300x300.jpg 300w, https:\/\/cabarplast.com\/wp-content\/uploads\/2024\/04\/cevi-za-ventilaciju-1024x1024.jpg 1024w, https:\/\/cabarplast.com\/wp-content\/uploads\/2024\/04\/cevi-za-ventilaciju-150x150.jpg 150w, https:\/\/cabarplast.com\/wp-content\/uploads\/2024\/04\/cevi-za-ventilaciju-768x768.jpg 768w, https:\/\/cabarplast.com\/wp-content\/uploads\/2024\/04\/cevi-za-ventilaciju.jpg 1080w\" sizes=\"auto, (max-width: 600px) 100vw, 600px\" \/><\/a><\/p>\n<p>&nbsp;<\/p>\n<p style=\"font-size: 25px;\"><strong>\u021aevi<\/strong> din plastic<\/p>\n<p>\u021aevi specializate utilizate pentru transportul unor cantit\u0103\u021bi mari de lichide sau gaze.[\/vc_column_text][vc_empty_space height=&#8221;20&#8243;]<a href=\"https:\/\/cabarplast.com\/ro\/tevi-din-plastic-de-dimensiuni-mari\/\" class=\"btn-shortcode dt-btn-s dt-btn default-btn-color default-btn-hover-color default-btn-bg-color default-btn-bg-hover-color\" id=\"dt-btn-9\"><span>Citi\u021bi mai mult<\/span><\/a>[vc_empty_space height=&#8221;20&#8243;][\/vc_column][vc_column width=&#8221;1\/3&#8243;][vc_column_text css=&#8221;&#8221;]<a href=\"https:\/\/cabarplast.com\/ro\/echipamente-marine\/\"><img loading=\"lazy\" decoding=\"async\" class=\"aligncenter wp-image-995\" src=\"https:\/\/cabarplast.com\/wp-content\/uploads\/2024\/04\/Katamarani-za-splavove-1-300x300.jpg\" alt=\"\" width=\"600\" height=\"600\" srcset=\"https:\/\/cabarplast.com\/wp-content\/uploads\/2024\/04\/Katamarani-za-splavove-1-300x300.jpg 300w, https:\/\/cabarplast.com\/wp-content\/uploads\/2024\/04\/Katamarani-za-splavove-1-1024x1024.jpg 1024w, https:\/\/cabarplast.com\/wp-content\/uploads\/2024\/04\/Katamarani-za-splavove-1-150x150.jpg 150w, https:\/\/cabarplast.com\/wp-content\/uploads\/2024\/04\/Katamarani-za-splavove-1-768x768.jpg 768w, https:\/\/cabarplast.com\/wp-content\/uploads\/2024\/04\/Katamarani-za-splavove-1.jpg 1080w\" sizes=\"auto, (max-width: 600px) 100vw, 600px\" \/><\/a><\/p>\n<p>&nbsp;<\/p>\n<p style=\"font-size: 25px;\"><strong>Echipamente<\/strong> nautice<\/p>\n<p>Produse concepute pentru a v\u0103 \u00eembun\u0103t\u0103\u021bi experien\u021ba pe ap\u0103, inclusiv b\u0103rci din plastic, pontoane pentru plute, butoaie pentru plute.[\/vc_column_text][vc_empty_space height=&#8221;20&#8243;]<a href=\"https:\/\/cabarplast.com\/ro\/echipamente-marine\/\" class=\"btn-shortcode dt-btn-s dt-btn default-btn-color default-btn-hover-color default-btn-bg-color default-btn-bg-hover-color\" id=\"dt-btn-10\"><span>Citi\u021bi mai mult<\/span><\/a>[vc_empty_space height=&#8221;20&#8243;][\/vc_column][\/vc_row][vc_row][vc_column][vc_empty_space][vc_column_text css=&#8221;&#8221;]<\/p>\n<h2>De ce s\u0103 ne alege\u021bi pe<strong> noi<\/strong><\/h2>\n<p><img loading=\"lazy\" decoding=\"async\" class=\"alignnone wp-image-961 size-full\" src=\"https:\/\/cabarplast.com\/wp-content\/uploads\/2024\/04\/linija-1.jpg\" alt=\"\" width=\"121\" height=\"7\" \/><\/p>\n<p>Alege\u021bi \u010cabar Plast pentru superioritatea tehnologic\u0103, solu\u021biile personalizate \u0219i sustenabilitatea ecologic\u0103. Produsele noastre reprezint\u0103 o combina\u021bie de tehnologii avansate \u0219i inova\u021bii, concepute pentru a satisface nevoile specifice ale fiec\u0103rui client, minimiz\u00e2nd \u00een acela\u0219i timp impactul asupra mediului. Angajamentul nostru fa\u021b\u0103 de calitate \u0219i durabilitate ne face alegerea ideal\u0103 pentru to\u021bi cei care caut\u0103 solu\u021bii fiabile, de lung\u0103 durat\u0103 \u0219i ecologice.<\/p>\n<p>Toate materiile prime pe care le utiliz\u0103m sunt de origine original\u0103 \u0219i sigur\u0103, certificate \u0219i v\u0103 garanteaz\u0103 siguran\u021ba, calitatea \u0219i durabilitatea produselor. Experien\u021ba noastr\u0103 este \u00een slujba satisfac\u021biei dumneavoastr\u0103, ne str\u0103duim s\u0103 r\u0103spundem cerin\u021belor dumneavoastr\u0103 \u00een cel mai scurt timp posibil, oferind calitate dovedit\u0103 la cele mai accesibile pre\u021buri. Suntem la dispozi\u021bia dumneavoastr\u0103 pentru orice \u00eentreb\u0103ri \u0219i aranjamente.<\/p>\n<p style=\"font-size: 20px;\">Vizita\u021bi-ne sau suna\u021bi-ne \u0219i vede\u021bi de ce suntem cei mai buni din zon\u0103. Cu noi, alege\u021bi un partener de \u00eencredere \u0219i o colaborare de succes garantat\u0103.<\/p>\n<p>[\/vc_column_text][vc_empty_space][\/vc_column][\/vc_row][vc_row full_width=&#8221;stretch_row_content_no_spaces&#8221;][vc_column][vc_column_text css=&#8221;&#8221;]<img loading=\"lazy\" decoding=\"async\" class=\"aligncenter wp-image-232 size-full\" src=\"https:\/\/cabarplast.com\/wp-content\/uploads\/2024\/03\/footer-4.png\" alt=\"\" width=\"1919\" height=\"50\" srcset=\"https:\/\/cabarplast.com\/wp-content\/uploads\/2024\/03\/footer-4.png 1919w, https:\/\/cabarplast.com\/wp-content\/uploads\/2024\/03\/footer-4-300x8.png 300w, https:\/\/cabarplast.com\/wp-content\/uploads\/2024\/03\/footer-4-1024x27.png 1024w, https:\/\/cabarplast.com\/wp-content\/uploads\/2024\/03\/footer-4-768x20.png 768w, https:\/\/cabarplast.com\/wp-content\/uploads\/2024\/03\/footer-4-1536x40.png 1536w\" sizes=\"auto, (max-width: 1919px) 100vw, 1919px\" \/>[\/vc_column_text][\/vc_column][\/vc_row]<\/p>\n<\/div>","protected":false},"excerpt":{"rendered":"<p>[vc_row full_width=&#8221;stretch_row_content_no_spaces&#8221;][vc_column][vc_column_text][\/vc_column_text][\/vc_column][\/vc_row][vc_row full_width=&#8221;stretch_row_content_no_spaces&#8221;][vc_column css_animation=&#8221;fadeInLeft&#8221; css=&#8221;.vc_custom_1710282701109{margin-top: -50px !important;border-radius: 10px !important;}&#8221; offset=&#8221;vc_hidden-sm vc_hidden-xs&#8221;][vc_column_text css_animation=&#8221;none&#8221; css=&#8221;.vc_custom_1710282681664{padding-right: 10px !important;padding-left: 10px !important;}&#8221;][\/vc_column_text][vc_empty_space height=&#8221;30&#8243;][\/vc_column][\/vc_row][vc_row][vc_column css_animation=&#8221;fadeInLeft&#8221; css=&#8221;.vc_custom_1713004465559{border-radius: 10px !important;}&#8221;][vc_column_text css_animation=&#8221;none&#8221; css=&#8221;.vc_custom_1726833717245{padding-right: 30px !important;padding-left: 30px !important;}&#8221;] \u010cABAR PLAST \u2013 Produc\u021bie de Cisterne din Plastic [\/vc_column_text][vc_empty_space height=&#8221;30&#8243;][\/vc_column][\/vc_row][vc_row][vc_column css_animation=&#8221;fadeInLeft&#8221; width=&#8221;1\/2&#8243; css=&#8221;.vc_custom_1714470341282{padding-right: 30px !important;padding-left: 30px !important;background-color: #ffffff !important;border-radius: 10px !important;}&#8221;][vc_column_text css_animation=&#8221;none&#8221; css=&#8221;&#8221;] \u010cabar Plast este o&hellip;<\/p>\n","protected":false},"author":1,"featured_media":0,"parent":0,"menu_order":0,"comment_status":"closed","ping_status":"closed","template":"","meta":{"footnotes":""},"class_list":["post-2977","page","type-page","status-publish","hentry","description-off"],"_links":{"self":[{"href":"https:\/\/cabarplast.com\/ro\/wp-json\/wp\/v2\/pages\/2977","targetHints":{"allow":["GET"]}}],"collection":[{"href":"https:\/\/cabarplast.com\/ro\/wp-json\/wp\/v2\/pages"}],"about":[{"href":"https:\/\/cabarplast.com\/ro\/wp-json\/wp\/v2\/types\/page"}],"author":[{"embeddable":true,"href":"https:\/\/cabarplast.com\/ro\/wp-json\/wp\/v2\/users\/1"}],"replies":[{"embeddable":true,"href":"https:\/\/cabarplast.com\/ro\/wp-json\/wp\/v2\/comments?post=2977"}],"version-history":[{"count":1,"href":"https:\/\/cabarplast.com\/ro\/wp-json\/wp\/v2\/pages\/2977\/revisions"}],"predecessor-version":[{"id":2990,"href":"https:\/\/cabarplast.com\/ro\/wp-json\/wp\/v2\/pages\/2977\/revisions\/2990"}],"wp:attachment":[{"href":"https:\/\/cabarplast.com\/ro\/wp-json\/wp\/v2\/media?parent=2977"}],"curies":[{"name":"wp","href":"https:\/\/api.w.org\/{rel}","templated":true}]}}