{"id":2972,"date":"2024-03-04T21:28:44","date_gmt":"2024-03-04T21:28:44","guid":{"rendered":"https:\/\/cabarplast.com\/?page_id=2972"},"modified":"2024-09-20T12:00:18","modified_gmt":"2024-09-20T12:00:18","slug":"despre-noi","status":"publish","type":"page","link":"https:\/\/cabarplast.com\/ro\/despre-noi\/","title":{"rendered":"Despre Noi"},"content":{"rendered":"<div class=\"wpb-content-wrapper\"><p>[vc_row][vc_column width=&#8221;1\/2&#8243;][vc_column_text css=&#8221;.vc_custom_1726833469010{padding-top: 40px !important;padding-right: 20px !important;padding-bottom: 20px !important;}&#8221;]<\/p>\n<h1><strong>Despre Noi<\/strong> &#8211; \u010cABAR PLAST<\/h1>\n<p><strong>Un Sinonim pentru Inova\u021bie \u0219i Calitate \u00een Industria Plasticului<\/strong><br \/>\n<img loading=\"lazy\" decoding=\"async\" class=\"alignnone wp-image-961 size-full\" src=\"https:\/\/cabarplast.com\/wp-content\/uploads\/2024\/04\/linija-1.jpg\" alt=\"\" width=\"121\" height=\"7\" \/><\/p>\n<p>&nbsp;<\/p>\n<p>Cu peste un deceniu de activitate de succes, \u010cABAR PLAST se remarc\u0103 drept o companie familial\u0103 modern\u0103, \u00eenfiin\u021bat\u0103 \u00een 2013 \u00een micu\u021ba localitate Plu\u0161ac, \u00een inima Ose\u010dinei. De la \u00eenceputurile sale modeste, compania a f\u0103cut pa\u0219i semnificativi \u00een perfec\u021bionare \u0219i inovare \u00een lumea produselor din plastic, devenind un lider \u00een domeniul s\u0103u.<\/p>\n<p>\u010cABAR PLAST este specializat\u0103 \u00een modelarea \u0219i fabricarea unui spectru larg de produse din plastic, utiliz\u00e2nd materiale de \u00eenalt\u0103 calitate precum polietilena \u0219i polipropilena.<br \/>\n[\/vc_column_text][\/vc_column][vc_column width=&#8221;1\/2&#8243;][vc_column_text css=&#8221;.vc_custom_1713169933426{padding-top: 40px !important;}&#8221;]<img loading=\"lazy\" decoding=\"async\" class=\"aligncenter wp-image-963 size-full\" src=\"https:\/\/cabarplast.com\/wp-content\/uploads\/2024\/04\/O-nama-\u2013-CABAR-PLAST-1.jpg\" alt=\"\" width=\"800\" height=\"600\" srcset=\"https:\/\/cabarplast.com\/wp-content\/uploads\/2024\/04\/O-nama-\u2013-CABAR-PLAST-1.jpg 800w, https:\/\/cabarplast.com\/wp-content\/uploads\/2024\/04\/O-nama-\u2013-CABAR-PLAST-1-300x225.jpg 300w, https:\/\/cabarplast.com\/wp-content\/uploads\/2024\/04\/O-nama-\u2013-CABAR-PLAST-1-768x576.jpg 768w\" sizes=\"auto, (max-width: 800px) 100vw, 800px\" \/>[\/vc_column_text][\/vc_column][\/vc_row][vc_row][vc_column][vc_empty_space]<div class=\"smile_icon_list_wrap ult_info_list_container ult-adjust-bottom-margin  \"><ul class=\"smile_icon_list left square with_bg\"><li class=\"icon_list_item\" style=\" font-size:102px;\"><div class=\"icon_list_icon\" data-animation=\"\" data-animation-delay=\"03\" style=\"font-size:34px;border-width:1px;border-style:none;background:#ffffff;color:#fcb426;border-color:#333333;\"><i class=\"icomoon-the7-font-the7-arrow-21\" ><\/i><\/div><div class=\"icon_description\" id=\"Info-list-wrap-6456\" style=\"font-size:34px;\"><div class=\"icon_description_text ult-responsive\"  data-ultimate-target='#Info-list-wrap-6456 .icon_description_text'  data-responsive-json-new='{\"font-size\":\"desktop:20px;\",\"line-height\":\"desktop:25px;\"}'  style=\"\"><p>Datorit\u0103 tehnologiei avansate de extrudare \u00een spiral\u0103, gama noastr\u0103 include rezervoare din plastic, butoaie, \u021bevi de canalizare, c\u0103mine de canalizare \u0219i apometre, toate concepute pentru a satisface nevoile variate ale clien\u021bilor no\u0219tri.<\/p>\n<\/div><\/div><div class=\"icon_list_connector\"  style=\"border-right-width: 1px;border-right-style: dashed;border-color: #83ad0a;\"><\/div><\/li><li class=\"icon_list_item\" style=\" font-size:102px;\"><div class=\"icon_list_icon\" data-animation=\"\" data-animation-delay=\"03\" style=\"font-size:34px;border-width:1px;border-style:none;background:#ffffff;color:#fcb426;border-color:#333333;\"><i class=\"icomoon-the7-font-the7-arrow-21\" ><\/i><\/div><div class=\"icon_description\" id=\"Info-list-wrap-4397\" style=\"font-size:34px;\"><div class=\"icon_description_text ult-responsive\"  data-ultimate-target='#Info-list-wrap-4397 .icon_description_text'  data-responsive-json-new='{\"font-size\":\"desktop:20px;\",\"line-height\":\"desktop:25px;\"}'  style=\"\"><p>\u00centr-o lume \u00een care plasticul predomin\u0103 datorit\u0103 versatilit\u0103\u021bii \u0219i practicit\u0103\u021bii sale, \u010cABAR PLAST a recunoscut nevoia de a produce materiale care sunt nu doar func\u021bionale, ci \u0219i sigure pentru s\u0103n\u0103tatea uman\u0103 \u0219i mediu. Polietilena \u0219i polipropilena, materialele noastre de elec\u021bie, sunt selectate pentru iner\u021bia, siguran\u021ba \u0219i durabilitatea lor, f\u0103c\u00e2nd din produsele noastre alegerea ideal\u0103 pentru o gam\u0103 larg\u0103 de aplica\u021bii.<\/p>\n<\/div><\/div><div class=\"icon_list_connector\"  style=\"border-right-width: 1px;border-right-style: dashed;border-color: #83ad0a;\"><\/div><\/li><li class=\"icon_list_item\" style=\" font-size:102px;\"><div class=\"icon_list_icon\" data-animation=\"\" data-animation-delay=\"03\" style=\"font-size:34px;border-width:1px;border-style:none;background:#ffffff;color:#fcb426;border-color:#333333;\"><i class=\"icomoon-the7-font-the7-arrow-21\" ><\/i><\/div><div class=\"icon_description\" id=\"Info-list-wrap-7903\" style=\"font-size:34px;\"><div class=\"icon_description_text ult-responsive\"  data-ultimate-target='#Info-list-wrap-7903 .icon_description_text'  data-responsive-json-new='{\"font-size\":\"desktop:20px;\",\"line-height\":\"desktop:25px;\"}'  style=\"\"><p>Angajamentul nostru fa\u021b\u0103 de calitate, inova\u021bie \u0219i satisfac\u021bia clientului diferen\u021biaz\u0103 \u010cABAR PLAST de concuren\u021b\u0103. Materiile prime pe care le folosim sunt riguros selectate, de origine original\u0103 \u0219i sigur\u0103, \u0219i sunt certificate pentru a asigura cel mai \u00eenalt standard de calitate al produselor noastre. Echipa noastr\u0103 de exper\u021bi se str\u0103duie\u0219te continuu s\u0103 perfec\u021bioneze \u0219i s\u0103 inoveze procesele noastre de produc\u021bie, asigur\u00e2nd un nivel ridicat de eficien\u021b\u0103 \u0219i satisfac\u021bie \u00een r\u00e2ndul clien\u021bilor no\u0219tri.<\/p>\n<\/div><\/div><div class=\"icon_list_connector\"  style=\"border-right-width: 1px;border-right-style: dashed;border-color: #83ad0a;\"><\/div><\/li><li class=\"icon_list_item\" style=\" font-size:102px;\"><div class=\"icon_list_icon\" data-animation=\"\" data-animation-delay=\"03\" style=\"font-size:34px;border-width:1px;border-style:none;background:#ffffff;color:#fcb426;border-color:#333333;\"><i class=\"icomoon-the7-font-the7-arrow-21\" ><\/i><\/div><div class=\"icon_description\" id=\"Info-list-wrap-5156\" style=\"font-size:34px;\"><div class=\"icon_description_text ult-responsive\"  data-ultimate-target='#Info-list-wrap-5156 .icon_description_text'  data-responsive-json-new='{\"font-size\":\"desktop:20px;\",\"line-height\":\"desktop:25px;\"}'  style=\"\"><p>De-a lungul anilor, \u010cABAR PLAST \u0219i-a extins continuu activitatea, nu doar \u00een ceea ce prive\u0219te capacitatea de produc\u021bie, ci \u0219i prin investi\u021bii \u00een modernizare, inginerie \u0219i cercetare \u0219tiin\u021bific\u0103. Acest lucru ne permite s\u0103 \u021binem pasul cu ultimele tendin\u021be \u0219i cerin\u021be ale pie\u021bei, oferind clien\u021bilor no\u0219tri produse care \u00eendeplinesc standardele \u0219i nevoile contemporane.<\/p>\n<\/div><\/div><div class=\"icon_list_connector\"  style=\"border-right-width: 1px;border-right-style: dashed;border-color: #83ad0a;\"><\/div><\/li><li class=\"icon_list_item\" style=\" font-size:102px;\"><div class=\"icon_list_icon\" data-animation=\"\" data-animation-delay=\"03\" style=\"font-size:34px;border-width:1px;border-style:none;background:#ffffff;color:#fcb426;border-color:#333333;\"><i class=\"icomoon-the7-font-the7-arrow-21\" ><\/i><\/div><div class=\"icon_description\" id=\"Info-list-wrap-3904\" style=\"font-size:34px;\"><div class=\"icon_description_text ult-responsive\"  data-ultimate-target='#Info-list-wrap-3904 .icon_description_text'  data-responsive-json-new='{\"font-size\":\"desktop:20px;\",\"line-height\":\"desktop:25px;\"}'  style=\"\"><p>Misiunea noastr\u0103 este s\u0103 r\u0103spundem solicit\u0103rilor clien\u021bilor no\u0219tri \u00een cel mai scurt timp posibil, oferind calitate dovedit\u0103 la pre\u021buri competitive. Echipa noastr\u0103 este \u00eentotdeauna gata s\u0103 ofere consultan\u021b\u0103 \u0219i asisten\u021b\u0103 de specialitate, asigur\u00e2ndu-se c\u0103 fiecare client g\u0103se\u0219te solu\u021bia ideal\u0103 pentru nevoile sale.<\/p>\n<\/div><\/div><div class=\"icon_list_connector\"  style=\"border-right-width: 1px;border-right-style: dashed;border-color: #83ad0a;\"><\/div><\/li><\/ul><\/div>[vc_empty_space][\/vc_column][\/vc_row][vc_row][vc_column][vc_column_text css=&#8221;.vc_custom_1726833575192{padding-top: 30px !important;padding-right: 30px !important;padding-bottom: 30px !important;padding-left: 30px !important;background-color: #0e415f !important;border-radius: 15px !important;}&#8221;]<span style=\"color: #ffffff;\">Vizita\u021bi \u010cABAR PLAST \u0219i descoperi\u021bi de ce am devenit un sinonim pentru fiabilitate, inova\u021bie \u0219i calitate \u00een industria plasticului. Alege\u021bi-ne ca partener \u0219i s\u0103 cre\u0103m \u00eempreun\u0103 un viitor de succes.<\/span>[\/vc_column_text][vc_empty_space][\/vc_column][\/vc_row][vc_row full_width=&#8221;stretch_row_content_no_spaces&#8221;][vc_column][vc_column_text]<img loading=\"lazy\" decoding=\"async\" class=\"aligncenter wp-image-232 size-full\" src=\"https:\/\/cabarplast.com\/wp-content\/uploads\/2024\/03\/footer-4.png\" alt=\"\" width=\"1919\" height=\"50\" srcset=\"https:\/\/cabarplast.com\/wp-content\/uploads\/2024\/03\/footer-4.png 1919w, https:\/\/cabarplast.com\/wp-content\/uploads\/2024\/03\/footer-4-300x8.png 300w, https:\/\/cabarplast.com\/wp-content\/uploads\/2024\/03\/footer-4-1024x27.png 1024w, https:\/\/cabarplast.com\/wp-content\/uploads\/2024\/03\/footer-4-768x20.png 768w, https:\/\/cabarplast.com\/wp-content\/uploads\/2024\/03\/footer-4-1536x40.png 1536w\" sizes=\"auto, (max-width: 1919px) 100vw, 1919px\" \/>[\/vc_column_text][\/vc_column][\/vc_row]<\/p>\n<\/div>","protected":false},"excerpt":{"rendered":"<p>[vc_row][vc_column width=&#8221;1\/2&#8243;][vc_column_text css=&#8221;.vc_custom_1726833469010{padding-top: 40px !important;padding-right: 20px !important;padding-bottom: 20px !important;}&#8221;] Despre Noi &#8211; \u010cABAR PLAST Un Sinonim pentru Inova\u021bie \u0219i Calitate \u00een Industria Plasticului &nbsp; Cu peste un deceniu de activitate de succes, \u010cABAR PLAST se remarc\u0103 drept o companie familial\u0103 modern\u0103, \u00eenfiin\u021bat\u0103 \u00een 2013 \u00een micu\u021ba localitate Plu\u0161ac, \u00een inima Ose\u010dinei. De la \u00eenceputurile sale&hellip;<\/p>\n","protected":false},"author":1,"featured_media":0,"parent":0,"menu_order":0,"comment_status":"closed","ping_status":"closed","template":"","meta":{"footnotes":""},"class_list":["post-2972","page","type-page","status-publish","hentry","description-off"],"_links":{"self":[{"href":"https:\/\/cabarplast.com\/ro\/wp-json\/wp\/v2\/pages\/2972","targetHints":{"allow":["GET"]}}],"collection":[{"href":"https:\/\/cabarplast.com\/ro\/wp-json\/wp\/v2\/pages"}],"about":[{"href":"https:\/\/cabarplast.com\/ro\/wp-json\/wp\/v2\/types\/page"}],"author":[{"embeddable":true,"href":"https:\/\/cabarplast.com\/ro\/wp-json\/wp\/v2\/users\/1"}],"replies":[{"embeddable":true,"href":"https:\/\/cabarplast.com\/ro\/wp-json\/wp\/v2\/comments?post=2972"}],"version-history":[{"count":2,"href":"https:\/\/cabarplast.com\/ro\/wp-json\/wp\/v2\/pages\/2972\/revisions"}],"predecessor-version":[{"id":2976,"href":"https:\/\/cabarplast.com\/ro\/wp-json\/wp\/v2\/pages\/2972\/revisions\/2976"}],"wp:attachment":[{"href":"https:\/\/cabarplast.com\/ro\/wp-json\/wp\/v2\/media?parent=2972"}],"curies":[{"name":"wp","href":"https:\/\/api.w.org\/{rel}","templated":true}]}}