{"id":2819,"date":"2024-03-04T21:00:27","date_gmt":"2024-03-04T21:00:27","guid":{"rendered":"https:\/\/cabarplast.com\/?page_id=2819"},"modified":"2024-09-20T12:35:36","modified_gmt":"2024-09-20T12:35:36","slug":"rezervoare-din-plastic-pentru-tractoare","status":"publish","type":"page","link":"https:\/\/cabarplast.com\/ro\/rezervoare-din-plastic-pentru-tractoare\/","title":{"rendered":"Rezervoare din Plastic pentru Tractoare"},"content":{"rendered":"<div class=\"wpb-content-wrapper\"><p>[vc_row][vc_column width=&#8221;1\/2&#8243;]<style type=\"text\/css\" data-type=\"the7_shortcodes-inline-css\">.gallery-carousel-shortcode.gallery-carousel-shortcode-id-412aaaed1dc249b222ea0603dc029477 .owl-nav a {\n  width: 30px;\n  height: 30px;\n  border-radius: 500px;\n}\n.dt-arrow-border-on.gallery-carousel-shortcode.gallery-carousel-shortcode-id-412aaaed1dc249b222ea0603dc029477 .owl-nav a:not(:hover):before {\n  border-width: 0px;\n}\n.dt-arrow-hover-border-on.gallery-carousel-shortcode.gallery-carousel-shortcode-id-412aaaed1dc249b222ea0603dc029477 .owl-nav a:hover:after {\n  border-width: 0px;\n}\n.gallery-carousel-shortcode.gallery-carousel-shortcode-id-412aaaed1dc249b222ea0603dc029477 .owl-nav a.owl-prev {\n  top: calc(100% + 0px);\n  left: -43px;\n}\n.gallery-carousel-shortcode.gallery-carousel-shortcode-id-412aaaed1dc249b222ea0603dc029477 .owl-nav a.owl-prev i {\n  padding: 0px 5px 0px 5px;\n}\n.gallery-carousel-shortcode.gallery-carousel-shortcode-id-412aaaed1dc249b222ea0603dc029477 .owl-nav a.owl-next {\n  top: calc(100% + 0px);\n  right: -43px;\n}\n.gallery-carousel-shortcode.gallery-carousel-shortcode-id-412aaaed1dc249b222ea0603dc029477 .owl-nav a.owl-next i {\n  padding: 0px 5px 0px 5px;\n}\n.gallery-carousel-shortcode.gallery-carousel-shortcode-id-412aaaed1dc249b222ea0603dc029477 .owl-nav i {\n  font-size: 15px;\n}\n.gallery-carousel-shortcode.gallery-carousel-shortcode-id-412aaaed1dc249b222ea0603dc029477 .owl-nav a:not(:hover) i,\n.gallery-carousel-shortcode.gallery-carousel-shortcode-id-412aaaed1dc249b222ea0603dc029477 .owl-nav a:not(:hover) i:before {\n  color: #ffffff;\n  background: none;\n}\n.gallery-carousel-shortcode.gallery-carousel-shortcode-id-412aaaed1dc249b222ea0603dc029477 .owl-nav a:hover i,\n.gallery-carousel-shortcode.gallery-carousel-shortcode-id-412aaaed1dc249b222ea0603dc029477 .owl-nav a:hover i:before {\n  color: rgba(255,255,255,0.75);\n  background: none;\n}\n.gallery-carousel-shortcode.gallery-carousel-shortcode-id-412aaaed1dc249b222ea0603dc029477 .owl-dots {\n  top: calc(100% + 20px);\n  left: 50%;\n  transform: translateX(calc(-50% + 0px));\n}\n@media all and (-ms-high-contrast: none) {\n  .gallery-carousel-shortcode.gallery-carousel-shortcode-id-412aaaed1dc249b222ea0603dc029477 .owl-dots {\n    transform: translateX(-50%);\n    margin-left: 0px;\n  }\n}\n.gallery-carousel-shortcode.gallery-carousel-shortcode-id-412aaaed1dc249b222ea0603dc029477 .owl-dot {\n  width: 10px;\n  height: 10px;\n  margin: 0 8px;\n}\n@media screen and (max-width: 778px) {\n  .gallery-carousel-shortcode.gallery-carousel-shortcode-id-412aaaed1dc249b222ea0603dc029477.hide-arrows .owl-nav a {\n    display: none;\n  }\n}\n@media screen and (max-width: 778px) {\n  .gallery-carousel-shortcode.gallery-carousel-shortcode-id-412aaaed1dc249b222ea0603dc029477.reposition-arrows .owl-nav .owl-prev {\n    top: calc(100% + 0px);\n    left: 10px;\n  }\n  .gallery-carousel-shortcode.gallery-carousel-shortcode-id-412aaaed1dc249b222ea0603dc029477.reposition-arrows .owl-nav .owl-next {\n    top: calc(100% + 0px);\n    right: 10px;\n  }\n}\n.gallery-carousel-shortcode.gallery-carousel-shortcode-id-412aaaed1dc249b222ea0603dc029477 figure,\n.gallery-carousel-shortcode.gallery-carousel-shortcode-id-412aaaed1dc249b222ea0603dc029477 .rollover,\n.gallery-carousel-shortcode.gallery-carousel-shortcode-id-412aaaed1dc249b222ea0603dc029477 img,\n.gallery-carousel-shortcode.gallery-carousel-shortcode-id-412aaaed1dc249b222ea0603dc029477 .gallery-rollover {\n  border-radius: 0px;\n}\n.gallery-carousel-shortcode.gallery-carousel-shortcode-id-412aaaed1dc249b222ea0603dc029477.enable-bg-rollover .gallery-rollover {\n  background: -webkit-linear-gradient();\n  background: linear-gradient();\n}\n.gallery-carousel-shortcode.gallery-carousel-shortcode-id-412aaaed1dc249b222ea0603dc029477.enable-img-shadow .owl-stage-outer {\n  padding: 14px 0;\n}\n.gallery-carousel-shortcode.gallery-carousel-shortcode-id-412aaaed1dc249b222ea0603dc029477.enable-bg-rollover.hover-scale figure .rollover:after {\n  background: -webkit-linear-gradient();\n  background: linear-gradient();\n}\n.gallery-carousel-shortcode.gallery-carousel-shortcode-id-412aaaed1dc249b222ea0603dc029477.gallery-shortcode .gallery-zoom-ico {\n  width: 44px;\n  height: 44px;\n  line-height: 44px;\n  border-radius: 100px;\n  margin: -22px 0 0 -22px;\n  border-width: 0px;\n}\n.dt-icon-bg-on.gallery-carousel-shortcode.gallery-carousel-shortcode-id-412aaaed1dc249b222ea0603dc029477.gallery-shortcode .gallery-zoom-ico {\n  background: rgba(255,255,255,0.3);\n  box-shadow: none;\n}\n.gallery-carousel-shortcode.gallery-carousel-shortcode-id-412aaaed1dc249b222ea0603dc029477.gallery-shortcode .gallery-zoom-ico:before,\n.gallery-carousel-shortcode.gallery-carousel-shortcode-id-412aaaed1dc249b222ea0603dc029477.gallery-shortcode .gallery-zoom-ico span {\n  font-size: 32px;\n  line-height: 44px;\n  color: #ffffff;\n  background: none;\n}\n<\/style><div class=\"owl-carousel gallery-carousel-shortcode gallery-shortcode  dt-gallery-container dt-owl-carousel-call gallery-carousel-shortcode-id-412aaaed1dc249b222ea0603dc029477 quick-scale-img enable-bg-rollover meta-info-off dt-arrow-border-on dt-arrow-hover-border-on bullets-small-dot-stroke reposition-arrows dt-icon-bg-off arrows-bg-on disable-arrows-hover-bg arrows-hover-bg-on  vc_custom_1713176348598 hover-fade \" data-scroll-mode=\"1\" data-col-num=\"1\" data-wide-col-num=\"1\" data-laptop-col=\"1\" data-h-tablet-columns-num=\"1\" data-v-tablet-columns-num=\"1\" data-phone-columns-num=\"1\" data-col-gap=\"10\" data-stage-padding=\"0\" data-speed=\"600\" data-autoplay=\"false\" data-autoplay_speed=\"6000\" data-arrows=\"true\" data-bullet=\"false\" data-next-icon=\"icon-ar-017-r\" data-prev-icon=\"icon-ar-017-l\" data-img-shadow-size=\"12px\" data-img-shadow-spread=\"3px\"><div data-post-id=\"2827\" data-date=\"2024-03-09T22:11:46+00:00\" data-name=\"Traktorske cisterne (1)\"><figure class=\"post\"><a href=\"https:\/\/cabarplast.com\/wp-content\/uploads\/2024\/03\/Traktorske-cisterne-1.jpg\" class=\"rollover dt-pswp-item layzr-bg\" data-large_image_width=\"1080\" data-large_image_height=\"1080\" data-dt-img-description=\"\" title=\"Traktorske cisterne (1)\"><img fetchpriority=\"high\" decoding=\"async\" class=\"preload-me owl-lazy-load aspect\" src=\"data:image\/svg+xml,%3Csvg%20xmlns%3D&#39;http%3A%2F%2Fwww.w3.org%2F2000%2Fsvg&#39;%20viewBox%3D&#39;0%200%201080%201080&#39;%2F%3E\" data-src=\"https:\/\/cabarplast.com\/wp-content\/uploads\/2024\/03\/Traktorske-cisterne-1.jpg\" data-srcset=\"https:\/\/cabarplast.com\/wp-content\/uploads\/2024\/03\/Traktorske-cisterne-1.jpg 1080w\" loading=\"eager\" style=\"--ratio: 1080 \/ 1080\" sizes=\"(max-width: 1080px) 100vw, 1080px\" alt=\"\" width=\"1080\" height=\"1080\"  \/><span class=\"gallery-rollover\"><span class=\"gallery-zoom-ico icomoon-the7-font-the7-zoom-06\"><span><\/span><\/span><\/span><\/a><\/figure><\/div><div data-post-id=\"2828\" data-date=\"2024-03-09T22:11:47+00:00\" data-name=\"Traktorske cisterne (2)\"><figure class=\"post\"><a href=\"https:\/\/cabarplast.com\/wp-content\/uploads\/2024\/03\/Traktorske-cisterne-2.jpg\" class=\"rollover dt-pswp-item layzr-bg\" data-large_image_width=\"1080\" data-large_image_height=\"1080\" data-dt-img-description=\"\" title=\"Traktorske cisterne (2)\"><img decoding=\"async\" class=\"preload-me owl-lazy-load aspect\" src=\"data:image\/svg+xml,%3Csvg%20xmlns%3D&#39;http%3A%2F%2Fwww.w3.org%2F2000%2Fsvg&#39;%20viewBox%3D&#39;0%200%201080%201080&#39;%2F%3E\" data-src=\"https:\/\/cabarplast.com\/wp-content\/uploads\/2024\/03\/Traktorske-cisterne-2.jpg\" data-srcset=\"https:\/\/cabarplast.com\/wp-content\/uploads\/2024\/03\/Traktorske-cisterne-2.jpg 1080w\" loading=\"eager\" style=\"--ratio: 1080 \/ 1080\" sizes=\"(max-width: 1080px) 100vw, 1080px\" alt=\"\" width=\"1080\" height=\"1080\"  \/><span class=\"gallery-rollover\"><span class=\"gallery-zoom-ico icomoon-the7-font-the7-zoom-06\"><span><\/span><\/span><\/span><\/a><\/figure><\/div><div data-post-id=\"2829\" data-date=\"2024-03-09T22:11:48+00:00\" data-name=\"Traktorske cisterne (3)\"><figure class=\"post\"><a href=\"https:\/\/cabarplast.com\/wp-content\/uploads\/2024\/03\/Traktorske-cisterne-3.jpg\" class=\"rollover dt-pswp-item layzr-bg\" data-large_image_width=\"1080\" data-large_image_height=\"1080\" data-dt-img-description=\"\" title=\"Traktorske cisterne (3)\"><img decoding=\"async\" class=\"preload-me owl-lazy-load aspect\" src=\"data:image\/svg+xml,%3Csvg%20xmlns%3D&#39;http%3A%2F%2Fwww.w3.org%2F2000%2Fsvg&#39;%20viewBox%3D&#39;0%200%201080%201080&#39;%2F%3E\" data-src=\"https:\/\/cabarplast.com\/wp-content\/uploads\/2024\/03\/Traktorske-cisterne-3.jpg\" data-srcset=\"https:\/\/cabarplast.com\/wp-content\/uploads\/2024\/03\/Traktorske-cisterne-3.jpg 1080w\" loading=\"eager\" style=\"--ratio: 1080 \/ 1080\" sizes=\"(max-width: 1080px) 100vw, 1080px\" alt=\"\" width=\"1080\" height=\"1080\"  \/><span class=\"gallery-rollover\"><span class=\"gallery-zoom-ico icomoon-the7-font-the7-zoom-06\"><span><\/span><\/span><\/span><\/a><\/figure><\/div><div data-post-id=\"2830\" data-date=\"2024-03-09T22:11:49+00:00\" data-name=\"Traktorske cisterne (4)\"><figure class=\"post\"><a href=\"https:\/\/cabarplast.com\/wp-content\/uploads\/2024\/03\/Traktorske-cisterne-4.jpg\" class=\"rollover dt-pswp-item layzr-bg\" data-large_image_width=\"1080\" data-large_image_height=\"1080\" data-dt-img-description=\"\" title=\"Traktorske cisterne (4)\"><img decoding=\"async\" class=\"preload-me owl-lazy-load aspect\" src=\"data:image\/svg+xml,%3Csvg%20xmlns%3D&#39;http%3A%2F%2Fwww.w3.org%2F2000%2Fsvg&#39;%20viewBox%3D&#39;0%200%201080%201080&#39;%2F%3E\" data-src=\"https:\/\/cabarplast.com\/wp-content\/uploads\/2024\/03\/Traktorske-cisterne-4.jpg\" data-srcset=\"https:\/\/cabarplast.com\/wp-content\/uploads\/2024\/03\/Traktorske-cisterne-4.jpg 1080w\" loading=\"eager\" style=\"--ratio: 1080 \/ 1080\" sizes=\"(max-width: 1080px) 100vw, 1080px\" alt=\"\" width=\"1080\" height=\"1080\"  \/><span class=\"gallery-rollover\"><span class=\"gallery-zoom-ico icomoon-the7-font-the7-zoom-06\"><span><\/span><\/span><\/span><\/a><\/figure><\/div><\/div>[\/vc_column][vc_column width=&#8221;1\/2&#8243; css=&#8221;.vc_custom_1709647368309{border-left-width: 1px !important;padding-right: 30px !important;padding-left: 30px !important;border-left-color: #0e415f !important;border-left-style: solid !important;}&#8221;][vc_column_text css=&#8221;&#8221;]<\/p>\n<h1>Rezervoare din <strong>Plastic pentru Tractoare<\/strong><\/h1>\n<p>&nbsp;<\/p>\n<p>Rezervoarele din plastic pentru tractoare joac\u0103 un rol vital \u00een lumea agriculturii, oferind solu\u021bii pentru iriga\u021bii, transportul lichidelor \u0219i multe alte sarcini.<\/p>\n<p>Cu diverse capacit\u0103\u021bi, de la 250 de litri p\u00e2n\u0103 la o incredibil\u0103 cantitate de 50.000 de litri, aceste rezervoare se adapteaz\u0103 nevoilor fiec\u0103rei ferme, gospod\u0103rii agricole \u0219i agrobusiness.[\/vc_column_text][vc_empty_space height=&#8221;20&#8243;]<a href=\"https:\/\/cabarplast.com\/ro\/contactati-ne\/\" class=\"btn-shortcode dt-btn-m dt-btn default-btn-color default-btn-hover-color default-btn-bg-color default-btn-bg-hover-color\" id=\"dt-btn-1\"><span>Contacta\u0163i-ne<\/span><\/a>[\/vc_column][\/vc_row][vc_row][vc_column][vc_empty_space height=&#8221;50&#8243;][\/vc_column][\/vc_row][vc_row full_width=&#8221;stretch_row_content_no_spaces&#8221;][vc_column][vc_column_text]<img loading=\"lazy\" decoding=\"async\" class=\"aligncenter wp-image-232 size-full\" src=\"https:\/\/cabarplast.com\/wp-content\/uploads\/2024\/03\/footer-4.png\" alt=\"\" width=\"1919\" height=\"50\" srcset=\"https:\/\/cabarplast.com\/wp-content\/uploads\/2024\/03\/footer-4.png 1919w, https:\/\/cabarplast.com\/wp-content\/uploads\/2024\/03\/footer-4-300x8.png 300w, https:\/\/cabarplast.com\/wp-content\/uploads\/2024\/03\/footer-4-1024x27.png 1024w, https:\/\/cabarplast.com\/wp-content\/uploads\/2024\/03\/footer-4-768x20.png 768w, https:\/\/cabarplast.com\/wp-content\/uploads\/2024\/03\/footer-4-1536x40.png 1536w\" sizes=\"auto, (max-width: 1919px) 100vw, 1919px\" \/>[\/vc_column_text][\/vc_column][\/vc_row][vc_row full_width=&#8221;stretch_row&#8221; css=&#8221;.vc_custom_1709643894007{background-color: #0e415f !important;}&#8221;][vc_column][vc_column_text css=&#8221;.vc_custom_1726740574592{padding-right: 30px !important;padding-left: 30px !important;}&#8221;]<\/p>\n<h2><span style=\"color: #fcb426;\">Avantajele Rezervoarelor din Plastic pentru Tractoare<\/span><\/h2>\n<ul>\n<li><span style=\"color: #fcb426;\">Greutate redus\u0103 \u0219i mobilitate<\/span><\/li>\n<\/ul>\n<p><span style=\"color: #ffffff;\">Unul dintre principalele avantaje ale rezervoarelor din plastic este greutatea lor relativ mic\u0103 \u00een compara\u021bie cu rezervoarele metalice. Acest lucru permite o manevrare \u0219i un transport mai u\u0219oare, f\u0103c\u00e2ndu-le ideale pentru utilizarea pe terenuri agricole \u00eentinse. Mobilitatea este esen\u021bial\u0103 atunci c\u00e2nd vine vorba de distribuirea eficient\u0103 a resurselor, iar rezervoarele din plastic faciliteaz\u0103 acest lucru cu un efort minim.<\/span><\/p>\n<ul>\n<li><span style=\"color: #fcb426;\">Durabilitate \u0219i rezisten\u021b\u0103 la coroziune<\/span><\/li>\n<\/ul>\n<p><span style=\"color: #ffffff;\">Rezervoarele din plastic sunt extrem de rezistente la coroziune, f\u0103c\u00e2ndu-le mai durabile \u00een mediile umede \u0219i chimic active, frecvente \u00een agricultur\u0103. Spre deosebire de rezervoarele metalice, care pot rugini \u0219i se pot deteriora, rezervoarele din plastic \u00ee\u0219i men\u021bin integritatea chiar \u0219i atunci c\u00e2nd sunt expuse la \u00eengr\u0103\u0219\u0103minte, pesticide \u0219i diverse lichide.<\/span><\/p>\n<ul>\n<li><span style=\"color: #fcb426;\">Adaptabilitate \u0219i varietate de capacit\u0103\u021bi<\/span><\/li>\n<\/ul>\n<p><span style=\"color: #ffffff;\">Cu capacit\u0103\u021bi cuprinse \u00eentre 250 \u0219i 50.000 de litri, rezervoarele din plastic pentru tractoare pot satisface o gam\u0103 larg\u0103 de nevoi ale fermelor. De la opera\u021biuni mici care necesit\u0103 iriga\u021bii precise p\u00e2n\u0103 la ferme mari care au nevoie de cantit\u0103\u021bi mari de ap\u0103 sau \u00eengr\u0103\u0219\u0103minte lichide, exist\u0103 un model pentru fiecare situa\u021bie.<\/span><\/p>\n<ul>\n<li><span style=\"color: #fcb426;\">U\u0219urin\u021b\u0103 \u00een \u00eentre\u021binere<\/span><\/li>\n<\/ul>\n<p><span style=\"color: #ffffff;\">Rezervoarele din plastic sunt relativ u\u0219or de \u00eentre\u021binut. Nu necesit\u0103 vopsire regulat\u0103 sau tratamente \u00eempotriva coroziunii. Cur\u0103\u021barea este, de asemenea, simpl\u0103, ceea ce ajut\u0103 la men\u021binerea igienei \u0219i previne contaminarea con\u021binutului.<\/span>[\/vc_column_text][vc_empty_space height=&#8221;50&#8243;][\/vc_column][\/vc_row][vc_row full_width=&#8221;stretch_row&#8221; css=&#8221;.vc_custom_1709644275584{background-color: #efefef !important;}&#8221;][vc_column][vc_column_text css=&#8221;.vc_custom_1726740671427{padding-right: 30px !important;padding-left: 30px !important;}&#8221;]<\/p>\n<h2>Aplica\u021bii ale rezervoarelor \u0219i cisternelor din plastic \u00een agricultur\u0103<\/h2>\n<ul>\n<li><strong>Irigare \u0219i ad\u0103pare<\/strong><\/li>\n<\/ul>\n<p>Una dintre principalele aplica\u021bii ale rezervoarelor din plastic \u00een agricultur\u0103 este irigarea \u0219i ad\u0103parea. Rezervoarele mari pot fi utilizate pentru a stoca cantit\u0103\u021bi semnificative de ap\u0103 necesare pentru men\u021binerea umidit\u0103\u021bii \u00een perioadele de secet\u0103 sau \u00een zonele \u00een care accesul la ap\u0103 este limitat. Acest lucru permite fermierilor s\u0103 optimizeze cre\u0219terea \u0219i dezvoltarea plantelor, cresc\u00e2nd randamentele \u0219i calitatea culturilor.<\/p>\n<ul>\n<li><strong>Transportul lichidelor<\/strong><\/li>\n<\/ul>\n<p>Rezervoarele din plastic sunt esen\u021biale pentru transportul diverselor lichide \u00een jurul fermei, inclusiv ap\u0103, petrol, motorin\u0103, precum \u0219i \u00eengr\u0103\u0219\u0103minte \u0219i pesticide lichide. Datorit\u0103 rezisten\u021bei lor la coroziune \u0219i iner\u021biei chimice, aceste rezervoare sunt sigure pentru transportul \u0219i stocarea unei game largi de produse agrochimice, protej\u00e2ndu-le de contaminare \u0219i asigur\u00e2nd utilizarea lor eficient\u0103 pe c\u00e2mp.<\/p>\n<ul>\n<li><strong>Depozitare \u0219i conservare a lichidelor<\/strong><\/li>\n<\/ul>\n<p>Rezervoarele din plastic servesc \u0219i ca o solu\u021bie pe termen lung pentru depozitarea lichidelor, inclusiv a apei potabile, a apei de ploaie, precum \u0219i a \u00eengr\u0103\u0219\u0103mintelor \u0219i pesticidelor lichide. Impermeabilitatea lor \u0219i rezisten\u021ba la radia\u021biile UV garanteaz\u0103 longevitatea \u0219i p\u0103streaz\u0103 calitatea lichidelor depozitate.<\/p>\n<ul>\n<li><strong>Personalizare pentru nevoi specifice<\/strong><\/li>\n<\/ul>\n<p>Un avantaj major al rezervoarelor \u0219i cisternelor din plastic este posibilitatea de personalizare prin instalarea diverselor fitinguri \u0219i accesorii, cum ar fi valve, robinete, indicatoare de nivel \u0219i guri de vizitare. Acest lucru permite fermierilor s\u0103 \u00ee\u0219i configureze sistemele de ad\u0103pare, irigare sau transport al lichidelor \u00een func\u021bie de nevoile \u0219i cerin\u021bele specifice, \u00eembun\u0103t\u0103\u021bind eficien\u021ba \u0219i productivitatea \u00een ferm\u0103.[\/vc_column_text][vc_column_text][\/vc_column_text][vc_empty_space][\/vc_column][\/vc_row][vc_row][vc_column][vc_column_text css=&#8221;.vc_custom_1726740767246{padding-top: 30px !important;padding-right: 30px !important;padding-bottom: 30px !important;padding-left: 30px !important;background-color: #0e415f !important;border-radius: 15px !important;}&#8221;]<\/p>\n<h2><span style=\"color: #fcb426;\"><strong>Avantajele<\/strong> rezervoarelor \u0219i cisternelor din plastic<\/span><\/h2>\n<p><span style=\"color: #ffffff;\">Rezervoarele de ap\u0103, rezervoarele pentru ulei \u0219i alte rezervoare pentru lichide din plastic ofer\u0103 numeroase avantaje fermierilor:<\/span><\/p>\n<ul>\n<li><span style=\"color: #fcb426;\">Izdr\u017eljivost i dugove\u010dnost: <\/span><span style=\"color: #ffffff;\">Materijali kao \u0161to su PEHD i PP osiguravaju otpornost na mehani\u010dka o\u0161te\u0107enja, lomljenje, kao i na ekstremne temperature, od -30\u00b0C do +60\u00b0C.<\/span><\/li>\n<li><span style=\"color: #fcb426;\">Durabilitate \u0219i longevitate:<\/span> <span style=\"color: #ffffff;\">Materialele precum HDPE \u0219i PP asigur\u0103 rezisten\u021ba la deterior\u0103ri mecanice, rupere, precum \u0219i la temperaturi extreme, de la -30\u00b0C p\u00e2n\u0103 la +60\u00b0C.<\/span><\/li>\n<li><span style=\"color: #fcb426;\">Rezisten\u021b\u0103 la radia\u021bii UV<\/span> <span style=\"color: #ffffff;\">Aditivi speciali din material protejeaz\u0103 rezervoarele de degradare sub influen\u021ba luminii solare.<\/span><\/li>\n<li><span style=\"color: #fcb426;\">Adaptabilitate:<\/span> <span style=\"color: #ffffff;\">Posibilitatea de a instala diverse fitinguri \u0219i accesorii permite fermierilor s\u0103 adapteze rezervoarele la nevoile specifice.<\/span><\/li>\n<\/ul>\n<p>[\/vc_column_text][vc_column_text][\/vc_column_text][vc_empty_space][\/vc_column][\/vc_row][vc_row][vc_column][vc_column_text css=&#8221;.vc_custom_1726740797525{padding-right: 30px !important;padding-left: 30px !important;}&#8221;]Rezervoarele \u0219i cisternele din plastic au devenit o parte indispensabil\u0103 a agriculturii moderne, oferind solu\u021bii fiabile pentru ad\u0103pare, iriga\u021bii \u0219i transportul lichidelor. Adaptabilitatea, durabilitatea \u0219i prietenia lor cu mediul le fac o alegere ideal\u0103 pentru fermierii care \u00ee\u0219i propun s\u0103-\u0219i optimizeze opera\u021biunile \u0219i s\u0103 gestioneze resursele \u00een mod durabil.<\/p>\n<p>Prin diverse aplica\u021bii, de la ad\u0103pare \u0219i iriga\u021bii p\u00e2n\u0103 la transportul \u0219i stocarea lichidelor, rezervoarele \u0219i cisternele din plastic joac\u0103 un rol cheie \u00een cre\u0219terea eficien\u021bei \u0219i a productivit\u0103\u021bii practicilor agricole, f\u0103c\u00e2ndu-le un instrument de ne\u00eenlocuit \u00een arsenalul fermierului modern.[\/vc_column_text][vc_column_text][\/vc_column_text][vc_empty_space][\/vc_column][\/vc_row][vc_row full_width=&#8221;stretch_row_content_no_spaces&#8221;][vc_column][vc_column_text]<img loading=\"lazy\" decoding=\"async\" class=\"aligncenter wp-image-232 size-full\" src=\"https:\/\/cabarplast.com\/wp-content\/uploads\/2024\/03\/footer-4.png\" alt=\"\" width=\"1919\" height=\"50\" srcset=\"https:\/\/cabarplast.com\/wp-content\/uploads\/2024\/03\/footer-4.png 1919w, https:\/\/cabarplast.com\/wp-content\/uploads\/2024\/03\/footer-4-300x8.png 300w, https:\/\/cabarplast.com\/wp-content\/uploads\/2024\/03\/footer-4-1024x27.png 1024w, https:\/\/cabarplast.com\/wp-content\/uploads\/2024\/03\/footer-4-768x20.png 768w, https:\/\/cabarplast.com\/wp-content\/uploads\/2024\/03\/footer-4-1536x40.png 1536w\" sizes=\"auto, (max-width: 1919px) 100vw, 1919px\" \/>[\/vc_column_text][\/vc_column][\/vc_row]<\/p>\n<\/div>","protected":false},"excerpt":{"rendered":"<p>[vc_row][vc_column width=&#8221;1\/2&#8243;][\/vc_column][vc_column width=&#8221;1\/2&#8243; css=&#8221;.vc_custom_1709647368309{border-left-width: 1px !important;padding-right: 30px !important;padding-left: 30px !important;border-left-color: #0e415f !important;border-left-style: solid !important;}&#8221;][vc_column_text css=&#8221;&#8221;] Rezervoare din Plastic pentru Tractoare &nbsp; Rezervoarele din plastic pentru tractoare joac\u0103 un rol vital \u00een lumea agriculturii, oferind solu\u021bii pentru iriga\u021bii, transportul lichidelor \u0219i multe alte sarcini. Cu diverse capacit\u0103\u021bi, de la 250 de litri p\u00e2n\u0103 la o incredibil\u0103&hellip;<\/p>\n","protected":false},"author":1,"featured_media":0,"parent":0,"menu_order":0,"comment_status":"closed","ping_status":"closed","template":"","meta":{"footnotes":""},"class_list":["post-2819","page","type-page","status-publish","hentry","description-off"],"_links":{"self":[{"href":"https:\/\/cabarplast.com\/ro\/wp-json\/wp\/v2\/pages\/2819","targetHints":{"allow":["GET"]}}],"collection":[{"href":"https:\/\/cabarplast.com\/ro\/wp-json\/wp\/v2\/pages"}],"about":[{"href":"https:\/\/cabarplast.com\/ro\/wp-json\/wp\/v2\/types\/page"}],"author":[{"embeddable":true,"href":"https:\/\/cabarplast.com\/ro\/wp-json\/wp\/v2\/users\/1"}],"replies":[{"embeddable":true,"href":"https:\/\/cabarplast.com\/ro\/wp-json\/wp\/v2\/comments?post=2819"}],"version-history":[{"count":3,"href":"https:\/\/cabarplast.com\/ro\/wp-json\/wp\/v2\/pages\/2819\/revisions"}],"predecessor-version":[{"id":3019,"href":"https:\/\/cabarplast.com\/ro\/wp-json\/wp\/v2\/pages\/2819\/revisions\/3019"}],"wp:attachment":[{"href":"https:\/\/cabarplast.com\/ro\/wp-json\/wp\/v2\/media?parent=2819"}],"curies":[{"name":"wp","href":"https:\/\/api.w.org\/{rel}","templated":true}]}}