{"id":2814,"date":"2024-03-04T21:00:42","date_gmt":"2024-03-04T21:00:42","guid":{"rendered":"https:\/\/cabarplast.com\/?page_id=2814"},"modified":"2024-09-20T12:35:16","modified_gmt":"2024-09-20T12:35:16","slug":"silozuri-din-plastic","status":"publish","type":"page","link":"https:\/\/cabarplast.com\/ro\/silozuri-din-plastic\/","title":{"rendered":"Silozuri din Plastic"},"content":{"rendered":"<div class=\"wpb-content-wrapper\"><p>[vc_row][vc_column width=&#8221;1\/2&#8243;]<style type=\"text\/css\" data-type=\"the7_shortcodes-inline-css\">.gallery-carousel-shortcode.gallery-carousel-shortcode-id-36b2c3368d8280b13e34463276562575 .owl-nav a {\n  width: 30px;\n  height: 30px;\n  border-radius: 500px;\n}\n.dt-arrow-border-on.gallery-carousel-shortcode.gallery-carousel-shortcode-id-36b2c3368d8280b13e34463276562575 .owl-nav a:not(:hover):before {\n  border-width: 0px;\n}\n.dt-arrow-hover-border-on.gallery-carousel-shortcode.gallery-carousel-shortcode-id-36b2c3368d8280b13e34463276562575 .owl-nav a:hover:after {\n  border-width: 0px;\n}\n.gallery-carousel-shortcode.gallery-carousel-shortcode-id-36b2c3368d8280b13e34463276562575 .owl-nav a.owl-prev {\n  top: calc(100% + 0px);\n  left: -43px;\n}\n.gallery-carousel-shortcode.gallery-carousel-shortcode-id-36b2c3368d8280b13e34463276562575 .owl-nav a.owl-prev i {\n  padding: 0px 5px 0px 5px;\n}\n.gallery-carousel-shortcode.gallery-carousel-shortcode-id-36b2c3368d8280b13e34463276562575 .owl-nav a.owl-next {\n  top: calc(100% + 0px);\n  right: -43px;\n}\n.gallery-carousel-shortcode.gallery-carousel-shortcode-id-36b2c3368d8280b13e34463276562575 .owl-nav a.owl-next i {\n  padding: 0px 5px 0px 5px;\n}\n.gallery-carousel-shortcode.gallery-carousel-shortcode-id-36b2c3368d8280b13e34463276562575 .owl-nav i {\n  font-size: 15px;\n}\n.gallery-carousel-shortcode.gallery-carousel-shortcode-id-36b2c3368d8280b13e34463276562575 .owl-nav a:not(:hover) i,\n.gallery-carousel-shortcode.gallery-carousel-shortcode-id-36b2c3368d8280b13e34463276562575 .owl-nav a:not(:hover) i:before {\n  color: #ffffff;\n  background: none;\n}\n.gallery-carousel-shortcode.gallery-carousel-shortcode-id-36b2c3368d8280b13e34463276562575 .owl-nav a:hover i,\n.gallery-carousel-shortcode.gallery-carousel-shortcode-id-36b2c3368d8280b13e34463276562575 .owl-nav a:hover i:before {\n  color: rgba(255,255,255,0.75);\n  background: none;\n}\n.gallery-carousel-shortcode.gallery-carousel-shortcode-id-36b2c3368d8280b13e34463276562575 .owl-dots {\n  top: calc(100% + 20px);\n  left: 50%;\n  transform: translateX(calc(-50% + 0px));\n}\n@media all and (-ms-high-contrast: none) {\n  .gallery-carousel-shortcode.gallery-carousel-shortcode-id-36b2c3368d8280b13e34463276562575 .owl-dots {\n    transform: translateX(-50%);\n    margin-left: 0px;\n  }\n}\n.gallery-carousel-shortcode.gallery-carousel-shortcode-id-36b2c3368d8280b13e34463276562575 .owl-dot {\n  width: 10px;\n  height: 10px;\n  margin: 0 8px;\n}\n@media screen and (max-width: 778px) {\n  .gallery-carousel-shortcode.gallery-carousel-shortcode-id-36b2c3368d8280b13e34463276562575.hide-arrows .owl-nav a {\n    display: none;\n  }\n}\n@media screen and (max-width: 778px) {\n  .gallery-carousel-shortcode.gallery-carousel-shortcode-id-36b2c3368d8280b13e34463276562575.reposition-arrows .owl-nav .owl-prev {\n    top: calc(100% + 0px);\n    left: 10px;\n  }\n  .gallery-carousel-shortcode.gallery-carousel-shortcode-id-36b2c3368d8280b13e34463276562575.reposition-arrows .owl-nav .owl-next {\n    top: calc(100% + 0px);\n    right: 10px;\n  }\n}\n.gallery-carousel-shortcode.gallery-carousel-shortcode-id-36b2c3368d8280b13e34463276562575 figure,\n.gallery-carousel-shortcode.gallery-carousel-shortcode-id-36b2c3368d8280b13e34463276562575 .rollover,\n.gallery-carousel-shortcode.gallery-carousel-shortcode-id-36b2c3368d8280b13e34463276562575 img,\n.gallery-carousel-shortcode.gallery-carousel-shortcode-id-36b2c3368d8280b13e34463276562575 .gallery-rollover {\n  border-radius: 0px;\n}\n.gallery-carousel-shortcode.gallery-carousel-shortcode-id-36b2c3368d8280b13e34463276562575.enable-bg-rollover .gallery-rollover {\n  background: -webkit-linear-gradient();\n  background: linear-gradient();\n}\n.gallery-carousel-shortcode.gallery-carousel-shortcode-id-36b2c3368d8280b13e34463276562575.enable-img-shadow .owl-stage-outer {\n  padding: 14px 0;\n}\n.gallery-carousel-shortcode.gallery-carousel-shortcode-id-36b2c3368d8280b13e34463276562575.enable-bg-rollover.hover-scale figure .rollover:after {\n  background: -webkit-linear-gradient();\n  background: linear-gradient();\n}\n.gallery-carousel-shortcode.gallery-carousel-shortcode-id-36b2c3368d8280b13e34463276562575.gallery-shortcode .gallery-zoom-ico {\n  width: 44px;\n  height: 44px;\n  line-height: 44px;\n  border-radius: 100px;\n  margin: -22px 0 0 -22px;\n  border-width: 0px;\n}\n.dt-icon-bg-on.gallery-carousel-shortcode.gallery-carousel-shortcode-id-36b2c3368d8280b13e34463276562575.gallery-shortcode .gallery-zoom-ico {\n  background: rgba(255,255,255,0.3);\n  box-shadow: none;\n}\n.gallery-carousel-shortcode.gallery-carousel-shortcode-id-36b2c3368d8280b13e34463276562575.gallery-shortcode .gallery-zoom-ico:before,\n.gallery-carousel-shortcode.gallery-carousel-shortcode-id-36b2c3368d8280b13e34463276562575.gallery-shortcode .gallery-zoom-ico span {\n  font-size: 32px;\n  line-height: 44px;\n  color: #ffffff;\n  background: none;\n}\n<\/style><div class=\"owl-carousel gallery-carousel-shortcode gallery-shortcode  dt-gallery-container dt-owl-carousel-call gallery-carousel-shortcode-id-36b2c3368d8280b13e34463276562575 quick-scale-img enable-bg-rollover meta-info-off dt-arrow-border-on dt-arrow-hover-border-on bullets-small-dot-stroke reposition-arrows dt-icon-bg-off arrows-bg-on disable-arrows-hover-bg arrows-hover-bg-on  vc_custom_1713176209381 hover-fade \" data-scroll-mode=\"1\" data-col-num=\"1\" data-wide-col-num=\"1\" data-laptop-col=\"1\" data-h-tablet-columns-num=\"1\" data-v-tablet-columns-num=\"1\" data-phone-columns-num=\"1\" data-col-gap=\"10\" data-stage-padding=\"0\" data-speed=\"600\" data-autoplay=\"false\" data-autoplay_speed=\"6000\" data-arrows=\"true\" data-bullet=\"false\" data-next-icon=\"icon-ar-017-r\" data-prev-icon=\"icon-ar-017-l\" data-img-shadow-size=\"12px\" data-img-shadow-spread=\"3px\"><div data-post-id=\"2816\" data-date=\"2024-04-15T10:03:30+00:00\" data-name=\"Plasticni-silosi-1\"><figure class=\"post\"><a href=\"https:\/\/cabarplast.com\/wp-content\/uploads\/2024\/04\/Plasticni-silosi-1.jpg\" class=\"rollover dt-pswp-item layzr-bg\" data-large_image_width=\"1080\" data-large_image_height=\"1080\" data-dt-img-description=\"\" title=\"Plasticni-silosi-1\"><img fetchpriority=\"high\" decoding=\"async\" class=\"preload-me owl-lazy-load aspect\" src=\"data:image\/svg+xml,%3Csvg%20xmlns%3D&#39;http%3A%2F%2Fwww.w3.org%2F2000%2Fsvg&#39;%20viewBox%3D&#39;0%200%201080%201080&#39;%2F%3E\" data-src=\"https:\/\/cabarplast.com\/wp-content\/uploads\/2024\/04\/Plasticni-silosi-1.jpg\" data-srcset=\"https:\/\/cabarplast.com\/wp-content\/uploads\/2024\/04\/Plasticni-silosi-1.jpg 1080w\" loading=\"eager\" style=\"--ratio: 1080 \/ 1080\" sizes=\"(max-width: 1080px) 100vw, 1080px\" alt=\"\" width=\"1080\" height=\"1080\"  \/><span class=\"gallery-rollover\"><span class=\"gallery-zoom-ico icomoon-the7-font-the7-zoom-06\"><span><\/span><\/span><\/span><\/a><\/figure><\/div><div data-post-id=\"2817\" data-date=\"2024-04-15T10:03:31+00:00\" data-name=\"Plasticni-silosi-2\"><figure class=\"post\"><a href=\"https:\/\/cabarplast.com\/wp-content\/uploads\/2024\/04\/Plasticni-silosi-2.jpg\" class=\"rollover dt-pswp-item layzr-bg\" data-large_image_width=\"1080\" data-large_image_height=\"1080\" data-dt-img-description=\"\" title=\"Plasticni-silosi-2\"><img decoding=\"async\" class=\"preload-me owl-lazy-load aspect\" src=\"data:image\/svg+xml,%3Csvg%20xmlns%3D&#39;http%3A%2F%2Fwww.w3.org%2F2000%2Fsvg&#39;%20viewBox%3D&#39;0%200%201080%201080&#39;%2F%3E\" data-src=\"https:\/\/cabarplast.com\/wp-content\/uploads\/2024\/04\/Plasticni-silosi-2.jpg\" data-srcset=\"https:\/\/cabarplast.com\/wp-content\/uploads\/2024\/04\/Plasticni-silosi-2.jpg 1080w\" loading=\"eager\" style=\"--ratio: 1080 \/ 1080\" sizes=\"(max-width: 1080px) 100vw, 1080px\" alt=\"\" width=\"1080\" height=\"1080\"  \/><span class=\"gallery-rollover\"><span class=\"gallery-zoom-ico icomoon-the7-font-the7-zoom-06\"><span><\/span><\/span><\/span><\/a><\/figure><\/div><\/div>[\/vc_column][vc_column width=&#8221;1\/2&#8243; css=&#8221;.vc_custom_1709647368309{border-left-width: 1px !important;padding-right: 30px !important;padding-left: 30px !important;border-left-color: #0e415f !important;border-left-style: solid !important;}&#8221;][vc_column_text css=&#8221;&#8221;]<\/p>\n<h1><strong>Silozuri<\/strong> din Plastic<\/h1>\n<p>&nbsp;<\/p>\n<p>\u010cabar Plast Silozurile din plastic produse de \u010cabar Plast reprezint\u0103 o solu\u021bie revolu\u021bionar\u0103 care se remarc\u0103 prin calitate, rezisten\u021b\u0103 \u0219i adaptabilitate. Dezvoltate \u00een conformitate cu cele mai noi tendin\u021be globale, aceste silozuri \u00ee\u0219i g\u0103sesc o gam\u0103 larg\u0103 de aplica\u021bii nu doar \u00een depozitarea cerealelor, ci \u0219i \u00een industria chimic\u0103, precum \u0219i pentru depozitarea diverselor ingrediente, granule \u0219i materiale pulverulente.<\/p>\n<p>Acest text exploreaz\u0103 \u00een detaliu caracteristicile, avantajele \u0219i posibilit\u0103\u021bile pe care le ofer\u0103 silozurile din plastic \u010cabar Plast, subliniind modul \u00een care acestea pot \u00eembun\u0103t\u0103\u021bi practicile de depozitare \u0219i contribui la sustenabilitatea afacerilor.[\/vc_column_text][vc_empty_space height=&#8221;20&#8243;]<a href=\"https:\/\/cabarplast.com\/ro\/contactati-ne\/\" class=\"btn-shortcode dt-btn-m dt-btn default-btn-color default-btn-hover-color default-btn-bg-color default-btn-bg-hover-color\" id=\"dt-btn-1\"><span>Contacta\u0163i-ne<\/span><\/a>[\/vc_column][\/vc_row][vc_row][vc_column][vc_empty_space][vc_column_text css=&#8221;.vc_custom_1726739948654{padding-right: 30px !important;padding-left: 30px !important;}&#8221;]<\/p>\n<h2><strong><strong>Caracteristicile<\/strong> silozurilor din plastic \u010cabar Plast<\/strong><\/h2>\n<p>Silozurile din plastic \u010cabar Plast sunt fabricate din materiale de \u00eenalt\u0103 calitate, cum ar fi polietilena de \u00eenalt\u0103 densitate (HDPE) \u0219i polipropilena (PP), utiliz\u00e2nd tehnologii de \u00eenf\u0103\u0219urare spiralat\u0103 \u0219i sudur\u0103 a plasticului.<\/p>\n<p>Aceste caracteristici confer\u0103 silozurilor o rezisten\u021b\u0103 excep\u021bional\u0103 la deterior\u0103ri fizice, fluctua\u021bii de temperatur\u0103 \u0219i influen\u021be chimice, f\u0103c\u00e2ndu-le ideale pentru depozitarea pe termen lung a diverselor materiale. Designul inovator asigur\u0103 eliminarea condensului vaporilor de ap\u0103, prevenind lipirea con\u021binutului de pere\u021bii interni ai silozurilor, o problem\u0103 comun\u0103 \u00een cazul solu\u021biilor tradi\u021bionale de depozitare.[\/vc_column_text][vc_empty_space height=&#8221;50&#8243;][\/vc_column][\/vc_row][vc_row full_width=&#8221;stretch_row_content_no_spaces&#8221;][vc_column][vc_column_text]<img loading=\"lazy\" decoding=\"async\" class=\"aligncenter wp-image-232 size-full\" src=\"https:\/\/cabarplast.com\/wp-content\/uploads\/2024\/03\/footer-4.png\" alt=\"\" width=\"1919\" height=\"50\" srcset=\"https:\/\/cabarplast.com\/wp-content\/uploads\/2024\/03\/footer-4.png 1919w, https:\/\/cabarplast.com\/wp-content\/uploads\/2024\/03\/footer-4-300x8.png 300w, https:\/\/cabarplast.com\/wp-content\/uploads\/2024\/03\/footer-4-1024x27.png 1024w, https:\/\/cabarplast.com\/wp-content\/uploads\/2024\/03\/footer-4-768x20.png 768w, https:\/\/cabarplast.com\/wp-content\/uploads\/2024\/03\/footer-4-1536x40.png 1536w\" sizes=\"auto, (max-width: 1919px) 100vw, 1919px\" \/>[\/vc_column_text][\/vc_column][\/vc_row][vc_row full_width=&#8221;stretch_row&#8221; css=&#8221;.vc_custom_1709643894007{background-color: #0e415f !important;}&#8221;][vc_column][vc_column_text css=&#8221;.vc_custom_1726740027387{padding-right: 30px !important;padding-left: 30px !important;}&#8221;]<\/p>\n<h2><span style=\"color: #fcb426;\"><strong>Avantajele<\/strong> silozurilor de depozitare din plastic<\/span><\/h2>\n<ul>\n<li><span style=\"color: #fcb426;\">Rezisten\u021b\u0103 la condi\u021bii extreme:<\/span> <span style=\"color: #ffffff;\">Rezistente la temperaturi de la -30\u00b0C p\u00e2n\u0103 la +60\u00b0C, silozurile din plastic sunt rezistente la o gam\u0103 larg\u0103 de lichide \u0219i gaze, precum \u0219i la radia\u021bii UV, garant\u00e2nd longevitatea \u0219i impermeabilitatea lor.<\/span><\/li>\n<li><span style=\"color: #fcb426;\">Prietenie cu mediul:<\/span> <span style=\"color: #ffffff;\">Materialele utilizate \u00een produc\u021bia silozurilor din plastic sunt ecologice, asigur\u00e2nd c\u0103 materialul pierde doar 5% din propriet\u0103\u021bi dup\u0103 50 de ani de utilizare.<\/span><\/li>\n<li><span style=\"color: #fcb426;\">Adaptabilitate:<\/span> <span style=\"color: #ffffff;\">Silozurile sunt disponibile \u00een diverse forme \u0219i capacit\u0103\u021bi, cu posibilitatea de a ad\u0103uga fitinguri suplimentare precum sc\u0103ri, vane, indicatoare de nivel, permi\u021b\u00e2nd clien\u021bilor s\u0103 personalizeze silozurile \u00een func\u021bie de nevoile specifice.<\/span><\/li>\n<\/ul>\n<p>[\/vc_column_text][vc_empty_space height=&#8221;50&#8243;][\/vc_column][\/vc_row][vc_row full_width=&#8221;stretch_row&#8221; css=&#8221;.vc_custom_1709644275584{background-color: #efefef !important;}&#8221;][vc_column][vc_column_text css=&#8221;.vc_custom_1726740168533{padding-right: 30px !important;padding-left: 30px !important;}&#8221;]<\/p>\n<h2>Aplica\u021bii ale silozurilor din plastic<\/h2>\n<p>Silozurile din plastic \u010cabar Plast sunt solu\u021bii multifunc\u021bionale care, prin adaptabilitate \u0219i rezisten\u021b\u0103, \u00ee\u0219i g\u0103sesc aplica\u021bii \u00eentr-un spectru larg de industrii. Capacitatea lor de a rezista la temperaturi extreme, influen\u021be chimice \u0219i radia\u021bii UV le face alegerea ideal\u0103 pentru diverse sectoare, de la agricultur\u0103 p\u00e2n\u0103 la depozitarea alimentelor \u0219i b\u0103uturilor. \u00cen continuare, explor\u0103m \u00een detaliu modul \u00een care silozurile din plastic \u010cabar Plast deservesc nevoile specifice ale acestor industrii.<\/p>\n<h2>Agricultur\u0103<\/h2>\n<p>\u00cen agricultur\u0103, depozitarea eficient\u0103 a cerealelor, a amestecurilor furajere \u0219i a altor produse agroalimentare este esen\u021bial\u0103 pentru p\u0103strarea calit\u0103\u021bii \u0219i prevenirea pierderilor. Silozurile din plastic \u010cabar Plast ofer\u0103 o solu\u021bie perfect\u0103 datorit\u0103 impermeabilit\u0103\u021bii \u0219i rezisten\u021bei lor la d\u0103un\u0103tori. \u00cen plus, aceste silozuri previn condensul vaporilor de ap\u0103, elimin\u00e2nd riscul de dezvoltare a mucegaiului \u0219i a bacteriilor care pot compromite calitatea produselor depozitate. U\u0219urin\u021ba \u00een instalare \u0219i posibilitatea de a adapta la diferite dimensiuni \u0219i forme permit fermierilor s\u0103 optimizeze spa\u021biul de depozitare \u0219i s\u0103 \u00eembun\u0103t\u0103\u021beasc\u0103 eficien\u021ba muncii.<\/p>\n<h2>Industria chimic\u0103<\/h2>\n<p>Pentru industria chimic\u0103, depozitarea \u00een siguran\u021b\u0103 a granulelor, a materialelor pulverulente precum cimentul \u0219i varul, a lichidelor \u0219i gazelor este esen\u021bial\u0103. Silozurile din plastic \u010cabar Plast sunt proiectate s\u0103 reziste la reac\u021bii chimice, \u00eempiedic\u00e2nd interac\u021biunea materialelor depozitate cu factorii externi.<\/p>\n<p>Rezisten\u021ba la coroziune \u0219i iner\u021bia chimic\u0103 a materialelor din care sunt fabricate silozurile le fac ideale pentru depozitarea unei game largi de substan\u021be chimice, asigur\u00e2ndu-le stabilitatea \u0219i prevenind contaminarea. Adaptabilitatea \u00een ceea ce prive\u0219te instalarea de fitinguri suplimentare, cum ar fi valvele \u0219i sc\u0103rile, cre\u0219te \u0219i mai mult func\u021bionalitatea \u0219i siguran\u021ba \u00een instala\u021biile chimice.<\/p>\n<h2>Depozitarea alimentelor \u0219i a b\u0103uturilor<\/h2>\n<p>\u00cen industria alimentar\u0103 \u0219i a b\u0103uturilor, p\u0103strarea calit\u0103\u021bii ingredientelor \u0219i a produselor finite este de o importan\u021b\u0103 capital\u0103. Silozurile din plastic \u010cabar Plast permit o etan\u0219are ermetic\u0103 \u0219i o protec\u021bie \u00eempotriva influen\u021belor externe, cum ar fi umiditatea, insectele \u0219i murd\u0103ria, asigur\u00e2nd o durat\u0103 de via\u021b\u0103 mai lung\u0103 a produselor. Aceast\u0103 caracteristic\u0103 este deosebit de important\u0103 pentru ingredientele sensibile la schimb\u0103rile de mediu, cum ar fi f\u0103ina, zah\u0103rul \u0219i diverse cereale.<\/p>\n<p>\u00cen plus, u\u0219urin\u021ba de cur\u0103\u021bare \u0219i \u00eentre\u021binere a silozurilor din plastic contribuie la standardele \u00eenalte de igien\u0103 necesare \u00een industria alimentar\u0103 \u0219i a b\u0103uturilor. Posibilitatea de a personaliza dimensiunea \u0219i forma silozurilor, precum \u0219i instalarea de fitinguri specifice, permite produc\u0103torilor de alimente \u0219i b\u0103uturi s\u0103 optimizeze spa\u021biul de depozitare \u0219i s\u0103 \u00eembun\u0103t\u0103\u021beasc\u0103 procesele logistice.[\/vc_column_text][vc_column_text][\/vc_column_text][vc_empty_space][\/vc_column][\/vc_row][vc_row][vc_column][vc_column_text css=&#8221;.vc_custom_1726740192886{padding-top: 30px !important;padding-right: 30px !important;padding-bottom: 30px !important;padding-left: 30px !important;background-color: #0e415f !important;border-radius: 15px !important;}&#8221;]<\/p>\n<h2><span style=\"color: #fcb426;\">Personalizare pentru nevoi specifice<\/span><\/h2>\n<p><span style=\"color: #ffffff;\">Silozurile din plastic \u010cabar Plast pot fi personalizate prin ad\u0103ugarea de diverse fitinguri \u0219i echipamente, inclusiv sc\u0103ri de acces, diverse valve \u0219i robinete, indicatoare de nivel, precum \u0219i deschideri speciale pentru inspec\u021bie \u0219i \u00eentre\u021binere. Aceast\u0103 flexibilitate permite utilizatorilor s\u0103 optimizeze spa\u021biul de depozitare \u0219i procesele, \u00eembun\u0103t\u0103\u021bind eficien\u021ba \u0219i reduc\u00e2nd costurile.<\/span>[\/vc_column_text][vc_column_text][\/vc_column_text][vc_empty_space][\/vc_column][\/vc_row][vc_row][vc_column][vc_column_text css=&#8221;.vc_custom_1726740204152{padding-right: 30px !important;padding-left: 30px !important;}&#8221;]Silozurile din plastic de la \u010cabar Plast reprezint\u0103 o solu\u021bie universal\u0103 de depozitare care, prin rezisten\u021ba, adaptabilitatea \u0219i siguran\u021ba lor, r\u0103spunde provoc\u0103rilor depozit\u0103rii \u00een diferite industrii. Fie c\u0103 este vorba de depozitarea cerealelor \u00een agricultur\u0103, a materialelor chimice \u00een industrie sau a ingredientelor pentru produc\u021bia de alimente \u0219i b\u0103uturi, aceste silozuri ofer\u0103 eficien\u021b\u0103, longevitate \u0219i sustenabilitate, f\u0103c\u00e2ndu-le o parte de ne\u00eenlocuit a infrastructurii de depozitare.[\/vc_column_text][vc_column_text][\/vc_column_text][vc_empty_space][\/vc_column][\/vc_row][vc_row full_width=&#8221;stretch_row_content_no_spaces&#8221;][vc_column][vc_column_text]<img loading=\"lazy\" decoding=\"async\" class=\"aligncenter wp-image-232 size-full\" src=\"https:\/\/cabarplast.com\/wp-content\/uploads\/2024\/03\/footer-4.png\" alt=\"\" width=\"1919\" height=\"50\" srcset=\"https:\/\/cabarplast.com\/wp-content\/uploads\/2024\/03\/footer-4.png 1919w, https:\/\/cabarplast.com\/wp-content\/uploads\/2024\/03\/footer-4-300x8.png 300w, https:\/\/cabarplast.com\/wp-content\/uploads\/2024\/03\/footer-4-1024x27.png 1024w, https:\/\/cabarplast.com\/wp-content\/uploads\/2024\/03\/footer-4-768x20.png 768w, https:\/\/cabarplast.com\/wp-content\/uploads\/2024\/03\/footer-4-1536x40.png 1536w\" sizes=\"auto, (max-width: 1919px) 100vw, 1919px\" \/>[\/vc_column_text][\/vc_column][\/vc_row]<\/p>\n<\/div>","protected":false},"excerpt":{"rendered":"<p>[vc_row][vc_column width=&#8221;1\/2&#8243;][\/vc_column][vc_column width=&#8221;1\/2&#8243; css=&#8221;.vc_custom_1709647368309{border-left-width: 1px !important;padding-right: 30px !important;padding-left: 30px !important;border-left-color: #0e415f !important;border-left-style: solid !important;}&#8221;][vc_column_text css=&#8221;&#8221;] Silozuri din Plastic &nbsp; \u010cabar Plast Silozurile din plastic produse de \u010cabar Plast reprezint\u0103 o solu\u021bie revolu\u021bionar\u0103 care se remarc\u0103 prin calitate, rezisten\u021b\u0103 \u0219i adaptabilitate. Dezvoltate \u00een conformitate cu cele mai noi tendin\u021be globale, aceste silozuri \u00ee\u0219i g\u0103sesc o gam\u0103&hellip;<\/p>\n","protected":false},"author":1,"featured_media":0,"parent":0,"menu_order":0,"comment_status":"closed","ping_status":"closed","template":"","meta":{"footnotes":""},"class_list":["post-2814","page","type-page","status-publish","hentry","description-off"],"_links":{"self":[{"href":"https:\/\/cabarplast.com\/ro\/wp-json\/wp\/v2\/pages\/2814","targetHints":{"allow":["GET"]}}],"collection":[{"href":"https:\/\/cabarplast.com\/ro\/wp-json\/wp\/v2\/pages"}],"about":[{"href":"https:\/\/cabarplast.com\/ro\/wp-json\/wp\/v2\/types\/page"}],"author":[{"embeddable":true,"href":"https:\/\/cabarplast.com\/ro\/wp-json\/wp\/v2\/users\/1"}],"replies":[{"embeddable":true,"href":"https:\/\/cabarplast.com\/ro\/wp-json\/wp\/v2\/comments?post=2814"}],"version-history":[{"count":3,"href":"https:\/\/cabarplast.com\/ro\/wp-json\/wp\/v2\/pages\/2814\/revisions"}],"predecessor-version":[{"id":3018,"href":"https:\/\/cabarplast.com\/ro\/wp-json\/wp\/v2\/pages\/2814\/revisions\/3018"}],"wp:attachment":[{"href":"https:\/\/cabarplast.com\/ro\/wp-json\/wp\/v2\/media?parent=2814"}],"curies":[{"name":"wp","href":"https:\/\/api.w.org\/{rel}","templated":true}]}}