{"id":2791,"date":"2024-03-04T21:01:07","date_gmt":"2024-03-04T21:01:07","guid":{"rendered":"https:\/\/cabarplast.com\/?page_id=2791"},"modified":"2024-09-20T12:34:34","modified_gmt":"2024-09-20T12:34:34","slug":"rezervoare-pentru-depozitarea-acidului-sulfuric","status":"publish","type":"page","link":"https:\/\/cabarplast.com\/ro\/rezervoare-pentru-depozitarea-acidului-sulfuric\/","title":{"rendered":"Rezervoare pentru stocarea acidului sulfuric"},"content":{"rendered":"<div class=\"wpb-content-wrapper\"><p>[vc_row][vc_column width=&#8221;1\/2&#8243;]<style type=\"text\/css\" data-type=\"the7_shortcodes-inline-css\">.gallery-carousel-shortcode.gallery-carousel-shortcode-id-7eb1da0c6235fe36c5237c4dd76065e0 .owl-nav a {\n  width: 30px;\n  height: 30px;\n  border-radius: 500px;\n}\n.dt-arrow-border-on.gallery-carousel-shortcode.gallery-carousel-shortcode-id-7eb1da0c6235fe36c5237c4dd76065e0 .owl-nav a:not(:hover):before {\n  border-width: 0px;\n}\n.dt-arrow-hover-border-on.gallery-carousel-shortcode.gallery-carousel-shortcode-id-7eb1da0c6235fe36c5237c4dd76065e0 .owl-nav a:hover:after {\n  border-width: 0px;\n}\n.gallery-carousel-shortcode.gallery-carousel-shortcode-id-7eb1da0c6235fe36c5237c4dd76065e0 .owl-nav a.owl-prev {\n  top: calc(100% + 0px);\n  left: -43px;\n}\n.gallery-carousel-shortcode.gallery-carousel-shortcode-id-7eb1da0c6235fe36c5237c4dd76065e0 .owl-nav a.owl-prev i {\n  padding: 0px 5px 0px 5px;\n}\n.gallery-carousel-shortcode.gallery-carousel-shortcode-id-7eb1da0c6235fe36c5237c4dd76065e0 .owl-nav a.owl-next {\n  top: calc(100% + 0px);\n  right: -43px;\n}\n.gallery-carousel-shortcode.gallery-carousel-shortcode-id-7eb1da0c6235fe36c5237c4dd76065e0 .owl-nav a.owl-next i {\n  padding: 0px 5px 0px 5px;\n}\n.gallery-carousel-shortcode.gallery-carousel-shortcode-id-7eb1da0c6235fe36c5237c4dd76065e0 .owl-nav i {\n  font-size: 15px;\n}\n.gallery-carousel-shortcode.gallery-carousel-shortcode-id-7eb1da0c6235fe36c5237c4dd76065e0 .owl-nav a:not(:hover) i,\n.gallery-carousel-shortcode.gallery-carousel-shortcode-id-7eb1da0c6235fe36c5237c4dd76065e0 .owl-nav a:not(:hover) i:before {\n  color: #ffffff;\n  background: none;\n}\n.gallery-carousel-shortcode.gallery-carousel-shortcode-id-7eb1da0c6235fe36c5237c4dd76065e0 .owl-nav a:hover i,\n.gallery-carousel-shortcode.gallery-carousel-shortcode-id-7eb1da0c6235fe36c5237c4dd76065e0 .owl-nav a:hover i:before {\n  color: rgba(255,255,255,0.75);\n  background: none;\n}\n.gallery-carousel-shortcode.gallery-carousel-shortcode-id-7eb1da0c6235fe36c5237c4dd76065e0 .owl-dots {\n  top: calc(100% + 20px);\n  left: 50%;\n  transform: translateX(calc(-50% + 0px));\n}\n@media all and (-ms-high-contrast: none) {\n  .gallery-carousel-shortcode.gallery-carousel-shortcode-id-7eb1da0c6235fe36c5237c4dd76065e0 .owl-dots {\n    transform: translateX(-50%);\n    margin-left: 0px;\n  }\n}\n.gallery-carousel-shortcode.gallery-carousel-shortcode-id-7eb1da0c6235fe36c5237c4dd76065e0 .owl-dot {\n  width: 10px;\n  height: 10px;\n  margin: 0 8px;\n}\n@media screen and (max-width: 778px) {\n  .gallery-carousel-shortcode.gallery-carousel-shortcode-id-7eb1da0c6235fe36c5237c4dd76065e0.hide-arrows .owl-nav a {\n    display: none;\n  }\n}\n@media screen and (max-width: 778px) {\n  .gallery-carousel-shortcode.gallery-carousel-shortcode-id-7eb1da0c6235fe36c5237c4dd76065e0.reposition-arrows .owl-nav .owl-prev {\n    top: calc(100% + 0px);\n    left: 10px;\n  }\n  .gallery-carousel-shortcode.gallery-carousel-shortcode-id-7eb1da0c6235fe36c5237c4dd76065e0.reposition-arrows .owl-nav .owl-next {\n    top: calc(100% + 0px);\n    right: 10px;\n  }\n}\n.gallery-carousel-shortcode.gallery-carousel-shortcode-id-7eb1da0c6235fe36c5237c4dd76065e0 figure,\n.gallery-carousel-shortcode.gallery-carousel-shortcode-id-7eb1da0c6235fe36c5237c4dd76065e0 .rollover,\n.gallery-carousel-shortcode.gallery-carousel-shortcode-id-7eb1da0c6235fe36c5237c4dd76065e0 img,\n.gallery-carousel-shortcode.gallery-carousel-shortcode-id-7eb1da0c6235fe36c5237c4dd76065e0 .gallery-rollover {\n  border-radius: 0px;\n}\n.gallery-carousel-shortcode.gallery-carousel-shortcode-id-7eb1da0c6235fe36c5237c4dd76065e0.enable-bg-rollover .gallery-rollover {\n  background: -webkit-linear-gradient();\n  background: linear-gradient();\n}\n.gallery-carousel-shortcode.gallery-carousel-shortcode-id-7eb1da0c6235fe36c5237c4dd76065e0.enable-img-shadow .owl-stage-outer {\n  padding: 14px 0;\n}\n.gallery-carousel-shortcode.gallery-carousel-shortcode-id-7eb1da0c6235fe36c5237c4dd76065e0.enable-bg-rollover.hover-scale figure .rollover:after {\n  background: -webkit-linear-gradient();\n  background: linear-gradient();\n}\n.gallery-carousel-shortcode.gallery-carousel-shortcode-id-7eb1da0c6235fe36c5237c4dd76065e0.gallery-shortcode .gallery-zoom-ico {\n  width: 44px;\n  height: 44px;\n  line-height: 44px;\n  border-radius: 100px;\n  margin: -22px 0 0 -22px;\n  border-width: 0px;\n}\n.dt-icon-bg-on.gallery-carousel-shortcode.gallery-carousel-shortcode-id-7eb1da0c6235fe36c5237c4dd76065e0.gallery-shortcode .gallery-zoom-ico {\n  background: rgba(255,255,255,0.3);\n  box-shadow: none;\n}\n.gallery-carousel-shortcode.gallery-carousel-shortcode-id-7eb1da0c6235fe36c5237c4dd76065e0.gallery-shortcode .gallery-zoom-ico:before,\n.gallery-carousel-shortcode.gallery-carousel-shortcode-id-7eb1da0c6235fe36c5237c4dd76065e0.gallery-shortcode .gallery-zoom-ico span {\n  font-size: 32px;\n  line-height: 44px;\n  color: #ffffff;\n  background: none;\n}\n<\/style><div class=\"owl-carousel gallery-carousel-shortcode gallery-shortcode  dt-gallery-container dt-owl-carousel-call gallery-carousel-shortcode-id-7eb1da0c6235fe36c5237c4dd76065e0 quick-scale-img enable-bg-rollover meta-info-off dt-arrow-border-on dt-arrow-hover-border-on bullets-small-dot-stroke reposition-arrows dt-icon-bg-off arrows-bg-on disable-arrows-hover-bg arrows-hover-bg-on  vc_custom_1713175326780 hover-fade \" data-scroll-mode=\"1\" data-col-num=\"1\" data-wide-col-num=\"1\" data-laptop-col=\"1\" data-h-tablet-columns-num=\"1\" data-v-tablet-columns-num=\"1\" data-phone-columns-num=\"1\" data-col-gap=\"10\" data-stage-padding=\"0\" data-speed=\"600\" data-autoplay=\"false\" data-autoplay_speed=\"6000\" data-arrows=\"true\" data-bullet=\"false\" data-next-icon=\"icon-ar-017-r\" data-prev-icon=\"icon-ar-017-l\" data-img-shadow-size=\"12px\" data-img-shadow-spread=\"3px\"><div data-post-id=\"2795\" data-date=\"2024-03-10T22:01:10+00:00\" data-name=\"Cisterne za sumpornu kiselinu (2)\"><figure class=\"post\"><a href=\"https:\/\/cabarplast.com\/wp-content\/uploads\/2024\/03\/Cisterne-za-sumpornu-kiselinu-2.jpg\" class=\"rollover dt-pswp-item layzr-bg\" data-large_image_width=\"1080\" data-large_image_height=\"1080\" data-dt-img-description=\"\" title=\"Cisterne za sumpornu kiselinu (2)\"><img fetchpriority=\"high\" decoding=\"async\" class=\"preload-me owl-lazy-load aspect\" src=\"data:image\/svg+xml,%3Csvg%20xmlns%3D&#39;http%3A%2F%2Fwww.w3.org%2F2000%2Fsvg&#39;%20viewBox%3D&#39;0%200%201080%201080&#39;%2F%3E\" data-src=\"https:\/\/cabarplast.com\/wp-content\/uploads\/2024\/03\/Cisterne-za-sumpornu-kiselinu-2.jpg\" data-srcset=\"https:\/\/cabarplast.com\/wp-content\/uploads\/2024\/03\/Cisterne-za-sumpornu-kiselinu-2.jpg 1080w\" loading=\"eager\" style=\"--ratio: 1080 \/ 1080\" sizes=\"(max-width: 1080px) 100vw, 1080px\" alt=\"\" width=\"1080\" height=\"1080\"  \/><span class=\"gallery-rollover\"><span class=\"gallery-zoom-ico icomoon-the7-font-the7-zoom-06\"><span><\/span><\/span><\/span><\/a><\/figure><\/div><div data-post-id=\"2794\" data-date=\"2024-03-10T22:01:08+00:00\" data-name=\"Cisterne za sumpornu kiselinu (1)\"><figure class=\"post\"><a href=\"https:\/\/cabarplast.com\/wp-content\/uploads\/2024\/03\/Cisterne-za-sumpornu-kiselinu-1.jpg\" class=\"rollover dt-pswp-item layzr-bg\" data-large_image_width=\"1080\" data-large_image_height=\"1080\" data-dt-img-description=\"\" title=\"Cisterne za sumpornu kiselinu (1)\"><img decoding=\"async\" class=\"preload-me owl-lazy-load aspect\" src=\"data:image\/svg+xml,%3Csvg%20xmlns%3D&#39;http%3A%2F%2Fwww.w3.org%2F2000%2Fsvg&#39;%20viewBox%3D&#39;0%200%201080%201080&#39;%2F%3E\" data-src=\"https:\/\/cabarplast.com\/wp-content\/uploads\/2024\/03\/Cisterne-za-sumpornu-kiselinu-1.jpg\" data-srcset=\"https:\/\/cabarplast.com\/wp-content\/uploads\/2024\/03\/Cisterne-za-sumpornu-kiselinu-1.jpg 1080w\" loading=\"eager\" style=\"--ratio: 1080 \/ 1080\" sizes=\"(max-width: 1080px) 100vw, 1080px\" alt=\"\" width=\"1080\" height=\"1080\"  \/><span class=\"gallery-rollover\"><span class=\"gallery-zoom-ico icomoon-the7-font-the7-zoom-06\"><span><\/span><\/span><\/span><\/a><\/figure><\/div><div data-post-id=\"2796\" data-date=\"2024-03-10T22:01:11+00:00\" data-name=\"Cisterne za sumpornu kiselinu (3)\"><figure class=\"post\"><a href=\"https:\/\/cabarplast.com\/wp-content\/uploads\/2024\/03\/Cisterne-za-sumpornu-kiselinu-3.jpg\" class=\"rollover dt-pswp-item layzr-bg\" data-large_image_width=\"1080\" data-large_image_height=\"1080\" data-dt-img-description=\"\" title=\"Cisterne za sumpornu kiselinu (3)\"><img decoding=\"async\" class=\"preload-me owl-lazy-load aspect\" src=\"data:image\/svg+xml,%3Csvg%20xmlns%3D&#39;http%3A%2F%2Fwww.w3.org%2F2000%2Fsvg&#39;%20viewBox%3D&#39;0%200%201080%201080&#39;%2F%3E\" data-src=\"https:\/\/cabarplast.com\/wp-content\/uploads\/2024\/03\/Cisterne-za-sumpornu-kiselinu-3.jpg\" data-srcset=\"https:\/\/cabarplast.com\/wp-content\/uploads\/2024\/03\/Cisterne-za-sumpornu-kiselinu-3.jpg 1080w\" loading=\"eager\" style=\"--ratio: 1080 \/ 1080\" sizes=\"(max-width: 1080px) 100vw, 1080px\" alt=\"\" width=\"1080\" height=\"1080\"  \/><span class=\"gallery-rollover\"><span class=\"gallery-zoom-ico icomoon-the7-font-the7-zoom-06\"><span><\/span><\/span><\/span><\/a><\/figure><\/div><div data-post-id=\"2797\" data-date=\"2024-03-10T22:01:12+00:00\" data-name=\"Cisterne za sumpornu kiselinu (4)\"><figure class=\"post\"><a href=\"https:\/\/cabarplast.com\/wp-content\/uploads\/2024\/03\/Cisterne-za-sumpornu-kiselinu-4.jpg\" class=\"rollover dt-pswp-item layzr-bg\" data-large_image_width=\"1080\" data-large_image_height=\"1080\" data-dt-img-description=\"\" title=\"Cisterne za sumpornu kiselinu (4)\"><img decoding=\"async\" class=\"preload-me owl-lazy-load aspect\" src=\"data:image\/svg+xml,%3Csvg%20xmlns%3D&#39;http%3A%2F%2Fwww.w3.org%2F2000%2Fsvg&#39;%20viewBox%3D&#39;0%200%201080%201080&#39;%2F%3E\" data-src=\"https:\/\/cabarplast.com\/wp-content\/uploads\/2024\/03\/Cisterne-za-sumpornu-kiselinu-4.jpg\" data-srcset=\"https:\/\/cabarplast.com\/wp-content\/uploads\/2024\/03\/Cisterne-za-sumpornu-kiselinu-4.jpg 1080w\" loading=\"eager\" style=\"--ratio: 1080 \/ 1080\" sizes=\"(max-width: 1080px) 100vw, 1080px\" alt=\"\" width=\"1080\" height=\"1080\"  \/><span class=\"gallery-rollover\"><span class=\"gallery-zoom-ico icomoon-the7-font-the7-zoom-06\"><span><\/span><\/span><\/span><\/a><\/figure><\/div><\/div>[vc_empty_space height=&#8221;20&#8243;][\/vc_column][vc_column width=&#8221;1\/2&#8243; css=&#8221;.vc_custom_1709647368309{border-left-width: 1px !important;padding-right: 30px !important;padding-left: 30px !important;border-left-color: #0e415f !important;border-left-style: solid !important;}&#8221;][vc_column_text css=&#8221;&#8221;]<\/p>\n<h1>Rezervoare pentru <strong>stocarea acidului sulfuric<\/strong><\/h1>\n<p>&nbsp;<\/p>\n<p>Acidul sulfuric (H2SO4) este o component\u0103 indispensabil\u0103 \u00een multe industrii, de la producerea de \u00eengr\u0103\u0219\u0103minte sintetice p\u00e2n\u0103 la industria farmaceutic\u0103, metalurgie \u0219i multe altele. Datorit\u0103 versatilit\u0103\u021bii \u0219i agresivit\u0103\u021bii sale, stocarea H2SO4 impune cerin\u021be speciale privind materialele \u0219i construc\u021bia rezervoarelor utilizate.<\/p>\n<p>Din acest motiv, rezervoarele din plastic fabricate din polietilen\u0103 de \u00eenalt\u0103 densitate (HDPE) reprezint\u0103 o solu\u021bie ideal\u0103 datorit\u0103 propriet\u0103\u021bilor lor excep\u021bionale.[\/vc_column_text][vc_empty_space height=&#8221;20&#8243;]<a href=\"https:\/\/cabarplast.com\/ro\/contactati-ne\/\" class=\"btn-shortcode dt-btn-m dt-btn default-btn-color default-btn-hover-color default-btn-bg-color default-btn-bg-hover-color\" id=\"dt-btn-1\"><span>Contacta\u0163i-ne<\/span><\/a>[\/vc_column][\/vc_row][vc_row][vc_column][vc_empty_space][vc_column_text css=&#8221;.vc_custom_1726738759771{padding-right: 30px !important;padding-left: 30px !important;}&#8221;]<\/p>\n<h2>Specifica\u021bii tehnice \u0219i designul rezervoarelor H2SO4<\/h2>\n<p>Rezervoarele pentru stocarea acidului sulfuric sunt fabricate din material HDPE, care se caracterizeaz\u0103 printr-o rezisten\u021b\u0103 chimic\u0103 \u0219i mecanic\u0103 ridicat\u0103. Aceast\u0103 caracteristic\u0103 este crucial\u0103 av\u00e2nd \u00een vedere corozivitatea acidului sulfuric. Un avantaj suplimentar al HDPE este flexibilitatea \u0219i rezisten\u021ba la impact, minimiz\u00e2nd riscul de deteriorare \u00een timpul utiliz\u0103rii \u0219i manipul\u0103rii.<\/p>\n<p>Designul rezervoarelor include adesea un perete dublu care serve\u0219te ca protec\u021bie suplimentar\u0103. \u00cen caz de deteriorare a peretelui interior, peretele exterior \u00eempiedic\u0103 scurgerea acidului, reduc\u00e2nd semnificativ riscul de incidente de mediu \u0219i daune asupra propriet\u0103\u021bii \u0219i s\u0103n\u0103t\u0103\u021bii umane. Pentru volume mai mari, rezervoarele pot fi echipate \u0219i cu bazine de reten\u021bie care ofer\u0103 un nivel suplimentar de siguran\u021b\u0103.[\/vc_column_text][vc_empty_space height=&#8221;50&#8243;][\/vc_column][\/vc_row][vc_row full_width=&#8221;stretch_row_content_no_spaces&#8221;][vc_column][vc_column_text]<img loading=\"lazy\" decoding=\"async\" class=\"aligncenter wp-image-232 size-full\" src=\"https:\/\/cabarplast.com\/wp-content\/uploads\/2024\/03\/footer-4.png\" alt=\"\" width=\"1919\" height=\"50\" srcset=\"https:\/\/cabarplast.com\/wp-content\/uploads\/2024\/03\/footer-4.png 1919w, https:\/\/cabarplast.com\/wp-content\/uploads\/2024\/03\/footer-4-300x8.png 300w, https:\/\/cabarplast.com\/wp-content\/uploads\/2024\/03\/footer-4-1024x27.png 1024w, https:\/\/cabarplast.com\/wp-content\/uploads\/2024\/03\/footer-4-768x20.png 768w, https:\/\/cabarplast.com\/wp-content\/uploads\/2024\/03\/footer-4-1536x40.png 1536w\" sizes=\"auto, (max-width: 1919px) 100vw, 1919px\" \/>[\/vc_column_text][\/vc_column][\/vc_row][vc_row full_width=&#8221;stretch_row&#8221; css=&#8221;.vc_custom_1709643894007{background-color: #0e415f !important;}&#8221;][vc_column][vc_column_text css=&#8221;.vc_custom_1726738917519{padding-right: 30px !important;padding-left: 30px !important;}&#8221;]<\/p>\n<h2><span style=\"color: #fcb426;\"><strong>Avantajele<\/strong> rezervoarelor HDPE pentru depozitarea H2SO4<\/span><\/h2>\n<ul>\n<li><span style=\"color: #fcb426;\">Rezisten\u021ba la coroziune: <\/span><span style=\"color: #ffffff;\">Spre deosebire de rezervoarele metalice, materialul HDPE este complet rezistent la coroziune, asigur\u00e2nd o durat\u0103 lung\u0103 de via\u021b\u0103 f\u0103r\u0103 a fi nevoie de \u00eentre\u021binere sau \u00eenlocuire frecvent\u0103.<\/span><\/li>\n<li><span style=\"color: #fcb426;\">Durat\u0103 de via\u021b\u0103 mai lung\u0103: <\/span><span style=\"color: #ffffff;\">Materialul HDPE asigur\u0103 faptul c\u0103 rezervoarele pot fi utilizate timp de decenii, cu o \u00eentre\u021binere minim\u0103.<\/span><\/li>\n<li><span style=\"color: #fcb426;\">Costuri mai mici de instalare \u0219i \u00eentre\u021binere: <\/span><span style=\"color: #ffffff;\">Greutatea redus\u0103 a materialului reduce costurile de transport \u0219i instalare, iar rezisten\u021ba sa la substan\u021be chimice \u0219i coroziune este motivul pentru reducerea costurilor de \u00eentre\u021binere.<\/span><\/li>\n<li><span style=\"color: #fcb426;\">Flexibilitate \u00een design: <\/span><span style=\"color: #ffffff;\">Rezervoarele HDPE pot fi fabricate \u00een diverse forme \u0219i dimensiuni, adapt\u00e2ndu-se la nevoile specifice ale proiectului.<\/span><\/li>\n<li><span style=\"color: #fcb426;\">Izola\u021bie termic\u0103:<\/span> <span style=\"color: #ffffff;\">Materialul ofer\u0103 o bun\u0103 izola\u021bie termic\u0103, ceea ce este deosebit de important atunci c\u00e2nd se depoziteaz\u0103 substan\u021be chimice care pot fi sensibile la schimb\u0103rile de temperatur\u0103.<\/span><\/li>\n<li><span style=\"color: #fcb426;\">Non-conductivitate electric\u0103: <\/span><span style=\"color: #ffffff;\">HDPE este un izolator electric, ceea ce cre\u0219te \u0219i mai mult siguran\u021ba \u00een timpul depozit\u0103rii \u0219i manipul\u0103rii substan\u021belor chimice.<\/span><\/li>\n<\/ul>\n<p>[\/vc_column_text][vc_empty_space height=&#8221;50&#8243;][\/vc_column][\/vc_row][vc_row full_width=&#8221;stretch_row&#8221; css=&#8221;.vc_custom_1709644275584{background-color: #efefef !important;}&#8221;][vc_column][vc_column_text css=&#8221;.vc_custom_1726739166080{padding-right: 30px !important;padding-left: 30px !important;}&#8221;]<\/p>\n<h2>Dimensiuni standard \u0219i op\u021biuni de personalizare<\/h2>\n<p>Rezervoarele pentru H2SO4 sunt disponibile \u00een dimensiuni standard care satisfac majoritatea nevoilor, de la capacit\u0103\u021bi mici de 250 de litri la rezervoare industriale mari de 50.000 de litri \u0219i mai mult. Pentru proiecte specifice, este posibil\u0103 fabricarea de rezervoare la comand\u0103, \u00een func\u021bie de cerin\u021bele clientului \u0219i de specifica\u021biile proiectului.<\/p>\n<h2>Practici de depozitare \u00een siguran\u021b\u0103<\/h2>\n<p>Depozitarea corect\u0103 a acidului sulfuric este crucial\u0103 datorit\u0103 propriet\u0103\u021bilor sale corozive \u0219i poten\u021bialului de reac\u021bii periculoase. Rezervoarele trebuie pozi\u021bionate departe de lumina direct\u0103 a soarelui \u0219i de sursele de c\u0103ldur\u0103 pentru a minimiza riscul de reac\u021bii induse de temperatur\u0103. Ghidurile legale ofer\u0103 instruc\u021biuni complete pentru manipularea \u0219i depozitarea acidului sulfuric, subliniind importan\u021ba utiliz\u0103rii recipientelor aprobate \u0219i a respect\u0103rii cerin\u021belor specifice pentru fiecare concentra\u021bie.<\/p>\n<h2>Instruc\u021biuni de manipulare \u0219i siguran\u021b\u0103<\/h2>\n<p>Manipularea acidului sulfuric necesit\u0103 m\u0103suri stricte de siguran\u021b\u0103 datorit\u0103 naturii sale extrem de corozive. Echipamentul individual de protec\u021bie (EIP) este esen\u021bial pentru a preveni expunerea la acid, care poate provoca arsuri grave \u0219i probleme respiratorii. Instruirea pentru manipularea \u00een siguran\u021b\u0103 \u0219i r\u0103spunsul la urgen\u021be este vital\u0103 pentru toate persoanele implicate \u00een depozitarea \u0219i utilizarea acidului sulfuric.[\/vc_column_text][vc_column_text][\/vc_column_text][vc_empty_space][\/vc_column][\/vc_row][vc_row][vc_column][vc_column_text css=&#8221;.vc_custom_1726739005307{padding-top: 30px !important;padding-right: 30px !important;padding-bottom: 30px !important;padding-left: 30px !important;background-color: #0e415f !important;border-radius: 15px !important;}&#8221;]<\/p>\n<h2><span style=\"color: #fcb426;\">Aplica\u021bii ale acidului sulfuric<\/span><\/h2>\n<p><span style=\"color: #ffffff;\">Versatilitatea acidului sulfuric \u00eel face o component\u0103 cheie \u00een numeroase procese industriale. Este utilizat \u00een produc\u021bia de acid fosforic \u0219i \u00eengr\u0103\u0219\u0103minte fosfatice, \u00een rafinarea metalelor \u0219i ca electrolit \u00een bateriile cu plumb-acid. Rolul s\u0103u \u00een sinteza chimic\u0103 \u0219i tratarea apei subliniaz\u0103 \u0219i mai mult importan\u021ba sa \u00een industria modern\u0103.<\/span>[\/vc_column_text][vc_column_text][\/vc_column_text][vc_empty_space][\/vc_column][\/vc_row][vc_row][vc_column][vc_column_text css=&#8221;.vc_custom_1726739054294{padding-right: 30px !important;padding-left: 30px !important;}&#8221;]<\/p>\n<h2>Considera\u021bii privind mediul \u0219i s\u0103n\u0103tatea<\/h2>\n<p>Depozitarea \u0219i utilizarea acidului sulfuric prezint\u0103 riscuri semnificative pentru mediu \u0219i s\u0103n\u0103tate. Practicile adecvate de izolare \u0219i manipulare sunt esen\u021biale pentru a preveni scurgerile \u0219i scurgerile care pot d\u0103una mediului \u0219i s\u0103n\u0103t\u0103\u021bii umane. Conformitatea cu reglement\u0103rile \u0219i responsabilitatea fa\u021b\u0103 de mediu sunt primordiale \u00een gestionarea riscurilor asociate cu acidul sulfuric.<\/p>\n<h2>Personalizare \u0219i asisten\u021b\u0103 inginereasc\u0103<\/h2>\n<p>\u00cen\u021beleg\u00e2nd nevoile diverse ale industriilor care utilizeaz\u0103 acid sulfuric, solu\u021biile de stocare sunt extrem de personalizabile. De la dimensiunea \u0219i forma rezervorului p\u00e2n\u0103 la includerea sistemelor de monitorizare \u0219i control, rezervoarele pot fi adaptate pentru a satisface cerin\u021bele opera\u021bionale specifice. Asisten\u021ba inginereasc\u0103 asigur\u0103 faptul c\u0103 sistemele de stocare sunt proiectate \u0219i \u00eentre\u021binute la cele mai \u00eenalte standarde, oferind fiabilitate \u0219i siguran\u021b\u0103 \u00een depozitarea acidului sulfuric.<\/p>\n<p>Aleg\u00e2nd rezervoare HDPE pentru stocarea acidului sulfuric, companiile opteaz\u0103 pentru o solu\u021bie fiabil\u0103, sigur\u0103 \u0219i pe termen lung, care asigur\u0103 un nivel ridicat de protec\u021bie pentru mediu, proprietate \u0219i oameni. Rezisten\u021ba la coroziune, flexibilitatea designului, rentabilitatea \u0219i u\u0219urin\u021ba de \u00eentre\u021binere fac din rezervoarele HDPE alegerea optim\u0103 pentru stocarea H2SO4 \u0219i a altor substan\u021be chimice agresive.[\/vc_column_text][vc_column_text][\/vc_column_text][vc_empty_space][\/vc_column][\/vc_row][vc_row full_width=&#8221;stretch_row_content_no_spaces&#8221;][vc_column][vc_column_text]<img loading=\"lazy\" decoding=\"async\" class=\"aligncenter wp-image-232 size-full\" src=\"https:\/\/cabarplast.com\/wp-content\/uploads\/2024\/03\/footer-4.png\" alt=\"\" width=\"1919\" height=\"50\" srcset=\"https:\/\/cabarplast.com\/wp-content\/uploads\/2024\/03\/footer-4.png 1919w, https:\/\/cabarplast.com\/wp-content\/uploads\/2024\/03\/footer-4-300x8.png 300w, https:\/\/cabarplast.com\/wp-content\/uploads\/2024\/03\/footer-4-1024x27.png 1024w, https:\/\/cabarplast.com\/wp-content\/uploads\/2024\/03\/footer-4-768x20.png 768w, https:\/\/cabarplast.com\/wp-content\/uploads\/2024\/03\/footer-4-1536x40.png 1536w\" sizes=\"auto, (max-width: 1919px) 100vw, 1919px\" \/>[\/vc_column_text][\/vc_column][\/vc_row]<\/p>\n<\/div>","protected":false},"excerpt":{"rendered":"<p>[vc_row][vc_column width=&#8221;1\/2&#8243;][vc_empty_space height=&#8221;20&#8243;][\/vc_column][vc_column width=&#8221;1\/2&#8243; css=&#8221;.vc_custom_1709647368309{border-left-width: 1px !important;padding-right: 30px !important;padding-left: 30px !important;border-left-color: #0e415f !important;border-left-style: solid !important;}&#8221;][vc_column_text css=&#8221;&#8221;] Rezervoare pentru stocarea acidului sulfuric &nbsp; Acidul sulfuric (H2SO4) este o component\u0103 indispensabil\u0103 \u00een multe industrii, de la producerea de \u00eengr\u0103\u0219\u0103minte sintetice p\u00e2n\u0103 la industria farmaceutic\u0103, metalurgie \u0219i multe altele. Datorit\u0103 versatilit\u0103\u021bii \u0219i agresivit\u0103\u021bii sale, stocarea H2SO4 impune cerin\u021be&hellip;<\/p>\n","protected":false},"author":1,"featured_media":0,"parent":0,"menu_order":0,"comment_status":"closed","ping_status":"closed","template":"","meta":{"footnotes":""},"class_list":["post-2791","page","type-page","status-publish","hentry","description-off"],"_links":{"self":[{"href":"https:\/\/cabarplast.com\/ro\/wp-json\/wp\/v2\/pages\/2791","targetHints":{"allow":["GET"]}}],"collection":[{"href":"https:\/\/cabarplast.com\/ro\/wp-json\/wp\/v2\/pages"}],"about":[{"href":"https:\/\/cabarplast.com\/ro\/wp-json\/wp\/v2\/types\/page"}],"author":[{"embeddable":true,"href":"https:\/\/cabarplast.com\/ro\/wp-json\/wp\/v2\/users\/1"}],"replies":[{"embeddable":true,"href":"https:\/\/cabarplast.com\/ro\/wp-json\/wp\/v2\/comments?post=2791"}],"version-history":[{"count":4,"href":"https:\/\/cabarplast.com\/ro\/wp-json\/wp\/v2\/pages\/2791\/revisions"}],"predecessor-version":[{"id":3016,"href":"https:\/\/cabarplast.com\/ro\/wp-json\/wp\/v2\/pages\/2791\/revisions\/3016"}],"wp:attachment":[{"href":"https:\/\/cabarplast.com\/ro\/wp-json\/wp\/v2\/media?parent=2791"}],"curies":[{"name":"wp","href":"https:\/\/api.w.org\/{rel}","templated":true}]}}