{"id":2784,"date":"2024-03-04T21:01:31","date_gmt":"2024-03-04T21:01:31","guid":{"rendered":"https:\/\/cabarplast.com\/?page_id=2784"},"modified":"2024-09-20T12:34:13","modified_gmt":"2024-09-20T12:34:13","slug":"rezervoare-pentru-depozitarea-apei-deionizate","status":"publish","type":"page","link":"https:\/\/cabarplast.com\/ro\/rezervoare-pentru-depozitarea-apei-deionizate\/","title":{"rendered":"Rezervoare pentru Depozitarea Apei Deionizate"},"content":{"rendered":"<div class=\"wpb-content-wrapper\"><p>[vc_row][vc_column width=&#8221;1\/2&#8243;]<style type=\"text\/css\" data-type=\"the7_shortcodes-inline-css\">.gallery-carousel-shortcode.gallery-carousel-shortcode-id-ea86e9e47640bf927f3dd93e25f061b4 .owl-nav a {\n  width: 30px;\n  height: 30px;\n  border-radius: 500px;\n}\n.dt-arrow-border-on.gallery-carousel-shortcode.gallery-carousel-shortcode-id-ea86e9e47640bf927f3dd93e25f061b4 .owl-nav a:not(:hover):before {\n  border-width: 0px;\n}\n.dt-arrow-hover-border-on.gallery-carousel-shortcode.gallery-carousel-shortcode-id-ea86e9e47640bf927f3dd93e25f061b4 .owl-nav a:hover:after {\n  border-width: 0px;\n}\n.gallery-carousel-shortcode.gallery-carousel-shortcode-id-ea86e9e47640bf927f3dd93e25f061b4 .owl-nav a.owl-prev {\n  top: calc(100% + 0px);\n  left: -43px;\n}\n.gallery-carousel-shortcode.gallery-carousel-shortcode-id-ea86e9e47640bf927f3dd93e25f061b4 .owl-nav a.owl-prev i {\n  padding: 0px 5px 0px 5px;\n}\n.gallery-carousel-shortcode.gallery-carousel-shortcode-id-ea86e9e47640bf927f3dd93e25f061b4 .owl-nav a.owl-next {\n  top: calc(100% + 0px);\n  right: -43px;\n}\n.gallery-carousel-shortcode.gallery-carousel-shortcode-id-ea86e9e47640bf927f3dd93e25f061b4 .owl-nav a.owl-next i {\n  padding: 0px 5px 0px 5px;\n}\n.gallery-carousel-shortcode.gallery-carousel-shortcode-id-ea86e9e47640bf927f3dd93e25f061b4 .owl-nav i {\n  font-size: 15px;\n}\n.gallery-carousel-shortcode.gallery-carousel-shortcode-id-ea86e9e47640bf927f3dd93e25f061b4 .owl-nav a:not(:hover) i,\n.gallery-carousel-shortcode.gallery-carousel-shortcode-id-ea86e9e47640bf927f3dd93e25f061b4 .owl-nav a:not(:hover) i:before {\n  color: #ffffff;\n  background: none;\n}\n.gallery-carousel-shortcode.gallery-carousel-shortcode-id-ea86e9e47640bf927f3dd93e25f061b4 .owl-nav a:hover i,\n.gallery-carousel-shortcode.gallery-carousel-shortcode-id-ea86e9e47640bf927f3dd93e25f061b4 .owl-nav a:hover i:before {\n  color: rgba(255,255,255,0.75);\n  background: none;\n}\n.gallery-carousel-shortcode.gallery-carousel-shortcode-id-ea86e9e47640bf927f3dd93e25f061b4 .owl-dots {\n  top: calc(100% + 20px);\n  left: 50%;\n  transform: translateX(calc(-50% + 0px));\n}\n@media all and (-ms-high-contrast: none) {\n  .gallery-carousel-shortcode.gallery-carousel-shortcode-id-ea86e9e47640bf927f3dd93e25f061b4 .owl-dots {\n    transform: translateX(-50%);\n    margin-left: 0px;\n  }\n}\n.gallery-carousel-shortcode.gallery-carousel-shortcode-id-ea86e9e47640bf927f3dd93e25f061b4 .owl-dot {\n  width: 10px;\n  height: 10px;\n  margin: 0 8px;\n}\n@media screen and (max-width: 778px) {\n  .gallery-carousel-shortcode.gallery-carousel-shortcode-id-ea86e9e47640bf927f3dd93e25f061b4.hide-arrows .owl-nav a {\n    display: none;\n  }\n}\n@media screen and (max-width: 778px) {\n  .gallery-carousel-shortcode.gallery-carousel-shortcode-id-ea86e9e47640bf927f3dd93e25f061b4.reposition-arrows .owl-nav .owl-prev {\n    top: calc(100% + 0px);\n    left: 10px;\n  }\n  .gallery-carousel-shortcode.gallery-carousel-shortcode-id-ea86e9e47640bf927f3dd93e25f061b4.reposition-arrows .owl-nav .owl-next {\n    top: calc(100% + 0px);\n    right: 10px;\n  }\n}\n.gallery-carousel-shortcode.gallery-carousel-shortcode-id-ea86e9e47640bf927f3dd93e25f061b4 figure,\n.gallery-carousel-shortcode.gallery-carousel-shortcode-id-ea86e9e47640bf927f3dd93e25f061b4 .rollover,\n.gallery-carousel-shortcode.gallery-carousel-shortcode-id-ea86e9e47640bf927f3dd93e25f061b4 img,\n.gallery-carousel-shortcode.gallery-carousel-shortcode-id-ea86e9e47640bf927f3dd93e25f061b4 .gallery-rollover {\n  border-radius: 0px;\n}\n.gallery-carousel-shortcode.gallery-carousel-shortcode-id-ea86e9e47640bf927f3dd93e25f061b4.enable-bg-rollover .gallery-rollover {\n  background: -webkit-linear-gradient();\n  background: linear-gradient();\n}\n.gallery-carousel-shortcode.gallery-carousel-shortcode-id-ea86e9e47640bf927f3dd93e25f061b4.enable-img-shadow .owl-stage-outer {\n  padding: 14px 0;\n}\n.gallery-carousel-shortcode.gallery-carousel-shortcode-id-ea86e9e47640bf927f3dd93e25f061b4.enable-bg-rollover.hover-scale figure .rollover:after {\n  background: -webkit-linear-gradient();\n  background: linear-gradient();\n}\n.gallery-carousel-shortcode.gallery-carousel-shortcode-id-ea86e9e47640bf927f3dd93e25f061b4.gallery-shortcode .gallery-zoom-ico {\n  width: 44px;\n  height: 44px;\n  line-height: 44px;\n  border-radius: 100px;\n  margin: -22px 0 0 -22px;\n  border-width: 0px;\n}\n.dt-icon-bg-on.gallery-carousel-shortcode.gallery-carousel-shortcode-id-ea86e9e47640bf927f3dd93e25f061b4.gallery-shortcode .gallery-zoom-ico {\n  background: rgba(255,255,255,0.3);\n  box-shadow: none;\n}\n.gallery-carousel-shortcode.gallery-carousel-shortcode-id-ea86e9e47640bf927f3dd93e25f061b4.gallery-shortcode .gallery-zoom-ico:before,\n.gallery-carousel-shortcode.gallery-carousel-shortcode-id-ea86e9e47640bf927f3dd93e25f061b4.gallery-shortcode .gallery-zoom-ico span {\n  font-size: 32px;\n  line-height: 44px;\n  color: #ffffff;\n  background: none;\n}\n<\/style><div class=\"owl-carousel gallery-carousel-shortcode gallery-shortcode  dt-gallery-container dt-owl-carousel-call gallery-carousel-shortcode-id-ea86e9e47640bf927f3dd93e25f061b4 quick-scale-img enable-bg-rollover meta-info-off dt-arrow-border-on dt-arrow-hover-border-on bullets-small-dot-stroke reposition-arrows dt-icon-bg-off arrows-bg-on disable-arrows-hover-bg arrows-hover-bg-on  vc_custom_1713175280193 hover-fade \" data-scroll-mode=\"1\" data-col-num=\"1\" data-wide-col-num=\"1\" data-laptop-col=\"1\" data-h-tablet-columns-num=\"1\" data-v-tablet-columns-num=\"1\" data-phone-columns-num=\"1\" data-col-gap=\"10\" data-stage-padding=\"0\" data-speed=\"600\" data-autoplay=\"false\" data-autoplay_speed=\"6000\" data-arrows=\"true\" data-bullet=\"false\" data-next-icon=\"icon-ar-017-r\" data-prev-icon=\"icon-ar-017-l\" data-img-shadow-size=\"12px\" data-img-shadow-spread=\"3px\"><div data-post-id=\"2787\" data-date=\"2024-03-09T22:06:00+00:00\" data-name=\"Cisterne za demi vodu (1)\"><figure class=\"post\"><a href=\"https:\/\/cabarplast.com\/wp-content\/uploads\/2024\/03\/Cisterne-za-demi-vodu-1.jpg\" class=\"rollover dt-pswp-item layzr-bg\" data-large_image_width=\"1080\" data-large_image_height=\"1080\" data-dt-img-description=\"\" title=\"Cisterne za demi vodu (1)\"><img fetchpriority=\"high\" decoding=\"async\" class=\"preload-me owl-lazy-load aspect\" src=\"data:image\/svg+xml,%3Csvg%20xmlns%3D&#39;http%3A%2F%2Fwww.w3.org%2F2000%2Fsvg&#39;%20viewBox%3D&#39;0%200%201080%201080&#39;%2F%3E\" data-src=\"https:\/\/cabarplast.com\/wp-content\/uploads\/2024\/03\/Cisterne-za-demi-vodu-1.jpg\" data-srcset=\"https:\/\/cabarplast.com\/wp-content\/uploads\/2024\/03\/Cisterne-za-demi-vodu-1.jpg 1080w\" loading=\"eager\" style=\"--ratio: 1080 \/ 1080\" sizes=\"(max-width: 1080px) 100vw, 1080px\" alt=\"\" width=\"1080\" height=\"1080\"  \/><span class=\"gallery-rollover\"><span class=\"gallery-zoom-ico icomoon-the7-font-the7-zoom-06\"><span><\/span><\/span><\/span><\/a><\/figure><\/div><div data-post-id=\"2788\" data-date=\"2024-03-09T22:06:01+00:00\" data-name=\"Cisterne za demi vodu (2)\"><figure class=\"post\"><a href=\"https:\/\/cabarplast.com\/wp-content\/uploads\/2024\/03\/Cisterne-za-demi-vodu-2.jpg\" class=\"rollover dt-pswp-item layzr-bg\" data-large_image_width=\"1080\" data-large_image_height=\"1080\" data-dt-img-description=\"\" title=\"Cisterne za demi vodu (2)\"><img decoding=\"async\" class=\"preload-me owl-lazy-load aspect\" src=\"data:image\/svg+xml,%3Csvg%20xmlns%3D&#39;http%3A%2F%2Fwww.w3.org%2F2000%2Fsvg&#39;%20viewBox%3D&#39;0%200%201080%201080&#39;%2F%3E\" data-src=\"https:\/\/cabarplast.com\/wp-content\/uploads\/2024\/03\/Cisterne-za-demi-vodu-2.jpg\" data-srcset=\"https:\/\/cabarplast.com\/wp-content\/uploads\/2024\/03\/Cisterne-za-demi-vodu-2.jpg 1080w\" loading=\"eager\" style=\"--ratio: 1080 \/ 1080\" sizes=\"(max-width: 1080px) 100vw, 1080px\" alt=\"\" width=\"1080\" height=\"1080\"  \/><span class=\"gallery-rollover\"><span class=\"gallery-zoom-ico icomoon-the7-font-the7-zoom-06\"><span><\/span><\/span><\/span><\/a><\/figure><\/div><div data-post-id=\"2789\" data-date=\"2024-03-09T22:06:02+00:00\" data-name=\"Cisterne za demi vodu (3)\"><figure class=\"post\"><a href=\"https:\/\/cabarplast.com\/wp-content\/uploads\/2024\/03\/Cisterne-za-demi-vodu-3.jpg\" class=\"rollover dt-pswp-item layzr-bg\" data-large_image_width=\"1080\" data-large_image_height=\"1080\" data-dt-img-description=\"\" title=\"Cisterne za demi vodu (3)\"><img decoding=\"async\" class=\"preload-me owl-lazy-load aspect\" src=\"data:image\/svg+xml,%3Csvg%20xmlns%3D&#39;http%3A%2F%2Fwww.w3.org%2F2000%2Fsvg&#39;%20viewBox%3D&#39;0%200%201080%201080&#39;%2F%3E\" data-src=\"https:\/\/cabarplast.com\/wp-content\/uploads\/2024\/03\/Cisterne-za-demi-vodu-3.jpg\" data-srcset=\"https:\/\/cabarplast.com\/wp-content\/uploads\/2024\/03\/Cisterne-za-demi-vodu-3.jpg 1080w\" loading=\"eager\" style=\"--ratio: 1080 \/ 1080\" sizes=\"(max-width: 1080px) 100vw, 1080px\" alt=\"\" width=\"1080\" height=\"1080\"  \/><span class=\"gallery-rollover\"><span class=\"gallery-zoom-ico icomoon-the7-font-the7-zoom-06\"><span><\/span><\/span><\/span><\/a><\/figure><\/div><\/div>[\/vc_column][vc_column width=&#8221;1\/2&#8243; css=&#8221;.vc_custom_1709671835767{border-left-width: 1px !important;padding-right: 30px !important;padding-bottom: 30px !important;padding-left: 30px !important;border-left-color: #0e415f !important;border-left-style: solid !important;}&#8221;][vc_column_text css=&#8221;&#8221;]<\/p>\n<h1>Rezervoare pentru <strong>Depozitarea Apei Deionizate<\/strong><\/h1>\n<p>&nbsp;<\/p>\n<p>\u010cabar Plast se afirm\u0103 ca un produc\u0103tor de top \u00een domeniul rezervoarelor \u0219i cisternelor din plastic de \u00eenalt\u0103 calitate, inclusiv a celor destinate depozit\u0103rii apei deionizate (DI).<\/p>\n<p>Apa DI, cunoscut\u0103 pentru puritatea sa excep\u021bional\u0103 \u0219i absen\u021ba s\u0103rurilor dizolvate, este esen\u021bial\u0103 \u00een numeroase procese industriale, de la produc\u021bia de automobile \u0219i industria farmaceutic\u0103 p\u00e2n\u0103 la industria alimentar\u0103 \u0219i aplica\u021biile de laborator.[\/vc_column_text][vc_empty_space height=&#8221;20&#8243;]<a href=\"https:\/\/cabarplast.com\/ro\/contactati-ne\/\" class=\"btn-shortcode dt-btn-m dt-btn default-btn-color default-btn-hover-color default-btn-bg-color default-btn-bg-hover-color\" id=\"dt-btn-1\"><span>Contacta\u0163i-ne<\/span><\/a>[\/vc_column][\/vc_row][vc_row][vc_column][vc_empty_space height=&#8221;50&#8243;][vc_column_text css=&#8221;.vc_custom_1726737994761{padding-right: 30px !important;padding-left: 30px !important;}&#8221;]<\/p>\n<h2><strong>Rezervoare Verticale \u0219i Orizontale<\/strong> pentru Apa DI<\/h2>\n<p>\u010cabar Plast ofer\u0103 dou\u0103 variante de baz\u0103 de rezervoare pentru stocarea apei DI: rezervoare verticale, ideale pentru amplasarea pe sol \u0219i rezervoare orizontale, care sunt de obicei \u00eengropate. Aceste rezervoare sunt fabricate din polietilen\u0103 de \u00eenalt\u0103 densitate (HDPE), un material cunoscut pentru propriet\u0103\u021bile sale excep\u021bionale de rezisten\u021b\u0103 chimic\u0103 \u0219i mecanic\u0103. Materialul HDPE asigur\u0103 siguran\u021ba \u0219i longevitatea stoc\u0103rii apei DI, men\u021bin\u00e2nd puritatea \u0219i siguran\u021ba apei pentru utilizare \u00een diverse aplica\u021bii.<\/p>\n<h2>Aplica\u021bii ale apei DI \u0219i importan\u021ba rezervoarelor de calitate<\/h2>\n<p>Apa DI este utilizat\u0103 \u00eentr-o gam\u0103 larg\u0103 de procese industriale, ceea ce impune cerin\u021be ridicate pentru sistemele de stocare. Rezervoarele verticale \u0219i orizontale \u010cabar Plast \u00eendeplinesc aceste cerin\u021be, oferind o solu\u021bie de stocare fiabil\u0103 care protejeaz\u0103 apa DI de contaminan\u021bii externi \u0219i \u00eei p\u0103streaz\u0103 caracteristicile. Mai mult, aceste rezervoare sunt proiectate pentru a permite o manipulare \u0219i un acces u\u0219or, ceea ce este crucial pentru \u00eentre\u021binerea \u0219i utilizarea eficient\u0103 a apei DI \u00een procesele industriale.[\/vc_column_text][vc_empty_space height=&#8221;50&#8243;][\/vc_column][\/vc_row][vc_row full_width=&#8221;stretch_row_content_no_spaces&#8221;][vc_column][vc_column_text]<img loading=\"lazy\" decoding=\"async\" class=\"aligncenter wp-image-232 size-full\" src=\"https:\/\/cabarplast.com\/wp-content\/uploads\/2024\/03\/footer-4.png\" alt=\"\" width=\"1919\" height=\"50\" srcset=\"https:\/\/cabarplast.com\/wp-content\/uploads\/2024\/03\/footer-4.png 1919w, https:\/\/cabarplast.com\/wp-content\/uploads\/2024\/03\/footer-4-300x8.png 300w, https:\/\/cabarplast.com\/wp-content\/uploads\/2024\/03\/footer-4-1024x27.png 1024w, https:\/\/cabarplast.com\/wp-content\/uploads\/2024\/03\/footer-4-768x20.png 768w, https:\/\/cabarplast.com\/wp-content\/uploads\/2024\/03\/footer-4-1536x40.png 1536w\" sizes=\"auto, (max-width: 1919px) 100vw, 1919px\" \/>[\/vc_column_text][\/vc_column][\/vc_row][vc_row full_width=&#8221;stretch_row&#8221; css=&#8221;.vc_custom_1709643894007{background-color: #0e415f !important;}&#8221;][vc_column][vc_column_text css=&#8221;.vc_custom_1726738331943{padding-right: 30px !important;padding-left: 30px !important;}&#8221;]<\/p>\n<h2><span style=\"color: #fcb426;\"><strong>Avantajele<\/strong> rezervoarelor \u010cabar Plast pentru apa deionizat\u0103<\/span><\/h2>\n<ul>\n<li><span style=\"color: #fcb426;\">Rezisten\u021b\u0103 la coroziune \u0219i iner\u021bie chimic\u0103:<\/span> <span style=\"color: #ffffff;\">Materialul HDPE permite rezervoarelor \u010cabar Plast s\u0103 reziste la impactul chimic al apei deionizate, asigur\u00e2nd puritatea \u0219i siguran\u021ba acesteia.<\/span><\/li>\n<li><span style=\"color: #fcb426;\">Durat\u0103 lung\u0103 de via\u021b\u0103:<\/span> <span style=\"color: #ffffff;\">Datorit\u0103 materialului de \u00eenalt\u0103 calitate, rezervoarele pentru ap\u0103 DI au o durat\u0103 lung\u0103 de via\u021b\u0103, reduc\u00e2nd necesitatea \u00eenlocuirii frecvente \u0219i costurile.<\/span><\/li>\n<li><span style=\"color: #fcb426;\">Flexibilitate \u0219i adaptabilitate:<\/span> <span style=\"color: #ffffff;\">Op\u021biunea de a alege \u00eentre variante verticale \u0219i orizontale, precum \u0219i op\u021biunile de personalizare, cum ar fi urechile de ridicare, picioarele, indicatoarele de nivel, sc\u0103rile, treptele \u0219i suporturile pentru pompe, permit utilizatorilor s\u0103 adapteze rezervoarele la nevoile specifice ale proiectelor lor.<\/span><\/li>\n<li><span style=\"color: #fcb426;\">U\u0219urin\u021b\u0103 \u00een asamblare \u0219i \u00eentre\u021binere:<\/span> <span style=\"color: #ffffff;\">Greutatea redus\u0103 a materialului HDPE faciliteaz\u0103 transportul \u0219i instalarea rezervoarelor, iar designul lor permite o \u00eentre\u021binere \u0219i cur\u0103\u021bare simpl\u0103.<\/span><\/li>\n<li><span style=\"color: #fcb426;\">Stabilitate UV:<\/span> <span style=\"color: #ffffff;\">Materialul din care sunt fabricate rezervoarele este stabil la UV, ceea ce \u00eenseamn\u0103 c\u0103 sunt rezistente la expunerea prelungit\u0103 la lumina solar\u0103, prelungind \u0219i mai mult durata lor de via\u021b\u0103.<\/span><\/li>\n<li><span style=\"color: #fcb426;\">Izolare termic\u0103:<\/span> <span style=\"color: #ffffff;\">Pe l\u00e2ng\u0103 faptul c\u0103 sunt rezistente la influen\u021bele chimice, rezervoarele \u010cabar Plast ofer\u0103 \u0219i o bun\u0103 izolare termic\u0103, men\u021bin\u00e2nd o temperatur\u0103 stabil\u0103 a apei deionizate stocate.<\/span><\/li>\n<\/ul>\n<p>[\/vc_column_text][vc_empty_space height=&#8221;50&#8243;][\/vc_column][\/vc_row][vc_row full_width=&#8221;stretch_row&#8221; css=&#8221;.vc_custom_1709644275584{background-color: #efefef !important;}&#8221;][vc_column][vc_column_text css=&#8221;.vc_custom_1726738511523{padding-right: 30px !important;padding-left: 30px !important;}&#8221;]<\/p>\n<h2>Aplica\u021bii largi ale apei deionizate<\/h2>\n<p>Apa deionizat\u0103 este esen\u021bial\u0103 \u00een numeroase sectoare industriale, inclusiv:<\/p>\n<ul>\n<li><strong>Industria automobilelor:<\/strong> Unde este folosit\u0103 ca parte a procesului de r\u0103cire, precum \u0219i pentru producerea \u0219i \u00eentre\u021binerea bateriilor.<\/li>\n<li><strong>Industria metalurgic\u0103:<\/strong> Pentru procese de galvanizare, cur\u0103\u021barea metalelor \u0219i ca mijloc de prevenire a coroziunii.<\/li>\n<li><strong>Industria farmaceutic\u0103:<\/strong> \u00cen produc\u021bia de medicamente \u0219i ca baz\u0103 pentru multe preparate farmaceutice.<\/li>\n<li><strong>Industria alimentar\u0103:<\/strong> \u00cen producerea b\u0103uturilor \u0219i ca component\u0103 a produselor alimentare de \u00eenalt\u0103 calitate.<\/li>\n<li><strong>Aplica\u021bii de laborator:<\/strong> Unde apa pur\u0103 este baza pentru multe experimente \u0219i analize.<\/li>\n<\/ul>\n<p>[\/vc_column_text][vc_column_text][\/vc_column_text][vc_empty_space][\/vc_column][\/vc_row][vc_row][vc_column][vc_column_text css=&#8221;.vc_custom_1726738534871{padding-right: 30px !important;padding-left: 30px !important;}&#8221;]Rezervoarele \u010cabar Plast pentru apa DI reprezint\u0103 o solu\u021bie optim\u0103 pentru stocarea apei deionizate \u00een diverse aplica\u021bii industriale. Construc\u021bia \u0219i materialul lor asigur\u0103 durabilitatea, siguran\u021ba \u0219i cur\u0103\u021benia apei depozitate, \u00een timp ce adaptabilitatea \u0219i diversele op\u021biuni de echipamente permit utilizatorilor s\u0103 ob\u021bin\u0103 exact ceea ce au nevoie pentru cerin\u021bele lor specifice.<\/p>\n<p>Indiferent dac\u0103 este vorba de stocarea unor cantit\u0103\u021bi mari sau mici de ap\u0103 DI, \u010cabar Plast ofer\u0103 solu\u021bii fiabile \u0219i eficiente care \u00eendeplinesc cele mai \u00eenalte standarde de calitate \u0219i siguran\u021b\u0103.[\/vc_column_text][vc_column_text][\/vc_column_text][vc_empty_space][\/vc_column][\/vc_row][vc_row full_width=&#8221;stretch_row_content_no_spaces&#8221;][vc_column][vc_column_text]<img loading=\"lazy\" decoding=\"async\" class=\"aligncenter wp-image-232 size-full\" src=\"https:\/\/cabarplast.com\/wp-content\/uploads\/2024\/03\/footer-4.png\" alt=\"\" width=\"1919\" height=\"50\" srcset=\"https:\/\/cabarplast.com\/wp-content\/uploads\/2024\/03\/footer-4.png 1919w, https:\/\/cabarplast.com\/wp-content\/uploads\/2024\/03\/footer-4-300x8.png 300w, https:\/\/cabarplast.com\/wp-content\/uploads\/2024\/03\/footer-4-1024x27.png 1024w, https:\/\/cabarplast.com\/wp-content\/uploads\/2024\/03\/footer-4-768x20.png 768w, https:\/\/cabarplast.com\/wp-content\/uploads\/2024\/03\/footer-4-1536x40.png 1536w\" sizes=\"auto, (max-width: 1919px) 100vw, 1919px\" \/>[\/vc_column_text][\/vc_column][\/vc_row]<\/p>\n<\/div>","protected":false},"excerpt":{"rendered":"<p>[vc_row][vc_column width=&#8221;1\/2&#8243;][\/vc_column][vc_column width=&#8221;1\/2&#8243; css=&#8221;.vc_custom_1709671835767{border-left-width: 1px !important;padding-right: 30px !important;padding-bottom: 30px !important;padding-left: 30px !important;border-left-color: #0e415f !important;border-left-style: solid !important;}&#8221;][vc_column_text css=&#8221;&#8221;] Rezervoare pentru Depozitarea Apei Deionizate &nbsp; \u010cabar Plast se afirm\u0103 ca un produc\u0103tor de top \u00een domeniul rezervoarelor \u0219i cisternelor din plastic de \u00eenalt\u0103 calitate, inclusiv a celor destinate depozit\u0103rii apei deionizate (DI). Apa DI, cunoscut\u0103 pentru puritatea&hellip;<\/p>\n","protected":false},"author":1,"featured_media":0,"parent":0,"menu_order":0,"comment_status":"closed","ping_status":"closed","template":"","meta":{"footnotes":""},"class_list":["post-2784","page","type-page","status-publish","hentry","description-off"],"_links":{"self":[{"href":"https:\/\/cabarplast.com\/ro\/wp-json\/wp\/v2\/pages\/2784","targetHints":{"allow":["GET"]}}],"collection":[{"href":"https:\/\/cabarplast.com\/ro\/wp-json\/wp\/v2\/pages"}],"about":[{"href":"https:\/\/cabarplast.com\/ro\/wp-json\/wp\/v2\/types\/page"}],"author":[{"embeddable":true,"href":"https:\/\/cabarplast.com\/ro\/wp-json\/wp\/v2\/users\/1"}],"replies":[{"embeddable":true,"href":"https:\/\/cabarplast.com\/ro\/wp-json\/wp\/v2\/comments?post=2784"}],"version-history":[{"count":3,"href":"https:\/\/cabarplast.com\/ro\/wp-json\/wp\/v2\/pages\/2784\/revisions"}],"predecessor-version":[{"id":3015,"href":"https:\/\/cabarplast.com\/ro\/wp-json\/wp\/v2\/pages\/2784\/revisions\/3015"}],"wp:attachment":[{"href":"https:\/\/cabarplast.com\/ro\/wp-json\/wp\/v2\/media?parent=2784"}],"curies":[{"name":"wp","href":"https:\/\/api.w.org\/{rel}","templated":true}]}}