{"id":2670,"date":"2024-03-04T21:04:18","date_gmt":"2024-03-04T21:04:18","guid":{"rendered":"https:\/\/cabarplast.com\/?page_id=2670"},"modified":"2024-09-20T12:26:04","modified_gmt":"2024-09-20T12:26:04","slug":"rezervoare-din-plastic-pentru-irigatii","status":"publish","type":"page","link":"https:\/\/cabarplast.com\/ro\/rezervoare-din-plastic-pentru-irigatii\/","title":{"rendered":"Rezervoare din plastic pentru iriga\u021bii"},"content":{"rendered":"<div class=\"wpb-content-wrapper\"><p>[vc_row][vc_column width=&#8221;1\/2&#8243;]<style type=\"text\/css\" data-type=\"the7_shortcodes-inline-css\">.gallery-carousel-shortcode.gallery-carousel-shortcode-id-31b97248c183a3d4f32ebf0309f07097 .owl-nav a {\n  width: 36px;\n  height: 36px;\n  border-radius: 500px;\n}\n.dt-arrow-border-on.gallery-carousel-shortcode.gallery-carousel-shortcode-id-31b97248c183a3d4f32ebf0309f07097 .owl-nav a:not(:hover):before {\n  border-width: 0px;\n}\n.dt-arrow-hover-border-on.gallery-carousel-shortcode.gallery-carousel-shortcode-id-31b97248c183a3d4f32ebf0309f07097 .owl-nav a:hover:after {\n  border-width: 0px;\n}\n.gallery-carousel-shortcode.gallery-carousel-shortcode-id-31b97248c183a3d4f32ebf0309f07097 .owl-nav a.owl-prev {\n  top: 50%;\n  transform: translateY(calc(-50% + 0px));\n  left: -43px;\n}\n@media all and (-ms-high-contrast: none) {\n  .gallery-carousel-shortcode.gallery-carousel-shortcode-id-31b97248c183a3d4f32ebf0309f07097 .owl-nav a.owl-prev {\n    transform: translateY(-50%);\n    margin-top: 0px;\n  }\n}\n.gallery-carousel-shortcode.gallery-carousel-shortcode-id-31b97248c183a3d4f32ebf0309f07097 .owl-nav a.owl-prev i {\n  padding: 0px 0px 0px 0px;\n}\n.gallery-carousel-shortcode.gallery-carousel-shortcode-id-31b97248c183a3d4f32ebf0309f07097 .owl-nav a.owl-next {\n  top: 50%;\n  transform: translateY(calc(-50% + 0px));\n  right: -43px;\n}\n@media all and (-ms-high-contrast: none) {\n  .gallery-carousel-shortcode.gallery-carousel-shortcode-id-31b97248c183a3d4f32ebf0309f07097 .owl-nav a.owl-next {\n    transform: translateY(-50%);\n    margin-top: 0px;\n  }\n}\n.gallery-carousel-shortcode.gallery-carousel-shortcode-id-31b97248c183a3d4f32ebf0309f07097 .owl-nav a.owl-next i {\n  padding: 0px 0px 0px 0px;\n}\n.gallery-carousel-shortcode.gallery-carousel-shortcode-id-31b97248c183a3d4f32ebf0309f07097 .owl-nav i {\n  font-size: 18px;\n}\n.gallery-carousel-shortcode.gallery-carousel-shortcode-id-31b97248c183a3d4f32ebf0309f07097 .owl-nav a:not(:hover) i,\n.gallery-carousel-shortcode.gallery-carousel-shortcode-id-31b97248c183a3d4f32ebf0309f07097 .owl-nav a:not(:hover) i:before {\n  color: #ffffff;\n  background: none;\n}\n.gallery-carousel-shortcode.gallery-carousel-shortcode-id-31b97248c183a3d4f32ebf0309f07097 .owl-nav a:hover i,\n.gallery-carousel-shortcode.gallery-carousel-shortcode-id-31b97248c183a3d4f32ebf0309f07097 .owl-nav a:hover i:before {\n  color: rgba(255,255,255,0.75);\n  background: none;\n}\n.gallery-carousel-shortcode.gallery-carousel-shortcode-id-31b97248c183a3d4f32ebf0309f07097 .owl-dots {\n  top: calc(100% + 20px);\n  left: 50%;\n  transform: translateX(calc(-50% + 0px));\n}\n@media all and (-ms-high-contrast: none) {\n  .gallery-carousel-shortcode.gallery-carousel-shortcode-id-31b97248c183a3d4f32ebf0309f07097 .owl-dots {\n    transform: translateX(-50%);\n    margin-left: 0px;\n  }\n}\n.gallery-carousel-shortcode.gallery-carousel-shortcode-id-31b97248c183a3d4f32ebf0309f07097 .owl-dot {\n  width: 6px;\n  height: 6px;\n  margin: 0 5px;\n}\n@media screen and (max-width: 778px) {\n  .gallery-carousel-shortcode.gallery-carousel-shortcode-id-31b97248c183a3d4f32ebf0309f07097.hide-arrows .owl-nav a {\n    display: none;\n  }\n}\n@media screen and (max-width: 778px) {\n  .gallery-carousel-shortcode.gallery-carousel-shortcode-id-31b97248c183a3d4f32ebf0309f07097.reposition-arrows .owl-nav .owl-prev {\n    top: 50%;\n    transform: translateY(calc(-50% + 0px));\n    left: 10px;\n  }\n  .gallery-carousel-shortcode.gallery-carousel-shortcode-id-31b97248c183a3d4f32ebf0309f07097.reposition-arrows .owl-nav .owl-next {\n    top: 50%;\n    transform: translateY(calc(-50% + 0px));\n    right: 10px;\n  }\n}\n@media screen and (max-width: 778px) and all and (-ms-high-contrast: none) {\n  .gallery-carousel-shortcode.gallery-carousel-shortcode-id-31b97248c183a3d4f32ebf0309f07097.reposition-arrows .owl-nav .owl-prev {\n    transform: translateY(-50%);\n    margin-top: 0px;\n  }\n}\n@media screen and (max-width: 778px) and all and (-ms-high-contrast: none) {\n  .gallery-carousel-shortcode.gallery-carousel-shortcode-id-31b97248c183a3d4f32ebf0309f07097.reposition-arrows .owl-nav .owl-next {\n    transform: translateY(-50%);\n    margin-top: 0px;\n  }\n}\n.gallery-carousel-shortcode.gallery-carousel-shortcode-id-31b97248c183a3d4f32ebf0309f07097 figure,\n.gallery-carousel-shortcode.gallery-carousel-shortcode-id-31b97248c183a3d4f32ebf0309f07097 .rollover,\n.gallery-carousel-shortcode.gallery-carousel-shortcode-id-31b97248c183a3d4f32ebf0309f07097 img,\n.gallery-carousel-shortcode.gallery-carousel-shortcode-id-31b97248c183a3d4f32ebf0309f07097 .gallery-rollover {\n  border-radius: 0px;\n}\n.gallery-carousel-shortcode.gallery-carousel-shortcode-id-31b97248c183a3d4f32ebf0309f07097.enable-bg-rollover .gallery-rollover {\n  background: -webkit-linear-gradient();\n  background: linear-gradient();\n}\n.gallery-carousel-shortcode.gallery-carousel-shortcode-id-31b97248c183a3d4f32ebf0309f07097.enable-img-shadow .owl-stage-outer {\n  padding: 14px 0;\n}\n.gallery-carousel-shortcode.gallery-carousel-shortcode-id-31b97248c183a3d4f32ebf0309f07097.enable-bg-rollover.hover-scale figure .rollover:after {\n  background: -webkit-linear-gradient();\n  background: linear-gradient();\n}\n.gallery-carousel-shortcode.gallery-carousel-shortcode-id-31b97248c183a3d4f32ebf0309f07097.gallery-shortcode .gallery-zoom-ico {\n  width: 44px;\n  height: 44px;\n  line-height: 44px;\n  border-radius: 100px;\n  margin: -22px 0 0 -22px;\n  border-width: 0px;\n}\n.dt-icon-bg-on.gallery-carousel-shortcode.gallery-carousel-shortcode-id-31b97248c183a3d4f32ebf0309f07097.gallery-shortcode .gallery-zoom-ico {\n  background: rgba(255,255,255,0.3);\n  box-shadow: none;\n}\n.gallery-carousel-shortcode.gallery-carousel-shortcode-id-31b97248c183a3d4f32ebf0309f07097.gallery-shortcode .gallery-zoom-ico:before,\n.gallery-carousel-shortcode.gallery-carousel-shortcode-id-31b97248c183a3d4f32ebf0309f07097.gallery-shortcode .gallery-zoom-ico span {\n  font-size: 32px;\n  line-height: 44px;\n  color: #ffffff;\n  background: none;\n}\n<\/style><div class=\"owl-carousel gallery-carousel-shortcode gallery-shortcode  dt-gallery-container dt-owl-carousel-call gallery-carousel-shortcode-id-31b97248c183a3d4f32ebf0309f07097 quick-scale-img enable-bg-rollover meta-info-off dt-arrow-border-on dt-arrow-hover-border-on bullets-small-dot-stroke reposition-arrows dt-icon-bg-off arrows-bg-on disable-arrows-hover-bg arrows-hover-bg-on  vc_custom_1710024292693 hover-fade \" data-scroll-mode=\"1\" data-col-num=\"1\" data-wide-col-num=\"1\" data-laptop-col=\"1\" data-h-tablet-columns-num=\"1\" data-v-tablet-columns-num=\"1\" data-phone-columns-num=\"1\" data-col-gap=\"10\" data-stage-padding=\"0\" data-speed=\"600\" data-autoplay=\"false\" data-autoplay_speed=\"6000\" data-arrows=\"false\" data-bullet=\"true\" data-next-icon=\"icon-ar-017-r\" data-prev-icon=\"icon-ar-017-l\" data-img-shadow-size=\"12px\" data-img-shadow-spread=\"3px\"><div data-post-id=\"2672\" data-date=\"2024-03-09T22:44:38+00:00\" data-name=\"Rezervoari za navodnjavanje\"><figure class=\"post\"><a href=\"https:\/\/cabarplast.com\/wp-content\/uploads\/2024\/03\/Rezervoari-za-navodnjavanje.jpg\" class=\"rollover dt-pswp-item layzr-bg\" data-large_image_width=\"1080\" data-large_image_height=\"1080\" data-dt-img-description=\"\" title=\"Rezervoari za navodnjavanje\"><img fetchpriority=\"high\" decoding=\"async\" class=\"preload-me owl-lazy-load aspect\" src=\"data:image\/svg+xml,%3Csvg%20xmlns%3D&#39;http%3A%2F%2Fwww.w3.org%2F2000%2Fsvg&#39;%20viewBox%3D&#39;0%200%201080%201080&#39;%2F%3E\" data-src=\"https:\/\/cabarplast.com\/wp-content\/uploads\/2024\/03\/Rezervoari-za-navodnjavanje.jpg\" data-srcset=\"https:\/\/cabarplast.com\/wp-content\/uploads\/2024\/03\/Rezervoari-za-navodnjavanje.jpg 1080w\" loading=\"eager\" style=\"--ratio: 1080 \/ 1080\" sizes=\"(max-width: 1080px) 100vw, 1080px\" alt=\"\" width=\"1080\" height=\"1080\"  \/><span class=\"gallery-rollover\"><span class=\"gallery-zoom-ico icomoon-the7-font-the7-zoom-06\"><span><\/span><\/span><\/span><\/a><\/figure><\/div><\/div>[\/vc_column][vc_column width=&#8221;1\/2&#8243; css=&#8221;.vc_custom_1709672219102{border-left-width: 1px !important;padding-right: 30px !important;padding-left: 30px !important;border-left-color: #0e415f !important;border-left-style: solid !important;}&#8221;][vc_column_text css=&#8221;&#8221;]<\/p>\n<h1>Rezervoare din plastic <strong>pentru iriga\u021bii<\/strong><\/h1>\n<p>Rezervorul nostru din plastic pentru iriga\u021bii este conceput pentru a satisface toate nevoile agriculturii moderne, oferind o solu\u021bie fiabil\u0103 pentru transportul \u0219i distribu\u021bia apei direct pe c\u00e2mpurile dumneavoastr\u0103.<\/p>\n<p>Fabricat din polietilen\u0103 de \u00eenalt\u0103 densitate (HDPE) de \u00eenalt\u0103 calitate, acest rezervor este rezistent la impact, uzur\u0103, raze UV \u0219i temperaturi extreme, asigur\u00e2nd o durat\u0103 lung\u0103 de via\u021b\u0103 \u0219i p\u0103strarea calit\u0103\u021bii apei.<br \/>\nIzra\u0111ena od visokokvalitetnog polietilena visoke gustine (PEHD), ova cisterna je otporna na udarce, habanje, UV zrake i ekstremne temperature, \u0161to osigurava dugotrajan vek trajanja i o\u010duvanost kvaliteta vode.[\/vc_column_text][vc_empty_space height=&#8221;20&#8243;]<a href=\"https:\/\/cabarplast.com\/ro\/contactati-ne\/\" class=\"btn-shortcode dt-btn-m dt-btn default-btn-color default-btn-hover-color default-btn-bg-color default-btn-bg-hover-color\" id=\"dt-btn-1\"><span>Contacta\u0163i-ne<\/span><\/a>[\/vc_column][\/vc_row][vc_row][vc_column][vc_empty_space height=&#8221;50&#8243;][vc_column_text css=&#8221;.vc_custom_1726663956006{padding-right: 30px !important;padding-left: 30px !important;}&#8221;]<\/p>\n<h2>Specifica\u021bii tehnice ale rezervoarelor de iriga\u021bii:<\/h2>\n<ul>\n<li><strong>Material:<\/strong> Polietilen\u0103 de \u00eenalt\u0103 densitate (HDPE), testat\u0103 \u0219i aprobat\u0103 din punct de vedere ecologic pentru contactul cu apa.<\/li>\n<li><strong>Capacitate:<\/strong> Disponibil \u00een diferite dimensiuni, de la 500 p\u00e2n\u0103 la 10.000 litri, pentru a se adapta nevoilor specifice ale utilizatorilor.<\/li>\n<li><strong>Interval de temperatur\u0103:<\/strong> Rezistent la temperaturi cuprinse \u00eentre -30\u00b0C \u0219i +60\u00b0C.<\/li>\n<li><strong>Protec\u021bie UV<\/strong> Materialul rezervorului con\u021bine stabilizatori UV, care prelungesc durata de via\u021b\u0103 a produsului \u00een cazul expunerii la lumina soarelui.<\/li>\n<li><strong>Culoare:<\/strong> Disponibil standard \u00een verde sau albastru, cu op\u021biunea de a personaliza culoarea la cerere.<\/li>\n<li><strong>Conexiuni:<\/strong> Racord standard de ie\u0219ire cu posibilitatea de a personaliza tipul \u0219i dimensiunea \u00een func\u021bie de necesit\u0103\u021bi, inclusiv robinete, vane, indicatoare de nivel al apei \u0219i \u021bevi de preaplin<\/li>\n<li><strong>Caracteristici suplimentare:<\/strong> Op\u021biunea de a ad\u0103uga guri de vizitare, \u021bevi de aerisire, picioare de ancorare \u0219i sc\u0103ri, \u00een func\u021bie de cerin\u021bele specifice.<\/li>\n<\/ul>\n<p>[\/vc_column_text][vc_empty_space height=&#8221;50&#8243;][\/vc_column][\/vc_row][vc_row full_width=&#8221;stretch_row_content_no_spaces&#8221;][vc_column][vc_column_text]<img loading=\"lazy\" decoding=\"async\" class=\"aligncenter wp-image-232 size-full\" src=\"https:\/\/cabarplast.com\/wp-content\/uploads\/2024\/03\/footer-4.png\" alt=\"\" width=\"1919\" height=\"50\" srcset=\"https:\/\/cabarplast.com\/wp-content\/uploads\/2024\/03\/footer-4.png 1919w, https:\/\/cabarplast.com\/wp-content\/uploads\/2024\/03\/footer-4-300x8.png 300w, https:\/\/cabarplast.com\/wp-content\/uploads\/2024\/03\/footer-4-1024x27.png 1024w, https:\/\/cabarplast.com\/wp-content\/uploads\/2024\/03\/footer-4-768x20.png 768w, https:\/\/cabarplast.com\/wp-content\/uploads\/2024\/03\/footer-4-1536x40.png 1536w\" sizes=\"auto, (max-width: 1919px) 100vw, 1919px\" \/>[\/vc_column_text][\/vc_column][\/vc_row][vc_row full_width=&#8221;stretch_row&#8221; css=&#8221;.vc_custom_1709643894007{background-color: #0e415f !important;}&#8221;][vc_column][vc_column_text css=&#8221;.vc_custom_1726663979637{padding-right: 30px !important;padding-left: 30px !important;}&#8221;]<\/p>\n<h2><span style=\"color: #fcb426;\">U\u0219urin\u021b\u0103 \u00een instalare pe remorci \u0219i transport<\/span><\/h2>\n<p><span style=\"color: #ffffff;\">Rezervorul nostru este proiectat cu un accent deosebit pe u\u0219urin\u021ba \u00een instalare \u0219i transport. Cu un sistem de montare integrat, rezervorul poate fi fixat rapid \u0219i sigur pe majoritatea remorcilor standard, permi\u021b\u00e2nd o mobilitate u\u0219oar\u0103 \u0219i flexibilitate \u00een utilizare. Sistemul de montare include puncte de ancorare preinstalate care asigur\u0103 stabilitatea rezervorului \u00een timpul transportului<\/span>[\/vc_column_text][vc_empty_space height=&#8221;50&#8243;][\/vc_column][\/vc_row][vc_row full_width=&#8221;stretch_row&#8221; css=&#8221;.vc_custom_1709644275584{background-color: #efefef !important;}&#8221;][vc_column][vc_column_text css=&#8221;.vc_custom_1726664192127{padding-right: 30px !important;padding-left: 30px !important;}&#8221;]<\/p>\n<h3>Procesul de instalare include urm\u0103torii pa\u0219i:<\/h3>\n<ul>\n<li><strong><strong>Pozi\u021bionarea rezervorului<\/strong> pe remorc\u0103 cu ajutorul ghidajelor de aliniere care asigur\u0103 o plasare precis\u0103.<\/strong><\/li>\n<li><strong><strong>Fixarea rezervorului<\/strong> utiliz\u00e2nd punctele de ancorare furnizate, care se conecteaz\u0103 u\u0219or cu remorca.<\/strong><\/li>\n<li><strong><strong>Conectarea fitingurilor<\/strong> de ap\u0103 la ie\u0219irea rezervorului, cu op\u021biunea de a personaliza \u00een func\u021bie de nevoile sistemului de iriga\u021bii.<\/strong><\/li>\n<\/ul>\n<p>Datorit\u0103 designului modular \u0219i a sistemelor de conectare rapid\u0103 furnizate, instalarea \u0219i demontarea rezervorului se pot face rapid \u0219i eficient, f\u0103r\u0103 a fi nevoie de unelte specializate sau proceduri \u00eendelungate. Acest lucru face ca rezervorul nostru din plastic s\u0103 fie o alegere ideal\u0103 pentru fermierii care caut\u0103 un sistem de iriga\u021bii eficient, fiabil \u0219i mobil.<\/p>\n<h3>Cum sunt fabricate rezervoarele din plastic \u0219i avantajele lor:<\/h3>\n<p>Rezervoarele din plastic pentru iriga\u021bii sunt fabricate folosind tehnologii moderne de prelucrare a plasticului, cum ar fi extrudarea \u0219i rotomolding, utiliz\u00e2nd materiale de \u00eenalt\u0103 calitate, cum ar fi polietilena de \u00eenalt\u0103 densitate (HDPE). Aceast\u0103 tehnologie permite producerea unor rezervoare robuste \u0219i rezistente, \u00een diferite forme \u0219i dimensiuni, adaptate nevoilor utilizatorilor.<\/p>\n<p><strong>Avantajele rezervoarelor din plastic fa\u021b\u0103 de alte tipuri de rezervoare de iriga\u021bii sunt numeroase:<\/strong><\/p>\n<ul>\n<li><strong>Durabilitate \u0219i rezisten\u021b\u0103 la condi\u021biile meteorologice:<\/strong> Rezervoarele din plastic sunt proiectate s\u0103 reziste la temperaturi extreme, de la -30\u00b0C p\u00e2n\u0103 la +60\u00b0C, \u0219i sunt rezistente la radia\u021biile UV, prelungind durata lor de via\u021b\u0103.<\/li>\n<li><strong>Prietenie cu mediul:<\/strong> Materialele precum HDPE nu polueaz\u0103 mediul, f\u0103c\u00e2nd rezervoarele din plastic adecvate pentru stocarea apei utilizate \u00een iriga\u021bii.<\/li>\n<li><strong>U\u0219urin\u021b\u0103 \u00een asamblare \u0219i transport:<\/strong> Datorit\u0103 greut\u0103\u021bii lor relativ reduse \u00een compara\u021bie cu volumul, rezervoarele din plastic sunt u\u0219or de transportat \u0219i asamblat.<\/li>\n<li><strong>Adaptabilitate:<\/strong> Diverse fitinguri \u0219i accesorii pot fi montate pe rezervoarele din plastic, \u00een func\u021bie de nevoile specifice ale utilizatorilor.<\/li>\n<li><strong>Etan\u0219eitate \u0219i siguran\u021b\u0103 igienic\u0103:<\/strong> Calitatea materialelor \u0219i tehnologia de fabrica\u021bie asigur\u0103 c\u0103 apa r\u0103m\u00e2ne curat\u0103 \u0219i sigur\u0103 pentru utilizare.<\/li>\n<\/ul>\n<p>[\/vc_column_text][vc_column_text][\/vc_column_text][vc_empty_space][\/vc_column][\/vc_row][vc_row][vc_column][vc_column_text css=&#8221;.vc_custom_1726664224451{padding-top: 30px !important;padding-right: 30px !important;padding-bottom: 30px !important;padding-left: 30px !important;background-color: #0e415f !important;border-radius: 15px !important;}&#8221;]<\/p>\n<h3><span style=\"color: #fcb426;\">Rezervoare subterane \u0219i supraterane &#8211; func\u021bionalitate \u0219i aplicare<\/span><\/h3>\n<p><span style=\"color: #ffffff;\">Rezervoarele din plastic pentru iriga\u021bii pot fi instalate at\u00e2t suprateran, c\u00e2t \u0219i subteran, \u00een func\u021bie de nevoile \u0219i posibilit\u0103\u021bile de spa\u021biu. Rezervoarele subterane sunt ideale pentru stocarea unor cantit\u0103\u021bi mai mari de ap\u0103, economisind spa\u021biul de la suprafa\u021b\u0103 \u0219i men\u021bin\u00e2nd apa mai rece, ceea ce poate fi deosebit de benefic \u00een climatele mai calde. Rezervoarele supraterane, pe de alt\u0103 parte, faciliteaz\u0103 accesul \u0219i controlul asupra apei \u0219i sunt adesea mai simple de instalat.<\/span>[\/vc_column_text][vc_column_text][\/vc_column_text][vc_empty_space][\/vc_column][\/vc_row][vc_row][vc_column][vc_column_text css=&#8221;.vc_custom_1726664362739{padding-right: 30px !important;padding-left: 30px !important;}&#8221;]<\/p>\n<h3>Accesorii care faciliteaz\u0103 procesul de iriga\u021bii<\/h3>\n<p>Rezervoarele din plastic pot fi echipate cu diverse accesorii care faciliteaz\u0103 utilizarea \u0219i sporesc eficien\u021ba iriga\u021biilor. Acestea includ:<\/p>\n<ul>\n<li><strong>Robinete \u0219i valve:<\/strong> Permit controlul precis al debitului de ap\u0103.<\/li>\n<li><strong>Indicatoare de nivel al apei:<\/strong> Utile pentru monitorizarea cantit\u0103\u021bii de ap\u0103 r\u0103mase.<\/li>\n<li><strong>Preaplin:<\/strong> Previne deversarea \u0219i pierderea apei.<\/li>\n<li><strong>Guri de vizitare:<\/strong> Permit o \u00eentre\u021binere \u0219i inspec\u021bie u\u0219oar\u0103.<\/li>\n<li><strong>Ventile de aerisire:<\/strong> \u00cembun\u0103t\u0103\u021besc circula\u021bia aerului \u00een interiorul rezervorului, prevenind formarea vidului.<\/li>\n<li><strong>Picioare de ancorare \u0219i sc\u0103ri:<\/strong> Faciliteaz\u0103 accesul \u0219i asigur\u0103 siguran\u021ba \u00een timpul utiliz\u0103rii.<\/li>\n<\/ul>\n<p>Utilizarea rezervoarelor, butoaielor \u0219i cisternelor din plastic pentru iriga\u021bii reprezint\u0103 o solu\u021bie eficient\u0103 \u0219i ecologic\u0103 pentru numeroasele provoc\u0103ri cu care se confrunt\u0103 fermierii. Adaptabilitatea, longevitatea \u0219i rezisten\u021ba lor la diverse condi\u021bii le fac o alegere ideal\u0103 pentru agricultura modern\u0103. Fie c\u0103 este vorba de ferme familiale mici sau de exploata\u021bii agricole mari, rezervoarele din plastic ofer\u0103 un sprijin fiabil \u00een gestionarea eficient\u0103 a resurselor de ap\u0103, contribuind la sustenabilitatea \u0219i productivitatea \u00een agricultur\u0103.<br \/>\n[\/vc_column_text][vc_column_text][\/vc_column_text][vc_empty_space][\/vc_column][\/vc_row][vc_row full_width=&#8221;stretch_row_content_no_spaces&#8221;][vc_column][vc_column_text]<img loading=\"lazy\" decoding=\"async\" class=\"aligncenter wp-image-232 size-full\" src=\"https:\/\/cabarplast.com\/wp-content\/uploads\/2024\/03\/footer-4.png\" alt=\"\" width=\"1919\" height=\"50\" srcset=\"https:\/\/cabarplast.com\/wp-content\/uploads\/2024\/03\/footer-4.png 1919w, https:\/\/cabarplast.com\/wp-content\/uploads\/2024\/03\/footer-4-300x8.png 300w, https:\/\/cabarplast.com\/wp-content\/uploads\/2024\/03\/footer-4-1024x27.png 1024w, https:\/\/cabarplast.com\/wp-content\/uploads\/2024\/03\/footer-4-768x20.png 768w, https:\/\/cabarplast.com\/wp-content\/uploads\/2024\/03\/footer-4-1536x40.png 1536w\" sizes=\"auto, (max-width: 1919px) 100vw, 1919px\" \/>[\/vc_column_text][\/vc_column][\/vc_row]<\/p>\n<\/div>","protected":false},"excerpt":{"rendered":"<p>[vc_row][vc_column width=&#8221;1\/2&#8243;][\/vc_column][vc_column width=&#8221;1\/2&#8243; css=&#8221;.vc_custom_1709672219102{border-left-width: 1px !important;padding-right: 30px !important;padding-left: 30px !important;border-left-color: #0e415f !important;border-left-style: solid !important;}&#8221;][vc_column_text css=&#8221;&#8221;] Rezervoare din plastic pentru iriga\u021bii Rezervorul nostru din plastic pentru iriga\u021bii este conceput pentru a satisface toate nevoile agriculturii moderne, oferind o solu\u021bie fiabil\u0103 pentru transportul \u0219i distribu\u021bia apei direct pe c\u00e2mpurile dumneavoastr\u0103. Fabricat din polietilen\u0103 de \u00eenalt\u0103 densitate (HDPE)&hellip;<\/p>\n","protected":false},"author":1,"featured_media":0,"parent":0,"menu_order":0,"comment_status":"closed","ping_status":"closed","template":"","meta":{"footnotes":""},"class_list":["post-2670","page","type-page","status-publish","hentry","description-off"],"_links":{"self":[{"href":"https:\/\/cabarplast.com\/ro\/wp-json\/wp\/v2\/pages\/2670","targetHints":{"allow":["GET"]}}],"collection":[{"href":"https:\/\/cabarplast.com\/ro\/wp-json\/wp\/v2\/pages"}],"about":[{"href":"https:\/\/cabarplast.com\/ro\/wp-json\/wp\/v2\/types\/page"}],"author":[{"embeddable":true,"href":"https:\/\/cabarplast.com\/ro\/wp-json\/wp\/v2\/users\/1"}],"replies":[{"embeddable":true,"href":"https:\/\/cabarplast.com\/ro\/wp-json\/wp\/v2\/comments?post=2670"}],"version-history":[{"count":3,"href":"https:\/\/cabarplast.com\/ro\/wp-json\/wp\/v2\/pages\/2670\/revisions"}],"predecessor-version":[{"id":3011,"href":"https:\/\/cabarplast.com\/ro\/wp-json\/wp\/v2\/pages\/2670\/revisions\/3011"}],"wp:attachment":[{"href":"https:\/\/cabarplast.com\/ro\/wp-json\/wp\/v2\/media?parent=2670"}],"curies":[{"name":"wp","href":"https:\/\/api.w.org\/{rel}","templated":true}]}}