{"id":2656,"date":"2024-03-04T21:04:44","date_gmt":"2024-03-04T21:04:44","guid":{"rendered":"https:\/\/cabarplast.com\/?page_id=2656"},"modified":"2024-09-20T12:25:26","modified_gmt":"2024-09-20T12:25:26","slug":"cazi-dreptunghiulare-din-plastic","status":"publish","type":"page","link":"https:\/\/cabarplast.com\/ro\/cazi-dreptunghiulare-din-plastic\/","title":{"rendered":"C\u0103zi dreptunghiulare din plastic"},"content":{"rendered":"<div class=\"wpb-content-wrapper\"><p>[vc_row][vc_column width=&#8221;1\/2&#8243;]<style type=\"text\/css\" data-type=\"the7_shortcodes-inline-css\">.gallery-carousel-shortcode.gallery-carousel-shortcode-id-f6ed798a7546f136ac00dcf58a59162e .owl-nav a {\n  width: 36px;\n  height: 36px;\n  border-radius: 500px;\n}\n.dt-arrow-border-on.gallery-carousel-shortcode.gallery-carousel-shortcode-id-f6ed798a7546f136ac00dcf58a59162e .owl-nav a:not(:hover):before {\n  border-width: 0px;\n}\n.dt-arrow-hover-border-on.gallery-carousel-shortcode.gallery-carousel-shortcode-id-f6ed798a7546f136ac00dcf58a59162e .owl-nav a:hover:after {\n  border-width: 0px;\n}\n.gallery-carousel-shortcode.gallery-carousel-shortcode-id-f6ed798a7546f136ac00dcf58a59162e .owl-nav a.owl-prev {\n  top: 50%;\n  transform: translateY(calc(-50% + 0px));\n  left: -43px;\n}\n@media all and (-ms-high-contrast: none) {\n  .gallery-carousel-shortcode.gallery-carousel-shortcode-id-f6ed798a7546f136ac00dcf58a59162e .owl-nav a.owl-prev {\n    transform: translateY(-50%);\n    margin-top: 0px;\n  }\n}\n.gallery-carousel-shortcode.gallery-carousel-shortcode-id-f6ed798a7546f136ac00dcf58a59162e .owl-nav a.owl-prev i {\n  padding: 0px 0px 0px 0px;\n}\n.gallery-carousel-shortcode.gallery-carousel-shortcode-id-f6ed798a7546f136ac00dcf58a59162e .owl-nav a.owl-next {\n  top: 50%;\n  transform: translateY(calc(-50% + 0px));\n  right: -43px;\n}\n@media all and (-ms-high-contrast: none) {\n  .gallery-carousel-shortcode.gallery-carousel-shortcode-id-f6ed798a7546f136ac00dcf58a59162e .owl-nav a.owl-next {\n    transform: translateY(-50%);\n    margin-top: 0px;\n  }\n}\n.gallery-carousel-shortcode.gallery-carousel-shortcode-id-f6ed798a7546f136ac00dcf58a59162e .owl-nav a.owl-next i {\n  padding: 0px 0px 0px 0px;\n}\n.gallery-carousel-shortcode.gallery-carousel-shortcode-id-f6ed798a7546f136ac00dcf58a59162e .owl-nav i {\n  font-size: 18px;\n}\n.gallery-carousel-shortcode.gallery-carousel-shortcode-id-f6ed798a7546f136ac00dcf58a59162e .owl-nav a:not(:hover) i,\n.gallery-carousel-shortcode.gallery-carousel-shortcode-id-f6ed798a7546f136ac00dcf58a59162e .owl-nav a:not(:hover) i:before {\n  color: #ffffff;\n  background: none;\n}\n.gallery-carousel-shortcode.gallery-carousel-shortcode-id-f6ed798a7546f136ac00dcf58a59162e .owl-nav a:hover i,\n.gallery-carousel-shortcode.gallery-carousel-shortcode-id-f6ed798a7546f136ac00dcf58a59162e .owl-nav a:hover i:before {\n  color: rgba(255,255,255,0.75);\n  background: none;\n}\n.gallery-carousel-shortcode.gallery-carousel-shortcode-id-f6ed798a7546f136ac00dcf58a59162e .owl-dots {\n  top: calc(100% + 20px);\n  left: 50%;\n  transform: translateX(calc(-50% + 0px));\n}\n@media all and (-ms-high-contrast: none) {\n  .gallery-carousel-shortcode.gallery-carousel-shortcode-id-f6ed798a7546f136ac00dcf58a59162e .owl-dots {\n    transform: translateX(-50%);\n    margin-left: 0px;\n  }\n}\n.gallery-carousel-shortcode.gallery-carousel-shortcode-id-f6ed798a7546f136ac00dcf58a59162e .owl-dot {\n  width: 10px;\n  height: 10px;\n  margin: 0 8px;\n}\n@media screen and (max-width: 778px) {\n  .gallery-carousel-shortcode.gallery-carousel-shortcode-id-f6ed798a7546f136ac00dcf58a59162e.hide-arrows .owl-nav a {\n    display: none;\n  }\n}\n@media screen and (max-width: 778px) {\n  .gallery-carousel-shortcode.gallery-carousel-shortcode-id-f6ed798a7546f136ac00dcf58a59162e.reposition-arrows .owl-nav .owl-prev {\n    top: 50%;\n    transform: translateY(calc(-50% + 0px));\n    left: 10px;\n  }\n  .gallery-carousel-shortcode.gallery-carousel-shortcode-id-f6ed798a7546f136ac00dcf58a59162e.reposition-arrows .owl-nav .owl-next {\n    top: 50%;\n    transform: translateY(calc(-50% + 0px));\n    right: 10px;\n  }\n}\n@media screen and (max-width: 778px) and all and (-ms-high-contrast: none) {\n  .gallery-carousel-shortcode.gallery-carousel-shortcode-id-f6ed798a7546f136ac00dcf58a59162e.reposition-arrows .owl-nav .owl-prev {\n    transform: translateY(-50%);\n    margin-top: 0px;\n  }\n}\n@media screen and (max-width: 778px) and all and (-ms-high-contrast: none) {\n  .gallery-carousel-shortcode.gallery-carousel-shortcode-id-f6ed798a7546f136ac00dcf58a59162e.reposition-arrows .owl-nav .owl-next {\n    transform: translateY(-50%);\n    margin-top: 0px;\n  }\n}\n.gallery-carousel-shortcode.gallery-carousel-shortcode-id-f6ed798a7546f136ac00dcf58a59162e figure,\n.gallery-carousel-shortcode.gallery-carousel-shortcode-id-f6ed798a7546f136ac00dcf58a59162e .rollover,\n.gallery-carousel-shortcode.gallery-carousel-shortcode-id-f6ed798a7546f136ac00dcf58a59162e img,\n.gallery-carousel-shortcode.gallery-carousel-shortcode-id-f6ed798a7546f136ac00dcf58a59162e .gallery-rollover {\n  border-radius: 0px;\n}\n.gallery-carousel-shortcode.gallery-carousel-shortcode-id-f6ed798a7546f136ac00dcf58a59162e.enable-bg-rollover .gallery-rollover {\n  background: -webkit-linear-gradient();\n  background: linear-gradient();\n}\n.gallery-carousel-shortcode.gallery-carousel-shortcode-id-f6ed798a7546f136ac00dcf58a59162e.enable-img-shadow .owl-stage-outer {\n  padding: 14px 0;\n}\n.gallery-carousel-shortcode.gallery-carousel-shortcode-id-f6ed798a7546f136ac00dcf58a59162e.enable-bg-rollover.hover-scale figure .rollover:after {\n  background: -webkit-linear-gradient();\n  background: linear-gradient();\n}\n.gallery-carousel-shortcode.gallery-carousel-shortcode-id-f6ed798a7546f136ac00dcf58a59162e.gallery-shortcode .gallery-zoom-ico {\n  width: 44px;\n  height: 44px;\n  line-height: 44px;\n  border-radius: 100px;\n  margin: -22px 0 0 -22px;\n  border-width: 0px;\n}\n.dt-icon-bg-on.gallery-carousel-shortcode.gallery-carousel-shortcode-id-f6ed798a7546f136ac00dcf58a59162e.gallery-shortcode .gallery-zoom-ico {\n  background: rgba(255,255,255,0.3);\n  box-shadow: none;\n}\n.gallery-carousel-shortcode.gallery-carousel-shortcode-id-f6ed798a7546f136ac00dcf58a59162e.gallery-shortcode .gallery-zoom-ico:before,\n.gallery-carousel-shortcode.gallery-carousel-shortcode-id-f6ed798a7546f136ac00dcf58a59162e.gallery-shortcode .gallery-zoom-ico span {\n  font-size: 32px;\n  line-height: 44px;\n  color: #ffffff;\n  background: none;\n}\n<\/style><div class=\"owl-carousel gallery-carousel-shortcode gallery-shortcode  dt-gallery-container dt-owl-carousel-call gallery-carousel-shortcode-id-f6ed798a7546f136ac00dcf58a59162e quick-scale-img enable-bg-rollover meta-info-off dt-arrow-border-on dt-arrow-hover-border-on bullets-small-dot-stroke reposition-arrows dt-icon-bg-off arrows-bg-on disable-arrows-hover-bg arrows-hover-bg-on  vc_custom_1726660684521 hover-fade \" data-scroll-mode=\"1\" data-col-num=\"1\" data-wide-col-num=\"1\" data-laptop-col=\"1\" data-h-tablet-columns-num=\"1\" data-v-tablet-columns-num=\"1\" data-phone-columns-num=\"1\" data-col-gap=\"10\" data-stage-padding=\"0\" data-speed=\"600\" data-autoplay=\"false\" data-autoplay_speed=\"6000\" data-arrows=\"true\" data-bullet=\"false\" data-next-icon=\"icon-ar-017-r\" data-prev-icon=\"icon-ar-017-l\" data-img-shadow-size=\"12px\" data-img-shadow-spread=\"3px\"><div data-post-id=\"2793\" data-date=\"2024-03-05T14:15:21+00:00\" data-name=\"Cisterne za sumpornu kiselinu\"><figure class=\"post\"><a href=\"https:\/\/cabarplast.com\/wp-content\/uploads\/2024\/03\/Untitled-design-1.jpg\" class=\"rollover dt-pswp-item layzr-bg\" data-large_image_width=\"1080\" data-large_image_height=\"1080\" data-dt-img-description=\"\" title=\"Cisterne za sumpornu kiselinu\"><img fetchpriority=\"high\" decoding=\"async\" class=\"preload-me owl-lazy-load aspect\" src=\"data:image\/svg+xml,%3Csvg%20xmlns%3D&#39;http%3A%2F%2Fwww.w3.org%2F2000%2Fsvg&#39;%20viewBox%3D&#39;0%200%201080%201080&#39;%2F%3E\" data-src=\"https:\/\/cabarplast.com\/wp-content\/uploads\/2024\/03\/Untitled-design-1.jpg\" data-srcset=\"https:\/\/cabarplast.com\/wp-content\/uploads\/2024\/03\/Untitled-design-1.jpg 1080w\" loading=\"eager\" style=\"--ratio: 1080 \/ 1080\" sizes=\"(max-width: 1080px) 100vw, 1080px\" alt=\"\" width=\"1080\" height=\"1080\"  \/><span class=\"gallery-rollover\"><span class=\"gallery-zoom-ico icomoon-the7-font-the7-zoom-06\"><span><\/span><\/span><\/span><\/a><\/figure><\/div><div data-post-id=\"2199\" data-date=\"2024-09-13T16:52:07+00:00\" data-name=\"cisterne za sumpornu kiselinu\"><figure class=\"post\"><a href=\"https:\/\/cabarplast.com\/wp-content\/uploads\/2024\/09\/cisterne-za-sumpornu-kiselinu.jpg\" class=\"rollover dt-pswp-item layzr-bg\" data-large_image_width=\"1080\" data-large_image_height=\"1080\" data-dt-img-description=\"\" title=\"cisterne za sumpornu kiselinu\"><img decoding=\"async\" class=\"preload-me owl-lazy-load aspect\" src=\"data:image\/svg+xml,%3Csvg%20xmlns%3D&#39;http%3A%2F%2Fwww.w3.org%2F2000%2Fsvg&#39;%20viewBox%3D&#39;0%200%201080%201080&#39;%2F%3E\" data-src=\"https:\/\/cabarplast.com\/wp-content\/uploads\/2024\/09\/cisterne-za-sumpornu-kiselinu.jpg\" data-srcset=\"https:\/\/cabarplast.com\/wp-content\/uploads\/2024\/09\/cisterne-za-sumpornu-kiselinu.jpg 1080w\" loading=\"eager\" style=\"--ratio: 1080 \/ 1080\" sizes=\"(max-width: 1080px) 100vw, 1080px\" alt=\"\" width=\"1080\" height=\"1080\"  \/><span class=\"gallery-rollover\"><span class=\"gallery-zoom-ico icomoon-the7-font-the7-zoom-06\"><span><\/span><\/span><\/span><\/a><\/figure><\/div><\/div>[\/vc_column][vc_column width=&#8221;1\/2&#8243; css=&#8221;.vc_custom_1709676913300{border-left-width: 1px !important;padding-right: 30px !important;padding-left: 30px !important;border-left-color: #0e415f !important;border-left-style: solid !important;}&#8221;][vc_column_text css=&#8221;&#8221;]<\/p>\n<h1><strong>C\u0103zi Dreptunghiulare<\/strong> din Plastic<\/h1>\n<p>&nbsp;<\/p>\n<p>C\u0103zile din plastic, cunoscute \u0219i sub denumirea de rezervoare dreptunghiulare, sunt recipiente fabricate din polietilen\u0103 de \u00eenalt\u0103 densitate (HDPE) sau polipropilen\u0103 (PP). Aceste c\u0103zi sunt proiectate pentru o gam\u0103 larg\u0103 de aplica\u021bii, inclusiv pentru depozitarea \u0219i procesarea de substan\u021be chimice, galvanizare, fosfatare, precum \u0219i procese precum fermentarea. Datorit\u0103 rezisten\u021bei lor chimice, stabilit\u0103\u021bii UV \u0219i durabilit\u0103\u021bii, c\u0103zile din plastic sunt ideale pentru uz industrial, inclusiv \u00een situa\u021biile care necesit\u0103 protec\u021bie suplimentar\u0103 \u00eempotriva scurgerilor sau devers\u0103rilor de materiale periculoase.[\/vc_column_text][vc_empty_space height=&#8221;20&#8243;]<a href=\"https:\/\/cabarplast.com\/ro\/contactati-ne\/\" class=\"btn-shortcode dt-btn-m dt-btn default-btn-color default-btn-hover-color default-btn-bg-color default-btn-bg-hover-color\" id=\"dt-btn-1\"><span>Contacta\u0163i-ne<\/span><\/a>[\/vc_column][\/vc_row][vc_row][vc_column][vc_empty_space][vc_column_text css=&#8221;.vc_custom_1726660088378{padding-right: 30px !important;padding-left: 30px !important;}&#8221;]Pe l\u00e2ng\u0103 rezervoarele cilindrice, care pot fi cisterne orizontale \u0219i rezervoare verticale din plastic, primim adesea cereri speciale de la clien\u021bii no\u0219tri care au nevoie de rezervoare dreptunghiulare sau c\u0103zi dreptunghiulare din plastic.<\/p>\n<p>Interesul pentru aceste tipuri \u0219i forme de rezervoare p\u0103trate provine din materialele polipropilen\u0103 \u0219i polietilen\u0103, care sunt stabilizate UV \u0219i rezistente la influen\u021be chimice, av\u00e2nd astfel o gam\u0103 larg\u0103 de aplica\u021bii \u00een industrie. Durata de via\u021b\u0103 a unei astfel de c\u0103zi este de minimum 50 de ani.<\/p>\n<p>Acestea sunt cel mai frecvent utilizate \u00een industria chimic\u0103 datorit\u0103 rezisten\u021bei lor la diver\u0219i acizi \u0219i sunt adesea folosite pentru c\u0103ptu\u0219irea piscinelor pe care substan\u021bele agresive le pot deteriora sau unde exist\u0103 scurgeri ale mediului.[\/vc_column_text][vc_empty_space height=&#8221;50&#8243;][\/vc_column][\/vc_row][vc_row full_width=&#8221;stretch_row_content_no_spaces&#8221;][vc_column][vc_column_text]<img loading=\"lazy\" decoding=\"async\" class=\"aligncenter wp-image-232 size-full\" src=\"https:\/\/cabarplast.com\/wp-content\/uploads\/2024\/03\/footer-4.png\" alt=\"\" width=\"1919\" height=\"50\" srcset=\"https:\/\/cabarplast.com\/wp-content\/uploads\/2024\/03\/footer-4.png 1919w, https:\/\/cabarplast.com\/wp-content\/uploads\/2024\/03\/footer-4-300x8.png 300w, https:\/\/cabarplast.com\/wp-content\/uploads\/2024\/03\/footer-4-1024x27.png 1024w, https:\/\/cabarplast.com\/wp-content\/uploads\/2024\/03\/footer-4-768x20.png 768w, https:\/\/cabarplast.com\/wp-content\/uploads\/2024\/03\/footer-4-1536x40.png 1536w\" sizes=\"auto, (max-width: 1919px) 100vw, 1919px\" \/>[\/vc_column_text][\/vc_column][\/vc_row][vc_row full_width=&#8221;stretch_row&#8221; css=&#8221;.vc_custom_1709643894007{background-color: #0e415f !important;}&#8221;][vc_column][vc_column_text css=&#8221;.vc_custom_1726660290030{padding-right: 30px !important;padding-left: 30px !important;}&#8221;]<\/p>\n<h2><span style=\"color: #fcb426;\">Rezervoare dreptunghiulare &#8211; utilizare<\/span><\/h2>\n<p><span style=\"color: #ffffff;\">C\u0103zile din plastic \u00ee\u0219i g\u0103sesc o gam\u0103 larg\u0103 de aplica\u021bii \u00een procese industriale specifice, precum \u0219i \u00een sectoare precum transportul:<\/span><\/p>\n<ul>\n<li><span style=\"color: #fcb426;\">C\u0103zi pentru camioane<\/span><span style=\"color: #ffffff;\"> &#8211; C\u0103zi special concepute, utilizate \u00een vehiculele de transport pentru a transporta \u00een siguran\u021b\u0103 lichide, substan\u021be chimice sau materiale reziduale, reduc\u00e2nd la minimum riscul de scurgere sau deversare \u00een timpul transportului.<\/span><\/li>\n<li><span style=\"color: #fcb426;\">Cromare plastic<\/span> <span style=\"color: #ffffff;\">&#8211; C\u0103zile sunt utilizate \u00een procesele de cromare a plasticului, unde piesele din plastic sunt tratate cu solu\u021bii chimice speciale pentru a ob\u021bine o suprafa\u021b\u0103 lucioas\u0103, metalic\u0103.<\/span><\/li>\n<li><span style=\"color: #fcb426;\">C\u0103zi de galvanizare<\/span> <span style=\"color: #ffffff;\">&#8211; \u00cen procesele de galvanizare, c\u0103zile con\u021bin electroli\u021bi \u0219i permit imersia pieselor metalice pentru a crea un strat protector de zinc care previne coroziunea.<\/span><\/li>\n<li><span style=\"color: #fcb426;\">Rezervoare de ap\u0103 din plastic<\/span><span style=\"color: #ffffff;\"> &#8211; \u00cen afar\u0103 de c\u0103zi, rezervoarele din plastic sunt utilizate pe scar\u0103 larg\u0103 pentru depozitarea \u0219i distribuirea apei potabile, precum \u0219i pentru colectarea apei de ploaie.<\/span><\/li>\n<\/ul>\n<p>[\/vc_column_text][vc_empty_space height=&#8221;50&#8243;][\/vc_column][\/vc_row][vc_row full_width=&#8221;stretch_row&#8221; css=&#8221;.vc_custom_1709644275584{background-color: #efefef !important;}&#8221;][vc_column][vc_column_text css=&#8221;.vc_custom_1726660466615{padding-right: 30px !important;padding-left: 30px !important;}&#8221;]<\/p>\n<h2>Alte aplica\u021bii specifice includ<\/h2>\n<ul>\n<li><strong>C\u0103zi de nichelare<\/strong> &#8211; Utilizate \u00een procesele de nichelare, \u00een care piesele metalice sunt tratate cu solu\u021bii de nichel pentru a \u00eembun\u0103t\u0103\u021bi rezisten\u021ba la coroziune \u0219i propriet\u0103\u021bile estetice.<\/li>\n<li><strong>C\u0103zi pentru depozitarea lichidelor agresive \u0219i a acizilor<\/strong> &#8211; Permit depozitarea \u00een siguran\u021b\u0103 a substan\u021belor chimice care pot fi corozive sau periculoase, protej\u00e2nd mediul \u0219i prevenind contaminarea.<\/li>\n<li><strong>C\u0103zi pentru diverse tipuri de fermenta\u021bie<\/strong> &#8211; Cum ar fi c\u0103zile pentru murat varz\u0103, unde se permite un proces controlat de fermenta\u021bie \u00een condi\u021bii igienice \u0219i sigure.<\/li>\n<li><strong>C\u0103zi de fosfatare<\/strong> &#8211; Utilizate \u00een procesele de fosfatare, parte a preg\u0103tirii suprafe\u021belor metalice \u00eenainte de vopsire, pentru a \u00eembun\u0103t\u0103\u021bi aderen\u021ba vopselei \u0219i rezisten\u021ba la coroziune.<\/li>\n<li><strong>C\u0103zi din plastic pentru zincare<\/strong> &#8211; Servesc la zincarea pieselor metalice mai mici, oferind un strat protector de zinc care protejeaz\u0103 metalul de coroziune.<\/li>\n<\/ul>\n<p>Aceste c\u0103zi permit o manipulare eficient\u0103, sigur\u0103 \u0219i responsabil\u0103 fa\u021b\u0103 de mediu a diverselor materiale \u0219i substan\u021be \u00een industrie, adapt\u00e2ndu-se la nevoile specifice ale diferitelor procese \u0219i aplica\u021bii.[\/vc_column_text][vc_column_text][\/vc_column_text][vc_empty_space][\/vc_column][\/vc_row][vc_row][vc_column][vc_column_text css=&#8221;.vc_custom_1726660498313{padding-top: 30px !important;padding-right: 30px !important;padding-bottom: 30px !important;padding-left: 30px !important;background-color: #0e415f !important;border-radius: 15px !important;}&#8221;]<\/p>\n<h3><span style=\"color: #fcb426;\">Pot fi mutate c\u0103zile dreptunghiulare din plastic?<\/span><\/h3>\n<p><span style=\"color: #ffffff;\">C\u0103zile pot fi proiectate fie ca fixe, fie ca mobile, c\u0103zile mobile av\u00e2nd ro\u021bi care permit mi\u0219carea u\u0219oar\u0103 \u00een cadrul spa\u021biului de lucru. Aceast\u0103 func\u021bionalitate este util\u0103 \u00een special \u00een mediile industriale dinamice, unde este necesar\u0103 flexibilitate \u00een amenajare \u0219i acces la echipamente.<\/span>[\/vc_column_text][vc_column_text][\/vc_column_text][vc_empty_space][\/vc_column][\/vc_row][vc_row][vc_column][vc_column_text css=&#8221;.vc_custom_1726660549559{padding-right: 30px !important;padding-left: 30px !important;}&#8221;]<\/p>\n<h2>Dimensiunea c\u0103zii dreptunghiulare din plastic<\/h2>\n<p>Dimensiunea \u0219i capacitatea c\u0103zilor sunt adaptate la cerin\u021bele specifice ale clien\u021bilor, ceea ce \u00eenseamn\u0103 c\u0103 pot fi fabricate \u00eentr-o gam\u0103 larg\u0103 de dimensiuni pentru a satisface diverse nevoi \u00een ceea ce prive\u0219te capacitatea \u0219i spa\u021biul. Caracteristici suplimentare, cum ar fi fitinguri, valve sau scale de m\u0103surare, pot fi integrate \u00een design pentru a spori func\u021bionalitatea \u0219i u\u0219urin\u021ba \u00een utilizare.<\/p>\n<p>\u00cen cazurile \u00een care este necesar, \u00een special pentru c\u0103zile mai mari sau mai \u00eenc\u0103rcate, structura poate fi consolidat\u0103 cu profile metalice. Aceast\u0103 armare suplimentar\u0103 asigur\u0103 stabilitatea \u0219i longevitatea c\u0103zilor, chiar \u0219i \u00een condi\u021bii de lucru dificile, cum ar fi presiuni ridicate, volume mari de lichide sau manipulare frecvent\u0103.<\/p>\n<p>Datorit\u0103 acestor caracteristici, c\u0103zile dreptunghiulare din plastic devin un instrument cheie \u00een procesele de prelucrare a metalelor \u0219i de gestionare a substan\u021belor chimice, oferind o solu\u021bie fiabil\u0103 care \u00eendepline\u0219te standardele industriale de calitate \u0219i siguran\u021b\u0103.<\/p>\n<p>\u010cabar Plast se remarc\u0103 \u00een produc\u021bia de c\u0103zi din plastic de \u00eenalt\u0103 calitate, care vin \u00een dou\u0103 variante, adaptate diferitelor nevoi \u0219i aplica\u021bii:[\/vc_column_text][vc_column_text][\/vc_column_text][vc_empty_space][\/vc_column][\/vc_row][vc_row][vc_column][vc_column_text css=&#8221;.vc_custom_1726660598543{padding-top: 30px !important;padding-right: 30px !important;padding-bottom: 30px !important;padding-left: 30px !important;background-color: #0e415f !important;border-radius: 15px !important;}&#8221;]<\/p>\n<h2><span style=\"color: #fcb426;\">C\u0103zi Deschise<\/span><\/h2>\n<p><span style=\"color: #ffffff;\">C\u0103zile deschise de la \u010cabar Plast reprezint\u0103 apogeul func\u021bionalit\u0103\u021bii \u0219i accesibilit\u0103\u021bii. F\u0103r\u0103 capac, aceste c\u0103zi permit accesul rapid \u0219i nestingherit la con\u021binut, fiind ideale pentru procese industriale dinamice \u00een care este necesar\u0103 manipularea frecvent\u0103 a materialelor. Fie c\u0103 sunt folosite pentru amestecarea substan\u021belor chimice, sp\u0103larea pieselor sau ca recipiente de fermentare, structura lor deschis\u0103 asigur\u0103 o eficien\u021b\u0103 maxim\u0103 \u0219i o utilizare u\u0219oar\u0103.<\/span>[\/vc_column_text][vc_column_text][\/vc_column_text][vc_empty_space][\/vc_column][\/vc_row][vc_row][vc_column][vc_column_text css=&#8221;.vc_custom_1726660635014{padding-top: 30px !important;padding-right: 30px !important;padding-bottom: 30px !important;padding-left: 30px !important;background-color: #efefef !important;border-radius: 15px !important;}&#8221;]<\/p>\n<h2>C\u0103zi \u00cenchise<\/h2>\n<p>C\u0103zile \u00eenchise, cu capacele lor robuste \u0219i sigure, ofer\u0103 un strat suplimentar de protec\u021bie pentru materialele depozitate. Sunt perfecte pentru p\u0103strarea materialelor sensibile sau valoroase care necesit\u0103 protec\u021bie \u00eempotriva elementelor externe, cum ar fi praful, murd\u0103ria sau poten\u021biala contaminare.<\/p>\n<p>Capacul nu numai c\u0103 protejeaz\u0103 con\u021binutul, dar \u0219i minimizeaz\u0103 riscul de v\u0103rs\u0103ri \u0219i scurgeri, f\u0103c\u00e2nd c\u0103zile \u00eenchise esen\u021biale \u00een condi\u021bii de laborator, industria alimentar\u0103 \u0219i acolo unde este implicat\u0103 manipularea materialelor periculoase.[\/vc_column_text][vc_column_text][\/vc_column_text][vc_empty_space][\/vc_column][\/vc_row][vc_row full_width=&#8221;stretch_row_content_no_spaces&#8221;][vc_column][vc_column_text]<img loading=\"lazy\" decoding=\"async\" class=\"aligncenter wp-image-232 size-full\" src=\"https:\/\/cabarplast.com\/wp-content\/uploads\/2024\/03\/footer-4.png\" alt=\"\" width=\"1919\" height=\"50\" srcset=\"https:\/\/cabarplast.com\/wp-content\/uploads\/2024\/03\/footer-4.png 1919w, https:\/\/cabarplast.com\/wp-content\/uploads\/2024\/03\/footer-4-300x8.png 300w, https:\/\/cabarplast.com\/wp-content\/uploads\/2024\/03\/footer-4-1024x27.png 1024w, https:\/\/cabarplast.com\/wp-content\/uploads\/2024\/03\/footer-4-768x20.png 768w, https:\/\/cabarplast.com\/wp-content\/uploads\/2024\/03\/footer-4-1536x40.png 1536w\" sizes=\"auto, (max-width: 1919px) 100vw, 1919px\" \/>[\/vc_column_text][\/vc_column][\/vc_row]<\/p>\n<\/div>","protected":false},"excerpt":{"rendered":"<p>[vc_row][vc_column width=&#8221;1\/2&#8243;][\/vc_column][vc_column width=&#8221;1\/2&#8243; css=&#8221;.vc_custom_1709676913300{border-left-width: 1px !important;padding-right: 30px !important;padding-left: 30px !important;border-left-color: #0e415f !important;border-left-style: solid !important;}&#8221;][vc_column_text css=&#8221;&#8221;] C\u0103zi Dreptunghiulare din Plastic &nbsp; C\u0103zile din plastic, cunoscute \u0219i sub denumirea de rezervoare dreptunghiulare, sunt recipiente fabricate din polietilen\u0103 de \u00eenalt\u0103 densitate (HDPE) sau polipropilen\u0103 (PP). Aceste c\u0103zi sunt proiectate pentru o gam\u0103 larg\u0103 de aplica\u021bii, inclusiv pentru depozitarea&hellip;<\/p>\n","protected":false},"author":1,"featured_media":0,"parent":0,"menu_order":0,"comment_status":"closed","ping_status":"closed","template":"","meta":{"footnotes":""},"class_list":["post-2656","page","type-page","status-publish","hentry","description-off"],"_links":{"self":[{"href":"https:\/\/cabarplast.com\/ro\/wp-json\/wp\/v2\/pages\/2656","targetHints":{"allow":["GET"]}}],"collection":[{"href":"https:\/\/cabarplast.com\/ro\/wp-json\/wp\/v2\/pages"}],"about":[{"href":"https:\/\/cabarplast.com\/ro\/wp-json\/wp\/v2\/types\/page"}],"author":[{"embeddable":true,"href":"https:\/\/cabarplast.com\/ro\/wp-json\/wp\/v2\/users\/1"}],"replies":[{"embeddable":true,"href":"https:\/\/cabarplast.com\/ro\/wp-json\/wp\/v2\/comments?post=2656"}],"version-history":[{"count":4,"href":"https:\/\/cabarplast.com\/ro\/wp-json\/wp\/v2\/pages\/2656\/revisions"}],"predecessor-version":[{"id":3009,"href":"https:\/\/cabarplast.com\/ro\/wp-json\/wp\/v2\/pages\/2656\/revisions\/3009"}],"wp:attachment":[{"href":"https:\/\/cabarplast.com\/ro\/wp-json\/wp\/v2\/media?parent=2656"}],"curies":[{"name":"wp","href":"https:\/\/api.w.org\/{rel}","templated":true}]}}