{"id":2651,"date":"2024-03-04T21:05:02","date_gmt":"2024-03-04T21:05:02","guid":{"rendered":"https:\/\/cabarplast.com\/?page_id=2651"},"modified":"2024-09-20T12:25:03","modified_gmt":"2024-09-20T12:25:03","slug":"rezervoare-din-plastic-cu-pereti-dubli","status":"publish","type":"page","link":"https:\/\/cabarplast.com\/ro\/rezervoare-din-plastic-cu-pereti-dubli\/","title":{"rendered":"Rezervoare din plastic cu pere\u021bi dubli"},"content":{"rendered":"<div class=\"wpb-content-wrapper\"><p>[vc_row][vc_column width=&#8221;1\/2&#8243;]<style type=\"text\/css\" data-type=\"the7_shortcodes-inline-css\">.gallery-carousel-shortcode.gallery-carousel-shortcode-id-2aed595b52e48e9e7e6b5222425c6ffc .owl-nav a {\n  width: 36px;\n  height: 36px;\n  border-radius: 500px;\n}\n.dt-arrow-border-on.gallery-carousel-shortcode.gallery-carousel-shortcode-id-2aed595b52e48e9e7e6b5222425c6ffc .owl-nav a:not(:hover):before {\n  border-width: 0px;\n}\n.dt-arrow-hover-border-on.gallery-carousel-shortcode.gallery-carousel-shortcode-id-2aed595b52e48e9e7e6b5222425c6ffc .owl-nav a:hover:after {\n  border-width: 0px;\n}\n.gallery-carousel-shortcode.gallery-carousel-shortcode-id-2aed595b52e48e9e7e6b5222425c6ffc .owl-nav a.owl-prev {\n  top: 50%;\n  transform: translateY(calc(-50% + 0px));\n  left: -43px;\n}\n@media all and (-ms-high-contrast: none) {\n  .gallery-carousel-shortcode.gallery-carousel-shortcode-id-2aed595b52e48e9e7e6b5222425c6ffc .owl-nav a.owl-prev {\n    transform: translateY(-50%);\n    margin-top: 0px;\n  }\n}\n.gallery-carousel-shortcode.gallery-carousel-shortcode-id-2aed595b52e48e9e7e6b5222425c6ffc .owl-nav a.owl-prev i {\n  padding: 0px 0px 0px 0px;\n}\n.gallery-carousel-shortcode.gallery-carousel-shortcode-id-2aed595b52e48e9e7e6b5222425c6ffc .owl-nav a.owl-next {\n  top: 50%;\n  transform: translateY(calc(-50% + 0px));\n  right: -43px;\n}\n@media all and (-ms-high-contrast: none) {\n  .gallery-carousel-shortcode.gallery-carousel-shortcode-id-2aed595b52e48e9e7e6b5222425c6ffc .owl-nav a.owl-next {\n    transform: translateY(-50%);\n    margin-top: 0px;\n  }\n}\n.gallery-carousel-shortcode.gallery-carousel-shortcode-id-2aed595b52e48e9e7e6b5222425c6ffc .owl-nav a.owl-next i {\n  padding: 0px 0px 0px 0px;\n}\n.gallery-carousel-shortcode.gallery-carousel-shortcode-id-2aed595b52e48e9e7e6b5222425c6ffc .owl-nav i {\n  font-size: 18px;\n}\n.gallery-carousel-shortcode.gallery-carousel-shortcode-id-2aed595b52e48e9e7e6b5222425c6ffc .owl-nav a:not(:hover) i,\n.gallery-carousel-shortcode.gallery-carousel-shortcode-id-2aed595b52e48e9e7e6b5222425c6ffc .owl-nav a:not(:hover) i:before {\n  color: #ffffff;\n  background: none;\n}\n.gallery-carousel-shortcode.gallery-carousel-shortcode-id-2aed595b52e48e9e7e6b5222425c6ffc .owl-nav a:hover i,\n.gallery-carousel-shortcode.gallery-carousel-shortcode-id-2aed595b52e48e9e7e6b5222425c6ffc .owl-nav a:hover i:before {\n  color: rgba(255,255,255,0.75);\n  background: none;\n}\n.gallery-carousel-shortcode.gallery-carousel-shortcode-id-2aed595b52e48e9e7e6b5222425c6ffc .owl-dots {\n  top: calc(100% + 20px);\n  left: 50%;\n  transform: translateX(calc(-50% + 0px));\n}\n@media all and (-ms-high-contrast: none) {\n  .gallery-carousel-shortcode.gallery-carousel-shortcode-id-2aed595b52e48e9e7e6b5222425c6ffc .owl-dots {\n    transform: translateX(-50%);\n    margin-left: 0px;\n  }\n}\n.gallery-carousel-shortcode.gallery-carousel-shortcode-id-2aed595b52e48e9e7e6b5222425c6ffc .owl-dot {\n  width: 10px;\n  height: 10px;\n  margin: 0 8px;\n}\n@media screen and (max-width: 778px) {\n  .gallery-carousel-shortcode.gallery-carousel-shortcode-id-2aed595b52e48e9e7e6b5222425c6ffc.hide-arrows .owl-nav a {\n    display: none;\n  }\n}\n@media screen and (max-width: 778px) {\n  .gallery-carousel-shortcode.gallery-carousel-shortcode-id-2aed595b52e48e9e7e6b5222425c6ffc.reposition-arrows .owl-nav .owl-prev {\n    top: 50%;\n    transform: translateY(calc(-50% + 0px));\n    left: 10px;\n  }\n  .gallery-carousel-shortcode.gallery-carousel-shortcode-id-2aed595b52e48e9e7e6b5222425c6ffc.reposition-arrows .owl-nav .owl-next {\n    top: 50%;\n    transform: translateY(calc(-50% + 0px));\n    right: 10px;\n  }\n}\n@media screen and (max-width: 778px) and all and (-ms-high-contrast: none) {\n  .gallery-carousel-shortcode.gallery-carousel-shortcode-id-2aed595b52e48e9e7e6b5222425c6ffc.reposition-arrows .owl-nav .owl-prev {\n    transform: translateY(-50%);\n    margin-top: 0px;\n  }\n}\n@media screen and (max-width: 778px) and all and (-ms-high-contrast: none) {\n  .gallery-carousel-shortcode.gallery-carousel-shortcode-id-2aed595b52e48e9e7e6b5222425c6ffc.reposition-arrows .owl-nav .owl-next {\n    transform: translateY(-50%);\n    margin-top: 0px;\n  }\n}\n.gallery-carousel-shortcode.gallery-carousel-shortcode-id-2aed595b52e48e9e7e6b5222425c6ffc figure,\n.gallery-carousel-shortcode.gallery-carousel-shortcode-id-2aed595b52e48e9e7e6b5222425c6ffc .rollover,\n.gallery-carousel-shortcode.gallery-carousel-shortcode-id-2aed595b52e48e9e7e6b5222425c6ffc img,\n.gallery-carousel-shortcode.gallery-carousel-shortcode-id-2aed595b52e48e9e7e6b5222425c6ffc .gallery-rollover {\n  border-radius: 0px;\n}\n.gallery-carousel-shortcode.gallery-carousel-shortcode-id-2aed595b52e48e9e7e6b5222425c6ffc.enable-bg-rollover .gallery-rollover {\n  background: -webkit-linear-gradient();\n  background: linear-gradient();\n}\n.gallery-carousel-shortcode.gallery-carousel-shortcode-id-2aed595b52e48e9e7e6b5222425c6ffc.enable-img-shadow .owl-stage-outer {\n  padding: 14px 0;\n}\n.gallery-carousel-shortcode.gallery-carousel-shortcode-id-2aed595b52e48e9e7e6b5222425c6ffc.enable-bg-rollover.hover-scale figure .rollover:after {\n  background: -webkit-linear-gradient();\n  background: linear-gradient();\n}\n.gallery-carousel-shortcode.gallery-carousel-shortcode-id-2aed595b52e48e9e7e6b5222425c6ffc.gallery-shortcode .gallery-zoom-ico {\n  width: 44px;\n  height: 44px;\n  line-height: 44px;\n  border-radius: 100px;\n  margin: -22px 0 0 -22px;\n  border-width: 0px;\n}\n.dt-icon-bg-on.gallery-carousel-shortcode.gallery-carousel-shortcode-id-2aed595b52e48e9e7e6b5222425c6ffc.gallery-shortcode .gallery-zoom-ico {\n  background: rgba(255,255,255,0.3);\n  box-shadow: none;\n}\n.gallery-carousel-shortcode.gallery-carousel-shortcode-id-2aed595b52e48e9e7e6b5222425c6ffc.gallery-shortcode .gallery-zoom-ico:before,\n.gallery-carousel-shortcode.gallery-carousel-shortcode-id-2aed595b52e48e9e7e6b5222425c6ffc.gallery-shortcode .gallery-zoom-ico span {\n  font-size: 32px;\n  line-height: 44px;\n  color: #ffffff;\n  background: none;\n}\n<\/style><div class=\"owl-carousel gallery-carousel-shortcode gallery-shortcode  dt-gallery-container dt-owl-carousel-call gallery-carousel-shortcode-id-2aed595b52e48e9e7e6b5222425c6ffc quick-scale-img enable-bg-rollover meta-info-off dt-arrow-border-on dt-arrow-hover-border-on bullets-small-dot-stroke reposition-arrows dt-icon-bg-off arrows-bg-on disable-arrows-hover-bg arrows-hover-bg-on  vc_custom_1726659695262 hover-fade \" data-scroll-mode=\"1\" data-col-num=\"1\" data-wide-col-num=\"1\" data-laptop-col=\"1\" data-h-tablet-columns-num=\"1\" data-v-tablet-columns-num=\"1\" data-phone-columns-num=\"1\" data-col-gap=\"10\" data-stage-padding=\"0\" data-speed=\"600\" data-autoplay=\"false\" data-autoplay_speed=\"6000\" data-arrows=\"true\" data-bullet=\"false\" data-next-icon=\"icon-ar-017-r\" data-prev-icon=\"icon-ar-017-l\" data-img-shadow-size=\"12px\" data-img-shadow-spread=\"3px\"><div data-post-id=\"2793\" data-date=\"2024-03-05T14:15:21+00:00\" data-name=\"Cisterne za sumpornu kiselinu\"><figure class=\"post\"><a href=\"https:\/\/cabarplast.com\/wp-content\/uploads\/2024\/03\/Untitled-design-1.jpg\" class=\"rollover dt-pswp-item layzr-bg\" data-large_image_width=\"1080\" data-large_image_height=\"1080\" data-dt-img-description=\"\" title=\"Cisterne za sumpornu kiselinu\"><img fetchpriority=\"high\" decoding=\"async\" class=\"preload-me owl-lazy-load aspect\" src=\"data:image\/svg+xml,%3Csvg%20xmlns%3D&#39;http%3A%2F%2Fwww.w3.org%2F2000%2Fsvg&#39;%20viewBox%3D&#39;0%200%201080%201080&#39;%2F%3E\" data-src=\"https:\/\/cabarplast.com\/wp-content\/uploads\/2024\/03\/Untitled-design-1.jpg\" data-srcset=\"https:\/\/cabarplast.com\/wp-content\/uploads\/2024\/03\/Untitled-design-1.jpg 1080w\" loading=\"eager\" style=\"--ratio: 1080 \/ 1080\" sizes=\"(max-width: 1080px) 100vw, 1080px\" alt=\"\" width=\"1080\" height=\"1080\"  \/><span class=\"gallery-rollover\"><span class=\"gallery-zoom-ico icomoon-the7-font-the7-zoom-06\"><span><\/span><\/span><\/span><\/a><\/figure><\/div><div data-post-id=\"2199\" data-date=\"2024-09-13T16:52:07+00:00\" data-name=\"cisterne za sumpornu kiselinu\"><figure class=\"post\"><a href=\"https:\/\/cabarplast.com\/wp-content\/uploads\/2024\/09\/cisterne-za-sumpornu-kiselinu.jpg\" class=\"rollover dt-pswp-item layzr-bg\" data-large_image_width=\"1080\" data-large_image_height=\"1080\" data-dt-img-description=\"\" title=\"cisterne za sumpornu kiselinu\"><img decoding=\"async\" class=\"preload-me owl-lazy-load aspect\" src=\"data:image\/svg+xml,%3Csvg%20xmlns%3D&#39;http%3A%2F%2Fwww.w3.org%2F2000%2Fsvg&#39;%20viewBox%3D&#39;0%200%201080%201080&#39;%2F%3E\" data-src=\"https:\/\/cabarplast.com\/wp-content\/uploads\/2024\/09\/cisterne-za-sumpornu-kiselinu.jpg\" data-srcset=\"https:\/\/cabarplast.com\/wp-content\/uploads\/2024\/09\/cisterne-za-sumpornu-kiselinu.jpg 1080w\" loading=\"eager\" style=\"--ratio: 1080 \/ 1080\" sizes=\"(max-width: 1080px) 100vw, 1080px\" alt=\"\" width=\"1080\" height=\"1080\"  \/><span class=\"gallery-rollover\"><span class=\"gallery-zoom-ico icomoon-the7-font-the7-zoom-06\"><span><\/span><\/span><\/span><\/a><\/figure><\/div><\/div>[\/vc_column][vc_column width=&#8221;1\/2&#8243; css=&#8221;.vc_custom_1709647368309{border-left-width: 1px !important;padding-right: 30px !important;padding-left: 30px !important;border-left-color: #0e415f !important;border-left-style: solid !important;}&#8221;][vc_column_text css=&#8221;&#8221;]<\/p>\n<h1><strong>Rezervoare din <\/strong>plastic cu pere\u021bi dubli<\/h1>\n<p>&nbsp;<\/p>\n<p>Rezervoarele din plastic cu pere\u021bi dubli sunt containere specializate concepute pentru re\u021binerea \u0219i stocarea substan\u021belor periculoase, cum ar fi acizii, \u00een cazul unui accident sau a deterior\u0103rii rezervoarelor primare.<\/p>\n<p>Ele servesc ca o m\u0103sur\u0103 suplimentar\u0103 de siguran\u021b\u0103 pentru a proteja mediul \u0219i oamenii de posibilele devers\u0103ri d\u0103un\u0103toare.<\/p>\n<p>Rezervoarele cu pere\u021bi dubli sunt obligatorii \u00een instala\u021biile industriale \u00een care se manipuleaz\u0103 substan\u021be chimice periculoase \u0219i trebuie proiectate \u00een conformitate cu reglement\u0103ri strict definite de protec\u021bie a mediului \u0219i siguran\u021b\u0103.[\/vc_column_text][vc_empty_space height=&#8221;20&#8243;]<a href=\"https:\/\/cabarplast.com\/ro\/contactati-ne\/\" class=\"btn-shortcode dt-btn-m dt-btn default-btn-color default-btn-hover-color default-btn-bg-color default-btn-bg-hover-color\" id=\"dt-btn-1\"><span>Contacta\u0163i-ne<\/span><\/a>[\/vc_column][\/vc_row][vc_row][vc_column][vc_empty_space][vc_column_text css=&#8221;.vc_custom_1726659138496{padding-right: 30px !important;padding-left: 30px !important;}&#8221;]<\/p>\n<h2>Rezervoare cu pere\u021bi dubli &#8211; Utilizare<\/h2>\n<p>Rezervoarele cu pere\u021bi dubli sunt utilizate pentru re\u021binerea \u0219i stocarea lichidelor periculoase, \u00een special \u00een cazul scurgerilor sau accidentelor din sistemele primare de stocare. Aplicarea lor este r\u0103sp\u00e2ndit\u0103 \u00een diverse industrii, inclusiv:[\/vc_column_text][vc_empty_space height=&#8221;50&#8243;][\/vc_column][\/vc_row][vc_row full_width=&#8221;stretch_row_content_no_spaces&#8221;][vc_column][vc_column_text]<img loading=\"lazy\" decoding=\"async\" class=\"aligncenter wp-image-232 size-full\" src=\"https:\/\/cabarplast.com\/wp-content\/uploads\/2024\/03\/footer-4.png\" alt=\"\" width=\"1919\" height=\"50\" srcset=\"https:\/\/cabarplast.com\/wp-content\/uploads\/2024\/03\/footer-4.png 1919w, https:\/\/cabarplast.com\/wp-content\/uploads\/2024\/03\/footer-4-300x8.png 300w, https:\/\/cabarplast.com\/wp-content\/uploads\/2024\/03\/footer-4-1024x27.png 1024w, https:\/\/cabarplast.com\/wp-content\/uploads\/2024\/03\/footer-4-768x20.png 768w, https:\/\/cabarplast.com\/wp-content\/uploads\/2024\/03\/footer-4-1536x40.png 1536w\" sizes=\"auto, (max-width: 1919px) 100vw, 1919px\" \/>[\/vc_column_text][\/vc_column][\/vc_row][vc_row full_width=&#8221;stretch_row&#8221; css=&#8221;.vc_custom_1709643894007{background-color: #0e415f !important;}&#8221;][vc_column][vc_column_text css=&#8221;.vc_custom_1726659364650{padding-right: 30px !important;padding-left: 30px !important;}&#8221;]<\/p>\n<ul>\n<li><span style=\"color: #fcb426;\">Industria chimic\u0103: <\/span><span style=\"color: #ffffff;\">&#8211; \u00cen instala\u021biile de produc\u021bie, depozitare \u0219i manipulare a diverselor substan\u021be chimice, rezervoarele cu pere\u021bi dubli sunt esen\u021biale pentru prevenirea riscurilor de mediu \u0219i de s\u0103n\u0103tate datorate poten\u021bialelor scurgeri de materiale periculoase, cum ar fi acizi, baze \u0219i al\u021bi compu\u0219i chimici agresivi.<\/span><\/li>\n<li><span style=\"color: #fcb426;\">Industria prelucr\u0103rii metalelor<\/span> <span style=\"color: #ffffff;\">&#8211; \u00cen procesele de galvanizare, cromare, nichelare \u0219i zincare, rezervoarele cu pere\u021bi dubli servesc ca recipiente de siguran\u021b\u0103 pentru captarea substan\u021belor chimice utilizate \u00een aceste procese.<\/span><\/li>\n<li><span style=\"color: #fcb426;\">Industria farmaceutic\u0103<\/span> <span style=\"color: #ffffff;\">&#8211; \u00cen produc\u021bia de medicamente \u0219i alte produse farmaceutice, unde sunt adesea utilizate diverse substan\u021be chimice puternice, rezervoarele cu pere\u021bi dubli sunt necesare pentru a asigura depozitarea \u0219i manipularea \u00een siguran\u021b\u0103.<\/span><\/li>\n<li><span style=\"color: #fcb426;\">Industria alimentar\u0103<\/span> <span style=\"color: #ffffff;\">&#8211; De\u0219i mai pu\u021bin periculoase \u00een compara\u021bie cu substan\u021bele chimice, anumite procese de fermentare \u0219i prelucrare necesit\u0103 utilizarea de rezervoare cu pere\u021bi dubli pentru stocarea produselor secundare sau ca m\u0103sur\u0103 de precau\u021bie pentru stocarea lichidelor care pot prezenta un risc.<\/span><\/li>\n<li><span style=\"color: #fcb426;\">Sta\u021bii de epurare a apelor uzate<\/span> <span style=\"color: #ffffff;\">&#8211; \u00cen sistemele de tratare a apelor uzate, rezervoarele cu pere\u021bi dubli pot fi utilizate pentru stocarea temporar\u0103 a materialelor poten\u021bial periculoase \u00eenainte de procesul de tratare.<\/span><\/li>\n<li><span style=\"color: #fcb426;\">Industria energetic\u0103<\/span><span style=\"color: #ffffff;\"> &#8211; \u00cen rafin\u0103rii \u0219i instala\u021bii de prelucrare a gazelor \u0219i petrolului, rezervoarele cu pere\u021bi dubli sunt un element crucial al sistemelor de siguran\u021b\u0103 pentru stocarea petrolului, gazului \u0219i a altor fluide inflamabile sau periculoase.<\/span><\/li>\n<li><span style=\"color: #fcb426;\">Industria agrochimic\u0103<\/span> <span style=\"color: #ffffff;\">&#8211; Pentru stocarea pesticidelor, erbicidelor \u0219i a altor produse agrochimice, rezervoarele cu pere\u021bi dubli ofer\u0103 o barier\u0103 de siguran\u021b\u0103 care previne poten\u021biala contaminare a solului \u0219i a apei.<\/span><\/li>\n<\/ul>\n<p><span style=\"color: #ffffff;\">Rezervoarele cu pere\u021bi dubli sunt concepute s\u0103 reziste \u00een medii chimice agresive \u0219i \u00een condi\u021bii extreme, iar construc\u021bia \u0219i \u00eentre\u021binerea lor sunt supuse unor reglement\u0103ri stricte pentru a asigura siguran\u021ba maxim\u0103 \u0219i protec\u021bia mediului.<\/span>[\/vc_column_text][vc_empty_space height=&#8221;50&#8243;][\/vc_column][\/vc_row][vc_row full_width=&#8221;stretch_row&#8221; css=&#8221;.vc_custom_1709644275584{background-color: #efefef !important;}&#8221;][vc_column][vc_column_text css=&#8221;.vc_custom_1726659427395{padding-right: 30px !important;padding-left: 30px !important;}&#8221;]<\/p>\n<h3>Rezervoarele cu pere\u021bi dubli pot fi rotunde sau doar dreptunghiulare?<\/h3>\n<p>Rezervoarele cu pere\u021bi dubli pot fi fie rotunde, fie dreptunghiulare, \u00een func\u021bie de nevoile specifice \u0219i de limit\u0103rile de spa\u021biu \u00een care sunt instalate. Alegerea formei depinde adesea de disponibilitatea spa\u021biului, de tipul \u0219i cantitatea de material depozitat, precum \u0219i de preferin\u021bele privind designul \u0219i eficien\u021ba sistemului.<\/p>\n<p>Rezervoarele rotunde cu pere\u021bi dubli sunt adesea utilizate pentru rezisten\u021ba lor structural\u0103 \u0219i eficien\u021ba \u00een ceea ce prive\u0219te distribu\u021bia presiunii, \u00een timp ce rezervoarele dreptunghiulare permit o mai bun\u0103 utilizare a spa\u021biului, \u00een special \u00een zonele \u00eenguste sau cu form\u0103 neregulat\u0103.[\/vc_column_text][vc_column_text][\/vc_column_text][vc_empty_space][\/vc_column][\/vc_row][vc_row][vc_column][vc_column_text css=&#8221;.vc_custom_1726659471462{padding-top: 30px !important;padding-right: 30px !important;padding-bottom: 30px !important;padding-left: 30px !important;background-color: #0e415f !important;border-radius: 15px !important;}&#8221;]<\/p>\n<h2><span style=\"color: #fcb426;\">Pere\u021bi <strong>dubli pentru<\/strong> uleiuri<\/span><\/h2>\n<p><span style=\"color: #ffffff;\">Pere\u021bii dubli pentru uleiuri sunt concepu\u021bi pentru depozitarea \u0219i gestionarea \u00een siguran\u021b\u0103 a diferitelor tipuri de uleiuri, inclusiv uleiuri de motor, vegetale, industriale etc. Ace\u0219tia ofer\u0103 protec\u021bie suplimentar\u0103 \u00een caz de scurgeri din rezervoarele primare, protej\u00e2nd mediul de o posibil\u0103 poluare. Ace\u0219ti pere\u021bi dubli sunt adesea echipa\u021bi cu sisteme de detectare a scurgerilor \u0219i de gestionare a devers\u0103rilor, oferind un nivel ridicat de siguran\u021b\u0103.<\/span>[\/vc_column_text][vc_column_text][\/vc_column_text][vc_empty_space][\/vc_column][\/vc_row][vc_row][vc_column][vc_column_text css=&#8221;.vc_custom_1726659496578{padding-top: 30px !important;padding-right: 30px !important;padding-bottom: 30px !important;padding-left: 30px !important;background-color: #efefef !important;border-radius: 15px !important;}&#8221;]<\/p>\n<h2>Pere\u021bi dubli pentru <strong>butoaie<\/strong><\/h2>\n<p>Pere\u021bii dubli pentru butoaie sunt recipiente special construite, utilizate pentru depozitarea butoaielor care con\u021bin diverse materiale, inclusiv substan\u021be chimice, uleiuri, combustibili \u0219i alte lichide. Ace\u0219tia servesc ca barier\u0103 de protec\u021bie \u00een cazul scurgerilor din butoaie, prevenind contaminarea spa\u021biilor de lucru \u0219i de locuit. Ace\u0219ti pere\u021bi dubli sunt concepu\u021bi pentru a g\u0103zdui cu u\u0219urin\u021b\u0103 unul sau mai multe butoaie, fiind o solu\u021bie ideal\u0103 pentru depozitare \u0219i manipulare.[\/vc_column_text][vc_column_text css=&#8221;&#8221;][\/vc_column_text][vc_empty_space][\/vc_column][\/vc_row][vc_row][vc_column][vc_column_text css=&#8221;.vc_custom_1726659537010{padding-top: 30px !important;padding-right: 30px !important;padding-bottom: 30px !important;padding-left: 30px !important;background-color: #0e415f !important;border-radius: 15px !important;}&#8221;]<\/p>\n<h2><span style=\"color: #fcb426;\">Pere\u021bi dubli pentru substan\u021be <strong>chimice<\/strong><\/span><\/h2>\n<p><span style=\"color: #ffffff;\">Pere\u021bii dubli pentru substan\u021be chimice sunt fabrica\u021bi din materiale rezistente la diferite tipuri de substan\u021be chimice \u0219i sunt utiliza\u021bi \u00een industria chimic\u0103 pentru depozitarea substan\u021belor chimice corozive sau periculoase. Ace\u0219tia sunt echipa\u021bi cu c\u0103ptu\u0219eli protectoare \u0219i sisteme de prevenire a scurgerilor, constituind un element cheie \u00een gestionarea riscurilor \u0219i protec\u021bia mediului. Pere\u021bii dubli pentru substan\u021be chimice trebuie s\u0103 respecte reglement\u0103ri \u0219i standarde stricte legate de depozitarea materialelor periculoase.<br \/>\n<\/span>[\/vc_column_text][vc_column_text][\/vc_column_text][vc_empty_space][\/vc_column][\/vc_row][vc_row][vc_column][vc_column_text css=&#8221;.vc_custom_1726659575294{padding-top: 30px !important;padding-right: 30px !important;padding-bottom: 30px !important;padding-left: 30px !important;background-color: #efefef !important;border-radius: 15px !important;}&#8221;]<\/p>\n<h2>Pere\u021bi dubli pentru <strong>combustibili<\/strong><\/h2>\n<p>Pere\u021bii dubli pentru combustibili sunt construi\u021bi pentru a oferi o depozitare \u0219i manipulare \u00een siguran\u021b\u0103 a diferitelor tipuri de combustibili, inclusiv benzin\u0103, motorin\u0103, kerosen \u0219i altele. Ace\u0219tia servesc drept barier\u0103 secundar\u0103 \u00een cazul scurgerilor din rezervoarele principale, prevenind poten\u021bialele pericole pentru mediu \u0219i siguran\u021b\u0103.<\/p>\n<p>Pere\u021bii dubli pentru combustibili sunt adesea echipa\u021bi cu sisteme avansate de monitorizare \u0219i control pentru a asigura o siguran\u021b\u0103 maxim\u0103 \u00een timpul depozit\u0103rii \u0219i manipul\u0103rii combustibilului.[\/vc_column_text][vc_empty_space][\/vc_column][\/vc_row][vc_row][vc_column][vc_column_text css=&#8221;.vc_custom_1726659611095{padding-top: 30px !important;padding-right: 30px !important;padding-bottom: 30px !important;padding-left: 30px !important;background-color: #0e415f !important;border-radius: 15px !important;}&#8221;]<\/p>\n<h2><span style=\"color: #fcb426;\">Pere\u021bi dubli <strong>pe ro\u021bi<\/strong><\/span><\/h2>\n<p><span style=\"color: #ffffff;\">Un perete dublu pe ro\u021bi este o versiune mobil\u0103 a unui perete dublu care permite deplasarea u\u0219oar\u0103 \u00een cadrul spa\u021biului de lucru. Este echipat cu ro\u021bi robuste care faciliteaz\u0103 mi\u0219carea sa, fiind ideal pentru situa\u021bii \u00een care este necesar\u0103 flexibilitatea \u00een manipularea \u0219i depozitarea materialelor periculoase. Acest tip de perete dublu este deosebit de util \u00een mediile industriale dinamice, unde configura\u021bia se schimb\u0103 frecvent sau exist\u0103 necesitatea reloc\u0103rii regulate a materialelor depozitate.<\/span><\/p>\n<p><span style=\"color: #ffffff;\">Pere\u021bii dubli mobili ofer\u0103 o siguran\u021b\u0103 suplimentar\u0103 \u00een cazul scurgerilor sau devers\u0103rilor, permi\u021b\u00e2nd un r\u0103spuns rapid \u0219i minimiz\u00e2nd poten\u021bialele daune aduse locului de munc\u0103 \u0219i mediului.<\/span>[\/vc_column_text][vc_column_text][\/vc_column_text][vc_empty_space][\/vc_column][\/vc_row][vc_row full_width=&#8221;stretch_row_content_no_spaces&#8221;][vc_column][vc_column_text]<img loading=\"lazy\" decoding=\"async\" class=\"aligncenter wp-image-232 size-full\" src=\"https:\/\/cabarplast.com\/wp-content\/uploads\/2024\/03\/footer-4.png\" alt=\"\" width=\"1919\" height=\"50\" srcset=\"https:\/\/cabarplast.com\/wp-content\/uploads\/2024\/03\/footer-4.png 1919w, https:\/\/cabarplast.com\/wp-content\/uploads\/2024\/03\/footer-4-300x8.png 300w, https:\/\/cabarplast.com\/wp-content\/uploads\/2024\/03\/footer-4-1024x27.png 1024w, https:\/\/cabarplast.com\/wp-content\/uploads\/2024\/03\/footer-4-768x20.png 768w, https:\/\/cabarplast.com\/wp-content\/uploads\/2024\/03\/footer-4-1536x40.png 1536w\" sizes=\"auto, (max-width: 1919px) 100vw, 1919px\" \/>[\/vc_column_text][\/vc_column][\/vc_row]<\/p>\n<\/div>","protected":false},"excerpt":{"rendered":"<p>[vc_row][vc_column width=&#8221;1\/2&#8243;][\/vc_column][vc_column width=&#8221;1\/2&#8243; css=&#8221;.vc_custom_1709647368309{border-left-width: 1px !important;padding-right: 30px !important;padding-left: 30px !important;border-left-color: #0e415f !important;border-left-style: solid !important;}&#8221;][vc_column_text css=&#8221;&#8221;] Rezervoare din plastic cu pere\u021bi dubli &nbsp; Rezervoarele din plastic cu pere\u021bi dubli sunt containere specializate concepute pentru re\u021binerea \u0219i stocarea substan\u021belor periculoase, cum ar fi acizii, \u00een cazul unui accident sau a deterior\u0103rii rezervoarelor primare. Ele servesc ca o&hellip;<\/p>\n","protected":false},"author":1,"featured_media":0,"parent":0,"menu_order":0,"comment_status":"closed","ping_status":"closed","template":"","meta":{"footnotes":""},"class_list":["post-2651","page","type-page","status-publish","hentry","description-off"],"_links":{"self":[{"href":"https:\/\/cabarplast.com\/ro\/wp-json\/wp\/v2\/pages\/2651","targetHints":{"allow":["GET"]}}],"collection":[{"href":"https:\/\/cabarplast.com\/ro\/wp-json\/wp\/v2\/pages"}],"about":[{"href":"https:\/\/cabarplast.com\/ro\/wp-json\/wp\/v2\/types\/page"}],"author":[{"embeddable":true,"href":"https:\/\/cabarplast.com\/ro\/wp-json\/wp\/v2\/users\/1"}],"replies":[{"embeddable":true,"href":"https:\/\/cabarplast.com\/ro\/wp-json\/wp\/v2\/comments?post=2651"}],"version-history":[{"count":5,"href":"https:\/\/cabarplast.com\/ro\/wp-json\/wp\/v2\/pages\/2651\/revisions"}],"predecessor-version":[{"id":3008,"href":"https:\/\/cabarplast.com\/ro\/wp-json\/wp\/v2\/pages\/2651\/revisions\/3008"}],"wp:attachment":[{"href":"https:\/\/cabarplast.com\/ro\/wp-json\/wp\/v2\/media?parent=2651"}],"curies":[{"name":"wp","href":"https:\/\/api.w.org\/{rel}","templated":true}]}}