{"id":2594,"date":"2024-03-04T21:11:12","date_gmt":"2024-03-04T21:11:12","guid":{"rendered":"https:\/\/cabarplast.com\/?page_id=2594"},"modified":"2024-09-20T12:22:59","modified_gmt":"2024-09-20T12:22:59","slug":"camine-de-canalizare-din-plastic","status":"publish","type":"page","link":"https:\/\/cabarplast.com\/ro\/camine-de-canalizare-din-plastic\/","title":{"rendered":"C\u0103mine de canalizare din plastic"},"content":{"rendered":"<div class=\"wpb-content-wrapper\"><p>[vc_row][vc_column width=&#8221;1\/2&#8243;]<style type=\"text\/css\" data-type=\"the7_shortcodes-inline-css\">.gallery-carousel-shortcode.gallery-carousel-shortcode-id-f5443746169e17f873af9a06509a20b1 .owl-nav a {\n  width: 30px;\n  height: 30px;\n  border-radius: 500px;\n}\n.dt-arrow-border-on.gallery-carousel-shortcode.gallery-carousel-shortcode-id-f5443746169e17f873af9a06509a20b1 .owl-nav a:not(:hover):before {\n  border-width: 0px;\n}\n.dt-arrow-hover-border-on.gallery-carousel-shortcode.gallery-carousel-shortcode-id-f5443746169e17f873af9a06509a20b1 .owl-nav a:hover:after {\n  border-width: 0px;\n}\n.gallery-carousel-shortcode.gallery-carousel-shortcode-id-f5443746169e17f873af9a06509a20b1 .owl-nav a.owl-prev {\n  top: calc(100% + 0px);\n  left: -43px;\n}\n.gallery-carousel-shortcode.gallery-carousel-shortcode-id-f5443746169e17f873af9a06509a20b1 .owl-nav a.owl-prev i {\n  padding: 0px 5px 0px 5px;\n}\n.gallery-carousel-shortcode.gallery-carousel-shortcode-id-f5443746169e17f873af9a06509a20b1 .owl-nav a.owl-next {\n  top: calc(100% + 0px);\n  right: -43px;\n}\n.gallery-carousel-shortcode.gallery-carousel-shortcode-id-f5443746169e17f873af9a06509a20b1 .owl-nav a.owl-next i {\n  padding: 0px 5px 0px 5px;\n}\n.gallery-carousel-shortcode.gallery-carousel-shortcode-id-f5443746169e17f873af9a06509a20b1 .owl-nav i {\n  font-size: 15px;\n}\n.gallery-carousel-shortcode.gallery-carousel-shortcode-id-f5443746169e17f873af9a06509a20b1 .owl-nav a:not(:hover) i,\n.gallery-carousel-shortcode.gallery-carousel-shortcode-id-f5443746169e17f873af9a06509a20b1 .owl-nav a:not(:hover) i:before {\n  color: #ffffff;\n  background: none;\n}\n.gallery-carousel-shortcode.gallery-carousel-shortcode-id-f5443746169e17f873af9a06509a20b1 .owl-nav a:hover i,\n.gallery-carousel-shortcode.gallery-carousel-shortcode-id-f5443746169e17f873af9a06509a20b1 .owl-nav a:hover i:before {\n  color: rgba(255,255,255,0.75);\n  background: none;\n}\n.gallery-carousel-shortcode.gallery-carousel-shortcode-id-f5443746169e17f873af9a06509a20b1 .owl-dots {\n  top: calc(100% + 20px);\n  left: 50%;\n  transform: translateX(calc(-50% + 0px));\n}\n@media all and (-ms-high-contrast: none) {\n  .gallery-carousel-shortcode.gallery-carousel-shortcode-id-f5443746169e17f873af9a06509a20b1 .owl-dots {\n    transform: translateX(-50%);\n    margin-left: 0px;\n  }\n}\n.gallery-carousel-shortcode.gallery-carousel-shortcode-id-f5443746169e17f873af9a06509a20b1 .owl-dot {\n  width: 10px;\n  height: 10px;\n  margin: 0 8px;\n}\n@media screen and (max-width: 778px) {\n  .gallery-carousel-shortcode.gallery-carousel-shortcode-id-f5443746169e17f873af9a06509a20b1.hide-arrows .owl-nav a {\n    display: none;\n  }\n}\n@media screen and (max-width: 778px) {\n  .gallery-carousel-shortcode.gallery-carousel-shortcode-id-f5443746169e17f873af9a06509a20b1.reposition-arrows .owl-nav .owl-prev {\n    top: calc(100% + 0px);\n    left: 10px;\n  }\n  .gallery-carousel-shortcode.gallery-carousel-shortcode-id-f5443746169e17f873af9a06509a20b1.reposition-arrows .owl-nav .owl-next {\n    top: calc(100% + 0px);\n    right: 10px;\n  }\n}\n.gallery-carousel-shortcode.gallery-carousel-shortcode-id-f5443746169e17f873af9a06509a20b1 figure,\n.gallery-carousel-shortcode.gallery-carousel-shortcode-id-f5443746169e17f873af9a06509a20b1 .rollover,\n.gallery-carousel-shortcode.gallery-carousel-shortcode-id-f5443746169e17f873af9a06509a20b1 img,\n.gallery-carousel-shortcode.gallery-carousel-shortcode-id-f5443746169e17f873af9a06509a20b1 .gallery-rollover {\n  border-radius: 0px;\n}\n.gallery-carousel-shortcode.gallery-carousel-shortcode-id-f5443746169e17f873af9a06509a20b1.enable-bg-rollover .gallery-rollover {\n  background: -webkit-linear-gradient();\n  background: linear-gradient();\n}\n.gallery-carousel-shortcode.gallery-carousel-shortcode-id-f5443746169e17f873af9a06509a20b1.enable-img-shadow .owl-stage-outer {\n  padding: 14px 0;\n}\n.gallery-carousel-shortcode.gallery-carousel-shortcode-id-f5443746169e17f873af9a06509a20b1.enable-bg-rollover.hover-scale figure .rollover:after {\n  background: -webkit-linear-gradient();\n  background: linear-gradient();\n}\n.gallery-carousel-shortcode.gallery-carousel-shortcode-id-f5443746169e17f873af9a06509a20b1.gallery-shortcode .gallery-zoom-ico {\n  width: 44px;\n  height: 44px;\n  line-height: 44px;\n  border-radius: 100px;\n  margin: -22px 0 0 -22px;\n  border-width: 0px;\n}\n.dt-icon-bg-on.gallery-carousel-shortcode.gallery-carousel-shortcode-id-f5443746169e17f873af9a06509a20b1.gallery-shortcode .gallery-zoom-ico {\n  background: rgba(255,255,255,0.3);\n  box-shadow: none;\n}\n.gallery-carousel-shortcode.gallery-carousel-shortcode-id-f5443746169e17f873af9a06509a20b1.gallery-shortcode .gallery-zoom-ico:before,\n.gallery-carousel-shortcode.gallery-carousel-shortcode-id-f5443746169e17f873af9a06509a20b1.gallery-shortcode .gallery-zoom-ico span {\n  font-size: 32px;\n  line-height: 44px;\n  color: #ffffff;\n  background: none;\n}\n<\/style><div class=\"owl-carousel gallery-carousel-shortcode gallery-shortcode  dt-gallery-container dt-owl-carousel-call gallery-carousel-shortcode-id-f5443746169e17f873af9a06509a20b1 quick-scale-img enable-bg-rollover meta-info-off dt-arrow-border-on dt-arrow-hover-border-on bullets-small-dot-stroke reposition-arrows dt-icon-bg-off arrows-bg-on disable-arrows-hover-bg arrows-hover-bg-on  vc_custom_1713173858852 hover-fade \" data-scroll-mode=\"1\" data-col-num=\"1\" data-wide-col-num=\"1\" data-laptop-col=\"1\" data-h-tablet-columns-num=\"1\" data-v-tablet-columns-num=\"1\" data-phone-columns-num=\"1\" data-col-gap=\"10\" data-stage-padding=\"0\" data-speed=\"600\" data-autoplay=\"false\" data-autoplay_speed=\"6000\" data-arrows=\"true\" data-bullet=\"false\" data-next-icon=\"icon-ar-017-r\" data-prev-icon=\"icon-ar-017-l\" data-img-shadow-size=\"12px\" data-img-shadow-spread=\"3px\"><div data-post-id=\"2597\" data-date=\"2024-04-15T09:37:08+00:00\" data-name=\"Kanalizacione-sahte-2\"><figure class=\"post\"><a href=\"https:\/\/cabarplast.com\/wp-content\/uploads\/2024\/04\/Kanalizacione-sahte-2.jpg\" class=\"rollover dt-pswp-item layzr-bg\" data-large_image_width=\"1080\" data-large_image_height=\"1080\" data-dt-img-description=\"\" title=\"Kanalizacione-sahte-2\"><img fetchpriority=\"high\" decoding=\"async\" class=\"preload-me owl-lazy-load aspect\" src=\"data:image\/svg+xml,%3Csvg%20xmlns%3D&#39;http%3A%2F%2Fwww.w3.org%2F2000%2Fsvg&#39;%20viewBox%3D&#39;0%200%201080%201080&#39;%2F%3E\" data-src=\"https:\/\/cabarplast.com\/wp-content\/uploads\/2024\/04\/Kanalizacione-sahte-2.jpg\" data-srcset=\"https:\/\/cabarplast.com\/wp-content\/uploads\/2024\/04\/Kanalizacione-sahte-2.jpg 1080w\" loading=\"eager\" style=\"--ratio: 1080 \/ 1080\" sizes=\"(max-width: 1080px) 100vw, 1080px\" alt=\"\" width=\"1080\" height=\"1080\"  \/><span class=\"gallery-rollover\"><span class=\"gallery-zoom-ico icomoon-the7-font-the7-zoom-06\"><span><\/span><\/span><\/span><\/a><\/figure><\/div><div data-post-id=\"2596\" data-date=\"2024-04-15T09:37:07+00:00\" data-name=\"Kanalizacione-sahte-1\"><figure class=\"post\"><a href=\"https:\/\/cabarplast.com\/wp-content\/uploads\/2024\/04\/Kanalizacione-sahte-1.jpg\" class=\"rollover dt-pswp-item layzr-bg\" data-large_image_width=\"1080\" data-large_image_height=\"1080\" data-dt-img-description=\"\" title=\"Kanalizacione-sahte-1\"><img decoding=\"async\" class=\"preload-me owl-lazy-load aspect\" src=\"data:image\/svg+xml,%3Csvg%20xmlns%3D&#39;http%3A%2F%2Fwww.w3.org%2F2000%2Fsvg&#39;%20viewBox%3D&#39;0%200%201080%201080&#39;%2F%3E\" data-src=\"https:\/\/cabarplast.com\/wp-content\/uploads\/2024\/04\/Kanalizacione-sahte-1.jpg\" data-srcset=\"https:\/\/cabarplast.com\/wp-content\/uploads\/2024\/04\/Kanalizacione-sahte-1.jpg 1080w\" loading=\"eager\" style=\"--ratio: 1080 \/ 1080\" sizes=\"(max-width: 1080px) 100vw, 1080px\" alt=\"\" width=\"1080\" height=\"1080\"  \/><span class=\"gallery-rollover\"><span class=\"gallery-zoom-ico icomoon-the7-font-the7-zoom-06\"><span><\/span><\/span><\/span><\/a><\/figure><\/div><\/div>[\/vc_column][vc_column width=&#8221;1\/2&#8243; css=&#8221;.vc_custom_1709647368309{border-left-width: 1px !important;padding-right: 30px !important;padding-left: 30px !important;border-left-color: #0e415f !important;border-left-style: solid !important;}&#8221;][vc_column_text css=&#8221;&#8221;]<\/p>\n<h1><strong>C\u0103mine de canalizare<\/strong> din plastic<\/h1>\n<p>&nbsp;<\/p>\n<p>C\u0103minele de canalizare, cunoscute \u0219i sub numele de camere de inspec\u021bie, sunt componente esen\u021biale ale sistemelor de canalizare care ofer\u0103 acces pentru inspec\u021bie, \u00eentre\u021binere \u0219i cur\u0103\u021bare a re\u021belei de canalizare. Acestea sunt amplasate strategic \u00een puncte cheie ale sistemului, cum ar fi schimb\u0103rile de direc\u021bie, panta sau unde converg mai multe conducte.<\/p>\n<p>C\u0103minele de canalizare sunt concepute pentru a oferi o cale sigur\u0103 \u0219i u\u0219or accesibil\u0103 c\u0103tre conductele de canalizare subterane.[\/vc_column_text][vc_empty_space height=&#8221;20&#8243;]<a href=\"https:\/\/cabarplast.com\/ro\/contactati-ne\/\" class=\"btn-shortcode dt-btn-m dt-btn default-btn-color default-btn-hover-color default-btn-bg-color default-btn-bg-hover-color\" id=\"dt-btn-1\"><span>Contacta\u0163i-ne<\/span><\/a>[\/vc_column][\/vc_row][vc_row][vc_column][vc_empty_space height=&#8221;50&#8243;][vc_column_text css=&#8221;.vc_custom_1726653153936{padding-right: 30px !important;padding-left: 30px !important;}&#8221;]<\/p>\n<h2>Dimensiunile c\u0103minelor de canalizare<\/h2>\n<p>Dimensiunile c\u0103minelor de canalizare variaz\u0103 \u00een func\u021bie de cerin\u021bele specifice ale proiectului \u0219i de capacitatea sistemului de canalizare. Dimensiunile standard includ diametre de la 600 mm la peste 1200 mm, \u00een timp ce \u00een\u0103l\u021bimea depinde de ad\u00e2ncimea de \u00eengropare \u0219i poate varia de la c\u00e2\u021biva metri la peste 10 metri pentru sistemele mai ad\u00e2nci.[\/vc_column_text][vc_empty_space height=&#8221;50&#8243;][\/vc_column][\/vc_row][vc_row full_width=&#8221;stretch_row_content_no_spaces&#8221;][vc_column][vc_column_text]<img loading=\"lazy\" decoding=\"async\" class=\"aligncenter wp-image-232 size-full\" src=\"https:\/\/cabarplast.com\/wp-content\/uploads\/2024\/03\/footer-4.png\" alt=\"\" width=\"1919\" height=\"50\" srcset=\"https:\/\/cabarplast.com\/wp-content\/uploads\/2024\/03\/footer-4.png 1919w, https:\/\/cabarplast.com\/wp-content\/uploads\/2024\/03\/footer-4-300x8.png 300w, https:\/\/cabarplast.com\/wp-content\/uploads\/2024\/03\/footer-4-1024x27.png 1024w, https:\/\/cabarplast.com\/wp-content\/uploads\/2024\/03\/footer-4-768x20.png 768w, https:\/\/cabarplast.com\/wp-content\/uploads\/2024\/03\/footer-4-1536x40.png 1536w\" sizes=\"auto, (max-width: 1919px) 100vw, 1919px\" \/>[\/vc_column_text][\/vc_column][\/vc_row][vc_row full_width=&#8221;stretch_row&#8221; css=&#8221;.vc_custom_1709643894007{background-color: #0e415f !important;}&#8221;][vc_column][vc_column_text css=&#8221;.vc_custom_1726653323071{padding-right: 30px !important;padding-left: 30px !important;}&#8221;]<\/p>\n<h3><span style=\"color: #fcb426;\">Procesul de instalare pas cu pas a c\u0103minelor de canalizare<\/span><\/h3>\n<ul>\n<li><span style=\"color: #fcb426;\">Planificare \u0219i preg\u0103tire<\/span><span style=\"color: #ffffff;\"> &#8211; Determina\u021bi loca\u021bia c\u0103minului pe baza planului sistemului de canalizare \u0219i excava\u021bi o groap\u0103 de dimensiuni adecvate pentru c\u0103min.<\/span><\/li>\n<li><span style=\"color: #fcb426;\">Instalarea bazei<\/span> <span style=\"color: #ffffff;\">&#8211; Instala\u021bi o baz\u0103 stabil\u0103 \u0219i nivelat\u0103 pentru c\u0103min, folosind beton sau un material stabilizat, pentru a asigura c\u0103minul r\u0103m\u00e2ne stabil \u0219i nivelat.<\/span><\/li>\n<li><span style=\"color: #fcb426;\">Instalarea c\u0103minului<\/span> <span style=\"color: #ffffff;\">&#8211; Cobor\u00e2\u021bi cu grij\u0103 c\u0103minul pe baza preg\u0103tit\u0103. C\u0103minele mai mari pot necesita utilaje de construc\u021bii pentru instalare.<\/span><\/li>\n<li><span style=\"color: #fcb426;\">Conectarea conductei<\/span> <span style=\"color: #ffffff;\">-: Conecta\u021bi conductele de canalizare la intr\u0103rile \u0219i ie\u0219irile c\u0103minului. Utiliza\u021bi fitinguri \u0219i garnituri adecvate pentru o conexiune etan\u0219\u0103 \u0219i impermeabil\u0103.<\/span><\/li>\n<li><span style=\"color: #fcb426;\">Verificare \u0219i reglare<\/span><span style=\"color: #ffffff;\"> -Asigura\u021bi-v\u0103 c\u0103 c\u0103minul este pozi\u021bionat corect \u0219i toate conexiunile sunt f\u0103cute cu precizie. Regla\u021bi pozi\u021bia sau \u00een\u0103l\u021bimea c\u0103minului, dac\u0103 este necesar.<\/span><\/li>\n<li><span style=\"color: #fcb426;\">Umplere \u0219i finisare<\/span> <span style=\"color: #ffffff;\">&#8211; Umple\u021bi gropile din jurul c\u0103minului, asigur\u00e2ndu-v\u0103 c\u0103 materialul din jurul c\u0103minului este compactat ferm. A\u0219eza\u021bi un capac deasupra c\u0103minului pentru acces \u0219i protec\u021bie.<\/span><\/li>\n<\/ul>\n<p><span style=\"color: #ffffff;\">C\u0103minele de canalizare sunt necesare pentru gestionarea eficient\u0103 \u0219i sigur\u0103 a sistemului de canalizare, permi\u021b\u00e2nd \u00eentre\u021binerea regulat\u0103 \u0219i prevenirea unor probleme poten\u021biale, cum ar fi blocajele sau deterior\u0103rile.<\/span>[\/vc_column_text][vc_empty_space height=&#8221;30&#8243;][\/vc_column][\/vc_row][vc_row full_width=&#8221;stretch_row&#8221; css=&#8221;.vc_custom_1709644275584{background-color: #efefef !important;}&#8221;][vc_column][vc_column_text css=&#8221;.vc_custom_1726653376600{padding-right: 30px !important;padding-left: 30px !important;}&#8221;]<\/p>\n<h3>Ce sunt camerele de inspec\u021bie?<\/h3>\n<p>Camerele de inspec\u021bie sunt elemente cheie ale sistemelor de canalizare care permit accesul pentru inspec\u021bie, \u00eentre\u021binere \u0219i interven\u021bie asupra conductei de canalizare. Aceste camere sunt amplasate, de obicei, acolo unde conducta \u00ee\u0219i schimb\u0103 direc\u021bia, panta sau diametrul \u0219i unde converg mai multe conducte. De asemenea, acestea sunt instalate de-a lungul conductei la distan\u021be specifice pentru a permite accesul pentru cur\u0103\u021bare sau desfundare.<\/p>\n<h3>Dimensiunile camerelor de inspec\u021bie<\/h3>\n<p>Dimensiunile camerelor de inspec\u021bie variaz\u0103 \u00een func\u021bie de nevoile specifice ale proiectului \u0219i pot fi personalizate \u00een func\u021bie de cerin\u021be. Dimensiunile tipice includ un diametru interior al camerei cuprins \u00eentre \u00d8300 mm \u0219i \u00d83200 mm, \u00een timp ce \u00een\u0103l\u021bimea camerei poate fi ajustat\u0103 \u00een func\u021bie de nevoile proiectului, ajung\u00e2nd adesea p\u00e2n\u0103 la 10 metri.[\/vc_column_text][vc_empty_space height=&#8221;30&#8243;][\/vc_column][\/vc_row][vc_row][vc_column][vc_column_text css=&#8221;.vc_custom_1726653417519{padding-top: 30px !important;padding-right: 30px !important;padding-bottom: 30px !important;padding-left: 30px !important;background-color: #0e415f !important;border-radius: 15px !important;}&#8221;]<\/p>\n<h3><span style=\"color: #fcb426;\">Ce sunt c\u0103minele colectoare?<\/span><\/h3>\n<p><span style=\"color: #ffffff;\">C\u0103minele colectoare sunt un tip specific de camer\u0103 de inspec\u021bie utilizate \u00een sistemele de canalizare pentru a colecta apele uzate din mai multe direc\u021bii \u00eenainte de a fi transportate mai departe prin conducta principal\u0103. Ele servesc drept puncte principale pentru colectarea apelor uzate \u0219i sunt adesea amplasate acolo unde mai multe conducte mai mici se unesc \u00eentr-o conduct\u0103 mai mare. De\u0219i c\u0103minele colectoare sunt similare ca func\u021bie cu camerele de inspec\u021bie, ele sunt de obicei mai mari din cauza volumului mai mare de ape uzate pe care trebuie s\u0103 le acomodeze \u0219i s\u0103 le proceseze.<\/span><\/p>\n<h3><span style=\"color: #fcb426;\">Dimensiunile c\u0103minelor colectoare<\/span><\/h3>\n<p><span style=\"color: #ffffff;\">Dimensiunile c\u0103minelor colectoare depind de volumul estimat de ape uzate pe care c\u0103minul trebuie s\u0103 le acomodeze \u0219i de num\u0103rul de conducte care se vars\u0103 \u00een el. Diametrul c\u0103minelor colectoare poate fi mai mare \u00een compara\u021bie cu camerele de inspec\u021bie standard \u0219i variaz\u0103 adesea \u00een func\u021bie de nevoile proiectate. \u00cen\u0103l\u021bimea c\u0103minului poate fi ajustat\u0103 \u00een func\u021bie de ad\u00e2ncimea de \u00eengropare \u0219i de condi\u021biile terenului.<\/span>[\/vc_column_text][vc_column_text][\/vc_column_text][vc_empty_space][\/vc_column][\/vc_row][vc_row full_width=&#8221;stretch_row_content_no_spaces&#8221;][vc_column][vc_column_text]<img loading=\"lazy\" decoding=\"async\" class=\"aligncenter wp-image-232 size-full\" src=\"https:\/\/cabarplast.com\/wp-content\/uploads\/2024\/03\/footer-4.png\" alt=\"\" width=\"1919\" height=\"50\" srcset=\"https:\/\/cabarplast.com\/wp-content\/uploads\/2024\/03\/footer-4.png 1919w, https:\/\/cabarplast.com\/wp-content\/uploads\/2024\/03\/footer-4-300x8.png 300w, https:\/\/cabarplast.com\/wp-content\/uploads\/2024\/03\/footer-4-1024x27.png 1024w, https:\/\/cabarplast.com\/wp-content\/uploads\/2024\/03\/footer-4-768x20.png 768w, https:\/\/cabarplast.com\/wp-content\/uploads\/2024\/03\/footer-4-1536x40.png 1536w\" sizes=\"auto, (max-width: 1919px) 100vw, 1919px\" \/>[\/vc_column_text][\/vc_column][\/vc_row]<\/p>\n<\/div>","protected":false},"excerpt":{"rendered":"<p>[vc_row][vc_column width=&#8221;1\/2&#8243;][\/vc_column][vc_column width=&#8221;1\/2&#8243; css=&#8221;.vc_custom_1709647368309{border-left-width: 1px !important;padding-right: 30px !important;padding-left: 30px !important;border-left-color: #0e415f !important;border-left-style: solid !important;}&#8221;][vc_column_text css=&#8221;&#8221;] C\u0103mine de canalizare din plastic &nbsp; C\u0103minele de canalizare, cunoscute \u0219i sub numele de camere de inspec\u021bie, sunt componente esen\u021biale ale sistemelor de canalizare care ofer\u0103 acces pentru inspec\u021bie, \u00eentre\u021binere \u0219i cur\u0103\u021bare a re\u021belei de canalizare. Acestea sunt amplasate strategic&hellip;<\/p>\n","protected":false},"author":1,"featured_media":0,"parent":0,"menu_order":0,"comment_status":"closed","ping_status":"closed","template":"","meta":{"footnotes":""},"class_list":["post-2594","page","type-page","status-publish","hentry","description-off"],"_links":{"self":[{"href":"https:\/\/cabarplast.com\/ro\/wp-json\/wp\/v2\/pages\/2594","targetHints":{"allow":["GET"]}}],"collection":[{"href":"https:\/\/cabarplast.com\/ro\/wp-json\/wp\/v2\/pages"}],"about":[{"href":"https:\/\/cabarplast.com\/ro\/wp-json\/wp\/v2\/types\/page"}],"author":[{"embeddable":true,"href":"https:\/\/cabarplast.com\/ro\/wp-json\/wp\/v2\/users\/1"}],"replies":[{"embeddable":true,"href":"https:\/\/cabarplast.com\/ro\/wp-json\/wp\/v2\/comments?post=2594"}],"version-history":[{"count":3,"href":"https:\/\/cabarplast.com\/ro\/wp-json\/wp\/v2\/pages\/2594\/revisions"}],"predecessor-version":[{"id":3003,"href":"https:\/\/cabarplast.com\/ro\/wp-json\/wp\/v2\/pages\/2594\/revisions\/3003"}],"wp:attachment":[{"href":"https:\/\/cabarplast.com\/ro\/wp-json\/wp\/v2\/media?parent=2594"}],"curies":[{"name":"wp","href":"https:\/\/api.w.org\/{rel}","templated":true}]}}