{"id":2591,"date":"2024-03-04T21:11:22","date_gmt":"2024-03-04T21:11:22","guid":{"rendered":"https:\/\/cabarplast.com\/?page_id=2591"},"modified":"2024-09-17T13:12:19","modified_gmt":"2024-09-17T13:12:19","slug":"separatoare","status":"publish","type":"page","link":"https:\/\/cabarplast.com\/ro\/separatoare\/","title":{"rendered":"Separatoare"},"content":{"rendered":"<div class=\"wpb-content-wrapper\"><p>[vc_row][vc_column css=&#8221;.vc_custom_1710099881337{padding-right: 30px !important;padding-left: 30px !important;}&#8221;][vc_column_text css=&#8221;&#8221;]<\/p>\n<h1>Separatoare<\/h1>\n<p>Separatoarele de gr\u0103simi, uleiuri \u0219i deriva\u021bi de petrol sunt unit\u0103\u021bi specializate care utilizeaz\u0103 diverse metode (cum ar fi gravita\u021bia, coalescen\u021ba sau flota\u021bia) pentru a separa \u0219i re\u021bine materiile organice mai u\u0219oare dec\u00e2t apa. Aceste dispozitive sunt esen\u021biale \u00een instala\u021biile unde sunt prelucrate sau preparate materiale care con\u021bin gr\u0103simi \u0219i uleiuri, cum ar fi restaurante, sp\u0103l\u0103torii auto, benzin\u0103rii, fabrici industriale etc.[\/vc_column_text][vc_empty_space height=&#8221;50&#8243;][\/vc_column][\/vc_row][vc_row][vc_column][vc_row_inner][vc_column_inner width=&#8221;2\/3&#8243; css=&#8221;.vc_custom_1710101124194{border-left-width: 1px !important;padding-right: 30px !important;padding-left: 30px !important;border-left-color: #0e415f !important;border-left-style: solid !important;}&#8221;][vc_column_text css=&#8221;&#8221;]<\/p>\n<p style=\"font-size: 25px;\">Separatoare de gr\u0103simi \u0219i uleiuri<\/p>\n<p>&nbsp;<\/p>\n<p>\u00cen tendin\u021bele moderne ale vie\u021bii, unde exist\u0103 o cerin\u021b\u0103 tot mai mare pentru grija fa\u021b\u0103 de protec\u021bia mediului \u0219i sustenabilitate, separatoarele de gr\u0103simi \u0219i uleiuri pot juca un rol esen\u021bial \u00een purificarea apelor uzate.[\/vc_column_text][vc_empty_space height=&#8221;20&#8243;]<a href=\"https:\/\/cabarplast.com\/ro\/separatoare-de-grasimi-si-uleiuri\/\" class=\"btn-shortcode dt-btn-m dt-btn default-btn-color default-btn-hover-color default-btn-bg-color default-btn-bg-hover-color\" id=\"dt-btn-1\"><span>Vezi mai multe<\/span><\/a>[\/vc_column_inner][vc_column_inner width=&#8221;1\/3&#8243;][vc_column_text css=&#8221;&#8221;]<a href=\"https:\/\/cabarplast.com\/ro\/separatoare-de-grasimi-si-uleiuri\/\"><img loading=\"lazy\" decoding=\"async\" class=\"wp-image-1032 size-medium aligncenter\" src=\"https:\/\/cabarplast.com\/wp-content\/uploads\/2024\/04\/Separatori-masti-i-ulja-300x300.jpg\" alt=\"\" width=\"300\" height=\"300\" srcset=\"https:\/\/cabarplast.com\/wp-content\/uploads\/2024\/04\/Separatori-masti-i-ulja-300x300.jpg 300w, https:\/\/cabarplast.com\/wp-content\/uploads\/2024\/04\/Separatori-masti-i-ulja-1024x1024.jpg 1024w, https:\/\/cabarplast.com\/wp-content\/uploads\/2024\/04\/Separatori-masti-i-ulja-150x150.jpg 150w, https:\/\/cabarplast.com\/wp-content\/uploads\/2024\/04\/Separatori-masti-i-ulja-768x768.jpg 768w, https:\/\/cabarplast.com\/wp-content\/uploads\/2024\/04\/Separatori-masti-i-ulja.jpg 1080w\" sizes=\"auto, (max-width: 300px) 100vw, 300px\" \/><\/a>[\/vc_column_text][\/vc_column_inner][\/vc_row_inner][vc_empty_space height=&#8221;30&#8243;][vc_row_inner][vc_column_inner width=&#8221;1\/3&#8243;][vc_column_text css=&#8221;&#8221;]<a href=\"https:\/\/cabarplast.com\/ro\/separatoare-de-uleiuri-si-derivati-de-petrol\/\"><img loading=\"lazy\" decoding=\"async\" class=\"wp-image-992 size-medium aligncenter\" src=\"https:\/\/cabarplast.com\/wp-content\/uploads\/2024\/04\/Separatori-masti-i-ulja-2-300x300.jpg\" alt=\"\" width=\"300\" height=\"300\" srcset=\"https:\/\/cabarplast.com\/wp-content\/uploads\/2024\/04\/Separatori-masti-i-ulja-2-300x300.jpg 300w, https:\/\/cabarplast.com\/wp-content\/uploads\/2024\/04\/Separatori-masti-i-ulja-2-1024x1024.jpg 1024w, https:\/\/cabarplast.com\/wp-content\/uploads\/2024\/04\/Separatori-masti-i-ulja-2-150x150.jpg 150w, https:\/\/cabarplast.com\/wp-content\/uploads\/2024\/04\/Separatori-masti-i-ulja-2-768x768.jpg 768w, https:\/\/cabarplast.com\/wp-content\/uploads\/2024\/04\/Separatori-masti-i-ulja-2.jpg 1080w\" sizes=\"auto, (max-width: 300px) 100vw, 300px\" \/><\/a>[\/vc_column_text][\/vc_column_inner][vc_column_inner width=&#8221;2\/3&#8243; css=&#8221;.vc_custom_1710101146731{border-left-width: 1px !important;padding-right: 30px !important;padding-left: 30px !important;border-left-color: #0e415f !important;border-left-style: solid !important;}&#8221;][vc_column_text css=&#8221;&#8221;]<\/p>\n<p style=\"font-size: 25px;\">Separatoare de uleiuri \u0219i deriva\u021bi de petrol<\/p>\n<p>&nbsp;<\/p>\n<p>Aceste dispozitive sunt esen\u021biale pentru protejarea cursurilor de ap\u0103 \u0219i a mediului de poluarea cu derivate petroliere, care sunt adesea prezente \u00een zonele industriale, comerciale \u0219i \u00een unele zone reziden\u021biale.[\/vc_column_text][vc_empty_space height=&#8221;20&#8243;]<a href=\"https:\/\/cabarplast.com\/ro\/separatoare-de-uleiuri-si-derivati-de-petrol\/\" class=\"btn-shortcode dt-btn-m dt-btn default-btn-color default-btn-hover-color default-btn-bg-color default-btn-bg-hover-color\" id=\"dt-btn-2\"><span>Vezi mai multe<\/span><\/a>[\/vc_column_inner][\/vc_row_inner][vc_empty_space height=&#8221;30&#8243;][\/vc_column][\/vc_row][vc_row][vc_column][vc_column_text css=&#8221;&#8221;]<\/p>\n<h2>Importan\u021ba separatoarelor pentru conservarea mediului:<\/h2>\n<ul>\n<li>Separatoarele previn p\u0103trunderea gr\u0103similor \u0219i uleiurilor \u00een canalizare \u0219i c\u0103ile navigabile, unde pot provoca poluare semnificativ\u0103 \u0219i daune ecosistemelor.<\/li>\n<li>Apele curate sunt cruciale pentru conservarea biodiversit\u0103\u021bii, iar separatoarele ajut\u0103 la men\u021binerea calit\u0103\u021bii apelor \u00een habitatele naturale.<\/li>\n<li>Ele protejeaz\u0103 infrastructura de canalizare de \u00eenfundare \u0219i deteriorare, ceea ce poate duce la repara\u021bii costisitoare \u0219i \u00eentreruperi opera\u021bionale.<\/li>\n<\/ul>\n<p>&nbsp;<\/p>\n<h3>Caracteristici ale separatoarelor:<\/h3>\n<ul>\n<li>Separatoarele moderne sunt extrem de eficiente \u0219i capabile s\u0103 proceseze volume mari de ape uzate, separ\u00e2nd eficient poluan\u021bii.<\/li>\n<li>Sunt concepute pentru a fi adaptabile la nevoile specifice ale diferitelor industrii \u0219i aplica\u021bii.<\/li>\n<li>Fabricate din materiale durabile care asigur\u0103 utilizarea pe termen lung \u0219i rezisten\u021ba la coroziune \u0219i deterior\u0103ri mecanice.<\/li>\n<li>Majoritatea separatoarelor sunt proiectate pentru a facilita accesul \u0219i \u00eentre\u021binerea, inclusiv \u00eendep\u0103rtarea u\u0219oar\u0103 a gr\u0103similor \u0219i uleiurilor acumulate<\/li>\n<li>Materialele utilizate pentru construc\u021bia separatoarelor sunt ecologice \u0219i adesea reciclabile, reduc\u00e2nd amprenta ecologic\u0103.<\/li>\n<\/ul>\n<p>[\/vc_column_text][vc_empty_space][\/vc_column][\/vc_row][vc_row][vc_column][vc_column_text css=&#8221;.vc_custom_1726578710420{padding-top: 30px !important;padding-right: 30px !important;padding-bottom: 30px !important;padding-left: 30px !important;background-color: #0e415f !important;border-radius: 15px !important;}&#8221;]<span style=\"color: #ffffff;\">Prin implementarea separatoarelor de gr\u0103simi, uleiuri \u0219i deriva\u021bi de petrol, industriile \u0219i serviciile municipale \u00ee\u0219i asum\u0103 un rol activ \u00een protejarea mediului \u0219i promoveaz\u0103 sustenabilitatea prin gestionarea responsabil\u0103 a apelor uzate.<\/span>[\/vc_column_text][vc_empty_space][\/vc_column][\/vc_row][vc_row full_width=&#8221;stretch_row_content_no_spaces&#8221;][vc_column][vc_column_text]<img loading=\"lazy\" decoding=\"async\" class=\"aligncenter wp-image-232 size-full\" src=\"https:\/\/cabarplast.com\/wp-content\/uploads\/2024\/03\/footer-4.png\" alt=\"\" width=\"1919\" height=\"50\" srcset=\"https:\/\/cabarplast.com\/wp-content\/uploads\/2024\/03\/footer-4.png 1919w, https:\/\/cabarplast.com\/wp-content\/uploads\/2024\/03\/footer-4-300x8.png 300w, https:\/\/cabarplast.com\/wp-content\/uploads\/2024\/03\/footer-4-1024x27.png 1024w, https:\/\/cabarplast.com\/wp-content\/uploads\/2024\/03\/footer-4-768x20.png 768w, https:\/\/cabarplast.com\/wp-content\/uploads\/2024\/03\/footer-4-1536x40.png 1536w\" sizes=\"auto, (max-width: 1919px) 100vw, 1919px\" \/>[\/vc_column_text][\/vc_column][\/vc_row]<\/p>\n<\/div>","protected":false},"excerpt":{"rendered":"<p>[vc_row][vc_column css=&#8221;.vc_custom_1710099881337{padding-right: 30px !important;padding-left: 30px !important;}&#8221;][vc_column_text css=&#8221;&#8221;] Separatoare Separatoarele de gr\u0103simi, uleiuri \u0219i deriva\u021bi de petrol sunt unit\u0103\u021bi specializate care utilizeaz\u0103 diverse metode (cum ar fi gravita\u021bia, coalescen\u021ba sau flota\u021bia) pentru a separa \u0219i re\u021bine materiile organice mai u\u0219oare dec\u00e2t apa. Aceste dispozitive sunt esen\u021biale \u00een instala\u021biile unde sunt prelucrate sau preparate materiale care con\u021bin&hellip;<\/p>\n","protected":false},"author":1,"featured_media":0,"parent":0,"menu_order":0,"comment_status":"closed","ping_status":"closed","template":"","meta":{"footnotes":""},"class_list":["post-2591","page","type-page","status-publish","hentry","description-off"],"_links":{"self":[{"href":"https:\/\/cabarplast.com\/ro\/wp-json\/wp\/v2\/pages\/2591","targetHints":{"allow":["GET"]}}],"collection":[{"href":"https:\/\/cabarplast.com\/ro\/wp-json\/wp\/v2\/pages"}],"about":[{"href":"https:\/\/cabarplast.com\/ro\/wp-json\/wp\/v2\/types\/page"}],"author":[{"embeddable":true,"href":"https:\/\/cabarplast.com\/ro\/wp-json\/wp\/v2\/users\/1"}],"replies":[{"embeddable":true,"href":"https:\/\/cabarplast.com\/ro\/wp-json\/wp\/v2\/comments?post=2591"}],"version-history":[{"count":2,"href":"https:\/\/cabarplast.com\/ro\/wp-json\/wp\/v2\/pages\/2591\/revisions"}],"predecessor-version":[{"id":2593,"href":"https:\/\/cabarplast.com\/ro\/wp-json\/wp\/v2\/pages\/2591\/revisions\/2593"}],"wp:attachment":[{"href":"https:\/\/cabarplast.com\/ro\/wp-json\/wp\/v2\/media?parent=2591"}],"curies":[{"name":"wp","href":"https:\/\/api.w.org\/{rel}","templated":true}]}}