{"id":2577,"date":"2024-03-04T21:13:36","date_gmt":"2024-03-04T21:13:36","guid":{"rendered":"https:\/\/cabarplast.com\/?page_id=2577"},"modified":"2024-09-17T12:07:28","modified_gmt":"2024-09-17T12:07:28","slug":"butoaie-de-plastic","status":"publish","type":"page","link":"https:\/\/cabarplast.com\/ro\/butoaie-de-plastic\/","title":{"rendered":"Butoaie de plastic"},"content":{"rendered":"<div class=\"wpb-content-wrapper\"><p>[vc_row][vc_column css=&#8221;.vc_custom_1710099881337{padding-right: 30px !important;padding-left: 30px !important;}&#8221;][vc_column_text css=&#8221;&#8221;]<\/p>\n<h1>Butoaie de plastic<\/h1>\n<p>Butoaiele de plastic \u010cabar Plast sunt concepute pentru depozitarea \u0219i transportul diferitelor lichide, inclusiv ap\u0103, vin, tescovin\u0103 (suc de fructe fermentat) \u0219i alte fluide. Aceste butoaie sunt fabricate din materiale plastice de \u00eenalt\u0103 calitate, cum ar fi polietilena de \u00eenalt\u0103 densitate (HDPE), cunoscut\u0103 pentru rezisten\u021ba, rezisten\u021ba chimic\u0103 \u0219i durabilitatea sa. Iat\u0103 de ce butoaiele de plastic \u010cabar Plast sunt o alegere bun\u0103:[\/vc_column_text][vc_empty_space height=&#8221;50&#8243;][\/vc_column][\/vc_row][vc_row][vc_column][vc_row_inner][vc_column_inner width=&#8221;2\/3&#8243; css=&#8221;.vc_custom_1710101124194{border-left-width: 1px !important;padding-right: 30px !important;padding-left: 30px !important;border-left-color: #0e415f !important;border-left-style: solid !important;}&#8221;][vc_column_text css=&#8221;&#8221;]<\/p>\n<p style=\"font-size: 25px;\">Butoaie de plastic pentru ap\u0103<\/p>\n<p>&nbsp;<\/p>\n<p>Sunt ideale pentru depozitarea apei potabile, oferind o solu\u021bie sigur\u0103 \u0219i igienic\u0103 pentru gospod\u0103rii, ferme agricole \u0219i alte locuri unde este necesar\u0103 depozitarea apei.[\/vc_column_text][vc_empty_space height=&#8221;20&#8243;]<a href=\"https:\/\/cabarplast.com\/ro\/butoaie-de-plastic-pentru-apa\/\" class=\"btn-shortcode dt-btn-m dt-btn default-btn-color default-btn-hover-color default-btn-bg-color default-btn-bg-hover-color\" id=\"dt-btn-1\"><span>Vezi mai multe<\/span><\/a>[\/vc_column_inner][vc_column_inner width=&#8221;1\/3&#8243;][vc_column_text css=&#8221;&#8221;]<a href=\"https:\/\/cabarplast.com\/ro\/butoaie-de-plastic-pentru-apa\/\"><img loading=\"lazy\" decoding=\"async\" class=\"wp-image-773 size-medium aligncenter\" src=\"https:\/\/cabarplast.com\/wp-content\/uploads\/2024\/03\/Kace-za-vodu-i-kominu-7-300x300.jpg\" alt=\"\" width=\"300\" height=\"300\" srcset=\"https:\/\/cabarplast.com\/wp-content\/uploads\/2024\/03\/Kace-za-vodu-i-kominu-7-300x300.jpg 300w, https:\/\/cabarplast.com\/wp-content\/uploads\/2024\/03\/Kace-za-vodu-i-kominu-7-1024x1024.jpg 1024w, https:\/\/cabarplast.com\/wp-content\/uploads\/2024\/03\/Kace-za-vodu-i-kominu-7-150x150.jpg 150w, https:\/\/cabarplast.com\/wp-content\/uploads\/2024\/03\/Kace-za-vodu-i-kominu-7-768x768.jpg 768w, https:\/\/cabarplast.com\/wp-content\/uploads\/2024\/03\/Kace-za-vodu-i-kominu-7.jpg 1080w\" sizes=\"auto, (max-width: 300px) 100vw, 300px\" \/><\/a>[\/vc_column_text][\/vc_column_inner][\/vc_row_inner][vc_empty_space height=&#8221;30&#8243;][vc_row_inner][vc_column_inner width=&#8221;1\/3&#8243;][vc_column_text css=&#8221;&#8221;]<a href=\"https:\/\/cabarplast.com\/ro\/butoaie-de-vin-din-plastic\/\"><img loading=\"lazy\" decoding=\"async\" class=\"wp-image-758 size-medium aligncenter\" src=\"https:\/\/cabarplast.com\/wp-content\/uploads\/2024\/03\/Plasticne-kace-za-vino-1-300x300.jpg\" alt=\"\" width=\"300\" height=\"300\" srcset=\"https:\/\/cabarplast.com\/wp-content\/uploads\/2024\/03\/Plasticne-kace-za-vino-1-300x300.jpg 300w, https:\/\/cabarplast.com\/wp-content\/uploads\/2024\/03\/Plasticne-kace-za-vino-1-1024x1024.jpg 1024w, https:\/\/cabarplast.com\/wp-content\/uploads\/2024\/03\/Plasticne-kace-za-vino-1-150x150.jpg 150w, https:\/\/cabarplast.com\/wp-content\/uploads\/2024\/03\/Plasticne-kace-za-vino-1-768x768.jpg 768w, https:\/\/cabarplast.com\/wp-content\/uploads\/2024\/03\/Plasticne-kace-za-vino-1.jpg 1080w\" sizes=\"auto, (max-width: 300px) 100vw, 300px\" \/><\/a>[\/vc_column_text][\/vc_column_inner][vc_column_inner width=&#8221;2\/3&#8243; css=&#8221;.vc_custom_1710101146731{border-left-width: 1px !important;padding-right: 30px !important;padding-left: 30px !important;border-left-color: #0e415f !important;border-left-style: solid !important;}&#8221;][vc_column_text css=&#8221;&#8221;]<\/p>\n<p style=\"font-size: 25px;\">Butoaie de <strong>vin din plastic<\/strong><\/p>\n<p>&nbsp;<\/p>\n<p>Special concepute pentru fermentarea \u0219i depozitarea vinului, aceste butoaie permit controlul asupra procesului de fermentare \u0219i \u00eenvechire, p\u0103str\u00e2nd calitatea \u0219i gustul vinului.[\/vc_column_text][vc_empty_space height=&#8221;20&#8243;]<a href=\"https:\/\/cabarplast.com\/ro\/butoaie-de-vin-din-plastic\/\" class=\"btn-shortcode dt-btn-m dt-btn default-btn-color default-btn-hover-color default-btn-bg-color default-btn-bg-hover-color\" id=\"dt-btn-2\"><span>Vezi mai multe<\/span><\/a>[\/vc_column_inner][\/vc_row_inner][vc_empty_space height=&#8221;30&#8243;][vc_row_inner][vc_column_inner width=&#8221;2\/3&#8243; css=&#8221;.vc_custom_1710101124194{border-left-width: 1px !important;padding-right: 30px !important;padding-left: 30px !important;border-left-color: #0e415f !important;border-left-style: solid !important;}&#8221;][vc_column_text css=&#8221;&#8221;]<\/p>\n<p style=\"font-size: 25px;\">Butoaie de <strong>fermentare din plastic<\/strong><\/p>\n<p>&nbsp;<\/p>\n<p>Ofer\u0103 o solu\u021bie excelent\u0103 pentru fermentarea sucurilor de fructe, permi\u021b\u00e2nd producerea de tescovin\u0103 de \u00eenalt\u0103 calitate printr-un proces de fermentare controlat \u00een condi\u021bii igienice.[\/vc_column_text][vc_empty_space height=&#8221;20&#8243;]<a href=\"https:\/\/cabarplast.com\/ro\/butoaie-de-fermentare-din-plastic\/\" class=\"btn-shortcode dt-btn-m dt-btn default-btn-color default-btn-hover-color default-btn-bg-color default-btn-bg-hover-color\" id=\"dt-btn-3\"><span>Vezi mai multe<\/span><\/a>[\/vc_column_inner][vc_column_inner width=&#8221;1\/3&#8243;][vc_column_text]<a href=\"https:\/\/cabarplast.com\/plasticne-kace-za-kominu\/\"><img loading=\"lazy\" decoding=\"async\" class=\"wp-image-767 size-medium aligncenter\" src=\"https:\/\/cabarplast.com\/wp-content\/uploads\/2024\/03\/Kace-za-vodu-i-kominu-1-300x300.jpg\" alt=\"\" width=\"300\" height=\"300\" srcset=\"https:\/\/cabarplast.com\/wp-content\/uploads\/2024\/03\/Kace-za-vodu-i-kominu-1-300x300.jpg 300w, https:\/\/cabarplast.com\/wp-content\/uploads\/2024\/03\/Kace-za-vodu-i-kominu-1-1024x1024.jpg 1024w, https:\/\/cabarplast.com\/wp-content\/uploads\/2024\/03\/Kace-za-vodu-i-kominu-1-150x150.jpg 150w, https:\/\/cabarplast.com\/wp-content\/uploads\/2024\/03\/Kace-za-vodu-i-kominu-1-768x768.jpg 768w, https:\/\/cabarplast.com\/wp-content\/uploads\/2024\/03\/Kace-za-vodu-i-kominu-1.jpg 1080w\" sizes=\"auto, (max-width: 300px) 100vw, 300px\" \/><\/a>[\/vc_column_text][\/vc_column_inner][\/vc_row_inner][vc_empty_space height=&#8221;30&#8243;][\/vc_column][\/vc_row][vc_row][vc_column][vc_column_text css=&#8221;&#8221;]Avantajele butoaielor de plastic \u010cabar Plast includ u\u0219urin\u021ba lor, durabilitatea, rezisten\u021ba la coroziune \u0219i u\u0219urin\u021ba de \u00eentre\u021binere. \u00cen plus, acestea sunt adesea stabilizate UV, f\u0103c\u00e2ndu-le potrivite pentru utilizare \u00een exterior, f\u0103r\u0103 teama de degradare de la lumina soarelui.<\/p>\n<p>Datorit\u0103 acestor caracteristici, butoaiele de plastic \u010cabar Plast reprezint\u0103 o solu\u021bie durabil\u0103, rentabil\u0103 \u0219i ecologic\u0103 pentru diverse nevoi de depozitare a lichidelor. Butoaiele pot fi cu sau f\u0103r\u0103 capac.[\/vc_column_text][vc_empty_space][\/vc_column][\/vc_row][vc_row][vc_column][vc_empty_space][\/vc_column][\/vc_row][vc_row full_width=&#8221;stretch_row_content_no_spaces&#8221;][vc_column][vc_column_text]<img loading=\"lazy\" decoding=\"async\" class=\"aligncenter wp-image-232 size-full\" src=\"https:\/\/cabarplast.com\/wp-content\/uploads\/2024\/03\/footer-4.png\" alt=\"\" width=\"1919\" height=\"50\" srcset=\"https:\/\/cabarplast.com\/wp-content\/uploads\/2024\/03\/footer-4.png 1919w, https:\/\/cabarplast.com\/wp-content\/uploads\/2024\/03\/footer-4-300x8.png 300w, https:\/\/cabarplast.com\/wp-content\/uploads\/2024\/03\/footer-4-1024x27.png 1024w, https:\/\/cabarplast.com\/wp-content\/uploads\/2024\/03\/footer-4-768x20.png 768w, https:\/\/cabarplast.com\/wp-content\/uploads\/2024\/03\/footer-4-1536x40.png 1536w\" sizes=\"auto, (max-width: 1919px) 100vw, 1919px\" \/>[\/vc_column_text][\/vc_column][\/vc_row]<\/p>\n<\/div>","protected":false},"excerpt":{"rendered":"<p>[vc_row][vc_column css=&#8221;.vc_custom_1710099881337{padding-right: 30px !important;padding-left: 30px !important;}&#8221;][vc_column_text css=&#8221;&#8221;] Butoaie de plastic Butoaiele de plastic \u010cabar Plast sunt concepute pentru depozitarea \u0219i transportul diferitelor lichide, inclusiv ap\u0103, vin, tescovin\u0103 (suc de fructe fermentat) \u0219i alte fluide. Aceste butoaie sunt fabricate din materiale plastice de \u00eenalt\u0103 calitate, cum ar fi polietilena de \u00eenalt\u0103 densitate (HDPE), cunoscut\u0103 pentru rezisten\u021ba,&hellip;<\/p>\n","protected":false},"author":1,"featured_media":0,"parent":0,"menu_order":0,"comment_status":"closed","ping_status":"closed","template":"","meta":{"footnotes":""},"class_list":["post-2577","page","type-page","status-publish","hentry","description-off"],"_links":{"self":[{"href":"https:\/\/cabarplast.com\/ro\/wp-json\/wp\/v2\/pages\/2577","targetHints":{"allow":["GET"]}}],"collection":[{"href":"https:\/\/cabarplast.com\/ro\/wp-json\/wp\/v2\/pages"}],"about":[{"href":"https:\/\/cabarplast.com\/ro\/wp-json\/wp\/v2\/types\/page"}],"author":[{"embeddable":true,"href":"https:\/\/cabarplast.com\/ro\/wp-json\/wp\/v2\/users\/1"}],"replies":[{"embeddable":true,"href":"https:\/\/cabarplast.com\/ro\/wp-json\/wp\/v2\/comments?post=2577"}],"version-history":[{"count":2,"href":"https:\/\/cabarplast.com\/ro\/wp-json\/wp\/v2\/pages\/2577\/revisions"}],"predecessor-version":[{"id":2579,"href":"https:\/\/cabarplast.com\/ro\/wp-json\/wp\/v2\/pages\/2577\/revisions\/2579"}],"wp:attachment":[{"href":"https:\/\/cabarplast.com\/ro\/wp-json\/wp\/v2\/media?parent=2577"}],"curies":[{"name":"wp","href":"https:\/\/api.w.org\/{rel}","templated":true}]}}