{"id":2544,"date":"2024-03-04T21:14:17","date_gmt":"2024-03-04T21:14:17","guid":{"rendered":"https:\/\/cabarplast.com\/?page_id=2544"},"modified":"2024-09-17T11:18:03","modified_gmt":"2024-09-17T11:18:03","slug":"tevi-din-plastic-de-dimensiuni-mari","status":"publish","type":"page","link":"https:\/\/cabarplast.com\/ro\/tevi-din-plastic-de-dimensiuni-mari\/","title":{"rendered":"\u021aevi din plastic de dimensiuni mari"},"content":{"rendered":"<div class=\"wpb-content-wrapper\"><p>[vc_row][vc_column css=&#8221;.vc_custom_1710099881337{padding-right: 30px !important;padding-left: 30px !important;}&#8221;][vc_column_text css=&#8221;&#8221;]<\/p>\n<h1><strong>\u021aevi din plastic<\/strong> de dimensiuni mari<\/h1>\n<p>\u021aevile din plastic de dimensiuni mari sunt conducte specializate utilizate pentru transportul unor volume mari de lichide sau gaze. Acestea sunt fabricate din materiale de \u00eenalt\u0103 rezisten\u021b\u0103, cum ar fi polietilena de \u00eenalt\u0103 densitate (HDPE) sau polipropilen\u0103 (PP), care le confer\u0103 o rezisten\u021b\u0103 excep\u021bional\u0103, flexibilitate \u0219i rezisten\u021b\u0103 la diferite efecte chimice \u0219i atmosferice.<\/p>\n<p>\u00cen cadrul acestei game de \u021bevi din plastic de dimensiuni mari, exist\u0103 trei subcategorii cheie care r\u0103spund nevoilor specifice:[\/vc_column_text][vc_empty_space height=&#8221;50&#8243;][\/vc_column][\/vc_row][vc_row][vc_column][vc_row_inner][vc_column_inner width=&#8221;2\/3&#8243; css=&#8221;.vc_custom_1710101124194{border-left-width: 1px !important;padding-right: 30px !important;padding-left: 30px !important;border-left-color: #0e415f !important;border-left-style: solid !important;}&#8221;][vc_column_text css=&#8221;&#8221;]<\/p>\n<p style=\"font-size: 25px;\">\u021aevi <strong>de canalizare<\/strong><\/p>\n<p>&nbsp;<\/p>\n<p>Aceast\u0103 subcategorie include \u021bevi din plastic concepute pentru transportul eficient al apelor uzate \u0219i pluviale din gospod\u0103rii, unit\u0103\u021bi comerciale \u0219i industriale. \u021aevile de canalizare \u010cabar Plast sunt fabricate din materiale de \u00eenalt\u0103 rezisten\u021b\u0103, oferind longevitate, rezisten\u021b\u0103 la coroziune \u0219i \u00eentre\u021binere u\u0219oar\u0103.[\/vc_column_text][vc_empty_space height=&#8221;20&#8243;]<a href=\"https:\/\/cabarplast.com\/ro\/tevi-de-canalizare\/\" class=\"btn-shortcode dt-btn-m dt-btn default-btn-color default-btn-hover-color default-btn-bg-color default-btn-bg-hover-color\" id=\"dt-btn-1\"><span>Vezi mai multe<\/span><\/a>[\/vc_column_inner][vc_column_inner width=&#8221;1\/3&#8243;][vc_column_text css=&#8221;&#8221;]<a href=\"https:\/\/cabarplast.com\/ro\/tevi-de-canalizare\/\"><img loading=\"lazy\" decoding=\"async\" class=\"wp-image-1016 size-medium aligncenter\" src=\"https:\/\/cabarplast.com\/wp-content\/uploads\/2024\/04\/Kanalizacione-cevi-5-300x300.jpg\" alt=\"\" width=\"300\" height=\"300\" srcset=\"https:\/\/cabarplast.com\/wp-content\/uploads\/2024\/04\/Kanalizacione-cevi-5-300x300.jpg 300w, https:\/\/cabarplast.com\/wp-content\/uploads\/2024\/04\/Kanalizacione-cevi-5-1024x1024.jpg 1024w, https:\/\/cabarplast.com\/wp-content\/uploads\/2024\/04\/Kanalizacione-cevi-5-150x150.jpg 150w, https:\/\/cabarplast.com\/wp-content\/uploads\/2024\/04\/Kanalizacione-cevi-5-768x768.jpg 768w, https:\/\/cabarplast.com\/wp-content\/uploads\/2024\/04\/Kanalizacione-cevi-5.jpg 1080w\" sizes=\"auto, (max-width: 300px) 100vw, 300px\" \/><\/a>[\/vc_column_text][\/vc_column_inner][\/vc_row_inner][vc_empty_space height=&#8221;30&#8243;][vc_row_inner][vc_column_inner width=&#8221;1\/3&#8243;][vc_column_text css=&#8221;&#8221;]<a href=\"https:\/\/cabarplast.com\/ro\/tevi-de-ventilatie\/\"><img loading=\"lazy\" decoding=\"async\" class=\"wp-image-994 size-medium aligncenter\" src=\"https:\/\/cabarplast.com\/wp-content\/uploads\/2024\/04\/cevi-za-ventilaciju-300x300.jpg\" alt=\"\" width=\"300\" height=\"300\" srcset=\"https:\/\/cabarplast.com\/wp-content\/uploads\/2024\/04\/cevi-za-ventilaciju-300x300.jpg 300w, https:\/\/cabarplast.com\/wp-content\/uploads\/2024\/04\/cevi-za-ventilaciju-1024x1024.jpg 1024w, https:\/\/cabarplast.com\/wp-content\/uploads\/2024\/04\/cevi-za-ventilaciju-150x150.jpg 150w, https:\/\/cabarplast.com\/wp-content\/uploads\/2024\/04\/cevi-za-ventilaciju-768x768.jpg 768w, https:\/\/cabarplast.com\/wp-content\/uploads\/2024\/04\/cevi-za-ventilaciju.jpg 1080w\" sizes=\"auto, (max-width: 300px) 100vw, 300px\" \/><\/a>[\/vc_column_text][\/vc_column_inner][vc_column_inner width=&#8221;2\/3&#8243; css=&#8221;.vc_custom_1710101146731{border-left-width: 1px !important;padding-right: 30px !important;padding-left: 30px !important;border-left-color: #0e415f !important;border-left-style: solid !important;}&#8221;][vc_column_text css=&#8221;&#8221;]<\/p>\n<p style=\"font-size: 25px;\">\u021aevi <strong>de ventila\u021bie<\/strong><\/p>\n<p>&nbsp;<\/p>\n<p>Acestea sunt \u021bevi din plastic destinate sistemelor de ventila\u021bie, asigur\u00e2nd un schimb eficient de aer \u00een cl\u0103diri \u0219i instala\u021bii. \u021aevile de ventila\u021bie sunt concepute pentru a minimiza rezisten\u021ba la fluxul de aer \u0219i a reduce zgomotul, f\u0103c\u00e2ndu-le o solu\u021bie ideal\u0103 pentru spa\u021biile \u00een care calitatea aerului este de o importan\u021b\u0103 capital\u0103.[\/vc_column_text][vc_empty_space height=&#8221;20&#8243;]<a href=\"https:\/\/cabarplast.com\/ro\/tevi-de-ventilatie\/\" class=\"btn-shortcode dt-btn-m dt-btn default-btn-color default-btn-hover-color default-btn-bg-color default-btn-bg-hover-color\" id=\"dt-btn-2\"><span>Vezi mai multe<\/span><\/a>[\/vc_column_inner][\/vc_row_inner][vc_empty_space height=&#8221;30&#8243;][vc_row_inner][vc_column_inner width=&#8221;2\/3&#8243; css=&#8221;.vc_custom_1710101124194{border-left-width: 1px !important;padding-right: 30px !important;padding-left: 30px !important;border-left-color: #0e415f !important;border-left-style: solid !important;}&#8221;][vc_column_text css=&#8221;&#8221;]<\/p>\n<p style=\"font-size: 25px;\">\u021aevi <strong>de drenaj<\/strong><\/p>\n<p>&nbsp;<\/p>\n<p>\u021aevile de drenaj sunt \u021bevi specializate destinate elimin\u0103rii eficiente a excesului de ap\u0103 din sol sau structuri, cum ar fi funda\u021biile cl\u0103dirilor, terenurile agricole, terenurile de sport \u0219i altele asemenea. Acestea sunt proiectate pentru a permite intrarea apei prin perfora\u021bii sau deschideri special concepute de-a lungul \u021bevii, prevenind \u00een acela\u0219i timp intrarea solului sau r\u0103d\u0103cinilor care ar putea \u00eenfunda \u021beava.[\/vc_column_text][vc_empty_space height=&#8221;20&#8243;]<a href=\"https:\/\/cabarplast.com\/ro\/tevi-de-drenaj\/\" class=\"btn-shortcode dt-btn-m dt-btn default-btn-color default-btn-hover-color default-btn-bg-color default-btn-bg-hover-color\" id=\"dt-btn-3\"><span>Vezi mai multe<\/span><\/a>[\/vc_column_inner][vc_column_inner width=&#8221;1\/3&#8243;][vc_column_text css=&#8221;&#8221;]<a href=\"https:\/\/cabarplast.com\/drenazne-cevi\/\"><img loading=\"lazy\" decoding=\"async\" class=\"wp-image-1007 size-medium aligncenter\" src=\"https:\/\/cabarplast.com\/wp-content\/uploads\/2024\/04\/Cevi-za-drenazu-2-300x300.jpg\" alt=\"\" width=\"300\" height=\"300\" srcset=\"https:\/\/cabarplast.com\/wp-content\/uploads\/2024\/04\/Cevi-za-drenazu-2-300x300.jpg 300w, https:\/\/cabarplast.com\/wp-content\/uploads\/2024\/04\/Cevi-za-drenazu-2-1024x1024.jpg 1024w, https:\/\/cabarplast.com\/wp-content\/uploads\/2024\/04\/Cevi-za-drenazu-2-150x150.jpg 150w, https:\/\/cabarplast.com\/wp-content\/uploads\/2024\/04\/Cevi-za-drenazu-2-768x768.jpg 768w, https:\/\/cabarplast.com\/wp-content\/uploads\/2024\/04\/Cevi-za-drenazu-2.jpg 1080w\" sizes=\"auto, (max-width: 300px) 100vw, 300px\" \/><\/a>[\/vc_column_text][\/vc_column_inner][\/vc_row_inner][vc_empty_space height=&#8221;30&#8243;][\/vc_column][\/vc_row][vc_row full_width=&#8221;stretch_row_content_no_spaces&#8221;][vc_column][vc_column_text]<img loading=\"lazy\" decoding=\"async\" class=\"aligncenter wp-image-232 size-full\" src=\"https:\/\/cabarplast.com\/wp-content\/uploads\/2024\/03\/footer-4.png\" alt=\"\" width=\"1919\" height=\"50\" srcset=\"https:\/\/cabarplast.com\/wp-content\/uploads\/2024\/03\/footer-4.png 1919w, https:\/\/cabarplast.com\/wp-content\/uploads\/2024\/03\/footer-4-300x8.png 300w, https:\/\/cabarplast.com\/wp-content\/uploads\/2024\/03\/footer-4-1024x27.png 1024w, https:\/\/cabarplast.com\/wp-content\/uploads\/2024\/03\/footer-4-768x20.png 768w, https:\/\/cabarplast.com\/wp-content\/uploads\/2024\/03\/footer-4-1536x40.png 1536w\" sizes=\"auto, (max-width: 1919px) 100vw, 1919px\" \/>[\/vc_column_text][\/vc_column][\/vc_row]<\/p>\n<\/div>","protected":false},"excerpt":{"rendered":"<p>[vc_row][vc_column css=&#8221;.vc_custom_1710099881337{padding-right: 30px !important;padding-left: 30px !important;}&#8221;][vc_column_text css=&#8221;&#8221;] \u021aevi din plastic de dimensiuni mari \u021aevile din plastic de dimensiuni mari sunt conducte specializate utilizate pentru transportul unor volume mari de lichide sau gaze. Acestea sunt fabricate din materiale de \u00eenalt\u0103 rezisten\u021b\u0103, cum ar fi polietilena de \u00eenalt\u0103 densitate (HDPE) sau polipropilen\u0103 (PP), care le confer\u0103 o&hellip;<\/p>\n","protected":false},"author":1,"featured_media":0,"parent":0,"menu_order":0,"comment_status":"closed","ping_status":"closed","template":"","meta":{"footnotes":""},"class_list":["post-2544","page","type-page","status-publish","hentry","description-off"],"_links":{"self":[{"href":"https:\/\/cabarplast.com\/ro\/wp-json\/wp\/v2\/pages\/2544","targetHints":{"allow":["GET"]}}],"collection":[{"href":"https:\/\/cabarplast.com\/ro\/wp-json\/wp\/v2\/pages"}],"about":[{"href":"https:\/\/cabarplast.com\/ro\/wp-json\/wp\/v2\/types\/page"}],"author":[{"embeddable":true,"href":"https:\/\/cabarplast.com\/ro\/wp-json\/wp\/v2\/users\/1"}],"replies":[{"embeddable":true,"href":"https:\/\/cabarplast.com\/ro\/wp-json\/wp\/v2\/comments?post=2544"}],"version-history":[{"count":1,"href":"https:\/\/cabarplast.com\/ro\/wp-json\/wp\/v2\/pages\/2544\/revisions"}],"predecessor-version":[{"id":2545,"href":"https:\/\/cabarplast.com\/ro\/wp-json\/wp\/v2\/pages\/2544\/revisions\/2545"}],"wp:attachment":[{"href":"https:\/\/cabarplast.com\/ro\/wp-json\/wp\/v2\/media?parent=2544"}],"curies":[{"name":"wp","href":"https:\/\/api.w.org\/{rel}","templated":true}]}}