{"id":2530,"date":"2024-03-04T21:14:34","date_gmt":"2024-03-04T21:14:34","guid":{"rendered":"https:\/\/cabarplast.com\/?page_id=2530"},"modified":"2024-09-20T12:20:13","modified_gmt":"2024-09-20T12:20:13","slug":"tevi-de-ventilatie","status":"publish","type":"page","link":"https:\/\/cabarplast.com\/ro\/tevi-de-ventilatie\/","title":{"rendered":"\u021aevi de ventila\u021bie"},"content":{"rendered":"<div class=\"wpb-content-wrapper\"><p>[vc_row][vc_column width=&#8221;1\/2&#8243;]<style type=\"text\/css\" data-type=\"the7_shortcodes-inline-css\">.gallery-carousel-shortcode.gallery-carousel-shortcode-id-a11bacde52935f7cda3eedfb4baa1ea6 .owl-nav a {\n  width: 30px;\n  height: 30px;\n  border-radius: 500px;\n}\n.dt-arrow-border-on.gallery-carousel-shortcode.gallery-carousel-shortcode-id-a11bacde52935f7cda3eedfb4baa1ea6 .owl-nav a:not(:hover):before {\n  border-width: 0px;\n}\n.dt-arrow-hover-border-on.gallery-carousel-shortcode.gallery-carousel-shortcode-id-a11bacde52935f7cda3eedfb4baa1ea6 .owl-nav a:hover:after {\n  border-width: 0px;\n}\n.gallery-carousel-shortcode.gallery-carousel-shortcode-id-a11bacde52935f7cda3eedfb4baa1ea6 .owl-nav a.owl-prev {\n  top: calc(100% + 0px);\n  left: -43px;\n}\n.gallery-carousel-shortcode.gallery-carousel-shortcode-id-a11bacde52935f7cda3eedfb4baa1ea6 .owl-nav a.owl-prev i {\n  padding: 0px 5px 0px 5px;\n}\n.gallery-carousel-shortcode.gallery-carousel-shortcode-id-a11bacde52935f7cda3eedfb4baa1ea6 .owl-nav a.owl-next {\n  top: calc(100% + 0px);\n  right: -43px;\n}\n.gallery-carousel-shortcode.gallery-carousel-shortcode-id-a11bacde52935f7cda3eedfb4baa1ea6 .owl-nav a.owl-next i {\n  padding: 0px 5px 0px 5px;\n}\n.gallery-carousel-shortcode.gallery-carousel-shortcode-id-a11bacde52935f7cda3eedfb4baa1ea6 .owl-nav i {\n  font-size: 15px;\n}\n.gallery-carousel-shortcode.gallery-carousel-shortcode-id-a11bacde52935f7cda3eedfb4baa1ea6 .owl-nav a:not(:hover) i,\n.gallery-carousel-shortcode.gallery-carousel-shortcode-id-a11bacde52935f7cda3eedfb4baa1ea6 .owl-nav a:not(:hover) i:before {\n  color: #ffffff;\n  background: none;\n}\n.gallery-carousel-shortcode.gallery-carousel-shortcode-id-a11bacde52935f7cda3eedfb4baa1ea6 .owl-nav a:hover i,\n.gallery-carousel-shortcode.gallery-carousel-shortcode-id-a11bacde52935f7cda3eedfb4baa1ea6 .owl-nav a:hover i:before {\n  color: rgba(255,255,255,0.75);\n  background: none;\n}\n.gallery-carousel-shortcode.gallery-carousel-shortcode-id-a11bacde52935f7cda3eedfb4baa1ea6 .owl-dots {\n  top: calc(100% + 20px);\n  left: 50%;\n  transform: translateX(calc(-50% + 0px));\n}\n@media all and (-ms-high-contrast: none) {\n  .gallery-carousel-shortcode.gallery-carousel-shortcode-id-a11bacde52935f7cda3eedfb4baa1ea6 .owl-dots {\n    transform: translateX(-50%);\n    margin-left: 0px;\n  }\n}\n.gallery-carousel-shortcode.gallery-carousel-shortcode-id-a11bacde52935f7cda3eedfb4baa1ea6 .owl-dot {\n  width: 10px;\n  height: 10px;\n  margin: 0 8px;\n}\n@media screen and (max-width: 778px) {\n  .gallery-carousel-shortcode.gallery-carousel-shortcode-id-a11bacde52935f7cda3eedfb4baa1ea6.hide-arrows .owl-nav a {\n    display: none;\n  }\n}\n@media screen and (max-width: 778px) {\n  .gallery-carousel-shortcode.gallery-carousel-shortcode-id-a11bacde52935f7cda3eedfb4baa1ea6.reposition-arrows .owl-nav .owl-prev {\n    top: calc(100% + 0px);\n    left: 10px;\n  }\n  .gallery-carousel-shortcode.gallery-carousel-shortcode-id-a11bacde52935f7cda3eedfb4baa1ea6.reposition-arrows .owl-nav .owl-next {\n    top: calc(100% + 0px);\n    right: 10px;\n  }\n}\n.gallery-carousel-shortcode.gallery-carousel-shortcode-id-a11bacde52935f7cda3eedfb4baa1ea6 figure,\n.gallery-carousel-shortcode.gallery-carousel-shortcode-id-a11bacde52935f7cda3eedfb4baa1ea6 .rollover,\n.gallery-carousel-shortcode.gallery-carousel-shortcode-id-a11bacde52935f7cda3eedfb4baa1ea6 img,\n.gallery-carousel-shortcode.gallery-carousel-shortcode-id-a11bacde52935f7cda3eedfb4baa1ea6 .gallery-rollover {\n  border-radius: 0px;\n}\n.gallery-carousel-shortcode.gallery-carousel-shortcode-id-a11bacde52935f7cda3eedfb4baa1ea6.enable-bg-rollover .gallery-rollover {\n  background: -webkit-linear-gradient();\n  background: linear-gradient();\n}\n.gallery-carousel-shortcode.gallery-carousel-shortcode-id-a11bacde52935f7cda3eedfb4baa1ea6.enable-img-shadow .owl-stage-outer {\n  padding: 14px 0;\n}\n.gallery-carousel-shortcode.gallery-carousel-shortcode-id-a11bacde52935f7cda3eedfb4baa1ea6.enable-bg-rollover.hover-scale figure .rollover:after {\n  background: -webkit-linear-gradient();\n  background: linear-gradient();\n}\n.gallery-carousel-shortcode.gallery-carousel-shortcode-id-a11bacde52935f7cda3eedfb4baa1ea6.gallery-shortcode .gallery-zoom-ico {\n  width: 44px;\n  height: 44px;\n  line-height: 44px;\n  border-radius: 100px;\n  margin: -22px 0 0 -22px;\n  border-width: 0px;\n}\n.dt-icon-bg-on.gallery-carousel-shortcode.gallery-carousel-shortcode-id-a11bacde52935f7cda3eedfb4baa1ea6.gallery-shortcode .gallery-zoom-ico {\n  background: rgba(255,255,255,0.3);\n  box-shadow: none;\n}\n.gallery-carousel-shortcode.gallery-carousel-shortcode-id-a11bacde52935f7cda3eedfb4baa1ea6.gallery-shortcode .gallery-zoom-ico:before,\n.gallery-carousel-shortcode.gallery-carousel-shortcode-id-a11bacde52935f7cda3eedfb4baa1ea6.gallery-shortcode .gallery-zoom-ico span {\n  font-size: 32px;\n  line-height: 44px;\n  color: #ffffff;\n  background: none;\n}\n<\/style><div class=\"owl-carousel gallery-carousel-shortcode gallery-shortcode  dt-gallery-container dt-owl-carousel-call gallery-carousel-shortcode-id-a11bacde52935f7cda3eedfb4baa1ea6 quick-scale-img enable-bg-rollover meta-info-off dt-arrow-border-on dt-arrow-hover-border-on bullets-small-dot-stroke reposition-arrows dt-icon-bg-off arrows-bg-on disable-arrows-hover-bg arrows-hover-bg-on  vc_custom_1713171097252 hover-fade \" data-scroll-mode=\"1\" data-col-num=\"1\" data-wide-col-num=\"1\" data-laptop-col=\"1\" data-h-tablet-columns-num=\"1\" data-v-tablet-columns-num=\"1\" data-phone-columns-num=\"1\" data-col-gap=\"10\" data-stage-padding=\"0\" data-speed=\"600\" data-autoplay=\"false\" data-autoplay_speed=\"6000\" data-arrows=\"true\" data-bullet=\"false\" data-next-icon=\"icon-ar-017-r\" data-prev-icon=\"icon-ar-017-l\" data-img-shadow-size=\"12px\" data-img-shadow-spread=\"3px\"><div data-post-id=\"2532\" data-date=\"2024-04-15T08:51:09+00:00\" data-name=\"cevi-za-ventilaciju\"><figure class=\"post\"><a href=\"https:\/\/cabarplast.com\/wp-content\/uploads\/2024\/04\/cevi-za-ventilaciju-1.jpg\" class=\"rollover dt-pswp-item layzr-bg\" data-large_image_width=\"1080\" data-large_image_height=\"1080\" data-dt-img-description=\"\" title=\"cevi-za-ventilaciju\"><img fetchpriority=\"high\" decoding=\"async\" class=\"preload-me owl-lazy-load aspect\" src=\"data:image\/svg+xml,%3Csvg%20xmlns%3D&#39;http%3A%2F%2Fwww.w3.org%2F2000%2Fsvg&#39;%20viewBox%3D&#39;0%200%201080%201080&#39;%2F%3E\" data-src=\"https:\/\/cabarplast.com\/wp-content\/uploads\/2024\/04\/cevi-za-ventilaciju-1.jpg\" data-srcset=\"https:\/\/cabarplast.com\/wp-content\/uploads\/2024\/04\/cevi-za-ventilaciju-1.jpg 1080w\" loading=\"eager\" style=\"--ratio: 1080 \/ 1080\" sizes=\"(max-width: 1080px) 100vw, 1080px\" alt=\"\" width=\"1080\" height=\"1080\"  \/><span class=\"gallery-rollover\"><span class=\"gallery-zoom-ico icomoon-the7-font-the7-zoom-06\"><span><\/span><\/span><\/span><\/a><\/figure><\/div><\/div>[\/vc_column][vc_column width=&#8221;1\/2&#8243; css=&#8221;.vc_custom_1709647368309{border-left-width: 1px !important;padding-right: 30px !important;padding-left: 30px !important;border-left-color: #0e415f !important;border-left-style: solid !important;}&#8221;][vc_column_text css=&#8221;&#8221;]<\/p>\n<h1>\u021aevi de <strong>ventila\u021bie<\/strong><\/h1>\n<p>&nbsp;<\/p>\n<p>\u021aevile de ventila\u021bie reprezint\u0103 o component\u0103 esen\u021bial\u0103 \u00een orice sistem de ventila\u021bie, av\u00e2nd rolul de a transporta aerul dintr-un spa\u021biu \u00een altul. Ele permit circula\u021bia, filtrarea \u0219i schimbul de aer \u00een spa\u021bii \u00eenchise, \u00eembun\u0103t\u0103\u021bind astfel calitatea aerului \u0219i prevenind acumularea de substan\u021be nocive, umiditate \u0219i mirosuri nepl\u0103cute.<\/p>\n<p>\u021aevile de ventila\u021bie \u010cabar Plast pot fi dreptunghiulare sau rotunde, adic\u0103 cilindrice.[\/vc_column_text][vc_empty_space height=&#8221;20&#8243;]<a href=\"https:\/\/cabarplast.com\/ro\/contactati-ne\/\" class=\"btn-shortcode dt-btn-m dt-btn default-btn-color default-btn-hover-color default-btn-bg-color default-btn-bg-hover-color\" id=\"dt-btn-1\"><span>Contacta\u0163i-ne<\/span><\/a>[\/vc_column][\/vc_row][vc_row][vc_column][vc_empty_space height=&#8221;50&#8243;][vc_column_text css=&#8221;.vc_custom_1726568715957{padding-right: 30px !important;padding-left: 30px !important;}&#8221;]<\/p>\n<h2>Tuburi de ventila\u021bie din plastic &#8211; utilizare<\/h2>\n<p>Tuburile mari de plastic reprezint\u0103 un element cheie al sistemelor moderne de ventila\u021bie, datorit\u0103 versatilit\u0103\u021bii, flexibilit\u0103\u021bii, durabilit\u0103\u021bii \u0219i eficien\u021bei lor \u00een reglarea fluxului de aer. Aplicarea lor larg\u0103 include diverse tipuri de cl\u0103diri, juc\u00e2nd un rol vital \u00een men\u021binerea unui mediu s\u0103n\u0103tos \u0219i confortabil.<\/p>\n<p><strong>\u010cabar Plast produce \u021bevi de ventila\u021bie la dimensiuni personalizate, oferind \u021bevi rotunde \u0219i p\u0103trate, precum \u0219i \u021bevi de ventila\u021bie striate \u0219i netede.<\/strong>[\/vc_column_text][vc_empty_space height=&#8221;50&#8243;][\/vc_column][\/vc_row][vc_row full_width=&#8221;stretch_row_content_no_spaces&#8221;][vc_column][vc_column_text]<img loading=\"lazy\" decoding=\"async\" class=\"aligncenter wp-image-232 size-full\" src=\"https:\/\/cabarplast.com\/wp-content\/uploads\/2024\/03\/footer-4.png\" alt=\"\" width=\"1919\" height=\"50\" srcset=\"https:\/\/cabarplast.com\/wp-content\/uploads\/2024\/03\/footer-4.png 1919w, https:\/\/cabarplast.com\/wp-content\/uploads\/2024\/03\/footer-4-300x8.png 300w, https:\/\/cabarplast.com\/wp-content\/uploads\/2024\/03\/footer-4-1024x27.png 1024w, https:\/\/cabarplast.com\/wp-content\/uploads\/2024\/03\/footer-4-768x20.png 768w, https:\/\/cabarplast.com\/wp-content\/uploads\/2024\/03\/footer-4-1536x40.png 1536w\" sizes=\"auto, (max-width: 1919px) 100vw, 1919px\" \/>[\/vc_column_text][\/vc_column][\/vc_row][vc_row full_width=&#8221;stretch_row&#8221; css=&#8221;.vc_custom_1709643894007{background-color: #0e415f !important;}&#8221;][vc_column][vc_column_text css=&#8221;.vc_custom_1726568795209{padding-right: 30px !important;padding-left: 30px !important;}&#8221;]<\/p>\n<h3><span style=\"color: #fcb426;\">Tuburi de ventila\u021bie din plastic \u00een cl\u0103diri comerciale<\/span><\/h3>\n<p><span style=\"color: #ffffff;\">\u00cen mediul dinamic al spa\u021biilor comerciale, precum complexe de birouri spa\u021bioase, centre comerciale, spa\u021bii de ospitalitate precum restaurante, \u0219i institu\u021bii de \u00eenv\u0103\u021b\u0103m\u00e2nt inclusiv \u0219coli \u0219i universit\u0103\u021bi, tuburile mari de plastic sunt indispensabile. Ele faciliteaz\u0103 implementarea sistemelor centralizate sofisticate de ventila\u021bie, care gestioneaz\u0103 eficient calitatea aerului, asigur\u00e2nd o atmosfer\u0103 de lucru s\u0103n\u0103toas\u0103, confortul clien\u021bilor \u0219i condi\u021bii optime de \u00eenv\u0103\u021bare.<\/span><\/p>\n<p><span style=\"color: #ffffff;\">Mai mult, capacitatea acestor sisteme de a se adapta la diverse nevoi spa\u021biale le face o solu\u021bie ideal\u0103 pentru o gam\u0103 larg\u0103 de aplica\u021bii comerciale.<\/span><\/p>\n<p>&nbsp;<\/p>\n<h3><span style=\"color: #fcb426;\">Utilizarea Tuburilor de Ventila\u021bie din Plastic \u00een Instala\u021biile Industriale<\/span><\/h3>\n<p><span style=\"color: #ffffff;\">\u00cen mediul solicitant al instala\u021biilor industriale, unde provoc\u0103rile precum concentra\u021biile ridicate de gaze nocive, fum \u0219i praf provenite din procesele intense de fabrica\u021bie sunt comune, tuburile mari de plastic joac\u0103 un rol crucial \u00een protejarea s\u0103n\u0103t\u0103\u021bii lucr\u0103torilor \u0219i conservarea echipamentelor.<\/span><\/p>\n<p><span style=\"color: #fcb426;\">Aceste \u021bevi robuste elimin\u0103 eficient emisiile periculoase din spa\u021biul de lucru, reduc\u00e2nd riscul problemelor de s\u0103n\u0103tate \u0219i \u00eembun\u0103t\u0103\u021bind siguran\u021ba general\u0103 la locul de munc\u0103.<\/span>[\/vc_column_text][vc_empty_space height=&#8221;30&#8243;][\/vc_column][\/vc_row][vc_row][vc_column][vc_column_text css=&#8221;.vc_custom_1726568822091{padding-top: 30px !important;padding-right: 30px !important;padding-bottom: 30px !important;padding-left: 30px !important;background-color: #efefef !important;border-radius: 15px !important;}&#8221;]Acestea sunt utilizate pentru ventilarea gazelor \u0219i vaporilor din gospod\u0103rii, ferme, \u00eengr\u0103\u0219\u0103torii, cl\u0103diri industriale \u0219i instala\u021bii. \u021aevile de ventila\u021bie din plastic pentru acoperi\u0219 \u0219i co\u0219urile sau gurile de ventila\u021bie din plastic sunt utilizate pentru evacuarea vaporilor. Sunt utilizate pe scar\u0103 larg\u0103 \u00een instala\u021bii industriale \u0219i ferme.<\/p>\n<p><strong>\u021aevile de ventila\u021bie \u010cabar plast sunt de obicei instalate pe acoperi\u0219urile fermelor \u0219i \u00eengr\u0103\u0219\u0103toriilor, \u0219i toate tipurile standard de ventilatoare pentru evacuarea vaporilor din ferme sau \u00eengr\u0103\u0219\u0103torii pot fi instalate pe \u021bevile noastre.<\/strong>[\/vc_column_text][vc_column_text][\/vc_column_text][vc_empty_space][\/vc_column][\/vc_row][vc_row][vc_column][vc_column_text css=&#8221;.vc_custom_1726569139995{padding-top: 30px !important;padding-right: 30px !important;padding-bottom: 30px !important;padding-left: 30px !important;background-color: #0e415f !important;border-radius: 15px !important;}&#8221;]<\/p>\n<h2><span style=\"color: #fcb426;\">\u021aEVILE DE VENTILA\u021aIE \u010cABAR PLAST SUNT FABRICATE DIN HDPE, ASTFEL:<\/span><\/h2>\n<ul>\n<li><span style=\"color: #ffffff;\">Garant\u00e2nd rezisten\u021ba la ap\u0103 \u0219i fiind o solu\u021bie pe termen lung, deoarece materialul pierde doar 5% din propriet\u0103\u021bi dup\u0103 50 de ani de utilizare,<\/span><\/li>\n<li><span style=\"color: #ffffff;\">\u021aevile de ventila\u021bie sunt rezistente la UV, rezist\u0103 la temperaturi extreme de la -30\u00b0C la +80\u00b0C,<\/span><\/li>\n<li><span style=\"color: #ffffff;\">\u021aevile de ventila\u021bie sunt testate ecologic (nu polueaz\u0103 mediul) \u0219i sunt fabricate din HDPE,<\/span><\/li>\n<li><span style=\"color: #ffffff;\">\u021aevile de ventila\u021bie sunt termostabile,<\/span><\/li>\n<li><span style=\"color: #ffffff;\">\u021aevile de ventila\u021bie sunt rezistente la coroziune \u00een interiorul cl\u0103dirii,<\/span><\/li>\n<li><span style=\"color: #ffffff;\">Au o bun\u0103 capacitate portant\u0103,<\/span><\/li>\n<li><span style=\"color: #ffffff;\">Sunt rezistente la impact, adic\u0103 nu prezint\u0103 urme vizibile,<\/span><\/li>\n<li><span style=\"color: #ffffff;\">\u0218i, important, sunt u\u0219or de instalat \u0219i au costuri minime de \u00eentre\u021binere.<\/span><\/li>\n<\/ul>\n<p><span style=\"color: #ffffff;\">\u021aevile de ventila\u021bie \u010cabar Plast sunt fabricate din polietilen\u0103 de \u00eenalt\u0103 densitate, la fel ca pontoanele,<\/span> <span style=\"color: #fcb426;\">catamaranele, rezervoarele de ap\u0103<\/span><span style=\"color: #ffffff;\">, rezervoarele verticale de ap\u0103,<\/span> <span style=\"color: #fcb426;\">rezervoarele de ulei, butoaiele pentru must<\/span><span style=\"color: #ffffff;\"><span style=\"color: #fcb426;\">,<\/span> \u0219alupele, rezervoarele de iriga\u021bii,<\/span> <span style=\"color: #fcb426;\">fosele septice, separatoarele de gr\u0103simi \u0219i ulei, butoaiele de vin din plastic<\/span><\/p>\n<p><span style=\"color: #fcb426;\">Toate \u021bevile noastre de ventila\u021bie pot fi echipate cu a\u0219a-numitele supape fluture, care \u00eempiedic\u0103 p\u0103trunderea ploii, z\u0103pezii, grindinei sau a oric\u0103ror precipita\u021bii atmosferice \u00een cl\u0103dire.<br \/>\n<\/span>[\/vc_column_text][vc_empty_space][\/vc_column][\/vc_row][vc_row][vc_column][vc_column_text css=&#8221;.vc_custom_1726569675910{padding-right: 30px !important;padding-left: 30px !important;}&#8221;]<\/p>\n<h3>\u021aevile de ventila\u021bie din plastic, fabricate din polietilen\u0103 de \u00eenalt\u0103 densitate, sau HDPE, sunt fabricate \u00een diametre standard:<\/h3>\n<ul>\n<li>\u00d8 300 mm,<\/li>\n<li>\u00d8 400 mm<\/li>\n<li>\u00d8 500 mm<\/li>\n<li>\u00d8 600 mm<\/li>\n<li>\u00d8 800 mm<\/li>\n<li>\u00d8 1000 mm<\/li>\n<li>\u00d8 1200 mm<\/li>\n<li>\u00d8 1300 mm<\/li>\n<li>\u00d8 1600 mm<\/li>\n<li>\u00d8 3000 mm<\/li>\n<\/ul>\n<p>\u00cen func\u021bie de nevoile \u0219i cerin\u021bele clientului, acestea pot fi fabricate \u00een toate lungimile \u0219i \u00een diferite diametre, \u00eembinate prin flan\u0219e. Exist\u0103, de asemenea, posibilitatea de a realiza coturi de diverse grade pentru a direc\u021biona \u021bevile de ventila\u021bie dup\u0103 dorin\u021b\u0103; este necesar doar s\u0103 se cunoasc\u0103 raza pe baza c\u0103reia sunt fabricate coturile pentru \u021bevile de ventila\u021bie.<\/p>\n<p><strong>Produce \u021bevile de ventila\u021bie de cea mai \u00eenalt\u0103 calitate la cele mai avantajoase pre\u021buri.<\/strong><br \/>\nSuna\u021bi-ne \u0219i convinge\u021bi-v\u0103 singuri.[\/vc_column_text][vc_empty_space][\/vc_column][\/vc_row][vc_row][vc_column][vc_column_text css=&#8221;.vc_custom_1726569432435{padding-top: 30px !important;padding-right: 30px !important;padding-bottom: 30px !important;padding-left: 30px !important;background-color: #0e415f !important;border-radius: 15px !important;}&#8221;]<span style=\"color: #fcb426;\">\u021aevile de ventila\u021bie \u010cabar plast sunt rapide \u0219i u\u0219or de instalat, mai ieftine, necorozive \u0219i termostabile, spre deosebire de tuburile metalice sau galvanizate.<\/span><\/p>\n<p><span style=\"color: #ffffff;\">Exist\u0103 posibilitatea de a instala difuzoare, care realizeaz\u0103 o egalizare a vitezei fluxului de aer \u00een centura biosferei.<\/span><\/p>\n<p><span style=\"color: #fcb426;\">Jaluzele \u010cabar Plast <\/span> <span style=\"color: #ffffff;\">servesc, de asemenea, la reglarea debitului. De asemenea, avem jaluzele anti-nisip care realizeaz\u0103 separarea nisipului de fluxul de aer. Jaluzele combinate sunt o combina\u021bie de jaluzele fixe \u0219i de reglare.<\/span><\/p>\n<p><span style=\"color: #fcb426;\">Tuburile mari de ventila\u021bie din plastic<\/span> <span style=\"color: #ffffff;\">sunt din ce \u00een ce mai prezente \u00een sistemele moderne de ventila\u021bie, datorit\u0103 unei serii de avantaje pe care le ofer\u0103 fa\u021b\u0103 de \u021bevile metalice tradi\u021bionale. \u00cen continuare, explor\u0103m aceste avantaje \u00een detaliu, precum \u0219i unele dezavantaje poten\u021biale care pot ap\u0103rea \u00een utilizarea lor.<\/span>[\/vc_column_text][vc_empty_space][\/vc_column][\/vc_row][vc_row][vc_column][vc_column_text css=&#8221;.vc_custom_1726569552342{padding-right: 30px !important;padding-left: 30px !important;}&#8221;]<\/p>\n<h3>Avantaje ale \u021bevilor mari de ventila\u021bie din plastic:<\/h3>\n<ul>\n<li><strong>Rezisten\u021ba la coroziune<\/strong> &#8211; Unul dintre cele mai semnificative atribute ale \u021bevilor din plastic este rezisten\u021ba lor excep\u021bional\u0103 la coroziune. Spre deosebire de \u021bevile metalice, care pot fi susceptibile la coroziune din cauza expunerii la umiditate, agen\u021bi chimici sau s\u0103ruri, \u021bevile din plastic r\u0103m\u00e2n neafectate. Aceast\u0103 caracteristic\u0103 prelunge\u0219te semnificativ durata de via\u021b\u0103 a sistemului de ventila\u021bie \u0219i reduce nevoia de \u00eentre\u021binere sau \u00eenlocuire frecvent\u0103.<\/li>\n<li><strong>Instalare mai u\u0219oar\u0103<\/strong> &#8211; \u021aevile din plastic sunt semnificativ mai u\u0219oare \u0219i mai flexibile dec\u00e2t omologii lor metalici, facilit\u00e2nd manipularea \u0219i asamblarea acestora. Acest lucru nu numai c\u0103 accelereaz\u0103 procesul de instalare, dar reduce \u0219i costurile for\u021bei de munc\u0103, f\u0103c\u00e2nd instalarea general\u0103 a sistemului de ventila\u021bie mai economic\u0103.<\/li>\n<li><strong>Reducerea zgomotului<\/strong> &#8211; Datorit\u0103 propriet\u0103\u021bilor inerente ale plasticului, care absoarbe sunetul mai bine dec\u00e2t metalul, \u021bevile din plastic contribuie la reducerea zgomotului \u00een sistemele de ventila\u021bie. Acest lucru este deosebit de benefic \u00een mediile \u00een care reducerea zgomotului este o prioritate, cum ar fi spitalele, \u0219colile \u0219i cl\u0103dirile reziden\u021biale.<\/li>\n<li><strong>Viabilitate economic\u0103<\/strong> &#8211; \u00cen general, \u021bevile din plastic sunt mai rentabile dec\u00e2t cele din metal, ceea ce le face o op\u021biune favorabil\u0103 din punct de vedere economic pentru multe proiecte. Pe l\u00e2ng\u0103 costurile ini\u021biale mai mici, economiile pe termen lung sunt ob\u021binute \u0219i prin costuri de \u00eentre\u021binere mai mici \u0219i o durat\u0103 de via\u021b\u0103 mai lung\u0103.<\/li>\n<\/ul>\n<h3>Dezavantaje ale \u021bevilor mari de ventila\u021bie din plastic<\/h3>\n<p>Limit\u0103ri \u00een ceea ce prive\u0219te siguran\u021ba la incendiu: Comparativ cu \u021bevile metalice, \u021bevile din plastic pot fi mai pu\u021bin dorite \u00een aplica\u021biile \u00een care exist\u0103 standarde \u0219i reglement\u0103ri stricte de siguran\u021b\u0103 la incendiu, din cauza inflamabilit\u0103\u021bii lor mai mari.[\/vc_column_text][vc_empty_space][\/vc_column][\/vc_row][vc_row][vc_column][vc_column_text css=&#8221;.vc_custom_1726569568224{padding-top: 30px !important;padding-right: 30px !important;padding-bottom: 30px !important;padding-left: 30px !important;background-color: #efefef !important;border-radius: 15px !important;}&#8221;]<strong>Avantajele pe care le aduc \u021bevile mari de plastic dep\u0103\u0219esc<\/strong> adesea aceste limit\u0103ri, \u00een special \u00een aplica\u021biile \u00een care rezisten\u021ba la coroziune, instalarea mai u\u0219oar\u0103, reducerea zgomotului \u0219i viabilitatea economic\u0103 sunt factori cheie. Este important s\u0103 se ia \u00een considerare cu aten\u021bie cerin\u021bele specifice ale fiec\u0103rui proiect atunci c\u00e2nd se aleg materialele pentru \u021bevile de ventila\u021bie.[\/vc_column_text][vc_column_text][\/vc_column_text][vc_empty_space][\/vc_column][\/vc_row][vc_row full_width=&#8221;stretch_row_content_no_spaces&#8221;][vc_column][vc_column_text]<img loading=\"lazy\" decoding=\"async\" class=\"aligncenter wp-image-232 size-full\" src=\"https:\/\/cabarplast.com\/wp-content\/uploads\/2024\/03\/footer-4.png\" alt=\"\" width=\"1919\" height=\"50\" srcset=\"https:\/\/cabarplast.com\/wp-content\/uploads\/2024\/03\/footer-4.png 1919w, https:\/\/cabarplast.com\/wp-content\/uploads\/2024\/03\/footer-4-300x8.png 300w, https:\/\/cabarplast.com\/wp-content\/uploads\/2024\/03\/footer-4-1024x27.png 1024w, https:\/\/cabarplast.com\/wp-content\/uploads\/2024\/03\/footer-4-768x20.png 768w, https:\/\/cabarplast.com\/wp-content\/uploads\/2024\/03\/footer-4-1536x40.png 1536w\" sizes=\"auto, (max-width: 1919px) 100vw, 1919px\" \/>[\/vc_column_text][\/vc_column][\/vc_row]<\/p>\n<\/div>","protected":false},"excerpt":{"rendered":"<p>[vc_row][vc_column width=&#8221;1\/2&#8243;][\/vc_column][vc_column width=&#8221;1\/2&#8243; css=&#8221;.vc_custom_1709647368309{border-left-width: 1px !important;padding-right: 30px !important;padding-left: 30px !important;border-left-color: #0e415f !important;border-left-style: solid !important;}&#8221;][vc_column_text css=&#8221;&#8221;] \u021aevi de ventila\u021bie &nbsp; \u021aevile de ventila\u021bie reprezint\u0103 o component\u0103 esen\u021bial\u0103 \u00een orice sistem de ventila\u021bie, av\u00e2nd rolul de a transporta aerul dintr-un spa\u021biu \u00een altul. Ele permit circula\u021bia, filtrarea \u0219i schimbul de aer \u00een spa\u021bii \u00eenchise, \u00eembun\u0103t\u0103\u021bind astfel calitatea&hellip;<\/p>\n","protected":false},"author":1,"featured_media":0,"parent":0,"menu_order":0,"comment_status":"closed","ping_status":"closed","template":"","meta":{"footnotes":""},"class_list":["post-2530","page","type-page","status-publish","hentry","description-off"],"_links":{"self":[{"href":"https:\/\/cabarplast.com\/ro\/wp-json\/wp\/v2\/pages\/2530","targetHints":{"allow":["GET"]}}],"collection":[{"href":"https:\/\/cabarplast.com\/ro\/wp-json\/wp\/v2\/pages"}],"about":[{"href":"https:\/\/cabarplast.com\/ro\/wp-json\/wp\/v2\/types\/page"}],"author":[{"embeddable":true,"href":"https:\/\/cabarplast.com\/ro\/wp-json\/wp\/v2\/users\/1"}],"replies":[{"embeddable":true,"href":"https:\/\/cabarplast.com\/ro\/wp-json\/wp\/v2\/comments?post=2530"}],"version-history":[{"count":3,"href":"https:\/\/cabarplast.com\/ro\/wp-json\/wp\/v2\/pages\/2530\/revisions"}],"predecessor-version":[{"id":2996,"href":"https:\/\/cabarplast.com\/ro\/wp-json\/wp\/v2\/pages\/2530\/revisions\/2996"}],"wp:attachment":[{"href":"https:\/\/cabarplast.com\/ro\/wp-json\/wp\/v2\/media?parent=2530"}],"curies":[{"name":"wp","href":"https:\/\/api.w.org\/{rel}","templated":true}]}}