{"id":2161,"date":"2024-03-04T21:14:48","date_gmt":"2024-03-04T21:14:48","guid":{"rendered":"https:\/\/cabarplast.com\/?page_id=2161"},"modified":"2024-09-13T14:30:46","modified_gmt":"2024-09-13T14:30:46","slug":"echipamente-marine","status":"publish","type":"page","link":"https:\/\/cabarplast.com\/ro\/echipamente-marine\/","title":{"rendered":"Echipamente Marine"},"content":{"rendered":"<div class=\"wpb-content-wrapper\"><p>[vc_row][vc_column css=&#8221;.vc_custom_1710099881337{padding-right: 30px !important;padding-left: 30px !important;}&#8221;][vc_column_text css=&#8221;&#8221;]<\/p>\n<h1><strong>Echipamente<\/strong> Marine<\/h1>\n<p>Echipamentele marine \u010cabar Plast cuprind o gam\u0103 larg\u0103 de produse concepute pentru a v\u0103 \u00eembun\u0103t\u0103\u021bi experien\u021ba pe ap\u0103, incluz\u00e2nd pontoane plutitoare, pontoane pentru porturi, debarcadere, b\u0103rci din plastic, plute pe pontoane, catamarane pentru plute \u0219i butoaie pentru plute. Toate produsele noastre sunt fabricate din materiale de \u00eenalt\u0103 calitate, oferind durabilitate, siguran\u021b\u0103 \u0219i rezisten\u021b\u0103 la diverse condi\u021bii meteorologice.<\/p>\n<h2>Pontoane Plutitoare \u0219i Pontoane pentru Porturi &#8211; Debarcadere<\/h2>\n<p>Pontoanele noastre plutitoare \u0219i pontoanele pentru porturi constau \u00een segmente care se conecteaz\u0103 u\u0219or \u00eentr-un \u00eentreg, folosind elemente din o\u021bel sau galvanizate. Aceast\u0103 construc\u021bie modular\u0103 permite personalizarea u\u0219oar\u0103 a configura\u021biei \u00een func\u021bie de nevoile dvs., fie c\u0103 este vorba de extinderea sau reconfigurarea spa\u021biului dvs. de acostare.[\/vc_column_text][vc_empty_space height=&#8221;50&#8243;][\/vc_column][\/vc_row][vc_row][vc_column][vc_row_inner][vc_column_inner width=&#8221;2\/3&#8243; css=&#8221;.vc_custom_1710101124194{border-left-width: 1px !important;padding-right: 30px !important;padding-left: 30px !important;border-left-color: #0e415f !important;border-left-style: solid !important;}&#8221;][vc_column_text css=&#8221;&#8221;]<\/p>\n<p style=\"font-size: 25px;\">B\u0103rci din <strong>Plastic<\/strong><\/p>\n<p>&nbsp;<\/p>\n<p>Explora\u021bi gama noastr\u0103 de b\u0103rci din plastic, concepute pentru diverse scopuri, de la pescuit \u0219i recreere p\u00e2n\u0103 la utilizare comercial\u0103. B\u0103rcile noastre sunt fabricate din material HDPE, asigur\u00e2nd durabilitate, stabilitate \u0219i \u00eentre\u021binere u\u0219oar\u0103.[\/vc_column_text][vc_empty_space height=&#8221;20&#8243;]<a href=\"https:\/\/cabarplast.com\/ro\/barci-din-plastic\/\" class=\"btn-shortcode dt-btn-m dt-btn default-btn-color default-btn-hover-color default-btn-bg-color default-btn-bg-hover-color\" id=\"dt-btn-1\"><span>Vezi mai multe<\/span><\/a>[\/vc_column_inner][vc_column_inner width=&#8221;1\/3&#8243;][vc_column_text css=&#8221;&#8221;]<a href=\"https:\/\/cabarplast.com\/ro\/barci-din-plastic\/\"><img loading=\"lazy\" decoding=\"async\" class=\"wp-image-1002 size-medium\" src=\"https:\/\/cabarplast.com\/wp-content\/uploads\/2024\/04\/Plasticni-camci-1-300x300.jpg\" alt=\"\" width=\"300\" height=\"300\" srcset=\"https:\/\/cabarplast.com\/wp-content\/uploads\/2024\/04\/Plasticni-camci-1-300x300.jpg 300w, https:\/\/cabarplast.com\/wp-content\/uploads\/2024\/04\/Plasticni-camci-1-150x150.jpg 150w, https:\/\/cabarplast.com\/wp-content\/uploads\/2024\/04\/Plasticni-camci-1-768x768.jpg 768w, https:\/\/cabarplast.com\/wp-content\/uploads\/2024\/04\/Plasticni-camci-1.jpg 900w\" sizes=\"auto, (max-width: 300px) 100vw, 300px\" \/><\/a>[\/vc_column_text][\/vc_column_inner][\/vc_row_inner][vc_empty_space height=&#8221;30&#8243;][vc_row_inner][vc_column_inner width=&#8221;1\/3&#8243;][vc_column_text css=&#8221;&#8221;]<a href=\"https:\/\/cabarplast.com\/ro\/pontoane-din-plastic-pentru-marine-si-plute\/\"><img loading=\"lazy\" decoding=\"async\" class=\"wp-image-820 size-medium aligncenter\" src=\"https:\/\/cabarplast.com\/wp-content\/uploads\/2024\/03\/Pontoni-za-splavove-3-300x300.jpg\" alt=\"\" width=\"300\" height=\"300\" srcset=\"https:\/\/cabarplast.com\/wp-content\/uploads\/2024\/03\/Pontoni-za-splavove-3-300x300.jpg 300w, https:\/\/cabarplast.com\/wp-content\/uploads\/2024\/03\/Pontoni-za-splavove-3-1024x1024.jpg 1024w, https:\/\/cabarplast.com\/wp-content\/uploads\/2024\/03\/Pontoni-za-splavove-3-150x150.jpg 150w, https:\/\/cabarplast.com\/wp-content\/uploads\/2024\/03\/Pontoni-za-splavove-3-768x768.jpg 768w, https:\/\/cabarplast.com\/wp-content\/uploads\/2024\/03\/Pontoni-za-splavove-3.jpg 1080w\" sizes=\"auto, (max-width: 300px) 100vw, 300px\" \/><\/a>[\/vc_column_text][\/vc_column_inner][vc_column_inner width=&#8221;2\/3&#8243; css=&#8221;.vc_custom_1710101146731{border-left-width: 1px !important;padding-right: 30px !important;padding-left: 30px !important;border-left-color: #0e415f !important;border-left-style: solid !important;}&#8221;][vc_column_text css=&#8221;&#8221;]<\/p>\n<p style=\"font-size: 25px;\">Plute pe <strong>Pontoane<\/strong><\/p>\n<p>&nbsp;<\/p>\n<p>Pontoanele noastre formeaz\u0103 baza pentru construirea de plute stabile \u0219i durabile. Disponibile \u00een diverse dimensiuni \u0219i culori, acestea ofer\u0103 flexibilitate \u0219i adaptabilitate pentru toate proiectele dvs. pe ap\u0103.[\/vc_column_text][vc_empty_space height=&#8221;20&#8243;]<a href=\"https:\/\/cabarplast.com\/ro\/pontoane-din-plastic-pentru-marine-si-plute\/\" class=\"btn-shortcode dt-btn-m dt-btn default-btn-color default-btn-hover-color default-btn-bg-color default-btn-bg-hover-color\" id=\"dt-btn-2\"><span>Vezi mai multe<\/span><\/a>[\/vc_column_inner][\/vc_row_inner][vc_empty_space height=&#8221;30&#8243;][vc_row_inner][vc_column_inner width=&#8221;2\/3&#8243; css=&#8221;.vc_custom_1710101124194{border-left-width: 1px !important;padding-right: 30px !important;padding-left: 30px !important;border-left-color: #0e415f !important;border-left-style: solid !important;}&#8221;][vc_column_text css=&#8221;&#8221;]<\/p>\n<p style=\"font-size: 25px;\"><strong>Catamarane<\/strong> pentru Plute<\/p>\n<p>&nbsp;<\/p>\n<p>Catamaranele noastre sunt concepute pentru a oferi stabilitate \u0219i spa\u021biu suplimentar pentru plutele dvs. Cu dou\u0103 corpuri paralele, acestea asigur\u0103 o navigare sigur\u0103 \u0219i confortabil\u0103, f\u0103c\u00e2ndu-le ideale pentru activit\u0103\u021bi recreative \u0219i turistice pe ap\u0103.<br \/>\n[\/vc_column_text][vc_empty_space height=&#8221;20&#8243;]<a href=\"https:\/\/cabarplast.com\/ro\/catamarane-pentru-plute\/\" class=\"btn-shortcode dt-btn-m dt-btn default-btn-color default-btn-hover-color default-btn-bg-color default-btn-bg-hover-color\" id=\"dt-btn-3\"><span>Vezi mai multe<\/span><\/a>[\/vc_column_inner][vc_column_inner width=&#8221;1\/3&#8243;][vc_column_text css=&#8221;&#8221;]<a href=\"https:\/\/cabarplast.com\/ro\/catamarane-pentru-plute\/\"><img loading=\"lazy\" decoding=\"async\" class=\"wp-image-833 size-medium aligncenter\" src=\"https:\/\/cabarplast.com\/wp-content\/uploads\/2024\/03\/Katamarani-za-splavove-10-300x300.jpg\" alt=\"\" width=\"300\" height=\"300\" srcset=\"https:\/\/cabarplast.com\/wp-content\/uploads\/2024\/03\/Katamarani-za-splavove-10-300x300.jpg 300w, https:\/\/cabarplast.com\/wp-content\/uploads\/2024\/03\/Katamarani-za-splavove-10-1024x1024.jpg 1024w, https:\/\/cabarplast.com\/wp-content\/uploads\/2024\/03\/Katamarani-za-splavove-10-150x150.jpg 150w, https:\/\/cabarplast.com\/wp-content\/uploads\/2024\/03\/Katamarani-za-splavove-10-768x768.jpg 768w, https:\/\/cabarplast.com\/wp-content\/uploads\/2024\/03\/Katamarani-za-splavove-10.jpg 1080w\" sizes=\"auto, (max-width: 300px) 100vw, 300px\" \/><\/a>[\/vc_column_text][\/vc_column_inner][\/vc_row_inner][vc_empty_space height=&#8221;30&#8243;][vc_row_inner][vc_column_inner width=&#8221;1\/3&#8243;][vc_column_text css=&#8221;&#8221;]<a href=\"https:\/\/cabarplast.com\/ro\/butoaie-din-plastic-pentru-plute\/\"><img loading=\"lazy\" decoding=\"async\" class=\"wp-image-950 size-medium aligncenter\" src=\"https:\/\/cabarplast.com\/wp-content\/uploads\/2024\/03\/Plasticna-Burad-za-splavove-1-300x300.jpg\" alt=\"\" width=\"300\" height=\"300\" srcset=\"https:\/\/cabarplast.com\/wp-content\/uploads\/2024\/03\/Plasticna-Burad-za-splavove-1-300x300.jpg 300w, https:\/\/cabarplast.com\/wp-content\/uploads\/2024\/03\/Plasticna-Burad-za-splavove-1-1024x1024.jpg 1024w, https:\/\/cabarplast.com\/wp-content\/uploads\/2024\/03\/Plasticna-Burad-za-splavove-1-150x150.jpg 150w, https:\/\/cabarplast.com\/wp-content\/uploads\/2024\/03\/Plasticna-Burad-za-splavove-1-768x768.jpg 768w, https:\/\/cabarplast.com\/wp-content\/uploads\/2024\/03\/Plasticna-Burad-za-splavove-1.jpg 1080w\" sizes=\"auto, (max-width: 300px) 100vw, 300px\" \/><\/a>[\/vc_column_text][\/vc_column_inner][vc_column_inner width=&#8221;2\/3&#8243; css=&#8221;.vc_custom_1710101146731{border-left-width: 1px !important;padding-right: 30px !important;padding-left: 30px !important;border-left-color: #0e415f !important;border-left-style: solid !important;}&#8221;][vc_column_text css=&#8221;&#8221;]<\/p>\n<p style=\"font-size: 25px;\"><strong>Butoaie<\/strong> pentru Plute<\/p>\n<p>&nbsp;<\/p>\n<p>Gama noastr\u0103 de butoaie pentru plute include produse fabricate din material PEHD de \u00eenalt\u0103 densitate, care sunt rezistente la radia\u021bii UV, temperaturi extreme \u0219i daune mecanice. Butoaiele noastre sunt u\u0219or de instalat \u0219i transportat, f\u0103c\u00e2ndu-le alegerea perfect\u0103 pentru construirea de plute ecologice \u0219i durabile.[\/vc_column_text][vc_empty_space height=&#8221;20&#8243;]<a href=\"https:\/\/cabarplast.com\/ro\/butoaie-din-plastic-pentru-plute\/\" class=\"btn-shortcode dt-btn-m dt-btn default-btn-color default-btn-hover-color default-btn-bg-color default-btn-bg-hover-color\" id=\"dt-btn-4\"><span>Vezi mai multe<\/span><\/a>[\/vc_column_inner][\/vc_row_inner][vc_empty_space height=&#8221;30&#8243;][\/vc_column][\/vc_row][vc_row][vc_column][vc_column_text css=&#8221;.vc_custom_1726237811028{padding-top: 30px !important;padding-right: 30px !important;padding-bottom: 30px !important;padding-left: 30px !important;background-color: #0e415f !important;border-radius: 15px !important;}&#8221;]<span style=\"color: #ffffff;\">Descoperi\u021bi echipamentele marine \u010cabar Plast \u0219i \u00eembun\u0103t\u0103\u021bi\u021bi-v\u0103 experien\u021ba pe ap\u0103 cu produse care \u00eendeplinesc standardele contemporane de calitate, siguran\u021b\u0103 \u0219i sustenabilitate ecologic\u0103.<\/span><\/p>\n<p><span style=\"color: #ffffff;\">Vizita\u021bi paginile noastre pentru informa\u021bii mai detaliate despre fiecare produs \u0219i g\u0103si\u021bi solu\u021bia ideal\u0103 pentru nevoile dvs. pe ap\u0103.<\/span>[\/vc_column_text][vc_empty_space][\/vc_column][\/vc_row][vc_row full_width=&#8221;stretch_row_content_no_spaces&#8221;][vc_column][vc_column_text]<img loading=\"lazy\" decoding=\"async\" class=\"aligncenter wp-image-232 size-full\" src=\"https:\/\/cabarplast.com\/wp-content\/uploads\/2024\/03\/footer-4.png\" alt=\"\" width=\"1919\" height=\"50\" srcset=\"https:\/\/cabarplast.com\/wp-content\/uploads\/2024\/03\/footer-4.png 1919w, https:\/\/cabarplast.com\/wp-content\/uploads\/2024\/03\/footer-4-300x8.png 300w, https:\/\/cabarplast.com\/wp-content\/uploads\/2024\/03\/footer-4-1024x27.png 1024w, https:\/\/cabarplast.com\/wp-content\/uploads\/2024\/03\/footer-4-768x20.png 768w, https:\/\/cabarplast.com\/wp-content\/uploads\/2024\/03\/footer-4-1536x40.png 1536w\" sizes=\"auto, (max-width: 1919px) 100vw, 1919px\" \/>[\/vc_column_text][\/vc_column][\/vc_row]<\/p>\n<\/div>","protected":false},"excerpt":{"rendered":"<p>[vc_row][vc_column css=&#8221;.vc_custom_1710099881337{padding-right: 30px !important;padding-left: 30px !important;}&#8221;][vc_column_text css=&#8221;&#8221;] Echipamente Marine Echipamentele marine \u010cabar Plast cuprind o gam\u0103 larg\u0103 de produse concepute pentru a v\u0103 \u00eembun\u0103t\u0103\u021bi experien\u021ba pe ap\u0103, incluz\u00e2nd pontoane plutitoare, pontoane pentru porturi, debarcadere, b\u0103rci din plastic, plute pe pontoane, catamarane pentru plute \u0219i butoaie pentru plute. Toate produsele noastre sunt fabricate din materiale de&hellip;<\/p>\n","protected":false},"author":1,"featured_media":0,"parent":0,"menu_order":0,"comment_status":"closed","ping_status":"closed","template":"","meta":{"footnotes":""},"class_list":["post-2161","page","type-page","status-publish","hentry","description-off"],"_links":{"self":[{"href":"https:\/\/cabarplast.com\/ro\/wp-json\/wp\/v2\/pages\/2161","targetHints":{"allow":["GET"]}}],"collection":[{"href":"https:\/\/cabarplast.com\/ro\/wp-json\/wp\/v2\/pages"}],"about":[{"href":"https:\/\/cabarplast.com\/ro\/wp-json\/wp\/v2\/types\/page"}],"author":[{"embeddable":true,"href":"https:\/\/cabarplast.com\/ro\/wp-json\/wp\/v2\/users\/1"}],"replies":[{"embeddable":true,"href":"https:\/\/cabarplast.com\/ro\/wp-json\/wp\/v2\/comments?post=2161"}],"version-history":[{"count":2,"href":"https:\/\/cabarplast.com\/ro\/wp-json\/wp\/v2\/pages\/2161\/revisions"}],"predecessor-version":[{"id":2166,"href":"https:\/\/cabarplast.com\/ro\/wp-json\/wp\/v2\/pages\/2161\/revisions\/2166"}],"wp:attachment":[{"href":"https:\/\/cabarplast.com\/ro\/wp-json\/wp\/v2\/media?parent=2161"}],"curies":[{"name":"wp","href":"https:\/\/api.w.org\/{rel}","templated":true}]}}