{"id":2120,"date":"2024-03-04T21:14:56","date_gmt":"2024-03-04T21:14:56","guid":{"rendered":"https:\/\/cabarplast.com\/?page_id=2120"},"modified":"2024-09-20T12:19:05","modified_gmt":"2024-09-20T12:19:05","slug":"barci-din-plastic","status":"publish","type":"page","link":"https:\/\/cabarplast.com\/ro\/barci-din-plastic\/","title":{"rendered":"B\u0103rcile din plastic"},"content":{"rendered":"<div class=\"wpb-content-wrapper\"><p>[vc_row][vc_column width=&#8221;1\/2&#8243;]<style type=\"text\/css\" data-type=\"the7_shortcodes-inline-css\">.gallery-carousel-shortcode.gallery-carousel-shortcode-id-27c3b50ecff78c9cb6c7eb7efba8bbbe .owl-nav a {\n  width: 30px;\n  height: 30px;\n  border-radius: 500px;\n}\n.dt-arrow-border-on.gallery-carousel-shortcode.gallery-carousel-shortcode-id-27c3b50ecff78c9cb6c7eb7efba8bbbe .owl-nav a:not(:hover):before {\n  border-width: 0px;\n}\n.dt-arrow-hover-border-on.gallery-carousel-shortcode.gallery-carousel-shortcode-id-27c3b50ecff78c9cb6c7eb7efba8bbbe .owl-nav a:hover:after {\n  border-width: 0px;\n}\n.gallery-carousel-shortcode.gallery-carousel-shortcode-id-27c3b50ecff78c9cb6c7eb7efba8bbbe .owl-nav a.owl-prev {\n  top: calc(100% + 0px);\n  left: -43px;\n}\n.gallery-carousel-shortcode.gallery-carousel-shortcode-id-27c3b50ecff78c9cb6c7eb7efba8bbbe .owl-nav a.owl-prev i {\n  padding: 0px 5px 0px 5px;\n}\n.gallery-carousel-shortcode.gallery-carousel-shortcode-id-27c3b50ecff78c9cb6c7eb7efba8bbbe .owl-nav a.owl-next {\n  top: calc(100% + 0px);\n  right: -43px;\n}\n.gallery-carousel-shortcode.gallery-carousel-shortcode-id-27c3b50ecff78c9cb6c7eb7efba8bbbe .owl-nav a.owl-next i {\n  padding: 0px 5px 0px 5px;\n}\n.gallery-carousel-shortcode.gallery-carousel-shortcode-id-27c3b50ecff78c9cb6c7eb7efba8bbbe .owl-nav i {\n  font-size: 15px;\n}\n.gallery-carousel-shortcode.gallery-carousel-shortcode-id-27c3b50ecff78c9cb6c7eb7efba8bbbe .owl-nav a:not(:hover) i,\n.gallery-carousel-shortcode.gallery-carousel-shortcode-id-27c3b50ecff78c9cb6c7eb7efba8bbbe .owl-nav a:not(:hover) i:before {\n  color: #ffffff;\n  background: none;\n}\n.gallery-carousel-shortcode.gallery-carousel-shortcode-id-27c3b50ecff78c9cb6c7eb7efba8bbbe .owl-nav a:hover i,\n.gallery-carousel-shortcode.gallery-carousel-shortcode-id-27c3b50ecff78c9cb6c7eb7efba8bbbe .owl-nav a:hover i:before {\n  color: rgba(255,255,255,0.75);\n  background: none;\n}\n.gallery-carousel-shortcode.gallery-carousel-shortcode-id-27c3b50ecff78c9cb6c7eb7efba8bbbe .owl-dots {\n  top: calc(100% + 20px);\n  left: 50%;\n  transform: translateX(calc(-50% + 0px));\n}\n@media all and (-ms-high-contrast: none) {\n  .gallery-carousel-shortcode.gallery-carousel-shortcode-id-27c3b50ecff78c9cb6c7eb7efba8bbbe .owl-dots {\n    transform: translateX(-50%);\n    margin-left: 0px;\n  }\n}\n.gallery-carousel-shortcode.gallery-carousel-shortcode-id-27c3b50ecff78c9cb6c7eb7efba8bbbe .owl-dot {\n  width: 10px;\n  height: 10px;\n  margin: 0 8px;\n}\n@media screen and (max-width: 778px) {\n  .gallery-carousel-shortcode.gallery-carousel-shortcode-id-27c3b50ecff78c9cb6c7eb7efba8bbbe.hide-arrows .owl-nav a {\n    display: none;\n  }\n}\n@media screen and (max-width: 778px) {\n  .gallery-carousel-shortcode.gallery-carousel-shortcode-id-27c3b50ecff78c9cb6c7eb7efba8bbbe.reposition-arrows .owl-nav .owl-prev {\n    top: calc(100% + 0px);\n    left: 10px;\n  }\n  .gallery-carousel-shortcode.gallery-carousel-shortcode-id-27c3b50ecff78c9cb6c7eb7efba8bbbe.reposition-arrows .owl-nav .owl-next {\n    top: calc(100% + 0px);\n    right: 10px;\n  }\n}\n.gallery-carousel-shortcode.gallery-carousel-shortcode-id-27c3b50ecff78c9cb6c7eb7efba8bbbe figure,\n.gallery-carousel-shortcode.gallery-carousel-shortcode-id-27c3b50ecff78c9cb6c7eb7efba8bbbe .rollover,\n.gallery-carousel-shortcode.gallery-carousel-shortcode-id-27c3b50ecff78c9cb6c7eb7efba8bbbe img,\n.gallery-carousel-shortcode.gallery-carousel-shortcode-id-27c3b50ecff78c9cb6c7eb7efba8bbbe .gallery-rollover {\n  border-radius: 0px;\n}\n.gallery-carousel-shortcode.gallery-carousel-shortcode-id-27c3b50ecff78c9cb6c7eb7efba8bbbe.enable-bg-rollover .gallery-rollover {\n  background: -webkit-linear-gradient();\n  background: linear-gradient();\n}\n.gallery-carousel-shortcode.gallery-carousel-shortcode-id-27c3b50ecff78c9cb6c7eb7efba8bbbe.enable-img-shadow .owl-stage-outer {\n  padding: 14px 0;\n}\n.gallery-carousel-shortcode.gallery-carousel-shortcode-id-27c3b50ecff78c9cb6c7eb7efba8bbbe.enable-bg-rollover.hover-scale figure .rollover:after {\n  background: -webkit-linear-gradient();\n  background: linear-gradient();\n}\n.gallery-carousel-shortcode.gallery-carousel-shortcode-id-27c3b50ecff78c9cb6c7eb7efba8bbbe.gallery-shortcode .gallery-zoom-ico {\n  width: 44px;\n  height: 44px;\n  line-height: 44px;\n  border-radius: 100px;\n  margin: -22px 0 0 -22px;\n  border-width: 0px;\n}\n.dt-icon-bg-on.gallery-carousel-shortcode.gallery-carousel-shortcode-id-27c3b50ecff78c9cb6c7eb7efba8bbbe.gallery-shortcode .gallery-zoom-ico {\n  background: rgba(255,255,255,0.3);\n  box-shadow: none;\n}\n.gallery-carousel-shortcode.gallery-carousel-shortcode-id-27c3b50ecff78c9cb6c7eb7efba8bbbe.gallery-shortcode .gallery-zoom-ico:before,\n.gallery-carousel-shortcode.gallery-carousel-shortcode-id-27c3b50ecff78c9cb6c7eb7efba8bbbe.gallery-shortcode .gallery-zoom-ico span {\n  font-size: 32px;\n  line-height: 44px;\n  color: #ffffff;\n  background: none;\n}\n<\/style><div class=\"owl-carousel gallery-carousel-shortcode gallery-shortcode  dt-gallery-container dt-owl-carousel-call gallery-carousel-shortcode-id-27c3b50ecff78c9cb6c7eb7efba8bbbe quick-scale-img enable-bg-rollover meta-info-off dt-arrow-border-on dt-arrow-hover-border-on bullets-small-dot-stroke reposition-arrows dt-icon-bg-off arrows-bg-on disable-arrows-hover-bg arrows-hover-bg-on  vc_custom_1713170607350 hover-fade \" data-scroll-mode=\"1\" data-col-num=\"1\" data-wide-col-num=\"1\" data-laptop-col=\"1\" data-h-tablet-columns-num=\"1\" data-v-tablet-columns-num=\"1\" data-phone-columns-num=\"1\" data-col-gap=\"10\" data-stage-padding=\"0\" data-speed=\"600\" data-autoplay=\"false\" data-autoplay_speed=\"6000\" data-arrows=\"true\" data-bullet=\"false\" data-next-icon=\"icon-ar-017-r\" data-prev-icon=\"icon-ar-017-l\" data-img-shadow-size=\"12px\" data-img-shadow-spread=\"3px\"><div data-post-id=\"2125\" data-date=\"2024-04-15T08:42:47+00:00\" data-name=\"Plasti\u010dni \u010damci\"><figure class=\"post\"><a href=\"https:\/\/cabarplast.com\/wp-content\/uploads\/2024\/04\/Plasticni-camci-1.jpg\" class=\"rollover dt-pswp-item layzr-bg\" data-large_image_width=\"900\" data-large_image_height=\"900\" data-dt-img-description=\"\" title=\"Plasti\u010dni \u010damci\"><img fetchpriority=\"high\" decoding=\"async\" class=\"preload-me owl-lazy-load aspect\" src=\"data:image\/svg+xml,%3Csvg%20xmlns%3D&#39;http%3A%2F%2Fwww.w3.org%2F2000%2Fsvg&#39;%20viewBox%3D&#39;0%200%20900%20900&#39;%2F%3E\" data-src=\"https:\/\/cabarplast.com\/wp-content\/uploads\/2024\/04\/Plasticni-camci-1.jpg\" data-srcset=\"https:\/\/cabarplast.com\/wp-content\/uploads\/2024\/04\/Plasticni-camci-1.jpg 900w\" loading=\"eager\" style=\"--ratio: 900 \/ 900\" sizes=\"(max-width: 900px) 100vw, 900px\" alt=\"\" width=\"900\" height=\"900\"  \/><span class=\"gallery-rollover\"><span class=\"gallery-zoom-ico icomoon-the7-font-the7-zoom-06\"><span><\/span><\/span><\/span><\/a><\/figure><\/div><div data-post-id=\"2126\" data-date=\"2024-04-15T08:42:47+00:00\" data-name=\"Plasti\u010dni \u010damci\"><figure class=\"post\"><a href=\"https:\/\/cabarplast.com\/wp-content\/uploads\/2024\/04\/Plasticni-camci-2.jpg\" class=\"rollover dt-pswp-item layzr-bg\" data-large_image_width=\"900\" data-large_image_height=\"900\" data-dt-img-description=\"\" title=\"Plasti\u010dni \u010damci\"><img decoding=\"async\" class=\"preload-me owl-lazy-load aspect\" src=\"data:image\/svg+xml,%3Csvg%20xmlns%3D&#39;http%3A%2F%2Fwww.w3.org%2F2000%2Fsvg&#39;%20viewBox%3D&#39;0%200%20900%20900&#39;%2F%3E\" data-src=\"https:\/\/cabarplast.com\/wp-content\/uploads\/2024\/04\/Plasticni-camci-2.jpg\" data-srcset=\"https:\/\/cabarplast.com\/wp-content\/uploads\/2024\/04\/Plasticni-camci-2.jpg 900w\" loading=\"eager\" style=\"--ratio: 900 \/ 900\" sizes=\"(max-width: 900px) 100vw, 900px\" alt=\"\" width=\"900\" height=\"900\"  \/><span class=\"gallery-rollover\"><span class=\"gallery-zoom-ico icomoon-the7-font-the7-zoom-06\"><span><\/span><\/span><\/span><\/a><\/figure><\/div><div data-post-id=\"2124\" data-date=\"2024-03-12T12:32:05+00:00\" data-name=\"Plasti\u010dni \u010damci\"><figure class=\"post\"><a href=\"https:\/\/cabarplast.com\/wp-content\/uploads\/2024\/03\/Plasticni-camci.jpg\" class=\"rollover dt-pswp-item layzr-bg\" data-large_image_width=\"1080\" data-large_image_height=\"1080\" data-dt-img-description=\"\" title=\"Plasti\u010dni \u010damci\"><img decoding=\"async\" class=\"preload-me owl-lazy-load aspect\" src=\"data:image\/svg+xml,%3Csvg%20xmlns%3D&#39;http%3A%2F%2Fwww.w3.org%2F2000%2Fsvg&#39;%20viewBox%3D&#39;0%200%201080%201080&#39;%2F%3E\" data-src=\"https:\/\/cabarplast.com\/wp-content\/uploads\/2024\/03\/Plasticni-camci.jpg\" data-srcset=\"https:\/\/cabarplast.com\/wp-content\/uploads\/2024\/03\/Plasticni-camci.jpg 1080w\" loading=\"eager\" style=\"--ratio: 1080 \/ 1080\" sizes=\"(max-width: 1080px) 100vw, 1080px\" alt=\"\" width=\"1080\" height=\"1080\"  \/><span class=\"gallery-rollover\"><span class=\"gallery-zoom-ico icomoon-the7-font-the7-zoom-06\"><span><\/span><\/span><\/span><\/a><\/figure><\/div><\/div>[\/vc_column][vc_column width=&#8221;1\/2&#8243; css=&#8221;.vc_custom_1709647368309{border-left-width: 1px !important;padding-right: 30px !important;padding-left: 30px !important;border-left-color: #0e415f !important;border-left-style: solid !important;}&#8221;][vc_column_text css=&#8221;&#8221;]<\/p>\n<h1>B\u0103rcile din <strong>plastic<\/strong><\/h1>\n<p>&nbsp;<\/p>\n<p>B\u0103rcile din plastic fabricate din material HDPE (polietilen\u0103 de \u00eenalt\u0103 densitate) s-au dovedit excelente \u00een produc\u021bia de ambarca\u021biuni.<\/p>\n<p>Materialul este u\u0219or de modelat, permi\u021b\u00e2nd fabricarea b\u0103rcilor din plastic \u00een diferite forme, ceea ce le face potrivite pentru regate, atunci c\u00e2nd dori\u021bi ca ambarca\u021biunea dvs. s\u0103 aib\u0103 un aspect atr\u0103g\u0103tor.<\/p>\n<p>Buna flotabilitate \u0219i stabilitate pe ap\u0103 sunt doar c\u00e2teva dintre avantajele acestor b\u0103rci \u00een compara\u021bie cu b\u0103rcile gonflabile sau b\u0103rcile din fibr\u0103 de sticl\u0103.[\/vc_column_text][vc_empty_space height=&#8221;20&#8243;]<a href=\"https:\/\/cabarplast.com\/ro\/contactati-ne\/\" class=\"btn-shortcode dt-btn-m dt-btn default-btn-color default-btn-hover-color default-btn-bg-color default-btn-bg-hover-color\" id=\"dt-btn-1\"><span>Contacta\u0163i-ne<\/span><\/a>[\/vc_column][\/vc_row][vc_row][vc_column][vc_empty_space height=&#8221;50&#8243;][vc_column_text css=&#8221;.vc_custom_1726235788695{padding-right: 30px !important;padding-left: 30px !important;}&#8221;]B\u0103rcile noastre din plastic sunt potrivite pentru toate mediile, fie \u00een ap\u0103 dulce sau s\u0103rat\u0103. Oferim o gam\u0103 de b\u0103rci din plastic \u00een diferite dimensiuni \u0219i capacit\u0103\u021bi, concepute pentru a satisface at\u00e2t nevoile individuale, c\u00e2t \u0219i pe cele comerciale. B\u0103rcile noastre vin \u00een culori standard &#8211; alb, gri sau negru sau albastru, dar pot fi personalizate \u0219i \u00een alte culori, \u00een func\u021bie de preferin\u021bele clientului.<\/p>\n<p>Sunt potrivite \u0219i pentru diverse scopuri &#8211; pot fi folosite ca b\u0103rci de croazier\u0103, b\u0103rci de pescuit sportiv sau de agrement, pentru transportul de persoane, vacan\u021be \u00een familie \u0219i activit\u0103\u021bi de agrement. Nu se vor deteriora \u0219i nu necesit\u0103 \u00eentre\u021binere, acoperire sau protec\u021bie, spre deosebire de b\u0103rcile fabricate din alte materiale.<\/p>\n<p><strong>B\u0103rcile din plastic sunt insubmersibile, nu pot fi perforate \u0219i nici nu pot fi deteriorate permanent \u00een alt mod.<\/strong> De ce sunt insubmersibile? Interiorul lor este \u00eemp\u0103r\u021bit \u00een compartimente, astfel \u00eenc\u00e2t dac\u0103 o parte se deterioreaz\u0103, celelalte vor men\u021bine barca pe linia de plutire. Pot fi folosite iar \u0219i iar, iar num\u0103rul de utiliz\u0103ri nu afecteaz\u0103 calitatea \u0219i durabilitatea acestor b\u0103rci.[\/vc_column_text][vc_empty_space height=&#8221;50&#8243;][\/vc_column][\/vc_row][vc_row full_width=&#8221;stretch_row_content_no_spaces&#8221;][vc_column][vc_column_text]<img loading=\"lazy\" decoding=\"async\" class=\"aligncenter wp-image-232 size-full\" src=\"https:\/\/cabarplast.com\/wp-content\/uploads\/2024\/03\/footer-4.png\" alt=\"\" width=\"1919\" height=\"50\" srcset=\"https:\/\/cabarplast.com\/wp-content\/uploads\/2024\/03\/footer-4.png 1919w, https:\/\/cabarplast.com\/wp-content\/uploads\/2024\/03\/footer-4-300x8.png 300w, https:\/\/cabarplast.com\/wp-content\/uploads\/2024\/03\/footer-4-1024x27.png 1024w, https:\/\/cabarplast.com\/wp-content\/uploads\/2024\/03\/footer-4-768x20.png 768w, https:\/\/cabarplast.com\/wp-content\/uploads\/2024\/03\/footer-4-1536x40.png 1536w\" sizes=\"auto, (max-width: 1919px) 100vw, 1919px\" \/>[\/vc_column_text][\/vc_column][\/vc_row][vc_row full_width=&#8221;stretch_row&#8221; css=&#8221;.vc_custom_1709643894007{background-color: #0e415f !important;}&#8221;][vc_column][vc_column_text css=&#8221;.vc_custom_1726236567785{padding-right: 30px !important;padding-left: 30px !important;}&#8221;]<\/p>\n<h2><span style=\"color: #fcb426;\">B\u0103rcile din plastic de diverse dimensiuni<\/span><\/h2>\n<p><span style=\"color: #fcb426;\">B\u0103rcile din plastic sunt fabricate \u00een diferite dimensiuni \u0219i capacit\u0103\u021bi<\/span><span style=\"color: #ffffff;\">, toate \u00een func\u021bie de nevoile clientului. Podeaua sau fundul b\u0103rcii este plat \u0219i stabil. Un motor poate fi ata\u0219at f\u0103r\u0103 probleme.<\/span><\/p>\n<p><span style=\"color: #ffffff;\">Dac\u0103 sunte\u021bi un pescar pasionat care are nevoie de o barc\u0103 de pescuit, un iubitor de r\u00e2uri \u0219i ape sau pur \u0219i simplu ave\u021bi nevoie de o pauz\u0103 de la via\u021ba de zi cu zi, dori\u021bi o ambarca\u021biune pentru regate, b\u0103rcile noastre din plastic sunt cea mai bun\u0103 \u0219i mai accesibil\u0103 solu\u021bie pentru dumneavoastr\u0103.<\/span><\/p>\n<p><span style=\"color: #ffffff;\">Pe l\u00e2ng\u0103 faptul c\u0103 nu trebuie s\u0103 v\u0103 face\u021bi griji cu privire la \u00eentre\u021binere<\/span> <span style=\"color: #fcb426;\">b\u0103rcile noastre sunt u\u0219or de transportat \u0219i de purtat \u0219i<\/span><span style=\"color: #ffffff;\"> nu uita\u021bi, sunt indestructibile<\/span><\/p>\n<p><span style=\"color: #ffffff;\">\u00cen func\u021bie de nevoile dumneavoastr\u0103, \u010cabar Plast din Ose\u010dina, l\u00e2ng\u0103 Valjevo, produce b\u0103rci din plastic mici sau mari, \u00een func\u021bie de dimensiunile dorite. Aspectul final \u0219i pre\u021bul depind de l\u0103\u021bimea \u0219i lungimea total\u0103 a b\u0103rcii, de diametru \u0219i de capacitate, precum \u0219i de echipamentul suplimentar. De asemenea, pot avea cabin\u0103 sau pot fi f\u0103r\u0103 cabin\u0103 \u0219i pot con\u021bine toate echipamentele suplimentare de care ave\u021bi nevoie.<\/span><\/p>\n<p><span style=\"color: #fcb426;\">Aspectul final al b\u0103rcii din plastic, precum \u0219i echipamentul pe care \u00eel dori\u021bi, este important dac\u0103 inten\u021biona\u021bi s\u0103 v\u0103 \u00eenregistra\u021bi ambarca\u021biunea \u00een Serbia.<\/span>[\/vc_column_text][vc_empty_space height=&#8221;30&#8243;][\/vc_column][\/vc_row][vc_row][vc_column][vc_column_text css=&#8221;.vc_custom_1726236142187{padding-top: 30px !important;padding-right: 30px !important;padding-bottom: 30px !important;padding-left: 30px !important;background-color: #efefef !important;border-radius: 15px !important;}&#8221;]<\/p>\n<h2>De ce plasticul devine o alegere mai comun\u0103 \u00een fabricarea b\u0103rcilor?<\/h2>\n<p>Comparativ cu materialele tradi\u021bionale utilizate \u00een construc\u021bia b\u0103rcilor &#8211; fibr\u0103 de sticl\u0103, aluminiu, cauciuc \u0219i lemn, plasticul are o serie de avantaje, at\u00e2t \u00een procesul de fabrica\u021bie a b\u0103rcilor, c\u00e2t \u0219i \u00een utilizarea \u0219i func\u021bionarea zilnic\u0103 a acestora.<\/p>\n<p>Densitatea polietilenei este mai mic\u0103 dec\u00e2t densitatea materialelor tradi\u021bionale de construc\u021bie a b\u0103rcilor \u0219i este mai mic\u0103 dec\u00e2t cea a apei, ceea ce \u00eel face un material excep\u021bional de bun pentru fabricarea diferitelor tipuri de obiecte plutitoare (b\u0103rci, pontoane, geamanduri pentru plute, platforme fixe, etc.).<\/p>\n<p><strong>Polietilena<\/strong>, materialul din care sunt fabricate b\u0103rcile, este un tip de plastic cu o densitate excep\u021bional\u0103. Comparativ cu ambalajele PET clasice, polietilena are o structur\u0103 mai puternic\u0103 \u0219i fibre mai dense \u00eentre\u021besute, ceea ce o face extrem de rezistent\u0103 \u0219i puternic\u0103.<\/p>\n<p>Aceasta confer\u0103 b\u0103rcilor din plastic o rezisten\u021b\u0103 ridicat\u0103 la deterior\u0103ri mecanice &#8211; uzur\u0103, zg\u00e2rieturi \u0219i rupere. \u00cen practic\u0103, aceasta \u00eenseamn\u0103 c\u0103 o barc\u0103 din plastic din polietilen\u0103, dac\u0103 love\u0219te o st\u00e2nc\u0103 sau e\u0219ueaz\u0103 pe nisip, nu se va deteriora a\u0219a cum este cazul b\u0103rcilor gonflabile. Dac\u0103 apar deterior\u0103ri, procesul de reparare este rapid \u0219i u\u0219or. Deoarece este un material u\u0219or, faciliteaz\u0103 transportul \u0219i manipularea b\u0103rcii.[\/vc_column_text][vc_column_text][\/vc_column_text][vc_empty_space][\/vc_column][\/vc_row][vc_row][vc_column][vc_column_text css=&#8221;.vc_custom_1726236280291{padding-top: 30px !important;padding-right: 30px !important;padding-bottom: 30px !important;padding-left: 30px !important;background-color: #0e415f !important;border-radius: 15px !important;}&#8221;]<\/p>\n<h2><span style=\"color: #fcb426;\">\u00centre\u021binerea barcilor din plastic \u010cabar Plast\u00a0<\/span><\/h2>\n<p><span style=\"color: #ffffff;\">Procesul de fabrica\u021bie al b\u0103rcilor din plastic \u0219i caracteristicile materialului HDPE asigur\u0103 durabilitatea \u0219i rezisten\u021ba b\u0103rcilor din plastic la diverse condi\u021bii meteorologice.<\/span><\/p>\n<ul>\n<li><span style=\"color: #ffffff;\">B\u0103rcile din plastic \u010cabarPlast nu necesit\u0103 protec\u021bie anticoroziv\u0103, antifouling sau straturi de gelcoat, obligatorii pentru protejarea b\u0103rcilor \u0219i ambarca\u021biunilor fabricate din materiale tradi\u021bionale. B\u0103rcile din plastic \u010cabarPlast nu necesit\u0103 vopsire, acoperire sau \u00eempachetare cu folie.<br \/>\n<\/span><\/li>\n<li><span style=\"color: #ffffff;\">Sunt rezistente la temperaturi ridicate.<\/span><\/li>\n<li><span style=\"color: #ffffff;\">Sunt impermeabile \u0219i nu necesit\u0103 fixative sau adeziv.<\/span><\/li>\n<li><span style=\"color: #ffffff;\">Sunt rezistente la uzur\u0103 \u0219i deterior\u0103ri mecanice. De exemplu, aceste b\u0103rci sunt recomandate pentru rafting datorit\u0103 durabilit\u0103\u021bii lor.<\/span><\/li>\n<li><span style=\"color: #ffffff;\">Au o bun\u0103 flotabilitate &#8211; sunt stabile pe ap\u0103 \u0219i u\u0219or de manevrat (folosind v\u00e2sle sau o consol\u0103 de direc\u021bie).<\/span><\/li>\n<li><span style=\"color: #ffffff;\">Sunt u\u0219or de transportat spre \u0219i dinspre ap\u0103.<\/span><\/li>\n<li><span style=\"color: #ffffff;\">Sunt u\u0219or de c\u0103rat.<\/span><\/li>\n<li><span style=\"color: #ffffff;\">Sunt practice, fiabile \u0219i rentabile, fiind una dintre cele mai bune alegeri pentru plimb\u0103ri cu barca.<\/span><\/li>\n<\/ul>\n<p>[\/vc_column_text][vc_empty_space][\/vc_column][\/vc_row][vc_row][vc_column][vc_column_text css=&#8221;.vc_custom_1726236480140{padding-right: 30px !important;padding-left: 30px !important;}&#8221;]<\/p>\n<h2>Preg\u0103tirea pentru naviga\u021bie cu o barc\u0103 din plastic<\/h2>\n<p>B\u0103rcile din plastic sunt o alegere excelent\u0103 pentru naviga\u021bie, fiind u\u0219or de utilizat \u0219i oferind toate avantajele navelor mari, \u0219alupelor rapide, barjelor sau b\u0103rcilor cu p\u00e2nze. Datorit\u0103 caracteristicilor materialelor din care sunt fabricate, care sunt mai u\u0219oare \u00een densitate dec\u00e2t aluminiul \u0219i chiar apa, acestea au o serie de avantaje, \u00een special \u00een ceea ce prive\u0219te durabilitatea \u0219i capacitatea mare de \u00eenc\u0103rcare. Flexibilitatea b\u0103rcilor absoarbe zgomotul \u0219i valurile, f\u0103c\u00e2nd c\u0103l\u0103toria mai pl\u0103cut\u0103. Datorit\u0103 rezisten\u021bei lor ridicate la deteriorare \u0219i varia\u021bii de temperatur\u0103, acestea pot fi utilizate pentru naviga\u021bie \u00een toate anotimpurile (var\u0103 sau iarn\u0103) \u0219i devin alegerea unui num\u0103r tot mai mare de navigatori \u0219i pasiona\u021bi de plimb\u0103ri cu barca.<\/p>\n<p><strong>B\u0103rcile \u010cabar Plast sunt fabricate din polietilen\u0103 de \u00eenalt\u0103 densitate, la fel ca pontoanele, catamarane, rezervoarele de ap\u0103, rezervoarele verticale de ap\u0103, rezervoarele de ulei, containerele pentru tescovin\u0103 de struguri, b\u0103rcile tabarca, rezervoarele de iriga\u021bii, fosele septice, separatoarele de gr\u0103simi \u0219i ulei, butoaiele de vin din plastic.<\/strong><\/p>\n<p>&nbsp;<\/p>\n<h2>Preg\u0103tirea pentru naviga\u021bie cu o barc\u0103 din plastic<\/h2>\n<p>B\u0103rcile din plastic reprezint\u0103 o alegere excelent\u0103 pentru naviga\u021bie, deoarece sunt u\u0219or de utilizat \u0219i ofer\u0103 toate avantajele pe care le au navele mari, b\u0103rcile cu motor, b\u0103rcile sau velierele. Datorit\u0103 caracteristicilor materialelor din care sunt fabricate, a c\u0103ror densitate este mai mic\u0103 dec\u00e2t cea a aluminiului \u0219i chiar a apei, au o serie de avantaje, \u00een special \u00een ceea ce prive\u0219te durabilitatea \u0219i capacitatea mare de \u00eenc\u0103rcare. Flexibilitatea b\u0103rcilor absoarbe zgomotul \u0219i valurile, ceea ce poate face c\u0103l\u0103toria mai pl\u0103cut\u0103.<\/p>\n<p>Datorit\u0103 rezisten\u021bei mari la deteriorare \u0219i diferen\u021bele de temperatur\u0103, pot fi utilizate pentru naviga\u021bie \u00een toate anotimpurile (vara sau iarna) \u0219i reprezint\u0103 o alegere potrivit\u0103 pentru un num\u0103r tot mai mare de navigatori \u0219i pasiona\u021bi de naviga\u021bie.<\/p>\n<p>&nbsp;<\/p>\n<h4 style=\"text-align: justify;\" align=\"center\">Dimensiunile b\u0103rcilor noastre<\/h4>\n<table style=\"height: 266px;\" border=\"0\" width=\"323\" cellspacing=\"1\" cellpadding=\"0\">\n<tbody>\n<tr>\n<td bgcolor=\"#CCCCCC\" width=\"158\" height=\"41\">\n<p style=\"text-align: left;\" align=\"center\"><strong>Num\u0103rul de persoane<\/strong><\/p>\n<\/td>\n<td bgcolor=\"#CCCCCC\" width=\"148\">\n<p style=\"text-align: left;\" align=\"center\"><strong>Lungime (m)<\/strong><\/p>\n<\/td>\n<td bgcolor=\"#CCCCCC\" width=\"134\">\n<p style=\"text-align: left;\" align=\"center\"><strong>L\u0103\u021bime (m)<\/strong><\/p>\n<\/td>\n<\/tr>\n<tr>\n<td bgcolor=\"#efefef\">4<\/td>\n<td bgcolor=\"#efefef\">2<\/td>\n<td bgcolor=\"#efefef\">2,5<\/td>\n<\/tr>\n<tr>\n<td bgcolor=\"#efefef\">6<\/td>\n<td bgcolor=\"#efefef\">3,5<\/td>\n<td bgcolor=\"#efefef\">2<\/td>\n<\/tr>\n<tr>\n<td bgcolor=\"#efefef\">10<\/td>\n<td bgcolor=\"#efefef\">5<\/td>\n<td bgcolor=\"#efefef\">2<\/td>\n<\/tr>\n<\/tbody>\n<\/table>\n<p>[\/vc_column_text][vc_empty_space][\/vc_column][\/vc_row][vc_row][vc_column][vc_column_text css=&#8221;.vc_custom_1726236499766{padding-top: 30px !important;padding-right: 30px !important;padding-bottom: 30px !important;padding-left: 30px !important;background-color: #efefef !important;border-radius: 15px !important;}&#8221;]B\u0103rcile \u010cabar Plast sunt fabricate din polietilen\u0103 de \u00eenalt\u0103 densitate, la fel ca \u0219i pontoanele noastre, catamaranele, rezervoarele de ap\u0103, rezervoarele verticale pentru ap\u0103, rezervoarele pentru combustibil, cisternele pentru cenu\u0219\u0103, tabarele, rezervoarele pentru irigare, fosele septice, separatoarele de gr\u0103simi \u0219i uleiuri, \u0219i butoaiele din plastic pentru vin.[\/vc_column_text][vc_column_text][\/vc_column_text][vc_empty_space][\/vc_column][\/vc_row][vc_row full_width=&#8221;stretch_row_content_no_spaces&#8221;][vc_column][vc_column_text]<img loading=\"lazy\" decoding=\"async\" class=\"aligncenter wp-image-232 size-full\" src=\"https:\/\/cabarplast.com\/wp-content\/uploads\/2024\/03\/footer-4.png\" alt=\"\" width=\"1919\" height=\"50\" srcset=\"https:\/\/cabarplast.com\/wp-content\/uploads\/2024\/03\/footer-4.png 1919w, https:\/\/cabarplast.com\/wp-content\/uploads\/2024\/03\/footer-4-300x8.png 300w, https:\/\/cabarplast.com\/wp-content\/uploads\/2024\/03\/footer-4-1024x27.png 1024w, https:\/\/cabarplast.com\/wp-content\/uploads\/2024\/03\/footer-4-768x20.png 768w, https:\/\/cabarplast.com\/wp-content\/uploads\/2024\/03\/footer-4-1536x40.png 1536w\" sizes=\"auto, (max-width: 1919px) 100vw, 1919px\" \/>[\/vc_column_text][\/vc_column][\/vc_row]<\/p>\n<\/div>","protected":false},"excerpt":{"rendered":"<p>[vc_row][vc_column width=&#8221;1\/2&#8243;][\/vc_column][vc_column width=&#8221;1\/2&#8243; css=&#8221;.vc_custom_1709647368309{border-left-width: 1px !important;padding-right: 30px !important;padding-left: 30px !important;border-left-color: #0e415f !important;border-left-style: solid !important;}&#8221;][vc_column_text css=&#8221;&#8221;] B\u0103rcile din plastic &nbsp; B\u0103rcile din plastic fabricate din material HDPE (polietilen\u0103 de \u00eenalt\u0103 densitate) s-au dovedit excelente \u00een produc\u021bia de ambarca\u021biuni. Materialul este u\u0219or de modelat, permi\u021b\u00e2nd fabricarea b\u0103rcilor din plastic \u00een diferite forme, ceea ce le face potrivite&hellip;<\/p>\n","protected":false},"author":1,"featured_media":0,"parent":0,"menu_order":0,"comment_status":"closed","ping_status":"closed","template":"","meta":{"footnotes":""},"class_list":["post-2120","page","type-page","status-publish","hentry","description-off"],"_links":{"self":[{"href":"https:\/\/cabarplast.com\/ro\/wp-json\/wp\/v2\/pages\/2120","targetHints":{"allow":["GET"]}}],"collection":[{"href":"https:\/\/cabarplast.com\/ro\/wp-json\/wp\/v2\/pages"}],"about":[{"href":"https:\/\/cabarplast.com\/ro\/wp-json\/wp\/v2\/types\/page"}],"author":[{"embeddable":true,"href":"https:\/\/cabarplast.com\/ro\/wp-json\/wp\/v2\/users\/1"}],"replies":[{"embeddable":true,"href":"https:\/\/cabarplast.com\/ro\/wp-json\/wp\/v2\/comments?post=2120"}],"version-history":[{"count":3,"href":"https:\/\/cabarplast.com\/ro\/wp-json\/wp\/v2\/pages\/2120\/revisions"}],"predecessor-version":[{"id":2994,"href":"https:\/\/cabarplast.com\/ro\/wp-json\/wp\/v2\/pages\/2120\/revisions\/2994"}],"wp:attachment":[{"href":"https:\/\/cabarplast.com\/ro\/wp-json\/wp\/v2\/media?parent=2120"}],"curies":[{"name":"wp","href":"https:\/\/api.w.org\/{rel}","templated":true}]}}