{"id":1992,"date":"2024-03-04T21:14:41","date_gmt":"2024-03-04T21:14:41","guid":{"rendered":"https:\/\/cabarplast.com\/drenazne-cevi\/"},"modified":"2024-09-20T12:19:36","modified_gmt":"2024-09-20T12:19:36","slug":"tevi-de-drenaj","status":"publish","type":"page","link":"https:\/\/cabarplast.com\/ro\/tevi-de-drenaj\/","title":{"rendered":"\u021aevi de Drenaj"},"content":{"rendered":"<div class=\"wpb-content-wrapper\"><p>[vc_row][vc_column width=&#8221;1\/2&#8243;]<style type=\"text\/css\" data-type=\"the7_shortcodes-inline-css\">.gallery-carousel-shortcode.gallery-carousel-shortcode-id-17bb63c75c037445330e91c137aa5c5c .owl-nav a {\n  width: 30px;\n  height: 30px;\n  border-radius: 500px;\n}\n.dt-arrow-border-on.gallery-carousel-shortcode.gallery-carousel-shortcode-id-17bb63c75c037445330e91c137aa5c5c .owl-nav a:not(:hover):before {\n  border-width: 0px;\n}\n.dt-arrow-hover-border-on.gallery-carousel-shortcode.gallery-carousel-shortcode-id-17bb63c75c037445330e91c137aa5c5c .owl-nav a:hover:after {\n  border-width: 0px;\n}\n.gallery-carousel-shortcode.gallery-carousel-shortcode-id-17bb63c75c037445330e91c137aa5c5c .owl-nav a.owl-prev {\n  top: calc(100% + 0px);\n  left: -43px;\n}\n.gallery-carousel-shortcode.gallery-carousel-shortcode-id-17bb63c75c037445330e91c137aa5c5c .owl-nav a.owl-prev i {\n  padding: 0px 5px 0px 5px;\n}\n.gallery-carousel-shortcode.gallery-carousel-shortcode-id-17bb63c75c037445330e91c137aa5c5c .owl-nav a.owl-next {\n  top: calc(100% + 0px);\n  right: -43px;\n}\n.gallery-carousel-shortcode.gallery-carousel-shortcode-id-17bb63c75c037445330e91c137aa5c5c .owl-nav a.owl-next i {\n  padding: 0px 5px 0px 5px;\n}\n.gallery-carousel-shortcode.gallery-carousel-shortcode-id-17bb63c75c037445330e91c137aa5c5c .owl-nav i {\n  font-size: 15px;\n}\n.gallery-carousel-shortcode.gallery-carousel-shortcode-id-17bb63c75c037445330e91c137aa5c5c .owl-nav a:not(:hover) i,\n.gallery-carousel-shortcode.gallery-carousel-shortcode-id-17bb63c75c037445330e91c137aa5c5c .owl-nav a:not(:hover) i:before {\n  color: #ffffff;\n  background: none;\n}\n.gallery-carousel-shortcode.gallery-carousel-shortcode-id-17bb63c75c037445330e91c137aa5c5c .owl-nav a:hover i,\n.gallery-carousel-shortcode.gallery-carousel-shortcode-id-17bb63c75c037445330e91c137aa5c5c .owl-nav a:hover i:before {\n  color: rgba(255,255,255,0.75);\n  background: none;\n}\n.gallery-carousel-shortcode.gallery-carousel-shortcode-id-17bb63c75c037445330e91c137aa5c5c .owl-dots {\n  top: calc(100% + 20px);\n  left: 50%;\n  transform: translateX(calc(-50% + 0px));\n}\n@media all and (-ms-high-contrast: none) {\n  .gallery-carousel-shortcode.gallery-carousel-shortcode-id-17bb63c75c037445330e91c137aa5c5c .owl-dots {\n    transform: translateX(-50%);\n    margin-left: 0px;\n  }\n}\n.gallery-carousel-shortcode.gallery-carousel-shortcode-id-17bb63c75c037445330e91c137aa5c5c .owl-dot {\n  width: 10px;\n  height: 10px;\n  margin: 0 8px;\n}\n@media screen and (max-width: 778px) {\n  .gallery-carousel-shortcode.gallery-carousel-shortcode-id-17bb63c75c037445330e91c137aa5c5c.hide-arrows .owl-nav a {\n    display: none;\n  }\n}\n@media screen and (max-width: 778px) {\n  .gallery-carousel-shortcode.gallery-carousel-shortcode-id-17bb63c75c037445330e91c137aa5c5c.reposition-arrows .owl-nav .owl-prev {\n    top: calc(100% + 0px);\n    left: 10px;\n  }\n  .gallery-carousel-shortcode.gallery-carousel-shortcode-id-17bb63c75c037445330e91c137aa5c5c.reposition-arrows .owl-nav .owl-next {\n    top: calc(100% + 0px);\n    right: 10px;\n  }\n}\n.gallery-carousel-shortcode.gallery-carousel-shortcode-id-17bb63c75c037445330e91c137aa5c5c figure,\n.gallery-carousel-shortcode.gallery-carousel-shortcode-id-17bb63c75c037445330e91c137aa5c5c .rollover,\n.gallery-carousel-shortcode.gallery-carousel-shortcode-id-17bb63c75c037445330e91c137aa5c5c img,\n.gallery-carousel-shortcode.gallery-carousel-shortcode-id-17bb63c75c037445330e91c137aa5c5c .gallery-rollover {\n  border-radius: 0px;\n}\n.gallery-carousel-shortcode.gallery-carousel-shortcode-id-17bb63c75c037445330e91c137aa5c5c.enable-bg-rollover .gallery-rollover {\n  background: -webkit-linear-gradient();\n  background: linear-gradient();\n}\n.gallery-carousel-shortcode.gallery-carousel-shortcode-id-17bb63c75c037445330e91c137aa5c5c.enable-img-shadow .owl-stage-outer {\n  padding: 14px 0;\n}\n.gallery-carousel-shortcode.gallery-carousel-shortcode-id-17bb63c75c037445330e91c137aa5c5c.enable-bg-rollover.hover-scale figure .rollover:after {\n  background: -webkit-linear-gradient();\n  background: linear-gradient();\n}\n.gallery-carousel-shortcode.gallery-carousel-shortcode-id-17bb63c75c037445330e91c137aa5c5c.gallery-shortcode .gallery-zoom-ico {\n  width: 44px;\n  height: 44px;\n  line-height: 44px;\n  border-radius: 100px;\n  margin: -22px 0 0 -22px;\n  border-width: 0px;\n}\n.dt-icon-bg-on.gallery-carousel-shortcode.gallery-carousel-shortcode-id-17bb63c75c037445330e91c137aa5c5c.gallery-shortcode .gallery-zoom-ico {\n  background: rgba(255,255,255,0.3);\n  box-shadow: none;\n}\n.gallery-carousel-shortcode.gallery-carousel-shortcode-id-17bb63c75c037445330e91c137aa5c5c.gallery-shortcode .gallery-zoom-ico:before,\n.gallery-carousel-shortcode.gallery-carousel-shortcode-id-17bb63c75c037445330e91c137aa5c5c.gallery-shortcode .gallery-zoom-ico span {\n  font-size: 32px;\n  line-height: 44px;\n  color: #ffffff;\n  background: none;\n}\n<\/style><div class=\"owl-carousel gallery-carousel-shortcode gallery-shortcode  dt-gallery-container dt-owl-carousel-call gallery-carousel-shortcode-id-17bb63c75c037445330e91c137aa5c5c quick-scale-img enable-bg-rollover meta-info-off dt-arrow-border-on dt-arrow-hover-border-on bullets-small-dot-stroke reposition-arrows dt-icon-bg-off arrows-bg-on disable-arrows-hover-bg arrows-hover-bg-on  vc_custom_1726238684323 hover-fade \" data-scroll-mode=\"1\" data-col-num=\"1\" data-wide-col-num=\"1\" data-laptop-col=\"1\" data-h-tablet-columns-num=\"1\" data-v-tablet-columns-num=\"1\" data-phone-columns-num=\"1\" data-col-gap=\"10\" data-stage-padding=\"0\" data-speed=\"600\" data-autoplay=\"false\" data-autoplay_speed=\"6000\" data-arrows=\"true\" data-bullet=\"false\" data-next-icon=\"icon-ar-017-r\" data-prev-icon=\"icon-ar-017-l\" data-img-shadow-size=\"12px\" data-img-shadow-spread=\"3px\"><div data-post-id=\"2181\" data-date=\"2024-04-15T08:50:02+00:00\" data-name=\"Crpne stanice za vodu\"><figure class=\"post\"><a href=\"https:\/\/cabarplast.com\/wp-content\/uploads\/2024\/04\/Cevi-za-drenazu-2.jpg\" class=\"rollover dt-pswp-item layzr-bg\" data-large_image_width=\"1080\" data-large_image_height=\"1080\" data-dt-img-description=\"\" title=\"Crpne stanice za vodu\"><img fetchpriority=\"high\" decoding=\"async\" class=\"preload-me owl-lazy-load aspect\" src=\"data:image\/svg+xml,%3Csvg%20xmlns%3D&#39;http%3A%2F%2Fwww.w3.org%2F2000%2Fsvg&#39;%20viewBox%3D&#39;0%200%201080%201080&#39;%2F%3E\" data-src=\"https:\/\/cabarplast.com\/wp-content\/uploads\/2024\/04\/Cevi-za-drenazu-2.jpg\" data-srcset=\"https:\/\/cabarplast.com\/wp-content\/uploads\/2024\/04\/Cevi-za-drenazu-2.jpg 1080w\" loading=\"eager\" style=\"--ratio: 1080 \/ 1080\" sizes=\"(max-width: 1080px) 100vw, 1080px\" alt=\"\" width=\"1080\" height=\"1080\"  \/><span class=\"gallery-rollover\"><span class=\"gallery-zoom-ico icomoon-the7-font-the7-zoom-06\"><span><\/span><\/span><\/span><\/a><\/figure><\/div><div data-post-id=\"1993\" data-date=\"2024-04-15T08:50:02+00:00\" data-name=\"Crpne stanice za vodu\"><figure class=\"post\"><a href=\"https:\/\/cabarplast.com\/wp-content\/uploads\/2024\/04\/Cevi-za-drenazu-1.jpg\" class=\"rollover dt-pswp-item layzr-bg\" data-large_image_width=\"1080\" data-large_image_height=\"1080\" data-dt-img-description=\"\" title=\"Crpne stanice za vodu\"><img decoding=\"async\" class=\"preload-me owl-lazy-load aspect\" src=\"data:image\/svg+xml,%3Csvg%20xmlns%3D&#39;http%3A%2F%2Fwww.w3.org%2F2000%2Fsvg&#39;%20viewBox%3D&#39;0%200%201080%201080&#39;%2F%3E\" data-src=\"https:\/\/cabarplast.com\/wp-content\/uploads\/2024\/04\/Cevi-za-drenazu-1.jpg\" data-srcset=\"https:\/\/cabarplast.com\/wp-content\/uploads\/2024\/04\/Cevi-za-drenazu-1.jpg 1080w\" loading=\"eager\" style=\"--ratio: 1080 \/ 1080\" sizes=\"(max-width: 1080px) 100vw, 1080px\" alt=\"\" width=\"1080\" height=\"1080\"  \/><span class=\"gallery-rollover\"><span class=\"gallery-zoom-ico icomoon-the7-font-the7-zoom-06\"><span><\/span><\/span><\/span><\/a><\/figure><\/div><\/div>[\/vc_column][vc_column width=&#8221;1\/2&#8243; css=&#8221;.vc_custom_1709647368309{border-left-width: 1px !important;padding-right: 30px !important;padding-left: 30px !important;border-left-color: #0e415f !important;border-left-style: solid !important;}&#8221;][vc_column_text css=&#8221;&#8221;]<\/p>\n<h1><strong>\u021aevi de Drenaj<\/strong> &#8211; \u021aevi pentru Drenare<\/h1>\n<p>&nbsp;<\/p>\n<p>\u021aevile de drenaj sunt \u021bevi specializate concepute pentru eliminarea excesului de ap\u0103 din sol sau de pe suprafe\u021be.<\/p>\n<p>Ele sunt utilizate pentru a preveni re\u021binerea apei, care poate duce la eroziunea solului, alunec\u0103ri de teren, deteriorarea funda\u021biilor \u0219i a structurilor, \u0219i pentru a \u00eembun\u0103t\u0103\u021bi condi\u021biile de cre\u0219tere a plantelor \u00een zonele agricole.[\/vc_column_text][vc_empty_space height=&#8221;20&#8243;]<a href=\"https:\/\/cabarplast.com\/ro\/contactati-ne\/\" class=\"btn-shortcode dt-btn-m dt-btn default-btn-color default-btn-hover-color default-btn-bg-color default-btn-bg-hover-color\" id=\"dt-btn-1\"><span>Contacta\u0163i-ne<\/span><\/a>[\/vc_column][\/vc_row][vc_row][vc_column][vc_empty_space height=&#8221;50&#8243;][vc_column_text css=&#8221;.vc_custom_1726237984929{padding-right: 30px !important;padding-left: 30px !important;}&#8221;]<\/p>\n<h2>Cum se Instaleaz\u0103 \u021aevile de Drenaj &#8211; Procesul<\/h2>\n<p>Instalarea \u021bevilor de drenaj este esen\u021bial\u0103 pentru gestionarea eficient\u0103 a apei \u0219i protejarea terenurilor \u0219i cl\u0103dirilor de daunele cauzate de excesul de ap\u0103. Procesul de instalare implic\u0103 mai mul\u021bi pa\u0219i detalia\u021bi care asigur\u0103 func\u021bionarea corect\u0103 a sistemului de drenaj.[\/vc_column_text][vc_empty_space height=&#8221;50&#8243;][\/vc_column][\/vc_row][vc_row full_width=&#8221;stretch_row_content_no_spaces&#8221;][vc_column][vc_column_text]<img loading=\"lazy\" decoding=\"async\" class=\"aligncenter wp-image-232 size-full\" src=\"https:\/\/cabarplast.com\/wp-content\/uploads\/2024\/03\/footer-4.png\" alt=\"\" width=\"1919\" height=\"50\" srcset=\"https:\/\/cabarplast.com\/wp-content\/uploads\/2024\/03\/footer-4.png 1919w, https:\/\/cabarplast.com\/wp-content\/uploads\/2024\/03\/footer-4-300x8.png 300w, https:\/\/cabarplast.com\/wp-content\/uploads\/2024\/03\/footer-4-1024x27.png 1024w, https:\/\/cabarplast.com\/wp-content\/uploads\/2024\/03\/footer-4-768x20.png 768w, https:\/\/cabarplast.com\/wp-content\/uploads\/2024\/03\/footer-4-1536x40.png 1536w\" sizes=\"auto, (max-width: 1919px) 100vw, 1919px\" \/>[\/vc_column_text][\/vc_column][\/vc_row][vc_row full_width=&#8221;stretch_row&#8221; css=&#8221;.vc_custom_1709643894007{background-color: #0e415f !important;}&#8221;][vc_column][vc_column_text css=&#8221;.vc_custom_1726238313452{padding-right: 30px !important;padding-left: 30px !important;}&#8221;]<\/p>\n<ul>\n<li><span style=\"color: #fcb426;\">Primul pas<\/span> <span style=\"color: #ffffff;\">Primul pas \u00een instalarea \u021bevilor de drenaj este planificarea am\u0103nun\u021bit\u0103. Acest pas include analizarea topografiei terenului \u0219i identificarea zonelor \u00een care se acumuleaz\u0103 apa sau \u00een care este necesar drenajul. Este important s\u0103 se determine traseul optim pentru \u021bevile de drenaj care va asigura o drenare eficient\u0103, lu\u00e2nd \u00een considerare obstacolele existente \u0219i planurile viitoare pentru teren. De asemenea, trebuie stabilit\u0103 ad\u00e2ncimea la care vor fi amplasate \u021bevile, care depinde de tipul de sol, volumul de ap\u0103 a\u0219teptat \u0219i al\u021bi factori precum planurile de utilizare a terenului \u0219i apropierea de funda\u021biile cl\u0103dirilor.<\/span><\/li>\n<li><span style=\"color: #ffffff;\">Dup\u0103 planificare,<\/span> <span style=\"color: #fcb426;\">urm\u0103torul pas este excavarea \u0219an\u021bului.<\/span><span style=\"color: #ffffff;\">. Ad\u00e2ncimea \u0219i l\u0103\u021bimea \u0219an\u021bului depind de specifica\u021biile sistemului de drenaj, iar panta \u0219an\u021bului trebuie s\u0103 fie suficient\u0103 pentru curgerea gravita\u021bional\u0103 a apei, de obicei \u00eentre 1% \u0219i 2%. \u0218an\u021bul trebuie excavat cu aten\u021bie pentru a se asigura c\u0103 laturile sunt stabile \u0219i nu se pr\u0103bu\u0219esc \u00een timpul sau dup\u0103 instalarea \u021bevilor.<\/span><\/li>\n<li><span style=\"color: #fcb426;\">La baza \u0219an\u021bului excavat se a\u0219eaz\u0103 un strat de pietri\u0219 de aproximativ 15-20 cm grosime.<\/span> <span style=\"color: #ffffff;\">Pietri\u0219ul serve\u0219te drept strat de filtrare care \u00eempiedic\u0103 \u00eengroparea \u021bevilor de drenaj de c\u0103tre sol \u0219i alte materiale fine, oferind \u00een acela\u0219i timp o baz\u0103 stabil\u0103 pentru \u021bevi.<\/span><\/li>\n<li><span style=\"color: #ffffff;\">Peste stratul de pietri\u0219 se a\u0219eaz\u0103 un strat<\/span> <span style=\"color: #fcb426;\">de geotextil<\/span><span style=\"color: #ffffff;\">, prevenind \u00een continuare p\u0103trunderea particulelor fine \u00een sistemul de drenaj \u0219i men\u021bin\u00e2ndu-l liber de \u00eenfund\u0103ri. Geotextilul contribuie \u0219i la distribuirea greut\u0103\u021bii \u0219i la stabilitatea stratului de drenaj.<\/span><\/li>\n<li><span style=\"color: #fcb426;\">\u021aevile de drenaj se a\u0219eaz\u0103 peste geotextil cu o u\u0219oar\u0103 pant\u0103<\/span><span style=\"color: #ffffff;\">, ideal \u00een jur de 1 cm la fiecare metru de lungime a \u021bevii, pentru a permite un flux gravita\u021bional eficient al apei. \u021aevile trebuie a\u0219ezate cu grij\u0103 pentru a asigura un flux continuu \u0219i a evita posibilele blocaje. \u00cen cazul \u021bevilor perforate, este important s\u0103 se asigure c\u0103 fantele sunt orientate \u00een jos pentru a permite intrarea apei \u00een \u021beav\u0103 \u0219i a preveni \u00eenfundarea.<\/span><\/li>\n<li><span style=\"color: #fcb426;\">Dup\u0103 a\u0219ezarea \u021bevilor, se adaug\u0103 un alt strat de pietri\u0219 peste ele, iar apoi geotextilul se pliaz\u0103 peste pietri\u0219 pentru a \u00eencapsula complet \u021bevile.<\/span><span style=\"color: #ffffff;\">, Aceasta asigur\u0103 o protec\u021bie \u0219i o filtrare suplimentar\u0103, precum \u0219i stabilitatea sistemului de drenaj<\/span><\/li>\n<li><span style=\"color: #fcb426;\">Etapa final\u0103 este umplerea \u0219an\u021bului cu p\u0103m\u00e2nt, restabilind terenul la starea ini\u021bial\u0103.<\/span><span style=\"color: #ffffff;\">P\u0103m\u00e2ntul este umplut cu grij\u0103 \u0219i compactat pentru a asigura stabilitatea suprafe\u021bei \u0219i a preveni tasarea sau a\u0219ezarea solului deasupra \u021bevilor de drenaj.<\/span><\/li>\n<\/ul>\n<p><span style=\"color: #fcb426;\">Instalarea corect\u0103 a \u021bevilor de drenaj este crucial\u0103 pentru eficien\u021ba \u0219i durabilitatea pe termen lung a sistemului de drenaj, prevenind problemele legate de ap\u0103 \u0219i protej\u00e2nd terenul \u0219i structurile de eventualele daune.<\/span>[\/vc_column_text][vc_empty_space height=&#8221;30&#8243;][\/vc_column][\/vc_row][vc_row][vc_column][vc_column_text css=&#8221;.vc_custom_1726238392818{padding-top: 30px !important;padding-right: 30px !important;padding-bottom: 30px !important;padding-left: 30px !important;background-color: #efefef !important;border-radius: 15px !important;}&#8221;]<\/p>\n<h2>Utilizarea \u021aevilor de Drenaj<\/h2>\n<p>\u021aevile de drenaj, fabricate din polietilen\u0103 de \u00eenalt\u0103 densitate (HDPE), au devenit o parte indispensabil\u0103 a infrastructurii moderne \u0219i a proiectelor de construc\u021bie, datorit\u0103 rezisten\u021bei, flexibilit\u0103\u021bii \u0219i durabilit\u0103\u021bii lor excep\u021bionale. Aceste \u021bevi sunt proiectate s\u0103 gestioneze excesul de ap\u0103 \u00een diverse terenuri \u0219i condi\u021bii, oferind solu\u021bii eficiente de drenaj \u0219i protec\u021bie a apei. Iat\u0103 o propunere mai detaliat\u0103 a aplic\u0103rii lor \u00een diferite domenii:<\/p>\n<p><strong>Gospod\u0103rii<\/strong><\/p>\n<p>\u00cen gospod\u0103rii, \u021bevile de drenaj joac\u0103 un rol cheie \u00een protejarea cur\u021bilor, gr\u0103dinilor \u0219i funda\u021biilor cl\u0103dirilor reziden\u021biale de poten\u021bialele daune cauzate de apa st\u0103t\u0103toare. Aceste \u021bevi colecteaz\u0103 \u0219i deviaz\u0103 eficient excesul de ap\u0103, apa de ploaie \u0219i apa provenit\u0103 de la sistemele de iriga\u021bii, prevenind saturarea solului \u0219i protej\u00e2nd funda\u021biile de eroziune. Un sistem de drenaj \u00een jurul casei, \u00een special \u00een zonele predispuse la inunda\u021bii sau cu umiditate ridicat\u0103 a solului, poate reduce semnificativ riscul de inunda\u021bii ale subsolului \u0219i deteriorarea structural\u0103.<\/p>\n<p><strong>Complexe Industriale<\/strong><\/p>\n<p>\u00cen zonele industriale, \u021bevile de drenaj din HDPE sunt esen\u021biale pentru gestionarea eficient\u0103 a apei uzate \u0219i a apelor de suprafa\u021b\u0103. Acestea permit drenarea \u00een siguran\u021b\u0103 a apei din unit\u0103\u021bile de produc\u021bie, depozite \u0219i alte cl\u0103diri, protej\u00e2ndu-le de inunda\u021bii \u0219i daune provocate de ap\u0103. \u00cen plus, sistemele de drenaj \u00een complexele industriale joac\u0103 un rol vital \u00een prevenirea contamin\u0103rii terenurilor \u0219i c\u0103ilor navigabile din jur, gestion\u00e2nd apele uzate industriale \u00eentr-un mod durabil \u0219i sigur.<\/p>\n<p><strong>Spa\u021bii Publice<\/strong><\/p>\n<p>\u00cen zonele publice, cum ar fi parcuri, terenuri de sport, locuri de joac\u0103 \u0219i alte spa\u021bii de recreere, \u021bevile de drenaj asigur\u0103 c\u0103 aceste zone r\u0103m\u00e2n utilizabile \u0219i sigure chiar \u0219i \u00een perioadele ploioase. Sistemele eficiente de drenaj previn formarea b\u0103l\u021bilor \u0219i a noroiului, permi\u021b\u00e2nd cet\u0103\u021benilor s\u0103 se bucure de aceste spa\u021bii indiferent de condi\u021biile meteorologice. \u00cen plus, drenajul adecvat ajut\u0103 la conservarea vegeta\u021biei \u0219i a amenaj\u0103rii peisagistice, prevenind suprasaturarea cu ap\u0103, care poate duce la putrezirea plantelor \u0219i la eroziunea solului.[\/vc_column_text][vc_column_text][\/vc_column_text][vc_empty_space][\/vc_column][\/vc_row][vc_row][vc_column][vc_column_text css=&#8221;.vc_custom_1726238484000{padding-top: 30px !important;padding-right: 30px !important;padding-bottom: 30px !important;padding-left: 30px !important;background-color: #0e415f !important;border-radius: 15px !important;}&#8221;]<\/p>\n<h3><span style=\"color: #fcb426;\">Aplica\u021bii Specifice<\/span><\/h3>\n<p><span style=\"color: #ffffff;\">\u021aevile de drenaj din HDPE sunt utilizate \u0219i \u00een aplica\u021bii specifice, cum ar fi:<\/span><\/p>\n<ul>\n<li><span style=\"color: #fcb426;\">Sisteme de colectare a apei pluviale<\/span> <span style=\"color: #ffffff;\">&#8211; unde excesul de ap\u0103 poate fi folosit pentru iriga\u021bii sau alte scopuri, contribuind la durabilitate \u0219i economisirea resurselor.<\/span><\/li>\n<li><span style=\"color: #fcb426;\">Protec\u021bia infrastructurii<\/span> <span style=\"color: #ffffff;\">&#8211; cum ar fi poduri, tuneluri \u0219i terasamente rutiere, unde drenajul eficient este esen\u021bial pentru men\u021binerea integrit\u0103\u021bii structurale.<\/span><\/li>\n<li><span style=\"color: #fcb426;\">Terenuri de golf \u0219i complexe sportive<\/span> <span style=\"color: #ffffff;\">&#8211; unde este necesar un control precis al umidit\u0103\u021bii solului pentru a p\u0103stra calitatea terenurilor \u0219i a terenurilor de joc.<\/span><\/li>\n<\/ul>\n<p><span style=\"color: #ffffff;\">Utilizarea \u021bevilor de drenaj din HDPE \u00een aceste \u0219i multe alte aplica\u021bii ofer\u0103 solu\u021bii de gestionare a apei durabile, fiabile \u0219i ecologice, f\u0103c\u00e2ndu-le un element indispensabil \u00een construc\u021biile \u0219i infrastructura modern\u0103.<\/span>[\/vc_column_text][vc_empty_space][\/vc_column][\/vc_row][vc_row][vc_column][vc_column_text css=&#8221;.vc_custom_1726238569585{padding-right: 30px !important;padding-left: 30px !important;}&#8221;]<\/p>\n<h3>\u021aevi de Drenaj P\u0103trate sau Rotunde?<\/h3>\n<p>\u021aevile de drenaj vin cel mai adesea \u00eentr-o form\u0103 rotund\u0103, care este standard \u00een industrie datorit\u0103 eficien\u021bei sale \u00een drenarea apei, rezisten\u021bei structurale \u0219i u\u0219urin\u021bei de instalare.<\/p>\n<p><strong>Forma rotund\u0103<\/strong> permite un flux mai u\u0219or al apei prin \u021beav\u0103, reduce riscul de \u00eenfundare \u0219i faciliteaz\u0103 instalarea \u021bevilor \u00een p\u0103m\u00e2nt.<\/p>\n<p>De\u0219i \u021bevile rotunde sunt cea mai comun\u0103 form\u0103, exist\u0103 sisteme de drenaj specializate care pot include elemente care nu sunt strict rotunde. De exemplu, canalele de drenaj sau jgheaburile pot avea diferite sec\u021biuni transversale, inclusiv dreptunghiulare sau semicirculare. Aceste sisteme sunt adesea utilizate pe suprafe\u021be precum parc\u0103ri, alei pietonale sau de-a lungul funda\u021biilor cl\u0103dirilor pentru a colecta \u0219i devia eficient apa de suprafa\u021b\u0103.<\/p>\n<p><strong>\u021aevile de drenaj<\/strong> p\u0103trate nu sunt comune \u00een aplica\u021biile standard de drenaj din motive practice. Forma p\u0103trat\u0103 poate crea provoc\u0103ri \u00een curgerea apei, rezisten\u021ba structural\u0103 \u0219i poate fi mai predispus\u0103 la \u00eenfundare. Cu toate acestea, profile p\u0103trate sau dreptunghiulare pot fi g\u0103site \u00een unele aplica\u021bii specifice de drenaj, cum ar fi canalele de drenaj sau jgheaburile.<br \/>\n[\/vc_column_text][vc_empty_space][\/vc_column][\/vc_row][vc_row][vc_column][vc_column_text css=&#8221;.vc_custom_1726238581101{padding-top: 30px !important;padding-right: 30px !important;padding-bottom: 30px !important;padding-left: 30px !important;background-color: #efefef !important;border-radius: 15px !important;}&#8221;]\u00cen situa\u021bii specifice, unde drenajul este necesar cu pante foarte mici sau \u00een zone cu spa\u021biu limitat, proiectan\u021bii pot opta pentru forme alternative de sisteme de drenaj care ar putea include elemente care nu sunt de obicei rotunde. \u00cen astfel de cazuri, se acord\u0103 o aten\u021bie special\u0103 proiect\u0103rii pentru a asigura eficien\u021ba drenajului \u0219i func\u021bionalitatea pe termen lung a sistemului.[\/vc_column_text][vc_column_text][\/vc_column_text][vc_empty_space][\/vc_column][\/vc_row][vc_row full_width=&#8221;stretch_row_content_no_spaces&#8221;][vc_column][vc_column_text]<img loading=\"lazy\" decoding=\"async\" class=\"aligncenter wp-image-232 size-full\" src=\"https:\/\/cabarplast.com\/wp-content\/uploads\/2024\/03\/footer-4.png\" alt=\"\" width=\"1919\" height=\"50\" srcset=\"https:\/\/cabarplast.com\/wp-content\/uploads\/2024\/03\/footer-4.png 1919w, https:\/\/cabarplast.com\/wp-content\/uploads\/2024\/03\/footer-4-300x8.png 300w, https:\/\/cabarplast.com\/wp-content\/uploads\/2024\/03\/footer-4-1024x27.png 1024w, https:\/\/cabarplast.com\/wp-content\/uploads\/2024\/03\/footer-4-768x20.png 768w, https:\/\/cabarplast.com\/wp-content\/uploads\/2024\/03\/footer-4-1536x40.png 1536w\" sizes=\"auto, (max-width: 1919px) 100vw, 1919px\" \/>[\/vc_column_text][\/vc_column][\/vc_row]<\/p>\n<\/div>","protected":false},"excerpt":{"rendered":"<p>[vc_row][vc_column width=&#8221;1\/2&#8243;][\/vc_column][vc_column width=&#8221;1\/2&#8243; css=&#8221;.vc_custom_1709647368309{border-left-width: 1px !important;padding-right: 30px !important;padding-left: 30px !important;border-left-color: #0e415f !important;border-left-style: solid !important;}&#8221;][vc_column_text css=&#8221;&#8221;] \u021aevi de Drenaj &#8211; \u021aevi pentru Drenare &nbsp; \u021aevile de drenaj sunt \u021bevi specializate concepute pentru eliminarea excesului de ap\u0103 din sol sau de pe suprafe\u021be. Ele sunt utilizate pentru a preveni re\u021binerea apei, care poate duce la eroziunea solului,&hellip;<\/p>\n","protected":false},"author":1,"featured_media":0,"parent":0,"menu_order":0,"comment_status":"closed","ping_status":"closed","template":"","meta":{"footnotes":""},"class_list":["post-1992","page","type-page","status-publish","hentry","description-off"],"_links":{"self":[{"href":"https:\/\/cabarplast.com\/ro\/wp-json\/wp\/v2\/pages\/1992","targetHints":{"allow":["GET"]}}],"collection":[{"href":"https:\/\/cabarplast.com\/ro\/wp-json\/wp\/v2\/pages"}],"about":[{"href":"https:\/\/cabarplast.com\/ro\/wp-json\/wp\/v2\/types\/page"}],"author":[{"embeddable":true,"href":"https:\/\/cabarplast.com\/ro\/wp-json\/wp\/v2\/users\/1"}],"replies":[{"embeddable":true,"href":"https:\/\/cabarplast.com\/ro\/wp-json\/wp\/v2\/comments?post=1992"}],"version-history":[{"count":5,"href":"https:\/\/cabarplast.com\/ro\/wp-json\/wp\/v2\/pages\/1992\/revisions"}],"predecessor-version":[{"id":2995,"href":"https:\/\/cabarplast.com\/ro\/wp-json\/wp\/v2\/pages\/1992\/revisions\/2995"}],"wp:attachment":[{"href":"https:\/\/cabarplast.com\/ro\/wp-json\/wp\/v2\/media?parent=1992"}],"curies":[{"name":"wp","href":"https:\/\/api.w.org\/{rel}","templated":true}]}}