{"id":1966,"date":"2024-03-04T21:15:18","date_gmt":"2024-03-04T21:15:18","guid":{"rendered":"https:\/\/cabarplast.com\/?page_id=1966"},"modified":"2024-09-20T12:15:41","modified_gmt":"2024-09-20T12:15:41","slug":"butoaie-din-plastic-pentru-plute","status":"publish","type":"page","link":"https:\/\/cabarplast.com\/ro\/butoaie-din-plastic-pentru-plute\/","title":{"rendered":"Butoaie din Plastic pentru Plute"},"content":{"rendered":"<div class=\"wpb-content-wrapper\"><p>[vc_row][vc_column width=&#8221;1\/2&#8243;]<style type=\"text\/css\" data-type=\"the7_shortcodes-inline-css\">.gallery-carousel-shortcode.gallery-carousel-shortcode-id-c096717b5f4585a3eb8632fb36e39625 .owl-nav a {\n  width: 30px;\n  height: 30px;\n  border-radius: 500px;\n}\n.dt-arrow-border-on.gallery-carousel-shortcode.gallery-carousel-shortcode-id-c096717b5f4585a3eb8632fb36e39625 .owl-nav a:not(:hover):before {\n  border-width: 0px;\n}\n.dt-arrow-hover-border-on.gallery-carousel-shortcode.gallery-carousel-shortcode-id-c096717b5f4585a3eb8632fb36e39625 .owl-nav a:hover:after {\n  border-width: 0px;\n}\n.gallery-carousel-shortcode.gallery-carousel-shortcode-id-c096717b5f4585a3eb8632fb36e39625 .owl-nav a.owl-prev {\n  top: calc(100% + 0px);\n  left: -43px;\n}\n.gallery-carousel-shortcode.gallery-carousel-shortcode-id-c096717b5f4585a3eb8632fb36e39625 .owl-nav a.owl-prev i {\n  padding: 0px 5px 0px 5px;\n}\n.gallery-carousel-shortcode.gallery-carousel-shortcode-id-c096717b5f4585a3eb8632fb36e39625 .owl-nav a.owl-next {\n  top: calc(100% + 0px);\n  right: -43px;\n}\n.gallery-carousel-shortcode.gallery-carousel-shortcode-id-c096717b5f4585a3eb8632fb36e39625 .owl-nav a.owl-next i {\n  padding: 0px 5px 0px 5px;\n}\n.gallery-carousel-shortcode.gallery-carousel-shortcode-id-c096717b5f4585a3eb8632fb36e39625 .owl-nav i {\n  font-size: 15px;\n}\n.gallery-carousel-shortcode.gallery-carousel-shortcode-id-c096717b5f4585a3eb8632fb36e39625 .owl-nav a:not(:hover) i,\n.gallery-carousel-shortcode.gallery-carousel-shortcode-id-c096717b5f4585a3eb8632fb36e39625 .owl-nav a:not(:hover) i:before {\n  color: #ffffff;\n  background: none;\n}\n.gallery-carousel-shortcode.gallery-carousel-shortcode-id-c096717b5f4585a3eb8632fb36e39625 .owl-nav a:hover i,\n.gallery-carousel-shortcode.gallery-carousel-shortcode-id-c096717b5f4585a3eb8632fb36e39625 .owl-nav a:hover i:before {\n  color: rgba(255,255,255,0.75);\n  background: none;\n}\n.gallery-carousel-shortcode.gallery-carousel-shortcode-id-c096717b5f4585a3eb8632fb36e39625 .owl-dots {\n  top: calc(100% + 20px);\n  left: 50%;\n  transform: translateX(calc(-50% + 0px));\n}\n@media all and (-ms-high-contrast: none) {\n  .gallery-carousel-shortcode.gallery-carousel-shortcode-id-c096717b5f4585a3eb8632fb36e39625 .owl-dots {\n    transform: translateX(-50%);\n    margin-left: 0px;\n  }\n}\n.gallery-carousel-shortcode.gallery-carousel-shortcode-id-c096717b5f4585a3eb8632fb36e39625 .owl-dot {\n  width: 10px;\n  height: 10px;\n  margin: 0 8px;\n}\n@media screen and (max-width: 778px) {\n  .gallery-carousel-shortcode.gallery-carousel-shortcode-id-c096717b5f4585a3eb8632fb36e39625.hide-arrows .owl-nav a {\n    display: none;\n  }\n}\n@media screen and (max-width: 778px) {\n  .gallery-carousel-shortcode.gallery-carousel-shortcode-id-c096717b5f4585a3eb8632fb36e39625.reposition-arrows .owl-nav .owl-prev {\n    top: calc(100% + 0px);\n    left: 10px;\n  }\n  .gallery-carousel-shortcode.gallery-carousel-shortcode-id-c096717b5f4585a3eb8632fb36e39625.reposition-arrows .owl-nav .owl-next {\n    top: calc(100% + 0px);\n    right: 10px;\n  }\n}\n.gallery-carousel-shortcode.gallery-carousel-shortcode-id-c096717b5f4585a3eb8632fb36e39625 figure,\n.gallery-carousel-shortcode.gallery-carousel-shortcode-id-c096717b5f4585a3eb8632fb36e39625 .rollover,\n.gallery-carousel-shortcode.gallery-carousel-shortcode-id-c096717b5f4585a3eb8632fb36e39625 img,\n.gallery-carousel-shortcode.gallery-carousel-shortcode-id-c096717b5f4585a3eb8632fb36e39625 .gallery-rollover {\n  border-radius: 0px;\n}\n.gallery-carousel-shortcode.gallery-carousel-shortcode-id-c096717b5f4585a3eb8632fb36e39625.enable-bg-rollover .gallery-rollover {\n  background: -webkit-linear-gradient();\n  background: linear-gradient();\n}\n.gallery-carousel-shortcode.gallery-carousel-shortcode-id-c096717b5f4585a3eb8632fb36e39625.enable-img-shadow .owl-stage-outer {\n  padding: 14px 0;\n}\n.gallery-carousel-shortcode.gallery-carousel-shortcode-id-c096717b5f4585a3eb8632fb36e39625.enable-bg-rollover.hover-scale figure .rollover:after {\n  background: -webkit-linear-gradient();\n  background: linear-gradient();\n}\n.gallery-carousel-shortcode.gallery-carousel-shortcode-id-c096717b5f4585a3eb8632fb36e39625.gallery-shortcode .gallery-zoom-ico {\n  width: 44px;\n  height: 44px;\n  line-height: 44px;\n  border-radius: 100px;\n  margin: -22px 0 0 -22px;\n  border-width: 0px;\n}\n.dt-icon-bg-on.gallery-carousel-shortcode.gallery-carousel-shortcode-id-c096717b5f4585a3eb8632fb36e39625.gallery-shortcode .gallery-zoom-ico {\n  background: rgba(255,255,255,0.3);\n  box-shadow: none;\n}\n.gallery-carousel-shortcode.gallery-carousel-shortcode-id-c096717b5f4585a3eb8632fb36e39625.gallery-shortcode .gallery-zoom-ico:before,\n.gallery-carousel-shortcode.gallery-carousel-shortcode-id-c096717b5f4585a3eb8632fb36e39625.gallery-shortcode .gallery-zoom-ico span {\n  font-size: 32px;\n  line-height: 44px;\n  color: #ffffff;\n  background: none;\n}\n<\/style><div class=\"owl-carousel gallery-carousel-shortcode gallery-shortcode  dt-gallery-container dt-owl-carousel-call gallery-carousel-shortcode-id-c096717b5f4585a3eb8632fb36e39625 quick-scale-img enable-bg-rollover meta-info-off dt-arrow-border-on dt-arrow-hover-border-on bullets-small-dot-stroke reposition-arrows dt-icon-bg-off arrows-bg-on disable-arrows-hover-bg arrows-hover-bg-on  vc_custom_1713170029261 hover-fade \" data-scroll-mode=\"1\" data-col-num=\"1\" data-wide-col-num=\"1\" data-laptop-col=\"1\" data-h-tablet-columns-num=\"1\" data-v-tablet-columns-num=\"1\" data-phone-columns-num=\"1\" data-col-gap=\"10\" data-stage-padding=\"0\" data-speed=\"600\" data-autoplay=\"false\" data-autoplay_speed=\"6000\" data-arrows=\"true\" data-bullet=\"false\" data-next-icon=\"icon-ar-017-r\" data-prev-icon=\"icon-ar-017-l\" data-img-shadow-size=\"12px\" data-img-shadow-spread=\"3px\"><div data-post-id=\"1969\" data-date=\"2024-03-14T11:31:02+00:00\" data-name=\"Plasti\u010dna Burad za splavove (1)\"><figure class=\"post\"><a href=\"https:\/\/cabarplast.com\/wp-content\/uploads\/2024\/03\/Plasticna-Burad-za-splavove-1.jpg\" class=\"rollover dt-pswp-item layzr-bg\" data-large_image_width=\"1080\" data-large_image_height=\"1080\" data-dt-img-description=\"\" title=\"Plasti\u010dna Burad za splavove (1)\"><img fetchpriority=\"high\" decoding=\"async\" class=\"preload-me owl-lazy-load aspect\" src=\"data:image\/svg+xml,%3Csvg%20xmlns%3D&#39;http%3A%2F%2Fwww.w3.org%2F2000%2Fsvg&#39;%20viewBox%3D&#39;0%200%201080%201080&#39;%2F%3E\" data-src=\"https:\/\/cabarplast.com\/wp-content\/uploads\/2024\/03\/Plasticna-Burad-za-splavove-1.jpg\" data-srcset=\"https:\/\/cabarplast.com\/wp-content\/uploads\/2024\/03\/Plasticna-Burad-za-splavove-1.jpg 1080w\" loading=\"eager\" style=\"--ratio: 1080 \/ 1080\" sizes=\"(max-width: 1080px) 100vw, 1080px\" alt=\"\" width=\"1080\" height=\"1080\"  \/><span class=\"gallery-rollover\"><span class=\"gallery-zoom-ico icomoon-the7-font-the7-zoom-06\"><span><\/span><\/span><\/span><\/a><\/figure><\/div><div data-post-id=\"1970\" data-date=\"2024-03-14T11:31:03+00:00\" data-name=\"Plasti\u010dna Burad za splavove (2)\"><figure class=\"post\"><a href=\"https:\/\/cabarplast.com\/wp-content\/uploads\/2024\/03\/Plasticna-Burad-za-splavove-2.jpg\" class=\"rollover dt-pswp-item layzr-bg\" data-large_image_width=\"1080\" data-large_image_height=\"1080\" data-dt-img-description=\"\" title=\"Plasti\u010dna Burad za splavove (2)\"><img decoding=\"async\" class=\"preload-me owl-lazy-load aspect\" src=\"data:image\/svg+xml,%3Csvg%20xmlns%3D&#39;http%3A%2F%2Fwww.w3.org%2F2000%2Fsvg&#39;%20viewBox%3D&#39;0%200%201080%201080&#39;%2F%3E\" data-src=\"https:\/\/cabarplast.com\/wp-content\/uploads\/2024\/03\/Plasticna-Burad-za-splavove-2.jpg\" data-srcset=\"https:\/\/cabarplast.com\/wp-content\/uploads\/2024\/03\/Plasticna-Burad-za-splavove-2.jpg 1080w\" loading=\"eager\" style=\"--ratio: 1080 \/ 1080\" sizes=\"(max-width: 1080px) 100vw, 1080px\" alt=\"\" width=\"1080\" height=\"1080\"  \/><span class=\"gallery-rollover\"><span class=\"gallery-zoom-ico icomoon-the7-font-the7-zoom-06\"><span><\/span><\/span><\/span><\/a><\/figure><\/div><div data-post-id=\"1971\" data-date=\"2024-03-14T11:31:04+00:00\" data-name=\"Plasti\u010dna Burad za splavove (3)\"><figure class=\"post\"><a href=\"https:\/\/cabarplast.com\/wp-content\/uploads\/2024\/03\/Plasticna-Burad-za-splavove-3.jpg\" class=\"rollover dt-pswp-item layzr-bg\" data-large_image_width=\"1080\" data-large_image_height=\"1080\" data-dt-img-description=\"\" title=\"Plasti\u010dna Burad za splavove (3)\"><img decoding=\"async\" class=\"preload-me owl-lazy-load aspect\" src=\"data:image\/svg+xml,%3Csvg%20xmlns%3D&#39;http%3A%2F%2Fwww.w3.org%2F2000%2Fsvg&#39;%20viewBox%3D&#39;0%200%201080%201080&#39;%2F%3E\" data-src=\"https:\/\/cabarplast.com\/wp-content\/uploads\/2024\/03\/Plasticna-Burad-za-splavove-3.jpg\" data-srcset=\"https:\/\/cabarplast.com\/wp-content\/uploads\/2024\/03\/Plasticna-Burad-za-splavove-3.jpg 1080w\" loading=\"eager\" style=\"--ratio: 1080 \/ 1080\" sizes=\"(max-width: 1080px) 100vw, 1080px\" alt=\"\" width=\"1080\" height=\"1080\"  \/><span class=\"gallery-rollover\"><span class=\"gallery-zoom-ico icomoon-the7-font-the7-zoom-06\"><span><\/span><\/span><\/span><\/a><\/figure><\/div><div data-post-id=\"1972\" data-date=\"2024-03-14T11:31:05+00:00\" data-name=\"Plasti\u010dna Burad za splavove (4)\"><figure class=\"post\"><a href=\"https:\/\/cabarplast.com\/wp-content\/uploads\/2024\/03\/Plasticna-Burad-za-splavove-4.jpg\" class=\"rollover dt-pswp-item layzr-bg\" data-large_image_width=\"1080\" data-large_image_height=\"1080\" data-dt-img-description=\"\" title=\"Plasti\u010dna Burad za splavove (4)\"><img decoding=\"async\" class=\"preload-me owl-lazy-load aspect\" src=\"data:image\/svg+xml,%3Csvg%20xmlns%3D&#39;http%3A%2F%2Fwww.w3.org%2F2000%2Fsvg&#39;%20viewBox%3D&#39;0%200%201080%201080&#39;%2F%3E\" data-src=\"https:\/\/cabarplast.com\/wp-content\/uploads\/2024\/03\/Plasticna-Burad-za-splavove-4.jpg\" data-srcset=\"https:\/\/cabarplast.com\/wp-content\/uploads\/2024\/03\/Plasticna-Burad-za-splavove-4.jpg 1080w\" loading=\"eager\" style=\"--ratio: 1080 \/ 1080\" sizes=\"(max-width: 1080px) 100vw, 1080px\" alt=\"\" width=\"1080\" height=\"1080\"  \/><span class=\"gallery-rollover\"><span class=\"gallery-zoom-ico icomoon-the7-font-the7-zoom-06\"><span><\/span><\/span><\/span><\/a><\/figure><\/div><\/div>[\/vc_column][vc_column width=&#8221;1\/2&#8243; css=&#8221;.vc_custom_1709647368309{border-left-width: 1px !important;padding-right: 30px !important;padding-left: 30px !important;border-left-color: #0e415f !important;border-left-style: solid !important;}&#8221;][vc_column_text css=&#8221;&#8221;]<\/p>\n<h1><strong>Butoaie din Plastic pentru Plute<\/strong><\/h1>\n<p>&nbsp;<\/p>\n<p>Butoaiele din plastic pentru plute \u010cabar Plast ofer\u0103 o alternativ\u0103 modern\u0103 \u0219i ecologic\u0103 la butoaiele tradi\u021bionale din metal.<\/p>\n<p>Proiectate special pentru utilizarea \u00een structuri plutitoare, aceste butoaie sunt plasate sub construc\u021bie pentru a asigura flotabilitate \u0219i stabilitate.[\/vc_column_text][vc_empty_space height=&#8221;20&#8243;]<a href=\"https:\/\/cabarplast.com\/ro\/contactati-ne\/\" class=\"btn-shortcode dt-btn-m dt-btn default-btn-color default-btn-hover-color default-btn-bg-color default-btn-bg-hover-color\" id=\"dt-btn-1\"><span>Contacta\u0163i-ne<\/span><\/a>[\/vc_column][\/vc_row][vc_row][vc_column][vc_empty_space height=&#8221;50&#8243;][\/vc_column][\/vc_row][vc_row][vc_column][vc_column_text css=&#8221;.vc_custom_1726145068367{padding-right: 30px !important;padding-left: 30px !important;}&#8221;]<\/p>\n<h2>Avantajele Butoaielor din Plastic fa\u021b\u0103 de cele din Metal:<\/h2>\n<ul>\n<li>Nu necesit\u0103 \u00eentre\u021binere suplimentar\u0103, elimin\u00e2nd nevoia de vopsire sau acoperire.<\/li>\n<li>Disponibile \u00een dimensiuni standard similare cu butoaiele metalice (\u00d8 600 x 900mm), dar pot fi personalizate \u0219i \u00een diverse dimensiuni \u0219i culori pentru a satisface nevoile \u0219i preferin\u021bele specifice.<\/li>\n<\/ul>\n<p>[\/vc_column_text][vc_empty_space height=&#8221;50&#8243;][\/vc_column][\/vc_row][vc_row full_width=&#8221;stretch_row_content_no_spaces&#8221;][vc_column][vc_column_text]<img loading=\"lazy\" decoding=\"async\" class=\"aligncenter wp-image-232 size-full\" src=\"https:\/\/cabarplast.com\/wp-content\/uploads\/2024\/03\/footer-4.png\" alt=\"\" width=\"1919\" height=\"50\" srcset=\"https:\/\/cabarplast.com\/wp-content\/uploads\/2024\/03\/footer-4.png 1919w, https:\/\/cabarplast.com\/wp-content\/uploads\/2024\/03\/footer-4-300x8.png 300w, https:\/\/cabarplast.com\/wp-content\/uploads\/2024\/03\/footer-4-1024x27.png 1024w, https:\/\/cabarplast.com\/wp-content\/uploads\/2024\/03\/footer-4-768x20.png 768w, https:\/\/cabarplast.com\/wp-content\/uploads\/2024\/03\/footer-4-1536x40.png 1536w\" sizes=\"auto, (max-width: 1919px) 100vw, 1919px\" \/>[\/vc_column_text][\/vc_column][\/vc_row][vc_row full_width=&#8221;stretch_row&#8221; css=&#8221;.vc_custom_1709643894007{background-color: #0e415f !important;}&#8221;][vc_column][vc_column_text css=&#8221;.vc_custom_1726145140948{padding-right: 30px !important;padding-left: 30px !important;}&#8221;]<\/p>\n<h2><span style=\"color: #fcb426;\">Butoaiele din plastic sunt ideale pentru o gam\u0103 larg\u0103 de utiliz\u0103ri, inclusiv:<\/span><\/h2>\n<ul>\n<li><span style=\"color: #ffffff;\">Funda\u021bii pentru plute \u0219i case plutitoare.<\/span><\/li>\n<li><span style=\"color: #ffffff;\">Docuri \u0219i ancor\u0103ri sigure pentru ambarca\u021biuni.<\/span><\/li>\n<li><span style=\"color: #ffffff;\">Platforme pentru \u00eenot, plaj\u0103 \u0219i traversarea r\u00e2urilor.<\/span><\/li>\n<li><span style=\"color: #ffffff;\">Piscicultur\u0103 ca pontoane \u0219i cu\u0219ti<\/span><\/li>\n<li><span style=\"color: #ffffff;\">Elemente structurale pentru catamarane \u0219i trimarane.<\/span><\/li>\n<li><span style=\"color: #ffffff;\">Bariere pentru colectarea de\u0219eurilor plutitoare \u0219i subacvatice<\/span><\/li>\n<\/ul>\n<p>[\/vc_column_text][vc_empty_space height=&#8221;30&#8243;][\/vc_column][\/vc_row][vc_row][vc_column][vc_column_text css=&#8221;.vc_custom_1726145200033{padding-top: 30px !important;padding-right: 30px !important;padding-bottom: 30px !important;padding-left: 30px !important;background-color: #efefef !important;border-radius: 15px !important;}&#8221;]<\/p>\n<h3>Caracteristici Cheie:<\/h3>\n<ul>\n<li>Fabricate din polietilen\u0103 de \u00eenalt\u0103 densitate (HDPE), asigur\u00e2nd rezisten\u021b\u0103 la trac\u021biune \u0219i la penetrarea apei, \u00eenghe\u021b, ap\u0103 s\u0103rat\u0103 \u0219i temperaturi extreme.<\/li>\n<li>Impermeabile \u0219i de lung\u0103 durat\u0103, cu o degradare a propriet\u0103\u021bilor de doar 5% dup\u0103 50 de ani.<\/li>\n<li>Rezistente la UV \u0219i capabile s\u0103 reziste la temperaturi de la -30\u00b0C la +80\u00b0C.<\/li>\n<li>Ecologice, neprezent\u00e2nd pericole pentru mediu \u00een compara\u021bie cu butoaiele metalice corozive.<\/li>\n<li>U\u0219or de instalat \u0219i transportat, cu rezisten\u021b\u0103 la impact \u0219i capacitate portant\u0103 semnificativ\u0103.<\/li>\n<\/ul>\n<p>[\/vc_column_text][vc_column_text][\/vc_column_text][vc_empty_space][\/vc_column][\/vc_row][vc_row][vc_column][vc_column_text css=&#8221;.vc_custom_1726145252608{padding-top: 30px !important;padding-right: 30px !important;padding-bottom: 30px !important;padding-left: 30px !important;background-color: #0e415f !important;border-radius: 15px !important;}&#8221;]<\/p>\n<h2><span style=\"color: #fcb426;\">Dimensiuni \u0219i Capacitate de \u00cenc\u0103rcare:<\/span><\/h2>\n<p><span style=\"color: #ffffff;\">\u010cabar Plast ofer\u0103 butoaie \u00een diverse diametre standard pentru a se potrivi diferitelor cerin\u021be, inclusiv \u00d8 500mm, \u00d8 600mm, \u00d8 800mm, \u00d8 1000mm, \u00d8 1200mm, \u00d8 1300mm \u0219i \u00d8 1600mm, cu posibilitatea de personalizare a dimensiunilor. Fiecare dimensiune este proiectat\u0103 pentru a suporta greut\u0103\u021bi substan\u021biale, asigur\u00e2nd siguran\u021ba \u0219i stabilitatea structurilor plutitoare.<\/span>[\/vc_column_text][vc_empty_space][\/vc_column][\/vc_row][vc_row][vc_column][vc_column_text css=&#8221;.vc_custom_1726145274705{padding-top: 30px !important;padding-right: 30px !important;padding-bottom: 30px !important;padding-left: 30px !important;background-color: #efefef !important;border-radius: 15px !important;}&#8221;]<\/p>\n<h2>Personalizare \u0219i Op\u021biuni de Culoare Butoaie din Plastic<\/h2>\n<p>De\u0219i negrul este cea mai comun\u0103 culoare datorit\u0103 cererii populare, butoaiele \u010cabar Plast sunt disponibile \u00eentr-o gam\u0103 de culori, inclusiv albastru, galben \u0219i gri, permi\u021b\u00e2nd personalizarea \u0219i alinierea estetic\u0103 cu proiectul dvs.[\/vc_column_text][vc_column_text][\/vc_column_text][vc_empty_space][\/vc_column][\/vc_row][vc_row][vc_column][vc_column_text css=&#8221;.vc_custom_1726145305275{padding-right: 30px !important;padding-left: 30px !important;}&#8221;]<\/p>\n<h2>Calculul Capacit\u0103\u021bii de \u00cenc\u0103rcare Butoaie din Plastic<\/h2>\n<p>Capacitatea de \u00eenc\u0103rcare depinde de dimensiunea butoiului \u0219i de construc\u021bia obiectului plutitor. De exemplu, butoaiele cu diametrul intern de 60 cm suport\u0103 140 kg per metru liniar, \u00een timp ce cele cu diametrul de 80 cm suport\u0103 230 kg per metru, asigur\u00e2nd c\u0103 pluta sau structura plutitoare r\u0103m\u00e2ne la suprafa\u021b\u0103 sub sarcin\u0103 maxim\u0103.<\/p>\n<p>Butoaiele din plastic \u010cabar Plast pentru plute sunt o solu\u021bie inovatoare pentru construirea de structuri plutitoare durabile, f\u0103r\u0103 \u00eentre\u021binere \u0219i ecologice. Versatilitatea lor, combinat\u0103 cu angajamentul fa\u021b\u0103 de calitate \u0219i durabilitate, le face o alegere ideal\u0103 pentru o gam\u0103 larg\u0103 de aplica\u021bii acvatice.[\/vc_column_text][vc_empty_space][\/vc_column][\/vc_row][vc_row full_width=&#8221;stretch_row_content_no_spaces&#8221;][vc_column][vc_column_text]<img loading=\"lazy\" decoding=\"async\" class=\"aligncenter wp-image-232 size-full\" src=\"https:\/\/cabarplast.com\/wp-content\/uploads\/2024\/03\/footer-4.png\" alt=\"\" width=\"1919\" height=\"50\" srcset=\"https:\/\/cabarplast.com\/wp-content\/uploads\/2024\/03\/footer-4.png 1919w, https:\/\/cabarplast.com\/wp-content\/uploads\/2024\/03\/footer-4-300x8.png 300w, https:\/\/cabarplast.com\/wp-content\/uploads\/2024\/03\/footer-4-1024x27.png 1024w, https:\/\/cabarplast.com\/wp-content\/uploads\/2024\/03\/footer-4-768x20.png 768w, https:\/\/cabarplast.com\/wp-content\/uploads\/2024\/03\/footer-4-1536x40.png 1536w\" sizes=\"auto, (max-width: 1919px) 100vw, 1919px\" \/>[\/vc_column_text][\/vc_column][\/vc_row]<\/p>\n<\/div>","protected":false},"excerpt":{"rendered":"<p>[vc_row][vc_column width=&#8221;1\/2&#8243;][\/vc_column][vc_column width=&#8221;1\/2&#8243; css=&#8221;.vc_custom_1709647368309{border-left-width: 1px !important;padding-right: 30px !important;padding-left: 30px !important;border-left-color: #0e415f !important;border-left-style: solid !important;}&#8221;][vc_column_text css=&#8221;&#8221;] Butoaie din Plastic pentru Plute &nbsp; Butoaiele din plastic pentru plute \u010cabar Plast ofer\u0103 o alternativ\u0103 modern\u0103 \u0219i ecologic\u0103 la butoaiele tradi\u021bionale din metal. Proiectate special pentru utilizarea \u00een structuri plutitoare, aceste butoaie sunt plasate sub construc\u021bie pentru a asigura&hellip;<\/p>\n","protected":false},"author":1,"featured_media":0,"parent":0,"menu_order":0,"comment_status":"closed","ping_status":"closed","template":"","meta":{"footnotes":""},"class_list":["post-1966","page","type-page","status-publish","hentry","description-off"],"_links":{"self":[{"href":"https:\/\/cabarplast.com\/ro\/wp-json\/wp\/v2\/pages\/1966","targetHints":{"allow":["GET"]}}],"collection":[{"href":"https:\/\/cabarplast.com\/ro\/wp-json\/wp\/v2\/pages"}],"about":[{"href":"https:\/\/cabarplast.com\/ro\/wp-json\/wp\/v2\/types\/page"}],"author":[{"embeddable":true,"href":"https:\/\/cabarplast.com\/ro\/wp-json\/wp\/v2\/users\/1"}],"replies":[{"embeddable":true,"href":"https:\/\/cabarplast.com\/ro\/wp-json\/wp\/v2\/comments?post=1966"}],"version-history":[{"count":3,"href":"https:\/\/cabarplast.com\/ro\/wp-json\/wp\/v2\/pages\/1966\/revisions"}],"predecessor-version":[{"id":2991,"href":"https:\/\/cabarplast.com\/ro\/wp-json\/wp\/v2\/pages\/1966\/revisions\/2991"}],"wp:attachment":[{"href":"https:\/\/cabarplast.com\/ro\/wp-json\/wp\/v2\/media?parent=1966"}],"curies":[{"name":"wp","href":"https:\/\/api.w.org\/{rel}","templated":true}]}}