{"id":1737,"date":"2024-03-04T21:28:44","date_gmt":"2024-03-04T21:28:44","guid":{"rendered":"https:\/\/cabarplast.com\/o-nama\/"},"modified":"2024-04-29T12:29:51","modified_gmt":"2024-04-29T12:29:51","slug":"about-us","status":"publish","type":"page","link":"https:\/\/cabarplast.com\/en\/about-us\/","title":{"rendered":"About Us"},"content":{"rendered":"<div class=\"wpb-content-wrapper\"><p>[vc_row][vc_column width=&#8221;1\/2&#8243;][vc_column_text css=&#8221;.vc_custom_1714393676395{padding-top: 40px !important;padding-right: 20px !important;padding-bottom: 20px !important;}&#8221;]<\/p>\n<h1><strong>About Us<\/strong> &#8211; \u010cABAR PLAST<\/h1>\n<p><strong>A Synonym for Innovation and Quality in the Plastic Industry<\/strong><br \/>\n<img loading=\"lazy\" decoding=\"async\" class=\"alignnone wp-image-961 size-full\" src=\"https:\/\/cabarplast.com\/wp-content\/uploads\/2024\/04\/linija-1.jpg\" alt=\"\" width=\"121\" height=\"7\" \/><\/p>\n<p>&nbsp;<\/p>\n<p>With more than a decade of successful operations, \u010cABAR PLAST stands out as a modern family company established in 2013 in the small town of Plu\u0161ac, in the heart of Ose\u010dina. From its modest beginnings, the company has made significant strides in perfection and innovation in the world of plastic products, becoming a leader in its field.<\/p>\n<p>\u010cABAR PLAST specializes in the modeling and manufacturing of a broad spectrum of plastic products, utilizing high-quality materials such as polyethylene and polypropylene.[\/vc_column_text][\/vc_column][vc_column width=&#8221;1\/2&#8243;][vc_column_text css=&#8221;.vc_custom_1713169933426{padding-top: 40px !important;}&#8221;]<img loading=\"lazy\" decoding=\"async\" class=\"aligncenter wp-image-963 size-full\" src=\"https:\/\/cabarplast.com\/wp-content\/uploads\/2024\/04\/O-nama-%E2%80%93-CABAR-PLAST-1.jpg\" alt=\"\" width=\"800\" height=\"600\" \/>[\/vc_column_text][\/vc_column][\/vc_row][vc_row][vc_column][vc_empty_space]<div class=\"smile_icon_list_wrap ult_info_list_container ult-adjust-bottom-margin  \"><ul class=\"smile_icon_list left square with_bg\"><li class=\"icon_list_item\" style=\" font-size:102px;\"><div class=\"icon_list_icon\" data-animation=\"\" data-animation-delay=\"03\" style=\"font-size:34px;border-width:1px;border-style:none;background:#ffffff;color:#fcb426;border-color:#333333;\"><i class=\"icomoon-the7-font-the7-arrow-21\" ><\/i><\/div><div class=\"icon_description\" id=\"Info-list-wrap-4882\" style=\"font-size:34px;\"><div class=\"icon_description_text ult-responsive\"  data-ultimate-target='#Info-list-wrap-4882 .icon_description_text'  data-responsive-json-new='{\"font-size\":\"desktop:20px;\",\"line-height\":\"desktop:25px;\"}'  style=\"\"><p>Thanks to advanced spiral extrusion technology, our range includes plastic tanks, barrels, sewage pipes, manholes, and water meters, all designed to meet the varied needs of our clients.<\/p>\n<\/div><\/div><div class=\"icon_list_connector\"  style=\"border-right-width: 1px;border-right-style: dashed;border-color: #83ad0a;\"><\/div><\/li><li class=\"icon_list_item\" style=\" font-size:102px;\"><div class=\"icon_list_icon\" data-animation=\"\" data-animation-delay=\"03\" style=\"font-size:34px;border-width:1px;border-style:none;background:#ffffff;color:#fcb426;border-color:#333333;\"><i class=\"icomoon-the7-font-the7-arrow-21\" ><\/i><\/div><div class=\"icon_description\" id=\"Info-list-wrap-6230\" style=\"font-size:34px;\"><div class=\"icon_description_text ult-responsive\"  data-ultimate-target='#Info-list-wrap-6230 .icon_description_text'  data-responsive-json-new='{\"font-size\":\"desktop:20px;\",\"line-height\":\"desktop:25px;\"}'  style=\"\"><p>In a world where plastic predominates due to its versatility and practicality, \u010cABAR PLAST has recognized the need to produce materials that are not only functional but also safe for human health and the environment. Polyethylene and polypropylene, our materials of choice, are selected for their inertness, safety, and durability, making our products the ideal choice for a wide array of applications.<\/p>\n<\/div><\/div><div class=\"icon_list_connector\"  style=\"border-right-width: 1px;border-right-style: dashed;border-color: #83ad0a;\"><\/div><\/li><li class=\"icon_list_item\" style=\" font-size:102px;\"><div class=\"icon_list_icon\" data-animation=\"\" data-animation-delay=\"03\" style=\"font-size:34px;border-width:1px;border-style:none;background:#ffffff;color:#fcb426;border-color:#333333;\"><i class=\"icomoon-the7-font-the7-arrow-21\" ><\/i><\/div><div class=\"icon_description\" id=\"Info-list-wrap-3749\" style=\"font-size:34px;\"><div class=\"icon_description_text ult-responsive\"  data-ultimate-target='#Info-list-wrap-3749 .icon_description_text'  data-responsive-json-new='{\"font-size\":\"desktop:20px;\",\"line-height\":\"desktop:25px;\"}'  style=\"\"><p>Our commitment to quality, innovation, and customer satisfaction sets \u010cABAR PLAST apart from the competition. The raw materials we use are rigorously selected, of original and safe origin, and are certified to ensure the highest quality standard of our products. Our team of experts continuously strives to refine and innovate our production processes, ensuring a high level of efficiency and satisfaction among our clients.<\/p>\n<\/div><\/div><div class=\"icon_list_connector\"  style=\"border-right-width: 1px;border-right-style: dashed;border-color: #83ad0a;\"><\/div><\/li><li class=\"icon_list_item\" style=\" font-size:102px;\"><div class=\"icon_list_icon\" data-animation=\"\" data-animation-delay=\"03\" style=\"font-size:34px;border-width:1px;border-style:none;background:#ffffff;color:#fcb426;border-color:#333333;\"><i class=\"icomoon-the7-font-the7-arrow-21\" ><\/i><\/div><div class=\"icon_description\" id=\"Info-list-wrap-3960\" style=\"font-size:34px;\"><div class=\"icon_description_text ult-responsive\"  data-ultimate-target='#Info-list-wrap-3960 .icon_description_text'  data-responsive-json-new='{\"font-size\":\"desktop:20px;\",\"line-height\":\"desktop:25px;\"}'  style=\"\"><p>Over the years, \u010cABAR PLAST has continuously expanded its operations, not only in terms of production capacity but also through investments in modernization, engineering, and scientific research. This enables us to keep pace with the latest trends and market demands, offering our clients products that meet contemporary standards and needs.<\/p>\n<\/div><\/div><div class=\"icon_list_connector\"  style=\"border-right-width: 1px;border-right-style: dashed;border-color: #83ad0a;\"><\/div><\/li><li class=\"icon_list_item\" style=\" font-size:102px;\"><div class=\"icon_list_icon\" data-animation=\"\" data-animation-delay=\"03\" style=\"font-size:34px;border-width:1px;border-style:none;background:#ffffff;color:#fcb426;border-color:#333333;\"><i class=\"icomoon-the7-font-the7-arrow-21\" ><\/i><\/div><div class=\"icon_description\" id=\"Info-list-wrap-7095\" style=\"font-size:34px;\"><div class=\"icon_description_text ult-responsive\"  data-ultimate-target='#Info-list-wrap-7095 .icon_description_text'  data-responsive-json-new='{\"font-size\":\"desktop:20px;\",\"line-height\":\"desktop:25px;\"}'  style=\"\"><p>Our mission is to respond to our clients&#8217; requests in the shortest possible time, offering proven quality at competitive prices. Our team is always ready to provide expert advice and support, ensuring that each client finds the ideal solution for their needs.<\/p>\n<\/div><\/div><div class=\"icon_list_connector\"  style=\"border-right-width: 1px;border-right-style: dashed;border-color: #83ad0a;\"><\/div><\/li><\/ul><\/div>[vc_empty_space][\/vc_column][\/vc_row][vc_row][vc_column][vc_column_text css=&#8221;.vc_custom_1714393759427{padding-top: 30px !important;padding-right: 30px !important;padding-bottom: 30px !important;padding-left: 30px !important;background-color: #0e415f !important;border-radius: 15px !important;}&#8221;]<span style=\"color: #ffffff;\">Visit \u010cABAR PLAST and discover why we have become a synonym for reliability, innovation, and quality in the plastic industry. Choose us as your partner and let&#8217;s create a successful future together.<\/span>[\/vc_column_text][vc_empty_space][\/vc_column][\/vc_row][vc_row full_width=&#8221;stretch_row_content_no_spaces&#8221;][vc_column][vc_column_text]<img loading=\"lazy\" decoding=\"async\" class=\"aligncenter wp-image-232 size-full\" src=\"https:\/\/cabarplast.com\/wp-content\/uploads\/2024\/03\/footer-4.png\" alt=\"\" width=\"1919\" height=\"50\" srcset=\"https:\/\/cabarplast.com\/wp-content\/uploads\/2024\/03\/footer-4.png 1919w, https:\/\/cabarplast.com\/wp-content\/uploads\/2024\/03\/footer-4-300x8.png 300w, https:\/\/cabarplast.com\/wp-content\/uploads\/2024\/03\/footer-4-1024x27.png 1024w, https:\/\/cabarplast.com\/wp-content\/uploads\/2024\/03\/footer-4-768x20.png 768w, https:\/\/cabarplast.com\/wp-content\/uploads\/2024\/03\/footer-4-1536x40.png 1536w\" sizes=\"auto, (max-width: 1919px) 100vw, 1919px\" \/>[\/vc_column_text][\/vc_column][\/vc_row]<\/p>\n<\/div>","protected":false},"excerpt":{"rendered":"<p>[vc_row][vc_column width=&#8221;1\/2&#8243;][vc_column_text css=&#8221;.vc_custom_1714393676395{padding-top: 40px !important;padding-right: 20px !important;padding-bottom: 20px !important;}&#8221;] About Us &#8211; \u010cABAR PLAST A Synonym for Innovation and Quality in the Plastic Industry &nbsp; With more than a decade of successful operations, \u010cABAR PLAST stands out as a modern family company established in 2013 in the small town of Plu\u0161ac, in the heart of&hellip;<\/p>\n","protected":false},"author":1,"featured_media":0,"parent":0,"menu_order":0,"comment_status":"closed","ping_status":"closed","template":"","meta":{"footnotes":""},"class_list":["post-1737","page","type-page","status-publish","hentry","description-off"],"_links":{"self":[{"href":"https:\/\/cabarplast.com\/en\/wp-json\/wp\/v2\/pages\/1737","targetHints":{"allow":["GET"]}}],"collection":[{"href":"https:\/\/cabarplast.com\/en\/wp-json\/wp\/v2\/pages"}],"about":[{"href":"https:\/\/cabarplast.com\/en\/wp-json\/wp\/v2\/types\/page"}],"author":[{"embeddable":true,"href":"https:\/\/cabarplast.com\/en\/wp-json\/wp\/v2\/users\/1"}],"replies":[{"embeddable":true,"href":"https:\/\/cabarplast.com\/en\/wp-json\/wp\/v2\/comments?post=1737"}],"version-history":[{"count":3,"href":"https:\/\/cabarplast.com\/en\/wp-json\/wp\/v2\/pages\/1737\/revisions"}],"predecessor-version":[{"id":1740,"href":"https:\/\/cabarplast.com\/en\/wp-json\/wp\/v2\/pages\/1737\/revisions\/1740"}],"wp:attachment":[{"href":"https:\/\/cabarplast.com\/en\/wp-json\/wp\/v2\/media?parent=1737"}],"curies":[{"name":"wp","href":"https:\/\/api.w.org\/{rel}","templated":true}]}}