{"id":3626,"date":"2024-02-21T12:02:47","date_gmt":"2024-02-21T12:02:47","guid":{"rendered":"https:\/\/cabarplast.com\/sample-page\/"},"modified":"2025-02-07T14:54:42","modified_gmt":"2025-02-07T14:54:42","slug":"sample-page","status":"publish","type":"page","link":"https:\/\/cabarplast.com\/de\/","title":{"rendered":"Start seite"},"content":{"rendered":"<div class=\"wpb-content-wrapper\"><p>[vc_row full_width=&#8220;stretch_row_content_no_spaces&#8220;][vc_column][vc_column_text]<img loading=\"lazy\" decoding=\"async\" class=\"aligncenter wp-image-885 size-full\" src=\"https:\/\/cabarplast.com\/wp-content\/uploads\/2024\/03\/cabar-plast-slide-1.jpg\" alt=\"\" width=\"1920\" height=\"600\" srcset=\"https:\/\/cabarplast.com\/wp-content\/uploads\/2024\/03\/cabar-plast-slide-1.jpg 1920w, https:\/\/cabarplast.com\/wp-content\/uploads\/2024\/03\/cabar-plast-slide-1-300x94.jpg 300w, https:\/\/cabarplast.com\/wp-content\/uploads\/2024\/03\/cabar-plast-slide-1-1024x320.jpg 1024w, https:\/\/cabarplast.com\/wp-content\/uploads\/2024\/03\/cabar-plast-slide-1-768x240.jpg 768w, https:\/\/cabarplast.com\/wp-content\/uploads\/2024\/03\/cabar-plast-slide-1-1536x480.jpg 1536w\" sizes=\"auto, (max-width: 1920px) 100vw, 1920px\" \/>[\/vc_column_text][\/vc_column][\/vc_row][vc_row full_width=&#8220;stretch_row_content_no_spaces&#8220;][vc_column css_animation=&#8220;fadeInLeft&#8220; css=&#8220;.vc_custom_1710282701109{margin-top: -50px !important;border-radius: 10px !important;}&#8220; offset=&#8220;vc_hidden-sm vc_hidden-xs&#8220;][vc_column_text css_animation=&#8220;none&#8220; css=&#8220;.vc_custom_1710282681664{padding-right: 10px !important;padding-left: 10px !important;}&#8220;]<img loading=\"lazy\" decoding=\"async\" class=\"aligncenter wp-image-235 size-full\" src=\"https:\/\/cabarplast.com\/wp-content\/uploads\/2024\/03\/dole-pozadina.png\" alt=\"\" width=\"1919\" height=\"50\" srcset=\"https:\/\/cabarplast.com\/wp-content\/uploads\/2024\/03\/dole-pozadina.png 1919w, https:\/\/cabarplast.com\/wp-content\/uploads\/2024\/03\/dole-pozadina-300x8.png 300w, https:\/\/cabarplast.com\/wp-content\/uploads\/2024\/03\/dole-pozadina-1024x27.png 1024w, https:\/\/cabarplast.com\/wp-content\/uploads\/2024\/03\/dole-pozadina-768x20.png 768w, https:\/\/cabarplast.com\/wp-content\/uploads\/2024\/03\/dole-pozadina-1536x40.png 1536w\" sizes=\"auto, (max-width: 1919px) 100vw, 1919px\" \/>[\/vc_column_text][vc_empty_space height=&#8220;30&#8243;][\/vc_column][\/vc_row][vc_row][vc_column css_animation=&#8220;fadeInLeft&#8220; css=&#8220;.vc_custom_1713004465559{border-radius: 10px !important;}&#8220;][vc_column_text css_animation=&#8220;none&#8220; css=&#8220;.vc_custom_1738939474471{padding-right: 30px !important;padding-left: 30px !important;}&#8220;]<\/p>\n<h1><strong>\u010cABAR<\/strong> PLAST &#8211; Herstellung von Kunststofftanks<\/h1>\n<p><img loading=\"lazy\" decoding=\"async\" class=\"alignnone wp-image-961 size-full\" src=\"https:\/\/cabarplast.com\/wp-content\/uploads\/2024\/04\/linija-1.jpg\" alt=\"\" width=\"121\" height=\"7\" \/>[\/vc_column_text][vc_empty_space height=&#8220;30&#8243;][\/vc_column][\/vc_row][vc_row][vc_column css_animation=&#8220;fadeInLeft&#8220; width=&#8220;1\/2&#8243; css=&#8220;.vc_custom_1714470341282{padding-right: 30px !important;padding-left: 30px !important;background-color: #ffffff !important;border-radius: 10px !important;}&#8220;][vc_column_text css_animation=&#8220;none&#8220; css=&#8220;&#8220;]\u010cabar Plast ist ein Familienunternehmen, das sich auf die Herstellung von Kunststoffprodukten wie Tanks, F\u00e4sser und Rohre spezialisiert hat und dabei fortschrittliche Spiralextrusionstechnologie aus Polyethylen und Polypropylen einsetzt.<\/p>\n<p>Durch die Verwendung von gesundheits- und umweltfreundlichen Materialien verspricht unsere Produktpalette au\u00dfergew\u00f6hnliche Haltbarkeit, Widerstandsf\u00e4higkeit gegen \u00e4u\u00dfere Einfl\u00fcsse und Langlebigkeit, was \u201e\u010cabar Plast\u201c zu einem zuverl\u00e4ssigen Partner in Ihrem Zuhause und Gesch\u00e4ft macht.<\/p>\n<p>[\/vc_column_text][vc_empty_space height=&#8220;30&#8243;]<a href=\"https:\/\/cabarplast.com\/de\/kontaktinformationen-cabar-plast\/\" class=\"btn-shortcode dt-btn-m dt-btn default-btn-color default-btn-hover-color default-btn-bg-color default-btn-bg-hover-color\" id=\"dt-btn-1\"><span>Kontaktieren Sie uns<\/span><\/a>[\/vc_column][vc_column width=&#8220;1\/2&#8243;][vc_column_text css=&#8220;.vc_custom_1713003125414{padding-right: 30px !important;padding-bottom: 30px !important;padding-left: 30px !important;}&#8220;]<img loading=\"lazy\" decoding=\"async\" class=\"aligncenter wp-image-963\" src=\"https:\/\/cabarplast.com\/wp-content\/uploads\/2024\/04\/O-nama-\u2013-CABAR-PLAST-1-300x225.jpg\" alt=\"\" width=\"600\" height=\"450\" srcset=\"https:\/\/cabarplast.com\/wp-content\/uploads\/2024\/04\/O-nama-\u2013-CABAR-PLAST-1-300x225.jpg 300w, https:\/\/cabarplast.com\/wp-content\/uploads\/2024\/04\/O-nama-\u2013-CABAR-PLAST-1-768x576.jpg 768w, https:\/\/cabarplast.com\/wp-content\/uploads\/2024\/04\/O-nama-\u2013-CABAR-PLAST-1.jpg 800w\" sizes=\"auto, (max-width: 600px) 100vw, 600px\" \/>[\/vc_column_text][\/vc_column][\/vc_row][vc_row][vc_column][vc_column_text css=&#8220;.vc_custom_1738939592654{padding-top: 30px !important;padding-right: 30px !important;padding-bottom: 30px !important;padding-left: 30px !important;background-color: #0e415f !important;border-radius: 10px !important;}&#8220;]<\/p>\n<h2><span style=\"color: #fcb426;\">\u00dcber uns<\/span><\/h2>\n<p style=\"text-align: justify;\"><span style=\"color: #ffffff;\">\u010cabar Plast\u201c wurde 2013 als Familienunternehmen mit Tradition und Innovation im Herzen von Plu\u0161ac, Ose\u010dina, gegr\u00fcndet.<\/span><\/p>\n<p style=\"text-align: justify;\"><span style=\"color: #fcb426;\">Unsere Mission<\/span> <span style=\"color: #ffffff;\"> ist es, hochwertige Kunststoffl\u00f6sungen anzubieten, die das t\u00e4gliche Leben und Gesch\u00e4ft verbessern, w\u00e4hrend unsere Vision darauf abzielt, durch kontinuierliche Innovation und nachhaltige Entwicklung neue Ma\u00dfst\u00e4be in der Branche zu setzen. Mit besonderem Schwerpunkt auf Erfahrung und Engagement f\u00fcr Qualit\u00e4t widmen wir uns der Herstellung von Produkten, die Sicherheit, Langlebigkeit und Kundenzufriedenheit garantieren.<br \/>\n<\/span><\/p>\n<p>[\/vc_column_text][\/vc_column][\/vc_row][vc_row][vc_column css_animation=&#8220;fadeInLeft&#8220; css=&#8220;.vc_custom_1710282944831{background-color: #ffffff !important;border-radius: 10px !important;}&#8220; offset=&#8220;vc_hidden-sm vc_hidden-xs&#8220;][vc_column_text css_animation=&#8220;none&#8220; css=&#8220;.vc_custom_1738939611326{padding-right: 30px !important;padding-left: 30px !important;}&#8220;]<\/p>\n<h2>Unsere <strong>Produkte<\/strong><\/h2>\n<p>Unser Sortiment umfasst eine breite Palette von Produkten aus Polyethylen und Polypropylen, die f\u00fcr verschiedene Bed\u00fcrfnisse und Anwendungen entwickelt wurden.[\/vc_column_text][vc_empty_space height=&#8220;30&#8243;][\/vc_column][\/vc_row][vc_row][vc_column width=&#8220;1\/3&#8243;][vc_column_text css=&#8220;&#8220;]<a href=\"https:\/\/cabarplast.com\/de\/kunststoff-tanks\/\"><img loading=\"lazy\" decoding=\"async\" class=\"aligncenter wp-image-987\" src=\"https:\/\/cabarplast.com\/wp-content\/uploads\/2024\/04\/Cisterne-za-vodu-\u2013-kapacitet-10000L-3-300x300.jpg\" alt=\"\" width=\"600\" height=\"600\" srcset=\"https:\/\/cabarplast.com\/wp-content\/uploads\/2024\/04\/Cisterne-za-vodu-\u2013-kapacitet-10000L-3-300x300.jpg 300w, https:\/\/cabarplast.com\/wp-content\/uploads\/2024\/04\/Cisterne-za-vodu-\u2013-kapacitet-10000L-3-1024x1024.jpg 1024w, https:\/\/cabarplast.com\/wp-content\/uploads\/2024\/04\/Cisterne-za-vodu-\u2013-kapacitet-10000L-3-150x150.jpg 150w, https:\/\/cabarplast.com\/wp-content\/uploads\/2024\/04\/Cisterne-za-vodu-\u2013-kapacitet-10000L-3-768x768.jpg 768w, https:\/\/cabarplast.com\/wp-content\/uploads\/2024\/04\/Cisterne-za-vodu-\u2013-kapacitet-10000L-3.jpg 1080w\" sizes=\"auto, (max-width: 600px) 100vw, 600px\" \/><\/a><\/p>\n<p>&nbsp;<\/p>\n<p style=\"font-size: 25px;\">Kunststofftanks<\/p>\n<p>Kunststofftanks sind f\u00fcr die Lagerung und den Transport von Fl\u00fcssigkeiten konzipiert.<br \/>\n[\/vc_column_text][vc_empty_space height=&#8220;20&#8243;]<a href=\"https:\/\/cabarplast.com\/de\/kunststoff-tanks\/\" class=\"btn-shortcode dt-btn-s dt-btn default-btn-color default-btn-hover-color default-btn-bg-color default-btn-bg-hover-color\" id=\"dt-btn-2\"><span>Lesen Sie mehr\u2026<\/span><\/a>[vc_empty_space height=&#8220;20&#8243;][\/vc_column][vc_column width=&#8220;1\/3&#8243;][vc_column_text css=&#8220;&#8220;]<a href=\"https:\/\/cabarplast.com\/de\/kunststofftanks\/\"><img loading=\"lazy\" decoding=\"async\" class=\"wp-image-631 aligncenter\" src=\"https:\/\/cabarplast.com\/wp-content\/uploads\/2024\/03\/Protivpozarni-plasticni-rezervoari-7-300x300.jpg\" alt=\"\" width=\"600\" height=\"600\" srcset=\"https:\/\/cabarplast.com\/wp-content\/uploads\/2024\/03\/Protivpozarni-plasticni-rezervoari-7-300x300.jpg 300w, https:\/\/cabarplast.com\/wp-content\/uploads\/2024\/03\/Protivpozarni-plasticni-rezervoari-7-1024x1024.jpg 1024w, https:\/\/cabarplast.com\/wp-content\/uploads\/2024\/03\/Protivpozarni-plasticni-rezervoari-7-150x150.jpg 150w, https:\/\/cabarplast.com\/wp-content\/uploads\/2024\/03\/Protivpozarni-plasticni-rezervoari-7-768x768.jpg 768w, https:\/\/cabarplast.com\/wp-content\/uploads\/2024\/03\/Protivpozarni-plasticni-rezervoari-7.jpg 1080w\" sizes=\"auto, (max-width: 600px) 100vw, 600px\" \/><\/a><\/p>\n<p>&nbsp;<\/p>\n<p style=\"font-size: 25px;\">Kunststoffbeh\u00e4lter<\/p>\n<p>Kunststoffbeh\u00e4lter zur Lagerung verschiedener Fl\u00fcssigkeiten. [\/vc_column_text][vc_empty_space height=&#8220;20&#8243;]<a href=\"https:\/\/cabarplast.com\/de\/kunststofftanks\/\" class=\"btn-shortcode dt-btn-s dt-btn default-btn-color default-btn-hover-color default-btn-bg-color default-btn-bg-hover-color\" id=\"dt-btn-3\"><span>Lesen Sie mehr\u2026<\/span><\/a>[vc_empty_space height=&#8220;20&#8243;][\/vc_column][vc_column width=&#8220;1\/3&#8243;][vc_column_text css=&#8220;&#8220;]<a href=\"https:\/\/cabarplast.com\/de\/klaeranlagen\/\"><img loading=\"lazy\" decoding=\"async\" class=\"aligncenter wp-image-984\" src=\"https:\/\/cabarplast.com\/wp-content\/uploads\/2024\/04\/Precistaci-otpadnih-Voda-1-1-300x300.jpg\" alt=\"\" width=\"600\" height=\"600\" srcset=\"https:\/\/cabarplast.com\/wp-content\/uploads\/2024\/04\/Precistaci-otpadnih-Voda-1-1-300x300.jpg 300w, https:\/\/cabarplast.com\/wp-content\/uploads\/2024\/04\/Precistaci-otpadnih-Voda-1-1-1024x1024.jpg 1024w, https:\/\/cabarplast.com\/wp-content\/uploads\/2024\/04\/Precistaci-otpadnih-Voda-1-1-150x150.jpg 150w, https:\/\/cabarplast.com\/wp-content\/uploads\/2024\/04\/Precistaci-otpadnih-Voda-1-1-768x768.jpg 768w, https:\/\/cabarplast.com\/wp-content\/uploads\/2024\/04\/Precistaci-otpadnih-Voda-1-1.jpg 1080w\" sizes=\"auto, (max-width: 600px) 100vw, 600px\" \/><\/a><\/p>\n<p>&nbsp;<\/p>\n<p style=\"font-size: 25px;\">Kl\u00e4ranlagen<\/p>\n<p>Kl\u00e4ranlagen mit Belebtschlammverfahren. [\/vc_column_text][vc_empty_space height=&#8220;20&#8243;]<a href=\"https:\/\/cabarplast.com\/de\/klaeranlagen\/\" class=\"btn-shortcode dt-btn-s dt-btn default-btn-color default-btn-hover-color default-btn-bg-color default-btn-bg-hover-color\" id=\"dt-btn-4\"><span>Lesen Sie mehr\u2026<\/span><\/a>[vc_empty_space height=&#8220;20&#8243;][\/vc_column][\/vc_row][vc_row][vc_column width=&#8220;1\/3&#8243;][vc_column_text css=&#8220;&#8220;]<a href=\"https:\/\/cabarplast.com\/de\/preise-fuer-kunststoff-klaerkammer-zweikammer-dreikammer\/\"><img loading=\"lazy\" decoding=\"async\" class=\"alignnone wp-image-989\" src=\"https:\/\/cabarplast.com\/wp-content\/uploads\/2024\/04\/Septicke-jame-7-1-300x300.jpg\" alt=\"\" width=\"600\" height=\"600\" srcset=\"https:\/\/cabarplast.com\/wp-content\/uploads\/2024\/04\/Septicke-jame-7-1-300x300.jpg 300w, https:\/\/cabarplast.com\/wp-content\/uploads\/2024\/04\/Septicke-jame-7-1-1024x1024.jpg 1024w, https:\/\/cabarplast.com\/wp-content\/uploads\/2024\/04\/Septicke-jame-7-1-150x150.jpg 150w, https:\/\/cabarplast.com\/wp-content\/uploads\/2024\/04\/Septicke-jame-7-1-768x768.jpg 768w, https:\/\/cabarplast.com\/wp-content\/uploads\/2024\/04\/Septicke-jame-7-1.jpg 1080w\" sizes=\"auto, (max-width: 600px) 100vw, 600px\" \/><\/a><\/p>\n<p>&nbsp;<\/p>\n<p style=\"font-size: 25px;\">Kunststoff-Kl\u00e4rgruben<\/p>\n<p>Ideale und schnelle L\u00f6sung f\u00fcr alle Probleme mit Abwasser. [\/vc_column_text][vc_empty_space height=&#8220;20&#8243;]<a href=\"https:\/\/cabarplast.com\/de\/preise-fuer-kunststoff-klaerkammer-zweikammer-dreikammer\/\" class=\"btn-shortcode dt-btn-s dt-btn default-btn-color default-btn-hover-color default-btn-bg-color default-btn-bg-hover-color\" id=\"dt-btn-5\"><span>Lesen Sie mehr\u2026<\/span><\/a>[vc_empty_space height=&#8220;20&#8243;][\/vc_column][vc_column width=&#8220;1\/3&#8243;][vc_column_text css=&#8220;&#8220;]<a href=\"https:\/\/cabarplast.com\/de\/kunststoff-schachtdeckel\/\"><img loading=\"lazy\" decoding=\"async\" class=\"alignnone wp-image-991\" src=\"https:\/\/cabarplast.com\/wp-content\/uploads\/2024\/04\/Sahte-za-vodomere-1-300x300.jpg\" alt=\"\" width=\"600\" height=\"600\" srcset=\"https:\/\/cabarplast.com\/wp-content\/uploads\/2024\/04\/Sahte-za-vodomere-1-300x300.jpg 300w, https:\/\/cabarplast.com\/wp-content\/uploads\/2024\/04\/Sahte-za-vodomere-1-1024x1024.jpg 1024w, https:\/\/cabarplast.com\/wp-content\/uploads\/2024\/04\/Sahte-za-vodomere-1-150x150.jpg 150w, https:\/\/cabarplast.com\/wp-content\/uploads\/2024\/04\/Sahte-za-vodomere-1-768x768.jpg 768w, https:\/\/cabarplast.com\/wp-content\/uploads\/2024\/04\/Sahte-za-vodomere-1.jpg 1080w\" sizes=\"auto, (max-width: 600px) 100vw, 600px\" \/><\/a><\/p>\n<p>&nbsp;<\/p>\n<p style=\"font-size: 25px;\">Kunststoff-Sch\u00e4chte<\/p>\n<p>Konzipiert f\u00fcr die Wartung unterirdischer Anlagen wie Wasser- und Abwassernetze.[\/vc_column_text][vc_empty_space height=&#8220;20&#8243;]<a href=\"https:\/\/cabarplast.com\/de\/kunststoff-schachtdeckel\/\" class=\"btn-shortcode dt-btn-s dt-btn default-btn-color default-btn-hover-color default-btn-bg-color default-btn-bg-hover-color\" id=\"dt-btn-6\"><span>Lesen Sie mehr\u2026<\/span><\/a>[vc_empty_space height=&#8220;20&#8243;][\/vc_column][vc_column width=&#8220;1\/3&#8243;][vc_column_text css=&#8220;&#8220;]<a href=\"https:\/\/cabarplast.com\/de\/abscheider\/\"><img loading=\"lazy\" decoding=\"async\" class=\"aligncenter wp-image-992\" src=\"https:\/\/cabarplast.com\/wp-content\/uploads\/2024\/04\/Separatori-masti-i-ulja-2-300x300.jpg\" alt=\"\" width=\"600\" height=\"600\" srcset=\"https:\/\/cabarplast.com\/wp-content\/uploads\/2024\/04\/Separatori-masti-i-ulja-2-300x300.jpg 300w, https:\/\/cabarplast.com\/wp-content\/uploads\/2024\/04\/Separatori-masti-i-ulja-2-1024x1024.jpg 1024w, https:\/\/cabarplast.com\/wp-content\/uploads\/2024\/04\/Separatori-masti-i-ulja-2-150x150.jpg 150w, https:\/\/cabarplast.com\/wp-content\/uploads\/2024\/04\/Separatori-masti-i-ulja-2-768x768.jpg 768w, https:\/\/cabarplast.com\/wp-content\/uploads\/2024\/04\/Separatori-masti-i-ulja-2.jpg 1080w\" sizes=\"auto, (max-width: 600px) 100vw, 600px\" \/><\/a><\/p>\n<p>&nbsp;<\/p>\n<p style=\"font-size: 25px;\">Abscheider<\/p>\n<p>Spezialisierte Einheiten, die verschiedene Methoden zur Trennung und R\u00fcckhaltung organischer Stoffe verwenden.[\/vc_column_text][vc_empty_space height=&#8220;20&#8243;]<a href=\"https:\/\/cabarplast.com\/de\/abscheider\/\" class=\"btn-shortcode dt-btn-s dt-btn default-btn-color default-btn-hover-color default-btn-bg-color default-btn-bg-hover-color\" id=\"dt-btn-7\"><span>Lesen Sie mehr\u2026<\/span><\/a>[vc_empty_space height=&#8220;20&#8243;][\/vc_column][\/vc_row][vc_row][vc_column width=&#8220;1\/3&#8243;][vc_column_text css=&#8220;&#8220;]<a href=\"https:\/\/cabarplast.com\/de\/kunststofffaesser\/\"><img loading=\"lazy\" decoding=\"async\" class=\"aligncenter wp-image-993\" src=\"https:\/\/cabarplast.com\/wp-content\/uploads\/2024\/04\/Kace-za-vodu-i-kominu-7-300x300.jpg\" alt=\"\" width=\"600\" height=\"600\" srcset=\"https:\/\/cabarplast.com\/wp-content\/uploads\/2024\/04\/Kace-za-vodu-i-kominu-7-300x300.jpg 300w, https:\/\/cabarplast.com\/wp-content\/uploads\/2024\/04\/Kace-za-vodu-i-kominu-7-1024x1024.jpg 1024w, https:\/\/cabarplast.com\/wp-content\/uploads\/2024\/04\/Kace-za-vodu-i-kominu-7-150x150.jpg 150w, https:\/\/cabarplast.com\/wp-content\/uploads\/2024\/04\/Kace-za-vodu-i-kominu-7-768x768.jpg 768w, https:\/\/cabarplast.com\/wp-content\/uploads\/2024\/04\/Kace-za-vodu-i-kominu-7.jpg 1080w\" sizes=\"auto, (max-width: 600px) 100vw, 600px\" \/><\/a><\/p>\n<p>&nbsp;<\/p>\n<p style=\"font-size: 25px;\">Kunststoff-F\u00e4sser<\/p>\n<p>Konzipiert f\u00fcr die Lagerung und den Transport verschiedener Fl\u00fcssigkeiten, einschlie\u00dflich Wasser, Wein, Trester.[\/vc_column_text][vc_empty_space height=&#8220;20&#8243;]<a href=\"https:\/\/cabarplast.com\/de\/kunststofffaesser\/\" class=\"btn-shortcode dt-btn-s dt-btn default-btn-color default-btn-hover-color default-btn-bg-color default-btn-bg-hover-color\" id=\"dt-btn-8\"><span>Lesen Sie mehr\u2026<\/span><\/a>[vc_empty_space height=&#8220;20&#8243;][\/vc_column][vc_column width=&#8220;1\/3&#8243;][vc_column_text css=&#8220;&#8220;]<a href=\"https:\/\/cabarplast.com\/de\/kunststoffrohre\/\"><img loading=\"lazy\" decoding=\"async\" class=\"aligncenter wp-image-994\" src=\"https:\/\/cabarplast.com\/wp-content\/uploads\/2024\/04\/cevi-za-ventilaciju-300x300.jpg\" alt=\"\" width=\"600\" height=\"600\" srcset=\"https:\/\/cabarplast.com\/wp-content\/uploads\/2024\/04\/cevi-za-ventilaciju-300x300.jpg 300w, https:\/\/cabarplast.com\/wp-content\/uploads\/2024\/04\/cevi-za-ventilaciju-1024x1024.jpg 1024w, https:\/\/cabarplast.com\/wp-content\/uploads\/2024\/04\/cevi-za-ventilaciju-150x150.jpg 150w, https:\/\/cabarplast.com\/wp-content\/uploads\/2024\/04\/cevi-za-ventilaciju-768x768.jpg 768w, https:\/\/cabarplast.com\/wp-content\/uploads\/2024\/04\/cevi-za-ventilaciju.jpg 1080w\" sizes=\"auto, (max-width: 600px) 100vw, 600px\" \/><\/a><\/p>\n<p>&nbsp;<\/p>\n<p style=\"font-size: 25px;\">Kunststoffrohre<\/p>\n<p>Spezialisierte Rohre, die f\u00fcr den Transport gro\u00dfer Mengen an Fl\u00fcssigkeiten oder Gasen verwendet werden.[\/vc_column_text][vc_empty_space height=&#8220;20&#8243;]<a href=\"https:\/\/cabarplast.com\/de\/kunststoffrohre\/\" class=\"btn-shortcode dt-btn-s dt-btn default-btn-color default-btn-hover-color default-btn-bg-color default-btn-bg-hover-color\" id=\"dt-btn-9\"><span>Lesen Sie mehr\u2026<\/span><\/a>[vc_empty_space height=&#8220;20&#8243;][\/vc_column][vc_column width=&#8220;1\/3&#8243;][vc_column_text css=&#8220;&#8220;]<a href=\"https:\/\/cabarplast.com\/de\/marine-ausruestung\/\"><img loading=\"lazy\" decoding=\"async\" class=\"aligncenter wp-image-995\" src=\"https:\/\/cabarplast.com\/wp-content\/uploads\/2024\/04\/Katamarani-za-splavove-1-300x300.jpg\" alt=\"\" width=\"600\" height=\"600\" srcset=\"https:\/\/cabarplast.com\/wp-content\/uploads\/2024\/04\/Katamarani-za-splavove-1-300x300.jpg 300w, https:\/\/cabarplast.com\/wp-content\/uploads\/2024\/04\/Katamarani-za-splavove-1-1024x1024.jpg 1024w, https:\/\/cabarplast.com\/wp-content\/uploads\/2024\/04\/Katamarani-za-splavove-1-150x150.jpg 150w, https:\/\/cabarplast.com\/wp-content\/uploads\/2024\/04\/Katamarani-za-splavove-1-768x768.jpg 768w, https:\/\/cabarplast.com\/wp-content\/uploads\/2024\/04\/Katamarani-za-splavove-1.jpg 1080w\" sizes=\"auto, (max-width: 600px) 100vw, 600px\" \/><\/a><\/p>\n<p>&nbsp;<\/p>\n<p style=\"font-size: 25px;\">Schwimmende Ausr\u00fcstung<\/p>\n<p>Produkte zur Verbesserung Ihres Wassererlebnisses, einschlie\u00dflich Plastikboote, Pontons f\u00fcr Fl\u00f6\u00dfe, F\u00e4sser f\u00fcr Fl\u00f6\u00dfe.[\/vc_column_text][vc_empty_space height=&#8220;20&#8243;]<a href=\"https:\/\/cabarplast.com\/de\/marine-ausruestung\/\" class=\"btn-shortcode dt-btn-s dt-btn default-btn-color default-btn-hover-color default-btn-bg-color default-btn-bg-hover-color\" id=\"dt-btn-10\"><span>Lesen Sie mehr\u2026<\/span><\/a>[vc_empty_space height=&#8220;20&#8243;][\/vc_column][\/vc_row][vc_row][vc_column][vc_empty_space][vc_column_text css=&#8220;&#8220;]<\/p>\n<h2><strong>Warum<\/strong> uns w\u00e4hlen<\/h2>\n<p><img loading=\"lazy\" decoding=\"async\" class=\"alignnone wp-image-961 size-full\" src=\"https:\/\/cabarplast.com\/wp-content\/uploads\/2024\/04\/linija-1.jpg\" alt=\"\" width=\"121\" height=\"7\" \/><\/p>\n<p>W\u00e4hlen Sie \u201e\u010cabar Plast\u201c wegen seiner technologischen \u00dcberlegenheit, ma\u00dfgeschneiderten L\u00f6sungen und \u00f6kologischen Nachhaltigkeit. Unsere Produkte stellen eine Kombination aus fortschrittlichen Technologien und Innovationen dar und sind darauf ausgelegt, die spezifischen Bed\u00fcrfnisse jedes Kunden zu erf\u00fcllen und gleichzeitig die Auswirkungen auf die Umwelt zu minimieren. Unser Engagement f\u00fcr Qualit\u00e4t und Nachhaltigkeit macht uns zur idealen Wahl f\u00fcr alle, die zuverl\u00e4ssige, langlebige und umweltfreundliche L\u00f6sungen suchen. Alle von uns verwendeten Rohstoffe sind original und sicher, zertifiziert und garantieren Ihnen Sicherheit, Qualit\u00e4t und Langlebigkeit der Produkte.<\/p>\n<p>Unsere Erfahrung steht im Dienste Ihrer Zufriedenheit. Wir bem\u00fchen uns, Ihre Anforderungen in k\u00fcrzester Zeit mit bew\u00e4hrter Qualit\u00e4t zu den g\u00fcnstigsten Preisen zu erf\u00fcllen. Wir stehen Ihnen f\u00fcr alle Fragen und Vereinbarungen zur Verf\u00fcgung.<\/p>\n<p style=\"font-size: 20px;\">Besuchen Sie uns oder rufen Sie uns an und \u00fcberzeugen Sie sich selbst, warum wir die Besten in der Region sind. Mit uns w\u00e4hlen Sie einen zuverl\u00e4ssigen Partner und eine garantiert erfolgreiche Zusammenarbeit.<\/p>\n<p>[\/vc_column_text][vc_empty_space][\/vc_column][\/vc_row][vc_row full_width=&#8220;stretch_row_content_no_spaces&#8220;][vc_column][vc_column_text css=&#8220;&#8220;]<img loading=\"lazy\" decoding=\"async\" class=\"aligncenter wp-image-232 size-full\" src=\"https:\/\/cabarplast.com\/wp-content\/uploads\/2024\/03\/footer-4.png\" alt=\"\" width=\"1919\" height=\"50\" srcset=\"https:\/\/cabarplast.com\/wp-content\/uploads\/2024\/03\/footer-4.png 1919w, https:\/\/cabarplast.com\/wp-content\/uploads\/2024\/03\/footer-4-300x8.png 300w, https:\/\/cabarplast.com\/wp-content\/uploads\/2024\/03\/footer-4-1024x27.png 1024w, https:\/\/cabarplast.com\/wp-content\/uploads\/2024\/03\/footer-4-768x20.png 768w, https:\/\/cabarplast.com\/wp-content\/uploads\/2024\/03\/footer-4-1536x40.png 1536w\" sizes=\"auto, (max-width: 1919px) 100vw, 1919px\" \/>[\/vc_column_text][\/vc_column][\/vc_row]<\/p>\n<\/div>","protected":false},"excerpt":{"rendered":"<p>[vc_row full_width=&#8220;stretch_row_content_no_spaces&#8220;][vc_column][vc_column_text][\/vc_column_text][\/vc_column][\/vc_row][vc_row full_width=&#8220;stretch_row_content_no_spaces&#8220;][vc_column css_animation=&#8220;fadeInLeft&#8220; css=&#8220;.vc_custom_1710282701109{margin-top: -50px !important;border-radius: 10px !important;}&#8220; offset=&#8220;vc_hidden-sm vc_hidden-xs&#8220;][vc_column_text css_animation=&#8220;none&#8220; css=&#8220;.vc_custom_1710282681664{padding-right: 10px !important;padding-left: 10px !important;}&#8220;][\/vc_column_text][vc_empty_space height=&#8220;30&#8243;][\/vc_column][\/vc_row][vc_row][vc_column css_animation=&#8220;fadeInLeft&#8220; css=&#8220;.vc_custom_1713004465559{border-radius: 10px !important;}&#8220;][vc_column_text css_animation=&#8220;none&#8220; css=&#8220;.vc_custom_1738939474471{padding-right: 30px !important;padding-left: 30px !important;}&#8220;] \u010cABAR PLAST &#8211; Herstellung von Kunststofftanks [\/vc_column_text][vc_empty_space height=&#8220;30&#8243;][\/vc_column][\/vc_row][vc_row][vc_column css_animation=&#8220;fadeInLeft&#8220; width=&#8220;1\/2&#8243; css=&#8220;.vc_custom_1714470341282{padding-right: 30px !important;padding-left: 30px !important;background-color: #ffffff !important;border-radius: 10px !important;}&#8220;][vc_column_text css_animation=&#8220;none&#8220; css=&#8220;&#8220;]\u010cabar Plast ist ein Familienunternehmen, das sich&hellip;<\/p>\n","protected":false},"author":1,"featured_media":0,"parent":0,"menu_order":0,"comment_status":"closed","ping_status":"closed","template":"","meta":{"footnotes":""},"class_list":["post-3626","page","type-page","status-publish","hentry","description-off"],"_links":{"self":[{"href":"https:\/\/cabarplast.com\/de\/wp-json\/wp\/v2\/pages\/3626","targetHints":{"allow":["GET"]}}],"collection":[{"href":"https:\/\/cabarplast.com\/de\/wp-json\/wp\/v2\/pages"}],"about":[{"href":"https:\/\/cabarplast.com\/de\/wp-json\/wp\/v2\/types\/page"}],"author":[{"embeddable":true,"href":"https:\/\/cabarplast.com\/de\/wp-json\/wp\/v2\/users\/1"}],"replies":[{"embeddable":true,"href":"https:\/\/cabarplast.com\/de\/wp-json\/wp\/v2\/comments?post=3626"}],"version-history":[{"count":6,"href":"https:\/\/cabarplast.com\/de\/wp-json\/wp\/v2\/pages\/3626\/revisions"}],"predecessor-version":[{"id":3633,"href":"https:\/\/cabarplast.com\/de\/wp-json\/wp\/v2\/pages\/3626\/revisions\/3633"}],"wp:attachment":[{"href":"https:\/\/cabarplast.com\/de\/wp-json\/wp\/v2\/media?parent=3626"}],"curies":[{"name":"wp","href":"https:\/\/api.w.org\/{rel}","templated":true}]}}