{"id":3603,"date":"2024-03-04T20:53:56","date_gmt":"2024-03-04T20:53:56","guid":{"rendered":"https:\/\/cabarplast.com\/cisterne\/"},"modified":"2025-02-07T14:38:12","modified_gmt":"2025-02-07T14:38:12","slug":"kunststoff-tanks","status":"publish","type":"page","link":"https:\/\/cabarplast.com\/de\/kunststoff-tanks\/","title":{"rendered":"Tanks"},"content":{"rendered":"<div class=\"wpb-content-wrapper\"><p>[vc_row][vc_column css=&#8220;.vc_custom_1710099881337{padding-right: 30px !important;padding-left: 30px !important;}&#8220;][vc_column_text css=&#8220;&#8220;]<\/p>\n<h1>Kunststoff Tanks<\/h1>\n<p>Kunststofftanks sind f\u00fcr die Lagerung und den Transport von Fl\u00fcssigkeiten konzipiert. Sie werden aus hochwertigen Kunststoffen wie Polyethylen hoher Dichte (HDPE) und Polypropylen (PP) hergestellt, die ihnen Haltbarkeit, Flexibilit\u00e4t und chemische Best\u00e4ndigkeit verleihen.<\/p>\n<p><strong>Hier ist, warum sie unerl\u00e4sslich sind:<\/strong>[\/vc_column_text][vc_empty_space height=&#8220;50&#8243;][\/vc_column][\/vc_row][vc_row][vc_column][vc_row_inner][vc_column_inner width=&#8220;2\/3&#8243; css=&#8220;.vc_custom_1710101124194{border-left-width: 1px !important;padding-right: 30px !important;padding-left: 30px !important;border-left-color: #0e415f !important;border-left-style: solid !important;}&#8220;][vc_column_text css=&#8220;&#8220;]<\/p>\n<p style=\"font-size: 25px;\">Wassertanks<\/p>\n<p>&nbsp;<\/p>\n<p>Wassertanks gibt es in verschiedenen Gr\u00f6\u00dfen, von 1.000L bis 200.000L, und bieten L\u00f6sungen f\u00fcr die Wasserspeicherung in Haushalten, Landwirtschaft, Industrie und Notf\u00e4llen. Diese Tanks sind entscheidend f\u00fcr die Lagerung von Trinkwasser, Bew\u00e4sserung und als Reserve bei D\u00fcrre oder Versorgungsunterbrechungen.<br \/>\n[\/vc_column_text][vc_empty_space height=&#8220;20&#8243;]<a href=\"https:\/\/cabarplast.com\/de\/kunststoff-tanks\/wassertanks\/\" class=\"btn-shortcode dt-btn-m dt-btn default-btn-color default-btn-hover-color default-btn-bg-color default-btn-bg-hover-color\" id=\"dt-btn-1\"><span>Mehr sehen<\/span><\/a>[\/vc_column_inner][vc_column_inner width=&#8220;1\/3&#8243;][vc_column_text css=&#8220;&#8220;]<a href=\"https:\/\/cabarplast.com\/de\/kunststoff-tanks\/wassertanks\/\"><img loading=\"lazy\" decoding=\"async\" class=\"aligncenter wp-image-515 size-medium\" src=\"https:\/\/cabarplast.com\/wp-content\/uploads\/2024\/03\/Cisterne-za-vodu-\u2013-kapacitet-10000L-3-300x300.jpg\" alt=\"\" width=\"300\" height=\"300\" srcset=\"https:\/\/cabarplast.com\/wp-content\/uploads\/2024\/03\/Cisterne-za-vodu-\u2013-kapacitet-10000L-3-300x300.jpg 300w, https:\/\/cabarplast.com\/wp-content\/uploads\/2024\/03\/Cisterne-za-vodu-\u2013-kapacitet-10000L-3-1024x1024.jpg 1024w, https:\/\/cabarplast.com\/wp-content\/uploads\/2024\/03\/Cisterne-za-vodu-\u2013-kapacitet-10000L-3-150x150.jpg 150w, https:\/\/cabarplast.com\/wp-content\/uploads\/2024\/03\/Cisterne-za-vodu-\u2013-kapacitet-10000L-3-768x768.jpg 768w, https:\/\/cabarplast.com\/wp-content\/uploads\/2024\/03\/Cisterne-za-vodu-\u2013-kapacitet-10000L-3.jpg 1080w\" sizes=\"auto, (max-width: 300px) 100vw, 300px\" \/><\/a>[\/vc_column_text][\/vc_column_inner][\/vc_row_inner][vc_empty_space height=&#8220;30&#8243;][vc_row_inner][vc_column_inner width=&#8220;1\/3&#8243;][vc_column_text]<a href=\"https:\/\/cabarplast.com\/de\/oel-und-kraftstofftanks\/\"><img loading=\"lazy\" decoding=\"async\" class=\"aligncenter wp-image-331 size-medium\" src=\"https:\/\/cabarplast.com\/wp-content\/uploads\/2024\/03\/Cisterne-za-naftu-i-gorivo-1-300x300.jpg\" alt=\"Cisterne za naftu i gorivo\" width=\"300\" height=\"300\" srcset=\"https:\/\/cabarplast.com\/wp-content\/uploads\/2024\/03\/Cisterne-za-naftu-i-gorivo-1-300x300.jpg 300w, https:\/\/cabarplast.com\/wp-content\/uploads\/2024\/03\/Cisterne-za-naftu-i-gorivo-1-150x150.jpg 150w, https:\/\/cabarplast.com\/wp-content\/uploads\/2024\/03\/Cisterne-za-naftu-i-gorivo-1-768x768.jpg 768w, https:\/\/cabarplast.com\/wp-content\/uploads\/2024\/03\/Cisterne-za-naftu-i-gorivo-1.jpg 900w\" sizes=\"auto, (max-width: 300px) 100vw, 300px\" \/><\/a><\/p>\n<p>[\/vc_column_text][\/vc_column_inner][vc_column_inner width=&#8220;2\/3&#8243; css=&#8220;.vc_custom_1710101146731{border-left-width: 1px !important;padding-right: 30px !important;padding-left: 30px !important;border-left-color: #0e415f !important;border-left-style: solid !important;}&#8220;][vc_column_text css=&#8220;&#8220;]<\/p>\n<p style=\"font-size: 25px;\">\u00d6l- und Kraftstofftanks<\/p>\n<p>&nbsp;<\/p>\n<p>\u00d6l- und Kraftstofftanks sind auf die sichere Lagerung und den Transport von Erd\u00f6lprodukten spezialisiert. Die chemische Best\u00e4ndigkeit von Kunststoff macht sie ideal f\u00fcr diesen Zweck und verhindert Leckagen und Kontamination.[\/vc_column_text][vc_empty_space height=&#8220;20&#8243;]<a href=\"https:\/\/cabarplast.com\/de\/oel-und-kraftstofftanks\/\" class=\"btn-shortcode dt-btn-m dt-btn default-btn-color default-btn-hover-color default-btn-bg-color default-btn-bg-hover-color\" id=\"dt-btn-2\"><span>Mehr sehen<\/span><\/a>[\/vc_column_inner][\/vc_row_inner][vc_empty_space height=&#8220;30&#8243;][vc_row_inner][vc_column_inner width=&#8220;2\/3&#8243; css=&#8220;.vc_custom_1710101124194{border-left-width: 1px !important;padding-right: 30px !important;padding-left: 30px !important;border-left-color: #0e415f !important;border-left-style: solid !important;}&#8220;][vc_column_text css=&#8220;&#8220;]<\/p>\n<p style=\"font-size: 25px;\">Traktortanks<\/p>\n<p>&nbsp;<\/p>\n<p>Traktortanks sind f\u00fcr die einfache Befestigung an Traktoren angepasst, was einen effizienten Transport von Wasser oder anderen Fl\u00fcssigkeiten \u00fcber landwirtschaftliche Fl\u00e4chen und schwieriges Gel\u00e4nde erm\u00f6glicht.<br \/>\n[\/vc_column_text][vc_empty_space height=&#8220;20&#8243;]<a href=\"https:\/\/cabarplast.com\/de\/kunststofftanks-fuer-traktoren\/\" class=\"btn-shortcode dt-btn-m dt-btn default-btn-color default-btn-hover-color default-btn-bg-color default-btn-bg-hover-color\" id=\"dt-btn-3\"><span>Mehr sehen<\/span><\/a>[\/vc_column_inner][vc_column_inner width=&#8220;1\/3&#8243;][vc_column_text]<a href=\"https:\/\/cabarplast.com\/de\/kunststofftanks-fuer-traktoren\/\"><img loading=\"lazy\" decoding=\"async\" class=\"wp-image-345 size-medium aligncenter\" src=\"https:\/\/cabarplast.com\/wp-content\/uploads\/2024\/03\/Traktorske-cisterne-1-300x300.jpg\" alt=\"\" width=\"300\" height=\"300\" srcset=\"https:\/\/cabarplast.com\/wp-content\/uploads\/2024\/03\/Traktorske-cisterne-1-300x300.jpg 300w, https:\/\/cabarplast.com\/wp-content\/uploads\/2024\/03\/Traktorske-cisterne-1-1024x1024.jpg 1024w, https:\/\/cabarplast.com\/wp-content\/uploads\/2024\/03\/Traktorske-cisterne-1-150x150.jpg 150w, https:\/\/cabarplast.com\/wp-content\/uploads\/2024\/03\/Traktorske-cisterne-1-768x768.jpg 768w, https:\/\/cabarplast.com\/wp-content\/uploads\/2024\/03\/Traktorske-cisterne-1.jpg 1080w\" sizes=\"auto, (max-width: 300px) 100vw, 300px\" \/><\/a>[\/vc_column_text][\/vc_column_inner][\/vc_row_inner][vc_empty_space height=&#8220;30&#8243;][vc_row_inner][vc_column_inner width=&#8220;1\/3&#8243;][vc_column_text css=&#8220;&#8220;]<a href=\"https:\/\/cabarplast.com\/de\/kunststoffsilos\/\"><img loading=\"lazy\" decoding=\"async\" class=\"wp-image-1063 size-medium aligncenter\" src=\"https:\/\/cabarplast.com\/wp-content\/uploads\/2024\/04\/Plasticni-silosi-1-300x300.jpg\" alt=\"\" width=\"300\" height=\"300\" srcset=\"https:\/\/cabarplast.com\/wp-content\/uploads\/2024\/04\/Plasticni-silosi-1-300x300.jpg 300w, https:\/\/cabarplast.com\/wp-content\/uploads\/2024\/04\/Plasticni-silosi-1-1024x1024.jpg 1024w, https:\/\/cabarplast.com\/wp-content\/uploads\/2024\/04\/Plasticni-silosi-1-150x150.jpg 150w, https:\/\/cabarplast.com\/wp-content\/uploads\/2024\/04\/Plasticni-silosi-1-768x768.jpg 768w, https:\/\/cabarplast.com\/wp-content\/uploads\/2024\/04\/Plasticni-silosi-1.jpg 1080w\" sizes=\"auto, (max-width: 300px) 100vw, 300px\" \/><\/a>[\/vc_column_text][\/vc_column_inner][vc_column_inner width=&#8220;2\/3&#8243; css=&#8220;.vc_custom_1710101146731{border-left-width: 1px !important;padding-right: 30px !important;padding-left: 30px !important;border-left-color: #0e415f !important;border-left-style: solid !important;}&#8220;][vc_column_text css=&#8220;&#8220;]<\/p>\n<p style=\"font-size: 25px;\">Kunststoffsilos<\/p>\n<p>&nbsp;<\/p>\n<p>Kunststoffsilos stellen eine innovative L\u00f6sung f\u00fcr die Getreidelagerung dar, bieten Schutz vor Feuchtigkeit und Sch\u00e4dlingen und erhalten gleichzeitig die Qualit\u00e4t der gelagerten Lebensmittel.<br \/>\n[\/vc_column_text][vc_empty_space height=&#8220;20&#8243;]<a href=\"https:\/\/cabarplast.com\/de\/kunststoffsilos\/\" class=\"btn-shortcode dt-btn-m dt-btn default-btn-color default-btn-hover-color default-btn-bg-color default-btn-bg-hover-color\" id=\"dt-btn-4\"><span>Mehr sehen<\/span><\/a>[\/vc_column_inner][\/vc_row_inner][vc_empty_space height=&#8220;30&#8243;][vc_row_inner][vc_column_inner width=&#8220;2\/3&#8243; css=&#8220;.vc_custom_1710101124194{border-left-width: 1px !important;padding-right: 30px !important;padding-left: 30px !important;border-left-color: #0e415f !important;border-left-style: solid !important;}&#8220;][vc_column_text css=&#8220;&#8220;]<\/p>\n<p style=\"font-size: 25px;\">Spezialtanks<\/p>\n<p>&nbsp;<\/p>\n<p>Spezialtanks f\u00fcr die Lagerung von chemischen Substanzen wie Salz- und Schwefels\u00e4ure sind so konzipiert, dass sie den korrosiven Wirkungen dieser Substanzen standhalten und das Risiko von Leckagen und Kontamination verhindern.<br \/>\n[\/vc_column_text][vc_empty_space height=&#8220;20&#8243;]<a href=\"https:\/\/cabarplast.com\/de\/salzsaeure-lagertanks\/\" class=\"btn-shortcode dt-btn-m dt-btn default-btn-color default-btn-hover-color default-btn-bg-color default-btn-bg-hover-color\" id=\"dt-btn-5\"><span>Mehr sehen<\/span><\/a>[\/vc_column_inner][vc_column_inner width=&#8220;1\/3&#8243;][vc_column_text]<a href=\"https:\/\/cabarplast.com\/de\/salzsaeure-lagertanks\/\"><img loading=\"lazy\" decoding=\"async\" class=\"aligncenter wp-image-314 size-medium\" src=\"https:\/\/cabarplast.com\/wp-content\/uploads\/2024\/03\/Cisterne-za-hlorovodonicnu-kiselinu-1-300x300.jpg\" alt=\"\" width=\"300\" height=\"300\" srcset=\"https:\/\/cabarplast.com\/wp-content\/uploads\/2024\/03\/Cisterne-za-hlorovodonicnu-kiselinu-1-300x300.jpg 300w, https:\/\/cabarplast.com\/wp-content\/uploads\/2024\/03\/Cisterne-za-hlorovodonicnu-kiselinu-1-150x150.jpg 150w, https:\/\/cabarplast.com\/wp-content\/uploads\/2024\/03\/Cisterne-za-hlorovodonicnu-kiselinu-1-768x768.jpg 768w, https:\/\/cabarplast.com\/wp-content\/uploads\/2024\/03\/Cisterne-za-hlorovodonicnu-kiselinu-1.jpg 900w\" sizes=\"auto, (max-width: 300px) 100vw, 300px\" \/><\/a><\/p>\n<p>[\/vc_column_text][\/vc_column_inner][\/vc_row_inner][vc_empty_space height=&#8220;30&#8243;][vc_row_inner][vc_column_inner width=&#8220;1\/3&#8243;][vc_column_text]<a href=\"https:\/\/cabarplast.com\/de\/tanks-fuer-entionisiertes-wasser\/\"><img loading=\"lazy\" decoding=\"async\" class=\"wp-image-340 size-medium aligncenter\" src=\"https:\/\/cabarplast.com\/wp-content\/uploads\/2024\/03\/Cisterne-za-demi-vodu-1-300x300.jpg\" alt=\"\" width=\"300\" height=\"300\" srcset=\"https:\/\/cabarplast.com\/wp-content\/uploads\/2024\/03\/Cisterne-za-demi-vodu-1-300x300.jpg 300w, https:\/\/cabarplast.com\/wp-content\/uploads\/2024\/03\/Cisterne-za-demi-vodu-1-1024x1024.jpg 1024w, https:\/\/cabarplast.com\/wp-content\/uploads\/2024\/03\/Cisterne-za-demi-vodu-1-150x150.jpg 150w, https:\/\/cabarplast.com\/wp-content\/uploads\/2024\/03\/Cisterne-za-demi-vodu-1-768x768.jpg 768w, https:\/\/cabarplast.com\/wp-content\/uploads\/2024\/03\/Cisterne-za-demi-vodu-1.jpg 1080w\" sizes=\"auto, (max-width: 300px) 100vw, 300px\" \/><\/a>[\/vc_column_text][\/vc_column_inner][vc_column_inner width=&#8220;2\/3&#8243; css=&#8220;.vc_custom_1710101146731{border-left-width: 1px !important;padding-right: 30px !important;padding-left: 30px !important;border-left-color: #0e415f !important;border-left-style: solid !important;}&#8220;][vc_column_text css=&#8220;&#8220;]<\/p>\n<p style=\"font-size: 25px;\">Entionisierte Wassertanks<\/p>\n<p>&nbsp;<\/p>\n<p>Entionisierte Wassertanks werden in industriellen Prozessen eingesetzt, bei denen hochreines Wasser ben\u00f6tigt wird, beispielsweise in der pharmazeutischen Industrie, in Labors und in Kraftwerken.<br \/>\n[\/vc_column_text][vc_empty_space height=&#8220;20&#8243;]<a href=\"https:\/\/cabarplast.com\/de\/tanks-fuer-entionisiertes-wasser\/\" class=\"btn-shortcode dt-btn-m dt-btn default-btn-color default-btn-hover-color default-btn-bg-color default-btn-bg-hover-color\" id=\"dt-btn-6\"><span>Mehr sehen<\/span><\/a>[\/vc_column_inner][\/vc_row_inner][vc_empty_space][\/vc_column][\/vc_row][vc_row][vc_column][vc_column_text css=&#8220;.vc_custom_1738939093800{padding-top: 30px !important;padding-right: 30px !important;padding-bottom: 30px !important;padding-left: 30px !important;background-color: #0e415f !important;border-radius: 15px !important;}&#8220;]<span style=\"color: #ffffff;\">Kunststofftanks sind aufgrund ihrer Vielseitigkeit, Kosteneffizienz und Umweltvorteile unerl\u00e4sslich. Sie sind korrosionsbest\u00e4ndig, leicht zu warten und recycelbar, was sie zu einer ausgezeichneten Wahl f\u00fcr verschiedene Lagerungs- und Transportbed\u00fcrfnisse macht.<\/span>[\/vc_column_text][vc_empty_space][\/vc_column][\/vc_row][vc_row full_width=&#8220;stretch_row_content_no_spaces&#8220;][vc_column][vc_column_text]<img loading=\"lazy\" decoding=\"async\" class=\"aligncenter wp-image-232 size-full\" src=\"https:\/\/cabarplast.com\/wp-content\/uploads\/2024\/03\/footer-4.png\" alt=\"\" width=\"1919\" height=\"50\" srcset=\"https:\/\/cabarplast.com\/wp-content\/uploads\/2024\/03\/footer-4.png 1919w, https:\/\/cabarplast.com\/wp-content\/uploads\/2024\/03\/footer-4-300x8.png 300w, https:\/\/cabarplast.com\/wp-content\/uploads\/2024\/03\/footer-4-1024x27.png 1024w, https:\/\/cabarplast.com\/wp-content\/uploads\/2024\/03\/footer-4-768x20.png 768w, https:\/\/cabarplast.com\/wp-content\/uploads\/2024\/03\/footer-4-1536x40.png 1536w\" sizes=\"auto, (max-width: 1919px) 100vw, 1919px\" \/>[\/vc_column_text][\/vc_column][\/vc_row]<\/p>\n<\/div>","protected":false},"excerpt":{"rendered":"<p>[vc_row][vc_column css=&#8220;.vc_custom_1710099881337{padding-right: 30px !important;padding-left: 30px !important;}&#8220;][vc_column_text css=&#8220;&#8220;] Kunststoff Tanks Kunststofftanks sind f\u00fcr die Lagerung und den Transport von Fl\u00fcssigkeiten konzipiert. Sie werden aus hochwertigen Kunststoffen wie Polyethylen hoher Dichte (HDPE) und Polypropylen (PP) hergestellt, die ihnen Haltbarkeit, Flexibilit\u00e4t und chemische Best\u00e4ndigkeit verleihen. Hier ist, warum sie unerl\u00e4sslich sind:[\/vc_column_text][vc_empty_space height=&#8220;50&#8243;][\/vc_column][\/vc_row][vc_row][vc_column][vc_row_inner][vc_column_inner width=&#8220;2\/3&#8243; css=&#8220;.vc_custom_1710101124194{border-left-width: 1px !important;padding-right: 30px !important;padding-left:&hellip;<\/p>\n","protected":false},"author":1,"featured_media":0,"parent":0,"menu_order":0,"comment_status":"closed","ping_status":"closed","template":"","meta":{"footnotes":""},"class_list":["post-3603","page","type-page","status-publish","hentry","description-off"],"_links":{"self":[{"href":"https:\/\/cabarplast.com\/de\/wp-json\/wp\/v2\/pages\/3603","targetHints":{"allow":["GET"]}}],"collection":[{"href":"https:\/\/cabarplast.com\/de\/wp-json\/wp\/v2\/pages"}],"about":[{"href":"https:\/\/cabarplast.com\/de\/wp-json\/wp\/v2\/types\/page"}],"author":[{"embeddable":true,"href":"https:\/\/cabarplast.com\/de\/wp-json\/wp\/v2\/users\/1"}],"replies":[{"embeddable":true,"href":"https:\/\/cabarplast.com\/de\/wp-json\/wp\/v2\/comments?post=3603"}],"version-history":[{"count":5,"href":"https:\/\/cabarplast.com\/de\/wp-json\/wp\/v2\/pages\/3603\/revisions"}],"predecessor-version":[{"id":3620,"href":"https:\/\/cabarplast.com\/de\/wp-json\/wp\/v2\/pages\/3603\/revisions\/3620"}],"wp:attachment":[{"href":"https:\/\/cabarplast.com\/de\/wp-json\/wp\/v2\/media?parent=3603"}],"curies":[{"name":"wp","href":"https:\/\/api.w.org\/{rel}","templated":true}]}}