{"id":3487,"date":"2024-03-04T21:00:27","date_gmt":"2024-03-04T21:00:27","guid":{"rendered":"https:\/\/cabarplast.com\/traktorske-cisterne\/"},"modified":"2025-02-05T16:05:49","modified_gmt":"2025-02-05T16:05:49","slug":"kunststofftanks-fuer-traktoren","status":"publish","type":"page","link":"https:\/\/cabarplast.com\/de\/kunststofftanks-fuer-traktoren\/","title":{"rendered":"Kunststofftanks f\u00fcr Traktoren"},"content":{"rendered":"<div class=\"wpb-content-wrapper\"><p>[vc_row][vc_column width=&#8220;1\/2&#8243;]<style type=\"text\/css\" data-type=\"the7_shortcodes-inline-css\">.gallery-carousel-shortcode.gallery-carousel-shortcode-id-412aaaed1dc249b222ea0603dc029477 .owl-nav a {\n  width: 30px;\n  height: 30px;\n  border-radius: 500px;\n}\n.dt-arrow-border-on.gallery-carousel-shortcode.gallery-carousel-shortcode-id-412aaaed1dc249b222ea0603dc029477 .owl-nav a:not(:hover):before {\n  border-width: 0px;\n}\n.dt-arrow-hover-border-on.gallery-carousel-shortcode.gallery-carousel-shortcode-id-412aaaed1dc249b222ea0603dc029477 .owl-nav a:hover:after {\n  border-width: 0px;\n}\n.gallery-carousel-shortcode.gallery-carousel-shortcode-id-412aaaed1dc249b222ea0603dc029477 .owl-nav a.owl-prev {\n  top: calc(100% + 0px);\n  left: -43px;\n}\n.gallery-carousel-shortcode.gallery-carousel-shortcode-id-412aaaed1dc249b222ea0603dc029477 .owl-nav a.owl-prev i {\n  padding: 0px 5px 0px 5px;\n}\n.gallery-carousel-shortcode.gallery-carousel-shortcode-id-412aaaed1dc249b222ea0603dc029477 .owl-nav a.owl-next {\n  top: calc(100% + 0px);\n  right: -43px;\n}\n.gallery-carousel-shortcode.gallery-carousel-shortcode-id-412aaaed1dc249b222ea0603dc029477 .owl-nav a.owl-next i {\n  padding: 0px 5px 0px 5px;\n}\n.gallery-carousel-shortcode.gallery-carousel-shortcode-id-412aaaed1dc249b222ea0603dc029477 .owl-nav i {\n  font-size: 15px;\n}\n.gallery-carousel-shortcode.gallery-carousel-shortcode-id-412aaaed1dc249b222ea0603dc029477 .owl-nav a:not(:hover) i,\n.gallery-carousel-shortcode.gallery-carousel-shortcode-id-412aaaed1dc249b222ea0603dc029477 .owl-nav a:not(:hover) i:before {\n  color: #ffffff;\n  background: none;\n}\n.gallery-carousel-shortcode.gallery-carousel-shortcode-id-412aaaed1dc249b222ea0603dc029477 .owl-nav a:hover i,\n.gallery-carousel-shortcode.gallery-carousel-shortcode-id-412aaaed1dc249b222ea0603dc029477 .owl-nav a:hover i:before {\n  color: rgba(255,255,255,0.75);\n  background: none;\n}\n.gallery-carousel-shortcode.gallery-carousel-shortcode-id-412aaaed1dc249b222ea0603dc029477 .owl-dots {\n  top: calc(100% + 20px);\n  left: 50%;\n  transform: translateX(calc(-50% + 0px));\n}\n@media all and (-ms-high-contrast: none) {\n  .gallery-carousel-shortcode.gallery-carousel-shortcode-id-412aaaed1dc249b222ea0603dc029477 .owl-dots {\n    transform: translateX(-50%);\n    margin-left: 0px;\n  }\n}\n.gallery-carousel-shortcode.gallery-carousel-shortcode-id-412aaaed1dc249b222ea0603dc029477 .owl-dot {\n  width: 10px;\n  height: 10px;\n  margin: 0 8px;\n}\n@media screen and (max-width: 778px) {\n  .gallery-carousel-shortcode.gallery-carousel-shortcode-id-412aaaed1dc249b222ea0603dc029477.hide-arrows .owl-nav a {\n    display: none;\n  }\n}\n@media screen and (max-width: 778px) {\n  .gallery-carousel-shortcode.gallery-carousel-shortcode-id-412aaaed1dc249b222ea0603dc029477.reposition-arrows .owl-nav .owl-prev {\n    top: calc(100% + 0px);\n    left: 10px;\n  }\n  .gallery-carousel-shortcode.gallery-carousel-shortcode-id-412aaaed1dc249b222ea0603dc029477.reposition-arrows .owl-nav .owl-next {\n    top: calc(100% + 0px);\n    right: 10px;\n  }\n}\n.gallery-carousel-shortcode.gallery-carousel-shortcode-id-412aaaed1dc249b222ea0603dc029477 figure,\n.gallery-carousel-shortcode.gallery-carousel-shortcode-id-412aaaed1dc249b222ea0603dc029477 .rollover,\n.gallery-carousel-shortcode.gallery-carousel-shortcode-id-412aaaed1dc249b222ea0603dc029477 img,\n.gallery-carousel-shortcode.gallery-carousel-shortcode-id-412aaaed1dc249b222ea0603dc029477 .gallery-rollover {\n  border-radius: 0px;\n}\n.gallery-carousel-shortcode.gallery-carousel-shortcode-id-412aaaed1dc249b222ea0603dc029477.enable-bg-rollover .gallery-rollover {\n  background: -webkit-linear-gradient();\n  background: linear-gradient();\n}\n.gallery-carousel-shortcode.gallery-carousel-shortcode-id-412aaaed1dc249b222ea0603dc029477.enable-img-shadow .owl-stage-outer {\n  padding: 14px 0;\n}\n.gallery-carousel-shortcode.gallery-carousel-shortcode-id-412aaaed1dc249b222ea0603dc029477.enable-bg-rollover.hover-scale figure .rollover:after {\n  background: -webkit-linear-gradient();\n  background: linear-gradient();\n}\n.gallery-carousel-shortcode.gallery-carousel-shortcode-id-412aaaed1dc249b222ea0603dc029477.gallery-shortcode .gallery-zoom-ico {\n  width: 44px;\n  height: 44px;\n  line-height: 44px;\n  border-radius: 100px;\n  margin: -22px 0 0 -22px;\n  border-width: 0px;\n}\n.dt-icon-bg-on.gallery-carousel-shortcode.gallery-carousel-shortcode-id-412aaaed1dc249b222ea0603dc029477.gallery-shortcode .gallery-zoom-ico {\n  background: rgba(255,255,255,0.3);\n  box-shadow: none;\n}\n.gallery-carousel-shortcode.gallery-carousel-shortcode-id-412aaaed1dc249b222ea0603dc029477.gallery-shortcode .gallery-zoom-ico:before,\n.gallery-carousel-shortcode.gallery-carousel-shortcode-id-412aaaed1dc249b222ea0603dc029477.gallery-shortcode .gallery-zoom-ico span {\n  font-size: 32px;\n  line-height: 44px;\n  color: #ffffff;\n  background: none;\n}\n<\/style><div class=\"owl-carousel gallery-carousel-shortcode gallery-shortcode  dt-gallery-container dt-owl-carousel-call gallery-carousel-shortcode-id-412aaaed1dc249b222ea0603dc029477 quick-scale-img enable-bg-rollover meta-info-off dt-arrow-border-on dt-arrow-hover-border-on bullets-small-dot-stroke reposition-arrows dt-icon-bg-off arrows-bg-on disable-arrows-hover-bg arrows-hover-bg-on  vc_custom_1713176348598 hover-fade \" data-scroll-mode=\"1\" data-col-num=\"1\" data-wide-col-num=\"1\" data-laptop-col=\"1\" data-h-tablet-columns-num=\"1\" data-v-tablet-columns-num=\"1\" data-phone-columns-num=\"1\" data-col-gap=\"10\" data-stage-padding=\"0\" data-speed=\"600\" data-autoplay=\"false\" data-autoplay_speed=\"6000\" data-arrows=\"true\" data-bullet=\"false\" data-next-icon=\"icon-ar-017-r\" data-prev-icon=\"icon-ar-017-l\" data-img-shadow-size=\"12px\" data-img-shadow-spread=\"3px\"><div data-post-id=\"3496\" data-date=\"2024-03-09T22:11:46+00:00\" data-name=\"Traktorske cisterne (1)\"><figure class=\"post\"><a href=\"https:\/\/cabarplast.com\/wp-content\/uploads\/2024\/03\/Traktorske-cisterne-1.jpg\" class=\"rollover dt-pswp-item layzr-bg\" data-large_image_width=\"1080\" data-large_image_height=\"1080\" data-dt-img-description=\"\" title=\"Traktorske cisterne (1)\"><img fetchpriority=\"high\" decoding=\"async\" class=\"preload-me owl-lazy-load aspect\" src=\"data:image\/svg+xml,%3Csvg%20xmlns%3D&#39;http%3A%2F%2Fwww.w3.org%2F2000%2Fsvg&#39;%20viewBox%3D&#39;0%200%201080%201080&#39;%2F%3E\" data-src=\"https:\/\/cabarplast.com\/wp-content\/uploads\/2024\/03\/Traktorske-cisterne-1.jpg\" data-srcset=\"https:\/\/cabarplast.com\/wp-content\/uploads\/2024\/03\/Traktorske-cisterne-1.jpg 1080w\" loading=\"eager\" style=\"--ratio: 1080 \/ 1080\" sizes=\"(max-width: 1080px) 100vw, 1080px\" alt=\"\" width=\"1080\" height=\"1080\"  \/><span class=\"gallery-rollover\"><span class=\"gallery-zoom-ico icomoon-the7-font-the7-zoom-06\"><span><\/span><\/span><\/span><\/a><\/figure><\/div><div data-post-id=\"3497\" data-date=\"2024-03-09T22:11:47+00:00\" data-name=\"Traktorske cisterne (2)\"><figure class=\"post\"><a href=\"https:\/\/cabarplast.com\/wp-content\/uploads\/2024\/03\/Traktorske-cisterne-2.jpg\" class=\"rollover dt-pswp-item layzr-bg\" data-large_image_width=\"1080\" data-large_image_height=\"1080\" data-dt-img-description=\"\" title=\"Traktorske cisterne (2)\"><img decoding=\"async\" class=\"preload-me owl-lazy-load aspect\" src=\"data:image\/svg+xml,%3Csvg%20xmlns%3D&#39;http%3A%2F%2Fwww.w3.org%2F2000%2Fsvg&#39;%20viewBox%3D&#39;0%200%201080%201080&#39;%2F%3E\" data-src=\"https:\/\/cabarplast.com\/wp-content\/uploads\/2024\/03\/Traktorske-cisterne-2.jpg\" data-srcset=\"https:\/\/cabarplast.com\/wp-content\/uploads\/2024\/03\/Traktorske-cisterne-2.jpg 1080w\" loading=\"eager\" style=\"--ratio: 1080 \/ 1080\" sizes=\"(max-width: 1080px) 100vw, 1080px\" alt=\"\" width=\"1080\" height=\"1080\"  \/><span class=\"gallery-rollover\"><span class=\"gallery-zoom-ico icomoon-the7-font-the7-zoom-06\"><span><\/span><\/span><\/span><\/a><\/figure><\/div><div data-post-id=\"3498\" data-date=\"2024-03-09T22:11:48+00:00\" data-name=\"Traktorske cisterne (3)\"><figure class=\"post\"><a href=\"https:\/\/cabarplast.com\/wp-content\/uploads\/2024\/03\/Traktorske-cisterne-3.jpg\" class=\"rollover dt-pswp-item layzr-bg\" data-large_image_width=\"1080\" data-large_image_height=\"1080\" data-dt-img-description=\"\" title=\"Traktorske cisterne (3)\"><img decoding=\"async\" class=\"preload-me owl-lazy-load aspect\" src=\"data:image\/svg+xml,%3Csvg%20xmlns%3D&#39;http%3A%2F%2Fwww.w3.org%2F2000%2Fsvg&#39;%20viewBox%3D&#39;0%200%201080%201080&#39;%2F%3E\" data-src=\"https:\/\/cabarplast.com\/wp-content\/uploads\/2024\/03\/Traktorske-cisterne-3.jpg\" data-srcset=\"https:\/\/cabarplast.com\/wp-content\/uploads\/2024\/03\/Traktorske-cisterne-3.jpg 1080w\" loading=\"eager\" style=\"--ratio: 1080 \/ 1080\" sizes=\"(max-width: 1080px) 100vw, 1080px\" alt=\"\" width=\"1080\" height=\"1080\"  \/><span class=\"gallery-rollover\"><span class=\"gallery-zoom-ico icomoon-the7-font-the7-zoom-06\"><span><\/span><\/span><\/span><\/a><\/figure><\/div><div data-post-id=\"3499\" data-date=\"2024-03-09T22:11:49+00:00\" data-name=\"Traktorske cisterne (4)\"><figure class=\"post\"><a href=\"https:\/\/cabarplast.com\/wp-content\/uploads\/2024\/03\/Traktorske-cisterne-4.jpg\" class=\"rollover dt-pswp-item layzr-bg\" data-large_image_width=\"1080\" data-large_image_height=\"1080\" data-dt-img-description=\"\" title=\"Traktorske cisterne (4)\"><img decoding=\"async\" class=\"preload-me owl-lazy-load aspect\" src=\"data:image\/svg+xml,%3Csvg%20xmlns%3D&#39;http%3A%2F%2Fwww.w3.org%2F2000%2Fsvg&#39;%20viewBox%3D&#39;0%200%201080%201080&#39;%2F%3E\" data-src=\"https:\/\/cabarplast.com\/wp-content\/uploads\/2024\/03\/Traktorske-cisterne-4.jpg\" data-srcset=\"https:\/\/cabarplast.com\/wp-content\/uploads\/2024\/03\/Traktorske-cisterne-4.jpg 1080w\" loading=\"eager\" style=\"--ratio: 1080 \/ 1080\" sizes=\"(max-width: 1080px) 100vw, 1080px\" alt=\"\" width=\"1080\" height=\"1080\"  \/><span class=\"gallery-rollover\"><span class=\"gallery-zoom-ico icomoon-the7-font-the7-zoom-06\"><span><\/span><\/span><\/span><\/a><\/figure><\/div><\/div>[\/vc_column][vc_column width=&#8220;1\/2&#8243; css=&#8220;.vc_custom_1709647368309{border-left-width: 1px !important;padding-right: 30px !important;padding-left: 30px !important;border-left-color: #0e415f !important;border-left-style: solid !important;}&#8220;][vc_column_text css=&#8220;&#8220;]<\/p>\n<h1>Kunststofftanks f\u00fcr Traktoren<\/h1>\n<p>&nbsp;<\/p>\n<p>Kunststofftanks f\u00fcr Traktoren spielen eine entscheidende Rolle in der Landwirtschaft und bieten L\u00f6sungen f\u00fcr Bew\u00e4sserung, Fl\u00fcssigkeitstransport und viele andere Aufgaben.<\/p>\n<p>Mit verschiedenen Kapazit\u00e4ten von 250 Litern bis zu unglaublichen 50.000 Litern passen sich diese Tanks an die Bed\u00fcrfnisse jedes landwirtschaftlichen Betriebs, jedes landwirtschaftlichen Haushalts und jedes Agrarunternehmens an.<br \/>\n[\/vc_column_text][vc_empty_space height=&#8220;20&#8243;]<a href=\"https:\/\/cabarplast.com\/de\/kontaktinformationen-cabar-plast\/\" class=\"btn-shortcode dt-btn-m dt-btn default-btn-color default-btn-hover-color default-btn-bg-color default-btn-bg-hover-color\" id=\"dt-btn-1\"><span>Kontaktieren Sie uns<\/span><\/a>[\/vc_column][\/vc_row][vc_row][vc_column][vc_empty_space height=&#8220;50&#8243;][\/vc_column][\/vc_row][vc_row full_width=&#8220;stretch_row_content_no_spaces&#8220;][vc_column][vc_column_text]<img loading=\"lazy\" decoding=\"async\" class=\"aligncenter wp-image-232 size-full\" src=\"https:\/\/cabarplast.com\/wp-content\/uploads\/2024\/03\/footer-4.png\" alt=\"\" width=\"1919\" height=\"50\" srcset=\"https:\/\/cabarplast.com\/wp-content\/uploads\/2024\/03\/footer-4.png 1919w, https:\/\/cabarplast.com\/wp-content\/uploads\/2024\/03\/footer-4-300x8.png 300w, https:\/\/cabarplast.com\/wp-content\/uploads\/2024\/03\/footer-4-1024x27.png 1024w, https:\/\/cabarplast.com\/wp-content\/uploads\/2024\/03\/footer-4-768x20.png 768w, https:\/\/cabarplast.com\/wp-content\/uploads\/2024\/03\/footer-4-1536x40.png 1536w\" sizes=\"auto, (max-width: 1919px) 100vw, 1919px\" \/>[\/vc_column_text][\/vc_column][\/vc_row][vc_row full_width=&#8220;stretch_row&#8220; css=&#8220;.vc_custom_1709643894007{background-color: #0e415f !important;}&#8220;][vc_column][vc_column_text css=&#8220;.vc_custom_1738769637266{padding-right: 30px !important;padding-left: 30px !important;}&#8220;]<\/p>\n<h2><span style=\"color: #fcb426;\">Vorteile von Kunststofftanks f\u00fcr Traktoren<br \/>\n<\/span><\/h2>\n<ul>\n<li><span style=\"color: #fcb426;\">Leichtgewicht und Mobilit\u00e4t<\/span><\/li>\n<\/ul>\n<p><span style=\"color: #ffffff;\">Einer der Hauptvorteile von Kunststofftanks ist ihre relative Leichtigkeit im Vergleich zu Metalltanks. Dies erm\u00f6glicht ein einfacheres Man\u00f6vrieren und Transportieren, was sie ideal f\u00fcr den Einsatz auf gro\u00dfen landwirtschaftlichen Fl\u00e4chen macht. Mobilit\u00e4t ist der Schl\u00fcssel, wenn es um eine effiziente Ressourcenverteilung geht, und Kunststofftanks erleichtern dies mit minimalem Aufwand.<\/span><\/p>\n<ul>\n<li><span style=\"color: #fcb426;\">Haltbarkeit und Korrosionsbest\u00e4ndigkeit<br \/>\n<\/span><\/li>\n<\/ul>\n<p><span style=\"color: #ffffff;\">Kunststofftanks sind au\u00dfergew\u00f6hnlich korrosionsbest\u00e4ndig, was sie in feuchten und chemisch aktiven Umgebungen, die in der Landwirtschaft \u00fcblich sind, haltbarer macht. Im Gegensatz zu Metalltanks, die rosten und sich zersetzen k\u00f6nnen, behalten Kunststofftanks ihre Integrit\u00e4t auch dann bei, wenn sie D\u00fcngemitteln, Pestiziden und verschiedenen Fl\u00fcssigkeiten ausgesetzt sind.<\/span><\/p>\n<ul>\n<li><span style=\"color: #fcb426;\">Anpassungsf\u00e4higkeit und Vielfalt der Kapazit\u00e4ten<\/span><\/li>\n<\/ul>\n<p><span style=\"color: #ffffff;\">Mit Kapazit\u00e4ten von 250 bis 50.000 Litern k\u00f6nnen Kunststofftanks f\u00fcr Traktoren eine breite Palette von landwirtschaftlichen Anforderungen erf\u00fcllen. Von kleinen Betrieben, die eine pr\u00e4zise Bew\u00e4sserung ben\u00f6tigen, bis hin zu gro\u00dfen landwirtschaftlichen Betrieben, die gro\u00dfe Mengen an Wasser oder Fl\u00fcssigd\u00fcnger ben\u00f6tigen, gibt es f\u00fcr jede Situation ein Modell.<br \/>\n<\/span><\/p>\n<ul>\n<li><span style=\"color: #fcb426;\">Einfache Wartung<\/span><\/li>\n<\/ul>\n<p><span style=\"color: #ffffff;\">Kunststofftanks sind relativ einfach zu warten. Sie erfordern kein regelm\u00e4\u00dfiges Streichen oder Behandlungen gegen Korrosion. Die Reinigung ist ebenfalls unkompliziert, was zur Aufrechterhaltung der Hygiene beitr\u00e4gt und eine Kontamination des Inhalts verhindert.<br \/>\n<\/span>[\/vc_column_text][vc_empty_space height=&#8220;50&#8243;][\/vc_column][\/vc_row][vc_row full_width=&#8220;stretch_row&#8220; css=&#8220;.vc_custom_1709644275584{background-color: #efefef !important;}&#8220;][vc_column][vc_column_text css=&#8220;.vc_custom_1738769738227{padding-right: 30px !important;padding-left: 30px !important;}&#8220;]<\/p>\n<h2>Anwendungsm\u00f6glichkeiten von Kunststofftanks und -beh\u00e4ltern in der Landwirtschaft<\/h2>\n<ul>\n<li><strong>Bew\u00e4sserung und Tr\u00e4nkung<\/strong><\/li>\n<\/ul>\n<p>Eine der Hauptanwendungen von Kunststoffbeh\u00e4ltern in der Landwirtschaft ist die Bew\u00e4sserung und Tr\u00e4nkung. Gro\u00dfe Tanks k\u00f6nnen verwendet werden, um erhebliche Wassermengen zu speichern, die erforderlich sind, um die Feuchtigkeit w\u00e4hrend D\u00fcrreperioden oder in Gebieten mit begrenztem Wasserzugang aufrechtzuerhalten. Dies erm\u00f6glicht Landwirten, das Pflanzenwachstum und die Entwicklung zu optimieren und so den Ertrag und die Qualit\u00e4t der Ernte zu steigern.<\/p>\n<ul>\n<li><strong>Fl\u00fcssigkeitstransport<\/strong><\/li>\n<\/ul>\n<p>Kunststofftanks sind f\u00fcr den Transport verschiedener Fl\u00fcssigkeiten auf dem Bauernhof unerl\u00e4sslich, darunter Wasser, \u00d6l, Heiz\u00f6l sowie Fl\u00fcssigd\u00fcnger und Pestizide. Dank ihrer Korrosionsbest\u00e4ndigkeit und chemischen Inertheit sind diese Tanks sicher f\u00fcr den Transport und die Lagerung einer Vielzahl von agrochemischen Produkten, sch\u00fctzen sie vor Kontamination und gew\u00e4hrleisten ihren effizienten Einsatz auf dem Feld.<\/p>\n<ul>\n<li><strong>Lagerung und Konservierung von Fl\u00fcssigkeiten<br \/>\n<\/strong><\/li>\n<\/ul>\n<p>Kunststoffbeh\u00e4lter dienen auch als langfristige L\u00f6sung f\u00fcr die Fl\u00fcssigkeitslagerung, einschlie\u00dflich Trinkwasser, Regenwasser sowie Fl\u00fcssigd\u00fcnger und Pestizide. Ihre Undurchl\u00e4ssigkeit und Best\u00e4ndigkeit gegen UV-Strahlung garantieren Langlebigkeit und bewahren die Qualit\u00e4t der gelagerten Fl\u00fcssigkeiten.<\/p>\n<ul>\n<li><strong>Anpassung an spezifische Bed\u00fcrfnisse<\/strong><\/li>\n<\/ul>\n<p>Ein gro\u00dfer Vorteil von Kunststoffbeh\u00e4ltern und -tanks ist die M\u00f6glichkeit der individuellen Anpassung durch den Einbau verschiedener Armaturen und Zubeh\u00f6rteile, wie Ventile, H\u00e4hne, F\u00fcllstandsanzeiger und Inspektions\u00f6ffnungen. Dies erm\u00f6glicht es Landwirten, ihre Bew\u00e4sserungs-, Tr\u00e4nkungs- oder Fl\u00fcssigkeitstransportsysteme an spezifische Bed\u00fcrfnisse und Anforderungen anzupassen und so die Effizienz und Produktivit\u00e4t auf dem Hof zu verbessern.<br \/>\n[\/vc_column_text][vc_empty_space][\/vc_column][\/vc_row][vc_row][vc_column][vc_column_text css=&#8220;.vc_custom_1738771510818{padding-top: 30px !important;padding-right: 30px !important;padding-bottom: 30px !important;padding-left: 30px !important;background-color: #0e415f !important;border-radius: 15px !important;}&#8220;]<\/p>\n<h2><span style=\"color: #fcb426;\"><strong>Vorteile<\/strong> von Kunststoffbeh\u00e4ltern und -tanks<br \/>\n<\/span><\/h2>\n<p><span style=\"color: #ffffff;\">Kunststoff-Wassertanks, \u00d6ltanks und andere Fl\u00fcssigkeitstanks bieten Landwirten zahlreiche Vorteile:<\/span><\/p>\n<ul>\n<li><span style=\"color: #fcb426;\">Haltbarkeit und Langlebigkeit: <\/span><span style=\"color: #ffffff;\">Materialien wie HDPE und PP gew\u00e4hrleisten Best\u00e4ndigkeit gegen mechanische Besch\u00e4digungen, Bruch sowie extreme Temperaturen von -30\u00b0C bis +60\u00b0C.<br \/>\n<\/span><\/li>\n<li><span style=\"color: #fcb426;\">Umweltfreundlichkeit:<\/span> <span style=\"color: #ffffff;\"> Diese Materialien sind umweltfreundlich und haben minimale Auswirkungen auf die Umwelt w\u00e4hrend der Produktion und am Ende des Lebenszyklus.<br \/>\n<\/span><\/li>\n<li><span style=\"color: #fcb426;\">UV-Strahlungsbest\u00e4ndigkeit: <\/span> <span style=\"color: #ffffff;\">Spezielle Additive im Material sch\u00fctzen die Beh\u00e4lter vor Degradation unter dem Einfluss von Sonnenlicht.<br \/>\n<\/span><\/li>\n<li><span style=\"color: #fcb426;\">Anpassungsf\u00e4higkeit: <\/span> <span style=\"color: #ffffff;\">Die M\u00f6glichkeit, verschiedene Armaturen und Zubeh\u00f6rteile zu installieren, erm\u00f6glicht es Landwirten, die Beh\u00e4lter an spezifische Bed\u00fcrfnisse anzupassen.<\/span><\/li>\n<\/ul>\n<p>[\/vc_column_text][vc_empty_space][\/vc_column][\/vc_row][vc_row][vc_column][vc_column_text css=&#8220;.vc_custom_1738771537065{padding-right: 30px !important;padding-left: 30px !important;}&#8220;]Kunststoffbeh\u00e4lter und -tanks sind zu einem unverzichtbaren Bestandteil der modernen Landwirtschaft geworden und bieten zuverl\u00e4ssige L\u00f6sungen f\u00fcr Bew\u00e4sserung, Tr\u00e4nkung und Fl\u00fcssigkeitstransport.<\/p>\n<p>Ihre Anpassungsf\u00e4higkeit, Haltbarkeit und Umweltfreundlichkeit machen sie zur idealen Wahl f\u00fcr Landwirte, die ihre Betriebsabl\u00e4ufe optimieren und Ressourcen nachhaltig verwalten m\u00f6chten. Durch verschiedene Anwendungen, von Bew\u00e4sserung und Tr\u00e4nkung bis hin zum Transport und zur Lagerung von Fl\u00fcssigkeiten, spielen Kunststoffbeh\u00e4lter und -tanks eine Schl\u00fcsselrolle bei der Steigerung der Effizienz und Produktivit\u00e4t landwirtschaftlicher Praktiken und machen sie zu einem unersetzlichen Werkzeug im Arsenal des modernen Landwirts.<br \/>\n[\/vc_column_text][vc_empty_space][\/vc_column][\/vc_row][vc_row full_width=&#8220;stretch_row_content_no_spaces&#8220;][vc_column][vc_column_text]<img loading=\"lazy\" decoding=\"async\" class=\"aligncenter wp-image-232 size-full\" src=\"https:\/\/cabarplast.com\/wp-content\/uploads\/2024\/03\/footer-4.png\" alt=\"\" width=\"1919\" height=\"50\" srcset=\"https:\/\/cabarplast.com\/wp-content\/uploads\/2024\/03\/footer-4.png 1919w, https:\/\/cabarplast.com\/wp-content\/uploads\/2024\/03\/footer-4-300x8.png 300w, https:\/\/cabarplast.com\/wp-content\/uploads\/2024\/03\/footer-4-1024x27.png 1024w, https:\/\/cabarplast.com\/wp-content\/uploads\/2024\/03\/footer-4-768x20.png 768w, https:\/\/cabarplast.com\/wp-content\/uploads\/2024\/03\/footer-4-1536x40.png 1536w\" sizes=\"auto, (max-width: 1919px) 100vw, 1919px\" \/>[\/vc_column_text][\/vc_column][\/vc_row]<\/p>\n<\/div>","protected":false},"excerpt":{"rendered":"<p>[vc_row][vc_column width=&#8220;1\/2&#8243;][\/vc_column][vc_column width=&#8220;1\/2&#8243; css=&#8220;.vc_custom_1709647368309{border-left-width: 1px !important;padding-right: 30px !important;padding-left: 30px !important;border-left-color: #0e415f !important;border-left-style: solid !important;}&#8220;][vc_column_text css=&#8220;&#8220;] Kunststofftanks f\u00fcr Traktoren &nbsp; Kunststofftanks f\u00fcr Traktoren spielen eine entscheidende Rolle in der Landwirtschaft und bieten L\u00f6sungen f\u00fcr Bew\u00e4sserung, Fl\u00fcssigkeitstransport und viele andere Aufgaben. Mit verschiedenen Kapazit\u00e4ten von 250 Litern bis zu unglaublichen 50.000 Litern passen sich diese Tanks an&hellip;<\/p>\n","protected":false},"author":1,"featured_media":0,"parent":0,"menu_order":0,"comment_status":"closed","ping_status":"closed","template":"","meta":{"footnotes":""},"class_list":["post-3487","page","type-page","status-publish","hentry","description-off"],"_links":{"self":[{"href":"https:\/\/cabarplast.com\/de\/wp-json\/wp\/v2\/pages\/3487","targetHints":{"allow":["GET"]}}],"collection":[{"href":"https:\/\/cabarplast.com\/de\/wp-json\/wp\/v2\/pages"}],"about":[{"href":"https:\/\/cabarplast.com\/de\/wp-json\/wp\/v2\/types\/page"}],"author":[{"embeddable":true,"href":"https:\/\/cabarplast.com\/de\/wp-json\/wp\/v2\/users\/1"}],"replies":[{"embeddable":true,"href":"https:\/\/cabarplast.com\/de\/wp-json\/wp\/v2\/comments?post=3487"}],"version-history":[{"count":3,"href":"https:\/\/cabarplast.com\/de\/wp-json\/wp\/v2\/pages\/3487\/revisions"}],"predecessor-version":[{"id":3500,"href":"https:\/\/cabarplast.com\/de\/wp-json\/wp\/v2\/pages\/3487\/revisions\/3500"}],"wp:attachment":[{"href":"https:\/\/cabarplast.com\/de\/wp-json\/wp\/v2\/media?parent=3487"}],"curies":[{"name":"wp","href":"https:\/\/api.w.org\/{rel}","templated":true}]}}