{"id":3481,"date":"2024-03-04T21:00:42","date_gmt":"2024-03-04T21:00:42","guid":{"rendered":"https:\/\/cabarplast.com\/plasticni-silos-za-zitarice\/"},"modified":"2025-02-05T15:30:07","modified_gmt":"2025-02-05T15:30:07","slug":"kunststoffsilos","status":"publish","type":"page","link":"https:\/\/cabarplast.com\/de\/kunststoffsilos\/","title":{"rendered":"Kunststoffsilos"},"content":{"rendered":"<div class=\"wpb-content-wrapper\"><p>[vc_row][vc_column width=&#8220;1\/2&#8243;]<style type=\"text\/css\" data-type=\"the7_shortcodes-inline-css\">.gallery-carousel-shortcode.gallery-carousel-shortcode-id-36b2c3368d8280b13e34463276562575 .owl-nav a {\n  width: 30px;\n  height: 30px;\n  border-radius: 500px;\n}\n.dt-arrow-border-on.gallery-carousel-shortcode.gallery-carousel-shortcode-id-36b2c3368d8280b13e34463276562575 .owl-nav a:not(:hover):before {\n  border-width: 0px;\n}\n.dt-arrow-hover-border-on.gallery-carousel-shortcode.gallery-carousel-shortcode-id-36b2c3368d8280b13e34463276562575 .owl-nav a:hover:after {\n  border-width: 0px;\n}\n.gallery-carousel-shortcode.gallery-carousel-shortcode-id-36b2c3368d8280b13e34463276562575 .owl-nav a.owl-prev {\n  top: calc(100% + 0px);\n  left: -43px;\n}\n.gallery-carousel-shortcode.gallery-carousel-shortcode-id-36b2c3368d8280b13e34463276562575 .owl-nav a.owl-prev i {\n  padding: 0px 5px 0px 5px;\n}\n.gallery-carousel-shortcode.gallery-carousel-shortcode-id-36b2c3368d8280b13e34463276562575 .owl-nav a.owl-next {\n  top: calc(100% + 0px);\n  right: -43px;\n}\n.gallery-carousel-shortcode.gallery-carousel-shortcode-id-36b2c3368d8280b13e34463276562575 .owl-nav a.owl-next i {\n  padding: 0px 5px 0px 5px;\n}\n.gallery-carousel-shortcode.gallery-carousel-shortcode-id-36b2c3368d8280b13e34463276562575 .owl-nav i {\n  font-size: 15px;\n}\n.gallery-carousel-shortcode.gallery-carousel-shortcode-id-36b2c3368d8280b13e34463276562575 .owl-nav a:not(:hover) i,\n.gallery-carousel-shortcode.gallery-carousel-shortcode-id-36b2c3368d8280b13e34463276562575 .owl-nav a:not(:hover) i:before {\n  color: #ffffff;\n  background: none;\n}\n.gallery-carousel-shortcode.gallery-carousel-shortcode-id-36b2c3368d8280b13e34463276562575 .owl-nav a:hover i,\n.gallery-carousel-shortcode.gallery-carousel-shortcode-id-36b2c3368d8280b13e34463276562575 .owl-nav a:hover i:before {\n  color: rgba(255,255,255,0.75);\n  background: none;\n}\n.gallery-carousel-shortcode.gallery-carousel-shortcode-id-36b2c3368d8280b13e34463276562575 .owl-dots {\n  top: calc(100% + 20px);\n  left: 50%;\n  transform: translateX(calc(-50% + 0px));\n}\n@media all and (-ms-high-contrast: none) {\n  .gallery-carousel-shortcode.gallery-carousel-shortcode-id-36b2c3368d8280b13e34463276562575 .owl-dots {\n    transform: translateX(-50%);\n    margin-left: 0px;\n  }\n}\n.gallery-carousel-shortcode.gallery-carousel-shortcode-id-36b2c3368d8280b13e34463276562575 .owl-dot {\n  width: 10px;\n  height: 10px;\n  margin: 0 8px;\n}\n@media screen and (max-width: 778px) {\n  .gallery-carousel-shortcode.gallery-carousel-shortcode-id-36b2c3368d8280b13e34463276562575.hide-arrows .owl-nav a {\n    display: none;\n  }\n}\n@media screen and (max-width: 778px) {\n  .gallery-carousel-shortcode.gallery-carousel-shortcode-id-36b2c3368d8280b13e34463276562575.reposition-arrows .owl-nav .owl-prev {\n    top: calc(100% + 0px);\n    left: 10px;\n  }\n  .gallery-carousel-shortcode.gallery-carousel-shortcode-id-36b2c3368d8280b13e34463276562575.reposition-arrows .owl-nav .owl-next {\n    top: calc(100% + 0px);\n    right: 10px;\n  }\n}\n.gallery-carousel-shortcode.gallery-carousel-shortcode-id-36b2c3368d8280b13e34463276562575 figure,\n.gallery-carousel-shortcode.gallery-carousel-shortcode-id-36b2c3368d8280b13e34463276562575 .rollover,\n.gallery-carousel-shortcode.gallery-carousel-shortcode-id-36b2c3368d8280b13e34463276562575 img,\n.gallery-carousel-shortcode.gallery-carousel-shortcode-id-36b2c3368d8280b13e34463276562575 .gallery-rollover {\n  border-radius: 0px;\n}\n.gallery-carousel-shortcode.gallery-carousel-shortcode-id-36b2c3368d8280b13e34463276562575.enable-bg-rollover .gallery-rollover {\n  background: -webkit-linear-gradient();\n  background: linear-gradient();\n}\n.gallery-carousel-shortcode.gallery-carousel-shortcode-id-36b2c3368d8280b13e34463276562575.enable-img-shadow .owl-stage-outer {\n  padding: 14px 0;\n}\n.gallery-carousel-shortcode.gallery-carousel-shortcode-id-36b2c3368d8280b13e34463276562575.enable-bg-rollover.hover-scale figure .rollover:after {\n  background: -webkit-linear-gradient();\n  background: linear-gradient();\n}\n.gallery-carousel-shortcode.gallery-carousel-shortcode-id-36b2c3368d8280b13e34463276562575.gallery-shortcode .gallery-zoom-ico {\n  width: 44px;\n  height: 44px;\n  line-height: 44px;\n  border-radius: 100px;\n  margin: -22px 0 0 -22px;\n  border-width: 0px;\n}\n.dt-icon-bg-on.gallery-carousel-shortcode.gallery-carousel-shortcode-id-36b2c3368d8280b13e34463276562575.gallery-shortcode .gallery-zoom-ico {\n  background: rgba(255,255,255,0.3);\n  box-shadow: none;\n}\n.gallery-carousel-shortcode.gallery-carousel-shortcode-id-36b2c3368d8280b13e34463276562575.gallery-shortcode .gallery-zoom-ico:before,\n.gallery-carousel-shortcode.gallery-carousel-shortcode-id-36b2c3368d8280b13e34463276562575.gallery-shortcode .gallery-zoom-ico span {\n  font-size: 32px;\n  line-height: 44px;\n  color: #ffffff;\n  background: none;\n}\n<\/style><div class=\"owl-carousel gallery-carousel-shortcode gallery-shortcode  dt-gallery-container dt-owl-carousel-call gallery-carousel-shortcode-id-36b2c3368d8280b13e34463276562575 quick-scale-img enable-bg-rollover meta-info-off dt-arrow-border-on dt-arrow-hover-border-on bullets-small-dot-stroke reposition-arrows dt-icon-bg-off arrows-bg-on disable-arrows-hover-bg arrows-hover-bg-on  vc_custom_1713176209381 hover-fade \" data-scroll-mode=\"1\" data-col-num=\"1\" data-wide-col-num=\"1\" data-laptop-col=\"1\" data-h-tablet-columns-num=\"1\" data-v-tablet-columns-num=\"1\" data-phone-columns-num=\"1\" data-col-gap=\"10\" data-stage-padding=\"0\" data-speed=\"600\" data-autoplay=\"false\" data-autoplay_speed=\"6000\" data-arrows=\"true\" data-bullet=\"false\" data-next-icon=\"icon-ar-017-r\" data-prev-icon=\"icon-ar-017-l\" data-img-shadow-size=\"12px\" data-img-shadow-spread=\"3px\"><div data-post-id=\"3482\" data-date=\"2024-04-15T10:03:30+00:00\" data-name=\"Plasticni-silosi-1\"><figure class=\"post\"><a href=\"https:\/\/cabarplast.com\/wp-content\/uploads\/2024\/04\/Plasticni-silosi-1.jpg\" class=\"rollover dt-pswp-item layzr-bg\" data-large_image_width=\"1080\" data-large_image_height=\"1080\" data-dt-img-description=\"\" title=\"Plasticni-silosi-1\"><img fetchpriority=\"high\" decoding=\"async\" class=\"preload-me owl-lazy-load aspect\" src=\"data:image\/svg+xml,%3Csvg%20xmlns%3D&#39;http%3A%2F%2Fwww.w3.org%2F2000%2Fsvg&#39;%20viewBox%3D&#39;0%200%201080%201080&#39;%2F%3E\" data-src=\"https:\/\/cabarplast.com\/wp-content\/uploads\/2024\/04\/Plasticni-silosi-1.jpg\" data-srcset=\"https:\/\/cabarplast.com\/wp-content\/uploads\/2024\/04\/Plasticni-silosi-1.jpg 1080w\" loading=\"eager\" style=\"--ratio: 1080 \/ 1080\" sizes=\"(max-width: 1080px) 100vw, 1080px\" alt=\"\" width=\"1080\" height=\"1080\"  \/><span class=\"gallery-rollover\"><span class=\"gallery-zoom-ico icomoon-the7-font-the7-zoom-06\"><span><\/span><\/span><\/span><\/a><\/figure><\/div><div data-post-id=\"3485\" data-date=\"2024-04-15T10:03:31+00:00\" data-name=\"Plasticni-silosi-2\"><figure class=\"post\"><a href=\"https:\/\/cabarplast.com\/wp-content\/uploads\/2024\/04\/Plasticni-silosi-2.jpg\" class=\"rollover dt-pswp-item layzr-bg\" data-large_image_width=\"1080\" data-large_image_height=\"1080\" data-dt-img-description=\"\" title=\"Plasticni-silosi-2\"><img decoding=\"async\" class=\"preload-me owl-lazy-load aspect\" src=\"data:image\/svg+xml,%3Csvg%20xmlns%3D&#39;http%3A%2F%2Fwww.w3.org%2F2000%2Fsvg&#39;%20viewBox%3D&#39;0%200%201080%201080&#39;%2F%3E\" data-src=\"https:\/\/cabarplast.com\/wp-content\/uploads\/2024\/04\/Plasticni-silosi-2.jpg\" data-srcset=\"https:\/\/cabarplast.com\/wp-content\/uploads\/2024\/04\/Plasticni-silosi-2.jpg 1080w\" loading=\"eager\" style=\"--ratio: 1080 \/ 1080\" sizes=\"(max-width: 1080px) 100vw, 1080px\" alt=\"\" width=\"1080\" height=\"1080\"  \/><span class=\"gallery-rollover\"><span class=\"gallery-zoom-ico icomoon-the7-font-the7-zoom-06\"><span><\/span><\/span><\/span><\/a><\/figure><\/div><\/div>[\/vc_column][vc_column width=&#8220;1\/2&#8243; css=&#8220;.vc_custom_1709647368309{border-left-width: 1px !important;padding-right: 30px !important;padding-left: 30px !important;border-left-color: #0e415f !important;border-left-style: solid !important;}&#8220;][vc_column_text css=&#8220;&#8220;]<\/p>\n<h1>Kunststoffsilos<\/h1>\n<p>&nbsp;<\/p>\n<p>Kunststoffsilos von \u010cabar Plast stellen eine revolution\u00e4re L\u00f6sung dar, die sich durch Qualit\u00e4t, Widerstandsf\u00e4higkeit und Anpassungsf\u00e4higkeit auszeichnet. Entwickelt nach den neuesten globalen Trends finden diese Silos breite Anwendung nicht nur in der Getreidelagerung, sondern auch in der chemischen Industrie sowie zur Lagerung verschiedener Zutaten, Granulate und pulverf\u00f6rmiger Materialien.<\/p>\n<p>Dieser Text untersucht eingehend die Eigenschaften, Vorteile und M\u00f6glichkeiten, die \u010cabar Plast Kunststoffsilos bieten, und hebt hervor, wie sie die Lagerpraktiken verbessern und zur Nachhaltigkeit von Unternehmen beitragen k\u00f6nnen.[\/vc_column_text][vc_empty_space height=&#8220;20&#8243;]<a href=\"https:\/\/cabarplast.com\/de\/kontaktinformationen-cabar-plast\/\" class=\"btn-shortcode dt-btn-m dt-btn default-btn-color default-btn-hover-color default-btn-bg-color default-btn-bg-hover-color\" id=\"dt-btn-1\"><span>Kontaktieren Sie uns<\/span><\/a>[\/vc_column][\/vc_row][vc_row][vc_column][vc_empty_space][vc_column_text css=&#8220;.vc_custom_1738769117865{padding-right: 30px !important;padding-left: 30px !important;}&#8220;]<\/p>\n<h2>Eigenschaften von \u010cabar Plast Kunststoffsilos<\/h2>\n<p>\u010cabar Plast Kunststoffsilos werden aus hochwertigen Materialien wie Polyethylen hoher Dichte (HDPE) und Polypropylen (PP) hergestellt, wobei Spiralwicklungs- und Kunststoffschwei\u00dftechnologien zum Einsatz kommen. Diese Eigenschaften verleihen den Silos eine au\u00dfergew\u00f6hnliche Best\u00e4ndigkeit gegen physische Sch\u00e4den, Temperaturschwankungen und chemische Einfl\u00fcsse und machen sie ideal f\u00fcr die langfristige Lagerung verschiedener Materialien.<\/p>\n<p>Das innovative Design sorgt f\u00fcr die Beseitigung von Wasserdampfkondensation und verhindert so das Anhaften des Inhalts an den Innenw\u00e4nden der Silos, ein h\u00e4ufiges Problem bei herk\u00f6mmlichen Lagerl\u00f6sungen.<br \/>\n[\/vc_column_text][vc_empty_space height=&#8220;50&#8243;][\/vc_column][\/vc_row][vc_row full_width=&#8220;stretch_row_content_no_spaces&#8220;][vc_column][vc_column_text]<img loading=\"lazy\" decoding=\"async\" class=\"aligncenter wp-image-232 size-full\" src=\"https:\/\/cabarplast.com\/wp-content\/uploads\/2024\/03\/footer-4.png\" alt=\"\" width=\"1919\" height=\"50\" srcset=\"https:\/\/cabarplast.com\/wp-content\/uploads\/2024\/03\/footer-4.png 1919w, https:\/\/cabarplast.com\/wp-content\/uploads\/2024\/03\/footer-4-300x8.png 300w, https:\/\/cabarplast.com\/wp-content\/uploads\/2024\/03\/footer-4-1024x27.png 1024w, https:\/\/cabarplast.com\/wp-content\/uploads\/2024\/03\/footer-4-768x20.png 768w, https:\/\/cabarplast.com\/wp-content\/uploads\/2024\/03\/footer-4-1536x40.png 1536w\" sizes=\"auto, (max-width: 1919px) 100vw, 1919px\" \/>[\/vc_column_text][\/vc_column][\/vc_row][vc_row full_width=&#8220;stretch_row&#8220; css=&#8220;.vc_custom_1709643894007{background-color: #0e415f !important;}&#8220;][vc_column][vc_column_text css=&#8220;.vc_custom_1738769185877{padding-right: 30px !important;padding-left: 30px !important;}&#8220;]<\/p>\n<h2><span style=\"color: #fcb426;\">Vorteile von Kunststoff-Lagersilos<\/span><\/h2>\n<ul>\n<li><span style=\"color: #fcb426;\">Best\u00e4ndigkeit gegen extreme Bedingungen:<\/span> <span style=\"color: #ffffff;\"> Kunststoffsilos halten Temperaturen von -30\u00b0C bis +60\u00b0C stand, sind best\u00e4ndig gegen eine Vielzahl von Fl\u00fcssigkeiten und Gasen sowie UV-Strahlung und garantieren ihre Langlebigkeit und Wasserdichtigkeit.<br \/>\n<\/span><\/li>\n<li><span style=\"color: #fcb426;\">Umweltfreundlichkeit: <\/span> <span style=\"color: #ffffff;\">Die bei der Herstellung von Kunststoffsilos verwendeten Materialien sind umweltfreundlich und gew\u00e4hrleisten, dass das Material nach 50 Jahren Nutzung nur 5 % seiner Eigenschaften verliert.<\/span><\/li>\n<li><span style=\"color: #fcb426;\">Anpassungsf\u00e4higkeit: <\/span> <span style=\"color: #ffffff;\">Silos sind in verschiedenen Formen und Kapazit\u00e4ten erh\u00e4ltlich, mit der M\u00f6glichkeit, zus\u00e4tzliche Armaturen wie Leitern, Ventile, F\u00fcllstandsanzeiger hinzuzuf\u00fcgen, sodass Kunden die Silos an spezifische Bed\u00fcrfnisse anpassen k\u00f6nnen.<br \/>\n<\/span><\/li>\n<\/ul>\n<p>[\/vc_column_text][vc_empty_space height=&#8220;50&#8243;][\/vc_column][\/vc_row][vc_row full_width=&#8220;stretch_row&#8220; css=&#8220;.vc_custom_1709644275584{background-color: #efefef !important;}&#8220;][vc_column][vc_column_text css=&#8220;.vc_custom_1738769299074{padding-right: 30px !important;padding-left: 30px !important;}&#8220;]<\/p>\n<h2>Anwendungsm\u00f6glichkeiten von Kunststoffsilos<\/h2>\n<p>\u010cabar Plast Kunststoffsilos sind multifunktionale L\u00f6sungen, die mit ihrer Anpassungsf\u00e4higkeit und Best\u00e4ndigkeit in einem breiten Spektrum von Branchen Anwendung finden. Ihre F\u00e4higkeit, extremen Temperaturen, chemischen Einfl\u00fcssen und UV-Strahlung standzuhalten, macht sie zur idealen Wahl f\u00fcr verschiedene Sektoren, von der Landwirtschaft bis zur Lagerung von Lebensmitteln und Getr\u00e4nken. Im Folgenden untersuchen wir im Detail, wie \u010cabar Plast Kunststoffsilos den spezifischen Anforderungen dieser Branchen gerecht werden.<\/p>\n<h2>Landwirtschaft<\/h2>\n<p>In der Landwirtschaft ist die effiziente Lagerung von Getreide, Tierfuttermischungen und anderen landwirtschaftlichen Produkten der Schl\u00fcssel zur Erhaltung der Qualit\u00e4t und zur Vermeidung von Verlusten. \u010cabar Plast Kunststoffsilos bieten dank ihrer Wasserdichtigkeit und Sch\u00e4dlingsresistenz eine perfekte L\u00f6sung. Dar\u00fcber hinaus verhindern diese Silos die Kondensation von Wasserdampf und eliminieren so das Risiko der Entwicklung von Schimmel und Bakterien, die die Qualit\u00e4t der gelagerten Produkte beeintr\u00e4chtigen k\u00f6nnen. Die einfache Installation und die M\u00f6glichkeit, sich an unterschiedliche Gr\u00f6\u00dfen und Formen anzupassen, erm\u00f6glichen es Landwirten, den Lagerraum zu optimieren und die Arbeitseffizienz zu verbessern.<\/p>\n<h2>Chemische Industrie<\/h2>\n<p>F\u00fcr die chemische Industrie ist die sichere Lagerung von Granulaten, pulverf\u00f6rmigen Materialien wie Zement und Kalk, Fl\u00fcssigkeiten und Gasen unerl\u00e4sslich. \u010cabar Plast Kunststoffsilos sind so konzipiert, dass sie chemischen Reaktionen standhalten und die Wechselwirkung der gelagerten Materialien mit externen Faktoren verhindern. Die Korrosionsbest\u00e4ndigkeit und chemische Inertheit der Materialien, aus denen die Silos hergestellt werden, machen sie ideal f\u00fcr die Lagerung einer Vielzahl von chemischen Substanzen, gew\u00e4hrleisten ihre Stabilit\u00e4t und verhindern Kontaminationen. Die Anpassungsf\u00e4higkeit in Bezug auf die Installation zus\u00e4tzlicher Armaturen wie Ventile und Leitern erh\u00f6ht die Funktionalit\u00e4t und Sicherheit in Chemieanlagen weiter.<\/p>\n<h2>Lebensmittel- und Getr\u00e4nkelagerung<\/h2>\n<p>In der Lebensmittel- und Getr\u00e4nkeindustrie ist die Erhaltung der Qualit\u00e4t von Zutaten und Endprodukten von gr\u00f6\u00dfter Bedeutung. \u010cabar Plast Kunststoffsilos erm\u00f6glichen eine hermetische Abdichtung und Schutz vor \u00e4u\u00dferen Einfl\u00fcssen wie Feuchtigkeit, Insekten und Schmutz und gew\u00e4hrleisten so eine l\u00e4ngere Haltbarkeit der Produkte. Diese Eigenschaft ist besonders wichtig f\u00fcr Zutaten, die empfindlich auf Umweltver\u00e4nderungen reagieren, wie Mehl, Zucker und verschiedene Getreidesorten. Dar\u00fcber hinaus tr\u00e4gt die einfache Reinigung und Wartung von Kunststoffsilos zu den hohen Hygienestandards bei, die in der Lebensmittel- und Getr\u00e4nkeindustrie erforderlich sind.<\/p>\n<p>Die M\u00f6glichkeit, die Gr\u00f6\u00dfe und Form der Silos sowie die Installation spezifischer Armaturen anzupassen, erm\u00f6glicht es Lebensmittel- und Getr\u00e4nkeproduzenten, den Lagerraum zu optimieren und logistische Prozesse zu verbessern.<br \/>\n[\/vc_column_text][vc_empty_space][\/vc_column][\/vc_row][vc_row][vc_column][vc_column_text css=&#8220;.vc_custom_1738769326825{padding-top: 30px !important;padding-right: 30px !important;padding-bottom: 30px !important;padding-left: 30px !important;background-color: #0e415f !important;border-radius: 15px !important;}&#8220;]<\/p>\n<h2><span style=\"color: #fcb426;\">Anpassung an spezifische Bed\u00fcrfnisse<\/span><\/h2>\n<p><span style=\"color: #ffffff;\">\u010cabar Plast Kunststoffsilos k\u00f6nnen durch das Hinzuf\u00fcgen verschiedener Armaturen und Ausr\u00fcstungen angepasst werden, darunter Aufstiegsleitern, verschiedene Ventile und H\u00e4hne, F\u00fcllstandsanzeiger sowie spezielle Inspektions- und Wartungs\u00f6ffnungen. Diese Flexibilit\u00e4t erm\u00f6glicht es den Anwendern, den Lagerraum und die Prozesse zu optimieren, die Effizienz zu steigern und Kosten zu senken.<\/span>[\/vc_column_text][vc_empty_space][\/vc_column][\/vc_row][vc_row][vc_column][vc_column_text css=&#8220;.vc_custom_1738769338802{padding-right: 30px !important;padding-left: 30px !important;}&#8220;]Kunststoffsilos von \u010cabar Plast stellen eine universelle Lagerl\u00f6sung dar, die mit ihrer Widerstandsf\u00e4higkeit, Anpassungsf\u00e4higkeit und Sicherheit den Herausforderungen der Lagerung in verschiedenen Branchen gerecht wird. Ob es sich um die Lagerung von Getreide in der Landwirtschaft, chemischen Materialien in der Industrie oder Zutaten f\u00fcr die Lebensmittel- und Getr\u00e4nkeproduktion handelt, diese Silos bieten Effizienz, Langlebigkeit und Nachhaltigkeit und machen sie zu einem unersetzlichen Bestandteil der Lagerinfrastruktur.[\/vc_column_text][vc_empty_space][\/vc_column][\/vc_row][vc_row full_width=&#8220;stretch_row_content_no_spaces&#8220;][vc_column][vc_column_text]<img loading=\"lazy\" decoding=\"async\" class=\"aligncenter wp-image-232 size-full\" src=\"https:\/\/cabarplast.com\/wp-content\/uploads\/2024\/03\/footer-4.png\" alt=\"\" width=\"1919\" height=\"50\" srcset=\"https:\/\/cabarplast.com\/wp-content\/uploads\/2024\/03\/footer-4.png 1919w, https:\/\/cabarplast.com\/wp-content\/uploads\/2024\/03\/footer-4-300x8.png 300w, https:\/\/cabarplast.com\/wp-content\/uploads\/2024\/03\/footer-4-1024x27.png 1024w, https:\/\/cabarplast.com\/wp-content\/uploads\/2024\/03\/footer-4-768x20.png 768w, https:\/\/cabarplast.com\/wp-content\/uploads\/2024\/03\/footer-4-1536x40.png 1536w\" sizes=\"auto, (max-width: 1919px) 100vw, 1919px\" \/>[\/vc_column_text][\/vc_column][\/vc_row]<\/p>\n<\/div>","protected":false},"excerpt":{"rendered":"<p>[vc_row][vc_column width=&#8220;1\/2&#8243;][\/vc_column][vc_column width=&#8220;1\/2&#8243; css=&#8220;.vc_custom_1709647368309{border-left-width: 1px !important;padding-right: 30px !important;padding-left: 30px !important;border-left-color: #0e415f !important;border-left-style: solid !important;}&#8220;][vc_column_text css=&#8220;&#8220;] Kunststoffsilos &nbsp; Kunststoffsilos von \u010cabar Plast stellen eine revolution\u00e4re L\u00f6sung dar, die sich durch Qualit\u00e4t, Widerstandsf\u00e4higkeit und Anpassungsf\u00e4higkeit auszeichnet. Entwickelt nach den neuesten globalen Trends finden diese Silos breite Anwendung nicht nur in der Getreidelagerung, sondern auch in der chemischen&hellip;<\/p>\n","protected":false},"author":1,"featured_media":0,"parent":0,"menu_order":0,"comment_status":"closed","ping_status":"closed","template":"","meta":{"footnotes":""},"class_list":["post-3481","page","type-page","status-publish","hentry","description-off"],"_links":{"self":[{"href":"https:\/\/cabarplast.com\/de\/wp-json\/wp\/v2\/pages\/3481","targetHints":{"allow":["GET"]}}],"collection":[{"href":"https:\/\/cabarplast.com\/de\/wp-json\/wp\/v2\/pages"}],"about":[{"href":"https:\/\/cabarplast.com\/de\/wp-json\/wp\/v2\/types\/page"}],"author":[{"embeddable":true,"href":"https:\/\/cabarplast.com\/de\/wp-json\/wp\/v2\/users\/1"}],"replies":[{"embeddable":true,"href":"https:\/\/cabarplast.com\/de\/wp-json\/wp\/v2\/comments?post=3481"}],"version-history":[{"count":2,"href":"https:\/\/cabarplast.com\/de\/wp-json\/wp\/v2\/pages\/3481\/revisions"}],"predecessor-version":[{"id":3484,"href":"https:\/\/cabarplast.com\/de\/wp-json\/wp\/v2\/pages\/3481\/revisions\/3484"}],"wp:attachment":[{"href":"https:\/\/cabarplast.com\/de\/wp-json\/wp\/v2\/media?parent=3481"}],"curies":[{"name":"wp","href":"https:\/\/api.w.org\/{rel}","templated":true}]}}