{"id":3457,"date":"2024-03-04T21:01:07","date_gmt":"2024-03-04T21:01:07","guid":{"rendered":"https:\/\/cabarplast.com\/cisterne-za-sumpornu-kiselinu\/"},"modified":"2025-02-05T14:09:41","modified_gmt":"2025-02-05T14:09:41","slug":"schwefelsaeure-lagertanks","status":"publish","type":"page","link":"https:\/\/cabarplast.com\/de\/schwefelsaeure-lagertanks\/","title":{"rendered":"Schwefels\u00e4ure-Lagertanks"},"content":{"rendered":"<div class=\"wpb-content-wrapper\"><p>[vc_row][vc_column width=&#8220;1\/2&#8243;]<style type=\"text\/css\" data-type=\"the7_shortcodes-inline-css\">.gallery-carousel-shortcode.gallery-carousel-shortcode-id-7eb1da0c6235fe36c5237c4dd76065e0 .owl-nav a {\n  width: 30px;\n  height: 30px;\n  border-radius: 500px;\n}\n.dt-arrow-border-on.gallery-carousel-shortcode.gallery-carousel-shortcode-id-7eb1da0c6235fe36c5237c4dd76065e0 .owl-nav a:not(:hover):before {\n  border-width: 0px;\n}\n.dt-arrow-hover-border-on.gallery-carousel-shortcode.gallery-carousel-shortcode-id-7eb1da0c6235fe36c5237c4dd76065e0 .owl-nav a:hover:after {\n  border-width: 0px;\n}\n.gallery-carousel-shortcode.gallery-carousel-shortcode-id-7eb1da0c6235fe36c5237c4dd76065e0 .owl-nav a.owl-prev {\n  top: calc(100% + 0px);\n  left: -43px;\n}\n.gallery-carousel-shortcode.gallery-carousel-shortcode-id-7eb1da0c6235fe36c5237c4dd76065e0 .owl-nav a.owl-prev i {\n  padding: 0px 5px 0px 5px;\n}\n.gallery-carousel-shortcode.gallery-carousel-shortcode-id-7eb1da0c6235fe36c5237c4dd76065e0 .owl-nav a.owl-next {\n  top: calc(100% + 0px);\n  right: -43px;\n}\n.gallery-carousel-shortcode.gallery-carousel-shortcode-id-7eb1da0c6235fe36c5237c4dd76065e0 .owl-nav a.owl-next i {\n  padding: 0px 5px 0px 5px;\n}\n.gallery-carousel-shortcode.gallery-carousel-shortcode-id-7eb1da0c6235fe36c5237c4dd76065e0 .owl-nav i {\n  font-size: 15px;\n}\n.gallery-carousel-shortcode.gallery-carousel-shortcode-id-7eb1da0c6235fe36c5237c4dd76065e0 .owl-nav a:not(:hover) i,\n.gallery-carousel-shortcode.gallery-carousel-shortcode-id-7eb1da0c6235fe36c5237c4dd76065e0 .owl-nav a:not(:hover) i:before {\n  color: #ffffff;\n  background: none;\n}\n.gallery-carousel-shortcode.gallery-carousel-shortcode-id-7eb1da0c6235fe36c5237c4dd76065e0 .owl-nav a:hover i,\n.gallery-carousel-shortcode.gallery-carousel-shortcode-id-7eb1da0c6235fe36c5237c4dd76065e0 .owl-nav a:hover i:before {\n  color: rgba(255,255,255,0.75);\n  background: none;\n}\n.gallery-carousel-shortcode.gallery-carousel-shortcode-id-7eb1da0c6235fe36c5237c4dd76065e0 .owl-dots {\n  top: calc(100% + 20px);\n  left: 50%;\n  transform: translateX(calc(-50% + 0px));\n}\n@media all and (-ms-high-contrast: none) {\n  .gallery-carousel-shortcode.gallery-carousel-shortcode-id-7eb1da0c6235fe36c5237c4dd76065e0 .owl-dots {\n    transform: translateX(-50%);\n    margin-left: 0px;\n  }\n}\n.gallery-carousel-shortcode.gallery-carousel-shortcode-id-7eb1da0c6235fe36c5237c4dd76065e0 .owl-dot {\n  width: 10px;\n  height: 10px;\n  margin: 0 8px;\n}\n@media screen and (max-width: 778px) {\n  .gallery-carousel-shortcode.gallery-carousel-shortcode-id-7eb1da0c6235fe36c5237c4dd76065e0.hide-arrows .owl-nav a {\n    display: none;\n  }\n}\n@media screen and (max-width: 778px) {\n  .gallery-carousel-shortcode.gallery-carousel-shortcode-id-7eb1da0c6235fe36c5237c4dd76065e0.reposition-arrows .owl-nav .owl-prev {\n    top: calc(100% + 0px);\n    left: 10px;\n  }\n  .gallery-carousel-shortcode.gallery-carousel-shortcode-id-7eb1da0c6235fe36c5237c4dd76065e0.reposition-arrows .owl-nav .owl-next {\n    top: calc(100% + 0px);\n    right: 10px;\n  }\n}\n.gallery-carousel-shortcode.gallery-carousel-shortcode-id-7eb1da0c6235fe36c5237c4dd76065e0 figure,\n.gallery-carousel-shortcode.gallery-carousel-shortcode-id-7eb1da0c6235fe36c5237c4dd76065e0 .rollover,\n.gallery-carousel-shortcode.gallery-carousel-shortcode-id-7eb1da0c6235fe36c5237c4dd76065e0 img,\n.gallery-carousel-shortcode.gallery-carousel-shortcode-id-7eb1da0c6235fe36c5237c4dd76065e0 .gallery-rollover {\n  border-radius: 0px;\n}\n.gallery-carousel-shortcode.gallery-carousel-shortcode-id-7eb1da0c6235fe36c5237c4dd76065e0.enable-bg-rollover .gallery-rollover {\n  background: -webkit-linear-gradient();\n  background: linear-gradient();\n}\n.gallery-carousel-shortcode.gallery-carousel-shortcode-id-7eb1da0c6235fe36c5237c4dd76065e0.enable-img-shadow .owl-stage-outer {\n  padding: 14px 0;\n}\n.gallery-carousel-shortcode.gallery-carousel-shortcode-id-7eb1da0c6235fe36c5237c4dd76065e0.enable-bg-rollover.hover-scale figure .rollover:after {\n  background: -webkit-linear-gradient();\n  background: linear-gradient();\n}\n.gallery-carousel-shortcode.gallery-carousel-shortcode-id-7eb1da0c6235fe36c5237c4dd76065e0.gallery-shortcode .gallery-zoom-ico {\n  width: 44px;\n  height: 44px;\n  line-height: 44px;\n  border-radius: 100px;\n  margin: -22px 0 0 -22px;\n  border-width: 0px;\n}\n.dt-icon-bg-on.gallery-carousel-shortcode.gallery-carousel-shortcode-id-7eb1da0c6235fe36c5237c4dd76065e0.gallery-shortcode .gallery-zoom-ico {\n  background: rgba(255,255,255,0.3);\n  box-shadow: none;\n}\n.gallery-carousel-shortcode.gallery-carousel-shortcode-id-7eb1da0c6235fe36c5237c4dd76065e0.gallery-shortcode .gallery-zoom-ico:before,\n.gallery-carousel-shortcode.gallery-carousel-shortcode-id-7eb1da0c6235fe36c5237c4dd76065e0.gallery-shortcode .gallery-zoom-ico span {\n  font-size: 32px;\n  line-height: 44px;\n  color: #ffffff;\n  background: none;\n}\n<\/style><div class=\"owl-carousel gallery-carousel-shortcode gallery-shortcode  dt-gallery-container dt-owl-carousel-call gallery-carousel-shortcode-id-7eb1da0c6235fe36c5237c4dd76065e0 quick-scale-img enable-bg-rollover meta-info-off dt-arrow-border-on dt-arrow-hover-border-on bullets-small-dot-stroke reposition-arrows dt-icon-bg-off arrows-bg-on disable-arrows-hover-bg arrows-hover-bg-on  vc_custom_1713175326780 hover-fade \" data-scroll-mode=\"1\" data-col-num=\"1\" data-wide-col-num=\"1\" data-laptop-col=\"1\" data-h-tablet-columns-num=\"1\" data-v-tablet-columns-num=\"1\" data-phone-columns-num=\"1\" data-col-gap=\"10\" data-stage-padding=\"0\" data-speed=\"600\" data-autoplay=\"false\" data-autoplay_speed=\"6000\" data-arrows=\"true\" data-bullet=\"false\" data-next-icon=\"icon-ar-017-r\" data-prev-icon=\"icon-ar-017-l\" data-img-shadow-size=\"12px\" data-img-shadow-spread=\"3px\"><div data-post-id=\"3463\" data-date=\"2024-03-10T22:01:10+00:00\" data-name=\"Cisterne za sumpornu kiselinu (2)\"><figure class=\"post\"><a href=\"https:\/\/cabarplast.com\/wp-content\/uploads\/2024\/03\/Cisterne-za-sumpornu-kiselinu-2.jpg\" class=\"rollover dt-pswp-item layzr-bg\" data-large_image_width=\"1080\" data-large_image_height=\"1080\" data-dt-img-description=\"\" title=\"Cisterne za sumpornu kiselinu (2)\"><img fetchpriority=\"high\" decoding=\"async\" class=\"preload-me owl-lazy-load aspect\" src=\"data:image\/svg+xml,%3Csvg%20xmlns%3D&#39;http%3A%2F%2Fwww.w3.org%2F2000%2Fsvg&#39;%20viewBox%3D&#39;0%200%201080%201080&#39;%2F%3E\" data-src=\"https:\/\/cabarplast.com\/wp-content\/uploads\/2024\/03\/Cisterne-za-sumpornu-kiselinu-2.jpg\" data-srcset=\"https:\/\/cabarplast.com\/wp-content\/uploads\/2024\/03\/Cisterne-za-sumpornu-kiselinu-2.jpg 1080w\" loading=\"eager\" style=\"--ratio: 1080 \/ 1080\" sizes=\"(max-width: 1080px) 100vw, 1080px\" alt=\"\" width=\"1080\" height=\"1080\"  \/><span class=\"gallery-rollover\"><span class=\"gallery-zoom-ico icomoon-the7-font-the7-zoom-06\"><span><\/span><\/span><\/span><\/a><\/figure><\/div><div data-post-id=\"3462\" data-date=\"2024-03-10T22:01:08+00:00\" data-name=\"Cisterne za sumpornu kiselinu (1)\"><figure class=\"post\"><a href=\"https:\/\/cabarplast.com\/wp-content\/uploads\/2024\/03\/Cisterne-za-sumpornu-kiselinu-1.jpg\" class=\"rollover dt-pswp-item layzr-bg\" data-large_image_width=\"1080\" data-large_image_height=\"1080\" data-dt-img-description=\"\" title=\"Cisterne za sumpornu kiselinu (1)\"><img decoding=\"async\" class=\"preload-me owl-lazy-load aspect\" src=\"data:image\/svg+xml,%3Csvg%20xmlns%3D&#39;http%3A%2F%2Fwww.w3.org%2F2000%2Fsvg&#39;%20viewBox%3D&#39;0%200%201080%201080&#39;%2F%3E\" data-src=\"https:\/\/cabarplast.com\/wp-content\/uploads\/2024\/03\/Cisterne-za-sumpornu-kiselinu-1.jpg\" data-srcset=\"https:\/\/cabarplast.com\/wp-content\/uploads\/2024\/03\/Cisterne-za-sumpornu-kiselinu-1.jpg 1080w\" loading=\"eager\" style=\"--ratio: 1080 \/ 1080\" sizes=\"(max-width: 1080px) 100vw, 1080px\" alt=\"\" width=\"1080\" height=\"1080\"  \/><span class=\"gallery-rollover\"><span class=\"gallery-zoom-ico icomoon-the7-font-the7-zoom-06\"><span><\/span><\/span><\/span><\/a><\/figure><\/div><div data-post-id=\"3464\" data-date=\"2024-03-10T22:01:11+00:00\" data-name=\"Cisterne za sumpornu kiselinu (3)\"><figure class=\"post\"><a href=\"https:\/\/cabarplast.com\/wp-content\/uploads\/2024\/03\/Cisterne-za-sumpornu-kiselinu-3.jpg\" class=\"rollover dt-pswp-item layzr-bg\" data-large_image_width=\"1080\" data-large_image_height=\"1080\" data-dt-img-description=\"\" title=\"Cisterne za sumpornu kiselinu (3)\"><img decoding=\"async\" class=\"preload-me owl-lazy-load aspect\" src=\"data:image\/svg+xml,%3Csvg%20xmlns%3D&#39;http%3A%2F%2Fwww.w3.org%2F2000%2Fsvg&#39;%20viewBox%3D&#39;0%200%201080%201080&#39;%2F%3E\" data-src=\"https:\/\/cabarplast.com\/wp-content\/uploads\/2024\/03\/Cisterne-za-sumpornu-kiselinu-3.jpg\" data-srcset=\"https:\/\/cabarplast.com\/wp-content\/uploads\/2024\/03\/Cisterne-za-sumpornu-kiselinu-3.jpg 1080w\" loading=\"eager\" style=\"--ratio: 1080 \/ 1080\" sizes=\"(max-width: 1080px) 100vw, 1080px\" alt=\"\" width=\"1080\" height=\"1080\"  \/><span class=\"gallery-rollover\"><span class=\"gallery-zoom-ico icomoon-the7-font-the7-zoom-06\"><span><\/span><\/span><\/span><\/a><\/figure><\/div><div data-post-id=\"3465\" data-date=\"2024-03-10T22:01:12+00:00\" data-name=\"Cisterne za sumpornu kiselinu (4)\"><figure class=\"post\"><a href=\"https:\/\/cabarplast.com\/wp-content\/uploads\/2024\/03\/Cisterne-za-sumpornu-kiselinu-4.jpg\" class=\"rollover dt-pswp-item layzr-bg\" data-large_image_width=\"1080\" data-large_image_height=\"1080\" data-dt-img-description=\"\" title=\"Cisterne za sumpornu kiselinu (4)\"><img decoding=\"async\" class=\"preload-me owl-lazy-load aspect\" src=\"data:image\/svg+xml,%3Csvg%20xmlns%3D&#39;http%3A%2F%2Fwww.w3.org%2F2000%2Fsvg&#39;%20viewBox%3D&#39;0%200%201080%201080&#39;%2F%3E\" data-src=\"https:\/\/cabarplast.com\/wp-content\/uploads\/2024\/03\/Cisterne-za-sumpornu-kiselinu-4.jpg\" data-srcset=\"https:\/\/cabarplast.com\/wp-content\/uploads\/2024\/03\/Cisterne-za-sumpornu-kiselinu-4.jpg 1080w\" loading=\"eager\" style=\"--ratio: 1080 \/ 1080\" sizes=\"(max-width: 1080px) 100vw, 1080px\" alt=\"\" width=\"1080\" height=\"1080\"  \/><span class=\"gallery-rollover\"><span class=\"gallery-zoom-ico icomoon-the7-font-the7-zoom-06\"><span><\/span><\/span><\/span><\/a><\/figure><\/div><\/div>[vc_empty_space height=&#8220;20&#8243;][\/vc_column][vc_column width=&#8220;1\/2&#8243; css=&#8220;.vc_custom_1709647368309{border-left-width: 1px !important;padding-right: 30px !important;padding-left: 30px !important;border-left-color: #0e415f !important;border-left-style: solid !important;}&#8220;][vc_column_text css=&#8220;&#8220;]<\/p>\n<h1><strong>Schwefels\u00e4ure<\/strong>-Lagertanks<\/h1>\n<p>&nbsp;<\/p>\n<p>Schwefels\u00e4ure (H2SO4) ist ein unverzichtbarer Bestandteil in vielen Industrien, von der Herstellung von synthetischen D\u00fcngemitteln bis zur pharmazeutischen Industrie, Metallurgie und vielen anderen. Aufgrund ihrer Vielseitigkeit und Aggressivit\u00e4t stellt die Lagerung von H2SO4 besondere Anforderungen an die Materialien und die Konstruktion der verwendeten Tanks.<\/p>\n<p>Aus diesem Grund stellen Kunststofftanks aus Polyethylen hoher Dichte (HDPE) aufgrund ihrer au\u00dfergew\u00f6hnlichen Eigenschaften eine ideale L\u00f6sung dar.<br \/>\n[\/vc_column_text][vc_empty_space height=&#8220;20&#8243;]<a href=\"https:\/\/cabarplast.com\/de\/kontaktinformationen-cabar-plast\/\" class=\"btn-shortcode dt-btn-m dt-btn default-btn-color default-btn-hover-color default-btn-bg-color default-btn-bg-hover-color\" id=\"dt-btn-1\"><span>Kontaktieren Sie uns<\/span><\/a>[\/vc_column][\/vc_row][vc_row][vc_column][vc_empty_space][vc_column_text css=&#8220;.vc_custom_1738761877275{padding-right: 30px !important;padding-left: 30px !important;}&#8220;]<\/p>\n<h2><strong>Technische Spezifikationen<\/strong> und Design von H2SO4-Tanks<\/h2>\n<p>Tanks zur Lagerung von Schwefels\u00e4ure werden aus HDPE-Material hergestellt, das sich durch hohe chemische und mechanische Best\u00e4ndigkeit auszeichnet. Diese Eigenschaft ist angesichts der Korrosivit\u00e4t von Schwefels\u00e4ure entscheidend. Ein weiterer Vorteil von HDPE ist seine Flexibilit\u00e4t und Schlagz\u00e4higkeit, wodurch das Risiko von Sch\u00e4den w\u00e4hrend des Gebrauchs und der Handhabung minimiert wird.<\/p>\n<p>Das Design der Tanks beinhaltet oft eine Doppelwand, die als zus\u00e4tzlicher Schutz dient. Im Falle einer Besch\u00e4digung der Innenwand verhindert die Au\u00dfenwand das Auslaufen der S\u00e4ure und reduziert so das Risiko von Umweltvorf\u00e4llen und Sch\u00e4den an Eigentum und Gesundheit erheblich. F\u00fcr gr\u00f6\u00dfere Volumina k\u00f6nnen die Tanks auch mit Auffangwannen ausgestattet werden, die ein zus\u00e4tzliches Ma\u00df an Sicherheit bieten.<br \/>\n[\/vc_column_text][vc_empty_space height=&#8220;50&#8243;][\/vc_column][\/vc_row][vc_row full_width=&#8220;stretch_row_content_no_spaces&#8220;][vc_column][vc_column_text]<img loading=\"lazy\" decoding=\"async\" class=\"aligncenter wp-image-232 size-full\" src=\"https:\/\/cabarplast.com\/wp-content\/uploads\/2024\/03\/footer-4.png\" alt=\"\" width=\"1919\" height=\"50\" srcset=\"https:\/\/cabarplast.com\/wp-content\/uploads\/2024\/03\/footer-4.png 1919w, https:\/\/cabarplast.com\/wp-content\/uploads\/2024\/03\/footer-4-300x8.png 300w, https:\/\/cabarplast.com\/wp-content\/uploads\/2024\/03\/footer-4-1024x27.png 1024w, https:\/\/cabarplast.com\/wp-content\/uploads\/2024\/03\/footer-4-768x20.png 768w, https:\/\/cabarplast.com\/wp-content\/uploads\/2024\/03\/footer-4-1536x40.png 1536w\" sizes=\"auto, (max-width: 1919px) 100vw, 1919px\" \/>[\/vc_column_text][\/vc_column][\/vc_row][vc_row full_width=&#8220;stretch_row&#8220; css=&#8220;.vc_custom_1709643894007{background-color: #0e415f !important;}&#8220;][vc_column][vc_column_text css=&#8220;.vc_custom_1738764286727{padding-right: 30px !important;padding-left: 30px !important;}&#8220;]<\/p>\n<h2><span style=\"color: #fcb426;\"><strong>Vorteile<\/strong> von HDPE-Tanks zur Lagerung von H2SO4<\/span><\/h2>\n<ul>\n<li><span style=\"color: #fcb426;\">Korrosionsbest\u00e4ndigkeit: <\/span><span style=\"color: #ffffff;\">Im Gegensatz zu Metalltanks ist HDPE-Material vollst\u00e4ndig korrosionsbest\u00e4ndig und gew\u00e4hrleistet eine lange Lebensdauer ohne h\u00e4ufige Wartung oder Austausch.<\/span><\/li>\n<li><span style=\"color: #fcb426;\">L\u00e4ngere Lebensdauer: <\/span><span style=\"color: #ffffff;\">HDPE-Material stellt sicher, dass Tanks jahrzehntelang mit minimalem Wartungsaufwand genutzt werden k\u00f6nnen.<br \/>\n<\/span><\/li>\n<li><span style=\"color: #fcb426;\">Geringere Installations- und Wartungskosten: <\/span><span style=\"color: #ffffff;\">Die Leichtigkeit des Materials reduziert die Transport- und Installationskosten, w\u00e4hrend seine Best\u00e4ndigkeit gegen Chemikalien und Korrosion der Grund f\u00fcr reduzierte Wartungskosten ist.<\/span><\/li>\n<li><span style=\"color: #fcb426;\">Designflexibilit\u00e4t: <\/span><span style=\"color: #ffffff;\">HDPE-Tanks k\u00f6nnen in verschiedenen Formen und Abmessungen hergestellt werden und sich so an die spezifischen Anforderungen des Projekts anpassen.<\/span><\/li>\n<li><span style=\"color: #fcb426;\">W\u00e4rmeisolierung: <\/span> <span style=\"color: #ffffff;\">Das Material bietet eine gute W\u00e4rmeisolierung, was besonders wichtig bei der Lagerung von Chemikalien ist, die empfindlich auf Temperatur\u00e4nderungen reagieren k\u00f6nnen.<\/span><\/li>\n<li><span style=\"color: #fcb426;\">Elektrische Nichtleitf\u00e4higkeit: <\/span><span style=\"color: #ffffff;\"> HDPE ist ein elektrischer Isolator, was die Sicherheit bei der Lagerung und Handhabung von Chemikalien weiter erh\u00f6ht.<\/span><\/li>\n<\/ul>\n<p>[\/vc_column_text][vc_empty_space height=&#8220;50&#8243;][\/vc_column][\/vc_row][vc_row full_width=&#8220;stretch_row&#8220; css=&#8220;.vc_custom_1709644275584{background-color: #efefef !important;}&#8220;][vc_column][vc_column_text css=&#8220;.vc_custom_1738764325396{padding-right: 30px !important;padding-left: 30px !important;}&#8220;]<\/p>\n<h2>Standardabmessungen und Anpassungsm\u00f6glichkeiten<\/h2>\n<p>Tanks f\u00fcr H2SO4 sind in Standardabmessungen erh\u00e4ltlich, die die meisten Anforderungen erf\u00fcllen, von kleinen Kapazit\u00e4ten von 250 Litern bis zu gro\u00dfen Industrietanks von 50.000 Litern und mehr. F\u00fcr spezifische Projekte ist es m\u00f6glich, kundenspezifische Tanks nach Kundenwunsch und Projektspezifikationen herzustellen.<\/p>\n<h2>Sichere Lagerungspraktiken<\/h2>\n<p>Die ordnungsgem\u00e4\u00dfe Lagerung von Schwefels\u00e4ure ist aufgrund ihrer korrosiven Eigenschaften und des Potenzials f\u00fcr gef\u00e4hrliche Reaktionen von entscheidender Bedeutung. Tanks m\u00fcssen entfernt von direkter Sonneneinstrahlung und W\u00e4rmequellen aufgestellt werden, um das Risiko temperaturbedingter Reaktionen zu minimieren. Gesetzliche Richtlinien bieten umfassende Anweisungen f\u00fcr den Umgang und die Lagerung von Schwefels\u00e4ure und betonen die Wichtigkeit der Verwendung zugelassener Beh\u00e4lter und der Einhaltung der konzentrationsspezifischen Anforderungen.<\/p>\n<h2>Handhabungs- und Sicherheitsrichtlinien<\/h2>\n<p>Der Umgang mit Schwefels\u00e4ure erfordert aufgrund ihrer stark \u00e4tzenden Natur strenge Sicherheitsma\u00dfnahmen. Pers\u00f6nliche Schutzausr\u00fcstung (PSA) ist unerl\u00e4sslich, um den Kontakt mit der S\u00e4ure zu vermeiden, der schwere Verbrennungen und Atemprobleme verursachen kann. Schulungen zum sicheren Umgang und zu Notfallma\u00dfnahmen sind f\u00fcr alle Personen, die mit der Lagerung und Verwendung von Schwefels\u00e4ure befasst sind, von entscheidender Bedeutung.<br \/>\n[\/vc_column_text][vc_empty_space][\/vc_column][\/vc_row][vc_row][vc_column][vc_column_text css=&#8220;.vc_custom_1738764477731{padding-top: 30px !important;padding-right: 30px !important;padding-bottom: 30px !important;padding-left: 30px !important;background-color: #0e415f !important;border-radius: 15px !important;}&#8220;]<\/p>\n<h2><span style=\"color: #fcb426;\">Anwendungsm\u00f6glichkeiten von Schwefels\u00e4ure<\/span><\/h2>\n<p><span style=\"color: #ffffff;\">Die Vielseitigkeit von Schwefels\u00e4ure macht sie zu einer Schl\u00fcsselkomponente in zahlreichen industriellen Prozessen. Sie wird bei der Herstellung von Phosphors\u00e4ure und Phosphatd\u00fcngern, bei der Metallveredelung und als Elektrolyt in Blei-S\u00e4ure-Batterien verwendet. Ihre Rolle in der chemischen Synthese und Wasseraufbereitung unterstreicht ihre Bedeutung in der modernen Industrie zus\u00e4tzlich.<br \/>\n<\/span>[\/vc_column_text][vc_empty_space][\/vc_column][\/vc_row][vc_row][vc_column][vc_column_text css=&#8220;.vc_custom_1738764559300{padding-right: 30px !important;padding-left: 30px !important;}&#8220;]<\/p>\n<h2><strong>Umwelt<\/strong> &#8211; und Gesundheitsaspekte<\/h2>\n<p>Die Lagerung und Verwendung von Schwefels\u00e4ure birgt erhebliche Umwelt- und Gesundheitsrisiken. Ordnungsgem\u00e4\u00dfe Eind\u00e4mmungs- und Handhabungspraktiken sind unerl\u00e4sslich, um Versch\u00fcttungen und Lecks zu verhindern, die die Umwelt und die menschliche Gesundheit sch\u00e4digen k\u00f6nnen. Die Einhaltung gesetzlicher Vorschriften und der Umweltschutz sind von gr\u00f6\u00dfter Bedeutung bei der Bew\u00e4ltigung der mit Schwefels\u00e4ure verbundenen Risiken.<\/p>\n<h2><strong>Anpassung<\/strong> und technische Unterst\u00fctzung<\/h2>\n<p>Da wir die unterschiedlichen Bed\u00fcrfnisse von Industrien verstehen, die Schwefels\u00e4ure verwenden, sind Lagerl\u00f6sungen in hohem Ma\u00dfe anpassbar. Von der Tankgr\u00f6\u00dfe und -form bis hin zur Einbindung von \u00dcberwachungs- und Steuerungssystemen k\u00f6nnen Tanks auf spezifische betriebliche Anforderungen zugeschnitten werden. Technische Unterst\u00fctzung gew\u00e4hrleistet, dass Lagersysteme nach h\u00f6chsten Standards konstruiert und gewartet werden, was Zuverl\u00e4ssigkeit und Sicherheit bei der Schwefels\u00e4urelagerung bietet.<\/p>\n<p>Durch die Wahl von HDPE-Tanks zur Lagerung von Schwefels\u00e4ure entscheiden sich Unternehmen f\u00fcr eine zuverl\u00e4ssige, sichere und langfristige L\u00f6sung, die ein hohes Ma\u00df an Schutz f\u00fcr Umwelt, Eigentum und Menschen gew\u00e4hrleistet. Korrosionsbest\u00e4ndigkeit, Designflexibilit\u00e4t, Kosteneffizienz und Wartungsfreundlichkeit machen HDPE-Tanks zur optimalen Wahl f\u00fcr die Lagerung von H2SO4 und anderen aggressiven Chemikalien.[\/vc_column_text][vc_empty_space][\/vc_column][\/vc_row][vc_row full_width=&#8220;stretch_row_content_no_spaces&#8220;][vc_column][vc_column_text]<img loading=\"lazy\" decoding=\"async\" class=\"aligncenter wp-image-232 size-full\" src=\"https:\/\/cabarplast.com\/wp-content\/uploads\/2024\/03\/footer-4.png\" alt=\"\" width=\"1919\" height=\"50\" srcset=\"https:\/\/cabarplast.com\/wp-content\/uploads\/2024\/03\/footer-4.png 1919w, https:\/\/cabarplast.com\/wp-content\/uploads\/2024\/03\/footer-4-300x8.png 300w, https:\/\/cabarplast.com\/wp-content\/uploads\/2024\/03\/footer-4-1024x27.png 1024w, https:\/\/cabarplast.com\/wp-content\/uploads\/2024\/03\/footer-4-768x20.png 768w, https:\/\/cabarplast.com\/wp-content\/uploads\/2024\/03\/footer-4-1536x40.png 1536w\" sizes=\"auto, (max-width: 1919px) 100vw, 1919px\" \/>[\/vc_column_text][\/vc_column][\/vc_row]<\/p>\n<\/div>","protected":false},"excerpt":{"rendered":"<p>[vc_row][vc_column width=&#8220;1\/2&#8243;][vc_empty_space height=&#8220;20&#8243;][\/vc_column][vc_column width=&#8220;1\/2&#8243; css=&#8220;.vc_custom_1709647368309{border-left-width: 1px !important;padding-right: 30px !important;padding-left: 30px !important;border-left-color: #0e415f !important;border-left-style: solid !important;}&#8220;][vc_column_text css=&#8220;&#8220;] Schwefels\u00e4ure-Lagertanks &nbsp; Schwefels\u00e4ure (H2SO4) ist ein unverzichtbarer Bestandteil in vielen Industrien, von der Herstellung von synthetischen D\u00fcngemitteln bis zur pharmazeutischen Industrie, Metallurgie und vielen anderen. Aufgrund ihrer Vielseitigkeit und Aggressivit\u00e4t stellt die Lagerung von H2SO4 besondere Anforderungen an die&hellip;<\/p>\n","protected":false},"author":1,"featured_media":0,"parent":0,"menu_order":0,"comment_status":"closed","ping_status":"closed","template":"","meta":{"footnotes":""},"class_list":["post-3457","page","type-page","status-publish","hentry","description-off"],"_links":{"self":[{"href":"https:\/\/cabarplast.com\/de\/wp-json\/wp\/v2\/pages\/3457","targetHints":{"allow":["GET"]}}],"collection":[{"href":"https:\/\/cabarplast.com\/de\/wp-json\/wp\/v2\/pages"}],"about":[{"href":"https:\/\/cabarplast.com\/de\/wp-json\/wp\/v2\/types\/page"}],"author":[{"embeddable":true,"href":"https:\/\/cabarplast.com\/de\/wp-json\/wp\/v2\/users\/1"}],"replies":[{"embeddable":true,"href":"https:\/\/cabarplast.com\/de\/wp-json\/wp\/v2\/comments?post=3457"}],"version-history":[{"count":2,"href":"https:\/\/cabarplast.com\/de\/wp-json\/wp\/v2\/pages\/3457\/revisions"}],"predecessor-version":[{"id":3460,"href":"https:\/\/cabarplast.com\/de\/wp-json\/wp\/v2\/pages\/3457\/revisions\/3460"}],"wp:attachment":[{"href":"https:\/\/cabarplast.com\/de\/wp-json\/wp\/v2\/media?parent=3457"}],"curies":[{"name":"wp","href":"https:\/\/api.w.org\/{rel}","templated":true}]}}