{"id":3449,"date":"2024-03-04T21:01:31","date_gmt":"2024-03-04T21:01:31","guid":{"rendered":"https:\/\/cabarplast.com\/cisterne-za-demi-vodu\/"},"modified":"2025-02-05T11:10:44","modified_gmt":"2025-02-05T11:10:44","slug":"tanks-fuer-entionisiertes-wasser","status":"publish","type":"page","link":"https:\/\/cabarplast.com\/de\/tanks-fuer-entionisiertes-wasser\/","title":{"rendered":"Tanks f\u00fcr entionisiertes Wasser"},"content":{"rendered":"<div class=\"wpb-content-wrapper\"><p>[vc_row][vc_column width=&#8220;1\/2&#8243;]<style type=\"text\/css\" data-type=\"the7_shortcodes-inline-css\">.gallery-carousel-shortcode.gallery-carousel-shortcode-id-ea86e9e47640bf927f3dd93e25f061b4 .owl-nav a {\n  width: 30px;\n  height: 30px;\n  border-radius: 500px;\n}\n.dt-arrow-border-on.gallery-carousel-shortcode.gallery-carousel-shortcode-id-ea86e9e47640bf927f3dd93e25f061b4 .owl-nav a:not(:hover):before {\n  border-width: 0px;\n}\n.dt-arrow-hover-border-on.gallery-carousel-shortcode.gallery-carousel-shortcode-id-ea86e9e47640bf927f3dd93e25f061b4 .owl-nav a:hover:after {\n  border-width: 0px;\n}\n.gallery-carousel-shortcode.gallery-carousel-shortcode-id-ea86e9e47640bf927f3dd93e25f061b4 .owl-nav a.owl-prev {\n  top: calc(100% + 0px);\n  left: -43px;\n}\n.gallery-carousel-shortcode.gallery-carousel-shortcode-id-ea86e9e47640bf927f3dd93e25f061b4 .owl-nav a.owl-prev i {\n  padding: 0px 5px 0px 5px;\n}\n.gallery-carousel-shortcode.gallery-carousel-shortcode-id-ea86e9e47640bf927f3dd93e25f061b4 .owl-nav a.owl-next {\n  top: calc(100% + 0px);\n  right: -43px;\n}\n.gallery-carousel-shortcode.gallery-carousel-shortcode-id-ea86e9e47640bf927f3dd93e25f061b4 .owl-nav a.owl-next i {\n  padding: 0px 5px 0px 5px;\n}\n.gallery-carousel-shortcode.gallery-carousel-shortcode-id-ea86e9e47640bf927f3dd93e25f061b4 .owl-nav i {\n  font-size: 15px;\n}\n.gallery-carousel-shortcode.gallery-carousel-shortcode-id-ea86e9e47640bf927f3dd93e25f061b4 .owl-nav a:not(:hover) i,\n.gallery-carousel-shortcode.gallery-carousel-shortcode-id-ea86e9e47640bf927f3dd93e25f061b4 .owl-nav a:not(:hover) i:before {\n  color: #ffffff;\n  background: none;\n}\n.gallery-carousel-shortcode.gallery-carousel-shortcode-id-ea86e9e47640bf927f3dd93e25f061b4 .owl-nav a:hover i,\n.gallery-carousel-shortcode.gallery-carousel-shortcode-id-ea86e9e47640bf927f3dd93e25f061b4 .owl-nav a:hover i:before {\n  color: rgba(255,255,255,0.75);\n  background: none;\n}\n.gallery-carousel-shortcode.gallery-carousel-shortcode-id-ea86e9e47640bf927f3dd93e25f061b4 .owl-dots {\n  top: calc(100% + 20px);\n  left: 50%;\n  transform: translateX(calc(-50% + 0px));\n}\n@media all and (-ms-high-contrast: none) {\n  .gallery-carousel-shortcode.gallery-carousel-shortcode-id-ea86e9e47640bf927f3dd93e25f061b4 .owl-dots {\n    transform: translateX(-50%);\n    margin-left: 0px;\n  }\n}\n.gallery-carousel-shortcode.gallery-carousel-shortcode-id-ea86e9e47640bf927f3dd93e25f061b4 .owl-dot {\n  width: 10px;\n  height: 10px;\n  margin: 0 8px;\n}\n@media screen and (max-width: 778px) {\n  .gallery-carousel-shortcode.gallery-carousel-shortcode-id-ea86e9e47640bf927f3dd93e25f061b4.hide-arrows .owl-nav a {\n    display: none;\n  }\n}\n@media screen and (max-width: 778px) {\n  .gallery-carousel-shortcode.gallery-carousel-shortcode-id-ea86e9e47640bf927f3dd93e25f061b4.reposition-arrows .owl-nav .owl-prev {\n    top: calc(100% + 0px);\n    left: 10px;\n  }\n  .gallery-carousel-shortcode.gallery-carousel-shortcode-id-ea86e9e47640bf927f3dd93e25f061b4.reposition-arrows .owl-nav .owl-next {\n    top: calc(100% + 0px);\n    right: 10px;\n  }\n}\n.gallery-carousel-shortcode.gallery-carousel-shortcode-id-ea86e9e47640bf927f3dd93e25f061b4 figure,\n.gallery-carousel-shortcode.gallery-carousel-shortcode-id-ea86e9e47640bf927f3dd93e25f061b4 .rollover,\n.gallery-carousel-shortcode.gallery-carousel-shortcode-id-ea86e9e47640bf927f3dd93e25f061b4 img,\n.gallery-carousel-shortcode.gallery-carousel-shortcode-id-ea86e9e47640bf927f3dd93e25f061b4 .gallery-rollover {\n  border-radius: 0px;\n}\n.gallery-carousel-shortcode.gallery-carousel-shortcode-id-ea86e9e47640bf927f3dd93e25f061b4.enable-bg-rollover .gallery-rollover {\n  background: -webkit-linear-gradient();\n  background: linear-gradient();\n}\n.gallery-carousel-shortcode.gallery-carousel-shortcode-id-ea86e9e47640bf927f3dd93e25f061b4.enable-img-shadow .owl-stage-outer {\n  padding: 14px 0;\n}\n.gallery-carousel-shortcode.gallery-carousel-shortcode-id-ea86e9e47640bf927f3dd93e25f061b4.enable-bg-rollover.hover-scale figure .rollover:after {\n  background: -webkit-linear-gradient();\n  background: linear-gradient();\n}\n.gallery-carousel-shortcode.gallery-carousel-shortcode-id-ea86e9e47640bf927f3dd93e25f061b4.gallery-shortcode .gallery-zoom-ico {\n  width: 44px;\n  height: 44px;\n  line-height: 44px;\n  border-radius: 100px;\n  margin: -22px 0 0 -22px;\n  border-width: 0px;\n}\n.dt-icon-bg-on.gallery-carousel-shortcode.gallery-carousel-shortcode-id-ea86e9e47640bf927f3dd93e25f061b4.gallery-shortcode .gallery-zoom-ico {\n  background: rgba(255,255,255,0.3);\n  box-shadow: none;\n}\n.gallery-carousel-shortcode.gallery-carousel-shortcode-id-ea86e9e47640bf927f3dd93e25f061b4.gallery-shortcode .gallery-zoom-ico:before,\n.gallery-carousel-shortcode.gallery-carousel-shortcode-id-ea86e9e47640bf927f3dd93e25f061b4.gallery-shortcode .gallery-zoom-ico span {\n  font-size: 32px;\n  line-height: 44px;\n  color: #ffffff;\n  background: none;\n}\n<\/style><div class=\"owl-carousel gallery-carousel-shortcode gallery-shortcode  dt-gallery-container dt-owl-carousel-call gallery-carousel-shortcode-id-ea86e9e47640bf927f3dd93e25f061b4 quick-scale-img enable-bg-rollover meta-info-off dt-arrow-border-on dt-arrow-hover-border-on bullets-small-dot-stroke reposition-arrows dt-icon-bg-off arrows-bg-on disable-arrows-hover-bg arrows-hover-bg-on  vc_custom_1713175280193 hover-fade \" data-scroll-mode=\"1\" data-col-num=\"1\" data-wide-col-num=\"1\" data-laptop-col=\"1\" data-h-tablet-columns-num=\"1\" data-v-tablet-columns-num=\"1\" data-phone-columns-num=\"1\" data-col-gap=\"10\" data-stage-padding=\"0\" data-speed=\"600\" data-autoplay=\"false\" data-autoplay_speed=\"6000\" data-arrows=\"true\" data-bullet=\"false\" data-next-icon=\"icon-ar-017-r\" data-prev-icon=\"icon-ar-017-l\" data-img-shadow-size=\"12px\" data-img-shadow-spread=\"3px\"><div data-post-id=\"3453\" data-date=\"2024-03-09T22:06:00+00:00\" data-name=\"Cisterne za demi vodu (1)\"><figure class=\"post\"><a href=\"https:\/\/cabarplast.com\/wp-content\/uploads\/2024\/03\/Cisterne-za-demi-vodu-1.jpg\" class=\"rollover dt-pswp-item layzr-bg\" data-large_image_width=\"1080\" data-large_image_height=\"1080\" data-dt-img-description=\"\" title=\"Cisterne za demi vodu (1)\"><img fetchpriority=\"high\" decoding=\"async\" class=\"preload-me owl-lazy-load aspect\" src=\"data:image\/svg+xml,%3Csvg%20xmlns%3D&#39;http%3A%2F%2Fwww.w3.org%2F2000%2Fsvg&#39;%20viewBox%3D&#39;0%200%201080%201080&#39;%2F%3E\" data-src=\"https:\/\/cabarplast.com\/wp-content\/uploads\/2024\/03\/Cisterne-za-demi-vodu-1.jpg\" data-srcset=\"https:\/\/cabarplast.com\/wp-content\/uploads\/2024\/03\/Cisterne-za-demi-vodu-1.jpg 1080w\" loading=\"eager\" style=\"--ratio: 1080 \/ 1080\" sizes=\"(max-width: 1080px) 100vw, 1080px\" alt=\"\" width=\"1080\" height=\"1080\"  \/><span class=\"gallery-rollover\"><span class=\"gallery-zoom-ico icomoon-the7-font-the7-zoom-06\"><span><\/span><\/span><\/span><\/a><\/figure><\/div><div data-post-id=\"3454\" data-date=\"2024-03-09T22:06:01+00:00\" data-name=\"Cisterne za demi vodu (2)\"><figure class=\"post\"><a href=\"https:\/\/cabarplast.com\/wp-content\/uploads\/2024\/03\/Cisterne-za-demi-vodu-2.jpg\" class=\"rollover dt-pswp-item layzr-bg\" data-large_image_width=\"1080\" data-large_image_height=\"1080\" data-dt-img-description=\"\" title=\"Cisterne za demi vodu (2)\"><img decoding=\"async\" class=\"preload-me owl-lazy-load aspect\" src=\"data:image\/svg+xml,%3Csvg%20xmlns%3D&#39;http%3A%2F%2Fwww.w3.org%2F2000%2Fsvg&#39;%20viewBox%3D&#39;0%200%201080%201080&#39;%2F%3E\" data-src=\"https:\/\/cabarplast.com\/wp-content\/uploads\/2024\/03\/Cisterne-za-demi-vodu-2.jpg\" data-srcset=\"https:\/\/cabarplast.com\/wp-content\/uploads\/2024\/03\/Cisterne-za-demi-vodu-2.jpg 1080w\" loading=\"eager\" style=\"--ratio: 1080 \/ 1080\" sizes=\"(max-width: 1080px) 100vw, 1080px\" alt=\"\" width=\"1080\" height=\"1080\"  \/><span class=\"gallery-rollover\"><span class=\"gallery-zoom-ico icomoon-the7-font-the7-zoom-06\"><span><\/span><\/span><\/span><\/a><\/figure><\/div><div data-post-id=\"3455\" data-date=\"2024-03-09T22:06:02+00:00\" data-name=\"Cisterne za demi vodu (3)\"><figure class=\"post\"><a href=\"https:\/\/cabarplast.com\/wp-content\/uploads\/2024\/03\/Cisterne-za-demi-vodu-3.jpg\" class=\"rollover dt-pswp-item layzr-bg\" data-large_image_width=\"1080\" data-large_image_height=\"1080\" data-dt-img-description=\"\" title=\"Cisterne za demi vodu (3)\"><img decoding=\"async\" class=\"preload-me owl-lazy-load aspect\" src=\"data:image\/svg+xml,%3Csvg%20xmlns%3D&#39;http%3A%2F%2Fwww.w3.org%2F2000%2Fsvg&#39;%20viewBox%3D&#39;0%200%201080%201080&#39;%2F%3E\" data-src=\"https:\/\/cabarplast.com\/wp-content\/uploads\/2024\/03\/Cisterne-za-demi-vodu-3.jpg\" data-srcset=\"https:\/\/cabarplast.com\/wp-content\/uploads\/2024\/03\/Cisterne-za-demi-vodu-3.jpg 1080w\" loading=\"eager\" style=\"--ratio: 1080 \/ 1080\" sizes=\"(max-width: 1080px) 100vw, 1080px\" alt=\"\" width=\"1080\" height=\"1080\"  \/><span class=\"gallery-rollover\"><span class=\"gallery-zoom-ico icomoon-the7-font-the7-zoom-06\"><span><\/span><\/span><\/span><\/a><\/figure><\/div><\/div>[\/vc_column][vc_column width=&#8220;1\/2&#8243; css=&#8220;.vc_custom_1709671835767{border-left-width: 1px !important;padding-right: 30px !important;padding-bottom: 30px !important;padding-left: 30px !important;border-left-color: #0e415f !important;border-left-style: solid !important;}&#8220;][vc_column_text css=&#8220;&#8220;]<\/p>\n<h1>Tanks f\u00fcr <strong>entionisiertes Wasser<\/strong><\/h1>\n<p>&nbsp;<\/p>\n<p>\u010cabar Plast ist ein f\u00fchrender Hersteller von hochwertigen Kunststofftanks und -beh\u00e4ltern, einschlie\u00dflich solcher, die f\u00fcr die Lagerung von entionisiertem (DI) Wasser bestimmt sind.<\/p>\n<p>DI-Wasser, das f\u00fcr seine au\u00dfergew\u00f6hnliche Reinheit und das Fehlen von gel\u00f6sten Salzen bekannt ist, ist in vielen industriellen Prozessen unerl\u00e4sslich, von der Automobilherstellung und pharmazeutischen Produktion bis hin zur Lebensmittelindustrie und Laboranwendungen.<br \/>\n[\/vc_column_text][vc_empty_space height=&#8220;20&#8243;]<a href=\"https:\/\/cabarplast.com\/de\/kontaktinformationen-cabar-plast\/\" class=\"btn-shortcode dt-btn-m dt-btn default-btn-color default-btn-hover-color default-btn-bg-color default-btn-bg-hover-color\" id=\"dt-btn-1\"><span>Kontaktieren Sie uns<\/span><\/a>[\/vc_column][\/vc_row][vc_row][vc_column][vc_empty_space height=&#8220;50&#8243;][vc_column_text css=&#8220;.vc_custom_1738753484656{padding-right: 30px !important;padding-left: 30px !important;}&#8220;]<\/p>\n<h2><strong>Vertikale und horizontale Tanks<\/strong> f\u00fcr DI-Wasser<\/h2>\n<p>\u010cabar Plast bietet zwei grundlegende Varianten von Tanks zur Lagerung von DI-Wasser an: vertikale Tanks, ideal f\u00fcr die Aufstellung auf dem Boden, und horizontale Tanks, die typischerweise eingegraben werden. Diese Tanks bestehen aus Polyethylen hoher Dichte (HDPE), einem Material, das f\u00fcr seine au\u00dfergew\u00f6hnlichen chemischen und mechanischen Widerstandseigenschaften bekannt ist. HDPE-Material gew\u00e4hrleistet die Sicherheit und Langlebigkeit der DI-Wasserlagerung und erh\u00e4lt die Sauberkeit und Sicherheit des Wassers f\u00fcr den Einsatz in verschiedenen Anwendungen.<\/p>\n<h2>Anwendung von DI-Wasser und die Bedeutung von Qualit\u00e4tstanks<\/h2>\n<p>DI-Wasser wird in einer Vielzahl von industriellen Prozessen eingesetzt und stellt hohe Anforderungen an Lagersysteme. Die vertikalen und horizontalen Tanks von \u010cabar Plast erf\u00fcllen diese Anforderungen und bieten eine zuverl\u00e4ssige Lagerl\u00f6sung, die DI-Wasser vor externen Verunreinigungen sch\u00fctzt und seine Eigenschaften bewahrt. Dar\u00fcber hinaus sind diese Tanks so konzipiert, dass sie eine einfache Handhabung und einen einfachen Zugang erm\u00f6glichen, was f\u00fcr die effiziente Wartung und Nutzung von DI-Wasser in industriellen Prozessen entscheidend ist.<br \/>\n[\/vc_column_text][vc_empty_space height=&#8220;50&#8243;][\/vc_column][\/vc_row][vc_row full_width=&#8220;stretch_row_content_no_spaces&#8220;][vc_column][vc_column_text]<img loading=\"lazy\" decoding=\"async\" class=\"aligncenter wp-image-232 size-full\" src=\"https:\/\/cabarplast.com\/wp-content\/uploads\/2024\/03\/footer-4.png\" alt=\"\" width=\"1919\" height=\"50\" srcset=\"https:\/\/cabarplast.com\/wp-content\/uploads\/2024\/03\/footer-4.png 1919w, https:\/\/cabarplast.com\/wp-content\/uploads\/2024\/03\/footer-4-300x8.png 300w, https:\/\/cabarplast.com\/wp-content\/uploads\/2024\/03\/footer-4-1024x27.png 1024w, https:\/\/cabarplast.com\/wp-content\/uploads\/2024\/03\/footer-4-768x20.png 768w, https:\/\/cabarplast.com\/wp-content\/uploads\/2024\/03\/footer-4-1536x40.png 1536w\" sizes=\"auto, (max-width: 1919px) 100vw, 1919px\" \/>[\/vc_column_text][\/vc_column][\/vc_row][vc_row full_width=&#8220;stretch_row&#8220; css=&#8220;.vc_custom_1709643894007{background-color: #0e415f !important;}&#8220;][vc_column][vc_column_text css=&#8220;.vc_custom_1738753745235{padding-right: 30px !important;padding-left: 30px !important;}&#8220;]<\/p>\n<h2><span style=\"color: #fcb426;\"><strong>Vorteile<\/strong> von \u010cabar Plast Tanks f\u00fcr DI-Wasser<br \/>\n<\/span><\/h2>\n<ul>\n<li><span style=\"color: #fcb426;\">Korrosionsbest\u00e4ndigkeit und chemische Inertheit:<\/span> <span style=\"color: #ffffff;\"> HDPE-Material erm\u00f6glicht es \u010cabar Plast Tanks, den chemischen Einfl\u00fcssen von DI-Wasser standzuhalten und so dessen Reinheit und Sicherheit zu gew\u00e4hrleisten.<br \/>\n<\/span><\/li>\n<li><span style=\"color: #fcb426;\">Lange Lebensdauer: <\/span> <span style=\"color: #ffffff;\">Dank des hochwertigen Materials haben Tanks f\u00fcr DI-Wasser eine lange Lebensdauer, was den Bedarf an h\u00e4ufigem Austausch verringert und Kosten senkt.<br \/>\n<\/span><\/li>\n<li><span style=\"color: #fcb426;\">Flexibilit\u00e4t und Anpassungsf\u00e4higkeit: <\/span> <span style=\"color: #ffffff;\">Die M\u00f6glichkeit, zwischen vertikalen und horizontalen Varianten zu w\u00e4hlen, sowie Anpassungsoptionen wie Hebe\u00f6sen, F\u00fc\u00dfe, F\u00fcllstandsanzeiger, Leitern, Stufen und Pumpenst\u00e4nder erm\u00f6glichen es Benutzern, die Tanks an die spezifischen Bed\u00fcrfnisse ihrer Projekte anzupassen.<\/span><\/li>\n<li><span style=\"color: #fcb426;\">Einfache Montage und Wartung:<\/span> <span style=\"color: #ffffff;\"> Das geringe Gewicht des HDPE-Materials erleichtert den Transport und die Installation der Tanks, w\u00e4hrend ihr Design eine einfache Wartung und Reinigung erm\u00f6glicht.<br \/>\n<\/span><\/li>\n<li><span style=\"color: #fcb426;\">UV-Stabilit\u00e4t:<\/span> <span style=\"color: #ffffff;\"> Das Material, aus dem die Tanks hergestellt werden, ist UV-stabil, d. h. sie sind best\u00e4ndig gegen l\u00e4ngere Sonneneinstrahlung, was ihre Lebensdauer weiter verl\u00e4ngert.<br \/>\n<\/span><\/li>\n<li><span style=\"color: #fcb426;\">W\u00e4rmeisolierung:<\/span> <span style=\"color: #ffffff;\"> \u010cabar Plast Tanks sind nicht nur best\u00e4ndig gegen chemische Einfl\u00fcsse, sondern bieten auch eine gute W\u00e4rmeisolierung und halten die Temperatur des gelagerten DI-Wassers stabil.<br \/>\n<\/span><\/li>\n<\/ul>\n<p>[\/vc_column_text][vc_empty_space height=&#8220;50&#8243;][\/vc_column][\/vc_row][vc_row full_width=&#8220;stretch_row&#8220; css=&#8220;.vc_custom_1709644275584{background-color: #efefef !important;}&#8220;][vc_column][vc_column_text css=&#8220;.vc_custom_1738753802846{padding-right: 30px !important;padding-left: 30px !important;}&#8220;]<\/p>\n<h2>Breite Anwendung von DI-Wasser<\/h2>\n<p>Entionisiertes Wasser ist in zahlreichen Industriebereichen von entscheidender Bedeutung, darunter:<\/p>\n<ul>\n<li><strong>Automobilindustrie:<\/strong> Wo es als Teil des K\u00fchlprozesses sowie f\u00fcr die Herstellung und Wartung von Batterien verwendet wird.<\/li>\n<li><strong>Metallindustrie:<\/strong> F\u00fcr Galvanisierungsprozesse, Metallreinigung und als Mittel zur Verhinderung von Korrosion.<\/li>\n<li><strong>Pharmazeutische Industrie:<\/strong> Bei der Herstellung von Medikamenten und als Grundlage f\u00fcr viele pharmazeutische Pr\u00e4parate.<\/li>\n<li><strong>Lebensmittelindustrie:<\/strong> Bei der Herstellung von Getr\u00e4nken und als Bestandteil hochwertiger Lebensmittel.<\/li>\n<li><strong>Labor Anwendungen:<\/strong> Wo reines Wasser die Grundlage f\u00fcr viele Experimente und Analysen bildet.<\/li>\n<\/ul>\n<p>[\/vc_column_text][vc_empty_space][\/vc_column][\/vc_row][vc_row][vc_column][vc_column_text css=&#8220;.vc_custom_1738753818181{padding-right: 30px !important;padding-left: 30px !important;}&#8220;]\u010cabar Plast Tanks f\u00fcr DI-Wasser stellen eine optimale L\u00f6sung f\u00fcr die Lagerung von entionisiertem Wasser in verschiedenen industriellen Anwendungen dar. Ihre Konstruktion und ihr Material gew\u00e4hrleisten Haltbarkeit, Sicherheit und Sauberkeit des gelagerten Wassers, w\u00e4hrend Anpassungsf\u00e4higkeit und verschiedene Ausstattungsoptionen es den Benutzern erm\u00f6glichen, genau das zu bekommen, was sie f\u00fcr ihre spezifischen Anforderungen ben\u00f6tigen.<\/p>\n<p>Ob es um die Lagerung gro\u00dfer oder kleiner Mengen an DI-Wasser geht, \u010cabar Plast bietet zuverl\u00e4ssige und effiziente L\u00f6sungen, die h\u00f6chsten Qualit\u00e4ts- und Sicherheitsstandards entsprechen.<br \/>\n[\/vc_column_text][vc_empty_space][\/vc_column][\/vc_row][vc_row full_width=&#8220;stretch_row_content_no_spaces&#8220;][vc_column][vc_column_text]<img loading=\"lazy\" decoding=\"async\" class=\"aligncenter wp-image-232 size-full\" src=\"https:\/\/cabarplast.com\/wp-content\/uploads\/2024\/03\/footer-4.png\" alt=\"\" width=\"1919\" height=\"50\" srcset=\"https:\/\/cabarplast.com\/wp-content\/uploads\/2024\/03\/footer-4.png 1919w, https:\/\/cabarplast.com\/wp-content\/uploads\/2024\/03\/footer-4-300x8.png 300w, https:\/\/cabarplast.com\/wp-content\/uploads\/2024\/03\/footer-4-1024x27.png 1024w, https:\/\/cabarplast.com\/wp-content\/uploads\/2024\/03\/footer-4-768x20.png 768w, https:\/\/cabarplast.com\/wp-content\/uploads\/2024\/03\/footer-4-1536x40.png 1536w\" sizes=\"auto, (max-width: 1919px) 100vw, 1919px\" \/>[\/vc_column_text][\/vc_column][\/vc_row]<\/p>\n<\/div>","protected":false},"excerpt":{"rendered":"<p>[vc_row][vc_column width=&#8220;1\/2&#8243;][\/vc_column][vc_column width=&#8220;1\/2&#8243; css=&#8220;.vc_custom_1709671835767{border-left-width: 1px !important;padding-right: 30px !important;padding-bottom: 30px !important;padding-left: 30px !important;border-left-color: #0e415f !important;border-left-style: solid !important;}&#8220;][vc_column_text css=&#8220;&#8220;] Tanks f\u00fcr entionisiertes Wasser &nbsp; \u010cabar Plast ist ein f\u00fchrender Hersteller von hochwertigen Kunststofftanks und -beh\u00e4ltern, einschlie\u00dflich solcher, die f\u00fcr die Lagerung von entionisiertem (DI) Wasser bestimmt sind. DI-Wasser, das f\u00fcr seine au\u00dfergew\u00f6hnliche Reinheit und das Fehlen von&hellip;<\/p>\n","protected":false},"author":1,"featured_media":0,"parent":0,"menu_order":0,"comment_status":"closed","ping_status":"closed","template":"","meta":{"footnotes":""},"class_list":["post-3449","page","type-page","status-publish","hentry","description-off"],"_links":{"self":[{"href":"https:\/\/cabarplast.com\/de\/wp-json\/wp\/v2\/pages\/3449","targetHints":{"allow":["GET"]}}],"collection":[{"href":"https:\/\/cabarplast.com\/de\/wp-json\/wp\/v2\/pages"}],"about":[{"href":"https:\/\/cabarplast.com\/de\/wp-json\/wp\/v2\/types\/page"}],"author":[{"embeddable":true,"href":"https:\/\/cabarplast.com\/de\/wp-json\/wp\/v2\/users\/1"}],"replies":[{"embeddable":true,"href":"https:\/\/cabarplast.com\/de\/wp-json\/wp\/v2\/comments?post=3449"}],"version-history":[{"count":2,"href":"https:\/\/cabarplast.com\/de\/wp-json\/wp\/v2\/pages\/3449\/revisions"}],"predecessor-version":[{"id":3452,"href":"https:\/\/cabarplast.com\/de\/wp-json\/wp\/v2\/pages\/3449\/revisions\/3452"}],"wp:attachment":[{"href":"https:\/\/cabarplast.com\/de\/wp-json\/wp\/v2\/media?parent=3449"}],"curies":[{"name":"wp","href":"https:\/\/api.w.org\/{rel}","templated":true}]}}