{"id":3442,"date":"2024-03-04T21:01:57","date_gmt":"2024-03-04T21:01:57","guid":{"rendered":"https:\/\/cabarplast.com\/plasticni-rezervoari\/"},"modified":"2025-12-02T11:50:59","modified_gmt":"2025-12-02T11:50:59","slug":"kunststofftanks","status":"publish","type":"page","link":"https:\/\/cabarplast.com\/de\/kunststofftanks\/","title":{"rendered":"Kunststofftanks"},"content":{"rendered":"<div class=\"wpb-content-wrapper\"><p>[vc_row][vc_column css=&#8220;.vc_custom_1710099881337{padding-right: 30px !important;padding-left: 30px !important;}&#8220;][vc_column_text css=&#8220;&#8220;]<\/p>\n<h1>Kunststofftanks<\/h1>\n<p>Kunststofftanks werden aus hochwertigen Polymermaterialien hergestellt und sind f\u00fcr die Lagerung verschiedener Fl\u00fcssigkeiten wie Wasser, Chemikalien, Kraftstoffe und anderer Substanzen bestimmt.[\/vc_column_text][vc_empty_space height=&#8220;50&#8243;][\/vc_column][\/vc_row][vc_row][vc_column][vc_row_inner][vc_column_inner width=&#8220;1\/3&#8243;][vc_column_text css=&#8220;&#8220;]<a href=\"https:\/\/cabarplast.com\/de\/vertikale-kunststofftanks\/\"><img loading=\"lazy\" decoding=\"async\" class=\"size-medium wp-image-4560 aligncenter\" src=\"https:\/\/cabarplast.com\/wp-content\/uploads\/2025\/12\/Vertikalni-plasticni-rezervoari-14-300x300.jpg\" alt=\"\" width=\"300\" height=\"300\" srcset=\"https:\/\/cabarplast.com\/wp-content\/uploads\/2025\/12\/Vertikalni-plasticni-rezervoari-14-300x300.jpg 300w, https:\/\/cabarplast.com\/wp-content\/uploads\/2025\/12\/Vertikalni-plasticni-rezervoari-14-150x150.jpg 150w, https:\/\/cabarplast.com\/wp-content\/uploads\/2025\/12\/Vertikalni-plasticni-rezervoari-14.jpg 600w\" sizes=\"auto, (max-width: 300px) 100vw, 300px\" \/><\/a>[\/vc_column_text][\/vc_column_inner][vc_column_inner width=&#8220;2\/3&#8243; css=&#8220;.vc_custom_1710101146731{border-left-width: 1px !important;padding-right: 30px !important;padding-left: 30px !important;border-left-color: #0e415f !important;border-left-style: solid !important;}&#8220;][vc_column_text css=&#8220;&#8220;]<\/p>\n<p style=\"font-size: 25px;\"><strong>Vertikale<\/strong> Kunststofftanks<\/p>\n<p>&nbsp;<\/p>\n<p>Die vertikalen Kunststofftanks von \u010cabar Plast haben eine zylindrische Form und eignen sich ideal zur Lagerung gro\u00dfer Fl\u00fcssigkeitsmengen auf begrenztem Raum.[\/vc_column_text][vc_empty_space height=&#8220;20&#8243;]<a href=\"https:\/\/cabarplast.com\/de\/vertikale-kunststofftanks\/\" class=\"btn-shortcode dt-btn-m dt-btn default-btn-color default-btn-hover-color default-btn-bg-color default-btn-bg-hover-color\" id=\"dt-btn-1\"><span>Mehr sehen<\/span><\/a>[\/vc_column_inner][\/vc_row_inner][vc_empty_space height=&#8220;30&#8243;][vc_row_inner][vc_column_inner width=&#8220;2\/3&#8243; css=&#8220;.vc_custom_1710101124194{border-left-width: 1px !important;padding-right: 30px !important;padding-left: 30px !important;border-left-color: #0e415f !important;border-left-style: solid !important;}&#8220;][vc_column_text css=&#8220;&#8220;]<\/p>\n<p style=\"font-size: 25px;\"><strong>Horizontale Kunststofftanks<\/strong> f\u00fcr Wasser:<\/p>\n<p>&nbsp;<\/p>\n<p>Konzipiert f\u00fcr effiziente Lagerung und einfachen Zugang zu Wasser, eignen sie sich f\u00fcr verschiedene Anwendungen, vom Haushalt bis zum industriellen Einsatz.[\/vc_column_text][vc_empty_space height=&#8220;20&#8243;]<a href=\"https:\/\/cabarplast.com\/de\/horizontale-kunststofftanks-fuer-wasser\/\" class=\"btn-shortcode dt-btn-m dt-btn default-btn-color default-btn-hover-color default-btn-bg-color default-btn-bg-hover-color\" id=\"dt-btn-2\"><span>Mehr sehen<\/span><\/a>[\/vc_column_inner][vc_column_inner width=&#8220;1\/3&#8243;][vc_column_text]<a href=\"https:\/\/cabarplast.com\/de\/horizontale-kunststofftanks-fuer-wasser\/\"><img loading=\"lazy\" decoding=\"async\" class=\"wp-image-450 size-medium aligncenter\" src=\"https:\/\/cabarplast.com\/wp-content\/uploads\/2024\/03\/Horizontalni-plasticni-rezervoari-72-300x300.jpg\" alt=\"\" width=\"300\" height=\"300\" srcset=\"https:\/\/cabarplast.com\/wp-content\/uploads\/2024\/03\/Horizontalni-plasticni-rezervoari-72-300x300.jpg 300w, https:\/\/cabarplast.com\/wp-content\/uploads\/2024\/03\/Horizontalni-plasticni-rezervoari-72-1024x1024.jpg 1024w, https:\/\/cabarplast.com\/wp-content\/uploads\/2024\/03\/Horizontalni-plasticni-rezervoari-72-150x150.jpg 150w, https:\/\/cabarplast.com\/wp-content\/uploads\/2024\/03\/Horizontalni-plasticni-rezervoari-72-768x768.jpg 768w, https:\/\/cabarplast.com\/wp-content\/uploads\/2024\/03\/Horizontalni-plasticni-rezervoari-72.jpg 1080w\" sizes=\"auto, (max-width: 300px) 100vw, 300px\" \/><\/a>[\/vc_column_text][\/vc_column_inner][\/vc_row_inner][vc_empty_space height=&#8220;30&#8243;][vc_row_inner][vc_column_inner width=&#8220;1\/3&#8243;][vc_column_text]<a href=\"https:\/\/cabarplast.com\/de\/kunststofffaesser-fuer-wein-2\/\"><img loading=\"lazy\" decoding=\"async\" class=\"wp-image-365 size-medium aligncenter\" src=\"https:\/\/cabarplast.com\/wp-content\/uploads\/2024\/03\/Bacve-za-vino-10-300x300.jpg\" alt=\"\" width=\"300\" height=\"300\" srcset=\"https:\/\/cabarplast.com\/wp-content\/uploads\/2024\/03\/Bacve-za-vino-10-300x300.jpg 300w, https:\/\/cabarplast.com\/wp-content\/uploads\/2024\/03\/Bacve-za-vino-10-1024x1024.jpg 1024w, https:\/\/cabarplast.com\/wp-content\/uploads\/2024\/03\/Bacve-za-vino-10-150x150.jpg 150w, https:\/\/cabarplast.com\/wp-content\/uploads\/2024\/03\/Bacve-za-vino-10-768x768.jpg 768w, https:\/\/cabarplast.com\/wp-content\/uploads\/2024\/03\/Bacve-za-vino-10.jpg 1080w\" sizes=\"auto, (max-width: 300px) 100vw, 300px\" \/><\/a>[\/vc_column_text][\/vc_column_inner][vc_column_inner width=&#8220;2\/3&#8243; css=&#8220;.vc_custom_1710101146731{border-left-width: 1px !important;padding-right: 30px !important;padding-left: 30px !important;border-left-color: #0e415f !important;border-left-style: solid !important;}&#8220;][vc_column_text css=&#8220;&#8220;]<\/p>\n<p style=\"font-size: 25px;\"><strong>Kunststofftanks f\u00fcr Wein<\/strong> &#8211; Weinf\u00e4sser:<\/p>\n<p>&nbsp;<\/p>\n<p>Spezialisiert auf die Weinlagerung, erm\u00f6glichen sie die Temperaturkontrolle und die f\u00fcr die richtige Reifung des Weins erforderlichen Bedingungen.[\/vc_column_text][vc_empty_space height=&#8220;20&#8243;]<a href=\"https:\/\/cabarplast.com\/de\/kunststofffaesser-fuer-wein-2\/\" class=\"btn-shortcode dt-btn-m dt-btn default-btn-color default-btn-hover-color default-btn-bg-color default-btn-bg-hover-color\" id=\"dt-btn-3\"><span>Mehr sehen<\/span><\/a>[\/vc_column_inner][\/vc_row_inner][vc_empty_space height=&#8220;30&#8243;][vc_row_inner][vc_column_inner width=&#8220;2\/3&#8243; css=&#8220;.vc_custom_1710101124194{border-left-width: 1px !important;padding-right: 30px !important;padding-left: 30px !important;border-left-color: #0e415f !important;border-left-style: solid !important;}&#8220;][vc_column_text css=&#8220;&#8220;]<\/p>\n<p style=\"font-size: 25px;\">Kunststofftanks f\u00fcr die <strong>Brandbek\u00e4mpfung<\/strong>:<\/p>\n<p>&nbsp;<\/p>\n<p>Ausgestattet mit speziellen Funktionen zur Lagerung von Wasser, das bei der Brandbek\u00e4mpfung verwendet wird, und bieten schnellen und effizienten Zugang zu Wasser in Notfallsituationen.[\/vc_column_text][vc_empty_space height=&#8220;20&#8243;]<a href=\"https:\/\/cabarplast.com\/de\/loeschwasserbehaelter-aus-kunststoff\/\" class=\"btn-shortcode dt-btn-m dt-btn default-btn-color default-btn-hover-color default-btn-bg-color default-btn-bg-hover-color\" id=\"dt-btn-4\"><span>Mehr sehen<\/span><\/a>[\/vc_column_inner][vc_column_inner width=&#8220;1\/3&#8243;][vc_column_text css=&#8220;&#8220;]<a href=\"https:\/\/cabarplast.com\/de\/loeschwasserbehaelter-aus-kunststoff\/\"><img loading=\"lazy\" decoding=\"async\" class=\"wp-image-631 size-medium aligncenter\" src=\"https:\/\/cabarplast.com\/wp-content\/uploads\/2024\/03\/Protivpozarni-plasticni-rezervoari-7-300x300.jpg\" alt=\"\" width=\"300\" height=\"300\" srcset=\"https:\/\/cabarplast.com\/wp-content\/uploads\/2024\/03\/Protivpozarni-plasticni-rezervoari-7-300x300.jpg 300w, https:\/\/cabarplast.com\/wp-content\/uploads\/2024\/03\/Protivpozarni-plasticni-rezervoari-7-1024x1024.jpg 1024w, https:\/\/cabarplast.com\/wp-content\/uploads\/2024\/03\/Protivpozarni-plasticni-rezervoari-7-150x150.jpg 150w, https:\/\/cabarplast.com\/wp-content\/uploads\/2024\/03\/Protivpozarni-plasticni-rezervoari-7-768x768.jpg 768w, https:\/\/cabarplast.com\/wp-content\/uploads\/2024\/03\/Protivpozarni-plasticni-rezervoari-7.jpg 1080w\" sizes=\"auto, (max-width: 300px) 100vw, 300px\" \/><\/a>[\/vc_column_text][\/vc_column_inner][\/vc_row_inner][vc_empty_space height=&#8220;30&#8243;][vc_row_inner][vc_column_inner width=&#8220;1\/3&#8243;][vc_column_text]<a href=\"https:\/\/cabarplast.com\/de\/kunststoff-bewaesserungstanks\/\"><img loading=\"lazy\" decoding=\"async\" class=\"wp-image-371 size-medium aligncenter\" src=\"https:\/\/cabarplast.com\/wp-content\/uploads\/2024\/03\/Rezervoari-za-navodnjavanje-300x300.jpg\" alt=\"\" width=\"300\" height=\"300\" srcset=\"https:\/\/cabarplast.com\/wp-content\/uploads\/2024\/03\/Rezervoari-za-navodnjavanje-300x300.jpg 300w, https:\/\/cabarplast.com\/wp-content\/uploads\/2024\/03\/Rezervoari-za-navodnjavanje-1024x1024.jpg 1024w, https:\/\/cabarplast.com\/wp-content\/uploads\/2024\/03\/Rezervoari-za-navodnjavanje-150x150.jpg 150w, https:\/\/cabarplast.com\/wp-content\/uploads\/2024\/03\/Rezervoari-za-navodnjavanje-768x768.jpg 768w, https:\/\/cabarplast.com\/wp-content\/uploads\/2024\/03\/Rezervoari-za-navodnjavanje.jpg 1080w\" sizes=\"auto, (max-width: 300px) 100vw, 300px\" \/><\/a>[\/vc_column_text][\/vc_column_inner][vc_column_inner width=&#8220;2\/3&#8243; css=&#8220;.vc_custom_1710101146731{border-left-width: 1px !important;padding-right: 30px !important;padding-left: 30px !important;border-left-color: #0e415f !important;border-left-style: solid !important;}&#8220;][vc_column_text css=&#8220;&#8220;]<\/p>\n<p style=\"font-size: 25px;\">Bew\u00e4sserungstanks:<\/p>\n<p>&nbsp;<\/p>\n<p>Werden in der Landwirtschaft zur effizienten Speicherung und Verteilung von Wasser f\u00fcr die Bew\u00e4sserung eingesetzt und unterst\u00fctzen ein nachhaltiges Wasserressourcenmanagement.[\/vc_column_text][vc_empty_space height=&#8220;20&#8243;]<a href=\"https:\/\/cabarplast.com\/de\/kunststoff-bewaesserungstanks\/\" class=\"btn-shortcode dt-btn-m dt-btn default-btn-color default-btn-hover-color default-btn-bg-color default-btn-bg-hover-color\" id=\"dt-btn-5\"><span>Mehr sehen<\/span><\/a>[\/vc_column_inner][\/vc_row_inner][vc_empty_space height=&#8220;30&#8243;][vc_row_inner][vc_column_inner width=&#8220;2\/3&#8243; css=&#8220;.vc_custom_1710101124194{border-left-width: 1px !important;padding-right: 30px !important;padding-left: 30px !important;border-left-color: #0e415f !important;border-left-style: solid !important;}&#8220;][vc_column_text css=&#8220;&#8220;]<\/p>\n<p style=\"font-size: 25px;\">Regenwassertanks:<\/p>\n<p>&nbsp;<\/p>\n<p>Erm\u00f6glichen das Sammeln und Speichern von Regenwasser zur sp\u00e4teren Verwendung in G\u00e4rten, zur Reinigung und f\u00fcr andere nicht trinkbare Anwendungen.[\/vc_column_text][vc_empty_space height=&#8220;20&#8243;]<a href=\"https:\/\/cabarplast.com\/de\/regenwassertank\/\" class=\"btn-shortcode dt-btn-m dt-btn default-btn-color default-btn-hover-color default-btn-bg-color default-btn-bg-hover-color\" id=\"dt-btn-6\"><span>Mehr sehen<\/span><\/a>[\/vc_column_inner][vc_column_inner width=&#8220;1\/3&#8243;][vc_column_text]<a href=\"https:\/\/cabarplast.com\/de\/regenwassertank\/\"><img loading=\"lazy\" decoding=\"async\" class=\"wp-image-647 size-medium aligncenter\" src=\"https:\/\/cabarplast.com\/wp-content\/uploads\/2024\/03\/Rezervoar-za-kisnicu-1-300x300.jpg\" alt=\"\" width=\"300\" height=\"300\" srcset=\"https:\/\/cabarplast.com\/wp-content\/uploads\/2024\/03\/Rezervoar-za-kisnicu-1-300x300.jpg 300w, https:\/\/cabarplast.com\/wp-content\/uploads\/2024\/03\/Rezervoar-za-kisnicu-1-1024x1024.jpg 1024w, https:\/\/cabarplast.com\/wp-content\/uploads\/2024\/03\/Rezervoar-za-kisnicu-1-150x150.jpg 150w, https:\/\/cabarplast.com\/wp-content\/uploads\/2024\/03\/Rezervoar-za-kisnicu-1-768x768.jpg 768w, https:\/\/cabarplast.com\/wp-content\/uploads\/2024\/03\/Rezervoar-za-kisnicu-1.jpg 1080w\" sizes=\"auto, (max-width: 300px) 100vw, 300px\" \/><\/a>[\/vc_column_text][\/vc_column_inner][\/vc_row_inner][vc_empty_space height=&#8220;30&#8243;][vc_row_inner][vc_column_inner width=&#8220;1\/3&#8243;][vc_column_text css=&#8220;&#8220;]<a href=\"https:\/\/cabarplast.com\/de\/rechteckige-kunststoffwannen\/\"><img loading=\"lazy\" decoding=\"async\" class=\"wp-image-265 size-medium aligncenter\" src=\"https:\/\/cabarplast.com\/wp-content\/uploads\/2024\/03\/Untitled-design-1-300x300.jpg\" alt=\"\" width=\"300\" height=\"300\" srcset=\"https:\/\/cabarplast.com\/wp-content\/uploads\/2024\/03\/Untitled-design-1-300x300.jpg 300w, https:\/\/cabarplast.com\/wp-content\/uploads\/2024\/03\/Untitled-design-1-1024x1024.jpg 1024w, https:\/\/cabarplast.com\/wp-content\/uploads\/2024\/03\/Untitled-design-1-150x150.jpg 150w, https:\/\/cabarplast.com\/wp-content\/uploads\/2024\/03\/Untitled-design-1-768x768.jpg 768w, https:\/\/cabarplast.com\/wp-content\/uploads\/2024\/03\/Untitled-design-1.jpg 1080w\" sizes=\"auto, (max-width: 300px) 100vw, 300px\" \/><\/a>[\/vc_column_text][\/vc_column_inner][vc_column_inner width=&#8220;2\/3&#8243; css=&#8220;.vc_custom_1710101146731{border-left-width: 1px !important;padding-right: 30px !important;padding-left: 30px !important;border-left-color: #0e415f !important;border-left-style: solid !important;}&#8220;][vc_column_text css=&#8220;&#8220;]<\/p>\n<p style=\"font-size: 25px;\">Kunststoff-Rechteckwannen:<\/p>\n<p>&nbsp;<\/p>\n<p>Mehrzweckbeh\u00e4lter, die in verschiedenen industriellen Prozessen eingesetzt werden, einschlie\u00dflich Oberfl\u00e4chenbehandlung und Chemikalienlagerung.[\/vc_column_text][vc_empty_space height=&#8220;20&#8243;]<a href=\"https:\/\/cabarplast.com\/de\/rechteckige-kunststoffwannen\/\" class=\"btn-shortcode dt-btn-m dt-btn default-btn-color default-btn-hover-color default-btn-bg-color default-btn-bg-hover-color\" id=\"dt-btn-7\"><span>Mehr sehen<\/span><\/a>[\/vc_column_inner][\/vc_row_inner][vc_empty_space][vc_row_inner][vc_column_inner width=&#8220;2\/3&#8243; css=&#8220;.vc_custom_1710101124194{border-left-width: 1px !important;padding-right: 30px !important;padding-left: 30px !important;border-left-color: #0e415f !important;border-left-style: solid !important;}&#8220;][vc_column_text css=&#8220;&#8220;]<\/p>\n<p style=\"font-size: 25px;\">Kunststoff-Auffangwannen:<\/p>\n<p>&nbsp;<\/p>\n<p>Dienen als sekund\u00e4re Eind\u00e4mmung f\u00fcr die Lagerung gef\u00e4hrlicher Fl\u00fcssigkeiten und verhindern Umweltverschmutzung bei Leckagen aus prim\u00e4ren Lagersystemen.[\/vc_column_text][vc_empty_space height=&#8220;20&#8243;]<a href=\"https:\/\/cabarplast.com\/de\/auffangwannen-aus-kunststoff\/\" class=\"btn-shortcode dt-btn-m dt-btn default-btn-color default-btn-hover-color default-btn-bg-color default-btn-bg-hover-color\" id=\"dt-btn-8\"><span>Mehr sehen<\/span><\/a>[\/vc_column_inner][vc_column_inner width=&#8220;1\/3&#8243;][vc_column_text css=&#8220;&#8220;]<a href=\"https:\/\/cabarplast.com\/de\/auffangwannen-aus-kunststoff\/\"><img loading=\"lazy\" decoding=\"async\" class=\"wp-image-265 size-medium aligncenter\" src=\"https:\/\/cabarplast.com\/wp-content\/uploads\/2024\/03\/Untitled-design-1-300x300.jpg\" alt=\"\" width=\"300\" height=\"300\" srcset=\"https:\/\/cabarplast.com\/wp-content\/uploads\/2024\/03\/Untitled-design-1-300x300.jpg 300w, https:\/\/cabarplast.com\/wp-content\/uploads\/2024\/03\/Untitled-design-1-1024x1024.jpg 1024w, https:\/\/cabarplast.com\/wp-content\/uploads\/2024\/03\/Untitled-design-1-150x150.jpg 150w, https:\/\/cabarplast.com\/wp-content\/uploads\/2024\/03\/Untitled-design-1-768x768.jpg 768w, https:\/\/cabarplast.com\/wp-content\/uploads\/2024\/03\/Untitled-design-1.jpg 1080w\" sizes=\"auto, (max-width: 300px) 100vw, 300px\" \/><\/a>[\/vc_column_text][\/vc_column_inner][\/vc_row_inner][vc_empty_space][\/vc_column][\/vc_row][vc_row full_width=&#8220;stretch_row_content_no_spaces&#8220;][vc_column][vc_column_text]<img loading=\"lazy\" decoding=\"async\" class=\"aligncenter wp-image-232 size-full\" src=\"https:\/\/cabarplast.com\/wp-content\/uploads\/2024\/03\/footer-4.png\" alt=\"\" width=\"1919\" height=\"50\" srcset=\"https:\/\/cabarplast.com\/wp-content\/uploads\/2024\/03\/footer-4.png 1919w, https:\/\/cabarplast.com\/wp-content\/uploads\/2024\/03\/footer-4-300x8.png 300w, https:\/\/cabarplast.com\/wp-content\/uploads\/2024\/03\/footer-4-1024x27.png 1024w, https:\/\/cabarplast.com\/wp-content\/uploads\/2024\/03\/footer-4-768x20.png 768w, https:\/\/cabarplast.com\/wp-content\/uploads\/2024\/03\/footer-4-1536x40.png 1536w\" sizes=\"auto, (max-width: 1919px) 100vw, 1919px\" \/>[\/vc_column_text][\/vc_column][\/vc_row]<\/p>\n<\/div>","protected":false},"excerpt":{"rendered":"<p>[vc_row][vc_column css=&#8220;.vc_custom_1710099881337{padding-right: 30px !important;padding-left: 30px !important;}&#8220;][vc_column_text css=&#8220;&#8220;] Kunststofftanks Kunststofftanks werden aus hochwertigen Polymermaterialien hergestellt und sind f\u00fcr die Lagerung verschiedener Fl\u00fcssigkeiten wie Wasser, Chemikalien, Kraftstoffe und anderer Substanzen bestimmt.[\/vc_column_text][vc_empty_space height=&#8220;50&#8243;][\/vc_column][\/vc_row][vc_row][vc_column][vc_row_inner][vc_column_inner width=&#8220;1\/3&#8243;][vc_column_text css=&#8220;&#8220;][\/vc_column_text][\/vc_column_inner][vc_column_inner width=&#8220;2\/3&#8243; css=&#8220;.vc_custom_1710101146731{border-left-width: 1px !important;padding-right: 30px !important;padding-left: 30px !important;border-left-color: #0e415f !important;border-left-style: solid !important;}&#8220;][vc_column_text css=&#8220;&#8220;] Vertikale Kunststofftanks &nbsp; Die vertikalen Kunststofftanks von \u010cabar Plast haben&hellip;<\/p>\n","protected":false},"author":1,"featured_media":0,"parent":0,"menu_order":0,"comment_status":"closed","ping_status":"closed","template":"","meta":{"footnotes":""},"class_list":["post-3442","page","type-page","status-publish","hentry","description-off"],"_links":{"self":[{"href":"https:\/\/cabarplast.com\/de\/wp-json\/wp\/v2\/pages\/3442","targetHints":{"allow":["GET"]}}],"collection":[{"href":"https:\/\/cabarplast.com\/de\/wp-json\/wp\/v2\/pages"}],"about":[{"href":"https:\/\/cabarplast.com\/de\/wp-json\/wp\/v2\/types\/page"}],"author":[{"embeddable":true,"href":"https:\/\/cabarplast.com\/de\/wp-json\/wp\/v2\/users\/1"}],"replies":[{"embeddable":true,"href":"https:\/\/cabarplast.com\/de\/wp-json\/wp\/v2\/comments?post=3442"}],"version-history":[{"count":5,"href":"https:\/\/cabarplast.com\/de\/wp-json\/wp\/v2\/pages\/3442\/revisions"}],"predecessor-version":[{"id":4680,"href":"https:\/\/cabarplast.com\/de\/wp-json\/wp\/v2\/pages\/3442\/revisions\/4680"}],"wp:attachment":[{"href":"https:\/\/cabarplast.com\/de\/wp-json\/wp\/v2\/media?parent=3442"}],"curies":[{"name":"wp","href":"https:\/\/api.w.org\/{rel}","templated":true}]}}