{"id":3324,"date":"2024-03-04T21:04:18","date_gmt":"2024-03-04T21:04:18","guid":{"rendered":"https:\/\/cabarplast.com\/rezervoari-za-navodnjavanje\/"},"modified":"2025-02-03T18:03:14","modified_gmt":"2025-02-03T18:03:14","slug":"kunststoff-bewaesserungstanks","status":"publish","type":"page","link":"https:\/\/cabarplast.com\/de\/kunststoff-bewaesserungstanks\/","title":{"rendered":"Kunststoff-Bew\u00e4sserungstanks"},"content":{"rendered":"<div class=\"wpb-content-wrapper\"><p>[vc_row][vc_column width=&#8220;1\/2&#8243;]<style type=\"text\/css\" data-type=\"the7_shortcodes-inline-css\">.gallery-carousel-shortcode.gallery-carousel-shortcode-id-31b97248c183a3d4f32ebf0309f07097 .owl-nav a {\n  width: 36px;\n  height: 36px;\n  border-radius: 500px;\n}\n.dt-arrow-border-on.gallery-carousel-shortcode.gallery-carousel-shortcode-id-31b97248c183a3d4f32ebf0309f07097 .owl-nav a:not(:hover):before {\n  border-width: 0px;\n}\n.dt-arrow-hover-border-on.gallery-carousel-shortcode.gallery-carousel-shortcode-id-31b97248c183a3d4f32ebf0309f07097 .owl-nav a:hover:after {\n  border-width: 0px;\n}\n.gallery-carousel-shortcode.gallery-carousel-shortcode-id-31b97248c183a3d4f32ebf0309f07097 .owl-nav a.owl-prev {\n  top: 50%;\n  transform: translateY(calc(-50% + 0px));\n  left: -43px;\n}\n@media all and (-ms-high-contrast: none) {\n  .gallery-carousel-shortcode.gallery-carousel-shortcode-id-31b97248c183a3d4f32ebf0309f07097 .owl-nav a.owl-prev {\n    transform: translateY(-50%);\n    margin-top: 0px;\n  }\n}\n.gallery-carousel-shortcode.gallery-carousel-shortcode-id-31b97248c183a3d4f32ebf0309f07097 .owl-nav a.owl-prev i {\n  padding: 0px 0px 0px 0px;\n}\n.gallery-carousel-shortcode.gallery-carousel-shortcode-id-31b97248c183a3d4f32ebf0309f07097 .owl-nav a.owl-next {\n  top: 50%;\n  transform: translateY(calc(-50% + 0px));\n  right: -43px;\n}\n@media all and (-ms-high-contrast: none) {\n  .gallery-carousel-shortcode.gallery-carousel-shortcode-id-31b97248c183a3d4f32ebf0309f07097 .owl-nav a.owl-next {\n    transform: translateY(-50%);\n    margin-top: 0px;\n  }\n}\n.gallery-carousel-shortcode.gallery-carousel-shortcode-id-31b97248c183a3d4f32ebf0309f07097 .owl-nav a.owl-next i {\n  padding: 0px 0px 0px 0px;\n}\n.gallery-carousel-shortcode.gallery-carousel-shortcode-id-31b97248c183a3d4f32ebf0309f07097 .owl-nav i {\n  font-size: 18px;\n}\n.gallery-carousel-shortcode.gallery-carousel-shortcode-id-31b97248c183a3d4f32ebf0309f07097 .owl-nav a:not(:hover) i,\n.gallery-carousel-shortcode.gallery-carousel-shortcode-id-31b97248c183a3d4f32ebf0309f07097 .owl-nav a:not(:hover) i:before {\n  color: #ffffff;\n  background: none;\n}\n.gallery-carousel-shortcode.gallery-carousel-shortcode-id-31b97248c183a3d4f32ebf0309f07097 .owl-nav a:hover i,\n.gallery-carousel-shortcode.gallery-carousel-shortcode-id-31b97248c183a3d4f32ebf0309f07097 .owl-nav a:hover i:before {\n  color: rgba(255,255,255,0.75);\n  background: none;\n}\n.gallery-carousel-shortcode.gallery-carousel-shortcode-id-31b97248c183a3d4f32ebf0309f07097 .owl-dots {\n  top: calc(100% + 20px);\n  left: 50%;\n  transform: translateX(calc(-50% + 0px));\n}\n@media all and (-ms-high-contrast: none) {\n  .gallery-carousel-shortcode.gallery-carousel-shortcode-id-31b97248c183a3d4f32ebf0309f07097 .owl-dots {\n    transform: translateX(-50%);\n    margin-left: 0px;\n  }\n}\n.gallery-carousel-shortcode.gallery-carousel-shortcode-id-31b97248c183a3d4f32ebf0309f07097 .owl-dot {\n  width: 6px;\n  height: 6px;\n  margin: 0 5px;\n}\n@media screen and (max-width: 778px) {\n  .gallery-carousel-shortcode.gallery-carousel-shortcode-id-31b97248c183a3d4f32ebf0309f07097.hide-arrows .owl-nav a {\n    display: none;\n  }\n}\n@media screen and (max-width: 778px) {\n  .gallery-carousel-shortcode.gallery-carousel-shortcode-id-31b97248c183a3d4f32ebf0309f07097.reposition-arrows .owl-nav .owl-prev {\n    top: 50%;\n    transform: translateY(calc(-50% + 0px));\n    left: 10px;\n  }\n  .gallery-carousel-shortcode.gallery-carousel-shortcode-id-31b97248c183a3d4f32ebf0309f07097.reposition-arrows .owl-nav .owl-next {\n    top: 50%;\n    transform: translateY(calc(-50% + 0px));\n    right: 10px;\n  }\n}\n@media screen and (max-width: 778px) and all and (-ms-high-contrast: none) {\n  .gallery-carousel-shortcode.gallery-carousel-shortcode-id-31b97248c183a3d4f32ebf0309f07097.reposition-arrows .owl-nav .owl-prev {\n    transform: translateY(-50%);\n    margin-top: 0px;\n  }\n}\n@media screen and (max-width: 778px) and all and (-ms-high-contrast: none) {\n  .gallery-carousel-shortcode.gallery-carousel-shortcode-id-31b97248c183a3d4f32ebf0309f07097.reposition-arrows .owl-nav .owl-next {\n    transform: translateY(-50%);\n    margin-top: 0px;\n  }\n}\n.gallery-carousel-shortcode.gallery-carousel-shortcode-id-31b97248c183a3d4f32ebf0309f07097 figure,\n.gallery-carousel-shortcode.gallery-carousel-shortcode-id-31b97248c183a3d4f32ebf0309f07097 .rollover,\n.gallery-carousel-shortcode.gallery-carousel-shortcode-id-31b97248c183a3d4f32ebf0309f07097 img,\n.gallery-carousel-shortcode.gallery-carousel-shortcode-id-31b97248c183a3d4f32ebf0309f07097 .gallery-rollover {\n  border-radius: 0px;\n}\n.gallery-carousel-shortcode.gallery-carousel-shortcode-id-31b97248c183a3d4f32ebf0309f07097.enable-bg-rollover .gallery-rollover {\n  background: -webkit-linear-gradient();\n  background: linear-gradient();\n}\n.gallery-carousel-shortcode.gallery-carousel-shortcode-id-31b97248c183a3d4f32ebf0309f07097.enable-img-shadow .owl-stage-outer {\n  padding: 14px 0;\n}\n.gallery-carousel-shortcode.gallery-carousel-shortcode-id-31b97248c183a3d4f32ebf0309f07097.enable-bg-rollover.hover-scale figure .rollover:after {\n  background: -webkit-linear-gradient();\n  background: linear-gradient();\n}\n.gallery-carousel-shortcode.gallery-carousel-shortcode-id-31b97248c183a3d4f32ebf0309f07097.gallery-shortcode .gallery-zoom-ico {\n  width: 44px;\n  height: 44px;\n  line-height: 44px;\n  border-radius: 100px;\n  margin: -22px 0 0 -22px;\n  border-width: 0px;\n}\n.dt-icon-bg-on.gallery-carousel-shortcode.gallery-carousel-shortcode-id-31b97248c183a3d4f32ebf0309f07097.gallery-shortcode .gallery-zoom-ico {\n  background: rgba(255,255,255,0.3);\n  box-shadow: none;\n}\n.gallery-carousel-shortcode.gallery-carousel-shortcode-id-31b97248c183a3d4f32ebf0309f07097.gallery-shortcode .gallery-zoom-ico:before,\n.gallery-carousel-shortcode.gallery-carousel-shortcode-id-31b97248c183a3d4f32ebf0309f07097.gallery-shortcode .gallery-zoom-ico span {\n  font-size: 32px;\n  line-height: 44px;\n  color: #ffffff;\n  background: none;\n}\n<\/style><div class=\"owl-carousel gallery-carousel-shortcode gallery-shortcode  dt-gallery-container dt-owl-carousel-call gallery-carousel-shortcode-id-31b97248c183a3d4f32ebf0309f07097 quick-scale-img enable-bg-rollover meta-info-off dt-arrow-border-on dt-arrow-hover-border-on bullets-small-dot-stroke reposition-arrows dt-icon-bg-off arrows-bg-on disable-arrows-hover-bg arrows-hover-bg-on  vc_custom_1710024292693 hover-fade \" data-scroll-mode=\"1\" data-col-num=\"1\" data-wide-col-num=\"1\" data-laptop-col=\"1\" data-h-tablet-columns-num=\"1\" data-v-tablet-columns-num=\"1\" data-phone-columns-num=\"1\" data-col-gap=\"10\" data-stage-padding=\"0\" data-speed=\"600\" data-autoplay=\"false\" data-autoplay_speed=\"6000\" data-arrows=\"false\" data-bullet=\"true\" data-next-icon=\"icon-ar-017-r\" data-prev-icon=\"icon-ar-017-l\" data-img-shadow-size=\"12px\" data-img-shadow-spread=\"3px\"><div data-post-id=\"3325\" data-date=\"2024-03-09T22:44:38+00:00\" data-name=\"Rezervoari za navodnjavanje\"><figure class=\"post\"><a href=\"https:\/\/cabarplast.com\/wp-content\/uploads\/2024\/03\/Rezervoari-za-navodnjavanje.jpg\" class=\"rollover dt-pswp-item layzr-bg\" data-large_image_width=\"1080\" data-large_image_height=\"1080\" data-dt-img-description=\"\" title=\"Rezervoari za navodnjavanje\"><img fetchpriority=\"high\" decoding=\"async\" class=\"preload-me owl-lazy-load aspect\" src=\"data:image\/svg+xml,%3Csvg%20xmlns%3D&#39;http%3A%2F%2Fwww.w3.org%2F2000%2Fsvg&#39;%20viewBox%3D&#39;0%200%201080%201080&#39;%2F%3E\" data-src=\"https:\/\/cabarplast.com\/wp-content\/uploads\/2024\/03\/Rezervoari-za-navodnjavanje.jpg\" data-srcset=\"https:\/\/cabarplast.com\/wp-content\/uploads\/2024\/03\/Rezervoari-za-navodnjavanje.jpg 1080w\" loading=\"eager\" style=\"--ratio: 1080 \/ 1080\" sizes=\"(max-width: 1080px) 100vw, 1080px\" alt=\"\" width=\"1080\" height=\"1080\"  \/><span class=\"gallery-rollover\"><span class=\"gallery-zoom-ico icomoon-the7-font-the7-zoom-06\"><span><\/span><\/span><\/span><\/a><\/figure><\/div><\/div>[\/vc_column][vc_column width=&#8220;1\/2&#8243; css=&#8220;.vc_custom_1709672219102{border-left-width: 1px !important;padding-right: 30px !important;padding-left: 30px !important;border-left-color: #0e415f !important;border-left-style: solid !important;}&#8220;][vc_column_text css=&#8220;&#8220;]<\/p>\n<h1>Kunststoff-<strong>Bew\u00e4sserungstanks<\/strong><\/h1>\n<p>Eine revolution\u00e4re L\u00f6sung f\u00fcr die Landwirtschaft<\/p>\n<p>Unser Kunststoff-Bew\u00e4sserungstank wurde entwickelt, um alle Anforderungen der modernen Landwirtschaft zu erf\u00fcllen und bietet eine zuverl\u00e4ssige L\u00f6sung f\u00fcr den Transport und die Verteilung von Wasser direkt auf Ihre Felder. Hergestellt aus hochwertigem Polyethylen hoher Dichte (HDPE) ist dieser Tank widerstandsf\u00e4hig gegen St\u00f6\u00dfe, Abnutzung, UV-Strahlen und extreme Temperaturen und gew\u00e4hrleistet so eine lange Lebensdauer und den Erhalt der Wasserqualit\u00e4t.[\/vc_column_text][vc_empty_space height=&#8220;20&#8243;]<a href=\"https:\/\/cabarplast.com\/de\/kontaktinformationen-cabar-plast\/\" class=\"btn-shortcode dt-btn-m dt-btn default-btn-color default-btn-hover-color default-btn-bg-color default-btn-bg-hover-color\" id=\"dt-btn-1\"><span>Kontaktieren Sie uns<\/span><\/a>[\/vc_column][\/vc_row][vc_row][vc_column][vc_empty_space height=&#8220;50&#8243;][vc_column_text css=&#8220;.vc_custom_1738605372678{padding-right: 30px !important;padding-left: 30px !important;}&#8220;]<\/p>\n<h2>Technische Spezifikationen von Bew\u00e4sserungstanks:<\/h2>\n<ul>\n<li><strong>Material:<\/strong> Polyethylen hoher Dichte (HDPE), umweltgepr\u00fcft und f\u00fcr den Kontakt mit Wasser zugelassen.<\/li>\n<li><strong>Kapazit\u00e4t:<\/strong> Erh\u00e4ltlich in verschiedenen Gr\u00f6\u00dfen, von 500 bis 10.000 Litern, um spezifischen Benutzeranforderungen gerecht zu werden.<\/li>\n<li><strong>Temperaturbereich:<\/strong> Best\u00e4ndig gegen Temperaturen von -30\u00b0C bis +60\u00b0C.<\/li>\n<li><strong>UV-Schutz:<\/strong> Das Tankmaterial enth\u00e4lt UV-Stabilisatoren, die die Lebensdauer des Produkts bei Sonneneinstrahlung verl\u00e4ngern.<\/li>\n<li><strong>Farbe:<\/strong> Standardm\u00e4\u00dfig in Gr\u00fcn oder Blau erh\u00e4ltlich, mit der M\u00f6glichkeit, die Farbe auf Anfrage anzupassen.<\/li>\n<li><strong>Anschl\u00fcsse:<\/strong> Standard-Auslassanschluss mit der M\u00f6glichkeit, Typ und Gr\u00f6\u00dfe je nach Bedarf anzupassen, einschlie\u00dflich H\u00e4hne, Ventile, Wasserstandsanzeiger und \u00dcberlaufrohre.<\/li>\n<li><strong>Zus\u00e4tzliche Funktionen:<\/strong> Option zum Hinzuf\u00fcgen von Inspektions\u00f6ffnungen, Entl\u00fcftungsrohren, Verankerungsf\u00fc\u00dfen und Leitern, je nach spezifischen Anforderungen.<\/li>\n<\/ul>\n<p>[\/vc_column_text][vc_empty_space height=&#8220;50&#8243;][\/vc_column][\/vc_row][vc_row full_width=&#8220;stretch_row_content_no_spaces&#8220;][vc_column][vc_column_text]<img loading=\"lazy\" decoding=\"async\" class=\"aligncenter wp-image-232 size-full\" src=\"https:\/\/cabarplast.com\/wp-content\/uploads\/2024\/03\/footer-4.png\" alt=\"\" width=\"1919\" height=\"50\" srcset=\"https:\/\/cabarplast.com\/wp-content\/uploads\/2024\/03\/footer-4.png 1919w, https:\/\/cabarplast.com\/wp-content\/uploads\/2024\/03\/footer-4-300x8.png 300w, https:\/\/cabarplast.com\/wp-content\/uploads\/2024\/03\/footer-4-1024x27.png 1024w, https:\/\/cabarplast.com\/wp-content\/uploads\/2024\/03\/footer-4-768x20.png 768w, https:\/\/cabarplast.com\/wp-content\/uploads\/2024\/03\/footer-4-1536x40.png 1536w\" sizes=\"auto, (max-width: 1919px) 100vw, 1919px\" \/>[\/vc_column_text][\/vc_column][\/vc_row][vc_row full_width=&#8220;stretch_row&#8220; css=&#8220;.vc_custom_1709643894007{background-color: #0e415f !important;}&#8220;][vc_column][vc_column_text css=&#8220;.vc_custom_1738605431651{padding-right: 30px !important;padding-left: 30px !important;}&#8220;]<\/p>\n<h2><span style=\"color: #fcb426;\">Einfache Installation auf Anh\u00e4ngern und Transport<\/span><\/h2>\n<p><span style=\"color: #ffffff;\">Unser Tank wurde mit besonderem Augenmerk auf einfache Installation und Transport entwickelt. Mit einem integrierten Befestigungssystem kann der Tank schnell und sicher an den meisten Standardanh\u00e4ngern befestigt werden, was eine einfache Mobilit\u00e4t und Flexibilit\u00e4t bei der Nutzung erm\u00f6glicht. Das Befestigungssystem umfasst vorinstallierte Befestigungspunkte, die die Stabilit\u00e4t des Tanks w\u00e4hrend des Transports gew\u00e4hrleisten.<br \/>\n[\/vc_column_text][vc_empty_space height=&#8220;50&#8243;][\/vc_column][\/vc_row][vc_row full_width=&#8220;stretch_row&#8220; css=&#8220;.vc_custom_1709644275584{background-color: #efefef !important;}&#8220;][vc_column][vc_column_text css=&#8220;.vc_custom_1738605595216{padding-right: 30px !important;padding-left: 30px !important;}&#8220;]<\/span><\/p>\n<h3>Der Installationsprozess umfasst die folgenden Schritte:<\/h3>\n<ul>\n<li>Positionieren Sie den Tank mithilfe von Ausrichtungsf\u00fchrungen auf dem Anh\u00e4nger, um eine genaue Platzierung zu gew\u00e4hrleisten.<\/li>\n<li>Befestigen Sie den Tank mit den mitgelieferten Befestigungspunkten, die sich einfach mit dem Anh\u00e4nger verbinden lassen.<\/li>\n<li>Schlie\u00dfen Sie die Wasserarmaturen an den Tankauslass an, wobei die M\u00f6glichkeit besteht, diese je nach Bedarf des Bew\u00e4sserungssystems anzupassen.<\/li>\n<\/ul>\n<p>Dank des modularen Aufbaus und der mitgelieferten Schnellkupplungssysteme k\u00f6nnen die Montage und Demontage des Tanks schnell und effizient ohne den Einsatz von Spezialwerkzeugen oder langwierige Verfahren erfolgen. Dies macht unseren Kunststofftank zur idealen Wahl f\u00fcr Landwirte, die ein effizientes, zuverl\u00e4ssiges und mobiles Bew\u00e4sserungssystem suchen.<\/p>\n<h3>Wie Kunststofftanks hergestellt werden und ihre Vorteile:<\/h3>\n<p>Kunststoff-Bew\u00e4sserungstanks werden unter Verwendung moderner Kunststoffverarbeitungstechnologien wie Extrusion und Rotationsformen unter Verwendung hochwertiger Materialien wie Polyethylen hoher Dichte (HDPE) hergestellt.<\/p>\n<p>Diese Technologie erm\u00f6glicht die Herstellung von robusten und widerstandsf\u00e4higen Tanks in verschiedenen Formen und Gr\u00f6\u00dfen, zugeschnitten auf die Bed\u00fcrfnisse der Benutzer.<\/p>\n<h3>Die Vorteile von Kunststofftanks gegen\u00fcber anderen Arten von Bew\u00e4sserungstanks sind zahlreich:<\/h3>\n<ul>\n<li><strong>Haltbarkeit und Witterungsbest\u00e4ndigkeit:<\/strong> Kunststofftanks sind so konzipiert, dass sie extremen Temperaturen von -30 \u00b0C bis +60 \u00b0C standhalten und gegen UV-Strahlung best\u00e4ndig sind, was ihre Lebensdauer verl\u00e4ngert.<\/li>\n<li><strong>Umweltfreundlichkeit:<\/strong> Materialien wie HDPE belasten die Umwelt nicht, sodass Kunststofftanks zur Lagerung von Wasser f\u00fcr die Bew\u00e4sserung geeignet sind.<\/li>\n<li><strong>Einfache Montage und Transport:<\/strong> Aufgrund ihres relativ geringen Gewichts im Verh\u00e4ltnis zum Volumen sind Kunststofftanks leicht zu transportieren und zu montieren.<\/li>\n<li><strong>Anpassungsf\u00e4higkeit:<\/strong> An Kunststofftanks k\u00f6nnen verschiedene Armaturen und Vorrichtungen angebracht werden, je nach den spezifischen Bed\u00fcrfnissen der Benutzer.<\/li>\n<li><strong>Wasserdichtigkeit und hygienische Sicherheit:<\/strong> Die Qualit\u00e4t der Materialien und die Fertigungstechnologie gew\u00e4hrleisten, dass das Wasser sauber und sicher f\u00fcr den Gebrauch bleibt.<\/li>\n<\/ul>\n<p>[\/vc_column_text][vc_empty_space][\/vc_column][\/vc_row][vc_row][vc_column][vc_column_text css=&#8220;.vc_custom_1738605638825{padding-top: 30px !important;padding-right: 30px !important;padding-bottom: 30px !important;padding-left: 30px !important;background-color: #0e415f !important;border-radius: 15px !important;}&#8220;]<\/p>\n<h3><span style=\"color: #fcb426;\">Unterirdische und oberirdische Tanks &#8211; Funktionalit\u00e4t und Anwendung<\/span><\/h3>\n<p><span style=\"color: #ffffff;\">Kunststoff-Bew\u00e4sserungstanks k\u00f6nnen je nach Platzbedarf und M\u00f6glichkeiten sowohl ober- als auch unterirdisch installiert werden. Unterirdische Tanks eignen sich ideal f\u00fcr die Lagerung gr\u00f6\u00dferer Wassermengen, sparen Platz an der Oberfl\u00e4che und halten das Wasser k\u00fchler, was in w\u00e4rmeren Klimazonen besonders vorteilhaft sein kann. Oberirdische Tanks hingegen erleichtern den Zugang und die Kontrolle \u00fcber das Wasser und sind oft einfacher zu installieren.<br \/>\n[\/vc_column_text][vc_empty_space][\/vc_column][\/vc_row][vc_row][vc_column][vc_column_text css=&#8220;.vc_custom_1738605699240{padding-right: 30px !important;padding-left: 30px !important;}&#8220;]<\/span><\/p>\n<h3>Zubeh\u00f6r, das den Bew\u00e4sserungsprozess erleichtert<\/h3>\n<p>Kunststofftanks k\u00f6nnen mit verschiedenen Zubeh\u00f6rteilen ausgestattet werden, die die Nutzung erleichtern und die Effizienz der Bew\u00e4sserung erh\u00f6hen. Dazu geh\u00f6ren:<\/p>\n<ul>\n<li><strong>H\u00e4hne und Ventile:<\/strong> Erm\u00f6glichen eine pr\u00e4zise Steuerung des Wasserflusses.<br \/>\nWasserstandsanzeiger: N\u00fctzlich zur \u00dcberwachung der verbleibenden Wassermenge.<\/li>\n<li><strong>\u00dcberlaufschutz:<\/strong> Verhindert Versch\u00fctten und Wasserverlust.<\/li>\n<li><strong>Inspektions\u00f6ffnungen:<\/strong> Erm\u00f6glichen eine einfache Wartung und Inspektion.<\/li>\n<li><strong>Luft\u00f6ffnungen:<\/strong> Verbessern die Luftzirkulation im Tank und verhindern die Bildung von Vakuum.<\/li>\n<li><strong>Verankerungsf\u00fc\u00dfe und Leitern:<\/strong> Erleichtern den Zugang und gew\u00e4hrleisten die Sicherheit w\u00e4hrend des Betriebs.<\/li>\n<\/ul>\n<p>Die Verwendung von Kunststofftanks, -f\u00e4ssern und -zisternen f\u00fcr die Bew\u00e4sserung stellt eine effiziente und umweltfreundliche L\u00f6sung f\u00fcr zahlreiche Herausforderungen dar, mit denen Landwirte konfrontiert sind. Ihre Anpassungsf\u00e4higkeit, Langlebigkeit und Widerstandsf\u00e4higkeit gegen verschiedene Bedingungen machen sie zur idealen Wahl f\u00fcr die moderne Landwirtschaft. Ob f\u00fcr kleine Familienbetriebe oder gro\u00dfe landwirtschaftliche Betriebe, Kunststofftanks bieten zuverl\u00e4ssige Unterst\u00fctzung bei der effizienten Bewirtschaftung der Wasserressourcen und tragen zur Nachhaltigkeit und Produktivit\u00e4t in der Landwirtschaft bei.[\/vc_column_text][vc_empty_space][\/vc_column][\/vc_row][vc_row full_width=&#8220;stretch_row_content_no_spaces&#8220;][vc_column][vc_column_text]<img loading=\"lazy\" decoding=\"async\" class=\"aligncenter wp-image-232 size-full\" src=\"https:\/\/cabarplast.com\/wp-content\/uploads\/2024\/03\/footer-4.png\" alt=\"\" width=\"1919\" height=\"50\" srcset=\"https:\/\/cabarplast.com\/wp-content\/uploads\/2024\/03\/footer-4.png 1919w, https:\/\/cabarplast.com\/wp-content\/uploads\/2024\/03\/footer-4-300x8.png 300w, https:\/\/cabarplast.com\/wp-content\/uploads\/2024\/03\/footer-4-1024x27.png 1024w, https:\/\/cabarplast.com\/wp-content\/uploads\/2024\/03\/footer-4-768x20.png 768w, https:\/\/cabarplast.com\/wp-content\/uploads\/2024\/03\/footer-4-1536x40.png 1536w\" sizes=\"auto, (max-width: 1919px) 100vw, 1919px\" \/>[\/vc_column_text][\/vc_column][\/vc_row]<\/p>\n<\/div>","protected":false},"excerpt":{"rendered":"<p>[vc_row][vc_column width=&#8220;1\/2&#8243;][\/vc_column][vc_column width=&#8220;1\/2&#8243; css=&#8220;.vc_custom_1709672219102{border-left-width: 1px !important;padding-right: 30px !important;padding-left: 30px !important;border-left-color: #0e415f !important;border-left-style: solid !important;}&#8220;][vc_column_text css=&#8220;&#8220;] Kunststoff-Bew\u00e4sserungstanks Eine revolution\u00e4re L\u00f6sung f\u00fcr die Landwirtschaft Unser Kunststoff-Bew\u00e4sserungstank wurde entwickelt, um alle Anforderungen der modernen Landwirtschaft zu erf\u00fcllen und bietet eine zuverl\u00e4ssige L\u00f6sung f\u00fcr den Transport und die Verteilung von Wasser direkt auf Ihre Felder. Hergestellt aus hochwertigem Polyethylen&hellip;<\/p>\n","protected":false},"author":1,"featured_media":0,"parent":0,"menu_order":0,"comment_status":"closed","ping_status":"closed","template":"","meta":{"footnotes":""},"class_list":["post-3324","page","type-page","status-publish","hentry","description-off"],"_links":{"self":[{"href":"https:\/\/cabarplast.com\/de\/wp-json\/wp\/v2\/pages\/3324","targetHints":{"allow":["GET"]}}],"collection":[{"href":"https:\/\/cabarplast.com\/de\/wp-json\/wp\/v2\/pages"}],"about":[{"href":"https:\/\/cabarplast.com\/de\/wp-json\/wp\/v2\/types\/page"}],"author":[{"embeddable":true,"href":"https:\/\/cabarplast.com\/de\/wp-json\/wp\/v2\/users\/1"}],"replies":[{"embeddable":true,"href":"https:\/\/cabarplast.com\/de\/wp-json\/wp\/v2\/comments?post=3324"}],"version-history":[{"count":3,"href":"https:\/\/cabarplast.com\/de\/wp-json\/wp\/v2\/pages\/3324\/revisions"}],"predecessor-version":[{"id":3328,"href":"https:\/\/cabarplast.com\/de\/wp-json\/wp\/v2\/pages\/3324\/revisions\/3328"}],"wp:attachment":[{"href":"https:\/\/cabarplast.com\/de\/wp-json\/wp\/v2\/media?parent=3324"}],"curies":[{"name":"wp","href":"https:\/\/api.w.org\/{rel}","templated":true}]}}